{"id":728124,"date":"2022-08-15T10:39:10","date_gmt":"2022-08-15T08:39:10","guid":{"rendered":"https:\/\/serenicapelli.com\/integritetspolicy\/"},"modified":"2022-08-15T10:39:10","modified_gmt":"2022-08-15T08:39:10","slug":"integritetspolicy","status":"publish","type":"page","link":"https:\/\/serenicapelli.com\/sv\/integritetspolicy\/","title":{"rendered":"Integritetspolicy"},"content":{"rendered":"<p><strong>Integritetspolicy<\/strong><\/p>\n<p>Sereni Capelli, som driver n\u00e4tbutiken www.serenicapelli.com, f\u00f6rklarar att alla personuppgifter (nedan kallade &#8221;uppgifter&#8221;) betraktas som str\u00e4ngt konfidentiella och behandlas i enlighet med g\u00e4llande lagstiftning om skydd av personuppgifter.<\/p>\n<p>S\u00e4kerheten f\u00f6r dina personuppgifter \u00e4r en prioritet f\u00f6r oss. D\u00e4rf\u00f6r \u00e4gnar vi st\u00f6rsta m\u00f6jliga uppm\u00e4rksamhet \u00e5t personuppgifter och deras skydd. I dessa principer f\u00f6r behandling av personuppgifter (&#8221;principer&#8221;) vill vi informera dig om vilka personuppgifter vi samlar in om dig och hur vi anv\u00e4nder dem i framtiden.<\/p>\n<ol>\n<li><strong>Personuppgifter och behandlingen av dem<\/strong><\/li>\n<\/ol>\n<p><strong>1.1. Kategorier av personuppgifter<\/strong><\/p>\n<p>Vi samlar in en m\u00e4ngd olika uppgifter beroende p\u00e5 vilka av v\u00e5ra tj\u00e4nster du v\u00e4ljer att anv\u00e4nda.<\/p>\n<p>Om du k\u00f6per fr\u00e5n oss samlar vi in:<\/p>\n<ul>\n<li>Namn och kontaktuppgifter. Fullst\u00e4ndigt namn, e-postadress, postadress, faktureringsadress, telefonnummer och bankfaktureringsuppgifter, betalningsinformation.<\/li>\n<li>Demografi. Information om k\u00f6n, f\u00f6delsedatum, land och \u00f6nskat spr\u00e5k.<\/li>\n<li>Uppgifter som uppst\u00e5r under avtalets l\u00f6ptid &#8211; k\u00f6pta produkter, kundsegment, volym av tillhandah\u00e5llna tj\u00e4nster.<\/li>\n<\/ul>\n<p><strong>1.2. Syftet med behandlingen av personuppgifter:<\/strong><\/p>\n<ul>\n<li><strong>Tillhandah\u00e5lla och f\u00f6rb\u00e4ttra tj\u00e4nsterna<\/strong>. F\u00f6r att kunna tillhandah\u00e5lla och f\u00f6rb\u00e4ttra v\u00e5ra tj\u00e4nster p\u00e5 ett tillfredsst\u00e4llande s\u00e4tt behandlar vi dina personuppgifter. Detta omfattar s\u00e4rskilt f\u00f6ljande:\n<ul>\n<li><strong>Behandling av best\u00e4llningar av produkter eller tj\u00e4nster<\/strong> som best\u00e4lls antingen via v\u00e5r webbplats eller via kundtelefonen. Det r\u00e4ttsliga sk\u00e4let \u00e4r att uppgifterna \u00e4r n\u00f6dv\u00e4ndiga f\u00f6r att genomf\u00f6ra k\u00f6peavtalet och att vissa uppgifter \u00e4r n\u00f6dv\u00e4ndiga f\u00f6r att uppfylla r\u00e4ttsliga skyldigheter (t.ex. bokf\u00f6ringshandlingar).<\/li>\n<li><strong>Meddelande om att produkten \u00e4r tillg\u00e4nglig<\/strong>. Om du beg\u00e4r att f\u00e5 \u00f6vervaka tillg\u00e4ngligheten av en produkt behandlar vi dina uppgifter. personuppgifter p\u00e5 grundval av ditt samtycke.<\/li>\n<li><strong>Kundtj\u00e4nst. F\u00f6r att kunna erbjuda kundservice och undanr\u00f6ja eventuella problem i  <\/strong>Vid genomf\u00f6randet av f\u00f6rs\u00e4ljningsavtalet behandlar vi personuppgifter p\u00e5 grundval av behovet av att uppfylla dessa avtal.<\/li>\n<li><strong>Kommunikation<\/strong>. Vi anv\u00e4nder de insamlade uppgifterna f\u00f6r att kommunicera med dig p\u00e5 ett personligt s\u00e4tt. Vi kan till exempel kontakta dig via telefon, e-post eller p\u00e5 annat s\u00e4tt f\u00f6r att p\u00e5minna dig om att du har produkter i din kundvagn online, f\u00f6r att hj\u00e4lpa dig att slutf\u00f6ra din best\u00e4llning, f\u00f6r att informera om den aktuella statusen f\u00f6r din ans\u00f6kan, best\u00e4llning eller ditt klagom\u00e5l, f\u00f6r att erh\u00e5lla ytterligare information, om till\u00e4mpligt, eller f\u00f6r att meddela dig att du beh\u00f6ver vidta \u00e5tg\u00e4rder f\u00f6r att h\u00e5lla ditt konto aktivt. Om du k\u00f6per fr\u00e5n oss som medlem behandlar vi dessa uppgifter p\u00e5 grund av ett legitimt intresse, som h\u00e4rr\u00f6r fr\u00e5n Sc SereniCapelli Srl:s legitima intresse enligt beskrivningen ovan.<\/li>\n<li><strong>F\u00f6rb\u00e4ttra tj\u00e4nsterna<\/strong>. Vi anv\u00e4nder data f\u00f6r att kontinuerligt f\u00f6rb\u00e4ttra v\u00e5ra tj\u00e4nster och system, inklusive att l\u00e4gga till nya funktioner, samt f\u00f6r att fatta v\u00e4lgrundade beslut med hj\u00e4lp av total analys och business intelligence, allt baserat p\u00e5 v\u00e5rt legitima intresse som h\u00e4rr\u00f6r fr\u00e5n n\u00e4ringsfrihet och behovet av att f\u00f6rb\u00e4ttra de tj\u00e4nster vi tillhandah\u00e5ller f\u00f6r att f\u00f6rbli konkurrenskraftiga. F\u00f6r att s\u00e4kerst\u00e4lla ett adekvat skydd av dina r\u00e4ttigheter och intressen kommer vi att anv\u00e4nda personuppgifter s\u00e5 anonymt som m\u00f6jligt f\u00f6r att f\u00f6rb\u00e4ttra v\u00e5ra tj\u00e4nster.<\/li>\n<\/ul>\n<\/li>\n<li><strong>Skydd, s\u00e4kerhet och tvistl\u00f6sning<\/strong>. Vi kan ocks\u00e5 behandla uppgifter p\u00e5 grund av ett legitimt intresse, vilket \u00e4r att s\u00e4kerst\u00e4lla skyddet och s\u00e4kerheten f\u00f6r v\u00e5ra system och kunder, f\u00f6r att f\u00f6rebygga och uppt\u00e4cka bedr\u00e4gerier, l\u00f6sa tvister och genomf\u00f6ra v\u00e5ra avtal, baserat p\u00e5 det legitima intresset.<\/li>\n<li><strong>Marknadsf\u00f6ringserbjudanden<\/strong>.\n<ul>\n<li>Kommersiella kommunikationer\n<ul>\n<li>Vi skickar dig kommersiell kommunikation om produkter som liknar dem du k\u00f6pte.<\/li>\n<li>Du har alltid m\u00f6jlighet att v\u00e4gra att ta emot dessa kommersiella meddelanden genom att anv\u00e4nda e-postmeddelandet <u><br \/>\n  <a href=\"mailto:contact@serenicapelli.com\">contact@serenicapelli.com<\/a><br \/>\n<\/u> f\u00f6r att avsluta prenumerationen.<\/li>\n<li>Om du avregistrerar dig fr\u00e5n kommersiella meddelanden kommer vi inte l\u00e4ngre att anv\u00e4nda dina uppgifter. elektronisk kontakt f\u00f6r dessa \u00e4ndam\u00e5l. Vi kommer endast att \u00e5teruppta anv\u00e4ndningen av dem om du registrerar dig eller om du specifikt beg\u00e4r det.<\/li>\n<\/ul>\n<\/li>\n<li>De marknadsf\u00f6ringserbjudanden som visas kan v\u00e4ljas utifr\u00e5n annan information om dig. med tiden, fr\u00e5n kontaktinformation, demografisk information, \u00f6nskade produkter och uppgifter om anv\u00e4ndningen av v\u00e5ra produkter och v\u00e5r webbplats (cookies, IP-adress, information som tillhandah\u00e5lls av din webbl\u00e4sare, klick, visade kommersiella meddelanden, bes\u00f6kta produkter). Behandlingen \u00e4r inte helt automatiserad eftersom det skulle f\u00e5 r\u00e4ttsliga konsekvenser f\u00f6r dig.<\/li>\n<li>Om du inte \u00e4r v\u00e5r kund behandlar vi uppgifter p\u00e5 grundval av ditt samtycke.<\/li>\n<li>Du har r\u00e4tt att n\u00e4r som helst och kostnadsfritt inv\u00e4nda mot s\u00e5dan behandling. Kontaktuppgifter finns i slutet av detta dokument.<\/li>\n<\/ul>\n<\/li>\n<li>Behandling av <strong>cookies p\u00e5 webbsidor <\/strong>som drivs av SC Sereni Capelli SRL\n<ul>\n<li>Om du aktiverar cookies i din webbl\u00e4sare behandlar vi beteendedata fr\u00e5n cookies som placeras p\u00e5 den webbsida som drivs av Sereni Capelli i syfte att tillhandah\u00e5lla b\u00e4ttre funktionalitet p\u00e5 webbsidan serenicapelli.com och p\u00e5 partnersidor samt i syfte att g\u00f6ra Sereni Capelli reklam p\u00e5 internet.<\/li>\n<\/ul>\n<\/li>\n<\/ul>\n<p><strong>1.3. \u00d6verf\u00f6ring av personuppgifter till tredje part<\/strong><\/p>\n<p>Din information Personuppgifter kommer endast att \u00f6verl\u00e4mnas till tredje part eller f\u00f6rmedlas p\u00e5 annat s\u00e4tt om detta \u00e4r n\u00f6dv\u00e4ndigt f\u00f6r att uppfylla f\u00f6rs\u00e4ljningsavtalet, om det grundar sig p\u00e5 ett legitimt intresse eller om du har gett ditt samtycke i f\u00f6rv\u00e4g.<\/p>\n<ul>\n<li>a) dotterbolag och bearbetningsf\u00f6retag, f\u00f6r att uppfylla f\u00f6rs\u00e4ljningsavtalet, f\u00f6r att genomf\u00f6ra interna processer och rutiner.<\/li>\n<li>b) kreditkortsf\u00f6retag, betaltj\u00e4nstleverant\u00f6rer f\u00f6r betalningshantering och banker, baserat p\u00e5 din best\u00e4llning, f\u00f6r att genomf\u00f6ra f\u00f6rs\u00e4ljningsavtalet.<\/li>\n<li>c) transportf\u00f6retag, i syfte att leverera produkter eller tj\u00e4nster som du har best\u00e4llt. och hantering av klagom\u00e5l, inklusive upps\u00e4gning av kontrakt.<\/li>\n<li>d) v\u00e5ra partners i de lojalitetsprogram som du v\u00e4ljer att delta i.<\/li>\n<li>e) andra tj\u00e4nsteleverant\u00f6rer, tredje parter som deltar i databehandlingen;<\/li>\n<li>f) till tredje part, t.ex. \u00e5klagare och domstolar, i syfte att driva in eller ing\u00e5 avtal med dig;<\/li>\n<li>g) offentliga myndigheter (t.ex. polisen)<\/li>\n<li>h) tredje part som genomf\u00f6r kundunders\u00f6kningar<\/li>\n<\/ul>\n<p>Om en tredje part anv\u00e4nder uppgifterna inom ramen f\u00f6r sitt legitima intresse tar administrat\u00f6ren inte p\u00e5 sig detta ansvar. Denna process styrs av principerna f\u00f6r behandling av personuppgifter f\u00f6r f\u00f6retag och relevanta individer.<\/p>\n<ol>\n<li><strong>Personuppgifternas s\u00e4kerhet och lagringstid<\/strong><\/li>\n<\/ol>\n<p><strong>2.1. S\u00e4kerhet f\u00f6r personuppgifter<\/strong><\/p>\n<ul>\n<li>a) Dina uppgifter \u00f6verf\u00f6rs i krypterad form. Vi anv\u00e4nder SSL-kryptering (Secure Socket Layer). Vi s\u00e4krar v\u00e5r webbplats och andra system genom tekniska och organisatoriska \u00e5tg\u00e4rder mot f\u00f6rlust eller f\u00f6rst\u00f6relse av dina uppgifter, \u00e5tkomst f\u00f6r obeh\u00f6riga personer, \u00e4ndring eller spridning.<\/li>\n<li>b) Vi kr\u00e4ver att de personuppgiftsbitr\u00e4den som vi samarbetar med bevisar att deras system uppfyller GDPR-f\u00f6rordningen.<\/li>\n<li>c) Tillg\u00e5ng till ditt konto. av kunden \u00e4r endast m\u00f6jligt efter att du har angett ditt personliga l\u00f6senord. I detta sammanhang vill vi p\u00e5minna dig om att det \u00e4r absolut n\u00f6dv\u00e4ndigt att du inte l\u00e4mnar ut dina \u00e5tkomstuppgifter till tredje part och att du efter avslutad session inte heller f\u00e5r l\u00e4mna ut dina \u00e5tkomstuppgifter till tredje part. i ditt klientkonto, st\u00e4ng alltid webbl\u00e4sarf\u00f6nstret, s\u00e4rskilt om du delar din dator med andra anv\u00e4ndare. SC SERENICAPELLI SRL \u00e4r inte ansvarig f\u00f6r missbruk av l\u00f6senord, s\u00e5vida inte situationen orsakades direkt av v\u00e5r webbplats.<\/li>\n<\/ul>\n<p><strong>3.1. Behandlingstid<\/strong><\/p>\n<p>Vi behandlar och lagrar personuppgifter<\/p>\n<ul>\n<li>under en period som \u00e4r absolut n\u00f6dv\u00e4ndig f\u00f6r att s\u00e4kerst\u00e4lla alla r\u00e4ttigheter och skyldigheter som f\u00f6ljer av k\u00f6peavtalet<\/li>\n<li>under 1 \u00e5r efter garantiperiodens slut f\u00f6r att l\u00f6sa eventuella tvister.<\/li>\n<li>s\u00e5 l\u00e4nge som SC SERENICAPELLI SRL, i egenskap av administrat\u00f6r, \u00e4r skyldig att bevara informationen i enlighet med allm\u00e4nna r\u00e4ttsliga best\u00e4mmelser. Bokf\u00f6ringshandlingar, t.ex. fakturor som utf\u00e4rdats av SC SERENICAPELLI SRL, arkiveras i enlighet med lagen i tio \u00e5r fr\u00e5n det att de utf\u00e4rdats.<\/li>\n<li>Avtalet om underr\u00e4ttelse om varors tillg\u00e4nglighet ska forts\u00e4tta att g\u00e4lla under den period d\u00e5 den inl\u00e4mnade informationen \u00e4r tillg\u00e4nglig, dock h\u00f6gst ett \u00e5r eller tills det \u00e5terkallas.<\/li>\n<li>Avtalet om marknadsf\u00f6ringserbjudanden \u00e4r giltigt i 4 \u00e5r eller tills det \u00e5terkallas.<\/li>\n<li>\u00d6versyn 6 \u00e5r<\/li>\n<li>Hj\u00e4lp till 10-\u00e5ringarna<\/li>\n<li>Kommunikation 2 \u00e5r<\/li>\n<li>T\u00e4vlingar 1 \u00e5r<\/li>\n<\/ul>\n<p>I andra fall f\u00f6ljer behandlingstiden av syftet med behandlingen eller dikteras av best\u00e4mmelserna om skydd av personuppgifter.<\/p>\n<ol>\n<li><strong>De registrerades r\u00e4ttigheter<\/strong><\/li>\n<\/ol>\n<ul>\n<li>a) Om vi behandlar dina uppgifter. personuppgifter, kan du kostnadsfritt beg\u00e4ra information om behandlingen av dina personuppgifter.<\/li>\n<li>b) Om du anser att behandlingen av dina personuppgifter inte \u00e4r f\u00f6renlig med ditt dataskydd. Om dina personuppgifter behandlas i strid med best\u00e4mmelserna om skydd av personuppgifter kan du be om f\u00f6rklaringar, beg\u00e4ra att den uppkomna situationen undanr\u00f6js och framf\u00f6r allt beg\u00e4ra r\u00e4ttelse, komplettering, radering eller blockering av personuppgifter.<\/li>\n<li>c) Om du vill ut\u00f6va dina r\u00e4ttigheter kan du kontakta dataskyddsombudet p\u00e5 <u><a href=\"mailto:contact@serenicapelli.com\">contact@serenicapelli.com;<\/a> dpo@serenicapelli.com<\/u>. Du kan ocks\u00e5 kontakta den nationella tillsynsmyndigheten f\u00f6r behandling av personuppgifter.<\/li>\n<li>d) Ditt samtycke om behandlingen av personuppgifter kan \u00e5terkallas n\u00e4r som helst. Om du \u00e5terkallar ditt samtycke till behandlingen av dina personuppgifter kommer de att raderas eller g\u00f6ras anonyma, men dessa \u00e5tg\u00e4rder p\u00e5verkar inte de personuppgifter som \u00e4r n\u00f6dv\u00e4ndiga f\u00f6r att SC SERENICAPELLI SRL ska kunna fullg\u00f6ra sina r\u00e4ttsliga skyldigheter (t.ex. att utf\u00f6ra redan gjorda best\u00e4llningar) eller f\u00f6r att skydda sina legitima intressen. Personuppgifter raderas ocks\u00e5 n\u00e4r de inte \u00e4r n\u00f6dv\u00e4ndiga f\u00f6r det avsedda \u00e4ndam\u00e5let eller om lagringen av dina uppgifter inte \u00e4r n\u00f6dv\u00e4ndig f\u00f6r det avsedda \u00e4ndam\u00e5let. \u00e4r otill\u00e5tlig av andra sk\u00e4l som anges i lagen.<\/li>\n<\/ul>\n<p><strong>5.1. Cookie<\/strong><\/p>\n<p>V\u00e5ra sidor anv\u00e4nder s\u00e5 kallade cookies f\u00f6r att g\u00f6ra v\u00e5rt erbjudande relevant, intressant och roligt f\u00f6r dig. Cookies \u00e4r sm\u00e5 textfiler som lagras p\u00e5 din dator eller smartphone. eller p\u00e5 en annan enhet och anv\u00e4nds av din webbl\u00e4sare. Webb. Vi anv\u00e4nder cookies bland annat i f\u00f6ljande syften:<\/p>\n<ul>\n<li>att kundvagnen fungerar korrekt, s\u00e5 att best\u00e4llningen kan slutf\u00f6ras s\u00e5 enkelt som m\u00f6jligt<\/li>\n<li>P\u00e5minnelse om inloggningsuppgifter s\u00e5 att de inte beh\u00f6ver anges flera g\u00e5nger.<\/li>\n<li>anpassa v\u00e5ra webbsidor s\u00e5 mycket som m\u00f6jligt till dina behov genom att \u00f6vervaka dina bes\u00f6k, dina r\u00f6relser p\u00e5 webbplatsen och de funktioner du anv\u00e4nder.<\/li>\n<li>\u00f6vervaka de annonser du tittar p\u00e5, s\u00e5 att du inte f\u00e5r se annonser f\u00f6r produkter som du inte \u00e4r intresserad av.<\/li>\n<\/ul>\n<p>Vissa cookies kan samla in information som senare anv\u00e4nds av tredje part och som till exempel direkt st\u00f6der v\u00e5r reklamverksamhet (s\u00e5 kallade &#8221;tredjepartscookies&#8221;). Till exempel kan information om produkter som k\u00f6pts p\u00e5 v\u00e5r webbplats l\u00e4mnas till en reklambyr\u00e5 f\u00f6r att visa och anpassa de banners p\u00e5 Internet som visas p\u00e5 de webbplatser du bes\u00f6ker. Observera att det inte \u00e4r m\u00f6jligt att identifiera dig. p\u00e5 grundval av dessa uppgifter.<\/p>\n<p><strong>5.2. Anv\u00e4ndning av cookies<\/strong><\/p>\n<p>De cookies som anv\u00e4nds p\u00e5 v\u00e5r webbplats kan delas in i tv\u00e5 kategorier. Kortvariga s\u00e5 kallade sessionscookies raderas s\u00e5 fort du l\u00e4mnar v\u00e5r webbplats. L\u00e5ngvariga s\u00e5 kallade &#8221;permanenta cookies&#8221; lagras p\u00e5 din enhet. mycket l\u00e4ngre eller tills du raderar dem manuellt (hur l\u00e4nge cookies finns kvar p\u00e5 din enhet beror p\u00e5 hur de \u00e4r inst\u00e4llda och p\u00e5 inst\u00e4llningarna i din webbl\u00e4sare).<\/p>\n<p>Cookies kan ocks\u00e5 klassificeras efter funktionalitet:<\/p>\n<ul>\n<li>Analyser, som hj\u00e4lper oss att f\u00f6rb\u00e4ttra anv\u00e4ndarupplevelsen p\u00e5 v\u00e5r webbplats, eftersom vi f\u00f6rst\u00e5r hur anv\u00e4ndarna anv\u00e4nder den.<\/li>\n<li>konverteringsm\u00e5tt, som g\u00f6r det m\u00f6jligt f\u00f6r oss att analysera de olika f\u00f6rs\u00e4ljningskanalernas resultat.<\/li>\n<li>Sp\u00e5rning, som i kombination med konverteringssp\u00e5rning hj\u00e4lper till att analysera de olika f\u00f6rs\u00e4ljningskanalernas resultat.<\/li>\n<li>remarketing, som anv\u00e4nds f\u00f6r att anpassa annonsinneh\u00e5llet och rikta annonser korrekt.<\/li>\n<li>viktigt, viktigt f\u00f6r webbplatsens grundl\u00e4ggande funktionalitet<\/li>\n<\/ul>\n<p><strong>5.3. Avvisa cookie-filer<\/strong><\/p>\n<p>Du kan st\u00e4lla in anv\u00e4ndningen av cookies i din webbl\u00e4sare. Internet. Som standard accepterar de flesta webbl\u00e4sare automatiskt cookies. Med din webbl\u00e4sare kan du v\u00e4gra dessa cookies eller begr\u00e4nsa dem till vissa typer som du specifikt v\u00e4ljer.<\/p>\n<p>Information om webbl\u00e4sare och inst\u00e4llningar f\u00f6r cookies finns p\u00e5 f\u00f6ljande webbsidor eller i andra webbl\u00e4sarfiler<\/p>\n<ul>\n<li><a href=\"https:\/\/support.google.com\/accounts\/answer\/61416?hl=ro&amp;co=GENIE.Platform%3DDesktop&amp;oco=1\">Krom<\/a><\/li>\n<li><a href=\"https:\/\/support.mozilla.org\/ro\/kb\/activarea-si-dezactivarea-cookie-urilor\">Firefox<\/a><\/li>\n<li><a href=\"https:\/\/support.microsoft.com\/ro-ro\/help\/17442\/windows-internet-explorer-delete-manage-cookies\">Internet Explorer<\/a><\/li>\n<li><a href=\"https:\/\/support.google.com\/accounts\/answer\/61416?hl=ro&amp;co=GENIE.Platform%3DAndroid&amp;oco=1\">Android<\/a><\/li>\n<\/ul>\n<p><strong> <\/strong><\/p>\n<p><strong>5.4. L\u00e4nkar<\/strong><\/p>\n<p>V\u00e5r webbplats inneh\u00e5ller l\u00e4nkar till andra webbplatser som \u00e4r praktiska och inneh\u00e5ller anv\u00e4ndbar information. Observera att dessa webbplatser kan \u00e4gas och drivas av andra f\u00f6retag och organisationer som kan ha olika s\u00e4kerhets- och sekretesspolicyer. V\u00e5rt f\u00f6retag har ingen kontroll \u00f6ver och tar inget ansvar f\u00f6r information, material, produkter eller tj\u00e4nster som ing\u00e5r i eller \u00e4r tillg\u00e4ngliga via dessa webbsidor.<\/p>\n<ol>\n<li><strong>Kontakta oss<\/strong><\/li>\n<\/ol>\n<p>Om du har fr\u00e5gor, kommentarer eller \u00f6nskem\u00e5l om dessa principer kan du kontakta oss p\u00e5 den adress eller kundtj\u00e4nstlinje som anges l\u00e4ngst ner i dessa principer &#8211; eller via e-post.<\/p>\n<p>Kontakta dataskyddsombudet: <u><br \/>\n  <a href=\"mailto:dpo@serenicapelli.com\">dpo@serenicapelli.com<\/a><br \/>\n<\/u>; contact@serenicapelli.com<\/p>\n<p>Sc Sereni Capelli Srl (Sereni Capelli)<\/p>\n<ol>\n<li><strong>Validitet<\/strong><\/li>\n<\/ol>\n<p>Dessa integritetsprinciper tr\u00e4der i kraft den 01.05.2018.<\/p>\n","protected":false},"excerpt":{"rendered":"<p>Integritetspolicy Sereni Capelli, som driver n\u00e4tbutiken www.serenicapelli.com, f\u00f6rklarar att alla personuppgifter (nedan kallade &#8221;uppgifter&#8221;) betraktas som str\u00e4ngt konfidentiella och behandlas i enlighet med g\u00e4llande lagstiftning om skydd av personuppgifter. S\u00e4kerheten f\u00f6r dina personuppgifter \u00e4r en prioritet f\u00f6r oss. D\u00e4rf\u00f6r \u00e4gnar vi st\u00f6rsta m\u00f6jliga uppm\u00e4rksamhet \u00e5t personuppgifter och deras skydd. I dessa principer f\u00f6r behandling av [&hellip;]<\/p>\n","protected":false},"author":1,"featured_media":0,"parent":0,"menu_order":0,"comment_status":"closed","ping_status":"closed","template":"","meta":{"footnotes":""},"class_list":["post-728124","page","type-page","status-publish","hentry"],"_links":{"self":[{"href":"https:\/\/serenicapelli.com\/sv\/wp-json\/wp\/v2\/pages\/728124","targetHints":{"allow":["GET"]}}],"collection":[{"href":"https:\/\/serenicapelli.com\/sv\/wp-json\/wp\/v2\/pages"}],"about":[{"href":"https:\/\/serenicapelli.com\/sv\/wp-json\/wp\/v2\/types\/page"}],"author":[{"embeddable":true,"href":"https:\/\/serenicapelli.com\/sv\/wp-json\/wp\/v2\/users\/1"}],"replies":[{"embeddable":true,"href":"https:\/\/serenicapelli.com\/sv\/wp-json\/wp\/v2\/comments?post=728124"}],"version-history":[{"count":0,"href":"https:\/\/serenicapelli.com\/sv\/wp-json\/wp\/v2\/pages\/728124\/revisions"}],"wp:attachment":[{"href":"https:\/\/serenicapelli.com\/sv\/wp-json\/wp\/v2\/media?parent=728124"}],"curies":[{"name":"wp","href":"https:\/\/api.w.org\/{rel}","templated":true}]}}