{"id":728117,"date":"2021-09-22T07:20:57","date_gmt":"2021-09-22T05:20:57","guid":{"rendered":"https:\/\/serenicapelli.com\/atervandandepolicy\/"},"modified":"2023-04-01T18:39:49","modified_gmt":"2023-04-01T16:39:49","slug":"atervandandepolicy","status":"publish","type":"page","link":"https:\/\/serenicapelli.com\/sv\/atervandandepolicy\/","title":{"rendered":"\u00c5terv\u00e4ndandepolicy"},"content":{"rendered":"<p>Du har enligt lag r\u00e4tt att fr\u00e5ntr\u00e4da ett avtal som ing\u00e5tts p\u00e5 internet eller per telefon, utan att ange n\u00e5gra sk\u00e4l, inom 14 dagar efter leverans av produkterna.<\/p>\n<p><!-- \/wp:post-content --><\/p>\n<p><!-- wp:paragraph --><\/p>\n<p>I v\u00e5rt f\u00f6retag har varje k\u00f6pare r\u00e4tt att fr\u00e5ntr\u00e4da k\u00f6peavtalet utan anledning inom 14 dagar efter leverans av produkterna. Regeln g\u00e4ller \u00e4ven f\u00f6r k\u00f6p som g\u00f6rs i v\u00e5ra partners fysiska butiker eller partnerplattformar.<\/p>\n<p><!-- \/wp:paragraph --><\/p>\n<p><!-- wp:paragraph --><\/p>\n<p>  F\u00f6r att ut\u00f6va denna r\u00e4ttighet m\u00e5ste du meddela oss ditt beslut om att \u00e5ngra k\u00f6peavtalet inom den tidsfrist som anges ovan. Du kan kontakta oss p\u00e5 <a href=\"mailto:contact@serenicapelli.com\">contact@serenicapelli.com<\/a>  <\/p>\n<p><!-- \/wp:paragraph --><\/p>\n<p><!-- wp:paragraph --><\/p>\n<p>  Om du h\u00e4ver avtalet kommer vi att \u00e5terbetala ink\u00f6pspriset f\u00f6r oanv\u00e4nda produkter. Om du \u00e5ngrar dig inom 14 dagar efter leveransen, kommer <strong>returkostnaderna <\/strong>att b\u00e4ras av v\u00e5rt f\u00f6retag.<\/p>\n<p><!-- \/wp:paragraph --><\/p>\n<p><!-- wp:paragraph --><\/p>\n<p>De \u00e5terbetalade beloppen kommer att \u00f6verf\u00f6ras till ditt bankkonto inom 5 dagar efter det att produkterna har returnerats.<\/p>\n<p><!-- \/wp:paragraph --><\/p>\n<p><!-- wp:list {\"ordered\":true} --><\/p>\n<ol>\n<li>Det \u00e4r n\u00f6dv\u00e4ndigt att skicka produkterna omedelbart, senast 5 dagar fr\u00e5n och med datumet f\u00f6r \u00e5terkallandet.<\/li>\n<li>Observera att du kommer att h\u00e5llas ansvarig f\u00f6r eventuella v\u00e4rdeminskningar av produkterna till f\u00f6ljd av att du hanterar dem p\u00e5 n\u00e5got annat s\u00e4tt \u00e4n vad som \u00e4r n\u00f6dv\u00e4ndigt f\u00f6r att bekanta dig med produktens art, egenskaper och funktionalitet (t.ex. om du anv\u00e4nder en produkt trots att du redan har provat den). Observera ocks\u00e5 att du inte har r\u00e4tt att fr\u00e5ntr\u00e4da avtalet n\u00e4r det g\u00e4ller produkter som tillverkats enligt dina \u00f6nskem\u00e5l eller anpassade produkter (t.ex. anpassade graverade f\u00f6rpackningar), eller n\u00e4r det g\u00e4ller \u00f6ppnade och anv\u00e4nda produkter som inte kan \u00e5terl\u00e4mnas.  <strong>\u00c5terge .  <\/strong>av hygieniska sk\u00e4l (t.ex. om produkten har \u00f6ppnats och du har anv\u00e4nt en del av det kosmetiska preparatet som kommer i direkt kontakt med huden).<\/li>\n<\/ol>\n","protected":false},"excerpt":{"rendered":"<p>Du har enligt lag r\u00e4tt att fr\u00e5ntr\u00e4da ett avtal som ing\u00e5tts p\u00e5 internet eller per telefon, utan att ange n\u00e5gra sk\u00e4l, inom 14 dagar efter leverans av produkterna. I v\u00e5rt f\u00f6retag har varje k\u00f6pare r\u00e4tt att fr\u00e5ntr\u00e4da k\u00f6peavtalet utan anledning inom 14 dagar efter leverans av produkterna. Regeln g\u00e4ller \u00e4ven f\u00f6r k\u00f6p som g\u00f6rs i [&hellip;]<\/p>\n","protected":false},"author":1,"featured_media":0,"parent":0,"menu_order":0,"comment_status":"closed","ping_status":"closed","template":"","meta":{"footnotes":""},"class_list":["post-728117","page","type-page","status-publish","hentry"],"_links":{"self":[{"href":"https:\/\/serenicapelli.com\/sv\/wp-json\/wp\/v2\/pages\/728117","targetHints":{"allow":["GET"]}}],"collection":[{"href":"https:\/\/serenicapelli.com\/sv\/wp-json\/wp\/v2\/pages"}],"about":[{"href":"https:\/\/serenicapelli.com\/sv\/wp-json\/wp\/v2\/types\/page"}],"author":[{"embeddable":true,"href":"https:\/\/serenicapelli.com\/sv\/wp-json\/wp\/v2\/users\/1"}],"replies":[{"embeddable":true,"href":"https:\/\/serenicapelli.com\/sv\/wp-json\/wp\/v2\/comments?post=728117"}],"version-history":[{"count":0,"href":"https:\/\/serenicapelli.com\/sv\/wp-json\/wp\/v2\/pages\/728117\/revisions"}],"wp:attachment":[{"href":"https:\/\/serenicapelli.com\/sv\/wp-json\/wp\/v2\/media?parent=728117"}],"curies":[{"name":"wp","href":"https:\/\/api.w.org\/{rel}","templated":true}]}}