{"id":728066,"date":"2023-02-06T19:24:05","date_gmt":"2023-02-06T17:24:05","guid":{"rendered":"https:\/\/serenicapelli.com\/fragor-och-svar\/"},"modified":"2023-04-01T18:35:40","modified_gmt":"2023-04-01T16:35:40","slug":"fragor-och-svar","status":"publish","type":"page","link":"https:\/\/serenicapelli.com\/sv\/fragor-och-svar\/","title":{"rendered":"FR\u00c5GOR OCH SVAR"},"content":{"rendered":"\t\t<div data-elementor-type=\"wp-page\" data-elementor-id=\"728066\" class=\"elementor elementor-728066 elementor-727182\" data-elementor-post-type=\"page\">\n\t\t\t\t<div class=\"elementor-element elementor-element-bd2a907 e-flex e-con-boxed e-con e-parent\" data-id=\"bd2a907\" data-element_type=\"container\" data-e-type=\"container\">\n\t\t\t\t\t<div class=\"e-con-inner\">\n\t\t\t\t<div class=\"elementor-element elementor-element-d6e6f30 elementor-widget elementor-widget-text-editor\" data-id=\"d6e6f30\" data-element_type=\"widget\" data-e-type=\"widget\" data-widget_type=\"text-editor.default\">\n\t\t\t\t<div class=\"elementor-widget-container\">\n\t\t\t\t\t\t\t\t\t<h3>Fr\u00e5gor och svar<\/h3>\n<p>P\u00e5 den h\u00e4r sidan hittar du svar p\u00e5 de vanligaste fr\u00e5gorna som v\u00e5ra kunder st\u00e4ller.<\/p>\n<p>Den h\u00e4r informationen hj\u00e4lper dig att f\u00e5 b\u00e4sta m\u00f6jliga resultat n\u00e4r du anv\u00e4nder Sereni Capellis produkter.<\/p>\n<p><strong>Vilken garanti har jag f\u00f6r att produkten fungerar?<\/strong><\/p>\n<p>Sereni Capellis produkter omfattas av en 30-dagars garanti fr\u00e5n mottagningsdatum. Om du inte \u00e4r n\u00f6jd med de resultat som uppn\u00e5tts genom att anv\u00e4nda v\u00e5ra produkter i minst 15 dagar kan du kontakta oss med hj\u00e4lp av informationen p\u00e5 sidan KONTAKT s\u00e5 \u00e5terbetalar vi hela beloppet, inklusive fraktkostnader.<\/p>\n<p><strong>Kan jag ocks\u00e5 anv\u00e4nda denna produkt f\u00f6r mitt sk\u00e4gg?<\/strong><\/p>\n<p>Ja, Sereni Capelli-produkterna kan ocks\u00e5 anv\u00e4ndas f\u00f6r sk\u00e4gg, men var f\u00f6rsiktig s\u00e5 att du inte sv\u00e4ljer produkten f\u00f6r att undvika obehag. Observera att sk\u00e4ggh\u00e5ret \u00e4r mycket grovt och att du kanske inte f\u00e5r lika snabbt resultat som h\u00e5rbottenh\u00e5r. D\u00e4rf\u00f6r ber vi dig s\u00e4nka dina f\u00f6rv\u00e4ntningar lite och ha mer t\u00e5lamod.<\/p>\n<p><strong>Kan jag anv\u00e4nda denna produkt om jag \u00e4r gravid? Vad h\u00e4nder om jag ammar?<\/strong><\/p>\n<p>Sereni Capellis produkter \u00e4r tillverkade av s\u00e4kra ingredienser, s\u00e5 de utg\u00f6r ingen risk f\u00f6r barnets h\u00e4lsa.<br \/>De l\u00e4mpar sig ocks\u00e5 f\u00f6r anv\u00e4ndning under amning.<\/p>\n<p><strong>Kan jag anv\u00e4nda denna produkt om jag nyligen har f\u00e5tt ett h\u00e5rimplantat?<\/strong><\/p>\n<p>Om du nyligen har genomg\u00e5tt en h\u00e5rimplantatoperation rekommenderar vi att du v\u00e4ntar minst 6 m\u00e5nader innan du anv\u00e4nder Sereni Capelli-produkterna.<\/p>\n<p>De inneh\u00e5ller alkohol och det implanterade h\u00e5ret beh\u00f6ver tid f\u00f6r att utvecklas och st\u00e4rka sina r\u00f6tter.<\/p>\n<p>Efter 6 m\u00e5nader efter implantationen kan det dock rekommenderas att anv\u00e4nda v\u00e5ra produkter, eftersom de hj\u00e4lper till att st\u00e4rka h\u00e5ret och eliminera bakterier som kan leda till h\u00e5ravfall.<\/p>\n<p><strong>Jag \u00e4r allergisk mot f\u00e4rg. Kan jag anv\u00e4nda dessa produkter?<\/strong><\/p>\n<p>Du kan anv\u00e4nda Sereni Capelli-produkter i st\u00e4llet f\u00f6r f\u00e4rg\u00e4mnen utan att riskera att utl\u00f6sa allergi.Sereni Capelli-produkterna inneh\u00e5ller varken f\u00e4rgpigment eller oxidanter (PEROXID).<\/p>\n<p>\u00c4ven om de \u00e5terst\u00e4ller h\u00e5rets naturliga f\u00e4rg har Sereni Capelli-produkterna inget gemensamt med h\u00e5rf\u00e4rgningsmedel.<\/p>\n<p><strong>Jag har psoriasis (eller annan hudsjukdom), kan jag anv\u00e4nda denna produkt?<\/strong><\/p>\n<p>Behandlingarna &#8221;Lozione&#8221; och &#8221;Crema &#8211; Forte&#8221; inneh\u00e5ller alkohol.<br \/>Med tanke p\u00e5 komplexiteten hos denna sjukdom som kallas psoriasis och andra hudsjukdomar rekommenderar vi inte anv\u00e4ndning av behandlingar, \u00e4ven om inga biverkningar har uppst\u00e5tt i n\u00e5got av de tester som utf\u00f6rts av produktionsteamet.<\/p>\n<p>Intenso Gel&#8221; och &#8221;Shampoo&#8221; acceleratorer \u00e4r \u00e4nnu s\u00e4krare att anv\u00e4nda \u00e4n behandlingar, men anv\u00e4ndningen av dessa produkter m\u00e5ste ocks\u00e5 behandlas med stor f\u00f6rsiktighet.<\/p>\n<p><strong>Jag tar mediciner. Kan jag anv\u00e4nda den h\u00e4r produkten?<\/strong><\/p>\n<p>Anv\u00e4ndningen av Sereni Capelli-produkter i samband med andra behandlingar \u00e4r inte begr\u00e4nsad, men du b\u00f6r t\u00e4nka p\u00e5 f\u00f6ljande:<\/p>\n<ul>\n<li>Om du anv\u00e4nder ytbehandlingar som oljor, salvor, sprayer etc., anv\u00e4nd inte dessa p\u00e5 samma yta som du anv\u00e4nder &#8221;Lozione&#8221; eller &#8221;Crema-Forte&#8221;, eftersom dessa behandlingar sannolikt kommer att upph\u00e4va varandra.<\/li>\n<li>Ovanst\u00e5ende begr\u00e4nsningar g\u00e4ller inte f\u00f6r acceleratorer av typen &#8221;Shampoo&#8221; eller &#8221;Gel-Intenso&#8221;.<\/li>\n<li>N\u00e4r det g\u00e4ller l\u00e4kemedel som kan intas finns det inga restriktioner.<\/li>\n<li>Observera att vissa mediciner, s\u00e5som &#8221;Aspirin&#8221; och &#8221;Paracetamol&#8221;, minskar effekten av Sereni Capelli-behandlingar med upp till 40 %.<\/li>\n<\/ul>\n<div> <\/div>\n<p><strong>Jag \u00e4r allergisk mot flera \u00e4mnen, kan jag anv\u00e4nda den h\u00e4r produkten?<\/strong><\/p>\n<p>VI REKOMMENDERAR INTE ANV\u00c4NDNINGEN AV SERENI CAPELLIS PRODUKTER F\u00d6R PERSONER MED MULTIPLA ALLERGIER!<\/p>\n<p>Sereni Capellis produkter inneh\u00e5ller inga ingredienser som kan orsaka allergier. Den inneh\u00e5ller dock alkohol och kan orsaka hudirritation, vilket kan leda till allergi hos personer som l\u00e4tt blir allergiska.<\/p>\n<p>Personer med multipla allergier eller som blir mycket l\u00e4tt k\u00e4nsliga eller allergiska mot olika \u00e4mnen kan ibland bli allergiska \u00e4ven mot icke-allergiska \u00e4mnen\/ingredienser. F\u00f6r din s\u00e4kerhet rekommenderar vi d\u00e4rf\u00f6r inte att du anv\u00e4nder dessa produkter.<\/p>\n<p>Om du verkligen vill anv\u00e4nda v\u00e5ra produkter rekommenderar vi dock att du testar mycket l\u00e5ngsamt innan du anv\u00e4nder dem enligt instruktionerna.<\/p>\n<p><strong>HUR REKOMMENDERAR VI ATT DU G\u00c5R VIDARE?<\/strong><\/p>\n<ul>\n<li>F\u00f6rst och fr\u00e4mst b\u00f6r du se till att du har de mediciner som beh\u00f6vs f\u00f6r att bek\u00e4mpa allergier om de skulle uppst\u00e5.<\/li>\n<li>F\u00f6r din s\u00e4kerhet b\u00f6r du se till att n\u00e5gon annan person \u00e4r i rummet med dig f\u00f6r att ge dig f\u00f6rsta hj\u00e4lpen om det beh\u00f6vs eller f\u00f6r att transportera dig till sjukhus om du har en allvarlig allergi.<\/li>\n<li>Skaka sedan flaskan v\u00e4l, l\u00e4gg en mycket liten m\u00e4ngd produkt p\u00e5 underarmen och sprid ut den med fingertoppen \u00f6ver ett omr\u00e5de p\u00e5 3-4 cm.<\/li>\n<li>V\u00e4nta n\u00e5gra timmar och om inget h\u00e4nder, upprepa samma procedur p\u00e5 h\u00e5rbotten i anslutning till pannan.<\/li>\n<li>Om det inte finns n\u00e5gra tecken p\u00e5 allergi kan du applicera p\u00e5 ett st\u00f6rre omr\u00e5de och upprepa processen minst fyra g\u00e5nger med minst fyra timmars mellanrum.<\/li>\n<li>Om inga allergier uppst\u00e5r, men hudirritationer f\u00f6rekommer, ska du \u00f6verv\u00e4ga hur starka och besv\u00e4rliga dessa irritationer \u00e4r f\u00f6r att bed\u00f6ma om du vill forts\u00e4tta behandlingen.<\/li>\n<li>Hudirritation kan f\u00f6rekomma hos vissa personer och \u00e4r en normal process, men f\u00f6rsvinner efter cirka 15 anv\u00e4ndningar.<\/li>\n<li>Det \u00e4r mycket viktigt att notera skillnaden mellan hudirritation och allergi!<\/li>\n<\/ul>\n<div> <\/div>\n<p><strong>Jag har inte vitt h\u00e5r! Kan jag f\u00e5 de andra f\u00f6rm\u00e5nerna?<\/strong><\/p>\n<p>Ja! Du kan anv\u00e4nda Sereni Capellis produkter \u00e4ven om du inte har vitt h\u00e5r och njuta av alla andra f\u00f6rdelar.<br \/>Om du anv\u00e4nder Sereni Capelli-produkter n\u00e4r du inte har vita h\u00e5rstr\u00e5n kan du f\u00f6rhindra att de dyker upp.<\/p>\n<p><strong>Jag anv\u00e4nder denna produkt och min h\u00e5rbotten kliar. Varf\u00f6r?<\/strong><\/p>\n<p>Om din h\u00e5rbotten kliar n\u00e4r du anv\u00e4nder Sereni Capelli-behandlingar betyder det att det antingen finns mikrosprickor i h\u00e5rbotten som repareras, eller att du har en bakteriekoloni som kommer att avl\u00e4gsnas.<\/p>\n<p>Efter ca 2-3 veckor med v\u00e5ra behandlingar f\u00f6rsvinner kl\u00e5dan och h\u00e5rbotten \u00e4r helt l\u00e4kt.<\/p>\n<p><strong>N\u00e4r jag anv\u00e4nder den h\u00e4r produkten luktar mitt h\u00e5r illa. Varf\u00f6r?<\/strong><\/p>\n<p>N\u00e4r du har ett rikt h\u00e5r kan bakteriekolonier byggas upp i h\u00e5rbotten och till och med vandra till h\u00e5ret.<br \/>Med Sereni Capelli-produkterna angrips dessa bakterier av \u00e4mnena i v\u00e5ra produkter och &#8221;sl\u00e5r tillbaka&#8221;.<\/p>\n<p>Som ett resultat av bek\u00e4mpningen av dessa bakterier upptr\u00e4der vanligtvis en obehaglig lukt, s\u00e4rskilt kort efter applicering av produkten.<\/p>\n<p>Det tar ungef\u00e4r tre veckor innan bakterierna \u00e4r borta och lukten f\u00f6rsvinner.<\/p>\n<p>Efter dessa tre veckor b\u00f6r lukten vara n\u00e4stan helt borta, vilket \u00e4r ett tecken p\u00e5 att bakterierna har avl\u00e4gsnats.<\/p>\n<p>I s\u00e5dana fall rekommenderar vi att du forts\u00e4tter att anv\u00e4nda produkterna enligt &#8221;behandlingsschemat&#8221; i minst 5 veckor innan du \u00f6verg\u00e5r till &#8221;konsolideringsschemat&#8221;.<\/p>\n<p><strong>Min hud \u00e4r r\u00f6d och kliar. Varf\u00f6r?<\/strong><\/p>\n<p>Om din hud svider och blir r\u00f6d n\u00e4r du anv\u00e4nder Sereni Capelli-behandlingar kan du ha k\u00e4nslig hud eller lida av en hud\u00e5komma som du inte k\u00e4nner till.<br \/>Det finns dock ocks\u00e5 en m\u00f6jlighet att huden i h\u00e5rbotten inneh\u00e5ller mikrosprickor som beh\u00f6ver repareras.<\/p>\n<p>V\u00e5r rekommendation \u00e4r att f\u00f6rst f\u00f6rs\u00e4kra sig om att det inte finns n\u00e5gra andra effekter p\u00e5 huden, bortsett fr\u00e5n den initiala stickningen och rodnaden i h\u00e5rbotten.<br \/>Om inga andra effekter uppst\u00e5r och den r\u00f6da f\u00e4rgen f\u00f6rsvinner inom 2-3 timmar \u00e4r detta en normal process och b\u00f6r f\u00f6rsvinna efter cirka 15-20 anv\u00e4ndningar, eftersom h\u00e5rbotten blir mer motst\u00e5ndskraftig.<\/p>\n<p><strong>Jag anv\u00e4nder den h\u00e4r produkten, men jag ser ingen effekt.<\/strong><\/p>\n<p>Chansen att anv\u00e4nda Sereni Capelli-behandlingarna korrekt, enligt anvisningarna, i 14 dagar och inte se n\u00e5gon f\u00f6rb\u00e4ttring \u00e4r mindre \u00e4n 1 p\u00e5 100 000.<\/p>\n<p>Mer \u00e4n 99 % av de rapporterade ineffektiviteterna visade sig bero p\u00e5 ol\u00e4mplig anv\u00e4ndning av behandlingar.<\/p>\n<p>F\u00f6r att f\u00f6rs\u00e4kra dig om att du har anv\u00e4nt behandlingen p\u00e5 r\u00e4tt s\u00e4tt h\u00e4nvisar du till sidan f\u00f6r varje produkt som du anv\u00e4nder, d\u00e4r du hittar den korrekta bruksanvisningen.<\/p>\n<p>Om du har anv\u00e4nt produkterna p\u00e5 r\u00e4tt s\u00e4tt och inte f\u00e5r n\u00e5gra resultat alls, \u00e4r du en av de s\u00e4llsynta personer f\u00f6r vilka produkten helt enkelt inte kan fungera.<\/p>\n<p>Om du m\u00e4rker effekter, men de \u00e4r inte de \u00f6nskade, kan du hamna i en eller flera av f\u00f6ljande situationer:<\/p>\n<ul>\n<li>Du har inte respekterat produktens anv\u00e4ndningstider.<\/li>\n<li>Du har inte anv\u00e4nt tillr\u00e4ckligt med produkt.<\/li>\n<li>Skaka inte flaskan tillr\u00e4ckligt v\u00e4l f\u00f6re anv\u00e4ndning.<\/li>\n<li>Du har inte anv\u00e4nt produkten under en tillr\u00e4ckligt l\u00e5ng tid (normalt \u00e4r det n\u00f6dv\u00e4ndigt att anv\u00e4nda produkten enligt behandlingsschemat i 4-6 veckor utan avbrott).<\/li>\n<\/ul>\n\t\t\t\t\t\t\t\t<\/div>\n\t\t\t\t<\/div>\n\t\t\t\t\t<\/div>\n\t\t\t\t<\/div>\n\t\t\t\t<\/div>\n\t\t","protected":false},"excerpt":{"rendered":"<p>Fr\u00e5gor och svar P\u00e5 den h\u00e4r sidan hittar du svar p\u00e5 de vanligaste fr\u00e5gorna som v\u00e5ra kunder st\u00e4ller. Den h\u00e4r informationen hj\u00e4lper dig att f\u00e5 b\u00e4sta m\u00f6jliga resultat n\u00e4r du anv\u00e4nder Sereni Capellis produkter. Vilken garanti har jag f\u00f6r att produkten fungerar? Sereni Capellis produkter omfattas av en 30-dagars garanti fr\u00e5n mottagningsdatum. Om du inte [&hellip;]<\/p>\n","protected":false},"author":1,"featured_media":0,"parent":0,"menu_order":0,"comment_status":"closed","ping_status":"closed","template":"","meta":{"footnotes":""},"class_list":["post-728066","page","type-page","status-publish","hentry"],"_links":{"self":[{"href":"https:\/\/serenicapelli.com\/sv\/wp-json\/wp\/v2\/pages\/728066","targetHints":{"allow":["GET"]}}],"collection":[{"href":"https:\/\/serenicapelli.com\/sv\/wp-json\/wp\/v2\/pages"}],"about":[{"href":"https:\/\/serenicapelli.com\/sv\/wp-json\/wp\/v2\/types\/page"}],"author":[{"embeddable":true,"href":"https:\/\/serenicapelli.com\/sv\/wp-json\/wp\/v2\/users\/1"}],"replies":[{"embeddable":true,"href":"https:\/\/serenicapelli.com\/sv\/wp-json\/wp\/v2\/comments?post=728066"}],"version-history":[{"count":0,"href":"https:\/\/serenicapelli.com\/sv\/wp-json\/wp\/v2\/pages\/728066\/revisions"}],"wp:attachment":[{"href":"https:\/\/serenicapelli.com\/sv\/wp-json\/wp\/v2\/media?parent=728066"}],"curies":[{"name":"wp","href":"https:\/\/api.w.org\/{rel}","templated":true}]}}