{"id":2030041,"date":"2025-07-31T23:18:15","date_gmt":"2025-07-31T21:18:15","guid":{"rendered":"https:\/\/serenicapelli.com\/p\/lozione-shampoo-pack\/"},"modified":"2023-10-27T23:22:25","modified_gmt":"2023-10-27T21:22:25","slug":"lozione-shampoo-pack","status":"publish","type":"product","link":"https:\/\/serenicapelli.com\/sl\/izdelek\/lozione-shampoo-pack\/","title":{"rendered":"Lozione + Shampoo &#8211; Pack"},"content":{"rendered":"<div class=\"elementor-element elementor-element-4bfd4e4f elementor-widget elementor-widget-image\" data-id=\"4bfd4e4f\" data-element_type=\"widget\" data-widget_type=\"image.default\">\n<div class=\"elementor-widget-container\">\n<div class=\"elementor-image\"><\/div>\n<\/div>\n<\/div>\n<div class=\"elementor-element elementor-element-1e616552 e-flex e-con-boxed e-con e-parent\" data-id=\"1e616552\" data-element_type=\"container\" data-settings=\"{&quot;content_width&quot;:&quot;boxed&quot;}\" data-core-v316-plus=\"true\">\n<div class=\"e-con-inner\">\n<div class=\"elementor-element elementor-element-369c83e5 e-con-full e-flex e-con e-child\" data-id=\"369c83e5\" data-element_type=\"container\" data-settings=\"{&quot;content_width&quot;:&quot;full&quot;}\">\n<div class=\"elementor-element elementor-element-257fb0a0 elementor-align-center elementor-widget elementor-widget-button\" data-id=\"257fb0a0\" data-element_type=\"widget\" data-widget_type=\"button.default\">\n<div class=\"elementor-widget-container\">\n<div class=\"elementor-button-wrapper\"><a class=\"elementor-button elementor-button-link elementor-size-xl\" href=\"#buylozione\"><span class=\"elementor-button-content-wrapper\"><span class=\"elementor-button-text\">PONUDBE CEN<\/span> <\/span> <\/a><\/div>\n<\/div>\n<\/div>\n<\/div>\n<div class=\"elementor-element elementor-element-47eb87c1 e-con-full e-flex e-con e-child\" data-id=\"47eb87c1\" data-element_type=\"container\" data-settings=\"{&quot;content_width&quot;:&quot;full&quot;}\">\n<div class=\"elementor-element elementor-element-2547f59 elementor-widget elementor-widget-heading\" data-id=\"2547f59\" data-element_type=\"widget\" data-widget_type=\"heading.default\">\n<div class=\"elementor-widget-container\">\n<h3 class=\"elementor-heading-title elementor-size-default\"><span style=\"color: #003366;\">U\u010dinki in koristi<\/span><\/h3>\n<\/div>\n<\/div>\n<div class=\"elementor-element elementor-element-13893022 e-con-full e-flex e-con e-child\" data-id=\"13893022\" data-element_type=\"container\" data-settings=\"{&quot;content_width&quot;:&quot;full&quot;}\">\n<div class=\"elementor-element elementor-element-58e902fe e-con-full e-flex e-con e-child\" data-id=\"58e902fe\" data-element_type=\"container\" data-settings=\"{&quot;content_width&quot;:&quot;full&quot;}\">\n<div class=\"elementor-element elementor-element-41e0bd04 elementor-widget elementor-widget-image\" data-id=\"41e0bd04\" data-element_type=\"widget\" data-widget_type=\"image.default\">\n<div class=\"elementor-widget-container\">\n<div class=\"elementor-image\"><span style=\"color: #003366;\"><img fetchpriority=\"high\" decoding=\"async\" class=\"attachment-large size-large wp-image-2029302 entered lazyloaded\" src=\"https:\/\/serenicapelli.com\/wp-content\/uploads\/2023\/10\/Grey-hair-Before-After.jpg\" sizes=\"(max-width: 800px) 100vw, 800px\" srcset=\"https:\/\/serenicapelli.com\/wp-content\/uploads\/2023\/10\/Grey-hair-Before-After.jpg 1200w, https:\/\/serenicapelli.com\/wp-content\/uploads\/2023\/10\/Grey-hair-Before-After-600x300.jpg 600w, https:\/\/serenicapelli.com\/wp-content\/uploads\/2023\/10\/Grey-hair-Before-After-768x384.jpg 768w\" alt=\"\" width=\"800\" height=\"400\" data-lazy-srcset=\"https:\/\/serenicapelli.com\/wp-content\/uploads\/2023\/10\/Grey-hair-Before-After.jpg 1200w, https:\/\/serenicapelli.com\/wp-content\/uploads\/2023\/10\/Grey-hair-Before-After-600x300.jpg 600w, https:\/\/serenicapelli.com\/wp-content\/uploads\/2023\/10\/Grey-hair-Before-After-768x384.jpg 768w\" data-lazy-sizes=\"(max-width: 800px) 100vw, 800px\" data-lazy-src=\"https:\/\/serenicapelli.com\/wp-content\/uploads\/2023\/10\/Grey-hair-Before-After.jpg\" data-ll-status=\"loaded\" \/><\/span><\/div>\n<\/div>\n<\/div>\n<\/div>\n<div class=\"elementor-element elementor-element-50e7d3f4 e-con-full e-flex e-con e-child\" data-id=\"50e7d3f4\" data-element_type=\"container\" data-settings=\"{&quot;content_width&quot;:&quot;full&quot;}\">\n<div class=\"elementor-element elementor-element-67c42531 elementor-widget elementor-widget-image\" data-id=\"67c42531\" data-element_type=\"widget\" data-widget_type=\"image.default\">\n<div class=\"elementor-widget-container\">\n<div class=\"elementor-image\"><span style=\"color: #003366;\"><img decoding=\"async\" class=\"attachment-large size-large wp-image-2029325 entered lazyloaded\" src=\"https:\/\/serenicapelli.com\/wp-content\/uploads\/2023\/10\/hairloss-before-after.jpg\" sizes=\"(max-width: 800px) 100vw, 800px\" srcset=\"https:\/\/serenicapelli.com\/wp-content\/uploads\/2023\/10\/hairloss-before-after.jpg 1200w, https:\/\/serenicapelli.com\/wp-content\/uploads\/2023\/10\/hairloss-before-after-600x300.jpg 600w, https:\/\/serenicapelli.com\/wp-content\/uploads\/2023\/10\/hairloss-before-after-768x384.jpg 768w\" alt=\"\" width=\"800\" height=\"400\" data-lazy-srcset=\"https:\/\/serenicapelli.com\/wp-content\/uploads\/2023\/10\/hairloss-before-after.jpg 1200w, https:\/\/serenicapelli.com\/wp-content\/uploads\/2023\/10\/hairloss-before-after-600x300.jpg 600w, https:\/\/serenicapelli.com\/wp-content\/uploads\/2023\/10\/hairloss-before-after-768x384.jpg 768w\" data-lazy-sizes=\"(max-width: 800px) 100vw, 800px\" data-lazy-src=\"https:\/\/serenicapelli.com\/wp-content\/uploads\/2023\/10\/hairloss-before-after.jpg\" data-ll-status=\"loaded\" \/><\/span><\/div>\n<\/div>\n<\/div>\n<\/div>\n<\/div>\n<div class=\"elementor-element elementor-element-505dc742 elementor-widget elementor-widget-text-editor\" data-id=\"505dc742\" data-element_type=\"widget\" data-widget_type=\"text-editor.default\">\n<div class=\"elementor-widget-container\">\n<div class=\"elementor-text-editor elementor-clearfix\">\n<ul>\n<li><span style=\"color: #003366;\">Obnovi sive\/belih las nazaj v njihovo naravno barvo.<\/span><\/li>\n<li><span style=\"color: #003366;\">Pomaga lasem, da rastejo v njihovi naravni barvi, tako da ne bodo ve\u010d rasli sivi\/beli\/greji prameni.<\/span><\/li>\n<li><span style=\"color: #003366;\">Za dame lahko ustvari naravni balayage.<\/span><\/li>\n<\/ul>\n<\/div>\n<\/div>\n<\/div>\n<div class=\"elementor-element elementor-element-21907a43 e-flex e-con-boxed e-con e-child\" data-id=\"21907a43\" data-element_type=\"container\" data-settings=\"{&quot;content_width&quot;:&quot;boxed&quot;}\">\n<div class=\"e-con-inner\">\n<div class=\"elementor-element elementor-element-18c4e726 e-con-full e-flex e-con e-child\" data-id=\"18c4e726\" data-element_type=\"container\" data-settings=\"{&quot;content_width&quot;:&quot;full&quot;}\">\n<div class=\"elementor-element elementor-element-207cb652 elementor-widget elementor-widget-text-editor\" data-id=\"207cb652\" data-element_type=\"widget\" data-widget_type=\"text-editor.default\">\n<div class=\"elementor-widget-container\">\n<div class=\"elementor-text-editor elementor-clearfix\">\n<ul>\n<li><span style=\"color: #003366;\">Zdravi in ustavi izpadanje las.<\/span><\/li>\n<li><span style=\"color: #003366;\">Zdravi in prepre\u010duje alopecijo.<\/span><\/li>\n<li><span style=\"color: #003366;\">Obnavlja lase.<\/span><\/li>\n<li><span style=\"color: #003366;\">Zgosti lase.<\/span><\/li>\n<li><span style=\"color: #003366;\">Pomaga pri zgostitvi las.<\/span><\/li>\n<li><span style=\"color: #003366;\">Zdravi in prepre\u010duje prhljaj.<\/span><\/li>\n<li><span style=\"color: #003366;\">Zdravi in prepre\u010duje dermatitis.<\/span><\/li>\n<\/ul>\n<\/div>\n<\/div>\n<\/div>\n<\/div>\n<div class=\"elementor-element elementor-element-66c7373c e-con-full e-flex e-con e-child\" data-id=\"66c7373c\" data-element_type=\"container\" data-settings=\"{&quot;content_width&quot;:&quot;full&quot;}\">\n<div class=\"elementor-element elementor-element-4c6d740f elementor-widget elementor-widget-text-editor\" data-id=\"4c6d740f\" data-element_type=\"widget\" data-widget_type=\"text-editor.default\">\n<div class=\"elementor-widget-container\">\n<div class=\"elementor-text-editor elementor-clearfix\">\n<ul>\n<li><span style=\"color: #003366;\">Zdravi in prepre\u010duje prhljaj.<\/span><\/li>\n<li><span style=\"color: #003366;\">Zdravi neprijetne vonjave.<\/span><\/li>\n<li><span style=\"color: #003366;\">Odstrani in prepre\u010duje bakterije.<\/span><\/li>\n<li><span style=\"color: #003366;\">Zdravi in prepre\u010duje Malassezio.<\/span><\/li>\n<li><span style=\"color: #003366;\">Zdravi in prepre\u010duje glive.<\/span><\/li>\n<li><span style=\"color: #003366;\">Pove\u010duje sijaj las.<\/span><\/li>\n<li><span style=\"color: #003366;\">Pove\u010duje barvo las.<\/span><\/li>\n<\/ul>\n<\/div>\n<\/div>\n<\/div>\n<\/div>\n<\/div>\n<\/div>\n<div class=\"elementor-element elementor-element-2b8ae5db elementor-widget elementor-widget-text-editor\" data-id=\"2b8ae5db\" data-element_type=\"widget\" data-widget_type=\"text-editor.default\">\n<div class=\"elementor-widget-container\">\n<div class=\"elementor-text-editor elementor-clearfix\">\n<ul>\n<li><span style=\"color: #003366;\">Ta tretma je izjemno u\u010dinkovit za posameznike z lasmi dalj\u0161imi od 10 cm!<\/span><\/li>\n<li><span style=\"color: #003366;\">Za lase kraj\u0161e od 10 cm uporabite <strong><a style=\"color: #003366;\" href=\"https:\/\/serenicapelli.com\/sl\/cremaforte\">CREMA FORTE<\/a><\/strong> za maksimalno u\u010dinkovitost.<\/span><\/li>\n<li><span style=\"color: #003366;\">Namesto Crema Forte lahko uporabite <strong>Lozione<\/strong>, tudi <strong>za brado<\/strong>, vendar bo nekoliko te\u017eje za nana\u0161anje.<\/span><\/li>\n<\/ul>\n<\/div>\n<\/div>\n<\/div>\n<\/div>\n<\/div>\n<\/div>\n<div class=\"elementor-element elementor-element-28dbf95d e-flex e-con-boxed e-con e-parent\" data-id=\"28dbf95d\" data-element_type=\"container\" data-settings=\"{&quot;content_width&quot;:&quot;boxed&quot;}\" data-core-v316-plus=\"true\">\n<div class=\"e-con-inner\">\n<div class=\"elementor-element elementor-element-73df1b5e elementor-widget elementor-widget-text-editor\" data-id=\"73df1b5e\" data-element_type=\"widget\" data-widget_type=\"text-editor.default\">\n<div class=\"elementor-widget-container\">\n<div class=\"elementor-text-editor elementor-clearfix\">\n<h3><span style=\"color: #003366;\">KAJ JE LOZIONE?<\/span><\/h3>\n<p><span style=\"color: #003366;\">Lozione Hair Elixir je negovalno sredstvo za lase in lasi\u0161\u010de, zasnovano za negovanje in pomlajevanje. Z uporabo tega tretmaja bosta va\u0161e lasi\u0161\u010de in lasje pomlajena za desetletja, re\u0161ili pa se boste vseh te\u017eav z lasi\u0161\u010dem in lasmi z enim samim tretmajem. Na\u0161i stranke obi\u010dajno uporabljajo Lozione Hair Elixir za zdravljenje ene ali ve\u010d te\u017eav z lasmi in lasi\u0161\u010dem, vendar boste z upo\u0161tevanjem navodil spodaj re\u0161ili in prepre\u010dili vse te te\u017eave.<\/span><\/p>\n<h3><span style=\"color: #003366;\">KDO LAHKO UPORABLJA LOZIONE?<\/span><\/h3>\n<p><span style=\"color: #003366;\">Ta izdelek je priporo\u010dljiv samo za posameznike z lasmi, dalj\u0161imi od 10 cm! Tistim z lasmi kraj\u0161imi od 10 cm priporo\u010damo <strong><a style=\"color: #003366;\" href=\"https:\/\/serenicapelli.com\/sl\/cremaforte\">CREMA FORTE<\/a><\/strong>, ki ima enak u\u010dinek, vendar je veliko bolj u\u010dinkovita in enostavna za uporabo pri osebah z kratkimi lasmi.<\/span><\/p>\n<ul>\n<li><span style=\"color: #003366;\">Kakr\u0161na koli oseba (tako dame kot gospodje) med 18. in 99. letom.<\/span><\/li>\n<li><span style=\"color: #003366;\">Nose\u010de ali doje\u010de \u017eenske.<\/span><\/li>\n<li><span style=\"color: #003366;\">Posamezniki z alergijami ali ob\u010dutljivostjo na barvila, amonijak, oksidante, itd.<\/span><\/li>\n<li><span style=\"color: #003366;\">Posamezniki z vsemi vrstami alergij.<\/span><\/li>\n<li><span style=\"color: #003366;\">Posamezniki, ki se zdravijo in jim je prepovedano barvanje las.<\/span><\/li>\n<li><span style=\"color: #003366;\">Dame, ki \u017eelijo naravno, trajno balayage brez barvanja.<\/span><\/li>\n<\/ul>\n<h3><span style=\"color: #003366;\">KAKO DELUJE?<\/span><\/h3>\n<p><span style=\"color: #003366;\">Lozione Hair Elixir Hair Treatment ni barvilo za lase in ne vsebuje pigmentov! Ta tretma vsebuje razli\u010dne hranilne snovi za lase in lasi\u0161\u010de ter ju o\u017eivlja. S pomo\u010djo o\u017eivljanja se bo va\u0161e lasi\u0161\u010de in lasje pomlajalo in dobilo mo\u010d, potrebno za re\u0161evanje vseh svojih te\u017eav, vklju\u010dno z izgubo naravne barve las. Lozione je sterilizacijski izdelek, kar pomeni, da bo uni\u010dil vse bakterije in glive, s katerimi pride v stik. Kot kon\u010dni u\u010dinek bodo va\u0161i lasje z uporabo Lozione ponovno pridobili svojo naravno barvo, rasli hitreje in prenehali izpadati zaradi nenaravnih vzrokov. Zaradi odsotnosti bakterij in gliv bodo va\u0161i lasje razvijali in izgledali bolje kot kdajkoli prej.<\/span><\/p>\n<h3><span style=\"color: #003366;\">ZAKAJ UPORABLJATI LOZIONE?<\/span><\/h3>\n<ul>\n<li><span style=\"color: #003366;\">Z uporabo Lozione Hair Elixir boste pridobili ve\u010d <strong>ob\u010dudovanja<\/strong> in <strong>spo\u0161tovanja<\/strong> od tistih okoli vas.<\/span><\/li>\n<li><span style=\"color: #003366;\">\u010ce \u017eelite postati veliko <strong>bolj privla\u010dna oseba<\/strong><\/span><\/li>\n<li><span style=\"color: #003366;\">\u010ce \u017eelite <strong>izgledati veliko mlaj\u0161e<\/strong>.<\/span><\/li>\n<li><span style=\"color: #003366;\">\u010ce se \u017eelite znebiti <strong>sivih\/belih<\/strong> las.<\/span><\/li>\n<li><span style=\"color: #003366;\">\u010ce \u017eelite <strong>bolj zdravo lasi\u0161\u010de in lase<\/strong>.<\/span><\/li>\n<li><span style=\"color: #003366;\">\u010ce \u017eelite <strong>goste, goste in sijo\u010de lase<\/strong>.<\/span><\/li>\n<li><span style=\"color: #003366;\">\u010ce se \u017eelite znebiti prhljaja ali <strong>bakterij<\/strong> in imeti zelo \u010diste lase.<\/span><\/li>\n<li><span style=\"color: #003366;\">\u010ce \u017eelite trajno <strong>prenehati izpadanje las<\/strong><\/span><\/li>\n<li><span style=\"color: #003366;\"><strong>Naravno obnavljanje<\/strong>: Lozione lahko ponudi naravno obnavljanje barve las, brez agresivnih kemikalij, ki jih pogosto najdemo v tradicionalnih barvah za lase.<\/span><\/li>\n<li><span style=\"color: #003366;\"><strong>Kakovostne sestavine<\/strong>: Izdelki iz Italije so znani po svoji kakovosti. Naravne sestavine v Lozione lahko na lase delujejo ne\u017eneje kot kateri koli drugi tretmaji na trgu.<\/span><\/li>\n<li><span style=\"color: #003366;\"><strong>Prepre\u010devanje po\u0161kodb<\/strong>: Uporaba tretmajev, ki vsebujejo naravne sestavine, kot je Lozione, lahko zmanj\u0161a tveganje za po\u0161kodbe las zaradi agresivnih kemikalij.<\/span><\/li>\n<li><span style=\"color: #003366;\"><strong>Mo\u010d in prehrana<\/strong>: Poleg ponovnega barvanja lahko Lozione pomaga krepiti in negovati lase, jih pusti mehke in svilnate.<\/span><\/li>\n<li><span style=\"color: #003366;\"><strong>Dolgoro\u010dna re\u0161itev<\/strong>: Namesto pogostega barvanja lahko Lozione ponudi dolgoro\u010dno re\u0161itev za sive lase, kar zmanj\u0161uje potrebo po pogostem ponovnem zdravljenju.<\/span><\/li>\n<li><span style=\"color: #003366;\"><strong>Prihranki<\/strong>: \u010ceprav je za\u010detna nalo\u017eba lahko vi\u0161ja, bi lahko uporaba Lozione v dolgoro\u010dnem smislu prihranila denar v primerjavi z drugimi tretmaji ali rednim barvanjem v salonu.<\/span><\/li>\n<li><span style=\"color: #003366;\"><strong>Udobje doma<\/strong>: Dejstvo, da se Lozione lahko uporablja doma, nudi dodatno udobje in se izogne naporu obiska salona.<\/span><\/li>\n<li><span style=\"color: #003366;\"><strong>Okolju prijazno<\/strong>: Ker je izdelek na osnovi naravnih sestavin, se Lozione lahko \u0161teje za bolj okolju prijazen izdelek.<\/span><\/li>\n<\/ul>\n<h3><span style=\"color: #003366;\">SESTAVINE<\/span><\/h3>\n<ul>\n<li><span style=\"color: #003366;\">Pre\u010di\u0161\u010dena voda<\/span><\/li>\n<li><span style=\"color: #003366;\">Alkohol Denat<\/span><\/li>\n<li><span style=\"color: #003366;\">Vla\u017eilni glicerin<\/span><\/li>\n<li><span style=\"color: #003366;\">Naravna sol<\/span><\/li>\n<li><span style=\"color: #003366;\">Naravni bizmut citrat<\/span><\/li>\n<li><span style=\"color: #003366;\">Koristna \u017eveplo<\/span><\/li>\n<li><span style=\"color: #003366;\">Vonj (Parfum)<\/span><\/li>\n<\/ul>\n<h3><span style=\"color: #003366;\">STRANSKI U\u010cINKI<\/span><\/h3>\n<ul>\n<li><span style=\"color: #003366;\">Ni stranskih u\u010dinkov.<\/span><\/li>\n<li><span style=\"color: #003366;\">V\u010dasih se lahko pojavijo dra\u017eenja ko\u017ee. To je normalno in se zgodi pri zelo ob\u010dutljivih lasi\u0161\u010dih ali v primerih z mikroskopskimi lezijami ko\u017ee. Po 10-15 uporabah se bodo mikrolezije zacelile, dra\u017eenja pa bodo izginila.<\/span><\/li>\n<\/ul>\n<h3><span style=\"color: #003366;\">PRAVILNA UPORABA<\/span><\/h3>\n<p><span style=\"color: #003366;\">Ne glede na razlog za uporabo tega izdelka boste imeli koristi od vseh njegovih u\u010dinkov, \u010de ga boste uporabili v skladu z navodili spodaj. <strong>NEVARNOST PREDOZIRANJA NI!<\/strong> Lozione lahko uporabljate tako pogosto in v kateri koli koli\u010dini \u017eelite, brez strahu pred predoziranjem. Edini problem, ki se pojavi pri prekomerni uporabi tega izdelka, je, da se bo hitreje porabil. Da bi vam pomagali prihraniti izdelek, vendar \u0161e vedno dose\u017eete \u017eelene rezultate, vam ponujamo idealen na\u010din uporabe spodaj, vendar lahko prilagodite uporabo glede na svoje potrebe.<\/span><\/p>\n<h4><span style=\"color: #003366;\">SPLO\u0160NE INFORMACIJE O UPORABI:<\/span><\/h4>\n<ul>\n<li><span style=\"color: #003366;\">Za prvo uporabo odvijte pokrov in odstranite pe\u010dat.<\/span><\/li>\n<li><span style=\"color: #003366;\"><strong>Pred vsako uporabo stresite steklenico eno minuto<\/strong>.<\/span><\/li>\n<li><span style=\"color: #003366;\">Izdelek prelijte skozi pokrov steklenice na lasi\u0161\u010de in ga masirajte 3-5 minut.<\/span><\/li>\n<li><span style=\"color: #003366;\">Po temeljitem masa\u017eiranju lasi\u0161\u010da ga lahko nanesete na dol\u017eino las, \u010de so sivi.<\/span><\/li>\n<li><span style=\"color: #003366;\">Po nanosu pustite lase naravno posu\u0161iti vsaj 15 minut, nato lahko uporabite su\u0161ilec za lase na najni\u017eji hitrosti.<\/span><\/li>\n<li><span style=\"color: #003366;\"><strong>NE PERITE LAS ZA NAJMANJ 6 UR PO UPORABI IZDELKA!<\/strong><\/span><\/li>\n<li><span style=\"color: #003366;\">Na dneh, ko si umijete lase, izdelek nanesite po kopanju, <strong>ne pred!<\/strong><\/span><\/li>\n<\/ul>\n<h4><span style=\"color: #003366;\">KAKO UPORABITI ZA DOSEGANJE NARAVNE BARVE ALI BALAYAGE:<\/span><\/h4>\n<ul>\n<li><span style=\"color: #003366;\">Ponovite zgoraj navedene korake dvakrat na dan (zjutraj in zve\u010der), dokler va\u0161i beli\/sivi lasje ne pridobijo naravne barve ali dose\u017eejo \u017eelene barve (obi\u010dajno traja med 2 in 6 tednov, odvisno od pomanjkanja mineralov posameznika).<\/span><\/li>\n<li><span style=\"color: #003366;\">Po dosegu \u017eelene barve izdelek nanesite le enkrat na dan, 3 dni na teden, da ohranite barvo.<\/span><\/li>\n<li><span style=\"color: #003366;\">\u010ce se sivi lasje vrnejo, pove\u010dajte pogostost uporabe izdelka.<\/span><\/li>\n<li><span style=\"color: #003366;\">\u010ce izdelek uporabljate ve\u010d kot 6 tednov in va\u0161i lasje ne pridobijo naravne barve, nas prosimo kontaktirajte, da ugotovimo vzrok.<\/span><\/li>\n<\/ul>\n<h4><span style=\"color: #003366;\">UPORABA ZA RAST LAS, PRHLJAJ IN DRUGE NEOMEJENE TE\u017dAVE PO NAVODILIH:<\/span><\/h4>\n<ul>\n<li><span style=\"color: #003366;\">Uporabite dvakrat na dan vsaj 15 dni.<\/span><\/li>\n<li><span style=\"color: #003366;\">Po teh 15 dneh uporabite enkrat na dan trikrat na teden 30 dni.<\/span><\/li>\n<li><span style=\"color: #003366;\">Po teh 30 dneh uporabite 2-3 krat na teden za vzdr\u017eevanje.<\/span><\/li>\n<\/ul>\n<h4><span style=\"color: #003366;\">UPORABA ZA RAST LAS:<\/span><\/h4>\n<ul>\n<li><span style=\"color: #003366;\">Uporabite dvakrat na dan 30 dni.<\/span><\/li>\n<li><span style=\"color: #003366;\">Po 30 dneh uporabite enkrat na dan \u0161e 30 dni.<\/span><\/li>\n<li><span style=\"color: #003366;\">Nato uporabite 3-krat na teden ob razli\u010dnih dneh \u0161e 6 mesecev.<\/span><\/li>\n<li><span style=\"color: #003366;\">Nadaljujte z ob\u010dasno uporabo, 1-3 krat na teden, da prepre\u010dite morebitno izpadanje las v prihodnosti.<\/span><\/li>\n<\/ul>\n<h3><span style=\"color: #003366;\">OPOZORILA IN PRIPORO\u010cILA<\/span><\/h3>\n<ul>\n<li><span style=\"color: #003366;\">NE VAR\u010cUJTE! Uporaba premalo izdelka lahko zmanj\u0161a ali odpravi u\u010dinke. Pomembno je, da se lasi\u0161\u010de in lasje dobro navla\u017eijo, da izdelek pravilno vpijejo.<\/span><\/li>\n<li><span style=\"color: #003366;\">Izdelek uporabljajte samo na suhih laseh. Ne uporabljajte na mokrih laseh, saj razred\u010di izdelek in zmanj\u0161uje njegove u\u010dinke.<\/span><\/li>\n<li><span style=\"color: #003366;\">Priporo\u010damo uporabo \u201cShampoo Hair Elixir\u201d namesto va\u0161ega obi\u010dajnega \u0161ampona.<\/span><\/li>\n<li><span style=\"color: #003366;\">Ne uporabljajte poceni ali globinsko \u010distilne \u0161ampone! Vsi \u0161amponi, ki obljubljajo hitro \u010di\u0161\u010denje, odstranijo minerale iz las in lasi\u0161\u010da, kar zmanj\u0161a u\u010dinek tretmaja.<\/span><\/li>\n<li><span style=\"color: #003366;\">Poceni \u0161amponi proti prhljaju in proti izpadanju las iz lasi\u0161\u010da odstranijo vse hranilne snovi, kar zmanj\u0161a u\u010dinek tretmaja.<\/span><\/li>\n<li><span style=\"color: #003366;\"><strong>\u010cE IZDELEK PRIDE NA KO\u017dO<\/strong> (\u0161e posebej na \u010delo in vrat), obmo\u010dje temeljito obri\u0161ite z vla\u017eno brisa\u010do ali uporabite micelarno vodo.<\/span><\/li>\n<li><span style=\"color: #003366;\"><strong>POZOR<\/strong>! Pod ko\u017eo so lasje, ki vsebujejo keratin! Keratin, kadar pride v stik z Lozione, povzro\u010di, da se ti lasje obarvajo, obi\u010dajno postanejo \u010drni.<\/span><\/li>\n<li><span style=\"color: #003366;\">\u010ce izdelek pride na ko\u017eo in obmo\u010dja niste pravilno o\u010distili, obstaja visoko tveganje, da se bodo \u010drne pike po nekaj dneh pojavile.<\/span><\/li>\n<li><span style=\"color: #003366;\"><strong>UPORABITE ROKAVICE<\/strong> ali si po uporabi temeljito umijte roke z milom! Nohti so sestavljeni iz keratina in v stiku z Lozione se bodo obarvali. Da prepre\u010dite temnenje nohtov, si po uporabi temeljito umijte roke z milom.<\/span><\/li>\n<li><span style=\"color: #003366;\"><strong>POZOR<\/strong>! Za\u010dnejo se potrebni 6-8 ur, da nohti za\u010dnejo postajati \u010drni, zato se ne zana\u0161ajte na spiranje rok in mislite, da je izdelek \u017ee o\u010di\u0161\u010den. \u010ce nohtov ne umijete z milom, bo Lozione absorbiral nohte in po nekaj urah bodo za\u010deli postajati \u010drni.<\/span><\/li>\n<li><span style=\"color: #003366;\">\u010ce niste upo\u0161tevali tega nasveta in so va\u0161i nohti obarvani, uporabite alkohol ali micelarno vodo za \u010di\u0161\u010denje, 3-4 krat na dan, da pospe\u0161ite odstranjevanje barve z nohtov. Minimalni \u010das za odstranitev barve je obi\u010dajno 3 dni.<\/span><\/li>\n<li><span style=\"color: #003366;\"><strong>NE BARVAJTE LAS!<\/strong> Barve za lase, ki vsebujejo oksidante, mo\u010dno vplivajo na lasi\u0161\u010de in lase, kar znatno zmanj\u0161a u\u010dinek tretmaja.<\/span><\/li>\n<li><span style=\"color: #003366;\">Lozione zelo dobro okrepi lasno vlakno in zapre kutikulo. Zato barva ne bo vzela tako dobro kot na po\u0161kodovanih laseh.<\/span><\/li>\n<li><span style=\"color: #003366;\">Pred uporabo barve za lase priporo\u010damo vsaj 2-3 tedne premora.<\/span><\/li>\n<\/ul>\n<h3><span style=\"color: #003366;\">VARNOST ZA STRANKE<\/span><\/h3>\n<p><span style=\"color: #003366;\">Ta izdelek je proizveden v Italiji, dermatolo\u0161ko testiran in odobren v skladu z evropsko direktivo \u201c93\/35\/EEC\u201d, dopolnjen s \u201c6\/768\/EEC\u201d, v Evropski uniji s P.I.F: \u0161t. 1206\/101, v skladu z zakonodajo Evropskega parlamenta \u201cCE 1223\/2009.\u201d<\/span><\/p>\n<h3><span style=\"color: #003366;\">JAMSTVO<\/span><\/h3>\n<p><span style=\"color: #003366;\">\u010ce niste zadovoljni z dose\u017eenimi rezultati v prvih 21 dneh uporabe, vam bomo vrnili denar. Preberite ve\u010d v <strong><a style=\"color: #003366;\" href=\"https:\/\/serenicapelli.com\/sl\/return-policy\/\">POLITIKA VRA\u010cILA IZDELKOV<\/a><\/strong> odseku.<\/span><\/div>\n<\/div>\n<\/div>\n<\/div>\n<\/div>\n","protected":false},"excerpt":{"rendered":"<p>PONUDBE CEN U\u010dinki in koristi Obnovi sive\/belih las nazaj v njihovo naravno barvo. Pomaga lasem, da rastejo v njihovi naravni barvi, tako da ne bodo ve\u010d rasli sivi\/beli\/greji prameni. Za dame lahko ustvari naravni balayage. Zdravi in ustavi izpadanje las. Zdravi in prepre\u010duje alopecijo. Obnavlja lase. Zgosti lase. Pomaga pri zgostitvi las. Zdravi in prepre\u010duje [&hellip;]<\/p>\n","protected":false},"featured_media":2030017,"template":"","meta":[],"product_brand":[],"product_cat":[370,371],"product_tag":[],"class_list":{"0":"post-2030041","1":"product","2":"type-product","3":"status-publish","4":"has-post-thumbnail","6":"product_cat-hair-elixir-sl","7":"product_cat-lozione-sl","9":"first","10":"instock","11":"sale","12":"taxable","13":"shipping-taxable","14":"purchasable","15":"product-type-simple"},"_links":{"self":[{"href":"https:\/\/serenicapelli.com\/sl\/wp-json\/wp\/v2\/product\/2030041","targetHints":{"allow":["GET"]}}],"collection":[{"href":"https:\/\/serenicapelli.com\/sl\/wp-json\/wp\/v2\/product"}],"about":[{"href":"https:\/\/serenicapelli.com\/sl\/wp-json\/wp\/v2\/types\/product"}],"version-history":[{"count":4,"href":"https:\/\/serenicapelli.com\/sl\/wp-json\/wp\/v2\/product\/2030041\/revisions"}],"predecessor-version":[{"id":2032725,"href":"https:\/\/serenicapelli.com\/sl\/wp-json\/wp\/v2\/product\/2030041\/revisions\/2032725"}],"wp:featuredmedia":[{"embeddable":true,"href":"https:\/\/serenicapelli.com\/sl\/wp-json\/wp\/v2\/media\/2030017"}],"wp:attachment":[{"href":"https:\/\/serenicapelli.com\/sl\/wp-json\/wp\/v2\/media?parent=2030041"}],"wp:term":[{"taxonomy":"product_brand","embeddable":true,"href":"https:\/\/serenicapelli.com\/sl\/wp-json\/wp\/v2\/product_brand?post=2030041"},{"taxonomy":"product_cat","embeddable":true,"href":"https:\/\/serenicapelli.com\/sl\/wp-json\/wp\/v2\/product_cat?post=2030041"},{"taxonomy":"product_tag","embeddable":true,"href":"https:\/\/serenicapelli.com\/sl\/wp-json\/wp\/v2\/product_tag?post=2030041"}],"curies":[{"name":"wp","href":"https:\/\/api.w.org\/{rel}","templated":true}]}}