{"id":728112,"date":"2021-09-22T07:20:57","date_gmt":"2021-09-22T05:20:57","guid":{"rendered":"https:\/\/serenicapelli.com\/pravilnik-o-vracanju\/"},"modified":"2023-04-01T18:39:49","modified_gmt":"2023-04-01T16:39:49","slug":"pravilnik-o-vracanju","status":"publish","type":"page","link":"https:\/\/serenicapelli.com\/sl\/pravilnik-o-vracanju\/","title":{"rendered":"Pravilnik o vra\u010danju"},"content":{"rendered":"<p>Po zakonu imate pravico, da brez navedbe razloga odstopite od pogodbe, sklenjene prek interneta ali telefona, v 14 dneh po dostavi izdelkov.<\/p>\n<p><!-- \/wp:post-content --><\/p>\n<p><!-- wp:paragraph --><\/p>\n<p>V na\u0161em podjetju ima vsak kupec pravico odstopiti od kupoprodajne pogodbe brez kakr\u0161nega koli razloga v 14 dneh po dostavi izdelkov. Pravilo velja tudi za nakupe v na\u0161ih partnerskih fizi\u010dnih trgovinah ali partnerskih platformah.<\/p>\n<p><!-- \/wp:paragraph --><\/p>\n<p><!-- wp:paragraph --><\/p>\n<p>  Za uveljavljanje te pravice nas morate o svoji odlo\u010ditvi za odstop od kupoprodajne pogodbe obvestiti v zgoraj navedenem roku. Obrnite se na nas na <a href=\"mailto:contact@serenicapelli.com\">naslov contact@serenicapelli.com<\/a>.  <\/p>\n<p><!-- \/wp:paragraph --><\/p>\n<p><!-- wp:paragraph --><\/p>\n<p>  \u010ce odstopite od pogodbe, vam bomo povrnili stro\u0161ke nakupa neuporabljenih izdelkov. \u010ce odstopite od pogodbe v 14 dneh po dostavi, stro\u0161ke <strong>vra\u010dila <\/strong>nosi na\u0161e podjetje.<\/p>\n<p><!-- \/wp:paragraph --><\/p>\n<p><!-- wp:paragraph --><\/p>\n<p>Povrnjeni zneski bodo nakazani na va\u0161 ban\u010dni ra\u010dun v petih dneh po vrnitvi izdelkov.<\/p>\n<p><!-- \/wp:paragraph --><\/p>\n<p><!-- wp:list {\"ordered\":true} --><\/p>\n<ol>\n<li>Izdelke je treba poslati takoj, najpozneje v petih dneh od datuma odstopa od pogodbe.<\/li>\n<li>Upo\u0161tevajte, da ste odgovorni za kakr\u0161no koli zmanj\u0161anje vrednosti izdelkov zaradi ravnanja z njimi na kakr\u0161en koli na\u010din, razen \u010de je to potrebno za seznanitev z naravo, lastnostmi in funkcionalnostjo izdelka (npr. \u010de izdelek uporabljate, \u010deprav ste ga \u017ee preizkusili). Upo\u0161tevajte tudi, da nimate pravice do odstopa od pogodbe v primeru izdelkov, izdelanih po va\u0161ih \u017eeljah, ali izdelkov po meri (npr. prilagojena gravirana embala\u017ea) ter v primeru odprtih in uporabljenih izdelkov, ki jih ni mogo\u010de  <strong>vrniti  <\/strong>iz higienskih razlogov (npr. \u010de je bil izdelek odprt in ste uporabili del kozmeti\u010dnega pripravka, ki je pri\u0161el v neposreden stik s ko\u017eo).<\/li>\n<\/ol>\n","protected":false},"excerpt":{"rendered":"<p>Po zakonu imate pravico, da brez navedbe razloga odstopite od pogodbe, sklenjene prek interneta ali telefona, v 14 dneh po dostavi izdelkov. V na\u0161em podjetju ima vsak kupec pravico odstopiti od kupoprodajne pogodbe brez kakr\u0161nega koli razloga v 14 dneh po dostavi izdelkov. Pravilo velja tudi za nakupe v na\u0161ih partnerskih fizi\u010dnih trgovinah ali partnerskih [&hellip;]<\/p>\n","protected":false},"author":1,"featured_media":0,"parent":0,"menu_order":0,"comment_status":"closed","ping_status":"closed","template":"","meta":{"footnotes":""},"class_list":["post-728112","page","type-page","status-publish","hentry"],"_links":{"self":[{"href":"https:\/\/serenicapelli.com\/sl\/wp-json\/wp\/v2\/pages\/728112","targetHints":{"allow":["GET"]}}],"collection":[{"href":"https:\/\/serenicapelli.com\/sl\/wp-json\/wp\/v2\/pages"}],"about":[{"href":"https:\/\/serenicapelli.com\/sl\/wp-json\/wp\/v2\/types\/page"}],"author":[{"embeddable":true,"href":"https:\/\/serenicapelli.com\/sl\/wp-json\/wp\/v2\/users\/1"}],"replies":[{"embeddable":true,"href":"https:\/\/serenicapelli.com\/sl\/wp-json\/wp\/v2\/comments?post=728112"}],"version-history":[{"count":0,"href":"https:\/\/serenicapelli.com\/sl\/wp-json\/wp\/v2\/pages\/728112\/revisions"}],"wp:attachment":[{"href":"https:\/\/serenicapelli.com\/sl\/wp-json\/wp\/v2\/media?parent=728112"}],"curies":[{"name":"wp","href":"https:\/\/api.w.org\/{rel}","templated":true}]}}