{"id":728085,"date":"2023-02-06T19:24:05","date_gmt":"2023-02-06T17:24:05","guid":{"rendered":"https:\/\/serenicapelli.com\/vprasanja-in-odgovori\/"},"modified":"2023-04-01T18:35:42","modified_gmt":"2023-04-01T16:35:42","slug":"vprasanja-in-odgovori","status":"publish","type":"page","link":"https:\/\/serenicapelli.com\/sl\/vprasanja-in-odgovori\/","title":{"rendered":"VPRA\u0160ANJA IN ODGOVORI"},"content":{"rendered":"\t\t<div data-elementor-type=\"wp-page\" data-elementor-id=\"728085\" class=\"elementor elementor-728085 elementor-727182\" data-elementor-post-type=\"page\">\n\t\t\t\t<div class=\"elementor-element elementor-element-bd2a907 e-flex e-con-boxed e-con e-parent\" data-id=\"bd2a907\" data-element_type=\"container\" data-e-type=\"container\">\n\t\t\t\t\t<div class=\"e-con-inner\">\n\t\t\t\t<div class=\"elementor-element elementor-element-d6e6f30 elementor-widget elementor-widget-text-editor\" data-id=\"d6e6f30\" data-element_type=\"widget\" data-e-type=\"widget\" data-widget_type=\"text-editor.default\">\n\t\t\t\t<div class=\"elementor-widget-container\">\n\t\t\t\t\t\t\t\t\t<h3>Vpra\u0161anja in odgovori<\/h3>\n<p>Na tej strani boste na\u0161li odgovore na najpogostej\u0161a vpra\u0161anja na\u0161ih strank.<\/p>\n<p>Te informacije vam bodo pomagale dose\u010di najbolj\u0161e rezultate pri uporabi izdelkov Sereni Capelli.<\/p>\n<p><strong>Kak\u0161no jamstvo imam, da ta izdelek deluje?<\/strong><\/p>\n<p>Za izdelke Sereni Capelli velja 30-dnevno jamstvo od datuma prejema. \u010ce niste zadovoljni z rezultati uporabe na\u0161ih izdelkov vsaj 15 dni, nas lahko kontaktirate z informacijami na strani KONTAKT in povrnili vam bomo celoten znesek, vklju\u010dno s stro\u0161ki po\u0161iljanja.<\/p>\n<p><strong>Ali lahko ta izdelek uporabljam tudi za brado?<\/strong><\/p>\n<p>Da, izdelke Sereni Capelli lahko uporabljate tudi za brado, vendar pazite, da izdelka ne pogoltnete, da se izognete neprijetnostim. Upo\u0161tevati je treba, da so lasje na bradi zelo grobi in morda ne boste dosegli rezultatov tako hitro kot pri laseh na lasi\u0161\u010du. Zato prosimo, da nekoliko zmanj\u0161ate svoja pri\u010dakovanja in ste bolj potrpe\u017eljivi.<\/p>\n<p><strong>Ali lahko uporabljam ta izdelek, \u010de sem nose\u010da? Kaj \u010de dojim?<\/strong><\/p>\n<p>Izdelki Sereni Capelli so narejeni iz varnih sestavin, zato ne predstavljajo tveganja za zdravje dojen\u010dka.<br \/>Primerni so tudi za uporabo med dojenjem.<\/p>\n<p><strong>Ali lahko uporabljam ta izdelek, \u010de sem pred kratkim imel lasni vsadek?<\/strong><\/p>\n<p>\u010ce ste bili pred kratkim operirani z lasnim vsadkom, priporo\u010damo, da pred uporabo izdelkov Sereni Capelli po\u010dakate vsaj 6 mesecev.<\/p>\n<p>Vsebujejo alkohol, vsadek pa potrebuje \u010das, da se razvije in okrepi svoje korenine.<\/p>\n<p>Po \u0161estih mesecih po implantaciji pa je uporaba na\u0161ih izdelkov celo priporo\u010dljiva, saj pomagajo krepiti lase in odstraniti bakterije, ki lahko povzro\u010dijo izpadanje las.<\/p>\n<p><strong>Alergi\u010den sem na barvo. Ali lahko uporabljam te izdelke?<\/strong><\/p>\n<p>Izdelke Sereni Capelli lahko uporabljate namesto barvil, ne da bi pri tem tvegali alergijo.Izdelki Sereni Capelli ne vsebujejo barvilnih pigmentov ali oksidantov (PEROXID).<\/p>\n<p>\u010ceprav lasem povrnejo naravno barvo, izdelki Sereni Capelli nimajo ni\u010d skupnega z barvo za lase.<\/p>\n<p><strong>Imam luskavico (ali drugo ko\u017eno bolezen), ali lahko uporabljam ta izdelek?<\/strong><\/p>\n<p>Tretmaja &#8220;Lozione&#8221; in &#8220;Crema &#8211; Forte&#8221; vsebujeta alkohol.<br \/>Zaradi kompleksnosti te bolezni, imenovane luskavica, in drugih ko\u017enih bolezni ne priporo\u010damo uporabe zdravil, tudi \u010de se v nobenem od testov, ki jih je opravila proizvodna ekipa, niso pojavili ne\u017eeleni u\u010dinki.<\/p>\n<p>Pospe\u0161evalci Intenso Gel&#8221; in &#8220;\u0160ampon&#8221; so \u0161e varnej\u0161i za uporabo kot zdravljenje, vendar je treba tudi uporabo teh izdelkov obravnavati zelo previdno.<\/p>\n<p><strong>Jemljem zdravila. Ali lahko uporabljam ta izdelek?<\/strong><\/p>\n<p>Uporaba izdelkov Sereni Capelli v povezavi z drugimi vrstami zdravljenja ni omejena, vendar morate upo\u0161tevati naslednje:<\/p>\n<ul>\n<li>\u010ce uporabljate povr\u0161inske obdelave, kot so olja, mazila, razpr\u0161ila itd., jih ne uporabljajte na isti povr\u0161ini, na katero nana\u0161ate obdelave &#8220;Lozione&#8221; ali &#8220;Crema-Forte&#8221;, saj se bodo te obdelave najverjetneje izni\u010dile.<\/li>\n<li>Zgornje omejitve ne veljajo za pospe\u0161evalnike &#8220;\u0161ampon&#8221; ali &#8220;gel-Intenso&#8221;.<\/li>\n<li>Za zdravila, ki se lahko zau\u017eijejo, ni omejitev.<\/li>\n<li>Upo\u0161tevajte, da nekatera zdravila, kot sta &#8220;Aspirin&#8221; in &#8220;Paracetamol&#8221;, zmanj\u0161ajo u\u010dinke zdravljenja z zdravili Sereni Capelli za do 40 %.<\/li>\n<\/ul>\n<div> <\/div>\n<p><strong>Sem oseba, ki je alergi\u010dna na ve\u010d snovi, ali lahko uporabljam ta izdelek?<\/strong><\/p>\n<p>UPORABE IZDELKOV SERENI CAPELLI NE PRIPORO\u010cAMO OSEBAM Z VE\u010c ALERGIJAMI!<\/p>\n<p>Izdelki Sereni Capelli ne vsebujejo sestavin, ki bi lahko povzro\u010dile alergije. Vendar pa vsebuje alkohol in lahko povzro\u010di dra\u017eenje ko\u017ee, ki se pri ljudeh, ki so zelo hitro alergi\u010dni, lahko spremeni v alergijo.<\/p>\n<p>Ljudje z ve\u010d alergijami ali ljudje, ki so zelo hitro ob\u010dutljivi ali alergi\u010dni na razli\u010dne snovi, lahko v\u010dasih postanejo alergi\u010dni tudi na nealergene snovi\/sestavine. Zato zaradi va\u0161e varnosti ne priporo\u010damo uporabe teh izdelkov.<\/p>\n<p>\u010ce pa res \u017eelite uporabljati na\u0161e izdelke, priporo\u010damo, da jih pred uporabo v skladu z navodili testirate zelo po\u010dasi.<\/p>\n<p><strong>KAKO VAM PRIPORO\u010cAMO, DA RAVNATE?<\/strong><\/p>\n<ul>\n<li>Najprej se prepri\u010dajte, da imate pri roki potrebna zdravila za boj proti alergijam, \u010de se pojavijo.<\/li>\n<li>Zaradi va\u0161e varnosti poskrbite, da bo v sobi z vami \u0161e kdo, ki vam bo po potrebi nudil prvo pomo\u010d ali vas v primeru hude alergije prepeljal v bolni\u0161nico.<\/li>\n<li>Nato stekleni\u010dko dobro pretresite, nanesite zelo majhno koli\u010dino izdelka na podlaket in ga s konico prsta razma\u017eite na povr\u0161ini 3-4 cm.<\/li>\n<li>Po\u010dakajte nekaj ur in \u010de se ni\u010d ne zgodi, ponovite enak postopek na lasi\u0161\u010du na stiku s \u010delom.<\/li>\n<li>\u010ce ni znakov alergije, lahko nanesete na ve\u010djo povr\u0161ino in postopek ponovite najmanj \u0161tirikrat v razmaku najmanj \u0161tirih ur.<\/li>\n<li>\u010ce se alergije ne pojavijo, pojavijo pa se dra\u017eenja ko\u017ee, upo\u0161tevajte, kako mo\u010dna in mote\u010da so ta dra\u017eenja, da presodite, ali boste \u017eeleli nadaljevati zdravljenje.<\/li>\n<li>Pri nekaterih ljudeh se lahko pojavi dra\u017eenje ko\u017ee, ki je normalen proces, vendar bo izginilo po pribli\u017eno 15 uporabah.<\/li>\n<li>Zelo pomembno je upo\u0161tevati razliko med dra\u017eenjem ko\u017ee in alergijo!<\/li>\n<\/ul>\n<div> <\/div>\n<p><strong>Nimam belih las! Ali lahko koristim druge ugodnosti?<\/strong><\/p>\n<p>Da! Izdelke Sereni Capelli lahko uporabljate tudi, \u010de nimate belih las, in u\u017eivate v vseh drugih prednostih.<br \/>Z uporabo izdelkov Sereni Capelli, ko nimate belih dlak, prepre\u010dite njihovo pojavljanje.<\/p>\n<p><strong>Uporabljam ta izdelek in lasi\u0161\u010de me srbi. Zakaj?<\/strong><\/p>\n<p>\u010ce vas lasi\u0161\u010de med uporabo izdelkov Sereni Capelli srbi, to pomeni, da so na va\u0161em lasi\u0161\u010du mikrorazpoke, ki se popravljajo, ali pa imate kolonijo bakterij, ki se bodo odstranile.<\/p>\n<p>Po pribli\u017eno 2-3 tednih uporabe na\u0161ih postopkov bo srbenje izginilo, lasi\u0161\u010de pa se bo popolnoma pozdravilo.<\/p>\n<p><strong>Ko uporabljam ta izdelek, imajo moji lasje slab vonj. Zakaj?<\/strong><\/p>\n<p>Kadar imate bogate lase, se lahko v lasi\u0161\u010du naberejo kolonije bakterij in se celo prenesejo na lase.<br \/>Z uporabo izdelkov Sereni Capelli te bakterije napadejo snovi v na\u0161ih izdelkih in se &#8220;borijo&#8221;.<\/p>\n<p>Zaradi boja proti tem bakterijam se obi\u010dajno pojavi neprijeten vonj, zlasti kmalu po nanosu izdelka.<\/p>\n<p>Bakterije se odstranijo in vonj izgine \u0161ele po pribli\u017eno treh tednih.<\/p>\n<p>Po teh treh tednih bi moral vonj skoraj popolnoma izginiti, kar je znak, da so bile bakterije odstranjene.<\/p>\n<p>V tak\u0161nih primerih priporo\u010damo, da izdelke \u0161e naprej uporabljate v skladu s &#8220;shemo zdravljenja&#8221; najmanj 5 tednov, preden preidete na &#8220;konsolidacijsko shemo&#8221;.<\/p>\n<p><strong>Moja ko\u017ea je rde\u010da in srbe\u010da. Zakaj?<\/strong><\/p>\n<p>\u010ce vas ob uporabi izdelkov Sereni Capelli ko\u017ea pe\u010de in postane rde\u010da, imate morda ob\u010dutljivo ko\u017eo ali pa imate te\u017eave s ko\u017eo, ki se jih ne zavedate.<br \/>Obstaja pa tudi mo\u017enost, da so v ko\u017ei lasi\u0161\u010da mikrorazpoke, ki jih je treba popraviti.<\/p>\n<p>Priporo\u010damo, da se najprej prepri\u010date, da razen za\u010detnega zbadanja in rde\u010dice lasi\u0161\u010da ni drugih u\u010dinkov na ko\u017eo.<br \/>\u010ce se ne pojavijo drugi u\u010dinki in rde\u010da barva izgine v 2-3 urah, je to normalen proces in bi moral izginiti po pribli\u017eno 15-20 uporabah, saj lasi\u0161\u010de postane bolj odporno.<\/p>\n<p><strong>Uporabljam ta izdelek, vendar ne vidim nobenega u\u010dinka.<\/strong><\/p>\n<p>Verjetnost, da boste 14 dni pravilno in po navodilih uporabljali tretmaje Sereni Capelli in ne boste opazili izbolj\u0161anja, je manj\u0161a od 1 proti 100.000.<\/p>\n<p>Ugotovljeno je bilo, da je ve\u010d kot 99 % prijavljenih neu\u010dinkovitosti posledica neustrezne uporabe zdravljenja.<\/p>\n<p>Da bi se prepri\u010dali, da ste zdravilo pravilno uporabili, si oglejte stran vsakega izdelka, ki ga uporabljate, kjer boste na\u0161li pravilna navodila za uporabo.<\/p>\n<p>\u010ce ste izdelke uporabljali pravilno in v resnici niste dosegli nobenih rezultatov, ste eden tistih redkih ljudi, za katere izdelek preprosto ne more delovati.<\/p>\n<p>\u010ce opa\u017eate u\u010dinke, vendar ti niso \u017eeleni, lahko govorimo o enem ali ve\u010d naslednjih primerih:<\/p>\n<ul>\n<li>Niste upo\u0161tevali \u010dasa uporabe izdelka.<\/li>\n<li>Niste uporabili dovolj izdelka.<\/li>\n<li>Pred uporabo stekleni\u010dke ne pretresite dovolj dobro.<\/li>\n<li>izdelka niste uporabljali dovolj dolgo (obi\u010dajno je treba izdelek uporabljati v skladu z na\u010drtom zdravljenja 4 do 6 tednov brez prekinitve).<\/li>\n<\/ul>\n\t\t\t\t\t\t\t\t<\/div>\n\t\t\t\t<\/div>\n\t\t\t\t\t<\/div>\n\t\t\t\t<\/div>\n\t\t\t\t<\/div>\n\t\t","protected":false},"excerpt":{"rendered":"<p>Vpra\u0161anja in odgovori Na tej strani boste na\u0161li odgovore na najpogostej\u0161a vpra\u0161anja na\u0161ih strank. Te informacije vam bodo pomagale dose\u010di najbolj\u0161e rezultate pri uporabi izdelkov Sereni Capelli. Kak\u0161no jamstvo imam, da ta izdelek deluje? Za izdelke Sereni Capelli velja 30-dnevno jamstvo od datuma prejema. \u010ce niste zadovoljni z rezultati uporabe na\u0161ih izdelkov vsaj 15 dni, [&hellip;]<\/p>\n","protected":false},"author":1,"featured_media":0,"parent":0,"menu_order":0,"comment_status":"closed","ping_status":"closed","template":"","meta":{"footnotes":""},"class_list":["post-728085","page","type-page","status-publish","hentry"],"_links":{"self":[{"href":"https:\/\/serenicapelli.com\/sl\/wp-json\/wp\/v2\/pages\/728085","targetHints":{"allow":["GET"]}}],"collection":[{"href":"https:\/\/serenicapelli.com\/sl\/wp-json\/wp\/v2\/pages"}],"about":[{"href":"https:\/\/serenicapelli.com\/sl\/wp-json\/wp\/v2\/types\/page"}],"author":[{"embeddable":true,"href":"https:\/\/serenicapelli.com\/sl\/wp-json\/wp\/v2\/users\/1"}],"replies":[{"embeddable":true,"href":"https:\/\/serenicapelli.com\/sl\/wp-json\/wp\/v2\/comments?post=728085"}],"version-history":[{"count":0,"href":"https:\/\/serenicapelli.com\/sl\/wp-json\/wp\/v2\/pages\/728085\/revisions"}],"wp:attachment":[{"href":"https:\/\/serenicapelli.com\/sl\/wp-json\/wp\/v2\/media?parent=728085"}],"curies":[{"name":"wp","href":"https:\/\/api.w.org\/{rel}","templated":true}]}}