{"id":728109,"date":"2021-09-22T07:20:57","date_gmt":"2021-09-22T05:20:57","guid":{"rendered":"https:\/\/serenicapelli.com\/pravidla-vratenia-tovaru\/"},"modified":"2023-04-01T18:39:49","modified_gmt":"2023-04-01T16:39:49","slug":"pravidla-vratenia-tovaru","status":"publish","type":"page","link":"https:\/\/serenicapelli.com\/sk\/pravidla-vratenia-tovaru\/","title":{"rendered":"Pravidl\u00e1 vr\u00e1tenia tovaru"},"content":{"rendered":"<p>Pod\u013ea z\u00e1kona m\u00e1te pr\u00e1vo odst\u00fapi\u0165 od zmluvy uzavretej na internete alebo telefonicky bez udania d\u00f4vodu do 14 dn\u00ed od doru\u010denia v\u00fdrobkov.<\/p>\n<p><!-- \/wp:post-content --><\/p>\n<p><!-- wp:paragraph --><\/p>\n<p>V na\u0161ej spolo\u010dnosti m\u00e1 ka\u017ed\u00fd kupuj\u00faci pr\u00e1vo odst\u00fapi\u0165 od k\u00fapnej zmluvy bez udania d\u00f4vodu do 14 dn\u00ed od doru\u010denia v\u00fdrobkov. Toto pravidlo sa vz\u0165ahuje aj na n\u00e1kupy v na\u0161ich partnersk\u00fdch kamenn\u00fdch predajniach alebo na partnersk\u00fdch platform\u00e1ch.<\/p>\n<p><!-- \/wp:paragraph --><\/p>\n<p><!-- wp:paragraph --><\/p>\n<p>  Ak chcete toto pr\u00e1vo uplatni\u0165, mus\u00edte n\u00e1m svoje rozhodnutie odst\u00fapi\u0165 od k\u00fapnej zmluvy ozn\u00e1mi\u0165 vo vy\u0161\u0161ie uvedenej lehote. M\u00f4\u017eete n\u00e1s kontaktova\u0165 na <a href=\"mailto:contact@serenicapelli.com\">adrese contact@serenicapelli.com<\/a>  <\/p>\n<p><!-- \/wp:paragraph --><\/p>\n<p><!-- wp:paragraph --><\/p>\n<p>  V pr\u00edpade v\u00e1\u0161ho odst\u00fapenia od zmluvy v\u00e1m vr\u00e1time k\u00fapnu cenu nepou\u017eit\u00fdch v\u00fdrobkov. Ak odst\u00fapite od zmluvy do 14 dn\u00ed od doru\u010denia, n\u00e1klady na <strong>vr\u00e1tenie tovaru <\/strong>zn\u00e1\u0161a na\u0161a spolo\u010dnos\u0165.<\/p>\n<p><!-- \/wp:paragraph --><\/p>\n<p><!-- wp:paragraph --><\/p>\n<p>Vr\u00e1ten\u00e9 sumy bud\u00fa preveden\u00e9 na v\u00e1\u0161 bankov\u00fd \u00fa\u010det do 5 dn\u00ed po vr\u00e1ten\u00ed v\u00fdrobkov.<\/p>\n<p><!-- \/wp:paragraph --><\/p>\n<p><!-- wp:list {\"ordered\":true} --><\/p>\n<ol>\n<li>V\u00fdrobky je potrebn\u00e9 odosla\u0165 okam\u017eite, najnesk\u00f4r do 5 dn\u00ed od d\u00e1tumu odst\u00fapenia od zmluvy.<\/li>\n<li>Upozor\u0148ujeme, \u017ee nesiete zodpovednos\u0165 za ak\u00e9ko\u013evek zn\u00ed\u017eenie hodnoty v\u00fdrobkov v d\u00f4sledku zaobch\u00e1dzania s nimi in\u00fdm sp\u00f4sobom, ako je nevyhnutn\u00e9 na obozn\u00e1menie sa s povahou, vlastnos\u0165ami a funk\u010dnos\u0165ou v\u00fdrobku (napr. ak v\u00fdrobok pou\u017e\u00edvate, hoci ste ho u\u017e vysk\u00fa\u0161ali). Upozor\u0148ujeme tie\u017e, \u017ee nem\u00e1te pr\u00e1vo odst\u00fapi\u0165 od zmluvy v pr\u00edpade v\u00fdrobkov vyroben\u00fdch pod\u013ea va\u0161ich po\u017eiadaviek alebo v\u00fdrobkov na mieru (napr. grav\u00edrovan\u00e9 obaly na mieru), ako aj v pr\u00edpade otvoren\u00fdch a pou\u017eit\u00fdch v\u00fdrobkov, ktor\u00e9 nie je mo\u017en\u00e9  <strong>vr\u00e1ti\u0165  <\/strong>z hygienick\u00fdch d\u00f4vodov (napr. ak bol v\u00fdrobok otvoren\u00fd a pou\u017eili ste \u010das\u0165 kozmetick\u00e9ho pr\u00edpravku, ktor\u00fd pri\u0161iel do priameho kontaktu s poko\u017ekou).<\/li>\n<\/ol>\n","protected":false},"excerpt":{"rendered":"<p>Pod\u013ea z\u00e1kona m\u00e1te pr\u00e1vo odst\u00fapi\u0165 od zmluvy uzavretej na internete alebo telefonicky bez udania d\u00f4vodu do 14 dn\u00ed od doru\u010denia v\u00fdrobkov. V na\u0161ej spolo\u010dnosti m\u00e1 ka\u017ed\u00fd kupuj\u00faci pr\u00e1vo odst\u00fapi\u0165 od k\u00fapnej zmluvy bez udania d\u00f4vodu do 14 dn\u00ed od doru\u010denia v\u00fdrobkov. Toto pravidlo sa vz\u0165ahuje aj na n\u00e1kupy v na\u0161ich partnersk\u00fdch kamenn\u00fdch predajniach alebo na [&hellip;]<\/p>\n","protected":false},"author":1,"featured_media":0,"parent":0,"menu_order":0,"comment_status":"closed","ping_status":"closed","template":"","meta":{"footnotes":""},"class_list":["post-728109","page","type-page","status-publish","hentry"],"_links":{"self":[{"href":"https:\/\/serenicapelli.com\/sk\/wp-json\/wp\/v2\/pages\/728109","targetHints":{"allow":["GET"]}}],"collection":[{"href":"https:\/\/serenicapelli.com\/sk\/wp-json\/wp\/v2\/pages"}],"about":[{"href":"https:\/\/serenicapelli.com\/sk\/wp-json\/wp\/v2\/types\/page"}],"author":[{"embeddable":true,"href":"https:\/\/serenicapelli.com\/sk\/wp-json\/wp\/v2\/users\/1"}],"replies":[{"embeddable":true,"href":"https:\/\/serenicapelli.com\/sk\/wp-json\/wp\/v2\/comments?post=728109"}],"version-history":[{"count":0,"href":"https:\/\/serenicapelli.com\/sk\/wp-json\/wp\/v2\/pages\/728109\/revisions"}],"wp:attachment":[{"href":"https:\/\/serenicapelli.com\/sk\/wp-json\/wp\/v2\/media?parent=728109"}],"curies":[{"name":"wp","href":"https:\/\/api.w.org\/{rel}","templated":true}]}}