{"id":728086,"date":"2022-08-15T10:39:10","date_gmt":"2022-08-15T08:39:10","guid":{"rendered":"https:\/\/serenicapelli.com\/zasady-ochrany-osobnych-udajov\/"},"modified":"2022-08-15T10:39:10","modified_gmt":"2022-08-15T08:39:10","slug":"zasady-ochrany-osobnych-udajov","status":"publish","type":"page","link":"https:\/\/serenicapelli.com\/sk\/zasady-ochrany-osobnych-udajov\/","title":{"rendered":"Z\u00e1sady ochrany osobn\u00fdch \u00fadajov"},"content":{"rendered":"<p><strong>Z\u00e1sady ochrany osobn\u00fdch \u00fadajov<\/strong><\/p>\n<p>Sereni Capelli, prev\u00e1dzkovate\u013e internetov\u00e9ho obchodu www.serenicapelli.com, vyhlasuje, \u017ee v\u0161etky osobn\u00e9 \u00fadaje (\u010falej len &#8222;\u00fadaje&#8220;) s\u00fa pova\u017eovan\u00e9 za pr\u00edsne d\u00f4vern\u00e9 a zaobch\u00e1dza sa s nimi v s\u00falade s platn\u00fdmi z\u00e1konmi v oblasti ochrany osobn\u00fdch \u00fadajov.<\/p>\n<p>Bezpe\u010dnos\u0165 va\u0161ich osobn\u00fdch \u00fadajov je pre n\u00e1s prioritou. Preto venujeme maxim\u00e1lnu pozornos\u0165 osobn\u00fdm \u00fadajom a ich ochrane. V t\u00fdchto Z\u00e1sad\u00e1ch sprac\u00favania osobn\u00fdch \u00fadajov (\u010falej len &#8222;Z\u00e1sady&#8220;) v\u00e1s chceme informova\u0165 o tom, ak\u00e9 osobn\u00e9 \u00fadaje o v\u00e1s zhroma\u017e\u010fujeme a ako ich \u010falej pou\u017e\u00edvame.<\/p>\n<ol>\n<li><strong>Osobn\u00e9 \u00fadaje a ich spracovanie<\/strong><\/li>\n<\/ol>\n<p><strong>1.1. Kateg\u00f3rie osobn\u00fdch \u00fadajov<\/strong><\/p>\n<p>V z\u00e1vislosti od toho, ktor\u00fa z na\u0161ich slu\u017eieb sa rozhodnete pou\u017e\u00edva\u0165, zhroma\u017e\u010fujeme r\u00f4zne inform\u00e1cie.<\/p>\n<p>Ak u n\u00e1s nak\u00fapite, vyberieme v\u00e1m peniaze:<\/p>\n<ul>\n<li>Meno a kontaktn\u00e9 \u00fadaje. Cel\u00e9 meno, e-mailov\u00e1 adresa, po\u0161tov\u00e1 adresa, faktura\u010dn\u00e1 adresa, telef\u00f3nne \u010d\u00edslo a bankov\u00e9 faktura\u010dn\u00e9 \u00fadaje, platobn\u00e9 \u00fadaje.<\/li>\n<li>Demografick\u00e9 \u00fadaje. Inform\u00e1cie o pohlav\u00ed, d\u00e1tume narodenia, krajine a preferovanom jazyku.<\/li>\n<li>\u00dadaje, ktor\u00e9 sa vyskytli po\u010das platnosti zmluvy &#8211; zak\u00fapen\u00e9 produkty, segment z\u00e1kazn\u00edkov, objem poskytnut\u00fdch slu\u017eieb<\/li>\n<\/ul>\n<p><strong>1.2. \u00da\u010del spracovania osobn\u00fdch \u00fadajov:<\/strong><\/p>\n<ul>\n<li><strong>Poskytovanie a zlep\u0161ovanie slu\u017eieb<\/strong>. Aby sme mohli poskytova\u0165 a zlep\u0161ova\u0165 na\u0161e slu\u017eby k va\u0161ej spokojnosti, sprac\u00favame va\u0161e osobn\u00e9 \u00fadaje. Konkr\u00e9tne to zah\u0155\u0148a:\n<ul>\n<li><strong>spracovanie objedn\u00e1vok produktov alebo slu\u017eieb<\/strong> objednan\u00fdch prostredn\u00edctvom na\u0161ej webovej str\u00e1nky alebo z\u00e1kazn\u00edckej linky. Pr\u00e1vnym d\u00f4vodom je, \u017ee \u00fadaje s\u00fa nevyhnutn\u00e9 na plnenie k\u00fapnej zmluvy a niektor\u00e9 inform\u00e1cie s\u00fa nevyhnutn\u00e9 na plnenie pr\u00e1vnych povinnost\u00ed (napr. \u00fa\u010dtovn\u00e9 doklady).<\/li>\n<li><strong>Ozn\u00e1menie o dostupnosti v\u00fdrobku<\/strong>. Ak po\u017eiadate o sledovanie dostupnosti polo\u017eky, spracujeme va\u0161e \u00fadaje. osobn\u00e9 \u00fadaje na z\u00e1klade v\u00e1\u0161ho s\u00fahlasu.<\/li>\n<li><strong>Slu\u017eby z\u00e1kazn\u00edkom. S cie\u013eom poskytova\u0165 slu\u017eby z\u00e1kazn\u00edkom a eliminova\u0165 ak\u00e9ko\u013evek probl\u00e9my v  <\/strong>plnenie k\u00fapnej zmluvy, sprac\u00favame osobn\u00e9 \u00fadaje na z\u00e1klade potreby plnenia t\u00fdchto zml\u00fav.<\/li>\n<li><strong>Komunik\u00e1cia<\/strong>. Zhroma\u017eden\u00e9 \u00fadaje pou\u017e\u00edvame na \u00fa\u010dely komunik\u00e1cie s vami prisp\u00f4soben\u00fdm sp\u00f4sobom. M\u00f4\u017eeme v\u00e1s napr\u00edklad kontaktova\u0165 telefonicky, e-mailom alebo in\u00fdm sp\u00f4sobom, aby sme v\u00e1m pripomenuli, \u017ee m\u00e1te v\u00fdrobky v online n\u00e1kupnom ko\u0161\u00edku, pomohli v\u00e1m dokon\u010di\u0165 objedn\u00e1vku, ozn\u00e1mili aktu\u00e1lny stav va\u0161ej \u017eiadosti, objedn\u00e1vky alebo s\u0165a\u017enosti, aby sme z\u00edskali pr\u00edpadn\u00e9 dodato\u010dn\u00e9 inform\u00e1cie alebo aby sme v\u00e1s upozornili, \u017ee mus\u00edte podnikn\u00fa\u0165 kroky na udr\u017eanie akt\u00edvneho \u00fa\u010dtu. Ak u n\u00e1s nakupujete ako \u010dlen, sprac\u00favame tieto \u00fadaje z d\u00f4vodu opr\u00e1vnen\u00e9ho z\u00e1ujmu, ktor\u00fd vypl\u00fdva z opr\u00e1vnen\u00e9ho z\u00e1ujmu spolo\u010dnosti Sc SereniCapelli Srl, ako je op\u00edsan\u00e9 vy\u0161\u0161ie.<\/li>\n<li><strong>Zlep\u0161enie slu\u017eieb<\/strong>. \u00dadaje pou\u017e\u00edvame na neust\u00e1le zlep\u0161ovanie na\u0161ich slu\u017eieb a syst\u00e9mov vr\u00e1tane prid\u00e1vania nov\u00fdch funkci\u00ed, ako aj na prij\u00edmanie informovan\u00fdch rozhodnut\u00ed pomocou celkovej analytiky a business intelligence, a to v\u0161etko na z\u00e1klade n\u00e1\u0161ho opr\u00e1vnen\u00e9ho z\u00e1ujmu vypl\u00fdvaj\u00faceho zo slobody podnikania a potreby zlep\u0161ova\u0165 poskytovan\u00e9 slu\u017eby, aby sme zostali konkurencieschopn\u00ed. S cie\u013eom zabezpe\u010di\u0165 primeran\u00fa ochranu va\u0161ich pr\u00e1v a z\u00e1ujmov budeme pou\u017e\u00edva\u0165 osobn\u00e9 \u00fadaje \u010do najviac anonymizovan\u00e9, aby sme zlep\u0161ili na\u0161e slu\u017eby.<\/li>\n<\/ul>\n<\/li>\n<li><strong>Ochrana, bezpe\u010dnos\u0165 a rie\u0161enie sporov<\/strong>. \u00dadaje m\u00f4\u017eeme sprac\u00fava\u0165 aj z opr\u00e1vnen\u00e9ho z\u00e1ujmu, ktor\u00fdm je zabezpe\u010denie ochrany a bezpe\u010dnosti na\u0161ich syst\u00e9mov a z\u00e1kazn\u00edkov, prevencia a odha\u013eovanie podvodov, rie\u0161enie sporov a vykon\u00e1vanie na\u0161ich doh\u00f4d na z\u00e1klade opr\u00e1vnen\u00e9ho z\u00e1ujmu.<\/li>\n<li><strong>Marketingov\u00e9 ponuky<\/strong>.\n<ul>\n<li>Obchodn\u00e1 komunik\u00e1cia\n<ul>\n<li>Zasielame v\u00e1m obchodn\u00e9 ozn\u00e1menia o produktoch podobn\u00fdch t\u00fdm, ktor\u00e9 ste si zak\u00fapili.<\/li>\n<li>V\u017edy m\u00e1te mo\u017enos\u0165 odmietnu\u0165 tieto obchodn\u00e9 ozn\u00e1menia prostredn\u00edctvom e-mailu <u><br \/>\n  <a href=\"mailto:contact@serenicapelli.com\">contact@serenicapelli.com<\/a><br \/>\n<\/u> na odhl\u00e1senie sa z odberu.<\/li>\n<li>Ak sa odhl\u00e1site z odberu komer\u010dn\u00fdch spr\u00e1v, va\u0161e \u00fadaje u\u017e nebudeme pou\u017e\u00edva\u0165. elektronick\u00fd kontakt na tieto \u00fa\u010dely. Ich pou\u017e\u00edvanie obnov\u00edme len vtedy, ak sa zaregistrujete alebo o ne v\u00fdslovne po\u017eiadate.<\/li>\n<\/ul>\n<\/li>\n<li>Zobrazen\u00e9 marketingov\u00e9 ponuky m\u00f4\u017eu by\u0165 vybran\u00e9 na z\u00e1klade \u010fal\u0161\u00edch inform\u00e1ci\u00ed, ktor\u00e9 o v\u00e1s z\u00edskame. v priebehu \u010dasu, z kontaktn\u00fdch inform\u00e1ci\u00ed, demografick\u00fdch inform\u00e1ci\u00ed, preferovan\u00fdch produktov a \u00fadajov o pou\u017e\u00edvan\u00ed na\u0161ich produktov a webov\u00fdch str\u00e1nok (s\u00fabory cookie, IP adresa, inform\u00e1cie poskytnut\u00e9 prehliada\u010dom, kliknutia, zobrazen\u00e9 obchodn\u00e9 spr\u00e1vy, nav\u0161t\u00edven\u00e9 produkty). Spracovanie nie je plne automatizovan\u00e9, preto\u017ee by to pre v\u00e1s malo pr\u00e1vne \u00fa\u010dinky.<\/li>\n<li>Ak nie ste na\u0161\u00edm z\u00e1kazn\u00edkom, \u00fadaje sprac\u00favame na z\u00e1klade v\u00e1\u0161ho s\u00fahlasu.<\/li>\n<li>M\u00e1te pr\u00e1vo kedyko\u013evek a bezplatne vznies\u0165 n\u00e1mietku proti tak\u00e9muto spracovaniu. Kontaktn\u00e9 \u00fadaje s\u00fa uveden\u00e9 na konci tohto dokumentu.<\/li>\n<\/ul>\n<\/li>\n<li>Spracovanie <strong>s\u00faborov cookie na webov\u00fdch str\u00e1nkach <\/strong>prev\u00e1dzkovan\u00fdch spolo\u010dnos\u0165ou SC Sereni Capelli SRL\n<ul>\n<li>Ak vo svojom prehliada\u010di povol\u00edte s\u00fabory cookie, sprac\u00favame behavior\u00e1lne z\u00e1znamy zo s\u00faborov cookie umiestnen\u00fdch na webovej str\u00e1nke prev\u00e1dzkovanej spolo\u010dnos\u0165ou Sereni Capelli na \u00fa\u010dely zabezpe\u010denia lep\u0161ej funk\u010dnosti webovej str\u00e1nky serenicapelli.com, ako aj partnersk\u00fdch str\u00e1nok a na \u00fa\u010dely internetovej reklamy spolo\u010dnosti Sereni Capelli.<\/li>\n<\/ul>\n<\/li>\n<\/ul>\n<p><strong>1.3. Prenos osobn\u00fdch \u00fadajov tret\u00edm stran\u00e1m<\/strong><\/p>\n<p>Va\u0161e inform\u00e1cie osobn\u00e9 \u00fadaje bud\u00fa poskytnut\u00e9 tret\u00edm stran\u00e1m alebo inak sprostredkovan\u00e9 len vtedy, ak je to nevyhnutn\u00e9 na plnenie k\u00fapnej zmluvy, na z\u00e1klade opr\u00e1vnen\u00e9ho z\u00e1ujmu alebo ak ste na to dali predch\u00e1dzaj\u00faci s\u00fahlas.<\/p>\n<ul>\n<li>a) dc\u00e9rske spolo\u010dnosti a spracovate\u013esk\u00e9 spolo\u010dnosti na \u00fa\u010dely plnenia k\u00fapnej zmluvy, aby mohli vykon\u00e1va\u0165 intern\u00e9 procesy a postupy<\/li>\n<li>b) spolo\u010dnosti vyd\u00e1vaj\u00face kreditn\u00e9 karty, poskytovatelia platobn\u00fdch slu\u017eieb na spracovanie platieb a banky na z\u00e1klade va\u0161ej objedn\u00e1vky, aby mohli plni\u0165 k\u00fapnu zmluvu.<\/li>\n<li>c) prepravn\u00e9 spolo\u010dnosti na \u00fa\u010dely doru\u010denia vami objednan\u00fdch v\u00fdrobkov alebo slu\u017eieb. a rie\u0161enie s\u0165a\u017enost\u00ed vr\u00e1tane ukon\u010denia zmluvy<\/li>\n<li>d) na\u0161i partneri vo vernostn\u00fdch programoch, ktor\u00e9 ste si vybrali.<\/li>\n<li>e) in\u00fdch poskytovate\u013eov slu\u017eieb, tret\u00edch str\u00e1n zapojen\u00fdch do spracovania \u00fadajov;<\/li>\n<li>f) tret\u00edm stran\u00e1m, napr\u00edklad prokur\u00e1torom a s\u00fadom, na \u00fa\u010dely vym\u00e1hania alebo uzavretia akejko\u013evek zmluvy s vami;<\/li>\n<li>g) verejn\u00e9 org\u00e1ny (napr. pol\u00edcia)<\/li>\n<li>h) tretie strany, ktor\u00e9 vykon\u00e1vaj\u00fa prieskumy medzi z\u00e1kazn\u00edkmi<\/li>\n<\/ul>\n<p>Ak tretia strana pou\u017e\u00edva \u00fadaje v r\u00e1mci svojho opr\u00e1vnen\u00e9ho z\u00e1ujmu, spr\u00e1vca t\u00fato zodpovednos\u0165 nepreber\u00e1. Tento proces sa riadi z\u00e1sadami spracovania osobn\u00fdch \u00fadajov spolo\u010dnost\u00ed a pr\u00edslu\u0161n\u00fdch os\u00f4b.<\/p>\n<ol>\n<li><strong>Bezpe\u010dnos\u0165 osobn\u00fdch \u00fadajov a doba uchov\u00e1vania<\/strong><\/li>\n<\/ol>\n<p><strong>2.1. Bezpe\u010dnos\u0165 osobn\u00fdch \u00fadajov<\/strong><\/p>\n<ul>\n<li>a) Va\u0161e \u00fadaje sa pren\u00e1\u0161aj\u00fa v za\u0161ifrovanej forme. Pou\u017e\u00edvame \u0161ifrovanie SSL (secure socket layer). Na\u0161e webov\u00e9 str\u00e1nky a in\u00e9 syst\u00e9my zabezpe\u010dujeme technick\u00fdmi a organiza\u010dn\u00fdmi opatreniami proti strate alebo zni\u010deniu va\u0161ich \u00fadajov, pr\u00edstupu neopr\u00e1vnen\u00fdch os\u00f4b, ich zmene alebo \u0161\u00edreniu.<\/li>\n<li>b) Od spracovate\u013eov \u00fadajov, s ktor\u00fdmi spolupracujeme, vy\u017eadujeme, aby preuk\u00e1zali s\u00falad svojich syst\u00e9mov s nariaden\u00edm GDPR.<\/li>\n<li>c) Pr\u00edstup k v\u00e1\u0161mu \u00fa\u010dtu. z\u00e1kazn\u00edkom je mo\u017en\u00e9 len po zadan\u00ed osobn\u00e9ho hesla. V tejto s\u00favislosti by sme v\u00e1m chceli pripomen\u00fa\u0165, \u017ee je absol\u00fatne nevyhnutn\u00e9, aby ste svoje pr\u00edstupov\u00e9 \u00fadaje neposkytli tret\u00edm stran\u00e1m a aby ste po skon\u010den\u00ed rel\u00e1cie neposkytli svoje pr\u00edstupov\u00e9 \u00fadaje tret\u00edm stran\u00e1m. v klientskom \u00fa\u010dte, v\u017edy zatvorte okno prehliada\u010da, najm\u00e4 ak zdie\u013eate po\u010d\u00edta\u010d s in\u00fdmi pou\u017e\u00edvate\u013emi. Spolo\u010dnos\u0165 SC SERENICAPELLI SRL nie je zodpovedn\u00e1 za zneu\u017eitie hesiel, pokia\u013e t\u00e1to situ\u00e1cia nebola sp\u00f4soben\u00e1 priamo na\u0161ou webovou str\u00e1nkou.<\/li>\n<\/ul>\n<p><strong>3.1. \u010cas spracovania<\/strong><\/p>\n<p>Sprac\u00favame a uklad\u00e1me osobn\u00e9 \u00fadaje<\/p>\n<ul>\n<li>na dobu nevyhnutne potrebn\u00fa na zabezpe\u010denie v\u0161etk\u00fdch pr\u00e1v a povinnost\u00ed vypl\u00fdvaj\u00facich z k\u00fapnej zmluvy<\/li>\n<li>1 rok po skon\u010den\u00ed z\u00e1ru\u010dnej doby na rie\u0161enie pr\u00edpadn\u00fdch sporov.<\/li>\n<li>po dobu, po ktor\u00fa je SC SERENICAPELLI SRL ako spr\u00e1vca povinn\u00fd uchov\u00e1va\u0165 tieto inform\u00e1cie v s\u00falade so v\u0161eobecn\u00fdmi pr\u00e1vnymi predpismi. \u00da\u010dtovn\u00e9 doklady, napr\u00edklad fakt\u00fary vystaven\u00e9 spolo\u010dnos\u0165ou SC SERENICAPELLI SRL, sa archivuj\u00fa v s\u00falade so z\u00e1konom po dobu 10 rokov od ich vystavenia.<\/li>\n<li>Dohoda o oznamovan\u00ed dostupnosti tovaru zost\u00e1va v platnosti po\u010das obdobia dostupnosti predlo\u017een\u00fdch inform\u00e1ci\u00ed, najdlh\u0161ie v\u0161ak jeden rok alebo do jej odvolania.<\/li>\n<li>Platnos\u0165 dohody o marketingov\u00fdch ponuk\u00e1ch je 4 roky alebo do jej odvolania.<\/li>\n<li>Recenzia 6 rokov<\/li>\n<li>Pomoc 10-ro\u010dn\u00fdm<\/li>\n<li>Komunik\u00e1cia 2 roky<\/li>\n<li>S\u00fa\u0165a\u017ee 1 rok<\/li>\n<\/ul>\n<p>V ostatn\u00fdch pr\u00edpadoch \u010das spracovania vypl\u00fdva z \u00fa\u010delu spracovania alebo je dan\u00fd predpismi o ochrane osobn\u00fdch \u00fadajov.<\/p>\n<ol>\n<li><strong>Pr\u00e1va dotknut\u00fdch os\u00f4b<\/strong><\/li>\n<\/ol>\n<ul>\n<li>a) Ak sprac\u00favame va\u0161e \u00fadaje. osobn\u00fdch \u00fadajov, m\u00f4\u017eete bezplatne po\u017eiada\u0165 o inform\u00e1cie o spracovan\u00ed va\u0161ich osobn\u00fdch \u00fadajov.<\/li>\n<li>b) Ak sa domnievate, \u017ee spracovanie va\u0161ich osobn\u00fdch \u00fadajov nie je v s\u00falade s ochranou va\u0161ich \u00fadajov. Ak sa va\u0161e osobn\u00e9 \u00fadaje sprac\u00favaj\u00fa v rozpore s predpismi o ochrane osobn\u00fdch \u00fadajov, m\u00f4\u017eete po\u017eiada\u0165 o vysvetlenie, po\u017eiada\u0165 o odstr\u00e1nenie vzniknutej situ\u00e1cie a predov\u0161etk\u00fdm o opravu, doplnenie, vymazanie alebo zablokovanie osobn\u00fdch \u00fadajov.<\/li>\n<li>c) Ak chcete uplatni\u0165 svoje pr\u00e1va, obr\u00e1\u0165te sa na \u00faradn\u00edka pre ochranu \u00fadajov na <u><a href=\"mailto:contact@serenicapelli.com\">adrese contact@serenicapelli.com;<\/a> dpo@serenicapelli.com<\/u>. M\u00f4\u017eete sa obr\u00e1ti\u0165 aj na N\u00e1rodn\u00fd dozorn\u00fd \u00farad pre spracovanie osobn\u00fdch \u00fadajov.<\/li>\n<li>d) V\u00e1\u0161 s\u00fahlas o spracovan\u00ed osobn\u00fdch \u00fadajov mo\u017eno kedyko\u013evek odvola\u0165. Ak odvol\u00e1te svoj s\u00fahlas so spracovan\u00edm va\u0161ich osobn\u00fdch \u00fadajov, bud\u00fa vymazan\u00e9 alebo anonymizovan\u00e9; tieto opatrenia v\u0161ak nemaj\u00fa vplyv na osobn\u00e9 \u00fadaje, ktor\u00e9 spolo\u010dnos\u0165 SC SERENICAPELLI SRL potrebuje na plnenie svojich z\u00e1konn\u00fdch povinnost\u00ed (napr. na realiz\u00e1ciu u\u017e prijat\u00fdch objedn\u00e1vok) alebo na ochranu svojich opr\u00e1vnen\u00fdch z\u00e1ujmov. K vymazaniu osobn\u00fdch \u00fadajov doch\u00e1dza aj vtedy, ak nie s\u00fa potrebn\u00e9 na zam\u00fd\u0161\u013ean\u00fd \u00fa\u010del alebo ak uchov\u00e1vanie va\u0161ich \u00fadajov nie je potrebn\u00e9 na zam\u00fd\u0161\u013ean\u00fd \u00fa\u010del. je nepr\u00edpustn\u00fd z in\u00fdch d\u00f4vodov stanoven\u00fdch z\u00e1konom.<\/li>\n<\/ul>\n<p><strong>5.1. Cookie<\/strong><\/p>\n<p>Na\u0161e str\u00e1nky pou\u017e\u00edvaj\u00fa takzvan\u00e9 cookies, aby bola na\u0161a ponuka pre v\u00e1s relevantn\u00e1, zauj\u00edmav\u00e1 a pr\u00edjemn\u00e1. S\u00fabory cookie s\u00fa mal\u00e9 textov\u00e9 s\u00fabory ulo\u017een\u00e9 v po\u010d\u00edta\u010di alebo smartf\u00f3ne. alebo na inom zariaden\u00ed a pou\u017e\u00edva ich v\u00e1\u0161 prehliada\u010d. Web. S\u00fabory cookie pou\u017e\u00edvame na tieto \u00fa\u010dely:<\/p>\n<ul>\n<li>spr\u00e1vna funk\u010dnos\u0165 n\u00e1kupn\u00e9ho ko\u0161\u00edka, aby sa objedn\u00e1vka dokon\u010dila \u010do najjednoduch\u0161ie<\/li>\n<li>pripomenutie prihlasovac\u00edch \u00fadajov, aby ich nebolo potrebn\u00e9 zad\u00e1va\u0165 opakovane.<\/li>\n<li>\u010do najviac prisp\u00f4sobi\u0165 na\u0161e webov\u00e9 str\u00e1nky va\u0161im po\u017eiadavk\u00e1m prostredn\u00edctvom monitorovania va\u0161ich n\u00e1v\u0161tev, v\u00e1\u0161ho pohybu po str\u00e1nke a funkci\u00ed, ktor\u00e9 pou\u017e\u00edvate.<\/li>\n<li>sledovanie zobrazovan\u00fdch rekl\u00e1m, aby sa v\u00e1m nezobrazovali reklamy na produkty, o ktor\u00e9 nem\u00e1te z\u00e1ujem.<\/li>\n<\/ul>\n<p>Niektor\u00e9 s\u00fabory cookie m\u00f4\u017eu zhroma\u017e\u010fova\u0165 inform\u00e1cie, ktor\u00e9 n\u00e1sledne pou\u017e\u00edvaj\u00fa tretie strany a ktor\u00e9 napr\u00edklad priamo podporuj\u00fa na\u0161e propaga\u010dn\u00e9 aktivity (tzv. &#8222;s\u00fabory cookie tret\u00edch str\u00e1n&#8220;). Napr\u00edklad inform\u00e1cie o produktoch zak\u00fapen\u00fdch na na\u0161ej str\u00e1nke m\u00f4\u017eu by\u0165 poskytnut\u00e9 reklamnej agent\u00fare na \u00fa\u010dely zobrazovania a prisp\u00f4sobovania internetov\u00fdch reklamn\u00fdch bannerov, ktor\u00e9 sa zobrazuj\u00fa na vami zobrazen\u00fdch str\u00e1nkach. Upozor\u0148ujeme, \u017ee v\u00e1s nie je mo\u017en\u00e9 identifikova\u0165. na z\u00e1klade t\u00fdchto \u00fadajov.<\/p>\n<p><strong>5.2. Pou\u017e\u00edvanie s\u00faborov cookie<\/strong><\/p>\n<p>S\u00fabory cookie pou\u017e\u00edvan\u00e9 na na\u0161ej webovej str\u00e1nke mo\u017eno rozdeli\u0165 do dvoch kateg\u00f3ri\u00ed. Kr\u00e1tkodob\u00e9 takzvan\u00e9 &#8222;session cookies&#8220; sa vyma\u017e\u00fa hne\u010f, ako opust\u00edte na\u0161u webov\u00fa str\u00e1nku. Dlhodob\u00e9 takzvan\u00e9 &#8222;trval\u00e9 s\u00fabory cookie&#8220; zost\u00e1vaj\u00fa ulo\u017een\u00e9 vo va\u0161om zariaden\u00ed. dlh\u0161ie alebo k\u00fdm ich manu\u00e1lne neodstr\u00e1nite (pretrv\u00e1vanie s\u00faborov cookie vo va\u0161om zariaden\u00ed z\u00e1vis\u00ed od ich nastavenia a nastaven\u00ed v\u00e1\u0161ho prehliada\u010da).<\/p>\n<p>S\u00fabory cookie mo\u017eno klasifikova\u0165 aj pod\u013ea funk\u010dnosti:<\/p>\n<ul>\n<li>analytick\u00e9 \u00fadaje, ktor\u00e9 n\u00e1m pom\u00e1haj\u00fa zlep\u0161ova\u0165 pou\u017e\u00edvate\u013esk\u00fd z\u00e1\u017eitok na na\u0161ej str\u00e1nke, preto\u017ee ch\u00e1peme, ako ju pou\u017e\u00edvatelia pou\u017e\u00edvaj\u00fa.<\/li>\n<li>ukazovatele konverzie, ktor\u00e9 n\u00e1m umo\u017e\u0148uj\u00fa analyzova\u0165 v\u00fdkonnos\u0165 r\u00f4znych predajn\u00fdch kan\u00e1lov<\/li>\n<li>sledovanie, ktor\u00e9 v kombin\u00e1cii so sledovan\u00edm konverzi\u00ed pom\u00e1ha analyzova\u0165 v\u00fdkonnos\u0165 r\u00f4znych predajn\u00fdch kan\u00e1lov<\/li>\n<li>remarketing, ktor\u00fd sa pou\u017e\u00edva na personaliz\u00e1ciu obsahu rekl\u00e1m a spr\u00e1vne zacielenie rekl\u00e1m.<\/li>\n<li>nevyhnutn\u00e9, d\u00f4le\u017eit\u00e9 pre z\u00e1kladn\u00fa funk\u010dnos\u0165 str\u00e1nky<\/li>\n<\/ul>\n<p><strong>5.3. Odmietnutie s\u00faborov cookie<\/strong><\/p>\n<p>Nastavenie pou\u017e\u00edvania s\u00faborov cookie je s\u00fa\u010das\u0165ou v\u00e1\u0161ho prehliada\u010da. Internet. V\u00e4\u010d\u0161ina prehliada\u010dov predvolene automaticky prij\u00edma s\u00fabory cookie. Pomocou prehliada\u010da m\u00f4\u017eete tieto s\u00fabory cookie odmietnu\u0165 alebo ich obmedzi\u0165 na ur\u010dit\u00e9 typy, ktor\u00e9 si osobitne vyberiete.<\/p>\n<p>Inform\u00e1cie o prehliada\u010doch a nastaveniach s\u00faborov cookie n\u00e1jdete na nasleduj\u00facich webov\u00fdch str\u00e1nkach alebo v in\u00fdch s\u00faboroch webov\u00fdch prehliada\u010dov<\/p>\n<ul>\n<li><a href=\"https:\/\/support.google.com\/accounts\/answer\/61416?hl=ro&amp;co=GENIE.Platform%3DDesktop&amp;oco=1\">Chrome<\/a><\/li>\n<li><a href=\"https:\/\/support.mozilla.org\/ro\/kb\/activarea-si-dezactivarea-cookie-urilor\">Firefox<\/a><\/li>\n<li><a href=\"https:\/\/support.microsoft.com\/ro-ro\/help\/17442\/windows-internet-explorer-delete-manage-cookies\">Internet Explorer<\/a><\/li>\n<li><a href=\"https:\/\/support.google.com\/accounts\/answer\/61416?hl=ro&amp;co=GENIE.Platform%3DAndroid&amp;oco=1\">Android<\/a><\/li>\n<\/ul>\n<p><strong> <\/strong><\/p>\n<p><strong>5.4. Odkazy<\/strong><\/p>\n<p>Na\u0161a webov\u00e1 str\u00e1nka obsahuje odkazy na in\u00e9 webov\u00e9 str\u00e1nky, ktor\u00e9 s\u00fa praktick\u00e9 a obsahuj\u00fa u\u017eito\u010dn\u00e9 inform\u00e1cie. Upozor\u0148ujeme, \u017ee tieto str\u00e1nky m\u00f4\u017eu vlastni\u0165 a prev\u00e1dzkova\u0165 in\u00e9 spolo\u010dnosti a organiz\u00e1cie, ktor\u00e9 m\u00f4\u017eu ma\u0165 odli\u0161n\u00e9 z\u00e1sady bezpe\u010dnosti a ochrany osobn\u00fdch \u00fadajov. Na\u0161a spolo\u010dnos\u0165 nem\u00e1 \u017eiadnu kontrolu nad inform\u00e1ciami, materi\u00e1lmi, produktmi alebo slu\u017ebami, ktor\u00e9 s\u00fa s\u00fa\u010das\u0165ou t\u00fdchto webov\u00fdch str\u00e1nok alebo s\u00fa prostredn\u00edctvom nich pr\u00edstupn\u00e9, a nenesie za ne \u017eiadnu zodpovednos\u0165.<\/p>\n<ol>\n<li><strong>Kontaktujte n\u00e1s<\/strong><\/li>\n<\/ol>\n<p>Ak m\u00e1te ak\u00e9ko\u013evek ot\u00e1zky, pripomienky alebo po\u017eiadavky t\u00fdkaj\u00face sa t\u00fdchto Z\u00e1sad, kontaktujte n\u00e1s na adrese alebo na linke z\u00e1kazn\u00edckeho servisu uvedenej na konci t\u00fdchto Z\u00e1sad &#8211; alebo e-mailom.<\/p>\n<p>Kontakt na DPO: <u><br \/>\n  <a href=\"mailto:dpo@serenicapelli.com\">dpo@serenicapelli.com.<\/a><br \/>\n<\/u>; contact@serenicapelli.com<\/p>\n<p>Sc Sereni Capelli Srl (Sereni Capelli)<\/p>\n<ol>\n<li><strong>Platnos\u0165<\/strong><\/li>\n<\/ol>\n<p>Tieto z\u00e1sady ochrany osobn\u00fdch \u00fadajov nadob\u00fadaj\u00fa \u00fa\u010dinnos\u0165 1.5.2018.<\/p>\n","protected":false},"excerpt":{"rendered":"<p>Z\u00e1sady ochrany osobn\u00fdch \u00fadajov Sereni Capelli, prev\u00e1dzkovate\u013e internetov\u00e9ho obchodu www.serenicapelli.com, vyhlasuje, \u017ee v\u0161etky osobn\u00e9 \u00fadaje (\u010falej len &#8222;\u00fadaje&#8220;) s\u00fa pova\u017eovan\u00e9 za pr\u00edsne d\u00f4vern\u00e9 a zaobch\u00e1dza sa s nimi v s\u00falade s platn\u00fdmi z\u00e1konmi v oblasti ochrany osobn\u00fdch \u00fadajov. Bezpe\u010dnos\u0165 va\u0161ich osobn\u00fdch \u00fadajov je pre n\u00e1s prioritou. Preto venujeme maxim\u00e1lnu pozornos\u0165 osobn\u00fdm \u00fadajom a ich ochrane. [&hellip;]<\/p>\n","protected":false},"author":1,"featured_media":0,"parent":0,"menu_order":0,"comment_status":"closed","ping_status":"closed","template":"","meta":{"footnotes":""},"class_list":["post-728086","page","type-page","status-publish","hentry"],"_links":{"self":[{"href":"https:\/\/serenicapelli.com\/sk\/wp-json\/wp\/v2\/pages\/728086","targetHints":{"allow":["GET"]}}],"collection":[{"href":"https:\/\/serenicapelli.com\/sk\/wp-json\/wp\/v2\/pages"}],"about":[{"href":"https:\/\/serenicapelli.com\/sk\/wp-json\/wp\/v2\/types\/page"}],"author":[{"embeddable":true,"href":"https:\/\/serenicapelli.com\/sk\/wp-json\/wp\/v2\/users\/1"}],"replies":[{"embeddable":true,"href":"https:\/\/serenicapelli.com\/sk\/wp-json\/wp\/v2\/comments?post=728086"}],"version-history":[{"count":0,"href":"https:\/\/serenicapelli.com\/sk\/wp-json\/wp\/v2\/pages\/728086\/revisions"}],"wp:attachment":[{"href":"https:\/\/serenicapelli.com\/sk\/wp-json\/wp\/v2\/media?parent=728086"}],"curies":[{"name":"wp","href":"https:\/\/api.w.org\/{rel}","templated":true}]}}