{"id":728078,"date":"2023-02-06T19:24:05","date_gmt":"2023-02-06T17:24:05","guid":{"rendered":"https:\/\/serenicapelli.com\/otazky-a-odpovede\/"},"modified":"2023-04-01T18:35:42","modified_gmt":"2023-04-01T16:35:42","slug":"otazky-a-odpovede","status":"publish","type":"page","link":"https:\/\/serenicapelli.com\/sk\/otazky-a-odpovede\/","title":{"rendered":"OT\u00c1ZKY A ODPOVEDE"},"content":{"rendered":"\t\t<div data-elementor-type=\"wp-page\" data-elementor-id=\"728078\" class=\"elementor elementor-728078 elementor-727182\" data-elementor-post-type=\"page\">\n\t\t\t\t<div class=\"elementor-element elementor-element-bd2a907 e-flex e-con-boxed e-con e-parent\" data-id=\"bd2a907\" data-element_type=\"container\">\n\t\t\t\t\t<div class=\"e-con-inner\">\n\t\t\t\t<div class=\"elementor-element elementor-element-d6e6f30 elementor-widget elementor-widget-text-editor\" data-id=\"d6e6f30\" data-element_type=\"widget\" data-widget_type=\"text-editor.default\">\n\t\t\t\t<div class=\"elementor-widget-container\">\n\t\t\t\t\t\t\t\t\t<h3>Ot\u00e1zky a odpovede<\/h3>\n<p>Na tejto str\u00e1nke n\u00e1jdete odpovede na naj\u010dastej\u0161ie ot\u00e1zky na\u0161ich z\u00e1kazn\u00edkov.<\/p>\n<p>Tieto inform\u00e1cie v\u00e1m pom\u00f4\u017eu dosiahnu\u0165 najlep\u0161ie v\u00fdsledky pri pou\u017e\u00edvan\u00ed v\u00fdrobkov Sereni Capelli.<\/p>\n<p><strong>Ak\u00fa m\u00e1m z\u00e1ruku, \u017ee tento v\u00fdrobok funguje?<\/strong><\/p>\n<p>Na v\u00fdrobky Sereni Capelli sa vz\u0165ahuje 30-d\u0148ov\u00e1 z\u00e1ruka od d\u00e1tumu prevzatia. Ak nie ste spokojn\u00ed s v\u00fdsledkami dosiahnut\u00fdmi pou\u017e\u00edvan\u00edm na\u0161ich v\u00fdrobkov po dobu najmenej 15 dn\u00ed, m\u00f4\u017eete n\u00e1s kontaktova\u0165 pomocou inform\u00e1ci\u00ed na str\u00e1nke KONTAKT a my v\u00e1m vr\u00e1time cel\u00fa sumu vr\u00e1tane n\u00e1kladov na dopravu.<\/p>\n<p><strong>M\u00f4\u017eem tento v\u00fdrobok pou\u017e\u00edva\u0165 aj na bradu?<\/strong><\/p>\n<p>\u00c1no, v\u00fdrobky Sereni Capelli sa m\u00f4\u017eu pou\u017e\u00edva\u0165 aj na bradu, ale d\u00e1vajte pozor, aby ste v\u00fdrobok neprehltli, aby ste sa vyhli nepr\u00edjemn\u00fdm pocitom. Je potrebn\u00e9 poznamena\u0165, \u017ee vlasy na brade s\u00fa ve\u013emi hrub\u00e9 a nemus\u00edte dosiahnu\u0165 v\u00fdsledky tak r\u00fdchlo ako pri vlasoch na hlave. Z tohto d\u00f4vodu, pros\u00edm, trochu zn\u00ed\u017ete svoje o\u010dak\u00e1vania a bu\u010fte trpezlivej\u0161\u00ed.<\/p>\n<p><strong>M\u00f4\u017eem tento produkt pou\u017e\u00edva\u0165, ak som tehotn\u00e1? \u010co ak doj\u010d\u00edm?<\/strong><\/p>\n<p>V\u00fdrobky Sereni Capelli s\u00fa vyroben\u00e9 z bezpe\u010dn\u00fdch zlo\u017eiek, tak\u017ee nepredstavuj\u00fa \u017eiadne riziko pre zdravie die\u0165a\u0165a.<br \/>S\u00fa vhodn\u00e9 aj na pou\u017e\u00edvanie po\u010das doj\u010denia.<\/p>\n<p><strong>M\u00f4\u017eem pou\u017e\u00edva\u0165 tento produkt, ak som ned\u00e1vno podst\u00fapil implant\u00e1ciu vlasov?<\/strong><\/p>\n<p>Ak ste ned\u00e1vno podst\u00fapili oper\u00e1ciu vlasov\u00fdch implant\u00e1tov, odpor\u00fa\u010dame v\u00e1m po\u010dka\u0165 aspo\u0148 6 mesiacov pred pou\u017eit\u00edm v\u00fdrobkov Sereni Capelli.<\/p>\n<p>Obsahuj\u00fa alkohol a implantovan\u00e9 vlasy potrebuj\u00fa \u010das na v\u00fdvoj a posilnenie svojich korienkov.<\/p>\n<p>Po 6 mesiacoch od implant\u00e1cie v\u0161ak mo\u017eno dokonca odpor\u00fa\u010da\u0165 pou\u017e\u00edvanie na\u0161ich produktov, preto\u017ee pom\u00e1haj\u00fa posil\u0148ova\u0165 vlasy a eliminova\u0165 bakt\u00e9rie, ktor\u00e9 m\u00f4\u017eu vies\u0165 k vypad\u00e1vaniu vlasov.<\/p>\n<p><strong>Som alergick\u00fd na farbu. M\u00f4\u017eem tieto produkty pou\u017e\u00edva\u0165?<\/strong><\/p>\n<p>V\u00fdrobky Sereni Capelli m\u00f4\u017eete pou\u017e\u00edva\u0165 namiesto farb\u00edv bez rizika vyvolania alergie.V\u00fdrobky Sereni Capelli neobsahuj\u00fa farbiace pigmenty ani oxidanty (PEROXID).<\/p>\n<p>Hoci obnovuj\u00fa prirodzen\u00fa farbu vlasov, v\u00fdrobky Sereni Capelli nemaj\u00fa ni\u010d spolo\u010dn\u00e9 s farbami na vlasy.<\/p>\n<p><strong>M\u00e1m psori\u00e1zu (alebo in\u00e9 ko\u017en\u00e9 ochorenie), m\u00f4\u017eem pou\u017e\u00edva\u0165 tento v\u00fdrobok?<\/strong><\/p>\n<p>O\u0161etrenia &#8222;Lozione&#8220; a &#8222;Crema &#8211; Forte&#8220; obsahuj\u00fa alkohol.<br \/>Ke\u010f\u017ee pozn\u00e1me zlo\u017eitos\u0165 tohto ochorenia s n\u00e1zvom Psori\u00e1za a in\u00fdch ko\u017en\u00fdch ochoren\u00ed, neodpor\u00fa\u010dame pou\u017e\u00edva\u0165 lie\u010dbu, aj ke\u010f sa v \u017eiadnom z testov vykonan\u00fdch v\u00fdrobn\u00fdm t\u00edmom nevyskytli \u017eiadne ne\u017eiaduce reakcie.<\/p>\n<p>Ur\u00fdch\u013eova\u010de &#8222;Intenso Gel&#8220; a &#8222;\u0160amp\u00f3n&#8220; s\u00fa e\u0161te bezpe\u010dnej\u0161ie ako lie\u010dba, ale aj s pou\u017e\u00edvan\u00edm t\u00fdchto v\u00fdrobkov sa mus\u00ed zaobch\u00e1dza\u0165 ve\u013emi opatrne.<\/p>\n<p><strong>Beriem lieky. M\u00f4\u017eem tento v\u00fdrobok pou\u017e\u00edva\u0165?<\/strong><\/p>\n<p>Pou\u017e\u00edvanie v\u00fdrobkov Sereni Capelli v kombin\u00e1cii s in\u00fdmi lie\u010debn\u00fdmi postupmi nie je obmedzen\u00e9, ale mali by ste ma\u0165 na pam\u00e4ti nasleduj\u00face skuto\u010dnosti:<\/p>\n<ul>\n<li>Ak pou\u017e\u00edvate povrchov\u00e9 o\u0161etrenia, ako s\u00fa oleje, masti, spreje at\u010f., nepou\u017e\u00edvajte ich na ten ist\u00fd povrch, na ktor\u00fd aplikujete o\u0161etrenie &#8222;Lozione&#8220; alebo &#8222;Crema-Forte&#8220;, preto\u017ee tieto o\u0161etrenia sa pravdepodobne navz\u00e1jom vyru\u0161ia.<\/li>\n<li>Vy\u0161\u0161ie uveden\u00e9 obmedzenia sa nevz\u0165ahuj\u00fa na ur\u00fdch\u013eova\u010de &#8222;\u0160amp\u00f3n&#8220; alebo &#8222;Gel-Intenso&#8220;.<\/li>\n<li>V pr\u00edpade prehltnut\u00fdch liekov neexistuj\u00fa \u017eiadne obmedzenia.<\/li>\n<li>Upozor\u0148ujeme, \u017ee niektor\u00e9 lieky, ako napr\u00edklad &#8222;Aspir\u00edn&#8220; a &#8222;Paracetamol&#8220;, zni\u017euj\u00fa \u00fa\u010dinok lie\u010dby Sereni Capelli a\u017e o 40 %.<\/li>\n<\/ul>\n<div> <\/div>\n<p><strong>Som alergick\u00fd na viacer\u00e9 l\u00e1tky, m\u00f4\u017eem pou\u017e\u00edva\u0165 tento v\u00fdrobok?<\/strong><\/p>\n<p>NEODPOR\u00da\u010cAME POU\u017d\u00cdVA\u0164 V\u00ddROBKY SERENI CAPELLI OSOB\u00c1M S VIACER\u00ddMI ALERGIAMI!<\/p>\n<p>V\u00fdrobky Sereni Capelli neobsahuj\u00fa zlo\u017eky, ktor\u00e9 m\u00f4\u017eu sp\u00f4sobi\u0165 alergie. Obsahuje v\u0161ak alkohol a m\u00f4\u017ee sp\u00f4sobi\u0165 podr\u00e1\u017edenie poko\u017eky, ktor\u00e9 sa u \u013eud\u00ed, ktor\u00ed s\u00fa ve\u013emi \u013eahko alergick\u00ed, m\u00f4\u017ee zmeni\u0165 na alergiu.<\/p>\n<p>\u013dudia s viacer\u00fdmi alergiami alebo \u013eudia, ktor\u00ed s\u00fa ve\u013emi \u013eahko citliv\u00ed alebo alergick\u00ed na r\u00f4zne l\u00e1tky, m\u00f4\u017eu by\u0165 niekedy alergick\u00ed aj na nealerg\u00e9nne l\u00e1tky\/zlo\u017eky. Preto v\u00e1m v z\u00e1ujme va\u0161ej bezpe\u010dnosti neodpor\u00fa\u010dame tieto v\u00fdrobky pou\u017e\u00edva\u0165.<\/p>\n<p>Ak v\u0161ak naozaj chcete pou\u017e\u00edva\u0165 na\u0161e v\u00fdrobky, odpor\u00fa\u010dame v\u00e1m, aby ste ich pred pou\u017eit\u00edm pod\u013ea pokynov ve\u013emi pomaly otestovali.<\/p>\n<p><strong>AKO ODPOR\u00da\u010cAME POSTUPOVA\u0164?<\/strong><\/p>\n<ul>\n<li>V prvom rade sa uistite, \u017ee m\u00e1te po ruke potrebn\u00e9 lieky proti alergi\u00e1m, ak sa vyskytn\u00fa.<\/li>\n<li>V z\u00e1ujme va\u0161ej bezpe\u010dnosti sa uistite, \u017ee je s vami v izbe niekto in\u00fd, kto v\u00e1m v pr\u00edpade potreby poskytne prv\u00fa pomoc alebo v\u00e1s v pr\u00edpade z\u00e1va\u017enej alergie prevezie do nemocnice.<\/li>\n<li>Potom f\u013ea\u0161ti\u010dku dobre pretrepte, naneste ve\u013emi mal\u00e9 mno\u017estvo pr\u00edpravku na predlaktie a \u0161pi\u010dkou prsta ho rozotrite na ploche 3-4 cm.<\/li>\n<li>Po\u010dkajte nieko\u013eko hod\u00edn a ak sa ni\u010d nedeje, zopakujte rovnak\u00fd postup na poko\u017eke hlavy na rozhran\u00ed s \u010delom.<\/li>\n<li>Ak sa neobjavia \u017eiadne pr\u00edznaky alergie, m\u00f4\u017eete aplikova\u0165 na v\u00e4\u010d\u0161iu plochu a proces opakova\u0165 minim\u00e1lne \u0161tyrikr\u00e1t s odstupom najmenej 4 hod\u00edn.<\/li>\n<li>Ak sa nevyskytn\u00fa \u017eiadne alergie, ale d\u00f4jde k podr\u00e1\u017edeniu ko\u017ee, zv\u00e1\u017ete, ak\u00e9 siln\u00e9 a ob\u0165a\u017euj\u00face je toto podr\u00e1\u017edenie, aby ste pos\u00fadili, \u010di budete chcie\u0165 pokra\u010dova\u0165 v lie\u010dbe.<\/li>\n<li>U niektor\u00fdch \u013eud\u00ed sa m\u00f4\u017ee objavi\u0165 podr\u00e1\u017edenie poko\u017eky, ktor\u00e9 je norm\u00e1lnym procesom, ale zmizne pribli\u017ene po 15 pou\u017eitiach.<\/li>\n<li>Je ve\u013emi d\u00f4le\u017eit\u00e9 uvedomi\u0165 si rozdiel medzi podr\u00e1\u017eden\u00edm ko\u017ee a alergiou!<\/li>\n<\/ul>\n<div> <\/div>\n<p><strong>Nem\u00e1m biele vlasy! M\u00f4\u017eem z\u00edska\u0165 \u010fal\u0161ie v\u00fdhody?<\/strong><\/p>\n<p>\u00c1no! V\u00fdrobky Sereni Capelli m\u00f4\u017eete pou\u017e\u00edva\u0165, aj ke\u010f nem\u00e1te biele vlasy, a vyu\u017e\u00edva\u0165 v\u0161etky ostatn\u00e9 v\u00fdhody.<br \/>Pou\u017e\u00edvanie v\u00fdrobkov Sereni Capelli, ke\u010f nem\u00e1te biele ch\u013apky, zabr\u00e1ni ich vzniku.<\/p>\n<p><strong>Pou\u017e\u00edvam tento produkt a svrb\u00ed ma poko\u017eka hlavy. Pre\u010do?<\/strong><\/p>\n<p>Ak v\u00e1s poko\u017eka hlavy svrb\u00ed, ke\u010f pou\u017e\u00edvate o\u0161etrenie Sereni Capelli, znamen\u00e1 to, \u017ee bu\u010f va\u0161a poko\u017eka hlavy obsahuje mikrotrhliny a tie sa opravuj\u00fa, alebo m\u00e1te kol\u00f3niu bakt\u00e9ri\u00ed a tie sa odstr\u00e1nia.<\/p>\n<p>Pribli\u017ene po 2-3 t\u00fd\u017ed\u0148och pou\u017e\u00edvania na\u0161ich pr\u00edpravkov svrbenie zmizne a poko\u017eka hlavy sa \u00faplne zahoj\u00ed.<\/p>\n<p><strong>Ke\u010f pou\u017e\u00edvam tento v\u00fdrobok, moje vlasy nepr\u00edjemne zap\u00e1chaj\u00fa. Pre\u010do?<\/strong><\/p>\n<p>Ak m\u00e1te bohat\u00e9 vlasy, v poko\u017eke hlavy sa m\u00f4\u017eu hromadi\u0165 kol\u00f3nie bakt\u00e9ri\u00ed, ktor\u00e9 sa dokonca m\u00f4\u017eu presun\u00fa\u0165 na vlasy.<br \/>Pri pou\u017e\u00edvan\u00ed v\u00fdrobkov Sereni Capelli s\u00fa tieto bakt\u00e9rie napadnut\u00e9 l\u00e1tkami v na\u0161ich v\u00fdrobkoch a &#8222;bojuj\u00fa&#8220;.<\/p>\n<p>V d\u00f4sledku boja proti t\u00fdmto bakt\u00e9ri\u00e1m sa zvy\u010dajne objav\u00ed nepr\u00edjemn\u00fd z\u00e1pach, najm\u00e4 kr\u00e1tko po aplik\u00e1cii v\u00fdrobku.<\/p>\n<p>Trv\u00e1 pribli\u017ene 3 t\u00fd\u017edne, k\u00fdm sa tieto bakt\u00e9rie odstr\u00e1nia a z\u00e1pach zmizne.<\/p>\n<p>Po t\u00fdchto troch t\u00fd\u017ed\u0148och by mal z\u00e1pach takmer \u00faplne zmizn\u00fa\u0165, \u010do je znakom toho, \u017ee bakt\u00e9rie boli odstr\u00e1nen\u00e9.<\/p>\n<p>V tak\u00fdchto pr\u00edpadoch odpor\u00fa\u010dame pokra\u010dova\u0165 v pou\u017e\u00edvan\u00ed v\u00fdrobkov pod\u013ea &#8222;lie\u010debnej sch\u00e9my&#8220; minim\u00e1lne 5 t\u00fd\u017ed\u0148ov pred prechodom na &#8222;konsolida\u010dn\u00fa sch\u00e9mu&#8220;.<\/p>\n<p><strong>Moja poko\u017eka je \u010derven\u00e1 a svrb\u00ed. Pre\u010do?<\/strong><\/p>\n<p>Ak v\u00e1s pri pou\u017e\u00edvan\u00ed pr\u00edpravkov Sereni Capelli \u0161t\u00edpe a \u010derven\u00e1 poko\u017eka, mo\u017eno m\u00e1te citliv\u00fa poko\u017eku alebo trp\u00edte ko\u017en\u00fdm ochoren\u00edm, o ktorom neviete.<br \/>Existuje v\u0161ak aj mo\u017enos\u0165, \u017ee poko\u017eka hlavy obsahuje mikrotrhliny, ktor\u00e9 je potrebn\u00e9 opravi\u0165.<\/p>\n<p>Odpor\u00fa\u010dame v\u00e1m, aby ste sa najprv uistili, \u017ee okrem po\u010diato\u010dn\u00e9ho p\u00e1lenia a za\u010dervenania poko\u017eky hlavy nem\u00e1te \u017eiadne in\u00e9 \u00fa\u010dinky na poko\u017eku.<br \/>Ak sa neobjavia \u017eiadne in\u00e9 \u00fa\u010dinky a \u010derven\u00e9 sfarbenie zmizne do 2-3 hod\u00edn, ide o norm\u00e1lny proces, ktor\u00fd by mal zmizn\u00fa\u0165 pribli\u017ene po 15-20 pou\u017eitiach, preto\u017ee poko\u017eka hlavy sa st\u00e1va odolnej\u0161ou.<\/p>\n<p><strong>Pou\u017e\u00edvam tento produkt, ale nevid\u00edm \u017eiadny \u00fa\u010dinok.<\/strong><\/p>\n<p>\u0160anca, \u017ee budete spr\u00e1vne pou\u017e\u00edva\u0165 pr\u00edpravky Sereni Capelli pod\u013ea pokynov po\u010das 14 dn\u00ed a nezaznamen\u00e1te \u017eiadne zlep\u0161enie, je men\u0161ia ako 1 ku 100 000.<\/p>\n<p>Zistilo sa, \u017ee viac ako 99 % nahl\u00e1sen\u00fdch neefekt\u00edvnych postupov bolo sp\u00f4soben\u00fdch nevhodn\u00fdm pou\u017e\u00edvan\u00edm lie\u010dby.<\/p>\n<p>Aby ste sa uistili, \u017ee ste o\u0161etrenie pou\u017eili spr\u00e1vne, pozrite si str\u00e1nku ka\u017ed\u00e9ho v\u00fdrobku, ktor\u00fd pou\u017e\u00edvate, kde n\u00e1jdete spr\u00e1vny n\u00e1vod na pou\u017eitie.<\/p>\n<p>Ak ste produkty pou\u017e\u00edvali spr\u00e1vne a naozaj nem\u00e1te \u017eiadne v\u00fdsledky, patr\u00edte k t\u00fdm vz\u00e1cnym \u013eu\u010fom, pre ktor\u00fdch produkt jednoducho nem\u00f4\u017ee fungova\u0165.<\/p>\n<p>Ak spozorujete \u00fa\u010dinky, ale nie s\u00fa to po\u017eadovan\u00e9 \u00fa\u010dinky, spad\u00e1te do jednej alebo viacer\u00fdch z nasleduj\u00facich situ\u00e1ci\u00ed:<\/p>\n<ul>\n<li>Nedodr\u017eali ste \u010dasy aplik\u00e1cie v\u00fdrobku.<\/li>\n<li>Nepou\u017eili ste dostatok produktu.<\/li>\n<li>Pred pou\u017eit\u00edm f\u013ea\u0161u dostato\u010dne nepretrepte.<\/li>\n<li>Pr\u00edpravok ste nepou\u017e\u00edvali dostato\u010dne dlh\u00fd \u010das (zvy\u010dajne je potrebn\u00e9 pou\u017e\u00edva\u0165 pr\u00edpravok pod\u013ea lie\u010debn\u00e9ho pl\u00e1nu 4 a\u017e 6 t\u00fd\u017ed\u0148ov bez preru\u0161enia).<\/li>\n<\/ul>\n\t\t\t\t\t\t\t\t<\/div>\n\t\t\t\t<\/div>\n\t\t\t\t\t<\/div>\n\t\t\t\t<\/div>\n\t\t\t\t<\/div>\n\t\t","protected":false},"excerpt":{"rendered":"<p>Ot\u00e1zky a odpovede Na tejto str\u00e1nke n\u00e1jdete odpovede na naj\u010dastej\u0161ie ot\u00e1zky na\u0161ich z\u00e1kazn\u00edkov. Tieto inform\u00e1cie v\u00e1m pom\u00f4\u017eu dosiahnu\u0165 najlep\u0161ie v\u00fdsledky pri pou\u017e\u00edvan\u00ed v\u00fdrobkov Sereni Capelli. Ak\u00fa m\u00e1m z\u00e1ruku, \u017ee tento v\u00fdrobok funguje? Na v\u00fdrobky Sereni Capelli sa vz\u0165ahuje 30-d\u0148ov\u00e1 z\u00e1ruka od d\u00e1tumu prevzatia. Ak nie ste spokojn\u00ed s v\u00fdsledkami dosiahnut\u00fdmi pou\u017e\u00edvan\u00edm na\u0161ich v\u00fdrobkov po dobu [&hellip;]<\/p>\n","protected":false},"author":1,"featured_media":0,"parent":0,"menu_order":0,"comment_status":"closed","ping_status":"closed","template":"","meta":{"footnotes":""},"class_list":["post-728078","page","type-page","status-publish","hentry"],"_links":{"self":[{"href":"https:\/\/serenicapelli.com\/sk\/wp-json\/wp\/v2\/pages\/728078","targetHints":{"allow":["GET"]}}],"collection":[{"href":"https:\/\/serenicapelli.com\/sk\/wp-json\/wp\/v2\/pages"}],"about":[{"href":"https:\/\/serenicapelli.com\/sk\/wp-json\/wp\/v2\/types\/page"}],"author":[{"embeddable":true,"href":"https:\/\/serenicapelli.com\/sk\/wp-json\/wp\/v2\/users\/1"}],"replies":[{"embeddable":true,"href":"https:\/\/serenicapelli.com\/sk\/wp-json\/wp\/v2\/comments?post=728078"}],"version-history":[{"count":0,"href":"https:\/\/serenicapelli.com\/sk\/wp-json\/wp\/v2\/pages\/728078\/revisions"}],"wp:attachment":[{"href":"https:\/\/serenicapelli.com\/sk\/wp-json\/wp\/v2\/media?parent=728078"}],"curies":[{"name":"wp","href":"https:\/\/api.w.org\/{rel}","templated":true}]}}