{"id":727182,"date":"2023-02-06T19:24:05","date_gmt":"2023-02-06T17:24:05","guid":{"rendered":"https:\/\/serenicapelli.com\/?page_id=727182"},"modified":"2023-03-23T19:39:49","modified_gmt":"2023-03-23T17:39:49","slug":"qa","status":"publish","type":"page","link":"https:\/\/serenicapelli.com\/ro\/qa\/","title":{"rendered":"Q&#038;A"},"content":{"rendered":"\t\t<div data-elementor-type=\"wp-page\" data-elementor-id=\"727182\" class=\"elementor elementor-727182\" data-elementor-post-type=\"page\">\n\t\t\t\t<div class=\"elementor-element elementor-element-bd2a907 e-flex e-con-boxed e-con e-parent\" data-id=\"bd2a907\" data-element_type=\"container\" data-e-type=\"container\">\n\t\t\t\t\t<div class=\"e-con-inner\">\n\t\t\t\t<div class=\"elementor-element elementor-element-d6e6f30 elementor-widget elementor-widget-text-editor\" data-id=\"d6e6f30\" data-element_type=\"widget\" data-e-type=\"widget\" data-widget_type=\"text-editor.default\">\n\t\t\t\t<div class=\"elementor-widget-container\">\n\t\t\t\t\t\t\t\t\t<h3>\u00centreb\u0103ri \u0219i R\u0103spunsuri<\/h3><p>\u00cen aceast\u0103 pagin\u0103 g\u0103si\u021bi r\u0103spunsuri la cel mai des \u00eent\u00e2lnite \u00eentreb\u0103ri adresate de c\u0103tre clien\u021bii no\u0219trii .<\/p><p>Aceste informatii va vor ajuta sa beneficiati de cele mai bune rezultate, atunci cand folositi produsele Sereni Capelli.<\/p><p><strong>Ce garan\u021bie am c\u0103 acest produs func\u021bioneaz\u0103?<\/strong><\/p><p>Produsele Sereni Capelli sunt acoperite de o garan\u021bie de 30 de zile de la data primirii acestora. Dac\u0103 nu sunte\u021bi mul\u021bumi\u021bi de rezultatele ob\u021binute prin utilizarea produselor noastre timp de cel pu\u021bin 15 zile, pute\u021bi s\u0103 ne contacta\u021bi folosind informatiile din pagina de CONTACT \u0219i v\u0103 vom returna \u00eentreaga sum\u0103, incluz\u00e2nd \u0219i costurile de transport.<\/p><p><strong>Pot folosi acest produs \u0219i pentru barb\u0103?<\/strong><\/p><p>Da, produsele Sereni Capelli pot fi utilizate \u0219i pentru barb\u0103, \u00eens\u0103 trebuie s\u0103 fi\u021bi aten\u021bi s\u0103 nu \u00eenghi\u021bi\u021bi produsul, pentru a evita orice disconfort. De men\u021bionat este faptul c\u0103 p\u0103rul din barb\u0103 este foarte aspru \u0219i este posibil s\u0103 nu ob\u021bine\u021bi rezultatele la fel de rapide ca \u00een cazul p\u0103rului de pe scalp. Din acest motiv, v\u0103 rug\u0103m s\u0103 v\u0103 diminua\u021bi pu\u021bin a\u0219tept\u0103rile \u0219i s\u0103 fi\u021bi mai r\u0103bd\u0103tori.<\/p><p><strong>Pot folosi acest produs dac\u0103 sunt \u00eens\u0103rcinat\u0103? Dar dac\u0103 al\u0103ptez?<\/strong><\/p><p>Produsele Sereni Capelli sunt fabricate din ingrediente sigure, astfel \u00eenc\u00e2t nu prezint\u0103 niciun risc pentru s\u0103n\u0103tatea bebelu\u0219ului.<br \/>De asemenea, acestea sunt potrivite pentru utilizare \u0219i \u00een timpul al\u0103pt\u0103rii.<\/p><p><strong>Pot folosi acest produs dac\u0103 am avut recent un implant de p\u0103r?<\/strong><\/p><p>Dac\u0103 a\u021bi beneficiat recent de o interven\u021bie de implant de p\u0103r, v\u0103 recomand\u0103m s\u0103 a\u0219tepta\u021bi cel pu\u021bin 6 luni \u00eenainte de a utiliza produsele Sereni Capelli.<\/p><p>Acestea con\u021bin alcool si p\u0103rul implantat are nevoie de timp pentru a se dezvolta \u0219i pentru a-\u0219i \u00eent\u0103ri r\u0103d\u0103cinile.<\/p><p>Cu toate acestea, dup\u0103 6 luni de la implant, folosirea produselor noastre poate fi chiar recomandat\u0103, deoarece acestea ajut\u0103 la \u00eent\u0103rirea firului de p\u0103r \u0219i la eliminarea bacteriilor care pot duce la c\u0103derea p\u0103rului.<\/p><p><strong>Am alergie la vopsea. Pot folosi aceste produse?<\/strong><\/p><p>Pute\u021bi folosi produsele Sereni Capelli \u00een loc de vopsea, f\u0103r\u0103 a exista riscul declan\u0219\u0103rii unei alergii.Produsele Sereni Capelli nu con\u021b\u00een nici pigmen\u021bi de vopsea \u0219i nici oxidan\u021bi (PEROXID).<\/p><p>De\u0219i readuc p\u0103rul la culoarea natural\u0103, produsele Sereni Capelli nu au nimic in comun cu vopseaua de p\u0103r.<\/p><p><strong>Am Psoriazis (sau alt\u0103 boal\u0103 a pielii), pot folosi acest produs?<\/strong><\/p><p>Tratamentele \u201cLozione\u201d \u0219i \u201cCrema &#8211; Forte\u201d au \u00een componen\u021b\u0103 alcool.<br \/>Cunosc\u00e2nd complexitatea acestei boli numit\u0103 Psoriazis, dar \u0219i a altor boli de piele, nu recomand\u0103m folosirea tratamentelor, chiar dac\u0103 nu au ap\u0103rut reac\u021bii adverse la nici unul dintre testele efectuate de c\u0103tre echipa de produc\u021bie.<\/p><p>Acceleratoarele \u201cGel Intenso\u201d \u0219i \u201cShampoo\u201d, sunt \u0219i mai sigure de folosit dec\u00e2t tratamentele, \u00eens\u0103 \u0219i folosirea acestor produse trebuie tratat\u0103 cu foarte mare vigilen\u021ba.<\/p><p><strong>M\u0103 aflu sub medicamenta\u021bie. Pot folosi acest produs?<\/strong><\/p><p>Utilizarea produselor Sereni Capelli concomitent cu alte tratamente, nu este restric\u021bionat\u0103, \u00eens\u0103 trebuie s\u0103 \u021bine\u021bi cont de urm\u0103toarele:<\/p><ul><li>Dac\u0103 folosi\u021bi tratamente de suprafa\u021b\u0103 de tip uleiuri, unguente, spray&#8230; etc, nu folosi\u021bi pe aceea\u0219i suprafa\u021b\u0103 pe care aplica\u021bi tratamentele &#8222;Lozione&#8221; sau &#8222;Crema-Forte&#8221;, \u00eentruc\u00e2t cel mai probabil aceste tratamente se vor anula \u00eentre ele.<\/li><li>Restric\u021biile de mai sus nu se aplic\u0103 \u0219i pentru acceleratoarele &#8222;Shampoo&#8221; sau &#8222;Gel-Intenso&#8221;<\/li><li>\u00cen cazul medicamentelor ingerabile, nu exist\u0103 restric\u021bii.<\/li><li>Men\u021bion\u0103m c\u0103 unele medicamente, cum ar fi &#8222;Aspirin\u0103&#8221; \u0219i &#8222;Paracetamol&#8221;, vor diminua efectele tratamentelor Sereni Capelli cu pana la 40%<\/li><\/ul><div>\u00a0<\/div><p><strong>Sunt o persoan\u0103 alergic\u0103 la mai multe substan\u021be, pot folosi acest produs?<\/strong><\/p><p>NU RECOMAND\u0102M FOLOSIREA PRODUSELOR SERENI CAPELLI \u00ceN CAZUL PERSOANELOR CU ALERGII MULTIPLE!<\/p><p>Produsele Sereni Capelli nu con\u021b \u00een ingrediente care pot provoca alergii. Totu\u0219i , con\u021b \u00een Alcool \u0219i acesta poate provoca irita\u021bii ale pielii, care la persoane care devin alergice foarte u\u0219or , se pot transforma \u00een alergii.<\/p><p>Persoanele cu alergii multiple sau care devin foarte u\u0219or sensibile sau alergice la diverse substan\u021be , pot deveni uneori alergice chiar \u0219i la substan\u021be \/ingrediente non-alergenice. Motiv pentru care, pentru siguranta dumneavoastr\u0103 , nu v\u0103 recomand\u0103m s\u0103 folosi\u021bi aceste produse.<\/p><p>Totu\u0219i , dac\u0103 dori\u021bi neap\u0103rat s\u0103 folosi\u021bi produsele noastre, va recomand\u0103m s\u0103 testa\u021bi foarte \u00eencet \u00eenainte de a utiliza conform instruc\u021biunilor .<\/p><p><strong>CUM VA RECOMAND\u0102M S\u0102 PROCEDA\u021aI ?<\/strong><\/p><ul><li>\u00cen primul r\u00e2nd , va rug\u0103m s\u0103 va asigura\u021bi c\u0103 ave\u021bi la \u00eendem\u00e2n\u0103 medicamentul necesar pentru a combate alergia \u00een cazul \u00een care aceasta va ap\u0103rea.<\/li><li>Pentru o siguran\u021b\u0103 mai mare , v \u0103 rug\u0103m s\u0103 v \u0103 asigura\u021bi c\u0103 se mai afl\u0103 cineva cu dumneavoastr\u0103 \u00een \u00eenc\u0103pere , pentru a v \u0103 acorda primul ajutor in caz de necesitate, sau pentru a v \u0103 transporta la spital in cazul unei alergii puternice.<\/li><li>Apoi, agita\u021bi bine flaconul, dup\u0103 care, pune\u021bi foarte pu\u021bin produs pe antebra\u021b \u0219i \u00eentinde\u021bi cu buricul degetului pe o suprafa\u021b\u0103 de 3-4cm.<\/li><li>A\u0219tepta\u021bi c\u00e2teva ore \u0219i dac\u0103 nu se \u00eent\u00e2mpl\u0103 nimic, repeta\u021bi aceea\u0219i procedur\u0103 pe scalp, la \u00eembinarea cu fruntea.<\/li><li>Dac\u0103 nu sunt semne de alergie, pute\u021bi aplica pe o suprafa\u021b\u0103 mai mare \u0219i repeta\u021bi procesul de minim 4 ori la interval de minim 4 ore.<\/li><li>Dac\u0103 nu apar alergii, \u00eens\u0103 apar irita\u021bii ale pielii, analiza\u021bi c\u00e2t de puternice sunt aceste irita\u021bii \u0219i c\u00e2t de deranjante, pentru a estima dac\u0103 ve\u021bi dori s\u0103 continua\u021bi tratamentul.<\/li><li>Iritatiile pielii pot ap\u0103rea la anumite persoane \u0219i este un proces normal, \u00eens\u0103 acesta va disp\u0103rea dup\u0103 aproximativ 15 utiliz\u0103ri .<\/li><li>Este foarte important s\u0103 observa\u021bi diferen\u021ba dintre iritatia pielii \u0219i alergie!<\/li><\/ul><div>\u00a0<\/div><p><strong>Nu am fire de p\u0103r albe! Pot ob\u021bine celelalte beneficii?<\/strong><\/p><p>Da! Pute\u021bi folosi produsele Sereni Capelli chiar dac\u0103 nu ave\u021bi fire albe de p\u0103r \u0219i va pute\u021bi bucura de toate celelalte beneficii.<br \/>Folosind produsele Sereni Capelli atunci c\u00e2nd nu ave\u021bi fire albe de par, ve\u021bi preveni apari\u021bia acestora.<\/p><p><strong>Folosesc acest produs \u0219i m\u0103 m\u0103n\u00e2nc\u0103 scalpul. De ce?<\/strong><\/p><p>Dac\u0103 sim\u021bi\u021bi m\u00e2nc\u0103rimi la nivelul scalpului atunci c\u00e2nd folosi\u021bi tratamentele Sereni Capelli, \u00eenseamn\u0103 c\u0103 fie scalpul con\u021bine microfisuri \u0219i acestea se repara, fie ave\u021bi o colonie de bacterii \u0219i acestea vor fi \u00eenl\u0103turate.<\/p><p>Dup\u0103 aproximativ 2-3 s\u0103pt\u0103m\u00e2ni de utilizare ale tratamentelor noastre, vor disp\u0103rea m\u00e2nc\u0103rimile \u0219i scalpul va fi complet vindecat.<\/p><p><strong>C\u00e2nd folosesc acest produs, p\u0103rul cap\u0103t\u0103 un miros ur\u00e2t. De ce?<\/strong><\/p><p>Atunci c\u00e2nd ave\u021bi un p\u0103r bogat, se pot instala colonii de bacterii la nivelul scalpului care migreaz\u0103 chiar \u0219i pe par.<br \/>Folosind produsele Sereni Capelli, aceste bacterii sunt atacate de substan\u021bele produselor noastre \u0219i \u201criposteaz\u0103\u201d.<\/p><p>\u00cen urma ripostei acestor bacterii, apare de obicei un miros nepl\u0103cut, mai ales la scurt timp dup\u0103 aplicarea produsului.<\/p><p>Dureaz\u0103 aproximativ 3 s\u0103pt\u0103m\u00e2ni p\u00e2n\u0103 c\u00e2nd aceste bacterii sunt \u00eenl\u0103turate \u0219i mirosul dispare.<\/p><p>Dup\u0103 aceste 3 s\u0103pt\u0103m\u00e2ni, mirosul ar trebui s\u0103 dispar\u0103 aproape \u00een totalitate, semn c\u0103 bacteriile au fost \u00eenl\u0103turate.<\/p><p>\u00cen astfel de cazuri v\u0103 recomand\u0103m s\u0103 continua\u021bi s\u0103 folosi\u021bi produsele conform \u201cschemei de tratament\u201d timp de 5 s\u0103pt\u0103m\u00e2ni minim, \u00eenainte de a trece la \u201cschema de consolidare\u201d.<\/p><p><strong>Mi s-a \u00eenro\u0219it pielea \u0219i m\u0103 ustur\u0103. De ce?<\/strong><\/p><p>Dac\u0103 va ustur\u0103 pielea \u0219i se \u00eenro\u0219e\u0219te atunci c\u00e2nd folosi\u021bi tratamentele Sereni Capelli, \u00eenseamn\u0103 c\u0103 ave\u021bi o piele sensibil\u0103 sau c\u0103 suferi\u021bi de o boal\u0103 de piele de care nu \u0219ti\u021bi.<br \/>Exist\u0103 \u00eens\u0103 \u0219i posibilitatea ca pielea scalpului dumneavoastr\u0103 s\u0103 con\u021b \u00een \u0103 microfisuri, care necesit\u0103 repara\u021bie.<\/p><p>Recomandarea noastr\u0103 este s\u0103 v\u0103 asigura\u021bi \u00eent\u00e2i c\u0103 \u00een afar\u0103 de usturimea ini\u021bial\u0103 \u0219i de \u00eenrosirea scalpului, nu apar \u0219i alte efecte pe piele.<br \/>\u00cen cazul \u00een care nu apar \u0219i alte efecte, iar culoarea ro\u0219ie dispare \u00een maxim 2-3 ore, este un proces normal \u0219i ar trebui ca dup\u0103 aproximativ 15-20 de utiliz\u0103ri , aceste nepl\u0103ceri s\u0103 dispar\u0103 , \u00eentruc\u00e2t pielea scalpului cap\u0103t\u0103 o rezisten\u021b\u0103 major\u0103 .<\/p><p><strong>Folosesc acest produs, dar nu v\u0103d niciun efect.<\/strong><\/p><p>\u0218ansele de a folosi tratamentele Sereni Capelli corect, conform instruc\u021biunilor timp de 14 zile \u0219i s\u0103 nu observa\u021bi nicio \u00eembun\u0103t\u0103\u021bire, sunt de sub 1 la 100.000.<\/p><p>Peste 99% din cazurile de ineficient\u0103 raportate, s-au dovedit a fi cauzate de utilizarea ne corespunz\u0103toare a tratamentelor.<\/p><p>Pentru a va asigura c\u0103 a\u021bi folosit tratamentul corespunz\u0103tor, va rug\u0103m s\u0103 consulta\u021bi pagina fiec\u0103rui produs pe care \u00eel utiliza\u021bi, unde ve\u021bi g\u0103si instruc\u021biunile corecte de utilizare.<\/p><p>Dac\u0103 a\u021bi utilizat produsele corect \u0219i chiar nu ob\u021bine\u021bi rezultate deloc, \u00eenseamn\u0103 c\u0103 sunte\u021bi una dintre acele persoane rare, la care produsul nu poate func\u021biona.<\/p><p>Dac\u0103 observa\u021bi efecte, \u00eens\u0103 nu sunt efectele dorite, va \u00eencadra\u021bi \u00een una sau mai multe dintre urm\u0103toarele situa\u021bii:<\/p><ul><li>Nu a\u021bi respectat timpii de aplicare a produsului.<\/li><li>Nu a\u021bi utilizat suficient produs.<\/li><li>Nu agita\u021bi suficient de bine flaconul \u00eenainte de utilizare.<\/li><li>Nu a\u021bi folosit produsul o perioada suficient\u0103 de timp (\u00een mod normal, este necesar s\u0103 folosi\u021bi produsul conform schemei de tratament, timp de 4-6 s\u0103pt\u0103m\u00e2ni f\u0103r\u0103 \u00eentrerupere).<\/li><\/ul>\t\t\t\t\t\t\t\t<\/div>\n\t\t\t\t<\/div>\n\t\t\t\t\t<\/div>\n\t\t\t\t<\/div>\n\t\t\t\t<\/div>\n\t\t","protected":false},"excerpt":{"rendered":"<p>\u00centreb\u0103ri \u0219i R\u0103spunsuri \u00cen aceast\u0103 pagin\u0103 g\u0103si\u021bi r\u0103spunsuri la cel mai des \u00eent\u00e2lnite \u00eentreb\u0103ri adresate de c\u0103tre clien\u021bii no\u0219trii . Aceste informatii va vor ajuta sa beneficiati de cele mai bune rezultate, atunci cand folositi produsele Sereni Capelli. Ce garan\u021bie am c\u0103 acest produs func\u021bioneaz\u0103? Produsele Sereni Capelli sunt acoperite de o garan\u021bie de 30 [&hellip;]<\/p>\n","protected":false},"author":1,"featured_media":0,"parent":0,"menu_order":0,"comment_status":"closed","ping_status":"closed","template":"","meta":{"footnotes":""},"class_list":["post-727182","page","type-page","status-publish","hentry"],"_links":{"self":[{"href":"https:\/\/serenicapelli.com\/ro\/wp-json\/wp\/v2\/pages\/727182","targetHints":{"allow":["GET"]}}],"collection":[{"href":"https:\/\/serenicapelli.com\/ro\/wp-json\/wp\/v2\/pages"}],"about":[{"href":"https:\/\/serenicapelli.com\/ro\/wp-json\/wp\/v2\/types\/page"}],"author":[{"embeddable":true,"href":"https:\/\/serenicapelli.com\/ro\/wp-json\/wp\/v2\/users\/1"}],"replies":[{"embeddable":true,"href":"https:\/\/serenicapelli.com\/ro\/wp-json\/wp\/v2\/comments?post=727182"}],"version-history":[{"count":0,"href":"https:\/\/serenicapelli.com\/ro\/wp-json\/wp\/v2\/pages\/727182\/revisions"}],"wp:attachment":[{"href":"https:\/\/serenicapelli.com\/ro\/wp-json\/wp\/v2\/media?parent=727182"}],"curies":[{"name":"wp","href":"https:\/\/api.w.org\/{rel}","templated":true}]}}