{"id":3,"date":"2022-08-15T10:39:10","date_gmt":"2022-08-15T08:39:10","guid":{"rendered":"https:\/\/serenicapelli.com\/?page_id=3"},"modified":"2023-03-29T19:26:56","modified_gmt":"2023-03-29T17:26:56","slug":"privacy","status":"publish","type":"page","link":"https:\/\/serenicapelli.com\/ro\/privacy\/","title":{"rendered":"Politica de confiden\u021bialitate"},"content":{"rendered":"<p><strong>Politica de confiden\u021bialitate<\/strong><\/p>\n<p>Sereni Capelli, operatorul magazinului on-line www.serenicapelli.com, declar\u0103 c\u0103 toate datele personale (mai departe, \u201edate&#8221;) sunt considerate strict confiden\u021biale \u015fi sunt tratate \u00een conformitate cu legile \u00een vigoare \u00een domeniul protec\u021biei datelor cu caracter personal.<\/p>\n<p>Securitatea datelor dumneavoastr\u0103 personale este o prioritate pentru noi. \u00cen consecin\u021b\u0103, acord\u0103m cea mai mare aten\u021bie datelor personale \u0219i protec\u021biei acestora. \u00cen cadrul acestor Principii ale prelucr\u0103rii datelor cu caracter personal (\u201ePrincipii&#8221;), dorim s\u0103 v\u0103 inform\u0103m ce date personale colect\u0103m despre dumneavoastr\u0103 \u0219i cum le folosim \u00een continuare.<\/p>\n<ol>\n<li><strong>Datele cu caracter personal \u0219i prelucrarea acestora<\/strong><\/li>\n<\/ol>\n<p><strong>1.1. Categorii de date cu caracter personal<\/strong><\/p>\n<p>Colect\u0103m informa\u021bii diverse, \u00een func\u021bie de ce servicii din oferta noastr\u0103 alege\u021bi s\u0103 utiliza\u021bi.<\/p>\n<p>\u00cen cazul \u00een care cump\u0103ra\u021bi de la noi, colect\u0103m:<\/p>\n<ul>\n<li>Numele \u0219i datele de contact. Numele \u0219i prenumele, adresa de e-mail, adresa po\u0219tal\u0103, adresa de facturare, num\u0103rul de telefon \u0219i detaliile bancare privind facturarea,\u00a0informa\u021biile de plat\u0103.<\/li>\n<li>Datele demografice. Informa\u021biile privind sexul, data na\u0219terii, \u021bara \u0219i limba preferat\u0103.<\/li>\n<li>Datele care apar pe durata existen\u021bei contractului \u2013 produsele achizi\u021bionate, segmentul clientului, volumul serviciilor prestate<\/li>\n<\/ul>\n<p><strong>1.2. Scopul prelucr\u0103rii datelor cu caracter personal:<\/strong><\/p>\n<ul>\n<li><strong>Furnizarea de servicii \u015fi \u00eembun\u0103t\u0103\u021birea acestora<\/strong>. Pentru a putea presta \u0219i \u00eembun\u0103t\u0103\u021bi serviciile oferite spre satisfac\u021bia dvs., proces\u0103m datele dvs. personale. Mai exact, acestea includ:\n<ul>\n<li><strong>Procesarea comenzilor de produse sau servicii<\/strong>, comandate fie prin pagina noastr\u0103 Web, fie prin linia telefonic\u0103 pentru clien\u021bi. Aici, motivul juridic este c\u0103 datele sunt indispensabile pentru executarea contractului de cump\u0103rare, iar unele informa\u021bii sunt indispensabile pentru \u00eendeplinirea obliga\u021biilor legale (de exemplu, documentele contabile).<\/li>\n<li><strong>Notificarea privind disponibilitatea produselor<\/strong>. \u00cen cazul \u00een care solicita\u021bi monitorizarea disponibilit\u0103\u021bii unui articol, proces\u0103m datele dvs. personale pe baza acordului dvs.<\/li>\n<li><strong>Serviciul de asisten\u021b\u0103 clien\u021bi. Pentru a oferi servicii clien\u021bilor \u015fi a elimina eventualele probleme \u00een\u00a0<\/strong>executarea contractului de v\u00e2nzare, proces\u0103m datele personale \u00een baza necesit\u0103\u021bii respect\u0103rii acestor contracte.<\/li>\n<li><strong>Comunicarea<\/strong>. Utiliz\u0103m datele colectate \u00een scopul comunic\u0103rii cu dvs. \u00eentr-un mod personalizat. De exemplu, v\u0103 putem contacta prin telefon, prin e-mail sau prin alte mijloace, pentru a v\u0103 reaminti c\u0103 ave\u021bi produse \u00een co\u0219ul de cump\u0103r\u0103turi on-line, pentru a v\u0103 ajuta s\u0103 finaliza\u021bi comanda, pentru a v\u0103 comunica starea curent\u0103 a cererii, a comenzii sau a reclama\u021biei dvs., pentru a ob\u021bine informa\u021bii suplimentare, dac\u0103 este cazul sau pentru a v\u0103 anun\u021ba c\u0103 trebuie s\u0103 ac\u021biona\u021bi pentru a v\u0103 men\u021bine contul \u00een stare activ\u0103.. \u00cen cazul \u00een care cump\u0103ra\u021bi de la noi \u00een calitate de membru, proces\u0103m aceste date din cauza unui interes legitim, ce decurge din interesul legitim al companiei Sc SereniCapelli Srl a\u0219a cum este descris mai sus.<\/li>\n<li><strong>\u00cembun\u0103t\u0103\u021birea serviciilor<\/strong>. Folosim datele pentru \u00eembun\u0103t\u0103\u021birea continu\u0103 a serviciilor \u0219i a sistemelor noastre, inclusiv pentru a ad\u0103uga func\u021bii noi \u0219i, totodat\u0103, pentru a lua decizii informate, folosind analiza total\u0103 \u0219i business intelligence, toate bazate pe interesul nostru legitim, derivat din libertatea de afaceri \u0219i din nevoia de a \u00eembun\u0103t\u0103\u021bi serviciile prestate, pentru men\u021binerea competitivit\u0103\u021bii.\u00a0Pentru a asigura protec\u021bia adecvat\u0103 a drepturilor \u0219i a intereselor dumneavoastr\u0103, \u00een vederea \u00eembun\u0103t\u0103\u021birii serviciilor vom folosi date personale c\u00e2t mai anonimizate.<\/li>\n<\/ul>\n<\/li>\n<li><strong>Protec\u021bie, securitate \u0219i solu\u021bionarea disputelor<\/strong>. Putem prelucra datele \u0219i dintr-un interes legitim, care const\u0103 \u00een a asigura protec\u021bia \u015fi securitatea sistemelor \u0219i a clien\u021bilor no\u0219tri, pentru prevenirea \u015fi detectarea fraudelor, rezolvarea litigiilor \u015fi implementarea acordurilor noastre , pe baza interesului legitim.<\/li>\n<li><strong>Oferte de marketing<\/strong>.\n<ul>\n<li>Comunic\u0103ri comerciale\n<ul>\n<li>V\u0103 trimitem comunic\u0103ri comerciale referitoare la produse similare celor cump\u0103rate.<\/li>\n<li>Ave\u021bi \u00eentotdeauna posibilitatea de a refuza aceste comunic\u0103ri comerciale, folosind emailul <u><a href=\"mailto:contact@serenicapelli.com\">contact@serenicapelli.com<\/a><\/u> pentru dezabonare.<\/li>\n<li>\u00cen cazul dezabon\u0103rii de la mesajele comerciale, nu vom mai utiliza datele dvs. electronice de contact \u00een aceste scopuri. Vom re\u00eencepe utilizarea acestora doar dac\u0103 v\u0103 \u00eenscrie\u021bi sau dac\u0103 le solicita\u021bi \u00een mod expres.<\/li>\n<\/ul>\n<\/li>\n<li>Ofertele de marketing afi\u0219ate pot fi selectate pe baza altor informa\u021bii dob\u00e2ndite despre dvs. \u00een decursul timpului, plec\u00e2nd de la informa\u021biile de contact, de la informa\u021biile demografice, de la produsele preferate \u015fi de la datele privind utilizarea produselor \u0219i a paginii noastre Web (cookies, adresa IP, informa\u021bii furnizate de browser-ul dvs., clicuri, mesajele comerciale afi\u0219ate, produsele vizitate). Prelucrarea nu este complet automatizat\u0103, \u00eentruc\u00e2t aceasta ar avea efecte juridice pentru dvs.<\/li>\n<li>Dac\u0103 nu sunte\u021bi clientul nostru, proces\u0103m datele pe baza acordului dvs.<\/li>\n<li>Ave\u021bi dreptul s\u0103 obiecta\u021bi oric\u00e2nd \u015fi gratuit fa\u021b\u0103 de o astfel de prelucrare. Datele de contact sunt furnizate la sf\u00e2r\u0219itul acestui document.<\/li>\n<\/ul>\n<\/li>\n<li>Prelucrarea\u00a0<strong>cookie-urilor din paginile Web <\/strong>operate de SC Sereni Capelli SRL\n<ul>\n<li>\u00cen cazul \u00een care activa\u021bi cookies \u00een browser, proces\u0103m \u00eenregistr\u0103rile comportamentului din cookies-urile plasate pe pagina Web operat\u0103 de compania Sereni Capelli, \u00een scopul asigur\u0103rii unei func\u021bionalit\u0103\u021bi mai bune a paginii Web serenicapelli.com cat si a site-urilor partenere, \u0219i \u00een scopurile reclamelor pe internet ale companiei Sereni Capelli<\/li>\n<\/ul>\n<\/li>\n<\/ul>\n<p><strong>1.3. Transferul datelor personale c\u0103tre ter\u021bi<\/strong><\/p>\n<p>Informa\u021biile dvs. personale vor fi transmise unor ter\u021bi sau vor fi intermediate altfel, numai \u00een cazul \u00een care este necesar pentru \u00eendeplinirea contractului de v\u00e2nzare, pe baza unui interes legitim sau dac\u0103 v-a\u021bi exprimat \u00een prealabil acordul.<\/p>\n<ul>\n<li>a) filialelor \u0219i companiilor procesoare, pentru \u00eendeplinirea contractului de v\u00e2nzare, \u00een vederea execut\u0103rii proceselor \u0219i a practicilor interne<\/li>\n<li>b) companiilor emitente de carduri de credit, furnizorilor de servicii de plat\u0103 pentru procesarea pl\u0103\u021bilor \u0219i b\u0103ncilor, pe baza comenzii dvs., \u00een vederea execut\u0103rii contractului de v\u00e2nzare<\/li>\n<li>c) companiilor de transport, \u00een scopul livr\u0103rii produselor sau a serviciilor comandate de dvs. \u0219i al solu\u021bion\u0103rii reclama\u021biilor, inclusiv rezilierea contractului<\/li>\n<li>d) partenerilor no\u0219tri \u00een programele de fidelitate pentru care opta\u021bi<\/li>\n<li>e) altor furnizori de servicii, ter\u021bilor implica\u021bi \u00een prelucrarea datelor;<\/li>\n<li>f) ter\u021bilor, de exemplu procurorilor \u0219i tribunalelor, \u00een scopul recuper\u0103rii sau al \u00eencheierii oric\u0103rui contract cu dvs.;<\/li>\n<li>g) autorit\u0103\u021bilor publice (de exemplu, poli\u021biei)<\/li>\n<li>h) ter\u021bilor care efectueaz\u0103 sondaje printre clien\u021bi<\/li>\n<\/ul>\n<p>\u00cen cazul \u00een care un ter\u021b folose\u0219te datele \u00een contextul interesului s\u0103u legitim, administratorul nu \u00ee\u0219i asum\u0103 aceast\u0103 responsabilitate. Acest proces este guvernat de principiile de prelucrare a datelor cu caracter personal ale companiilor \u0219i ale persoanelor relevante.<\/p>\n<ol>\n<li><strong>Securitatea datelor cu caracter personal \u0219i durata stoc\u0103rii acestora<\/strong><\/li>\n<\/ol>\n<p><strong>2.1. Securitatea datelor personale<\/strong><\/p>\n<ul>\n<li>a) Datele dumneavoastr\u0103 se transmit \u00een form\u0103 criptat\u0103. Vom folosi sistemul de codificare SSL (secure socket layer). Securiz\u0103m pagina noastr\u0103 Web \u0219i celelalte sisteme, prin m\u0103suri tehnice \u0219i organizatorice \u00eempotriva pierderii \u0219i a distrugerii datelor dvs., \u00eempotriva acces\u0103rii acestora de c\u0103tre persoane neautorizate, a modific\u0103rii sau a difuz\u0103rii acestora.<\/li>\n<li>b) Solicit\u0103m prelucr\u0103torilor de date cu care colabor\u0103m s\u0103 dovedeasc\u0103 concordan\u021ba sistemelor lor cu regulamentul GDPR.<\/li>\n<li>c) Accesul la contul dvs. de client este posibil numai dup\u0103 introducerea parolei personale. \u00cen acest context, am dori s\u0103 v\u0103 aten\u021bion\u0103m c\u0103 este absolut necesar s\u0103 nu divulga\u021bi datele dumneavoastr\u0103 de acces unor ter\u021be persoane, iar, dup\u0103 \u00eencheierea sesiunii dvs. \u00een contul de client, s\u0103 \u00eenchide\u021bi \u00eentotdeauna fereastra browser-ului, \u00een special \u00een cazul \u00een care folosi\u021bi computerul \u00een comun cu al\u021bi utilizatori. SC SERENICAPELLI SRL nu \u00ee\u0219i asum\u0103 responsabilitatea abuzurilor \u00een privin\u021ba unor parole folosite, cu excep\u021bia cazului \u00een care situa\u021bia a fost cauzat\u0103 direct de c\u0103tre site-ul nostru.<\/li>\n<\/ul>\n<p><strong>3.1. Timpul de procesare<\/strong><\/p>\n<p>Proces\u0103m \u0219i stoc\u0103m datele cu caracter personal<\/p>\n<ul>\n<li>pe o perioad\u0103 absolut necesar\u0103 pentru a asigura toate drepturile \u015fi obliga\u021biile care rezult\u0103 din contractul de v\u00e2nzare<\/li>\n<li>timp de 1 an dup\u0103 sf\u00e2r\u0219itul perioadei de garan\u021bie, pentru rezolvarea posibilelor dispute<\/li>\n<li>pe durata c\u00e2t SC SERENICAPELLI SRL, \u00een calitate de administrator, este obligat s\u0103 p\u0103streze informa\u021biile, \u00een conformitate cu reglement\u0103rile juridice generale. Documentele contabile, de exemplu facturile emise de SC SERENICAPELLI SRL, sunt arhivate conform legii, pe o perioad\u0103 de 10 ani de la emiterea acestora.<\/li>\n<li>Acordul pentru notificarea privind disponibilitatea m\u0103rfurilor r\u0103m\u00e2ne \u00een vigoare pe termenul disponibilit\u0103\u021bii informa\u021biilor trimise, dar nu mai mult de o perioad\u0103 de 1 an sau p\u00e2n\u0103 la revocarea acestuia.<\/li>\n<li>Acordul privind ofertele de marketing este valabil timp de 4 ani sau p\u00e2n\u0103 la revocarea acestuia<\/li>\n<li>Revizui\u021bi 6 ani<\/li>\n<li>Ajut\u0103m cei 10 ani<\/li>\n<li>Comunicare 2 ani<\/li>\n<li>Competi\u021bii 1 an<\/li>\n<\/ul>\n<p>\u00cen celelalte cazuri, timpul de procesare decurge din scopul prelucr\u0103rii sau este dictat de reglement\u0103rile privind protec\u021bia datelor personale.<\/p>\n<ol>\n<li><strong>Drepturile subiec\u021bilor datelor<\/strong><\/li>\n<\/ol>\n<ul>\n<li>a) \u00cen cazul \u00een care proces\u0103m datele dvs. personale, pute\u021bi solicita gratuit informa\u021bii privind prelucrarea datelor personale proprii.<\/li>\n<li>b) \u00cen cazul \u00een care crede\u021bi c\u0103 prelucrarea datelor personale nu respect\u0103 protec\u021bia datelor dvs. personale \u0219i contravine reglement\u0103rilor legale privind protec\u021bia datelor cu caracter personal, pute\u021bi cere explica\u021bii, pute\u021bi solicita \u00eenl\u0103turarea situa\u021biei astfel ap\u0103rute \u0219i, mai ales, pute\u021bi cere corectarea, completarea, \u0219tergerea sau blocarea datelor cu caracter personal.<\/li>\n<li>c) Dac\u0103 dori\u021bi s\u0103 v\u0103 exercita\u021bi drepturile, contacta\u021bi responsabilul cu protec\u021bia datelor la adresa de e-mail <u><a href=\"mailto:contact@serenicapelli.com\">contact@serenicapelli.com<\/a>; dpo@serenicapelli.com<\/u>. De asemenea, pute\u021bi contacta Autoritatea Na\u021bional\u0103 de Supraveghere a Prelucr\u0103rii Datelor cu Caracter Personal.<\/li>\n<li>d) Acordul dvs. privind prelucrarea datelor cu caracter personal poate fi revocat oric\u00e2nd dori\u021bi. Dac\u0103 v\u0103 retrage\u021bi acordul cu privire la prelucrarea datelor personale, acestea vor fi \u0219terse sau anonimizate; aceste m\u0103suri nu afecteaz\u0103 \u00eens\u0103 datele personale necesare pentru ca SC SERENICAPELLI SRL s\u0103-\u0219i poat\u0103 \u00eendeplini obliga\u021biile legale (de ex. executarea comenzilor deja preluate) sau pentru protejarea intereselor sale legitime. Eliminarea datelor personale are loc \u0219i atunci c\u00e2nd acestea nu sunt necesare pentru scopul propus sau \u00een cazul \u00een care stocarea datelor dvs. este inadmisibil\u0103, din alte motive prev\u0103zute de legisla\u021bie.<\/li>\n<\/ul>\n<p><strong>5.1. Cookie<\/strong><\/p>\n<p>Paginile noastre folosesc a\u0219a-numitele cookie, pentru ca oferta noastr\u0103 s\u0103 fie relevant\u0103, interesant\u0103 \u015fi pl\u0103cut\u0103 pentru dvs. Cookie-urile sunt mici fi\u0219iere de text, stocate pe computerul sau pe smartphone-ul dvs. sau pe alt aparat \u015fi care sunt utilizate de browser-ul dvs. Web. Utiliz\u0103m cookie-uri \u00een scopuri precum:<\/p>\n<ul>\n<li>func\u021bionalitatea corect\u0103 a co\u0219ului de cump\u0103r\u0103turi, pentru a finaliza comanda c\u00e2t mai simplu posibil<\/li>\n<li>reamintirea datelor de conectare, astfel \u00eenc\u00e2t s\u0103 nu fie necesar ca acestea s\u0103 fie introduse \u00een mod repetat<\/li>\n<li>personalizarea c\u00e2t mai bun\u0103 a paginilor noastre Web, conform cerin\u021belor dumneavoastr\u0103, prin monitorizarea vizitelor dvs., a deplas\u0103rii dvs. pe site \u0219i a func\u021biilor utilizate<\/li>\n<li>monitorizarea reclamelor pe care le vizualiza\u021bi, pentru a nu v\u0103 afi\u0219a reclame la produsele care nu v\u0103 intereseaz\u0103<\/li>\n<\/ul>\n<p>Unele cookie-uri pot colecta informa\u021bii utilizate ulterior de ter\u021bi \u0219i care, de exemplu, suport\u0103 \u00een mod direct activit\u0103\u021bile noastre promo\u021bionale (a\u0219a-numitele. \u201ecookie-uri ale ter\u021bilor&#8221;). De exemplu, informa\u021biile despre produsele achizi\u021bionate pe site-ul nostru pot fi furnizate unei agen\u021bii de publicitate, \u00een vederea vizualiz\u0103rii \u015fi a personaliz\u0103rii banner-elor publicitare de pe Internet, care apar pe site-urile pe care le vizualiza\u021bi. De re\u021binut c\u0103 nu este posibil\u0103 identificarea dvs. pe baza acestor date.<\/p>\n<p><strong>5.2. Utilizarea fi\u0219ierelor cookie<\/strong><\/p>\n<p>Cookie-urile utilizate pe site-ul nostru se pot clasifica \u00een dou\u0103 categorii. Cele de scurt\u0103 durat\u0103, a\u0219a-numitele \u201ecookie-uri de sesiune\u201c, sunt \u0219terse de \u00eendat\u0103 ce p\u0103r\u0103si\u021bi pagina noastr\u0103 Web. Cele de lung\u0103 durat\u0103, a\u0219a-numitele \u201ecookie-uri persistente&#8221; r\u0103m\u00e2n stocate pe dispozitivul dvs. mult mai mult timp sau p\u00e2n\u0103 c\u00e2nd le \u0219terge\u021bi manual (persisten\u021ba fi\u0219ierelor cookie pe dispozitivul dvs. depinde de setarea acestora \u0219i de set\u0103rile browser-ului dvs.).<\/p>\n<p>Cookie-urile poate fi clasificate \u0219i dup\u0103 func\u021bionalitate:<\/p>\n<ul>\n<li>analitice, care ne ajut\u0103 s\u0103 \u00eembun\u0103t\u0103\u021bim confortul utilizatorilor pe site-ul nostru, dat fiind c\u0103 \u00een\u021belegem cum \u00eel folosesc utilizatorii<\/li>\n<li>de conversie, care ne permit analizarea performan\u021belor diverselor canale de v\u00e2nz\u0103ri<\/li>\n<li>de urm\u0103rire (tracking), care, \u00een combina\u021bie cu cele de conversie, ajut\u0103 la analizarea performan\u021belor diverselor canale de v\u00e2nz\u0103ri<\/li>\n<li>de remarketing, folosite pentru a personaliza con\u021binutul reclamelor \u0219i a le \u021binti corect<\/li>\n<li>esen\u021biale, importante pentru func\u021bionalitatea de baz\u0103 a site-ului<\/li>\n<\/ul>\n<p><strong>5.3. Refuzarea fi\u0219ierelor cookies<\/strong><\/p>\n<p>Setarea utiliz\u0103rii cookie-urilor este inclus\u0103 \u00een browserul dvs. de Internet. \u00cen setarea implicit\u0103, majoritatea browser-elor accept\u0103 automat cookies. Cu ajutorul browser-ului, pute\u021bi refuza aceste cookies sau le pute\u021bi reduce la anumite tipuri, pe care le selecta\u021bi special.<\/p>\n<p>Informa\u021bii despre browsere \u0219i setarea preferin\u021belor privind cookie-urile pot fi g\u0103site pe urm\u0103toarele pagini Web sau \u00een alte fi\u0219iere ale browserelor Web<\/p>\n<ul>\n<li><a href=\"https:\/\/support.google.com\/accounts\/answer\/61416?hl=ro&amp;co=GENIE.Platform%3DDesktop&amp;oco=1\">Chrome<\/a><\/li>\n<li><a href=\"https:\/\/support.mozilla.org\/ro\/kb\/activarea-si-dezactivarea-cookie-urilor\">Firefox<\/a><\/li>\n<li><a href=\"https:\/\/support.microsoft.com\/ro-ro\/help\/17442\/windows-internet-explorer-delete-manage-cookies\">Internet Explorer<\/a><\/li>\n<li><a href=\"https:\/\/support.google.com\/accounts\/answer\/61416?hl=ro&amp;co=GENIE.Platform%3DAndroid&amp;oco=1\">Android<\/a><\/li>\n<\/ul>\n<p><strong>\u00a0<\/strong><\/p>\n<p><strong>5.4. Link-uri<\/strong><\/p>\n<p>Site-ul nostru con\u021bine link-uri c\u0103tre alte site-uri Web care sunt practice \u015fi con\u021bin informa\u021bii utile. V\u0103 rug\u0103m s\u0103 re\u021bine\u021bi c\u0103 aceste site-uri pot fi de\u021binute \u0219i operate de alte companii \u0219i organiza\u021bii, care pot avea alte politici de securitate \u0219i de protec\u021bie a datelor personale. Compania noastr\u0103 nu are niciun control \u00een ceea ce prive\u0219te informa\u021biile, materialele, produsele sau serviciile incluse sau accesibile prin intermediul acestor pagini Web \u0219i nu \u00ee\u0219i asum\u0103 nicio responsabilitate cu privire la acestea.<\/p>\n<ol>\n<li><strong>Contacta\u021bi-ne<\/strong><\/li>\n<\/ol>\n<p>Dac\u0103 ave\u021bi orice fel de \u00eentreb\u0103ri, comentarii \u0219i cereri cu privire la aceste Principii, contacta\u021bi-ne la adresa sau la linia de servicii clien\u021bi enumerate \u00een subsolul acestor Principii &#8211; sau prin po\u0219t\u0103 electronic\u0103.<\/p>\n<p>Contact DPO: <u><a href=\"mailto:dpo@serenicapelli.com\">dpo@serenicapelli.com<\/a><\/u>; contact@serenicapelli.com<\/p>\n<p>Sc Sereni Capelli Srl (Sereni Capelli)<\/p>\n<ol>\n<li><strong>Valabilitate<\/strong><\/li>\n<\/ol>\n<p>Aceste Principii privind protec\u021bia datelor personale intr\u0103 \u00een vigoare la data de 01.05.2018.<\/p>\n","protected":false},"excerpt":{"rendered":"<p>Politica de confiden\u021bialitate Sereni Capelli, operatorul magazinului on-line www.serenicapelli.com, declar\u0103 c\u0103 toate datele personale (mai departe, \u201edate&#8221;) sunt considerate strict confiden\u021biale \u015fi sunt tratate \u00een conformitate cu legile \u00een vigoare \u00een domeniul protec\u021biei datelor cu caracter personal. Securitatea datelor dumneavoastr\u0103 personale este o prioritate pentru noi. \u00cen consecin\u021b\u0103, acord\u0103m cea mai mare aten\u021bie datelor personale [&hellip;]<\/p>\n","protected":false},"author":1,"featured_media":0,"parent":0,"menu_order":0,"comment_status":"closed","ping_status":"closed","template":"","meta":{"footnotes":""},"class_list":["post-3","page","type-page","status-publish","hentry"],"_links":{"self":[{"href":"https:\/\/serenicapelli.com\/ro\/wp-json\/wp\/v2\/pages\/3","targetHints":{"allow":["GET"]}}],"collection":[{"href":"https:\/\/serenicapelli.com\/ro\/wp-json\/wp\/v2\/pages"}],"about":[{"href":"https:\/\/serenicapelli.com\/ro\/wp-json\/wp\/v2\/types\/page"}],"author":[{"embeddable":true,"href":"https:\/\/serenicapelli.com\/ro\/wp-json\/wp\/v2\/users\/1"}],"replies":[{"embeddable":true,"href":"https:\/\/serenicapelli.com\/ro\/wp-json\/wp\/v2\/comments?post=3"}],"version-history":[{"count":1,"href":"https:\/\/serenicapelli.com\/ro\/wp-json\/wp\/v2\/pages\/3\/revisions"}],"predecessor-version":[{"id":727821,"href":"https:\/\/serenicapelli.com\/ro\/wp-json\/wp\/v2\/pages\/3\/revisions\/727821"}],"wp:attachment":[{"href":"https:\/\/serenicapelli.com\/ro\/wp-json\/wp\/v2\/media?parent=3"}],"curies":[{"name":"wp","href":"https:\/\/api.w.org\/{rel}","templated":true}]}}