{"id":2806,"date":"2021-09-22T07:20:57","date_gmt":"2021-09-22T05:20:57","guid":{"rendered":"https:\/\/the7.io\/consulting\/?page_id=2806"},"modified":"2023-03-29T12:09:07","modified_gmt":"2023-03-29T10:09:07","slug":"refund_returns","status":"publish","type":"page","link":"https:\/\/serenicapelli.com\/ro\/refund_returns\/","title":{"rendered":"Politica de Retur"},"content":{"rendered":"<p>Ave\u021bi dreptul, prin lege, s\u0103 v\u0103 retrage\u021bi dintr-un acord \u00eencheiat pe internet sau prin telefon, f\u0103r\u0103 a explica motivul, \u00een termen de 14 zile de la livrarea produselor.<\/p>\r\n<p><!-- \/wp:post-content -->\r\n\r\n<!-- wp:paragraph --><\/p>\r\n<p>\u00cen compania noastr\u0103, orice cump\u0103r\u0103tor are dreptul de a se retrage din acordul de cump\u0103rare f\u0103r\u0103 niciun motiv, \u00een termen de 14 de zile de la livrarea produselor. Regula este valabil\u0103 \u0219i \u00een cazul cump\u0103r\u0103turilor efectuate \u00een magazinele noastre fizice partenere sau platforme partenere.<\/p>\r\n<p><!-- \/wp:paragraph -->\r\n\r\n<!-- wp:paragraph --><\/p>\r\n<p>\u00a0\u00a0\u00a0\u00a0\u00a0\u00a0\u00a0Pentru a v\u0103 putea exercita acest drept, trebuie s\u0103 ne comunica\u021bi decizia dumneavoastr\u0103 de a v\u0103 retrage din acordul de cump\u0103rare, \u00een termenul mai sus men\u021bionat. \u00cen acest sens, ne pute\u021bi contacta la\u00a0<a href=\"mailto:contact@serenicapelli.com\">contact@serenicapelli.com<\/a> \u00a0<\/p>\r\n<p><!-- \/wp:paragraph -->\r\n\r\n<!-- wp:paragraph --><\/p>\r\n<p>\u00a0\u00a0\u00a0\u00a0\u00a0\u00cen cazul retragerii dumneavoastr\u0103 din acord, v\u0103 vom rambursa costul de cump\u0103rare a produselor neutilizate. Dac\u0103 v\u0103 retrage\u021bi \u00een termen de 14 zile de la livrarea produselor, costurile de <strong>retur <\/strong>vor fi suportate de catre firma noastra.<\/p>\r\n<p><!-- \/wp:paragraph -->\r\n\r\n<!-- wp:paragraph --><\/p>\r\n<p>Sumele rambursate va vor fi transferate in contul bancar, in maxim 5 zile de la returnarea produselor.<\/p>\r\n<p><!-- \/wp:paragraph -->\r\n\r\n<!-- wp:list {\"ordered\":true} --><\/p>\r\n<ol>\r\n<li>Este necesar s\u0103 expedia\u021bi produsele imediat, nu mai t\u00e2rziu de 5 zile de la data retragerii.<\/li>\r\n<li>Re\u021bine\u021bi c\u0103 ve\u021bi fi considerat responsabil pentru orice reducere a valorii produselor, ca o consecin\u021b\u0103 a manipul\u0103rii acestora \u00een alt mod dec\u00e2t cel necesar pentru a v\u0103 familiariza cu natura, propriet\u0103\u021bile \u0219i func\u021bionalitatea produsului (de ex., dac\u0103 folosi\u021bi un produs de\u0219i l-a\u021bi \u00eencercat deja). V\u0103 rug\u0103m s\u0103 re\u021bine\u021bi, de asemenea, c\u0103 nu ave\u021bi dreptul s\u0103 v\u0103 retrage\u021bi din acord \u00een cazul produselor realizate conform cerin\u021belor dumneavoastr\u0103 sau al produselor personalizate (de ex., ambalaje cu gravuri personalizate), precum \u0219i \u00een cazul produselor deschise \u0219i folosite care nu pot fi <strong>returnate\u00a0 <\/strong>din motive de igien\u0103 (de ex., dac\u0103 s-a deschis produsul si a-ti folosit din cantitatea cu preparat cosmetic care intr\u0103 \u00een contact direct cu pielea).<\/li>\r\n<\/ol>","protected":false},"excerpt":{"rendered":"<p>Ave\u021bi dreptul, prin lege, s\u0103 v\u0103 retrage\u021bi dintr-un acord \u00eencheiat pe internet sau prin telefon, f\u0103r\u0103 a explica motivul, \u00een termen de 14 zile de la livrarea produselor. \u00cen compania noastr\u0103, orice cump\u0103r\u0103tor are dreptul de a se retrage din acordul de cump\u0103rare f\u0103r\u0103 niciun motiv, \u00een termen de 14 de zile de la livrarea [&hellip;]<\/p>\n","protected":false},"author":1,"featured_media":0,"parent":0,"menu_order":0,"comment_status":"closed","ping_status":"closed","template":"","meta":{"footnotes":""},"class_list":["post-2806","page","type-page","status-publish","hentry"],"_links":{"self":[{"href":"https:\/\/serenicapelli.com\/ro\/wp-json\/wp\/v2\/pages\/2806","targetHints":{"allow":["GET"]}}],"collection":[{"href":"https:\/\/serenicapelli.com\/ro\/wp-json\/wp\/v2\/pages"}],"about":[{"href":"https:\/\/serenicapelli.com\/ro\/wp-json\/wp\/v2\/types\/page"}],"author":[{"embeddable":true,"href":"https:\/\/serenicapelli.com\/ro\/wp-json\/wp\/v2\/users\/1"}],"replies":[{"embeddable":true,"href":"https:\/\/serenicapelli.com\/ro\/wp-json\/wp\/v2\/comments?post=2806"}],"version-history":[{"count":0,"href":"https:\/\/serenicapelli.com\/ro\/wp-json\/wp\/v2\/pages\/2806\/revisions"}],"wp:attachment":[{"href":"https:\/\/serenicapelli.com\/ro\/wp-json\/wp\/v2\/media?parent=2806"}],"curies":[{"name":"wp","href":"https:\/\/api.w.org\/{rel}","templated":true}]}}