{"id":728106,"date":"2021-09-22T07:20:57","date_gmt":"2021-09-22T05:20:57","guid":{"rendered":"https:\/\/serenicapelli.com\/politica-de-devolucao\/"},"modified":"2023-04-01T18:39:49","modified_gmt":"2023-04-01T16:39:49","slug":"politica-de-devolucao","status":"publish","type":"page","link":"https:\/\/serenicapelli.com\/pt-pt\/politica-de-devolucao\/","title":{"rendered":"Pol\u00edtica de Devolu\u00e7\u00e3o"},"content":{"rendered":"<p>Tem o direito, por lei, de se retirar de um acordo celebrado na Internet ou por telefone, sem indicar qualquer motivo, no prazo de 14 dias ap\u00f3s a entrega dos produtos.<\/p>\n<p><!-- \/wp:post-content --><\/p>\n<p><!-- wp:paragraph --><\/p>\n<p>Na nossa empresa, qualquer comprador tem o direito de desistir do contrato de compra sem qualquer raz\u00e3o no prazo de 14 dias ap\u00f3s a entrega dos produtos. A regra aplica-se igualmente \u00e0s compras efectuadas nas nossas lojas f\u00edsicas parceiras ou plataformas parceiras.<\/p>\n<p><!-- \/wp:paragraph --><\/p>\n<p><!-- wp:paragraph --><\/p>\n<p>  A fim de exercer este direito, deve notificar-nos da sua decis\u00e3o de rescis\u00e3o do contrato de compra dentro do prazo acima mencionado. Pode contactar-nos em <a href=\"mailto:contact@serenicapelli.com\">contact@serenicapelli.com<\/a>  <\/p>\n<p><!-- \/wp:paragraph --><\/p>\n<p><!-- wp:paragraph --><\/p>\n<p>  No caso da sua retirada do acordo, reembolsaremos o custo de compra dos produtos n\u00e3o utilizados. Se se retirar dentro de 14 dias ap\u00f3s a entrega, os custos de <strong>devolu\u00e7\u00e3o <\/strong>ser\u00e3o suportados pela nossa empresa.<\/p>\n<p><!-- \/wp:paragraph --><\/p>\n<p><!-- wp:paragraph --><\/p>\n<p>Os montantes reembolsados ser\u00e3o transferidos para a sua conta banc\u00e1ria no prazo de 5 dias ap\u00f3s a devolu\u00e7\u00e3o dos produtos.<\/p>\n<p><!-- \/wp:paragraph --><\/p>\n<p><!-- wp:list {\"ordered\":true} --><\/p>\n<ol>\n<li>\u00c9 necess\u00e1rio enviar os produtos imediatamente, o mais tardar 5 dias a partir da data de retirada.<\/li>\n<li>Note que ser\u00e1 considerado respons\u00e1vel por qualquer redu\u00e7\u00e3o no valor dos produtos como consequ\u00eancia do seu manuseamento de qualquer outra forma que n\u00e3o a necess\u00e1ria para se familiarizar com a natureza, propriedades e funcionalidade do produto (por exemplo, se utilizar um produto mesmo que j\u00e1 o tenha experimentado). Note tamb\u00e9m que n\u00e3o tem o direito de rescindir o contrato no caso de produtos fabricados de acordo com as suas exig\u00eancias ou de produtos personalizados (por exemplo, embalagens personalizadas gravadas), bem como no caso de produtos abertos e usados que n\u00e3o possam ser  <strong>voltar  <\/strong>por raz\u00f5es de higiene (por exemplo, se o produto tiver sido aberto e se tiver utilizado alguma da prepara\u00e7\u00e3o cosm\u00e9tica que entra em contacto directo com a pele).<\/li>\n<\/ol>\n","protected":false},"excerpt":{"rendered":"<p>Tem o direito, por lei, de se retirar de um acordo celebrado na Internet ou por telefone, sem indicar qualquer motivo, no prazo de 14 dias ap\u00f3s a entrega dos produtos. Na nossa empresa, qualquer comprador tem o direito de desistir do contrato de compra sem qualquer raz\u00e3o no prazo de 14 dias ap\u00f3s a [&hellip;]<\/p>\n","protected":false},"author":1,"featured_media":0,"parent":0,"menu_order":0,"comment_status":"closed","ping_status":"closed","template":"","meta":{"footnotes":""},"class_list":["post-728106","page","type-page","status-publish","hentry"],"_links":{"self":[{"href":"https:\/\/serenicapelli.com\/pt-pt\/wp-json\/wp\/v2\/pages\/728106","targetHints":{"allow":["GET"]}}],"collection":[{"href":"https:\/\/serenicapelli.com\/pt-pt\/wp-json\/wp\/v2\/pages"}],"about":[{"href":"https:\/\/serenicapelli.com\/pt-pt\/wp-json\/wp\/v2\/types\/page"}],"author":[{"embeddable":true,"href":"https:\/\/serenicapelli.com\/pt-pt\/wp-json\/wp\/v2\/users\/1"}],"replies":[{"embeddable":true,"href":"https:\/\/serenicapelli.com\/pt-pt\/wp-json\/wp\/v2\/comments?post=728106"}],"version-history":[{"count":0,"href":"https:\/\/serenicapelli.com\/pt-pt\/wp-json\/wp\/v2\/pages\/728106\/revisions"}],"wp:attachment":[{"href":"https:\/\/serenicapelli.com\/pt-pt\/wp-json\/wp\/v2\/media?parent=728106"}],"curies":[{"name":"wp","href":"https:\/\/api.w.org\/{rel}","templated":true}]}}