{"id":728104,"date":"2021-09-22T07:20:57","date_gmt":"2021-09-22T05:20:57","guid":{"rendered":"https:\/\/serenicapelli.com\/polityka-zwrotow\/"},"modified":"2023-04-01T18:35:48","modified_gmt":"2023-04-01T16:35:48","slug":"polityka-zwrotow","status":"publish","type":"page","link":"https:\/\/serenicapelli.com\/pl\/polityka-zwrotow\/","title":{"rendered":"Polityka zwrot\u00f3w"},"content":{"rendered":"<p>Maj\u0105 Pa\u0144stwo ustawowe prawo do odst\u0105pienia od umowy zawartej przez internet lub telefonicznie, bez podania przyczyny, w terminie 14 dni od dnia dostarczenia produkt\u00f3w.<\/p>\n<p><!-- \/wp:post-content --><\/p>\n<p><!-- wp:paragraph --><\/p>\n<p>W naszej firmie ka\u017cdy kupuj\u0105cy ma prawo do odst\u0105pienia od umowy kupna bez podania przyczyny w ci\u0105gu 14 dni od dostarczenia produkt\u00f3w. Zasada ta dotyczy r\u00f3wnie\u017c zakup\u00f3w dokonywanych w naszych partnerskich sklepach fizycznych lub platformach partnerskich.<\/p>\n<p><!-- \/wp:paragraph --><\/p>\n<p><!-- wp:paragraph --><\/p>\n<p>  Aby skorzysta\u0107 z tego prawa, musz\u0105 Pa\u0144stwo powiadomi\u0107 nas o swojej decyzji o odst\u0105pieniu od umowy kupna w terminie wymienionym powy\u017cej. Mo\u017cna si\u0119 z nami skontaktowa\u0107 pod adresem <a href=\"mailto:contact@serenicapelli.com\">contact@serenicapelli.com<\/a>.  <\/p>\n<p><!-- \/wp:paragraph --><\/p>\n<p><!-- wp:paragraph --><\/p>\n<p>  W przypadku odst\u0105pienia przez Pa\u0144stwa od umowy, zwr\u00f3cimy koszt zakupu niewykorzystanych produkt\u00f3w. W przypadku odst\u0105pienia od umowy w ci\u0105gu 14 dni od daty dostawy, koszty <strong>zwrotu <\/strong>ponosi nasza firma.<\/p>\n<p><!-- \/wp:paragraph --><\/p>\n<p><!-- wp:paragraph --><\/p>\n<p>Zwr\u00f3cone kwoty zostan\u0105 przelane na Twoje konto bankowe w ci\u0105gu 5 dni od zwrotu produkt\u00f3w.<\/p>\n<p><!-- \/wp:paragraph --><\/p>\n<p><!-- wp:list {\"ordered\":true} --><\/p>\n<ol>\n<li>Konieczne jest wys\u0142anie produkt\u00f3w niezw\u0142ocznie, nie p\u00f3\u017aniej ni\u017c 5 dni od daty odst\u0105pienia od umowy.<\/li>\n<li>Pami\u0119taj, \u017ce b\u0119dziesz odpowiedzialny za zmniejszenie warto\u015bci produkt\u00f3w w wyniku obchodzenia si\u0119 z nimi w spos\u00f3b inny ni\u017c konieczny do zapoznania si\u0119 z charakterem, w\u0142a\u015bciwo\u015bciami i funkcjonalno\u015bci\u0105 produktu (np. je\u015bli u\u017cyjesz produktu, mimo \u017ce ju\u017c go wypr\u00f3bowa\u0142e\u015b). Pami\u0119taj r\u00f3wnie\u017c, \u017ce nie przys\u0142uguje Ci prawo do odst\u0105pienia od umowy w przypadku produkt\u00f3w wykonanych zgodnie z Twoimi wymaganiami lub produkt\u00f3w zindywidualizowanych (np. indywidualnie wygrawerowane opakowanie), a tak\u017ce w przypadku produkt\u00f3w otwartych i u\u017cywanych, kt\u00f3re nie mog\u0105 by\u0107  <strong>powr\u00f3t  <\/strong>ze wzgl\u0119d\u00f3w higienicznych (np. je\u015bli produkt zosta\u0142 otwarty i u\u017cy\u0142a\u015b cz\u0119\u015bci preparatu kosmetycznego maj\u0105cego bezpo\u015bredni kontakt ze sk\u00f3r\u0105).<\/li>\n<\/ol>\n","protected":false},"excerpt":{"rendered":"<p>Maj\u0105 Pa\u0144stwo ustawowe prawo do odst\u0105pienia od umowy zawartej przez internet lub telefonicznie, bez podania przyczyny, w terminie 14 dni od dnia dostarczenia produkt\u00f3w. W naszej firmie ka\u017cdy kupuj\u0105cy ma prawo do odst\u0105pienia od umowy kupna bez podania przyczyny w ci\u0105gu 14 dni od dostarczenia produkt\u00f3w. Zasada ta dotyczy r\u00f3wnie\u017c zakup\u00f3w dokonywanych w naszych partnerskich [&hellip;]<\/p>\n","protected":false},"author":1,"featured_media":0,"parent":0,"menu_order":0,"comment_status":"closed","ping_status":"closed","template":"","meta":{"footnotes":""},"class_list":["post-728104","page","type-page","status-publish","hentry"],"_links":{"self":[{"href":"https:\/\/serenicapelli.com\/pl\/wp-json\/wp\/v2\/pages\/728104","targetHints":{"allow":["GET"]}}],"collection":[{"href":"https:\/\/serenicapelli.com\/pl\/wp-json\/wp\/v2\/pages"}],"about":[{"href":"https:\/\/serenicapelli.com\/pl\/wp-json\/wp\/v2\/types\/page"}],"author":[{"embeddable":true,"href":"https:\/\/serenicapelli.com\/pl\/wp-json\/wp\/v2\/users\/1"}],"replies":[{"embeddable":true,"href":"https:\/\/serenicapelli.com\/pl\/wp-json\/wp\/v2\/comments?post=728104"}],"version-history":[{"count":0,"href":"https:\/\/serenicapelli.com\/pl\/wp-json\/wp\/v2\/pages\/728104\/revisions"}],"wp:attachment":[{"href":"https:\/\/serenicapelli.com\/pl\/wp-json\/wp\/v2\/media?parent=728104"}],"curies":[{"name":"wp","href":"https:\/\/api.w.org\/{rel}","templated":true}]}}