{"id":728076,"date":"2022-08-15T10:39:10","date_gmt":"2022-08-15T08:39:10","guid":{"rendered":"https:\/\/serenicapelli.com\/polityka-prywatnosci\/"},"modified":"2022-08-15T10:39:10","modified_gmt":"2022-08-15T08:39:10","slug":"polityka-prywatnosci","status":"publish","type":"page","link":"https:\/\/serenicapelli.com\/pl\/polityka-prywatnosci\/","title":{"rendered":"Polityka prywatno\u015bci"},"content":{"rendered":"<p><strong>Polityka prywatno\u015bci<\/strong><\/p>\n<p>Sereni Capelli, operator sklepu internetowego www.serenicapelli.com, o\u015bwiadcza, \u017ce wszystkie dane osobowe (zwane dalej &#8222;danymi&#8221;) s\u0105 traktowane jako \u015bci\u015ble poufne i s\u0105 traktowane zgodnie z obowi\u0105zuj\u0105cymi przepisami prawa w zakresie ochrony danych osobowych.<\/p>\n<p>Bezpiecze\u0144stwo Twoich danych osobowych jest dla nas priorytetem. W zwi\u0105zku z tym zwracamy najwi\u0119ksz\u0105 uwag\u0119 na dane osobowe i ich ochron\u0119. W niniejszych Zasadach przetwarzania danych osobowych (&#8222;Zasady&#8221;) chcemy poinformowa\u0107 Pa\u0144stwa, jakie dane osobowe gromadzimy na Pa\u0144stwa temat i jak je wykorzystujemy w przysz\u0142o\u015bci.<\/p>\n<ol>\n<li><strong>Dane osobowe i ich przetwarzanie<\/strong><\/li>\n<\/ol>\n<p><strong>1.1. Kategorie danych osobowych<\/strong><\/p>\n<p>Zbieramy r\u00f3\u017cne informacje, w zale\u017cno\u015bci od tego, z kt\u00f3rych naszych us\u0142ug zdecydujesz si\u0119 skorzysta\u0107.<\/p>\n<p>Je\u015bli kupujesz u nas, zbieramy:<\/p>\n<ul>\n<li>Nazwa i dane kontaktowe. Imi\u0119 i nazwisko, adres e-mail, adres pocztowy, adres rozliczeniowy, numer telefonu i dane rozliczeniowe banku, informacje o p\u0142atno\u015bci.<\/li>\n<li>Demografia. Informacje o p\u0142ci, dacie urodzenia, kraju i preferowanym j\u0119zyku.<\/li>\n<li>Dane, kt\u00f3re pojawiaj\u0105 si\u0119 w trakcie istnienia umowy &#8211; zakupione produkty, segment klient\u00f3w, wielko\u015b\u0107 \u015bwiadczonych us\u0142ug<\/li>\n<\/ul>\n<p><strong>1.2. Cel przetwarzania danych osobowych:<\/strong><\/p>\n<ul>\n<li><strong>\u015awiadczenie i ulepszanie us\u0142ug<\/strong>. Aby m\u00f3c \u015bwiadczy\u0107 i ulepsza\u0107 nasze us\u0142ugi ku Pa\u0144stwa zadowoleniu, przetwarzamy Pa\u0144stwa dane osobowe. W szczeg\u00f3lno\u015bci obejmuje to:\n<ul>\n<li><strong>Przetwarzanie zam\u00f3wie\u0144 na produkty lub us\u0142ugi<\/strong>, zam\u00f3wione za po\u015brednictwem naszej strony internetowej lub infolinii dla klient\u00f3w. W tym przypadku powodem prawnym jest to, \u017ce dane s\u0105 niezb\u0119dne do wykonania umowy kupna, a niekt\u00f3re informacje s\u0105 niezb\u0119dne do wype\u0142nienia obowi\u0105zk\u00f3w prawnych (np. dokumenty ksi\u0119gowe).<\/li>\n<li><strong>Powiadomienie o dost\u0119pno\u015bci produktu<\/strong>. Je\u015bli poprosisz o monitorowanie dost\u0119pno\u015bci przedmiotu, przetwarzamy Twoje dane. danych osobowych na podstawie Pa\u0144stwa zgody.<\/li>\n<li><strong>Obs\u0142uga klienta. W celu zapewnienia obs\u0142ugi klienta i wyeliminowania wszelkich problem\u00f3w w  <\/strong>wykonania umowy sprzeda\u017cy, przetwarzamy dane osobowe na podstawie konieczno\u015bci wykonania tych um\u00f3w.<\/li>\n<li><strong>Komunikacja<\/strong>. Zebrane dane wykorzystujemy w celu spersonalizowanej komunikacji z Tob\u0105. Na przyk\u0142ad, mo\u017cemy skontaktowa\u0107 si\u0119 z Tob\u0105 telefonicznie, poczt\u0105 elektroniczn\u0105 lub w inny spos\u00f3b, aby przypomnie\u0107 Ci, \u017ce masz produkty w swoim internetowym koszyku, pom\u00f3c Ci w realizacji zam\u00f3wienia, przekaza\u0107 aktualny status Twojego zg\u0142oszenia, zam\u00f3wienia lub reklamacji, aby uzyska\u0107 dodatkowe informacje, je\u015bli dotyczy, lub powiadomi\u0107 Ci\u0119 o konieczno\u015bci podj\u0119cia dzia\u0142a\u0144 w celu utrzymania aktywnego konta. Je\u015bli kupujesz od nas jako cz\u0142onek, przetwarzamy te dane z powodu uzasadnionego interesu, kt\u00f3ry wynika z uzasadnionego interesu Sc SereniCapelli Srl, jak opisano powy\u017cej.<\/li>\n<li><strong>Poprawa jako\u015bci us\u0142ug<\/strong>. Wykorzystujemy dane do ci\u0105g\u0142ego ulepszania naszych us\u0142ug i system\u00f3w, w tym dodawania nowych funkcji, a tak\u017ce do podejmowania \u015bwiadomych decyzji z wykorzystaniem \u0142\u0105cznej analityki i analityki biznesowej, a wszystko to w oparciu o nasz uzasadniony interes wynikaj\u0105cy ze swobody prowadzenia dzia\u0142alno\u015bci gospodarczej i potrzeby doskonalenia \u015bwiadczonych przez nas us\u0142ug w celu zachowania konkurencyjno\u015bci. W celu zapewnienia odpowiedniej ochrony Pa\u0144stwa praw i interes\u00f3w, b\u0119dziemy wykorzystywa\u0107 dane osobowe w spos\u00f3b maksymalnie zanonimizowany w celu poprawy naszych us\u0142ug.<\/li>\n<\/ul>\n<\/li>\n<li><strong>Ochrona, bezpiecze\u0144stwo i rozwi\u0105zywanie spor\u00f3w<\/strong>. Mo\u017cemy r\u00f3wnie\u017c przetwarza\u0107 dane z uzasadnionego interesu, kt\u00f3rym jest zapewnienie ochrony i bezpiecze\u0144stwa naszych system\u00f3w i klient\u00f3w, w celu zapobiegania i wykrywania oszustw, rozstrzygania spor\u00f3w i realizacji naszych um\u00f3w, w oparciu o uzasadniony interes.<\/li>\n<li><strong>Oferty marketingowe<\/strong>.\n<ul>\n<li>Komunikacja handlowa\n<ul>\n<li>Wysy\u0142amy Ci informacje handlowe o produktach podobnych do tych, kt\u00f3re kupi\u0142e\u015b.<\/li>\n<li>Zawsze masz mo\u017cliwo\u015b\u0107 odm\u00f3wienia przyj\u0119cia tych informacji handlowych, korzystaj\u0105c z adresu e-mail <u><br \/>\n  <a href=\"mailto:contact@serenicapelli.com\">contact@serenicapelli.com<\/a><br \/>\n<\/u> aby zrezygnowa\u0107 z subskrypcji.<\/li>\n<li>Je\u015bli zrezygnujesz z subskrypcji wiadomo\u015bci handlowych, nie b\u0119dziemy ju\u017c wykorzystywa\u0107 Twoich danych. kontakt elektroniczny w tych celach. Wznawiamy ich u\u017cywanie tylko wtedy, gdy si\u0119 zarejestrujecie lub wyra\u017anie o to poprosicie.<\/li>\n<\/ul>\n<\/li>\n<li>Wy\u015bwietlane oferty marketingowe mog\u0105 by\u0107 dobierane na podstawie innych informacji pozyskanych o u\u017cytkowniku. w czasie, z danych kontaktowych, informacji demograficznych, preferowanych produkt\u00f3w oraz danych dotycz\u0105cych korzystania z naszych produkt\u00f3w i strony internetowej (pliki cookies, adres IP, informacje przekazywane przez przegl\u0105dark\u0119, klikni\u0119cia, wy\u015bwietlane komunikaty handlowe, odwiedzane produkty). Przetwarzanie nie jest w pe\u0142ni zautomatyzowane, gdy\u017c wywo\u0142ywa\u0142oby to dla Pa\u0144stwa skutki prawne.<\/li>\n<li>Je\u015bli nie jeste\u015b naszym klientem, przetwarzamy dane na podstawie Twojej zgody.<\/li>\n<li>Maj\u0105 Pa\u0144stwo prawo do wniesienia sprzeciwu wobec takiego przetwarzania w dowolnym momencie i nieodp\u0142atnie. Dane kontaktowe znajduj\u0105 si\u0119 na ko\u0144cu niniejszego dokumentu.<\/li>\n<\/ul>\n<\/li>\n<li>Przetwarzanie plik\u00f3w <strong>cookie na stronach internetowych <\/strong>obs\u0142ugiwanych przez SC Sereni Capelli SRL\n<ul>\n<li>Je\u015bli w\u0142\u0105czysz w swojej przegl\u0105darce obs\u0142ug\u0119 plik\u00f3w cookies, przetwarzamy rekordy behawioralne z plik\u00f3w cookies umieszczonych na stronie internetowej obs\u0142ugiwanej przez Sereni Capelli w celu zapewnienia lepszej funkcjonalno\u015bci strony internetowej serenicapelli.com, a tak\u017ce stron partnerskich oraz na potrzeby reklamy internetowej Sereni Capelli.<\/li>\n<\/ul>\n<\/li>\n<\/ul>\n<p><strong>1.3. Przekazywanie danych osobowych osobom trzecim<\/strong><\/p>\n<p>Twoje informacje Dane osobowe zostan\u0105 przekazane osobom trzecim lub w inny spos\u00f3b zapo\u015bredniczone tylko wtedy, gdy b\u0119dzie to konieczne do realizacji umowy sprzeda\u017cy, na podstawie uzasadnionego interesu lub gdy wyrazili Pa\u0144stwo wcze\u015bniej zgod\u0119.<\/p>\n<ul>\n<li>a) sp\u00f3\u0142kom zale\u017cnym i sp\u00f3\u0142kom przetwarzaj\u0105cym, w celu realizacji umowy sprzeda\u017cy, w celu realizacji wewn\u0119trznych proces\u00f3w i praktyk<\/li>\n<li>b) operatorom kart kredytowych, dostawcom us\u0142ug p\u0142atniczych w zakresie obs\u0142ugi p\u0142atno\u015bci oraz bankom, na podstawie Pa\u0144stwa zam\u00f3wienia, w celu realizacji umowy sprzeda\u017cy<\/li>\n<li>c) firmom transportowym, w celu dostarczenia zam\u00f3wionych przez Pa\u0144stwa produkt\u00f3w lub us\u0142ug. i rozpatrywanie skarg, w tym wypowiedzenie umowy<\/li>\n<li>d) naszym partnerom w programach lojalno\u015bciowych, na kt\u00f3re si\u0119 zdecydujesz<\/li>\n<li>e) innym us\u0142ugodawcom, osobom trzecim zajmuj\u0105cym si\u0119 przetwarzaniem danych;<\/li>\n<li>f) osobom trzecim, np. prokuratorom i s\u0105dom, w celu odzyskania nale\u017cno\u015bci lub zawarcia jakiejkolwiek umowy z Pa\u0144stwem;<\/li>\n<li>g) w\u0142adze publiczne (np. policja)<\/li>\n<li>h) stronom trzecim, kt\u00f3re przeprowadzaj\u0105 badania opinii klient\u00f3w<\/li>\n<\/ul>\n<p>Je\u017celi osoba trzecia wykorzystuje dane w ramach swojego uzasadnionego interesu, administrator nie ponosi tej odpowiedzialno\u015bci. Proces ten jest regulowany przez zasady przetwarzania danych osobowych firm i odpowiednich os\u00f3b.<\/p>\n<ol>\n<li><strong>Bezpiecze\u0144stwo danych osobowych i czas ich przechowywania<\/strong><\/li>\n<\/ol>\n<p><strong>2.1. Bezpiecze\u0144stwo danych osobowych<\/strong><\/p>\n<ul>\n<li>a) Twoje dane s\u0105 przekazywane w formie zaszyfrowanej. B\u0119dziemy stosowa\u0107 szyfrowanie SSL (secure socket layer). Zabezpieczamy nasz\u0105 stron\u0119 internetow\u0105 i inne systemy za pomoc\u0105 \u015brodk\u00f3w technicznych i organizacyjnych przed utrat\u0105 lub zniszczeniem Twoich danych, dost\u0119pem os\u00f3b nieuprawnionych, modyfikacj\u0105 lub rozpowszechnianiem.<\/li>\n<li>b) Wymagamy od podmiot\u00f3w przetwarzaj\u0105cych dane, z kt\u00f3rymi wsp\u00f3\u0142pracujemy, aby udowodni\u0142y zgodno\u015b\u0107 swoich system\u00f3w z rozporz\u0105dzeniem GDPR.<\/li>\n<li>c) Dost\u0119p do konta u\u017cytkownika. przez klienta jest mo\u017cliwe tylko po wprowadzeniu osobistego has\u0142a. W tym kontek\u015bcie przypominamy, \u017ce bezwzgl\u0119dnie nie nale\u017cy ujawnia\u0107 danych dost\u0119powych osobom trzecim oraz \u017ce po zako\u0144czeniu sesji nie nale\u017cy ujawnia\u0107 danych dost\u0119powych osobom trzecim. na koncie klienta, zawsze zamykaj okno przegl\u0105darki, zw\u0142aszcza je\u015bli udost\u0119pniasz sw\u00f3j komputer innym u\u017cytkownikom. SC SERENICAPELLI SRL nie ponosi odpowiedzialno\u015bci za niew\u0142a\u015bciwe u\u017cycie hase\u0142, chyba \u017ce sytuacja zosta\u0142a spowodowana bezpo\u015brednio przez nasz\u0105 stron\u0119 internetow\u0105.<\/li>\n<\/ul>\n<p><strong>3.1. Czas przetwarzania<\/strong><\/p>\n<p>Przetwarzamy i przechowujemy dane osobowe<\/p>\n<ul>\n<li>na okres absolutnie niezb\u0119dny do zabezpieczenia wszystkich praw i obowi\u0105zk\u00f3w wynikaj\u0105cych z umowy sprzeda\u017cy<\/li>\n<li>przez 1 rok po zako\u0144czeniu okresu gwarancyjnego w celu rozstrzygni\u0119cia ewentualnych spor\u00f3w<\/li>\n<li>tak d\u0142ugo jak SC SERENICAPELLI SRL, jako administrator, jest zobowi\u0105zany do przechowywania informacji, zgodnie z og\u00f3lnymi przepisami prawa. Dokumenty ksi\u0119gowe, na przyk\u0142ad faktury wystawione przez SC SERENICAPELLI SRL, s\u0105 archiwizowane zgodnie z prawem, przez okres 10 lat od ich wystawienia.<\/li>\n<li>Umowa o powiadomienie o dost\u0119pno\u015bci towar\u00f3w obowi\u0105zuje przez okres dost\u0119pno\u015bci przekazanych informacji, jednak nie d\u0142u\u017cej ni\u017c przez 1 rok lub do odwo\u0142ania.<\/li>\n<li>Umowa dotycz\u0105ca ofert marketingowych jest wa\u017cna przez 4 lata lub do odwo\u0142ania.<\/li>\n<li>Przegl\u0105d 6 lat<\/li>\n<li>Pomoc dla 10-latk\u00f3w<\/li>\n<li>Komunikacja 2 lata<\/li>\n<li>Konkursy 1 rok<\/li>\n<\/ul>\n<p>W pozosta\u0142ych przypadkach czas przetwarzania wynika z celu przetwarzania lub jest podyktowany przepisami o ochronie danych osobowych.<\/p>\n<ol>\n<li><strong>Prawa os\u00f3b, kt\u00f3rych dane dotycz\u0105<\/strong><\/li>\n<\/ol>\n<ul>\n<li>a) Je\u015bli przetwarzamy Twoje dane. danych osobowych, mog\u0105 Pa\u0144stwo za\u017c\u0105da\u0107 bezp\u0142atnej informacji na temat przetwarzania Pa\u0144stwa danych osobowych.<\/li>\n<li>b) Je\u015bli uwa\u017casz, \u017ce przetwarzanie Twoich danych osobowych nie jest zgodne z ochron\u0105 danych osobowych. Je\u017celi Pa\u0144stwa dane osobowe s\u0105 przetwarzane niezgodnie z przepisami o ochronie danych osobowych, mog\u0105 Pa\u0144stwo \u017c\u0105da\u0107 wyja\u015bnie\u0144, za\u017c\u0105da\u0107 usuni\u0119cia zaistnia\u0142ej sytuacji, a przede wszystkim za\u017c\u0105da\u0107 sprostowania, uzupe\u0142nienia, usuni\u0119cia lub zablokowania danych osobowych.<\/li>\n<li>c) Je\u015bli chcesz skorzysta\u0107 z przys\u0142uguj\u0105cych Ci praw, skontaktuj si\u0119 z Inspektorem Ochrony Danych pod adresem <u><a href=\"mailto:contact@serenicapelli.com\">contact@serenicapelli.com;<\/a> dpo@serenicapelli.com<\/u>. Mo\u017cesz r\u00f3wnie\u017c skontaktowa\u0107 si\u0119 z Krajowym Organem Nadzorczym ds. przetwarzania danych osobowych.<\/li>\n<li>d) Twoja zgoda w sprawie przetwarzania danych osobowych mo\u017ce by\u0107 w ka\u017cdej chwili odwo\u0142ana. W przypadku wycofania zgody na przetwarzanie danych osobowych, zostan\u0105 one usuni\u0119te lub zanonimizowane; \u015brodki te nie maj\u0105 jednak wp\u0142ywu na dane osobowe niezb\u0119dne dla SC SERENICAPELLI SRL do wype\u0142nienia zobowi\u0105za\u0144 prawnych (np. realizacji ju\u017c podj\u0119tych zam\u00f3wie\u0144) lub do ochrony jej uzasadnionych interes\u00f3w. Usuni\u0119cie danych osobowych ma miejsce r\u00f3wnie\u017c wtedy, gdy nie s\u0105 one niezb\u0119dne do realizacji zamierzonego celu lub gdy przechowywanie Pa\u0144stwa danych nie jest konieczne do realizacji zamierzonego celu. jest niedopuszczalny z innych powod\u00f3w przewidzianych prawem.<\/li>\n<\/ul>\n<p><strong>5.1. Cookie<\/strong><\/p>\n<p>Nasze strony wykorzystuj\u0105 tzw. pliki cookies, aby nasza oferta by\u0142a dla Pa\u0144stwa trafna, interesuj\u0105ca i przyjemna. Cookies to ma\u0142e pliki tekstowe przechowywane na komputerze lub smartfonie u\u017cytkownika. lub na innym urz\u0105dzeniu i s\u0105 wykorzystywane przez przegl\u0105dark\u0119. Web. U\u017cywamy plik\u00f3w cookies do takich cel\u00f3w jak:<\/p>\n<ul>\n<li>poprawn\u0105 funkcjonalno\u015b\u0107 koszyka, aby jak naj\u0142atwiej zrealizowa\u0107 zam\u00f3wienie<\/li>\n<li>przypomnienie danych do logowania, aby nie trzeba by\u0142o ich wielokrotnie wpisywa\u0107<\/li>\n<li>dostosowanie naszych stron internetowych w jak najwi\u0119kszym stopniu do Pa\u0144stwa wymaga\u0144 poprzez monitorowanie Pa\u0144stwa wizyt, poruszania si\u0119 po stronie oraz funkcji, z kt\u00f3rych Pa\u0144stwo korzystaj\u0105<\/li>\n<li>monitorowanie reklam, kt\u00f3re ogl\u0105dasz, aby nie widzie\u0107 reklam produkt\u00f3w, kt\u00f3rymi nie jeste\u015b zainteresowany<\/li>\n<\/ul>\n<p>Niekt\u00f3re pliki cookie mog\u0105 gromadzi\u0107 informacje, kt\u00f3re s\u0105 nast\u0119pnie wykorzystywane przez osoby trzecie i kt\u00f3re np. bezpo\u015brednio wspieraj\u0105 nasze dzia\u0142ania promocyjne (tzw. &#8222;third-party cookies&#8221;). Na przyk\u0142ad informacje o produktach zakupionych na naszej stronie mog\u0105 zosta\u0107 przekazane agencji reklamowej w celu wy\u015bwietlania i dostosowywania internetowych baner\u00f3w reklamowych, kt\u00f3re pojawiaj\u0105 si\u0119 na przegl\u0105danych stronach. Prosz\u0119 pami\u0119ta\u0107, \u017ce nie ma mo\u017cliwo\u015bci identyfikacji u\u017cytkownika. w oparciu o te dane.<\/p>\n<p><strong>5.2. Stosowanie plik\u00f3w cookie<\/strong><\/p>\n<p>Pliki cookies wykorzystywane na naszej stronie internetowej mo\u017cna podzieli\u0107 na dwie kategorie. Kr\u00f3tkotrwa\u0142e tzw. sesyjne pliki cookie s\u0105 usuwane natychmiast po opuszczeniu naszej strony internetowej. D\u0142ugotrwa\u0142e tak zwane &#8222;persistent cookies&#8221; pozostaj\u0105 zapisane na Twoim urz\u0105dzeniu. znacznie d\u0142u\u017cej lub do momentu ich r\u0119cznego usuni\u0119cia (czas utrzymywania si\u0119 plik\u00f3w cookies na Twoim urz\u0105dzeniu zale\u017cy od ich ustawienia oraz ustawie\u0144 Twojej przegl\u0105darki).<\/p>\n<p>Pliki cookies mo\u017cna r\u00f3wnie\u017c sklasyfikowa\u0107 wed\u0142ug funkcjonalno\u015bci:<\/p>\n<ul>\n<li>analizy, kt\u00f3re pomagaj\u0105 nam poprawi\u0107 do\u015bwiadczenie u\u017cytkownika na naszej stronie, poniewa\u017c rozumiemy, jak u\u017cytkownicy z niej korzystaj\u0105<\/li>\n<li>metryki konwersji, kt\u00f3re pozwalaj\u0105 nam analizowa\u0107 wydajno\u015b\u0107 poszczeg\u00f3lnych kana\u0142\u00f3w sprzeda\u017cy<\/li>\n<li>\u015bledzenie, kt\u00f3re w po\u0142\u0105czeniu ze \u015bledzeniem konwersji pomaga analizowa\u0107 wydajno\u015b\u0107 poszczeg\u00f3lnych kana\u0142\u00f3w sprzeda\u017cy<\/li>\n<li>remarketing, s\u0142u\u017c\u0105cy do personalizacji tre\u015bci reklam i w\u0142a\u015bciwego kierowania reklam<\/li>\n<li>niezb\u0119dne, wa\u017cne dla podstawowej funkcjonalno\u015bci strony<\/li>\n<\/ul>\n<p><strong>5.3. Odrzucanie plik\u00f3w cookie<\/strong><\/p>\n<p>Ustawienie korzystania z plik\u00f3w cookies jest zawarte w przegl\u0105darce. Internet. Domy\u015blnie wi\u0119kszo\u015b\u0107 przegl\u0105darek automatycznie akceptuje pliki cookie. Za pomoc\u0105 przegl\u0105darki mo\u017cna odrzuci\u0107 te pliki cookie lub ograniczy\u0107 je do okre\u015blonych typ\u00f3w, kt\u00f3re u\u017cytkownik specjalnie wybiera.<\/p>\n<p>Informacje o przegl\u0105darkach i ustawieniu preferencji dotycz\u0105cych cookies mo\u017cna znale\u017a\u0107 na nast\u0119puj\u0105cych stronach internetowych lub w innych plikach przegl\u0105darek internetowych<\/p>\n<ul>\n<li><a href=\"https:\/\/support.google.com\/accounts\/answer\/61416?hl=ro&amp;co=GENIE.Platform%3DDesktop&amp;oco=1\">Chrom<\/a><\/li>\n<li><a href=\"https:\/\/support.mozilla.org\/ro\/kb\/activarea-si-dezactivarea-cookie-urilor\">Firefox<\/a><\/li>\n<li><a href=\"https:\/\/support.microsoft.com\/ro-ro\/help\/17442\/windows-internet-explorer-delete-manage-cookies\">Internet Explorer<\/a><\/li>\n<li><a href=\"https:\/\/support.google.com\/accounts\/answer\/61416?hl=ro&amp;co=GENIE.Platform%3DAndroid&amp;oco=1\">Android<\/a><\/li>\n<\/ul>\n<p><strong> <\/strong><\/p>\n<p><strong>5.4. Linki<\/strong><\/p>\n<p>Nasza strona zawiera linki do innych stron internetowych, kt\u00f3re s\u0105 praktyczne i zawieraj\u0105 przydatne informacje. Nale\u017cy pami\u0119ta\u0107, \u017ce strony te mog\u0105 by\u0107 w\u0142asno\u015bci\u0105 i by\u0107 obs\u0142ugiwane przez inne firmy i organizacje, kt\u00f3re mog\u0105 mie\u0107 r\u00f3\u017cne polityki bezpiecze\u0144stwa i ochrony danych osobowych. Nasza firma nie ma kontroli i nie ponosi odpowiedzialno\u015bci za informacje, materia\u0142y, produkty lub us\u0142ugi zawarte lub dost\u0119pne za po\u015brednictwem tych stron internetowych.<\/p>\n<ol>\n<li><strong>Skontaktuj si\u0119 z nami<\/strong><\/li>\n<\/ol>\n<p>W przypadku jakichkolwiek pyta\u0144, komentarzy i wniosk\u00f3w dotycz\u0105cych niniejszych Zasad, prosimy o kontakt z nami pod adresem lub lini\u0105 obs\u0142ugi klienta wymienion\u0105 na dole niniejszych Zasad &#8211; lub za po\u015brednictwem poczty elektronicznej.<\/p>\n<p>Kontakt z DPO: <u><br \/>\n  <a href=\"mailto:dpo@serenicapelli.com\">dpo@serenicapelli.com<\/a><br \/>\n<\/u>; contact@serenicapelli.com<\/p>\n<p>Sc Sereni Capelli Srl (Sereni Capelli)<\/p>\n<ol>\n<li><strong>Wa\u017cno\u015b\u0107<\/strong><\/li>\n<\/ol>\n<p>Niniejsze Zasady Ochrony Prywatno\u015bci wchodz\u0105 w \u017cycie z dniem 01.05.2018 r.<\/p>\n","protected":false},"excerpt":{"rendered":"<p>Polityka prywatno\u015bci Sereni Capelli, operator sklepu internetowego www.serenicapelli.com, o\u015bwiadcza, \u017ce wszystkie dane osobowe (zwane dalej &#8222;danymi&#8221;) s\u0105 traktowane jako \u015bci\u015ble poufne i s\u0105 traktowane zgodnie z obowi\u0105zuj\u0105cymi przepisami prawa w zakresie ochrony danych osobowych. Bezpiecze\u0144stwo Twoich danych osobowych jest dla nas priorytetem. W zwi\u0105zku z tym zwracamy najwi\u0119ksz\u0105 uwag\u0119 na dane osobowe i ich ochron\u0119. [&hellip;]<\/p>\n","protected":false},"author":1,"featured_media":0,"parent":0,"menu_order":0,"comment_status":"closed","ping_status":"closed","template":"","meta":{"footnotes":""},"class_list":["post-728076","page","type-page","status-publish","hentry"],"_links":{"self":[{"href":"https:\/\/serenicapelli.com\/pl\/wp-json\/wp\/v2\/pages\/728076","targetHints":{"allow":["GET"]}}],"collection":[{"href":"https:\/\/serenicapelli.com\/pl\/wp-json\/wp\/v2\/pages"}],"about":[{"href":"https:\/\/serenicapelli.com\/pl\/wp-json\/wp\/v2\/types\/page"}],"author":[{"embeddable":true,"href":"https:\/\/serenicapelli.com\/pl\/wp-json\/wp\/v2\/users\/1"}],"replies":[{"embeddable":true,"href":"https:\/\/serenicapelli.com\/pl\/wp-json\/wp\/v2\/comments?post=728076"}],"version-history":[{"count":0,"href":"https:\/\/serenicapelli.com\/pl\/wp-json\/wp\/v2\/pages\/728076\/revisions"}],"wp:attachment":[{"href":"https:\/\/serenicapelli.com\/pl\/wp-json\/wp\/v2\/media?parent=728076"}],"curies":[{"name":"wp","href":"https:\/\/api.w.org\/{rel}","templated":true}]}}