{"id":728063,"date":"2023-02-06T19:24:05","date_gmt":"2023-02-06T17:24:05","guid":{"rendered":"https:\/\/serenicapelli.com\/pytania-i-odpowiedzi\/"},"modified":"2023-04-01T18:35:42","modified_gmt":"2023-04-01T16:35:42","slug":"pytania-i-odpowiedzi","status":"publish","type":"page","link":"https:\/\/serenicapelli.com\/pl\/pytania-i-odpowiedzi\/","title":{"rendered":"PYTANIA I ODPOWIEDZI"},"content":{"rendered":"\t\t<div data-elementor-type=\"wp-page\" data-elementor-id=\"728063\" class=\"elementor elementor-728063 elementor-727182\" data-elementor-post-type=\"page\">\n\t\t\t\t<div class=\"elementor-element elementor-element-bd2a907 e-flex e-con-boxed e-con e-parent\" data-id=\"bd2a907\" data-element_type=\"container\" data-e-type=\"container\">\n\t\t\t\t\t<div class=\"e-con-inner\">\n\t\t\t\t<div class=\"elementor-element elementor-element-d6e6f30 elementor-widget elementor-widget-text-editor\" data-id=\"d6e6f30\" data-element_type=\"widget\" data-e-type=\"widget\" data-widget_type=\"text-editor.default\">\n\t\t\t\t<div class=\"elementor-widget-container\">\n\t\t\t\t\t\t\t\t\t<h3>Pytania i odpowiedzi<\/h3>\n<p>Na tej stronie znajdziesz odpowiedzi na najcz\u0119stsze pytania zadawane przez naszych klient\u00f3w.<\/p>\n<p>Te informacje pomog\u0105 Ci uzyska\u0107 najlepsze wyniki podczas stosowania produkt\u00f3w Sereni Capelli.<\/p>\n<p><strong>Jak\u0105 mam gwarancj\u0119, \u017ce ten produkt dzia\u0142a?<\/strong><\/p>\n<p>Produkty Sereni Capelli obj\u0119te s\u0105 30-dniow\u0105 gwarancj\u0105 od daty otrzymania. Je\u015bli nie jeste\u015b zadowolony z wynik\u00f3w uzyskanych dzi\u0119ki stosowaniu naszych produkt\u00f3w przez co najmniej 15 dni, mo\u017cesz skontaktowa\u0107 si\u0119 z nami, korzystaj\u0105c z informacji na stronie KONTAKT, a my zwr\u00f3cimy Ci pe\u0142n\u0105 kwot\u0119, w tym koszty wysy\u0142ki.<\/p>\n<p><strong>Czy mog\u0119 u\u017cywa\u0107 tego produktu r\u00f3wnie\u017c do brody?<\/strong><\/p>\n<p>Tak, produkty Sereni Capelli mog\u0105 by\u0107 stosowane r\u00f3wnie\u017c do brody, ale nale\u017cy uwa\u017ca\u0107, aby nie po\u0142kn\u0105\u0107 produktu, aby unikn\u0105\u0107 dyskomfortu. Nale\u017cy pami\u0119ta\u0107, \u017ce w\u0142osy brody s\u0105 bardzo szorstkie i mo\u017cesz nie uzyska\u0107 wynik\u00f3w tak szybko jak w\u0142osy sk\u00f3ry g\u0142owy. Z tego powodu prosz\u0119 obni\u017cy\u0107 nieco swoje oczekiwania i by\u0107 bardziej cierpliwym.<\/p>\n<p><strong>Czy mog\u0119 u\u017cywa\u0107 tego produktu, je\u015bli jestem w ci\u0105\u017cy? Co zrobi\u0107, je\u015bli karmi\u0119 piersi\u0105?<\/strong><\/p>\n<p>Produkty Sereni Capelli s\u0105 wykonane z bezpiecznych sk\u0142adnik\u00f3w, wi\u0119c nie stanowi\u0105 zagro\u017cenia dla zdrowia dziecka.<br \/>Mo\u017cna je stosowa\u0107 r\u00f3wnie\u017c w okresie karmienia piersi\u0105.<\/p>\n<p><strong>Czy mog\u0119 u\u017cywa\u0107 tego produktu, je\u015bli niedawno mia\u0142am implant w\u0142os\u00f3w?<\/strong><\/p>\n<p>Je\u015bli niedawno przesz\u0142a\u015b operacj\u0119 wszczepienia implantu w\u0142os\u00f3w, zalecamy odczeka\u0107 co najmniej 6 miesi\u0119cy przed zastosowaniem produkt\u00f3w Sereni Capelli.<\/p>\n<p>Zawieraj\u0105 one alkohol, a wszczepione w\u0142osy potrzebuj\u0105 czasu, aby si\u0119 rozwin\u0105\u0107 i wzmocni\u0107 swoje korzenie.<\/p>\n<p>Jednak po 6 miesi\u0105cach od implantacji stosowanie naszych produkt\u00f3w mo\u017ce by\u0107 nawet zalecane, poniewa\u017c pomagaj\u0105 one wzmocni\u0107 w\u0142osy i wyeliminowa\u0107 bakterie, kt\u00f3re mog\u0105 prowadzi\u0107 do ich wypadania.<\/p>\n<p><strong>Mam alergi\u0119 na farb\u0119. Czy mog\u0119 u\u017cywa\u0107 tych produkt\u00f3w?<\/strong><\/p>\n<p>Mo\u017cesz stosowa\u0107 produkty Sereni Capelli zamiast barwnika bez ryzyka uczulenia.Produkty Sereni Capelli nie zawieraj\u0105 pigment\u00f3w barwnikowych ani utleniaczy (PEROXID).<\/p>\n<p>Produkty Sereni Capelli, cho\u0107 przywracaj\u0105 w\u0142osom ich naturalny kolor, nie maj\u0105 nic wsp\u00f3lnego z farb\u0105 do w\u0142os\u00f3w.<\/p>\n<p><strong>Mam \u0141uszczyc\u0119 (lub inn\u0105 chorob\u0119 sk\u00f3ry), czy mog\u0119 u\u017cywa\u0107 tego produktu?<\/strong><\/p>\n<p>Zabiegi &#8222;Lozione&#8221; i &#8222;Crema &#8211; Forte&#8221; zawieraj\u0105 alkohol.<br \/>Znaj\u0105c z\u0142o\u017cono\u015b\u0107 tej choroby zwanej \u0141uszczyc\u0105 i innych chor\u00f3b sk\u00f3ry, nie zalecamy stosowania zabieg\u00f3w, nawet je\u015bli w \u017cadnym z test\u00f3w przeprowadzonych przez zesp\u00f3\u0142 produkcyjny nie wyst\u0105pi\u0142y dzia\u0142ania niepo\u017c\u0105dane.<\/p>\n<p>Przyspieszacze &#8222;Intenso Gel&#8221; i &#8222;Shampoo&#8221; s\u0105 nawet bezpieczniejsze w u\u017cyciu ni\u017c zabiegi, ale do stosowania tych produkt\u00f3w r\u00f3wnie\u017c nale\u017cy podchodzi\u0107 z du\u017c\u0105 ostro\u017cno\u015bci\u0105.<\/p>\n<p><strong>Jestem na lekach. Czy mog\u0119 u\u017cywa\u0107 tego produktu?<\/strong><\/p>\n<p>Stosowanie produkt\u00f3w Sereni Capelli w po\u0142\u0105czeniu z innymi zabiegami nie jest ograniczone, ale nale\u017cy pami\u0119ta\u0107 o nast\u0119puj\u0105cych kwestiach:<\/p>\n<ul>\n<li>Je\u015bli u\u017cywasz \u015brodk\u00f3w powierzchniowych, takich jak oleje, ma\u015bci, spraye&#8230; itp, nie u\u017cywaj ich na tej samej powierzchni, na kt\u00f3rej stosujesz \u015brodki &#8222;Lozione&#8221; lub &#8222;Crema-Forte&#8221;, poniewa\u017c te \u015brodki najprawdopodobniej zniweluj\u0105 si\u0119 wzajemnie.<\/li>\n<li>Powy\u017csze ograniczenia nie dotycz\u0105 akcelerator\u00f3w &#8222;Shampoo&#8221; lub &#8222;Gel-Intenso&#8221;.<\/li>\n<li>W przypadku lek\u00f3w przeznaczonych do spo\u017cycia nie ma \u017cadnych ogranicze\u0144.<\/li>\n<li>Nadmieniamy, \u017ce niekt\u00f3re leki, takie jak &#8222;Aspiryna&#8221; i &#8222;Paracetamol&#8221;, zmniejsz\u0105 efekty zabieg\u00f3w Sereni Capelli nawet o 40%.<\/li>\n<\/ul>\n<div> <\/div>\n<p><strong>Jestem osob\u0105 uczulon\u0105 na kilka substancji, czy mog\u0119 u\u017cywa\u0107 tego produktu?<\/strong><\/p>\n<p>NIE ZALECAMY STOSOWANIA PRODUKT\u00d3W SERENI CAPELLI OSOBOM Z LICZNYMI ALERGIAMI!<\/p>\n<p>Produkty Sereni Capelli nie zawieraj\u0105 sk\u0142adnik\u00f3w, kt\u00f3re mog\u0105 powodowa\u0107 alergie. Zawiera jednak alkohol i mo\u017ce powodowa\u0107 podra\u017cnienie sk\u00f3ry, co u os\u00f3b, kt\u00f3re bardzo \u0142atwo ulegaj\u0105 uczuleniu, mo\u017ce przerodzi\u0107 si\u0119 w alergi\u0119.<\/p>\n<p>Osoby cierpi\u0105ce na liczne alergie lub bardzo \u0142atwo uczulaj\u0105ce si\u0119 na r\u00f3\u017cne substancje mog\u0105 czasami sta\u0107 si\u0119 uczulone nawet na niealergizuj\u0105ce substancje\/sk\u0142adniki. Dlatego dla Twojego bezpiecze\u0144stwa nie zalecamy stosowania tych produkt\u00f3w.<\/p>\n<p>Je\u015bli jednak naprawd\u0119 chcesz u\u017cywa\u0107 naszych produkt\u00f3w, zalecamy bardzo powolne testowanie przed u\u017cyciem ich zgodnie z instrukcj\u0105.<\/p>\n<p><strong>JAK ZALECAMY POST\u0118POWA\u0106?<\/strong><\/p>\n<ul>\n<li>Przede wszystkim upewnij si\u0119, \u017ce masz pod r\u0119k\u0105 niezb\u0119dne leki do walki z alergi\u0105, gdyby si\u0119 pojawi\u0142a.<\/li>\n<li>Dla Pa\u0144stwa bezpiecze\u0144stwa prosimy o upewnienie si\u0119, \u017ce kto\u015b inny jest z Pa\u0144stwem w pokoju, aby w razie potrzeby udzieli\u0107 pierwszej pomocy lub przetransportowa\u0107 Pa\u0144stwa do szpitala w przypadku silnej alergii.<\/li>\n<li>Nast\u0119pnie nale\u017cy dobrze wstrz\u0105sn\u0105\u0107 butelk\u0105, po czym na\u0142o\u017cy\u0107 bardzo ma\u0142\u0105 ilo\u015b\u0107 produktu na przedrami\u0119 i rozprowadzi\u0107 go czubkiem palca na powierzchni 3-4 cm.<\/li>\n<li>Odczekaj kilka godzin i je\u015bli nic si\u0119 nie dzieje, powt\u00f3rz t\u0119 sam\u0105 procedur\u0119 na sk\u00f3rze g\u0142owy na styku z czo\u0142em.<\/li>\n<li>Je\u015bli nie ma oznak alergii, mo\u017cna zastosowa\u0107 na wi\u0119ksz\u0105 powierzchni\u0119 i powt\u00f3rzy\u0107 proces minimum 4 razy w odst\u0119pie co najmniej 4 godzin.<\/li>\n<li>Je\u015bli nie wyst\u0105pi\u0105 alergie, ale podra\u017cnienia sk\u00f3ry wyst\u0105pi\u0105, nale\u017cy rozwa\u017cy\u0107, jak silne i jak uci\u0105\u017cliwe s\u0105 te podra\u017cnienia, aby oceni\u0107, czy pacjent b\u0119dzie chcia\u0142 kontynuowa\u0107 leczenie.<\/li>\n<li>Podra\u017cnienie sk\u00f3ry mo\u017ce wyst\u0105pi\u0107 u niekt\u00f3rych os\u00f3b i jest normalnym procesem, ale zniknie po oko\u0142o 15 u\u017cyciach.<\/li>\n<li>Bardzo wa\u017cne jest, aby zwr\u00f3ci\u0107 uwag\u0119 na r\u00f3\u017cnic\u0119 mi\u0119dzy podra\u017cnieniem sk\u00f3ry a alergi\u0105!<\/li>\n<\/ul>\n<div> <\/div>\n<p><strong>Nie mam bia\u0142ych w\u0142os\u00f3w! Czy mog\u0119 skorzysta\u0107 z innych \u015bwiadcze\u0144?<\/strong><\/p>\n<p>Tak! Mo\u017cesz stosowa\u0107 produkty Sereni Capelli nawet je\u015bli nie masz bia\u0142ych w\u0142os\u00f3w i cieszy\u0107 si\u0119 wszystkimi innymi korzy\u015bciami.<br \/>Stosowanie produkt\u00f3w Sereni Capelli, gdy nie masz bia\u0142ych w\u0142osk\u00f3w, zapobiegnie ich pojawieniu si\u0119.<\/p>\n<p><strong>U\u017cywam tego produktu i sw\u0119dzi mnie sk\u00f3ra g\u0142owy. Dlaczego?<\/strong><\/p>\n<p>Je\u015bli sk\u00f3ra g\u0142owy sw\u0119dzi podczas stosowania zabieg\u00f3w Sereni Capelli, oznacza to, \u017ce albo sk\u00f3ra g\u0142owy zawiera mikrop\u0119kni\u0119cia i s\u0105 one naprawiane, albo masz koloni\u0119 bakterii i zostan\u0105 one usuni\u0119te.<\/p>\n<p>Po oko\u0142o 2-3 tygodniach stosowania naszych zabieg\u00f3w sw\u0119dzenie zniknie, a sk\u00f3ra g\u0142owy zostanie ca\u0142kowicie wyleczona.<\/p>\n<p><strong>Po u\u017cyciu tego produktu moje w\u0142osy nabieraj\u0105 nieprzyjemnego zapachu. Dlaczego?<\/strong><\/p>\n<p>Gdy masz bogate w\u0142osy, kolonie bakterii mog\u0105 gromadzi\u0107 si\u0119 w sk\u00f3rze g\u0142owy, a nawet migrowa\u0107 do w\u0142os\u00f3w.<br \/>Stosuj\u0105c produkty Sereni Capelli, bakterie te s\u0105 atakowane przez substancje zawarte w naszych produktach i &#8222;walcz\u0105 ze sob\u0105&#8221;.<\/p>\n<p>W wyniku zwalczania tych bakterii pojawia si\u0119 zwykle nieprzyjemny zapach, zw\u0142aszcza kr\u00f3tko po zastosowaniu preparatu.<\/p>\n<p>Potrzeba oko\u0142o 3 tygodni, aby te bakterie zosta\u0142y usuni\u0119te, a zapach znikn\u0105\u0142.<\/p>\n<p>Po tych 3 tygodniach zapach powinien prawie ca\u0142kowicie znikn\u0105\u0107, to znak, \u017ce bakterie zosta\u0142y usuni\u0119te.<\/p>\n<p>W takich przypadkach zalecamy kontynuowanie stosowania produkt\u00f3w zgodnie ze &#8222;schematem leczenia&#8221; przez minimum 5 tygodni przed przej\u015bciem na &#8222;schemat utrwalania&#8221;.<\/p>\n<p><strong>Moja sk\u00f3ra jest czerwona i sw\u0119dzi. Dlaczego?<\/strong><\/p>\n<p>Je\u015bli Twoja sk\u00f3ra piecze i czerwieni si\u0119 podczas stosowania zabieg\u00f3w Sereni Capelli, by\u0107 mo\u017ce masz wra\u017cliw\u0105 sk\u00f3r\u0119 lub cierpisz na chorob\u0119 sk\u00f3ry, o kt\u00f3rej nie wiesz.<br \/>Istnieje jednak r\u00f3wnie\u017c mo\u017cliwo\u015b\u0107, \u017ce sk\u00f3ra g\u0142owy zawiera mikrop\u0119kni\u0119cia, kt\u00f3re wymagaj\u0105 naprawy.<\/p>\n<p>Nasza rekomendacja to najpierw upewnienie si\u0119, \u017ce poza pocz\u0105tkowym uk\u0142uciem i zaczerwienieniem sk\u00f3ry g\u0142owy, nie ma innych efekt\u00f3w na sk\u00f3rze.<br \/>Je\u015bli nie pojawiaj\u0105 si\u0119 inne efekty, a czerwony kolor znika w ci\u0105gu 2-3 godzin, jest to normalny proces i powinien znikn\u0105\u0107 po oko\u0142o 15-20 u\u017cyciach, poniewa\u017c sk\u00f3ra g\u0142owy staje si\u0119 bardziej odporna.<\/p>\n<p><strong>U\u017cywam tego produktu, ale nie widz\u0119 \u017cadnych efekt\u00f3w.<\/strong><\/p>\n<p>Szanse na to, \u017ce b\u0119dziesz stosowa\u0107 zabiegi Sereni Capelli prawid\u0142owo, zgodnie z instrukcj\u0105 przez 14 dni i nie zauwa\u017cysz poprawy s\u0105 mniejsze ni\u017c 1 na 100 000.<\/p>\n<p>Stwierdzono, \u017ce ponad 99% zg\u0142oszonych brak\u00f3w efektywno\u015bci wynika z niew\u0142a\u015bciwego stosowania zabieg\u00f3w.<\/p>\n<p>Aby mie\u0107 pewno\u015b\u0107, \u017ce prawid\u0142owo zastosowa\u0142e\u015b zabieg, zajrzyj na stron\u0119 ka\u017cdego u\u017cywanego produktu, gdzie znajdziesz w\u0142a\u015bciw\u0105 instrukcj\u0119 u\u017cycia.<\/p>\n<p>Je\u015bli u\u017cywa\u0142e\u015b produkt\u00f3w prawid\u0142owo i naprawd\u0119 nie otrzymujesz wynik\u00f3w w og\u00f3le, jeste\u015b jednym z tych rzadkich ludzi, dla kt\u00f3rych produkt po prostu nie mo\u017ce dzia\u0142a\u0107.<\/p>\n<p>Je\u015bli zauwa\u017casz efekty, ale nie s\u0105 to efekty po\u017c\u0105dane, to wpadasz w jedn\u0105 lub wi\u0119cej z poni\u017cszych sytuacji:<\/p>\n<ul>\n<li>Nie przestrzega\u0142e\u015b czas\u00f3w stosowania produktu.<\/li>\n<li>Nie u\u017cy\u0142e\u015b wystarczaj\u0105cej ilo\u015bci produktu.<\/li>\n<li>Nie nale\u017cy wystarczaj\u0105co dobrze wstrz\u0105sa\u0107 butelk\u0105 przed u\u017cyciem.<\/li>\n<li>Nie stosowa\u0142e\u015b produktu przez wystarczaj\u0105cy okres czasu (zwykle konieczne jest stosowanie produktu zgodnie ze schematem leczenia przez 4-6 tygodni bez przerwy).<\/li>\n<\/ul>\n\t\t\t\t\t\t\t\t<\/div>\n\t\t\t\t<\/div>\n\t\t\t\t\t<\/div>\n\t\t\t\t<\/div>\n\t\t\t\t<\/div>\n\t\t","protected":false},"excerpt":{"rendered":"<p>Pytania i odpowiedzi Na tej stronie znajdziesz odpowiedzi na najcz\u0119stsze pytania zadawane przez naszych klient\u00f3w. Te informacje pomog\u0105 Ci uzyska\u0107 najlepsze wyniki podczas stosowania produkt\u00f3w Sereni Capelli. Jak\u0105 mam gwarancj\u0119, \u017ce ten produkt dzia\u0142a? Produkty Sereni Capelli obj\u0119te s\u0105 30-dniow\u0105 gwarancj\u0105 od daty otrzymania. Je\u015bli nie jeste\u015b zadowolony z wynik\u00f3w uzyskanych dzi\u0119ki stosowaniu naszych produkt\u00f3w [&hellip;]<\/p>\n","protected":false},"author":1,"featured_media":0,"parent":0,"menu_order":0,"comment_status":"closed","ping_status":"closed","template":"","meta":{"footnotes":""},"class_list":["post-728063","page","type-page","status-publish","hentry"],"_links":{"self":[{"href":"https:\/\/serenicapelli.com\/pl\/wp-json\/wp\/v2\/pages\/728063","targetHints":{"allow":["GET"]}}],"collection":[{"href":"https:\/\/serenicapelli.com\/pl\/wp-json\/wp\/v2\/pages"}],"about":[{"href":"https:\/\/serenicapelli.com\/pl\/wp-json\/wp\/v2\/types\/page"}],"author":[{"embeddable":true,"href":"https:\/\/serenicapelli.com\/pl\/wp-json\/wp\/v2\/users\/1"}],"replies":[{"embeddable":true,"href":"https:\/\/serenicapelli.com\/pl\/wp-json\/wp\/v2\/comments?post=728063"}],"version-history":[{"count":0,"href":"https:\/\/serenicapelli.com\/pl\/wp-json\/wp\/v2\/pages\/728063\/revisions"}],"wp:attachment":[{"href":"https:\/\/serenicapelli.com\/pl\/wp-json\/wp\/v2\/media?parent=728063"}],"curies":[{"name":"wp","href":"https:\/\/api.w.org\/{rel}","templated":true}]}}