{"id":728123,"date":"2021-09-19T16:48:59","date_gmt":"2021-09-19T14:48:59","guid":{"rendered":"https:\/\/serenicapelli.com\/noteikumi-un-nosacijumi\/"},"modified":"2023-04-01T18:39:59","modified_gmt":"2023-04-01T16:39:59","slug":"noteikumi-un-nosacijumi","status":"publish","type":"page","link":"https:\/\/serenicapelli.com\/lv\/noteikumi-un-nosacijumi\/","title":{"rendered":"Noteikumi un nosac\u012bjumi"},"content":{"rendered":"\t\t<div data-elementor-type=\"wp-page\" data-elementor-id=\"728123\" class=\"elementor elementor-728123 elementor-2663\" data-elementor-post-type=\"page\">\n\t\t\t\t\t\t<section class=\"elementor-section elementor-top-section elementor-element elementor-element-583bb06 elementor-section-boxed elementor-section-height-default elementor-section-height-default\" data-id=\"583bb06\" data-element_type=\"section\" data-e-type=\"section\">\n\t\t\t\t\t\t<div class=\"elementor-container elementor-column-gap-wider\">\n\t\t\t\t\t<div class=\"elementor-column elementor-col-100 elementor-top-column elementor-element elementor-element-2e602e7\" data-id=\"2e602e7\" data-element_type=\"column\" data-e-type=\"column\">\n\t\t\t<div class=\"elementor-widget-wrap elementor-element-populated\">\n\t\t\t\t\t\t<div class=\"elementor-element elementor-element-035f790 elementor-widget elementor-widget-text-editor\" data-id=\"035f790\" data-element_type=\"widget\" data-e-type=\"widget\" data-widget_type=\"text-editor.default\">\n\t\t\t\t<div class=\"elementor-widget-container\">\n\t\t\t\t\t\t\t\t\t<ol>\n<li><strong>S\u0101kotn\u0113jie noteikumi<\/strong><\/li>\n<\/ol>\n<p>\u0160ie Noteikumi un nosac\u012bjumi nosaka attiec\u012bbas starp m\u016bsu uz\u0146\u0113mumu SC Sereni Capelli SRL k\u0101 e-veikala ar t\u012bmek\u013ca adresi www.serenicapelli.com p\u0101rdev\u0113ju un operatoru un jums, m\u016bsu klientu, kur\u0161 nosl\u0113dz ar mums pirkuma l\u012bgumu.<\/p>\n<p>M\u0113s piem\u0113rojam vienotu pieeju visiem saviem klientiem un pied\u0101v\u0101jam tiem vien\u0101das priek\u0161roc\u012bbas neatkar\u012bgi no t\u0101, vai vi\u0146i ir pat\u0113r\u0113t\u0101ji vai nav. T\u0101p\u0113c \u0161ajos noteikumos un uz\u0146\u0113m\u0113jdarb\u012bbas nosac\u012bjumos izkl\u0101st\u012btie noteikumi attiecas uz visiem m\u016bsu klientiem.<\/p>\n<p>\u0160ie noteikumi un nosac\u012bjumi galvenok\u0101rt attiecas uz produktu ieg\u0101di m\u016bsu e-veikal\u0101. Tie attiecas ar\u012b uz produktu ieg\u0101di, izmantojot klientu uztic\u012bbas t\u0101lruni vai apmekl\u0113jot k\u0101du no m\u016bsu partnerveikaliem.<\/p>\n<ol start=\"2\">\n<li><strong>Pirkuma l\u012bguma nosl\u0113g\u0161ana<\/strong><\/li>\n<\/ol>\n<p>Pirkuma l\u012bgumu ar mums varat nosl\u0113gt att\u0101lin\u0101ti, izmantojot e-veikalu vai klientu uztic\u012bbas t\u0101lruni, vai kl\u0101tien\u0113, apmekl\u0113jot k\u0101du no m\u016bsu partnerveikaliem vai partneru platform\u0101m.<\/p>\n<p>Att\u0101lin\u0101t\u0101 pirkuma l\u012bguma gad\u012bjum\u0101 pas\u016bt\u012bjums, kas iesniegts, iesniedzot pas\u016bt\u012bjumu t\u012bmek\u013ca vietn\u0113 www.serenicapelli.com vai izmantojot klientu uztic\u012bbas t\u0101lruni, ir l\u012bguma projekts. Pas\u016bt\u012bjums b\u016bs der\u012bgs 7 dienas, un m\u0113s apstiprin\u0101sim t\u0101 sa\u0146em\u0161anu pa e-pastu. Rezult\u0101t\u0101 pirkuma l\u012bgums tiks nosl\u0113gts p\u0113c tam, kad m\u0113s pie\u0146emsim l\u012bguma projektu pas\u016bt\u012bto produktu pieg\u0101des veid\u0101. Par produktu nos\u016bt\u012b\u0161anu m\u0113s j\u016bs inform\u0113sim pa e-pastu.<\/p>\n<p>M\u0113s pieg\u0101d\u0101jam preces tikai t\u0101dos daudzumos, kas ir ierasti pat\u0113ri\u0146am m\u0101jsaimniec\u012bb\u0101. Atsevi\u0161\u0137os gad\u012bjumos (jo \u012bpa\u0161i akciju vai kr\u0101jumu iztuk\u0161o\u0161anas gad\u012bjum\u0101) m\u0113s paturam ties\u012bbas noteikt maksim\u0101lo daudzumu, ko varam pieg\u0101d\u0101t.<\/p>\n<ol start=\"3\">\n<li><strong>Izst\u0101\u0161an\u0101s bez iemesla<\/strong><\/li>\n<\/ol>\n<p>Saska\u0146\u0101 ar likumu jums ir ties\u012bbas atteikties no internet\u0101 vai pa t\u0101lruni nosl\u0113gt\u0101 l\u012bguma, nenor\u0101dot iemeslu, 14 dienu laik\u0101 p\u0113c produktu pieg\u0101des. M\u016bsu uz\u0146\u0113mum\u0101 jebkuram pirc\u0113jam ir ties\u012bbas atteikties no pirkuma l\u012bguma bez jebk\u0101da iemesla 14 dienu laik\u0101 p\u0113c produktu pieg\u0101des. \u0160is noteikums attiecas ar\u012b uz pirkumiem, kas veikti m\u016bsu partneru fiziskajos veikalos vai partneru platform\u0101s.<\/p>\n<p>Lai izmantotu \u0161\u012bs ties\u012bbas, jums ir j\u0101pazi\u0146o mums par savu l\u0113mumu atteikties no pirkuma l\u012bguma iepriek\u0161 min\u0113taj\u0101 termi\u0146\u0101. J\u016bs varat sazin\u0101ties ar mums, rakstot uz <a href=\"mailto:contact@serenicapelli.com\">contact@serenicapelli.com<\/a>  <\/p>\n<p>Ja j\u016bs atteiksieties no l\u012bguma, m\u0113s atmaks\u0101sim neizmantoto produktu ieg\u0101des izmaksas. Ja j\u016bs atteiksieties no l\u012bguma 14 dienu laik\u0101 p\u0113c pieg\u0101des, atgrie\u0161anas izmaksas segs m\u016bsu uz\u0146\u0113mums.<\/p>\n<ol>\n<li>Izstr\u0101d\u0101jumi ir j\u0101nos\u016bta nekav\u0113joties, ne v\u0113l\u0101k k\u0101 5 dienas p\u0113c atteikuma dienas,<\/li>\n<li>L\u016bdzu, \u0146emiet v\u0113r\u0101, ka j\u016bs b\u016bsiet atbild\u012bgs par jebk\u0101du produktu v\u0113rt\u012bbas samazin\u0101\u0161anos, kas radusies, lietojot produktus jebk\u0101d\u0101 cit\u0101 veid\u0101, iz\u0146emot to, kas nepiecie\u0161ams, lai iepaz\u012btos ar produkta b\u016bt\u012bbu, \u012bpa\u0161\u012bb\u0101m un funkcionalit\u0101ti (piem\u0113ram, ja j\u016bs lietojat produktu, lai gan esat to jau izm\u0113\u0123in\u0101jis). L\u016bdzu, \u0146emiet v\u0113r\u0101 ar\u012b to, ka jums nav ties\u012bbu atteikties no l\u012bguma, ja produkti ir izgatavoti atbilsto\u0161i j\u016bsu pras\u012bb\u0101m vai piel\u0101goti produkti (piem\u0113ram, iepakojums ar piel\u0101gotiem grav\u0113jumiem), k\u0101 ar\u012b ja produkti ir atv\u0113rti un lietoti un tos nevar atdot higi\u0113nas apsv\u0113rumu d\u0113\u013c (piem\u0113ram, ja produkts ir atv\u0113rts un j\u016bs esat izmantojis da\u013cu kosm\u0113tikas l\u012bdzek\u013ca, kas non\u0101k tie\u0161\u0101 saskar\u0113 ar \u0101du).<\/li>\n<\/ol>\n<p><strong>4. S\u016bdz\u012bbas<\/strong><\/p>\n<p>Ja preces pieg\u0101des br\u012bd\u012b ir boj\u0101tas, m\u0113s varam vienoties par kompens\u0101ciju kupona veid\u0101. Jums ir ar\u012b ties\u012bbas piepras\u012bt, lai defekts tiktu nov\u0113rsts, to aizst\u0101jot ar jaunu. Ja defekta nov\u0113r\u0161ana mums nav iesp\u0113jama vai nav praktiski iesp\u0113jama, jums ir ties\u012bbas piepras\u012bt pirkuma cenas samazin\u0101jumu, un, ja defekts ir b\u016btisks, j\u016bs varat ar\u012b atteikties no pirkuma l\u012bguma.<\/p>\n<p>Produkti tiks uzskat\u012bti par boj\u0101tiem, jo \u012bpa\u0161i, ja tiem nav parasto vai nor\u0101d\u012bto \u012bpa\u0161\u012bbu, tie neatbilst paredz\u0113tajam m\u0113r\u0137im, neatbilst juridiskaj\u0101m pras\u012bb\u0101m vai nav pieg\u0101d\u0101ti saska\u0146otaj\u0101 daudzum\u0101. L\u016bdzu, \u0146emiet v\u0113r\u0101, ka paaugstin\u0101tu jut\u012bbu vai aler\u0123isku reakciju uz pieg\u0101d\u0101tajiem produktiem nevar uzskat\u012bt par produkta defektu. Ar\u012b d\u0101vanu un citu atl\u012bdz\u012bbu tr\u016bkumus, ko m\u0113s sniedzam \u0101rpus j\u016bsu pas\u016bt\u012bjuma, nevar uzskat\u012bt par defektiem. M\u016bsu veikal\u0101 ievietotie produktu att\u0113li ir tikai ilustrat\u012bvi un nav saisto\u0161s pre\u010du \u012bpa\u0161\u012bbu atspogu\u013cojums (piem\u0113ram, iepakojums var at\u0161\u0137irties ra\u017eot\u0101ja veikto izmai\u0146u d\u0113\u013c).<\/p>\n<p>M\u0113s labpr\u0101t atbild\u0113sim uz visiem jaut\u0101jumiem par s\u016bdz\u012bb\u0101m vietn\u0113 contact@serenicapelli.com.  <\/p>\n<p>M\u0113s j\u016bs inform\u0113sim par j\u016bsu s\u016bdz\u012bbas izskat\u012b\u0161anas gaitu, jo \u012bpa\u0161i par t\u0101s sa\u0146em\u0161anu, pie\u0146em\u0161anu vai noraid\u012b\u0161anu, izmantojot e-pastu vai SMS. Ar jums var sazin\u0101ties ar\u012b pa t\u0101lruni.<\/p>\n<p>M\u0113s nekav\u0113joties pie\u0146emsim l\u0113mumu par s\u016bdz\u012bbu. Laiks, kas nepiecie\u0161ams s\u016bdz\u012bbas atrisin\u0101\u0161anai, tostarp defektu nov\u0113r\u0161anai, parasti aiz\u0146em no vienas dienas l\u012bdz 30 dien\u0101m. Pret\u0113j\u0101 gad\u012bjum\u0101 jums ir ties\u012bbas atteikties no pirkuma l\u012bguma. Ir nepiecie\u0161ams, lai j\u016bs. sniedziet mums nepiecie\u0161amo pal\u012bdz\u012bbu, lai iev\u0113rotu iepriek\u0161 min\u0113to termi\u0146u.<\/p>\n<ol start=\"5\">\n<li><strong>Maks\u0101juma un pieg\u0101des metode<\/strong><\/li>\n<\/ol>\n<p>J\u016bs varat izv\u0113l\u0113ties maks\u0101jumu un pieg\u0101des veidu no m\u016bsu pied\u0101v\u0101taj\u0101m iesp\u0113j\u0101m. Pirms pas\u016bt\u012bjuma nos\u016bt\u012b\u0161anas m\u0113s j\u016bs inform\u0113sim par izv\u0113l\u0113to maks\u0101juma veidu un izmaks\u0101m.<\/p>\n<p>Pa\u0161laik m\u0113s pie\u0146emam apmaksu ar pieg\u0101di un apmaksu ar karti tie\u0161saist\u0113, izmantojot euplatesc.ro pakalpojumus.<\/p>\n<p>M\u0113s paturam ties\u012bbas noteiktos gad\u012bjumos nodro\u0161in\u0101t bezmaksas pieg\u0101di.<\/p>\n<ol start=\"6\">\n<li><strong>Da\u017e\u0101di<\/strong><\/li>\n<\/ol>\n<p>M\u0113s saviem klientiem pied\u0101v\u0101jam da\u017e\u0101das atlaides, d\u0101vanas un citus kuponus. To lieto\u0161anu reglament\u0113 konkr\u0113ti noteikumi, par kuriem katr\u0101 situ\u0101cij\u0101 klientam tiks pazi\u0146ots individu\u0101li. Ja vien nav nor\u0101d\u012bts cit\u0101di, katru atlai\u017eu vai d\u0101vanu kuponu var izmantot tikai vienu reizi, un vien\u0101 pas\u016bt\u012bjum\u0101 var izmantot tikai vienu viena veida kuponu. Ja vien nav nor\u0101d\u012bts cit\u0101di, atlaides nevar apvienot. Ja d\u0101vanu kupona v\u0113rt\u012bba p\u0101rsniedz pirkuma v\u0113rt\u012bbu, starp\u012bba netiks p\u0101rnesta uz jaunu kuponu un neizmantot\u0101 summa netiks atmaks\u0101ta.<\/p>\n<p>Saist\u012bb\u0101 ar pirkumu j\u016bs varat sa\u0146emt nov\u0113rt\u0113juma anketu no tre\u0161\u0101s puses. Varat dal\u012bties ar citiem sav\u0101 iepirk\u0161an\u0101s un produktu lieto\u0161anas pieredz\u0113. M\u0113s b\u016bsim \u013coti priec\u012bgi, ja piekrit\u012bsiet aizpild\u012bt anketu.<\/p>\n\t\t\t\t\t\t\t\t<\/div>\n\t\t\t\t<\/div>\n\t\t\t\t\t<\/div>\n\t\t<\/div>\n\t\t\t\t\t<\/div>\n\t\t<\/section>\n\t\t\t\t<\/div>\n\t\t","protected":false},"excerpt":{"rendered":"<p>S\u0101kotn\u0113jie noteikumi \u0160ie Noteikumi un nosac\u012bjumi nosaka attiec\u012bbas starp m\u016bsu uz\u0146\u0113mumu SC Sereni Capelli SRL k\u0101 e-veikala ar t\u012bmek\u013ca adresi www.serenicapelli.com p\u0101rdev\u0113ju un operatoru un jums, m\u016bsu klientu, kur\u0161 nosl\u0113dz ar mums pirkuma l\u012bgumu. M\u0113s piem\u0113rojam vienotu pieeju visiem saviem klientiem un pied\u0101v\u0101jam tiem vien\u0101das priek\u0161roc\u012bbas neatkar\u012bgi no t\u0101, vai vi\u0146i ir pat\u0113r\u0113t\u0101ji vai nav. [&hellip;]<\/p>\n","protected":false},"author":1,"featured_media":0,"parent":0,"menu_order":40,"comment_status":"closed","ping_status":"closed","template":"","meta":{"footnotes":""},"class_list":["post-728123","page","type-page","status-publish","hentry"],"_links":{"self":[{"href":"https:\/\/serenicapelli.com\/lv\/wp-json\/wp\/v2\/pages\/728123","targetHints":{"allow":["GET"]}}],"collection":[{"href":"https:\/\/serenicapelli.com\/lv\/wp-json\/wp\/v2\/pages"}],"about":[{"href":"https:\/\/serenicapelli.com\/lv\/wp-json\/wp\/v2\/types\/page"}],"author":[{"embeddable":true,"href":"https:\/\/serenicapelli.com\/lv\/wp-json\/wp\/v2\/users\/1"}],"replies":[{"embeddable":true,"href":"https:\/\/serenicapelli.com\/lv\/wp-json\/wp\/v2\/comments?post=728123"}],"version-history":[{"count":0,"href":"https:\/\/serenicapelli.com\/lv\/wp-json\/wp\/v2\/pages\/728123\/revisions"}],"wp:attachment":[{"href":"https:\/\/serenicapelli.com\/lv\/wp-json\/wp\/v2\/media?parent=728123"}],"curies":[{"name":"wp","href":"https:\/\/api.w.org\/{rel}","templated":true}]}}