{"id":728096,"date":"2021-09-22T07:20:57","date_gmt":"2021-09-22T05:20:57","guid":{"rendered":"https:\/\/serenicapelli.com\/atgriesanas-politika\/"},"modified":"2023-04-01T18:35:48","modified_gmt":"2023-04-01T16:35:48","slug":"atgriesanas-politika","status":"publish","type":"page","link":"https:\/\/serenicapelli.com\/lv\/atgriesanas-politika\/","title":{"rendered":"Atgrie\u0161anas politika"},"content":{"rendered":"<p>Saska\u0146\u0101 ar likumu jums ir ties\u012bbas atteikties no internet\u0101 vai pa t\u0101lruni nosl\u0113gt\u0101 l\u012bguma, nenor\u0101dot iemeslu, 14 dienu laik\u0101 p\u0113c produktu pieg\u0101des.<\/p>\n<p><!-- \/wp:post-content --><\/p>\n<p><!-- wp:paragraph --><\/p>\n<p>M\u016bsu uz\u0146\u0113mum\u0101 jebkuram pirc\u0113jam ir ties\u012bbas atteikties no pirkuma l\u012bguma bez jebk\u0101da iemesla 14 dienu laik\u0101 p\u0113c produktu pieg\u0101des. \u0160is noteikums attiecas ar\u012b uz pirkumiem, kas veikti m\u016bsu partneru fiziskajos veikalos vai partneru platform\u0101s.<\/p>\n<p><!-- \/wp:paragraph --><\/p>\n<p><!-- wp:paragraph --><\/p>\n<p>  Lai izmantotu \u0161\u012bs ties\u012bbas, jums ir j\u0101pazi\u0146o mums par savu l\u0113mumu atteikties no pirkuma l\u012bguma iepriek\u0161 min\u0113taj\u0101 termi\u0146\u0101. J\u016bs varat sazin\u0101ties ar mums, rakstot uz <a href=\"mailto:contact@serenicapelli.com\">contact@serenicapelli.com<\/a>  <\/p>\n<p><!-- \/wp:paragraph --><\/p>\n<p><!-- wp:paragraph --><\/p>\n<p>  Ja j\u016bs atteiksieties no l\u012bguma, m\u0113s atmaks\u0101sim neizmantoto produktu ieg\u0101des izmaksas. Ja j\u016bs atteiksieties no l\u012bguma 14 dienu laik\u0101 p\u0113c pieg\u0101des, <strong>atgrie\u0161anas <\/strong>izmaksas segs m\u016bsu uz\u0146\u0113mums.<\/p>\n<p><!-- \/wp:paragraph --><\/p>\n<p><!-- wp:paragraph --><\/p>\n<p>Atmaks\u0101t\u0101s summas tiks p\u0101rskait\u012btas uz j\u016bsu bankas kontu 5 dienu laik\u0101 p\u0113c produktu atgrie\u0161anas.<\/p>\n<p><!-- \/wp:paragraph --><\/p>\n<p><!-- wp:list {\"ordered\":true} --><\/p>\n<ol>\n<li>Izstr\u0101d\u0101jumi ir j\u0101nos\u016bta nekav\u0113joties, ne v\u0113l\u0101k k\u0101 5 dienas p\u0113c atteikuma dienas.<\/li>\n<li>L\u016bdzu, \u0146emiet v\u0113r\u0101, ka j\u016bs b\u016bsiet atbild\u012bgs par jebk\u0101du produktu v\u0113rt\u012bbas samazin\u0101\u0161anos, kas radusies, lietojot produktus jebk\u0101d\u0101 cit\u0101 veid\u0101, iz\u0146emot to, kas nepiecie\u0161ams, lai iepaz\u012btos ar produkta b\u016bt\u012bbu, \u012bpa\u0161\u012bb\u0101m un funkcionalit\u0101ti (piem\u0113ram, ja j\u016bs lietojat produktu, lai gan esat to jau izm\u0113\u0123in\u0101jis). L\u016bdzu, \u0146emiet v\u0113r\u0101 ar\u012b to, ka jums nav ties\u012bbu atteikties no l\u012bguma, ja produkti ir izgatavoti atbilsto\u0161i j\u016bsu pras\u012bb\u0101m vai piel\u0101goti p\u0113c pas\u016bt\u012bjuma (piem\u0113ram, p\u0113c pas\u016bt\u012bjuma grav\u0113ts iepakojums), k\u0101 ar\u012b ja produkti ir atv\u0113rti un izmantoti, bet tos nav iesp\u0113jams atjaunot.  <strong>atgriezt  <\/strong>higi\u0113nas apsv\u0113rumu d\u0113\u013c (piem\u0113ram, ja izstr\u0101d\u0101jums ir atv\u0113rts un J\u016bs izmantoj\u0101t da\u013cu kosm\u0113tikas l\u012bdzek\u013ca, kas non\u0101k tie\u0161\u0101 saskar\u0113 ar \u0101du).<\/li>\n<\/ol>\n","protected":false},"excerpt":{"rendered":"<p>Saska\u0146\u0101 ar likumu jums ir ties\u012bbas atteikties no internet\u0101 vai pa t\u0101lruni nosl\u0113gt\u0101 l\u012bguma, nenor\u0101dot iemeslu, 14 dienu laik\u0101 p\u0113c produktu pieg\u0101des. M\u016bsu uz\u0146\u0113mum\u0101 jebkuram pirc\u0113jam ir ties\u012bbas atteikties no pirkuma l\u012bguma bez jebk\u0101da iemesla 14 dienu laik\u0101 p\u0113c produktu pieg\u0101des. \u0160is noteikums attiecas ar\u012b uz pirkumiem, kas veikti m\u016bsu partneru fiziskajos veikalos vai partneru [&hellip;]<\/p>\n","protected":false},"author":1,"featured_media":0,"parent":0,"menu_order":0,"comment_status":"closed","ping_status":"closed","template":"","meta":{"footnotes":""},"class_list":["post-728096","page","type-page","status-publish","hentry"],"_links":{"self":[{"href":"https:\/\/serenicapelli.com\/lv\/wp-json\/wp\/v2\/pages\/728096","targetHints":{"allow":["GET"]}}],"collection":[{"href":"https:\/\/serenicapelli.com\/lv\/wp-json\/wp\/v2\/pages"}],"about":[{"href":"https:\/\/serenicapelli.com\/lv\/wp-json\/wp\/v2\/types\/page"}],"author":[{"embeddable":true,"href":"https:\/\/serenicapelli.com\/lv\/wp-json\/wp\/v2\/users\/1"}],"replies":[{"embeddable":true,"href":"https:\/\/serenicapelli.com\/lv\/wp-json\/wp\/v2\/comments?post=728096"}],"version-history":[{"count":0,"href":"https:\/\/serenicapelli.com\/lv\/wp-json\/wp\/v2\/pages\/728096\/revisions"}],"wp:attachment":[{"href":"https:\/\/serenicapelli.com\/lv\/wp-json\/wp\/v2\/media?parent=728096"}],"curies":[{"name":"wp","href":"https:\/\/api.w.org\/{rel}","templated":true}]}}