{"id":728084,"date":"2023-02-06T19:24:05","date_gmt":"2023-02-06T17:24:05","guid":{"rendered":"https:\/\/serenicapelli.com\/jautajumi-un-atbildes\/"},"modified":"2023-04-01T18:35:42","modified_gmt":"2023-04-01T16:35:42","slug":"jautajumi-un-atbildes","status":"publish","type":"page","link":"https:\/\/serenicapelli.com\/lv\/jautajumi-un-atbildes\/","title":{"rendered":"JAUT\u0100JUMI UN ATBILDES"},"content":{"rendered":"\t\t<div data-elementor-type=\"wp-page\" data-elementor-id=\"728084\" class=\"elementor elementor-728084 elementor-727182\" data-elementor-post-type=\"page\">\n\t\t\t\t<div class=\"elementor-element elementor-element-bd2a907 e-flex e-con-boxed e-con e-parent\" data-id=\"bd2a907\" data-element_type=\"container\">\n\t\t\t\t\t<div class=\"e-con-inner\">\n\t\t\t\t<div class=\"elementor-element elementor-element-d6e6f30 elementor-widget elementor-widget-text-editor\" data-id=\"d6e6f30\" data-element_type=\"widget\" data-widget_type=\"text-editor.default\">\n\t\t\t\t<div class=\"elementor-widget-container\">\n\t\t\t\t\t\t\t\t\t<h3>Jaut\u0101jumi un atbildes<\/h3>\n<p>\u0160aj\u0101 lap\u0101 atrad\u012bsiet atbildes uz visbie\u017e\u0101k uzdotajiem jaut\u0101jumiem, ko uzdod m\u016bsu klienti.<\/p>\n<p>\u0160\u012b inform\u0101cija pal\u012bdz\u0113s jums ieg\u016bt lab\u0101kos rezult\u0101tus, lietojot Sereni Capelli produktus.<\/p>\n<p><strong>K\u0101da ir garantija, ka \u0161is produkts darbojas?<\/strong><\/p>\n<p>Sereni Capelli produktiem ir 30 dienu garantija no sa\u0146em\u0161anas dienas. Ja j\u016bs neesat apmierin\u0101ts ar rezult\u0101tiem, kas sasniegti, lietojot m\u016bsu produktus vismaz 15 dienas, j\u016bs varat sazin\u0101ties ar mums, izmantojot KONTAKTAKTA lap\u0101 nor\u0101d\u012bto inform\u0101ciju, un m\u0113s atmaks\u0101sim pilnu summu, ieskaitot pieg\u0101des izmaksas.<\/p>\n<p><strong>Vai \u0161o produktu var izmantot ar\u012b b\u0101rdai?<\/strong><\/p>\n<p>J\u0101, Sereni Capelli produktus var lietot ar\u012b b\u0101rdai, ta\u010du j\u0101uzman\u0101s, lai produkts netiktu nor\u012bts, lai nerad\u012btu diskomfortu. J\u0101atz\u012bm\u0113, ka b\u0101rdas mati ir \u013coti rupji un rezult\u0101ti var neb\u016bt tik \u0101tri k\u0101 galvas \u0101das matiem. T\u0101p\u0113c, l\u016bdzu, mazliet samaziniet savas cer\u012bbas un esiet paciet\u012bg\u0101ki.<\/p>\n<p><strong>Vai es varu lietot \u0161o produktu, ja esmu gr\u016btniece? Ko dar\u012bt, ja es z\u012bd\u012b\u0161u?<\/strong><\/p>\n<p>Sereni Capelli produkti ir izgatavoti no dro\u0161\u0101m sast\u0101vda\u013c\u0101m, t\u0101p\u0113c tie nerada risku b\u0113rna vesel\u012bbai.<br \/>T\u0101s ir piem\u0113rotas lieto\u0161anai ar\u012b z\u012bd\u012b\u0161anas laik\u0101.<\/p>\n<p><strong>Vai es varu lietot \u0161o produktu, ja man nesen ir ievietots matu implants?<\/strong><\/p>\n<p>Ja jums nesen veikta matu implant\u0101cijas oper\u0101cija, pirms Sereni Capelli produktu lieto\u0161anas ieteicams nogaid\u012bt vismaz 6 m\u0113ne\u0161us.<\/p>\n<p>Tie satur spirtu, un implant\u0113tajiem matiem ir nepiecie\u0161ams laiks, lai tie att\u012bst\u012btos un nostiprin\u0101tu saknes.<\/p>\n<p>Tom\u0113r p\u0113c 6 m\u0113ne\u0161iem p\u0113c implant\u0101cijas var pat ieteikt lietot m\u016bsu produktus, jo tie pal\u012bdz stiprin\u0101t matus un likvid\u0113t bakt\u0113rijas, kas var izrais\u012bt matu izkri\u0161anu.<\/p>\n<p><strong>Man ir aler\u0123ija pret kr\u0101su. Vai es varu lietot \u0161os produktus?<\/strong><\/p>\n<p>J\u016bs varat izmantot Sereni Capelli produktus kr\u0101svielu viet\u0101, nerisk\u0113jot izrais\u012bt aler\u0123iju.Sereni Capelli produkti nesatur ne kr\u0101svielu pigmentus, ne oksidantus (PEROXID).<\/p>\n<p>Lai gan tie atjauno matu dabisko kr\u0101su, Sereni Capelli produktiem nav nek\u0101 kop\u012bga ar matu kr\u0101su.<\/p>\n<p><strong>Vai man ir psori\u0101ze (vai cita \u0101das slim\u012bba), vai es varu lietot \u0161o produktu?<\/strong><\/p>\n<p>&#8220;Lozione&#8221; un &#8220;Crema &#8211; Forte&#8221; proced\u016bras satur alkoholu.<br \/>Zinot \u0161\u012bs slim\u012bbas, ko sauc par psori\u0101zi, un citu \u0101das slim\u012bbu sare\u017e\u0123\u012bt\u012bbu, m\u0113s neiesak\u0101m izmantot \u0101rst\u0113\u0161anu, pat ja nevien\u0101 no ra\u017eo\u0161anas grupas veiktajiem testiem nav nov\u0113rotas blakuspar\u0101d\u012bbas.<\/p>\n<p>Intenso Gel&#8221; un &#8220;\u0160amp\u016bns&#8221; pa\u0101trin\u0101t\u0101ji ir pat dro\u0161\u0101ki lieto\u0161anai nek\u0101 \u0101rst\u0113\u0161ana, ta\u010du ar\u012b \u0161o produktu lieto\u0161ana ir j\u0101uztver \u013coti uzman\u012bgi.<\/p>\n<p><strong>Es lietoju medikamentus. Vai es varu lietot \u0161o produktu?<\/strong><\/p>\n<p>Sereni Capelli produktu lieto\u0161ana kop\u0101 ar cit\u0101m proced\u016br\u0101m nav ierobe\u017eota, ta\u010du j\u0101\u0146em v\u0113r\u0101 \u0161\u0101di nosac\u012bjumi:<\/p>\n<ul>\n<li>Ja izmantojat virsmas apstr\u0101des l\u012bdzek\u013cus, piem\u0113ram, e\u013c\u013cas, ziedes, aerosolus u. c., nelietojiet tos uz t\u0101s pa\u0161as virsmas, uz kuras lietojat &#8220;Lozione&#8221; vai &#8220;Crema-Forte&#8221;, jo \u0161ie l\u012bdzek\u013ci, visticam\u0101k, savstarp\u0113ji izn\u012bcin\u0101sies.<\/li>\n<li>Iepriek\u0161 min\u0113tie ierobe\u017eojumi neattiecas uz &#8220;\u0161amp\u016bna&#8221; vai &#8220;Gel-Intenso&#8221; pa\u0101trin\u0101t\u0101jiem.<\/li>\n<li>Attiec\u012bb\u0101 uz nor\u012bt\u0101m z\u0101l\u0113m ierobe\u017eojumu nav.<\/li>\n<li>L\u016bdzu, \u0146emiet v\u0113r\u0101, ka da\u017ei medikamenti, piem\u0113ram, &#8220;Aspir\u012bns&#8221; un &#8220;Paracetamols&#8221;, mazina Sereni Capelli terapijas iedarb\u012bbu l\u012bdz pat 40%.<\/li>\n<\/ul>\n<div> <\/div>\n<p><strong>Vai es esmu aler\u0123isks pret vair\u0101k\u0101m viel\u0101m, vai es varu lietot \u0161o produktu?<\/strong><\/p>\n<p>M\u0112S NEIESAK\u0100M LIETOT SERENI CAPELLI PRODUKTUS CILV\u0112KIEM AR VAIR\u0100K\u0100M ALER\u0122IJ\u0100M!<\/p>\n<p>Sereni Capelli produkti nesatur sast\u0101vda\u013cas, kas var izrais\u012bt aler\u0123iju. Tom\u0113r t\u0101 satur spirtu un var izrais\u012bt \u0101das kairin\u0101jumu, kas cilv\u0113kiem, kuri \u013coti viegli k\u013c\u016bst aler\u0123iski, var p\u0101rv\u0113rsties aler\u0123ij\u0101.<\/p>\n<p>Cilv\u0113ki ar vair\u0101k\u0101m aler\u0123ij\u0101m vai cilv\u0113ki, kuri ir \u013coti viegli jut\u012bgi vai aler\u0123iski pret da\u017e\u0101d\u0101m viel\u0101m, da\u017ek\u0101rt var k\u013c\u016bt aler\u0123iski pat pret nealer\u0123isk\u0101m viel\u0101m\/sast\u0101vda\u013c\u0101m. T\u0101p\u0113c, lai nodro\u0161in\u0101tu j\u016bsu dro\u0161\u012bbu, m\u0113s neiesak\u0101m lietot \u0161os produktus.<\/p>\n<p>Tom\u0113r, ja patie\u0161\u0101m v\u0113laties lietot m\u016bsu produktus, iesak\u0101m pirms lieto\u0161anas \u013coti l\u0113ni veikt test\u0113\u0161anu saska\u0146\u0101 ar nor\u0101d\u012bjumiem.<\/p>\n<p><strong>K\u0100 M\u0112S IESAK\u0100M R\u012aKOTIES?<\/strong><\/p>\n<ul>\n<li>Pirmk\u0101rt, p\u0101rliecinieties, ka jums ir nepiecie\u0161amie medikamenti, lai c\u012bn\u012btos ar aler\u0123ij\u0101m, ja t\u0101das rastos.<\/li>\n<li>J\u016bsu dro\u0161\u012bbas labad p\u0101rliecinieties, ka kop\u0101 ar jums istab\u0101 ir k\u0101ds cits, kas nepiecie\u0161am\u012bbas gad\u012bjum\u0101 var\u0113tu sniegt pirmo pal\u012bdz\u012bbu vai nog\u0101d\u0101t j\u016bs slimn\u012bc\u0101 smagas aler\u0123ijas gad\u012bjum\u0101.<\/li>\n<li>P\u0113c tam labi sakratiet pudel\u012bti, tad uzkl\u0101jiet \u013coti nelielu produkta daudzumu uz apak\u0161delma un ar pirksta galu izkl\u0101jiet to 3-4 cm plat\u012bb\u0101.<\/li>\n<li>Pagaidiet da\u017eas stundas, un, ja nekas nenotiek, atk\u0101rtojiet to pa\u0161u proced\u016bru uz galvas \u0101das krustojum\u0101 ar pieri.<\/li>\n<li>Ja nav aler\u0123ijas paz\u012bmju, varat uzkl\u0101t uz liel\u0101ka laukuma un atk\u0101rtot procesu vismaz 4 reizes ar vismaz 4 stundu interv\u0101lu.<\/li>\n<li>Ja aler\u0123ijas nerodas, bet rodas \u0101das kairin\u0101jumi, apsveriet, cik sp\u0113c\u012bgi un trauc\u0113jo\u0161i ir \u0161ie kairin\u0101jumi, lai nov\u0113rt\u0113tu, vai v\u0113laties turpin\u0101t \u0101rst\u0113\u0161anu.<\/li>\n<li>Da\u017eiem cilv\u0113kiem var rasties \u0101das kairin\u0101jums, un tas ir norm\u0101ls process, kas izz\u016bd p\u0113c aptuveni 15 lieto\u0161anas reiz\u0113m.<\/li>\n<li>Ir \u013coti svar\u012bgi \u0146emt v\u0113r\u0101 at\u0161\u0137ir\u012bbu starp \u0101das kairin\u0101jumu un aler\u0123iju!<\/li>\n<\/ul>\n<div> <\/div>\n<p><strong>Man nav baltu matu! Vai es varu sa\u0146emt citus pabalstus?<\/strong><\/p>\n<p>J\u0101! J\u016bs varat lietot Sereni Capelli produktus pat tad, ja jums nav baltu matu, un baud\u012bt visas p\u0101r\u0113j\u0101s priek\u0161roc\u012bbas.<br \/>Lietojot Sereni Capelli produktus, kad jums nav balto mati\u0146u, nov\u0113rs\u012bsiet to par\u0101d\u012b\u0161anos.<\/p>\n<p><strong>Es lietoju \u0161o produktu, un man niez galvas \u0101du. K\u0101p\u0113c?<\/strong><\/p>\n<p>Ja, lietojot Sereni Capelli proced\u016bras, galvas \u0101da niez, tas noz\u012bm\u0113, ka vai nu galvas \u0101d\u0101 ir mikroplaisas un t\u0101s tiek labotas, vai ar\u012b jums ir bakt\u0113riju kolonija, un t\u0101s tiks likvid\u0113tas.<\/p>\n<p>P\u0113c aptuveni 2-3 ned\u0113\u013cu ilgas proced\u016bras lieto\u0161anas nieze izzud\u012bs un galvas \u0101da b\u016bs piln\u012bb\u0101 sadzijusi.<\/p>\n<p><strong>Kad es lietoju \u0161o produktu, mani mati ieg\u016bst sliktu smar\u017eu. K\u0101p\u0113c?<\/strong><\/p>\n<p>Ja jums ir bag\u0101t\u012bgi mati, galvas \u0101d\u0101 var veidoties bakt\u0113riju kolonijas un pat p\u0101rvietoties uz matiem.<br \/>Lietojot Sereni Capelli produktus, \u0161\u012bs bakt\u0113rijas tiek ietekm\u0113tas ar m\u016bsu produktos eso\u0161aj\u0101m viel\u0101m un &#8220;c\u012bn\u0101s pret t\u0101m&#8221;.<\/p>\n<p>\u0160o bakt\u0113riju apkaro\u0161anas rezult\u0101t\u0101 parasti par\u0101d\u0101s nepat\u012bkama smaka, \u012bpa\u0161i neilgi p\u0113c produkta lieto\u0161anas.<\/p>\n<p>Ir nepiecie\u0161amas aptuveni 3 ned\u0113\u013cas, lai \u0161\u012bs bakt\u0113rijas izzustu un smaka izzustu.<\/p>\n<p>P\u0113c \u0161\u012bm 3 ned\u0113\u013c\u0101m smar\u017eai vajadz\u0113tu gandr\u012bz piln\u012bb\u0101 izzust, kas liecina, ka bakt\u0113rijas ir likvid\u0113tas.<\/p>\n<p>\u0160\u0101dos gad\u012bjumos m\u0113s iesak\u0101m turpin\u0101t lietot produktus saska\u0146\u0101 ar &#8220;\u0101rst\u0113\u0161anas sh\u0113mu&#8221; vismaz 5 ned\u0113\u013cas, pirms p\u0101riet uz &#8220;konsolid\u0101cijas sh\u0113mu&#8221;.<\/p>\n<p><strong>Mana \u0101da ir sarkana un niezo\u0161a. K\u0101p\u0113c?<\/strong><\/p>\n<p>Ja, lietojot Sereni Capelli proced\u016bras, j\u016bsu \u0101da niez un k\u013c\u016bst sarkana, iesp\u0113jams, jums ir jut\u012bga \u0101da vai ar\u012b j\u016bs cie\u0161at no \u0101das slim\u012bbas, par kuru nezin\u0101t.<br \/>Tom\u0113r past\u0101v ar\u012b iesp\u0113ja, ka j\u016bsu galvas \u0101das \u0101d\u0101 ir mikroplaisas, kuras ir j\u0101labo.<\/p>\n<p>M\u0113s iesak\u0101m vispirms p\u0101rliecin\u0101ties, ka, iz\u0146emot s\u0101kotn\u0113jo galvas \u0101das aps\u0101rtumu un aps\u0101rtumu, nav citu seku uz \u0101du.<br \/>Ja 2-3 stundu laik\u0101 sarkan\u0101 kr\u0101sa izz\u016bd, tas ir norm\u0101ls process, un tam vajadz\u0113tu izzust p\u0113c aptuveni 15-20 lieto\u0161anas reiz\u0113m, jo galvas \u0101da k\u013c\u016bst iztur\u012bg\u0101ka.<\/p>\n<p><strong>Es lietoju \u0161o produktu, bet neredzu nek\u0101du efektu.<\/strong><\/p>\n<p>Iesp\u0113jams, ka, pareizi lietojot Sereni Capelli proced\u016bras 14 dienas, k\u0101 nor\u0101d\u012bts instrukcij\u0101s, netiks nov\u0113roti nek\u0101di uzlabojumi, ir maz\u0101k nek\u0101 1 no 100 000.<\/p>\n<p>Vair\u0101k nek\u0101 99 % no zi\u0146otajiem neefektivit\u0101tes gad\u012bjumiem tika konstat\u0113ts, ka to c\u0113lonis ir neatbilsto\u0161a \u0101rst\u0113\u0161anas l\u012bdzek\u013cu izmanto\u0161ana.<\/p>\n<p>Lai p\u0101rliecin\u0101tos, ka esat pareizi lietojis \u0101rstniecisko l\u012bdzekli, l\u016bdzu, skatiet katra lietot\u0101 produkta lapu, kur\u0101 atrad\u012bsiet pareizas lieto\u0161anas instrukcijas.<\/p>\n<p>Ja esat pareizi lietojis produktus un jums patie\u0161\u0101m nav rezult\u0101tu, j\u016bs esat viens no tiem retajiem cilv\u0113kiem, kuriem produkts vienk\u0101r\u0161i nevar darboties.<\/p>\n<p>Ja paman\u0101t iedarb\u012bbu, bet t\u0101 nav v\u0113lam\u0101 iedarb\u012bba, ir viena vai vair\u0101kas no \u0161\u0101d\u0101m situ\u0101cij\u0101m:<\/p>\n<ul>\n<li>J\u016bs neesat iev\u0113rojis produkta lieto\u0161anas laiku.<\/li>\n<li>J\u016bs neesat lietojis pietiekami daudz produkta.<\/li>\n<li>Pirms lieto\u0161anas pudel\u012bti pietiekami labi nesakratiet.<\/li>\n<li>J\u016bs neesat lietojis prepar\u0101tu pietiekami ilgu laiku (parasti prepar\u0101ts saska\u0146\u0101 ar \u0101rst\u0113\u0161anas grafiku ir j\u0101lieto 4-6 ned\u0113\u013cas bez p\u0101rtraukuma).<\/li>\n<\/ul>\n\t\t\t\t\t\t\t\t<\/div>\n\t\t\t\t<\/div>\n\t\t\t\t\t<\/div>\n\t\t\t\t<\/div>\n\t\t\t\t<\/div>\n\t\t","protected":false},"excerpt":{"rendered":"<p>Jaut\u0101jumi un atbildes \u0160aj\u0101 lap\u0101 atrad\u012bsiet atbildes uz visbie\u017e\u0101k uzdotajiem jaut\u0101jumiem, ko uzdod m\u016bsu klienti. \u0160\u012b inform\u0101cija pal\u012bdz\u0113s jums ieg\u016bt lab\u0101kos rezult\u0101tus, lietojot Sereni Capelli produktus. K\u0101da ir garantija, ka \u0161is produkts darbojas? Sereni Capelli produktiem ir 30 dienu garantija no sa\u0146em\u0161anas dienas. Ja j\u016bs neesat apmierin\u0101ts ar rezult\u0101tiem, kas sasniegti, lietojot m\u016bsu produktus vismaz [&hellip;]<\/p>\n","protected":false},"author":1,"featured_media":0,"parent":0,"menu_order":0,"comment_status":"closed","ping_status":"closed","template":"","meta":{"footnotes":""},"class_list":["post-728084","page","type-page","status-publish","hentry"],"_links":{"self":[{"href":"https:\/\/serenicapelli.com\/lv\/wp-json\/wp\/v2\/pages\/728084","targetHints":{"allow":["GET"]}}],"collection":[{"href":"https:\/\/serenicapelli.com\/lv\/wp-json\/wp\/v2\/pages"}],"about":[{"href":"https:\/\/serenicapelli.com\/lv\/wp-json\/wp\/v2\/types\/page"}],"author":[{"embeddable":true,"href":"https:\/\/serenicapelli.com\/lv\/wp-json\/wp\/v2\/users\/1"}],"replies":[{"embeddable":true,"href":"https:\/\/serenicapelli.com\/lv\/wp-json\/wp\/v2\/comments?post=728084"}],"version-history":[{"count":0,"href":"https:\/\/serenicapelli.com\/lv\/wp-json\/wp\/v2\/pages\/728084\/revisions"}],"wp:attachment":[{"href":"https:\/\/serenicapelli.com\/lv\/wp-json\/wp\/v2\/media?parent=728084"}],"curies":[{"name":"wp","href":"https:\/\/api.w.org\/{rel}","templated":true}]}}