{"id":728067,"date":"2022-08-15T10:39:10","date_gmt":"2022-08-15T08:39:10","guid":{"rendered":"https:\/\/serenicapelli.com\/konfidencialitates-politika\/"},"modified":"2022-08-15T10:39:10","modified_gmt":"2022-08-15T08:39:10","slug":"konfidencialitates-politika","status":"publish","type":"page","link":"https:\/\/serenicapelli.com\/lv\/konfidencialitates-politika\/","title":{"rendered":"Konfidencialit\u0101tes politika"},"content":{"rendered":"<p><strong>Konfidencialit\u0101tes politika<\/strong><\/p>\n<p>Sereni Capelli, interneta veikala www.serenicapelli.com operators, pazi\u0146o, ka visi personas dati (turpm\u0101k tekst\u0101 &#8211; &#8220;dati&#8221;) tiek uzskat\u012bti par stingri konfidenci\u0101liem un tiek apstr\u0101d\u0101ti saska\u0146\u0101 ar personas datu aizsardz\u012bbas jom\u0101 sp\u0113k\u0101 eso\u0161ajiem ties\u012bbu aktiem.<\/p>\n<p>J\u016bsu personas datu dro\u0161\u012bba mums ir priorit\u0101te. T\u0101p\u0113c m\u0113s piev\u0113r\u0161am visliel\u0101ko uzman\u012bbu personas datiem un to aizsardz\u012bbai. \u0160ajos personas datu apstr\u0101des principos (&#8220;Principi&#8221;) m\u0113s v\u0113lamies j\u016bs inform\u0113t par to, k\u0101dus personas datus par jums v\u0101cam un k\u0101 tos turpm\u0101k izmantojam.<\/p>\n<ol>\n<li><strong>Personas dati un to apstr\u0101de<\/strong><\/li>\n<\/ol>\n<p><strong>1.1. Personas datu kategorijas<\/strong><\/p>\n<p>M\u0113s apkopojam da\u017e\u0101du inform\u0101ciju atkar\u012bb\u0101 no t\u0101, kurus m\u016bsu pakalpojumus izv\u0113laties izmantot.<\/p>\n<p>Ja p\u0113rkat no mums, m\u0113s iekas\u0113jam:<\/p>\n<ul>\n<li>Nosaukums un kontaktinform\u0101cija. Pilns v\u0101rds un uzv\u0101rds, e-pasta adrese, pasta adrese, nor\u0113\u0137inu adrese, t\u0101lru\u0146a numurs un bankas nor\u0113\u0137inu rekviz\u012bti, maks\u0101juma inform\u0101cija.<\/li>\n<li>Demogr\u0101fiskie dati. Inform\u0101cija par dzimumu, dzim\u0161anas datumu, valsti un v\u0113lamo valodu.<\/li>\n<li>L\u012bguma darb\u012bbas laik\u0101 ieg\u016btie dati &#8211; ieg\u0101d\u0101tie produkti, klientu segments, sniegto pakalpojumu apjoms.<\/li>\n<\/ul>\n<p><strong>1.2. Personas datu apstr\u0101des m\u0113r\u0137is:<\/strong><\/p>\n<ul>\n<li><strong>Pakalpojumu snieg\u0161ana un uzlabo\u0161ana<\/strong>. Lai var\u0113tu sniegt un uzlabot savus pakalpojumus j\u016bsu apmierin\u0101t\u012bbai, m\u0113s apstr\u0101d\u0101jam j\u016bsu personas datus. Konkr\u0113ti tas ietver:\n<ul>\n<li><strong>produktu vai pakalpojumu pas\u016bt\u012bjumu apstr\u0101de, kas<\/strong> pas\u016bt\u012bti m\u016bsu t\u012bmek\u013ca vietn\u0113 vai pa klientu uztic\u012bbas t\u0101lruni. \u0160aj\u0101 gad\u012bjum\u0101 juridiskais iemesls ir t\u0101ds, ka dati ir nepiecie\u0161ami pirkuma l\u012bguma izpildei un da\u013ca inform\u0101cijas ir nepiecie\u0161ama juridisko saist\u012bbu izpildei (piem\u0113ram, gr\u0101matved\u012bbas dokumenti).<\/li>\n<li><strong>Pazi\u0146ojums par produkta pieejam\u012bbu<\/strong>. Ja piepras\u0101t uzraudz\u012bt preces pieejam\u012bbu, m\u0113s apstr\u0101d\u0101jam j\u016bsu datus. personas datus, pamatojoties uz j\u016bsu piekri\u0161anu.<\/li>\n<li><strong>Klientu apkalpo\u0161ana. Lai nodro\u0161in\u0101tu klientu apkalpo\u0161anu un nov\u0113rstu jebk\u0101das probl\u0113mas saist\u012bb\u0101 ar  <\/strong>p\u0101rdo\u0161anas l\u012bguma izpildi, m\u0113s apstr\u0101d\u0101jam personas datus, pamatojoties uz nepiecie\u0161am\u012bbu izpild\u012bt \u0161os l\u012bgumus.<\/li>\n<li><strong>Sazi\u0146a<\/strong>. M\u0113s izmantojam sav\u0101ktos datus, lai sazin\u0101tos ar jums personaliz\u0113t\u0101 veid\u0101. Piem\u0113ram, m\u0113s varam sazin\u0101ties ar jums pa t\u0101lruni, e-pastu vai citiem l\u012bdzek\u013ciem, lai atg\u0101din\u0101tu, ka j\u016bsu tie\u0161saistes iepirkumu groz\u0101 ir produkti, lai pal\u012bdz\u0113tu jums pabeigt pas\u016bt\u012bjumu, pazi\u0146otu par j\u016bsu pieteikuma, pas\u016bt\u012bjuma vai s\u016bdz\u012bbas pa\u0161reiz\u0113jo statusu, lai ieg\u016btu papildu inform\u0101ciju, ja nepiecie\u0161ams, vai lai inform\u0113tu j\u016bs, ka jums ir j\u0101veic pas\u0101kumi, lai j\u016bsu konts b\u016btu akt\u012bvs. Ja j\u016bs ieg\u0101d\u0101jaties no mums k\u0101 dal\u012bbnieks, m\u0113s apstr\u0101d\u0101jam \u0161os datus le\u0123it\u012bmu intere\u0161u d\u0113\u013c, kas izriet no Sc SereniCapelli Srl le\u0123it\u012bmaj\u0101m interes\u0113m, k\u0101 aprakst\u012bts iepriek\u0161.<\/li>\n<li><strong>Pakalpojumu uzlabo\u0161ana<\/strong>. M\u0113s izmantojam datus, lai nep\u0101rtraukti uzlabotu savus pakalpojumus un sist\u0113mas, tostarp pievienojot jaunas funkcijas, k\u0101 ar\u012b lai pie\u0146emtu pamatotus l\u0113mumus, izmantojot kop\u0113jo anal\u012btiku un biznesa izl\u016bkdatus, pamatojoties uz m\u016bsu likum\u012bgaj\u0101m interes\u0113m, kas izriet no uz\u0146\u0113m\u0113jdarb\u012bbas br\u012bv\u012bbas un nepiecie\u0161am\u012bbas uzlabot m\u016bsu sniegtos pakalpojumus, lai saglab\u0101tu konkur\u0113tsp\u0113ju. Lai nodro\u0161in\u0101tu pien\u0101c\u012bgu j\u016bsu ties\u012bbu un intere\u0161u aizsardz\u012bbu, m\u0113s izmantosim p\u0113c iesp\u0113jas anonimiz\u0113tus personas datus, lai uzlabotu savus pakalpojumus.<\/li>\n<\/ul>\n<\/li>\n<li><strong>Aizsardz\u012bba, dro\u0161\u012bba un str\u012bdu iz\u0161\u0137ir\u0161ana<\/strong>. M\u0113s varam apstr\u0101d\u0101t datus ar\u012b le\u0123it\u012bmu intere\u0161u d\u0113\u013c, proti, lai nodro\u0161in\u0101tu m\u016bsu sist\u0113mu un klientu aizsardz\u012bbu un dro\u0161\u012bbu, kr\u0101p\u0161anas nov\u0113r\u0161anu un atkl\u0101\u0161anu, str\u012bdu iz\u0161\u0137ir\u0161anu un m\u016bsu l\u012bgumu \u012bsteno\u0161anu, pamatojoties uz le\u0123it\u012bm\u0101m interes\u0113m.<\/li>\n<li><strong>M\u0101rketinga pied\u0101v\u0101jumi<\/strong>.\n<ul>\n<li>Komerci\u0101lie sakari\n<ul>\n<li>M\u0113s nos\u016bt\u0101m jums komerci\u0101lus pazi\u0146ojumus par produktiem, kas ir l\u012bdz\u012bgi j\u016bsu ieg\u0101d\u0101tajiem produktiem.<\/li>\n<li>Jums vienm\u0113r ir iesp\u0113ja atteikties no \u0161iem komerci\u0101lajiem pazi\u0146ojumiem, izmantojot e-pasta adresi. <u><br \/>\n  <a href=\"mailto:contact@serenicapelli.com\">contact@serenicapelli.com<\/a><br \/>\n<\/u> lai atteiktos no abon\u0113\u0161anas.<\/li>\n<li>Ja j\u016bs atteiksieties no komerci\u0101lo zi\u0146ojumu sa\u0146em\u0161anas, m\u0113s vairs neizmantosim j\u016bsu datus. elektronisko sazi\u0146u \u0161iem nol\u016bkiem. M\u0113s ats\u0101ksim to izmanto\u0161anu tikai tad, ja pierakst\u012bsieties vai \u012bpa\u0161i piepras\u012bsiet to.<\/li>\n<\/ul>\n<\/li>\n<li>Par\u0101d\u012btie m\u0101rketinga pied\u0101v\u0101jumi var tikt atlas\u012bti, pamatojoties uz citu par jums ieg\u016bto inform\u0101ciju. laika gait\u0101 &#8211; no kontaktinform\u0101cijas, demogr\u0101fisk\u0101s inform\u0101cijas, v\u0113lamajiem produktiem un datiem par m\u016bsu produktu un t\u012bmek\u013ca vietnes izmanto\u0161anu (s\u012bkfaili, IP adrese, p\u0101rl\u016bkprogrammas sniegt\u0101 inform\u0101cija, klik\u0161\u0137i, r\u0101d\u012btie komerci\u0101lie pazi\u0146ojumi, apmekl\u0113tie produkti). Apstr\u0101de nav piln\u012bb\u0101 automatiz\u0113ta, jo tas jums rad\u012btu juridiskas sekas.<\/li>\n<li>Ja neesat m\u016bsu klients, m\u0113s apstr\u0101d\u0101jam datus, pamatojoties uz j\u016bsu piekri\u0161anu.<\/li>\n<li>Jums ir ties\u012bbas jebkur\u0101 laik\u0101 un bez maksas iebilst pret \u0161\u0101du apstr\u0101di. Kontaktinform\u0101cija ir sniegta \u0161\u0101 dokumenta beig\u0101s.<\/li>\n<\/ul>\n<\/li>\n<li><strong>S\u012bkfailu <\/strong>apstr\u0101de SC Sereni Capelli SRL p\u0101rvald\u012btaj\u0101s <strong>t\u012bmek\u013ca vietn\u0113s <\/strong>\n<ul>\n<li>Ja sav\u0101 p\u0101rl\u016bkprogramm\u0101 iesp\u0113jojat s\u012bkfailus, m\u0113s apstr\u0101d\u0101jam uzved\u012bbas ierakstus no Sereni Capelli p\u0101rvald\u012btaj\u0101 t\u012bmek\u013ca vietn\u0113 ievietotajiem s\u012bkfailiem, lai nodro\u0161in\u0101tu lab\u0101ku serenicapelli.com t\u012bmek\u013ca vietnes, k\u0101 ar\u012b partneru viet\u0146u funkcionalit\u0101ti un Sereni Capelli interneta rekl\u0101mas nol\u016bkos.<\/li>\n<\/ul>\n<\/li>\n<\/ul>\n<p><strong>1.3. Personas datu nodo\u0161ana tre\u0161\u0101m person\u0101m<\/strong><\/p>\n<p>J\u016bsu inform\u0101cija personas dati tiks nodoti tre\u0161aj\u0101m person\u0101m vai cit\u0101di starpniekots tikai tad, ja tas ir nepiecie\u0161ams p\u0101rdo\u0161anas l\u012bguma izpildei, pamatojoties uz le\u0123it\u012bm\u0101m interes\u0113m vai ja esat devis savu iepriek\u0161\u0113ju piekri\u0161anu.<\/p>\n<ul>\n<li>a) meitasuz\u0146\u0113mumi un apstr\u0101des uz\u0146\u0113mumi, lai izpild\u012btu p\u0101rdo\u0161anas l\u012bgumu, lai \u012bstenotu iek\u0161\u0113jos procesus un praksi.<\/li>\n<li>b) kred\u012btkar\u0161u uz\u0146\u0113mumi, maks\u0101jumu pakalpojumu sniedz\u0113ji maks\u0101jumu apstr\u0101dei un bankas, pamatojoties uz j\u016bsu pas\u016bt\u012bjumu, lai izpild\u012btu pirkuma l\u012bgumu.<\/li>\n<li>c) transporta uz\u0146\u0113mumiem, lai pieg\u0101d\u0101tu j\u016bsu pas\u016bt\u012btos produktus vai pakalpojumus. un s\u016bdz\u012bbu izskat\u012b\u0161anu, tostarp l\u012bguma izbeig\u0161anu.<\/li>\n<li>d) m\u016bsu partneri lojalit\u0101tes programm\u0101s, kuras esat izv\u0113l\u0113jies.<\/li>\n<li>e) citi pakalpojumu sniedz\u0113ji, datu apstr\u0101d\u0113 iesaist\u012bt\u0101s tre\u0161\u0101s puses;<\/li>\n<li>f) tre\u0161aj\u0101m person\u0101m, piem\u0113ram, prokurat\u016brai un ties\u0101m, lai atg\u016btu l\u012bdzek\u013cus vai nosl\u0113gtu l\u012bgumu ar jums;<\/li>\n<li>g) valsts iest\u0101des (piem\u0113ram, policija).<\/li>\n<li>h) tre\u0161\u0101s puses, kas veic klientu aptaujas.<\/li>\n<\/ul>\n<p>Ja tre\u0161\u0101 persona izmanto datus savu likum\u012bgo intere\u0161u kontekst\u0101, administrators neuz\u0146emas \u0161o atbild\u012bbu. \u0160o procesu reglament\u0113 uz\u0146\u0113mumu un attiec\u012bgo personu personas datu apstr\u0101des principi.<\/p>\n<ol>\n<li><strong>Personas datu dro\u0161\u012bba un glab\u0101\u0161anas ilgums<\/strong><\/li>\n<\/ol>\n<p><strong>2.1. Personas datu dro\u0161\u012bba<\/strong><\/p>\n<ul>\n<li>a) J\u016bsu dati tiek p\u0101rs\u016bt\u012bti \u0161ifr\u0113t\u0101 veid\u0101. M\u0113s izmantosim SSL (secure socket layer) \u0161ifr\u0113\u0161anu. M\u0113s nodro\u0161in\u0101m savu t\u012bmek\u013ca vietni un citas sist\u0113mas ar tehniskiem un organizatoriskiem pas\u0101kumiem pret j\u016bsu datu nozaud\u0113\u0161anu vai izn\u012bcin\u0101\u0161anu, pret nepiedero\u0161u personu piek\u013cuvi, p\u0101rveido\u0161anu vai izplat\u012b\u0161anu.<\/li>\n<li>b) M\u0113s piepras\u0101m datu apstr\u0101d\u0101t\u0101jiem, ar kuriem sadarbojamies, pier\u0101d\u012bt savu sist\u0113mu atbilst\u012bbu VDAR regulai.<\/li>\n<li>c) Piek\u013cuve j\u016bsu kontam. klients ir iesp\u0113jams tikai p\u0113c person\u012bg\u0101s paroles ievad\u012b\u0161anas. \u0160aj\u0101 kontekst\u0101 v\u0113lamies atg\u0101din\u0101t, ka ir absol\u016bti nepiecie\u0161ams, lai j\u016bs neizpaustu savus piek\u013cuves datus tre\u0161\u0101m person\u0101m un ka p\u0113c sesijas beig\u0101m jums nevajadz\u0113tu izpaust savus piek\u013cuves datus tre\u0161\u0101m person\u0101m. klienta kont\u0101, vienm\u0113r aizveriet p\u0101rl\u016bkprogrammas logu, jo \u012bpa\u0161i, ja datoru izmantojat kop\u0101 ar citiem lietot\u0101jiem. SC SERENICAPELLI SRL nav atbild\u012bga par paro\u013cu \u013caunpr\u0101t\u012bgu izmanto\u0161anu, ja vien situ\u0101ciju nav tie\u0161i izrais\u012bjusi m\u016bsu t\u012bmek\u013ca vietne.<\/li>\n<\/ul>\n<p><strong>3.1. Apstr\u0101des laiks<\/strong><\/p>\n<p>M\u0113s apstr\u0101d\u0101jam un glab\u0101jam personas datus<\/p>\n<ul>\n<li>uz laiku, kas ir absol\u016bti nepiecie\u0161ams, lai nodro\u0161in\u0101tu visas ties\u012bbas un saist\u012bbas, kas izriet no pirkuma l\u012bguma.<\/li>\n<li>1 gadu p\u0113c garantijas termi\u0146a beig\u0101m, lai atrisin\u0101tu iesp\u0113jamos str\u012bdus.<\/li>\n<li>tik ilgi, kam\u0113r SC SERENICAPELLI SRL k\u0101 administratoram ir pien\u0101kums glab\u0101t \u0161o inform\u0101ciju saska\u0146\u0101 ar visp\u0101r\u0113jiem ties\u012bbu aktiem. Gr\u0101matved\u012bbas dokumenti, piem\u0113ram, SC SERENICAPELLI SRL izsniegtie r\u0113\u0137ini, tiek arhiv\u0113ti saska\u0146\u0101 ar likumu 10 gadus p\u0113c to izsnieg\u0161anas.<\/li>\n<li>L\u012bgums par pazi\u0146o\u0161anu par pre\u010du pieejam\u012bbu ir sp\u0113k\u0101 tik ilgi, kam\u0113r ir pieejama iesniegt\u0101 inform\u0101cija, bet ne ilg\u0101k k\u0101 vienu gadu vai l\u012bdz t\u0101 atsauk\u0161anai.<\/li>\n<li>Tirdzniec\u012bbas pied\u0101v\u0101jumu l\u012bgums ir sp\u0113k\u0101 4 gadus vai l\u012bdz t\u0101 atsauk\u0161anai.<\/li>\n<li>P\u0101rskats 6 gadi<\/li>\n<li>Pal\u012bdz\u012bba 10 gadus veciem b\u0113rniem<\/li>\n<li>Komunik\u0101cija 2 gadi<\/li>\n<li>Konkursi 1 gads<\/li>\n<\/ul>\n<p>Citos gad\u012bjumos apstr\u0101des laiks izriet no apstr\u0101des m\u0113r\u0137a vai to nosaka personas datu aizsardz\u012bbas noteikumi.<\/p>\n<ol>\n<li><strong>Datu subjektu ties\u012bbas<\/strong><\/li>\n<\/ol>\n<ul>\n<li>a) Ja m\u0113s apstr\u0101d\u0101jam j\u016bsu datus. personas datiem, varat bez maksas piepras\u012bt inform\u0101ciju par savu personas datu apstr\u0101di.<\/li>\n<li>b) ja uzskat\u0101t, ka j\u016bsu personas datu apstr\u0101de neatbilst j\u016bsu datu aizsardz\u012bbas pras\u012bb\u0101m. Ja j\u016bsu personas dati tiek apstr\u0101d\u0101ti, p\u0101rk\u0101pjot personas datu aizsardz\u012bbas noteikumus, j\u016bs varat l\u016bgt paskaidrojumus, piepras\u012bt nov\u0113rst radu\u0161os situ\u0101ciju un, pats galvenais, piepras\u012bt personas datu labo\u0161anu, papildin\u0101\u0161anu, dz\u0113\u0161anu vai blo\u0137\u0113\u0161anu.<\/li>\n<li>c) Ja v\u0113laties izmantot savas ties\u012bbas, l\u016bdzu, sazinieties ar datu aizsardz\u012bbas inspektoru, rakstot uz <u><a href=\"mailto:contact@serenicapelli.com\">contact@serenicapelli.com;<\/a> dpo@serenicapelli.com<\/u>. J\u016bs varat ar\u012b sazin\u0101ties ar Valsts personas datu apstr\u0101des uzraudz\u012bbas iest\u0101di.<\/li>\n<li>d) J\u016bsu piekri\u0161ana par personas datu apstr\u0101di var atsaukt jebkur\u0101 laik\u0101. Ja atsaucat savu piekri\u0161anu savu personas datu apstr\u0101dei, tie tiks dz\u0113sti vai anonimiz\u0113ti, tom\u0113r \u0161ie pas\u0101kumi neietekm\u0113 personas datus, kas nepiecie\u0161ami, lai SC SERENICAPELLI SRL izpild\u012btu savas juridisk\u0101s saist\u012bbas (piem\u0113ram, izpild\u012btu jau pie\u0146emtus pas\u016bt\u012bjumus) vai aizsarg\u0101tu savas likum\u012bg\u0101s intereses. Personas dati tiek dz\u0113sti ar\u012b tad, ja tie nav nepiecie\u0161ami paredz\u0113tajam m\u0113r\u0137im vai ja j\u016bsu datu glab\u0101\u0161ana nav nepiecie\u0161ama paredz\u0113tajam m\u0113r\u0137im. ir nepie\u0146emama citu likum\u0101 paredz\u0113to iemeslu d\u0113\u013c.<\/li>\n<\/ul>\n<p><strong>5.1. S\u012bkfaili<\/strong><\/p>\n<p>M\u016bsu lap\u0101s tiek izmantotas t\u0101 saukt\u0101s s\u012bkdatnes, lai m\u016bsu pied\u0101v\u0101jums jums b\u016btu atbilsto\u0161s, interesants un pat\u012bkams. S\u012bkfaili ir nelieli teksta faili, kas tiek saglab\u0101ti j\u016bsu dator\u0101 vai viedt\u0101lrun\u012b. vai cit\u0101 ier\u012bc\u0113, un tos izmanto j\u016bsu p\u0101rl\u016bkprogramma. T\u012bmekl\u012b. M\u0113s izmantojam s\u012bkfailus \u0161\u0101diem nol\u016bkiem:<\/p>\n<ul>\n<li>pareiza iepirkumu groza funkcionalit\u0101te, lai p\u0113c iesp\u0113jas vienk\u0101r\u0161\u0101k pabeigtu pas\u016bt\u012bjumu.<\/li>\n<li>atg\u0101din\u0101jums par pieteik\u0161an\u0101s datiem, lai tie neb\u016btu j\u0101ievada atk\u0101rtoti.<\/li>\n<li>p\u0113c iesp\u0113jas vair\u0101k piel\u0101got m\u016bsu t\u012bmek\u013ca vietnes atbilsto\u0161i j\u016bsu pras\u012bb\u0101m, uzraugot j\u016bsu apmekl\u0113jumus, j\u016bsu p\u0101rvieto\u0161anos vietn\u0113 un izmantot\u0101s funkcijas.<\/li>\n<li>skat\u0101mo rekl\u0101mu uzraudz\u012bba, lai neredz\u0113tu rekl\u0101mas par produktiem, kas j\u016bs neinteres\u0113.<\/li>\n<\/ul>\n<p>Da\u017eas s\u012bkdatnes var v\u0101kt inform\u0101ciju, ko p\u0113c tam izmanto tre\u0161\u0101s puses un kas, piem\u0113ram, tie\u0161i atbalsta m\u016bsu rekl\u0101mas pas\u0101kumus (t\u0101 saukt\u0101s &#8220;tre\u0161o pu\u0161u s\u012bkdatnes&#8221;). Piem\u0113ram, inform\u0101cija par m\u016bsu vietn\u0113 ieg\u0101d\u0101tajiem produktiem var tikt sniegta rekl\u0101mas a\u0123ent\u016brai, lai r\u0101d\u012btu un piel\u0101gotu interneta rekl\u0101mkarogu rekl\u0101mas, kas tiek r\u0101d\u012btas j\u016bsu apskat\u012btaj\u0101s vietn\u0113s. L\u016bdzu, \u0146emiet v\u0113r\u0101, ka nav iesp\u0113jams j\u016bs identific\u0113t. pamatojoties uz \u0161iem datiem.<\/p>\n<p><strong>5.2. S\u012bkfailu izmanto\u0161ana<\/strong><\/p>\n<p>M\u016bsu vietn\u0113 izmantot\u0101s s\u012bkdatnes var iedal\u012bt div\u0101s kategorij\u0101s. \u012aslaic\u012bgas t\u0101 saukt\u0101s &#8220;sesijas s\u012bkdatnes&#8221; tiek dz\u0113stas, tikl\u012bdz j\u016bs pametat m\u016bsu t\u012bmek\u013ca vietni. J\u016bsu ier\u012bc\u0113 tiek saglab\u0101tas ilglaic\u012bgas t\u0101 saukt\u0101s &#8220;past\u0101v\u012bg\u0101s s\u012bkdatnes&#8221;. ilg\u0101k vai l\u012bdz br\u012bdim, kad tos dz\u0113s\u012bsiet manu\u0101li (s\u012bkfailu saglab\u0101\u0161an\u0101s j\u016bsu ier\u012bc\u0113 ir atkar\u012bga no to iestat\u012bjumiem un p\u0101rl\u016bkprogrammas iestat\u012bjumiem).<\/p>\n<p>S\u012bkfailus var klasific\u0113t ar\u012b p\u0113c funkcionalit\u0101tes:<\/p>\n<ul>\n<li>anal\u012btika, kas pal\u012bdz mums uzlabot m\u016bsu vietnes lietot\u0101ju pieredzi, jo m\u0113s saprotam, k\u0101 lietot\u0101ji to izmanto.<\/li>\n<li>konversijas r\u0101d\u012bt\u0101ji, kas \u013cauj analiz\u0113t da\u017e\u0101du p\u0101rdo\u0161anas kan\u0101lu darb\u012bbu.<\/li>\n<li>izseko\u0161ana, kas kop\u0101 ar konversiju izseko\u0161anu pal\u012bdz analiz\u0113t da\u017e\u0101du p\u0101rdo\u0161anas kan\u0101lu darb\u012bbu.<\/li>\n<li>atk\u0101rtotais m\u0101rketings, ko izmanto, lai personaliz\u0113tu rekl\u0101mas saturu un pareizi m\u0113r\u0137\u0113tu rekl\u0101mas.<\/li>\n<li>b\u016btiski, svar\u012bgi vietnes pamatfunkcij\u0101m.<\/li>\n<\/ul>\n<p><strong>5.3. S\u012bkfailu failu noraid\u012b\u0161ana<\/strong><\/p>\n<p>S\u012bkfailu izmanto\u0161anas iestat\u012b\u0161ana ir iek\u013cauta j\u016bsu p\u0101rl\u016bkprogramm\u0101. Internets. Vairums p\u0101rl\u016bkprogrammu p\u0113c noklus\u0113juma autom\u0101tiski pie\u0146em s\u012bkfailus. Izmantojot p\u0101rl\u016bkprogrammu, varat atteikties no \u0161\u012bm s\u012bkdatn\u0113m vai ierobe\u017eot to skaitu l\u012bdz noteiktiem s\u012bkdat\u0146u veidiem, kurus \u012bpa\u0161i izv\u0113laties.<\/p>\n<p>Inform\u0101cija par p\u0101rl\u016bkprogramm\u0101m un s\u012bkfailu preferen\u010du iestat\u012b\u0161anu ir atrodama \u0161\u0101d\u0101s t\u012bmek\u013ca vietn\u0113s vai citos t\u012bmek\u013ca p\u0101rl\u016bkprogrammu failos.<\/p>\n<ul>\n<li><a href=\"https:\/\/support.google.com\/accounts\/answer\/61416?hl=ro&amp;co=GENIE.Platform%3DDesktop&amp;oco=1\">Chrome<\/a><\/li>\n<li><a href=\"https:\/\/support.mozilla.org\/ro\/kb\/activarea-si-dezactivarea-cookie-urilor\">Firefox<\/a><\/li>\n<li><a href=\"https:\/\/support.microsoft.com\/ro-ro\/help\/17442\/windows-internet-explorer-delete-manage-cookies\">Internet Explorer<\/a><\/li>\n<li><a href=\"https:\/\/support.google.com\/accounts\/answer\/61416?hl=ro&amp;co=GENIE.Platform%3DAndroid&amp;oco=1\">Android<\/a><\/li>\n<\/ul>\n<p><strong> <\/strong><\/p>\n<p><strong>5.4. Saites<\/strong><\/p>\n<p>M\u016bsu t\u012bmek\u013ca vietn\u0113 ir saites uz cit\u0101m t\u012bmek\u013ca vietn\u0113m, kas ir praktiskas un satur noder\u012bgu inform\u0101ciju. L\u016bdzu, \u0146emiet v\u0113r\u0101, ka \u0161\u012bs vietnes var pieder\u0113t citiem uz\u0146\u0113mumiem un organiz\u0101cij\u0101m, kam var b\u016bt at\u0161\u0137ir\u012bgas dro\u0161\u012bbas un konfidencialit\u0101tes politikas. M\u016bsu uz\u0146\u0113mums nekontrol\u0113 un neuz\u0146emas nek\u0101du atbild\u012bbu par \u0161aj\u0101s t\u012bmek\u013ca vietn\u0113s iek\u013cauto vai taj\u0101s pieejamo inform\u0101ciju, materi\u0101liem, produktiem vai pakalpojumiem.<\/p>\n<ol>\n<li><strong>Sazinieties ar mums<\/strong><\/li>\n<\/ol>\n<p>Ja jums ir k\u0101di jaut\u0101jumi, koment\u0101ri vai piepras\u012bjumi saist\u012bb\u0101 ar \u0161iem principiem, l\u016bdzu, sazinieties ar mums, rakstot uz \u0161o principu apak\u0161\u0101 nor\u0101d\u012bto adresi vai klientu apkalpo\u0161anas l\u012bniju, vai pa e-pastu.<\/p>\n<p>Sazinieties ar DPO: <u><br \/>\n  <a href=\"mailto:dpo@serenicapelli.com\">dpo@serenicapelli.com.<\/a><br \/>\n<\/u>; contact@serenicapelli.com<\/p>\n<p>Sc Sereni Capelli Srl (Sereni Capelli)<\/p>\n<ol>\n<li><strong>Der\u012bgums<\/strong><\/li>\n<\/ol>\n<p>\u0160ie priv\u0101tuma principi st\u0101jas sp\u0113k\u0101 01.05.2018.<\/p>\n","protected":false},"excerpt":{"rendered":"<p>Konfidencialit\u0101tes politika Sereni Capelli, interneta veikala www.serenicapelli.com operators, pazi\u0146o, ka visi personas dati (turpm\u0101k tekst\u0101 &#8211; &#8220;dati&#8221;) tiek uzskat\u012bti par stingri konfidenci\u0101liem un tiek apstr\u0101d\u0101ti saska\u0146\u0101 ar personas datu aizsardz\u012bbas jom\u0101 sp\u0113k\u0101 eso\u0161ajiem ties\u012bbu aktiem. J\u016bsu personas datu dro\u0161\u012bba mums ir priorit\u0101te. T\u0101p\u0113c m\u0113s piev\u0113r\u0161am visliel\u0101ko uzman\u012bbu personas datiem un to aizsardz\u012bbai. \u0160ajos personas datu [&hellip;]<\/p>\n","protected":false},"author":1,"featured_media":0,"parent":0,"menu_order":0,"comment_status":"closed","ping_status":"closed","template":"","meta":{"footnotes":""},"class_list":["post-728067","page","type-page","status-publish","hentry"],"_links":{"self":[{"href":"https:\/\/serenicapelli.com\/lv\/wp-json\/wp\/v2\/pages\/728067","targetHints":{"allow":["GET"]}}],"collection":[{"href":"https:\/\/serenicapelli.com\/lv\/wp-json\/wp\/v2\/pages"}],"about":[{"href":"https:\/\/serenicapelli.com\/lv\/wp-json\/wp\/v2\/types\/page"}],"author":[{"embeddable":true,"href":"https:\/\/serenicapelli.com\/lv\/wp-json\/wp\/v2\/users\/1"}],"replies":[{"embeddable":true,"href":"https:\/\/serenicapelli.com\/lv\/wp-json\/wp\/v2\/comments?post=728067"}],"version-history":[{"count":0,"href":"https:\/\/serenicapelli.com\/lv\/wp-json\/wp\/v2\/pages\/728067\/revisions"}],"wp:attachment":[{"href":"https:\/\/serenicapelli.com\/lv\/wp-json\/wp\/v2\/media?parent=728067"}],"curies":[{"name":"wp","href":"https:\/\/api.w.org\/{rel}","templated":true}]}}