{"id":2030243,"date":"2025-07-31T23:18:09","date_gmt":"2025-07-31T21:18:09","guid":{"rendered":"https:\/\/serenicapelli.com\/p\/10-x-lozione-pack\/"},"modified":"2023-10-27T23:13:36","modified_gmt":"2023-10-27T21:13:36","slug":"10-x-lozione-pack","status":"publish","type":"product","link":"https:\/\/serenicapelli.com\/lt\/produktas\/10-x-lozione-pack\/","title":{"rendered":"10 x Lozione &#8211; Pack"},"content":{"rendered":"<div class=\"elementor-element elementor-element-4bfd4e4f elementor-widget elementor-widget-image\" data-id=\"4bfd4e4f\" data-element_type=\"widget\" data-widget_type=\"image.default\">\n<div class=\"elementor-widget-container\">\n<div class=\"elementor-image\"><\/div>\n<\/div>\n<\/div>\n<div class=\"elementor-element elementor-element-1e616552 e-flex e-con-boxed e-con e-parent\" data-id=\"1e616552\" data-element_type=\"container\" data-settings=\"{&quot;content_width&quot;:&quot;boxed&quot;}\" data-core-v316-plus=\"true\">\n<div class=\"e-con-inner\">\n<div class=\"elementor-element elementor-element-369c83e5 e-con-full e-flex e-con e-child\" data-id=\"369c83e5\" data-element_type=\"container\" data-settings=\"{&quot;content_width&quot;:&quot;full&quot;}\">\n<div class=\"elementor-element elementor-element-257fb0a0 elementor-align-center elementor-widget elementor-widget-button\" data-id=\"257fb0a0\" data-element_type=\"widget\" data-widget_type=\"button.default\">\n<div class=\"elementor-widget-container\">\n<div class=\"elementor-button-wrapper\"><a class=\"elementor-button elementor-button-link elementor-size-xl\" href=\"#buylozione\"><span class=\"elementor-button-content-wrapper\"><span class=\"elementor-button-text\">KAIN\u0172 PASI\u016aLYMAI<\/span> <\/span> <\/a><\/div>\n<\/div>\n<\/div>\n<\/div>\n<div class=\"elementor-element elementor-element-47eb87c1 e-con-full e-flex e-con e-child\" data-id=\"47eb87c1\" data-element_type=\"container\" data-settings=\"{&quot;content_width&quot;:&quot;full&quot;}\">\n<div class=\"elementor-element elementor-element-2547f59 elementor-widget elementor-widget-heading\" data-id=\"2547f59\" data-element_type=\"widget\" data-widget_type=\"heading.default\">\n<div class=\"elementor-widget-container\">\n<h3 class=\"elementor-heading-title elementor-size-default\"><span style=\"color: #003366;\">Efektai ir privalumai<\/span><\/h3>\n<\/div>\n<\/div>\n<div class=\"elementor-element elementor-element-13893022 e-con-full e-flex e-con e-child\" data-id=\"13893022\" data-element_type=\"container\" data-settings=\"{&quot;content_width&quot;:&quot;full&quot;}\">\n<div class=\"elementor-element elementor-element-58e902fe e-con-full e-flex e-con e-child\" data-id=\"58e902fe\" data-element_type=\"container\" data-settings=\"{&quot;content_width&quot;:&quot;full&quot;}\">\n<div class=\"elementor-element elementor-element-41e0bd04 elementor-widget elementor-widget-image\" data-id=\"41e0bd04\" data-element_type=\"widget\" data-widget_type=\"image.default\">\n<div class=\"elementor-widget-container\">\n<div class=\"elementor-image\"><span style=\"color: #003366;\"><img fetchpriority=\"high\" decoding=\"async\" class=\"attachment-large size-large wp-image-2029302 entered lazyloaded\" src=\"https:\/\/serenicapelli.com\/wp-content\/uploads\/2023\/10\/Grey-hair-Before-After.jpg\" sizes=\"(max-width: 800px) 100vw, 800px\" srcset=\"https:\/\/serenicapelli.com\/wp-content\/uploads\/2023\/10\/Grey-hair-Before-After.jpg 1200w, https:\/\/serenicapelli.com\/wp-content\/uploads\/2023\/10\/Grey-hair-Before-After-600x300.jpg 600w, https:\/\/serenicapelli.com\/wp-content\/uploads\/2023\/10\/Grey-hair-Before-After-768x384.jpg 768w\" alt=\"\" width=\"800\" height=\"400\" data-lazy-srcset=\"https:\/\/serenicapelli.com\/wp-content\/uploads\/2023\/10\/Grey-hair-Before-After.jpg 1200w, https:\/\/serenicapelli.com\/wp-content\/uploads\/2023\/10\/Grey-hair-Before-After-600x300.jpg 600w, https:\/\/serenicapelli.com\/wp-content\/uploads\/2023\/10\/Grey-hair-Before-After-768x384.jpg 768w\" data-lazy-sizes=\"(max-width: 800px) 100vw, 800px\" data-lazy-src=\"https:\/\/serenicapelli.com\/wp-content\/uploads\/2023\/10\/Grey-hair-Before-After.jpg\" data-ll-status=\"loaded\" \/><\/span><\/div>\n<\/div>\n<\/div>\n<\/div>\n<div class=\"elementor-element elementor-element-50e7d3f4 e-con-full e-flex e-con e-child\" data-id=\"50e7d3f4\" data-element_type=\"container\" data-settings=\"{&quot;content_width&quot;:&quot;full&quot;}\">\n<div class=\"elementor-element elementor-element-67c42531 elementor-widget elementor-widget-image\" data-id=\"67c42531\" data-element_type=\"widget\" data-widget_type=\"image.default\">\n<div class=\"elementor-widget-container\">\n<div class=\"elementor-image\"><span style=\"color: #003366;\"><img decoding=\"async\" class=\"attachment-large size-large wp-image-2029325 entered lazyloaded\" src=\"https:\/\/serenicapelli.com\/wp-content\/uploads\/2023\/10\/hairloss-before-after.jpg\" sizes=\"(max-width: 800px) 100vw, 800px\" srcset=\"https:\/\/serenicapelli.com\/wp-content\/uploads\/2023\/10\/hairloss-before-after.jpg 1200w, https:\/\/serenicapelli.com\/wp-content\/uploads\/2023\/10\/hairloss-before-after-600x300.jpg 600w, https:\/\/serenicapelli.com\/wp-content\/uploads\/2023\/10\/hairloss-before-after-768x384.jpg 768w\" alt=\"\" width=\"800\" height=\"400\" data-lazy-srcset=\"https:\/\/serenicapelli.com\/wp-content\/uploads\/2023\/10\/hairloss-before-after.jpg 1200w, https:\/\/serenicapelli.com\/wp-content\/uploads\/2023\/10\/hairloss-before-after-600x300.jpg 600w, https:\/\/serenicapelli.com\/wp-content\/uploads\/2023\/10\/hairloss-before-after-768x384.jpg 768w\" data-lazy-sizes=\"(max-width: 800px) 100vw, 800px\" data-lazy-src=\"https:\/\/serenicapelli.com\/wp-content\/uploads\/2023\/10\/hairloss-before-after.jpg\" data-ll-status=\"loaded\" \/><\/span><\/div>\n<\/div>\n<\/div>\n<\/div>\n<\/div>\n<div class=\"elementor-element elementor-element-505dc742 elementor-widget elementor-widget-text-editor\" data-id=\"505dc742\" data-element_type=\"widget\" data-widget_type=\"text-editor.default\">\n<div class=\"elementor-widget-container\">\n<div class=\"elementor-text-editor elementor-clearfix\">\n<ul>\n<li><span style=\"color: #003366;\">Atstato pilk\u0161vos\/baltos plauk\u0173 nat\u016brali\u0105 spalv\u0105.<\/span><\/li>\n<li><span style=\"color: #003366;\">Padeda plaukams augti nat\u016bralia spalva, tod\u0117l nebegrodysite pilk\u0173\/bal\u0173 sruog\u0173.<\/span><\/li>\n<li><span style=\"color: #003366;\">Moterims tai gali sukurti nat\u016bral\u0173 balia\u017e\u0105.<\/span><\/li>\n<\/ul>\n<\/div>\n<\/div>\n<\/div>\n<div class=\"elementor-element elementor-element-21907a43 e-flex e-con-boxed e-con e-child\" data-id=\"21907a43\" data-element_type=\"container\" data-settings=\"{&quot;content_width&quot;:&quot;boxed&quot;}\">\n<div class=\"e-con-inner\">\n<div class=\"elementor-element elementor-element-18c4e726 e-con-full e-flex e-con e-child\" data-id=\"18c4e726\" data-element_type=\"container\" data-settings=\"{&quot;content_width&quot;:&quot;full&quot;}\">\n<div class=\"elementor-element elementor-element-207cb652 elementor-widget elementor-widget-text-editor\" data-id=\"207cb652\" data-element_type=\"widget\" data-widget_type=\"text-editor.default\">\n<div class=\"elementor-widget-container\">\n<div class=\"elementor-text-editor elementor-clearfix\">\n<ul>\n<li><span style=\"color: #003366;\">Gydo ir sustabdo plauk\u0173 slinkim\u0105.<\/span><\/li>\n<li><span style=\"color: #003366;\">Gydo ir prevencija alopecijai.<\/span><\/li>\n<li><span style=\"color: #003366;\">Regeneruoja plaukus.<\/span><\/li>\n<li><span style=\"color: #003366;\">Stiprina plauk\u0173 sruog\u0173.<\/span><\/li>\n<li><span style=\"color: #003366;\">Pagalba plauk\u0173 storinimui.<\/span><\/li>\n<li><span style=\"color: #003366;\">Gydo ir prevencija pleiskanoms.<\/span><\/li>\n<li><span style=\"color: #003366;\">Gydo ir prevencija dermatitui.<\/span><\/li>\n<\/ul>\n<\/div>\n<\/div>\n<\/div>\n<\/div>\n<div class=\"elementor-element elementor-element-66c7373c e-con-full e-flex e-con e-child\" data-id=\"66c7373c\" data-element_type=\"container\" data-settings=\"{&quot;content_width&quot;:&quot;full&quot;}\">\n<div class=\"elementor-element elementor-element-4c6d740f elementor-widget elementor-widget-text-editor\" data-id=\"4c6d740f\" data-element_type=\"widget\" data-widget_type=\"text-editor.default\">\n<div class=\"elementor-widget-container\">\n<div class=\"elementor-text-editor elementor-clearfix\">\n<ul>\n<li><span style=\"color: #003366;\">Gydo ir u\u017ekerta keli\u0105 pleiskanoms.<\/span><\/li>\n<li><span style=\"color: #003366;\">Gydo nemalonius kvapus.<\/span><\/li>\n<li><span style=\"color: #003366;\">\u0160alina ir u\u017ekerta keli\u0105 bakterijoms.<\/span><\/li>\n<li><span style=\"color: #003366;\">Gydo ir u\u017ekerta keli\u0105 Malassezia.<\/span><\/li>\n<li><span style=\"color: #003366;\">Gydo ir u\u017ekerta keli\u0105 grybams.<\/span><\/li>\n<li><span style=\"color: #003366;\">Padidina plauk\u0173 blizges\u012f.<\/span><\/li>\n<li><span style=\"color: #003366;\">Padidina plauk\u0173 spalv\u0105.<\/span><\/li>\n<\/ul>\n<\/div>\n<\/div>\n<\/div>\n<\/div>\n<\/div>\n<\/div>\n<div class=\"elementor-element elementor-element-2b8ae5db elementor-widget elementor-widget-text-editor\" data-id=\"2b8ae5db\" data-element_type=\"widget\" data-widget_type=\"text-editor.default\">\n<div class=\"elementor-widget-container\">\n<div class=\"elementor-text-editor elementor-clearfix\">\n<ul>\n<li><span style=\"color: #003366;\">\u0160is gydymas yra labai veiksmingas tiems, kuri\u0173 plaukai ilgesni nei 10 cm!<\/span><\/li>\n<li><span style=\"color: #003366;\">Plaukams, trumpesniems nei 10 cm, naudokite <strong><a style=\"color: #003366;\" href=\"https:\/\/serenicapelli.com\/lt\/cremaforte\">CREMA FORTE<\/a><\/strong> maksimaliam efektyvumui.<\/span><\/li>\n<li><span style=\"color: #003366;\">Virs <strong>Lozione<\/strong> galite naudoti Crema Forte, net <strong>barzdai<\/strong>, bet tai bus \u0161iek tiek sunkiau taikyti.<\/span><\/li>\n<\/ul>\n<\/div>\n<\/div>\n<\/div>\n<\/div>\n<\/div>\n<\/div>\n<div class=\"elementor-element elementor-element-28dbf95d e-flex e-con-boxed e-con e-parent\" data-id=\"28dbf95d\" data-element_type=\"container\" data-settings=\"{&quot;content_width&quot;:&quot;boxed&quot;}\" data-core-v316-plus=\"true\">\n<div class=\"e-con-inner\">\n<div class=\"elementor-element elementor-element-73df1b5e elementor-widget elementor-widget-text-editor\" data-id=\"73df1b5e\" data-element_type=\"widget\" data-widget_type=\"text-editor.default\">\n<div class=\"elementor-widget-container\">\n<div class=\"elementor-text-editor elementor-clearfix\">\n<h3><span style=\"color: #003366;\">KAS YRA LOZIONE?<\/span><\/h3>\n<p><span style=\"color: #003366;\">Lozione Hair Elixir yra plauk\u0173 ir galvos odos gydymas, skirtas joms maitinti ir atjauninti. Naudojant \u0161\u012f gydym\u0105, j\u016bs\u0173 galvos oda ir plaukai atgaus savo jaunyst\u0119, ir visus galvos odos ir plauk\u0173 problemas gal\u0117site spr\u0119sti vienu gydymu. M\u016bs\u0173 klientai da\u017eniausiai naudoja Lozione Hair Elixir, kad gydyt\u0173 arba \u0161alint\u0173 vien\u0105 ar daugiau plauk\u0173 ir galvos odos problem\u0173, ta\u010diau vadovaudamiesi \u017eemiau pateiktais nurodymais, j\u016bs gal\u0117site juos visus pa\u0161alinti ir u\u017ekirsti keli\u0105.<\/span><\/p>\n<h3><span style=\"color: #003366;\">KAS GALI NAUDOTI LOZIONE?<\/span><\/h3>\n<p><span style=\"color: #003366;\">\u0160\u012f produkt\u0105 rekomenduojame tik asmenims, turintiems plaukus ilgesnius nei 10 cm! Tiems, kuri\u0173 plaukai trumpesni nei 10 cm, mes rekomenduojame <strong><a style=\"color: #003366;\" href=\"https:\/\/serenicapelli.com\/lt\/cremaforte\">CREMA FORTE<\/a><\/strong>, kuris turi t\u0105 pat\u012f poveik\u012f, bet yra efektyvesnis ir lengviau naudojamas trumpiems plaukams turintiems asmenims.<\/span><\/p>\n<ul>\n<li><span style=\"color: #003366;\">Bet kuris asmuo (tiek moterys, tiek vyrai) nuo 18 iki 99 met\u0173 am\u017eiaus.<\/span><\/li>\n<li><span style=\"color: #003366;\">N\u0117\u0161\u010dios ar maitinan\u010dios moterys.<\/span><\/li>\n<li><span style=\"color: #003366;\">Asmenys, alergi\u0161ki ar jautr\u016bs da\u017eikliams, amoniakui, oksidantams ir t.t.<\/span><\/li>\n<li><span style=\"color: #003366;\">Asmenys, sergantys \u012fvairiais alergijos tipais.<\/span><\/li>\n<li><span style=\"color: #003366;\">Asmenys, kurie yra gydomi ir draud\u017eia da\u017eym\u0105.<\/span><\/li>\n<li><span style=\"color: #003366;\">Moterys, norin\u010dios nat\u016bralios, nuolatin\u0117s balia\u017eo be da\u017eymo.<\/span><\/li>\n<\/ul>\n<h3><span style=\"color: #003366;\">KAIP TAI VEIKIA?<\/span><\/h3>\n<p><span style=\"color: #003366;\">Lozione Hair Elixir plauk\u0173 gydymas n\u0117ra plauk\u0173 da\u017eymas ir nebesiduria pigment\u0173! \u0160is gydymas turi \u012fvairi\u0173 maitinan\u010di\u0173 med\u017eiag\u0173 plaukams ir galvos odai bei juos atgaivina. Atgaivinimo procesu galvos oda ir plaukai atsinaujins ir gaus j\u0117g\u0173 kovoti su visomis j\u0173 problemomis, \u012fskaitant nat\u016bralios spalvos gamybos geb\u0117jimo praradim\u0105. Lozione yra sterilizuojantis produktas, tai rei\u0161kia, kad jis sunaikins visus bakterijas ir grybelius, su kuriais kontaktuoja. Galiausiai naudojant Lozione, j\u016bs\u0173 plaukai atguls nat\u016brali\u0105 spalv\u0105, augs grei\u010diau ir nebekris d\u0117l ne nat\u016brali\u0173 prie\u017eas\u010di\u0173. D\u0117l bakterij\u0173 ir grybeli\u0173 nebuvimo j\u016bs\u0173 plaukai vystysis ir atrodys geriau nei bet kada.<\/span><\/p>\n<h3><span style=\"color: #003366;\">KOD\u0116L NAUDOTIS LOZIONE?<\/span><\/h3>\n<ul>\n<li><span style=\"color: #003366;\">Naudojant Lozione Hair Elixir, j\u016bs gausite daugiau <strong>pagarbos<\/strong> ir <strong>gerbimo<\/strong> i\u0161 aplinkini\u0173.<\/span><\/li>\n<li><span style=\"color: #003366;\">Jei norite tapti daug <strong>priimtinu asmeniu<\/strong><\/span><\/li>\n<li><span style=\"color: #003366;\">Jei norite atrodyti daug <strong>jauniau<\/strong>.<\/span><\/li>\n<li><span style=\"color: #003366;\">Jei norite atsikratyti <strong>pilk\u0173\/balt\u0173<\/strong> plauk\u0173.<\/span><\/li>\n<li><span style=\"color: #003366;\">Jei norite sveikos galvos odos ir plauk\u0173.<\/span><\/li>\n<li><span style=\"color: #003366;\">Jei norite <strong>stor\u0173, tanki\u0173 ir blizgi\u0173 plauk\u0173<\/strong>.<\/span><\/li>\n<li><span style=\"color: #003366;\">Jei norite atsikratyti pleiskan\u0173 ar <strong>bakterij\u0173<\/strong> ir tur\u0117ti labai \u0161vari\u0173 plauk\u0173.<\/span><\/li>\n<li><span style=\"color: #003366;\">Jei norite visi\u0161kai <strong>sustabdyti<\/strong> nat\u016bral\u0173 <strong>plauk\u0173 slinkim\u0105<\/strong><\/span><\/li>\n<li><span style=\"color: #003366;\"><strong>Nat\u016bralus atstatymas<\/strong>: Lozione gali suteikti nat\u016bral\u0173 plauk\u0173 spalvos atstatym\u0105, be agresyvi\u0173 chemikal\u0173, da\u017enai randam\u0173 tradiciniuose plauk\u0173 da\u017eymuose.<\/span><\/li>\n<li><span style=\"color: #003366;\"><strong>Kokybi\u0161ki ingredientai<\/strong>: Italijos produktai \u017einomi d\u0117l savo kokyb\u0117s. Lozione nat\u016bral\u016bs ingredientai gali b\u016bti \u0161velnesni plaukams nei bet kokie kiti rinkoje esantys gydymai.<\/span><\/li>\n<li><span style=\"color: #003366;\"><strong>Pa\u017eeidim\u0173 prevencija<\/strong>: Naudojant gydymus, kuriuose yra nat\u016brali\u0173 ingredient\u0173, tok\u012f kaip Lozione, galima suma\u017einti plauk\u0173 pa\u017eeidimo nuo agresyvi\u0173 chemikal\u0173 rizik\u0105.<\/span><\/li>\n<li><span style=\"color: #003366;\"><strong>J\u0117ga ir mityba<\/strong>: Be spalvos atstatymo, Lozione gali pad\u0117ti sustiprinti ir pamaitinti plaukus, palikdami juos mink\u0161tus ir \u0161iltus.<\/span><\/li>\n<li><span style=\"color: #003366;\"><strong>Ilgaam\u017ei\u0161kas sprendimas<\/strong>: Vietoj da\u017eno da\u017eymo, Lozione gali suteikti ilgalaik\u012f sprendim\u0105 d\u0117l pilk\u0173 plauk\u0173, suma\u017eindamas poreik\u012f da\u017enai perspausti.<\/span><\/li>\n<li><span style=\"color: #003366;\"><strong>Sutaupymas<\/strong>: Nors pradin\u0117 investicija gali b\u016bti didesn\u0117, ilguoju laikotarpiu naudojant Lozione galima sutaupyti pinig\u0173 lyginant su kitais gydymais ar reguliariu salon\u0173 da\u017eymu.<\/span><\/li>\n<li><span style=\"color: #003366;\"><strong>Nam\u0173 patogumas<\/strong>: Galimyb\u0117 Lozione naudoti namuose suteikia papildom\u0105 patogum\u0105 ir i\u0161vengia kelion\u0117s \u012f salon\u0105.<\/span><\/li>\n<li><span style=\"color: #003366;\"><strong>Ekologi\u0161kumas<\/strong>: Kaip produktas, pagr\u012fstas nat\u016braliais ingredientais, Lozione gali b\u016bti laikoma ekologi\u0161kesniu produktu.<\/span><\/li>\n<\/ul>\n<h3><span style=\"color: #003366;\">INGREDIENTAI<\/span><\/h3>\n<ul>\n<li><span style=\"color: #003366;\">Valyta vanduo<\/span><\/li>\n<li><span style=\"color: #003366;\">Alkoholis Denat<\/span><\/li>\n<li><span style=\"color: #003366;\">Dr\u0117kinantis glicerinas<\/span><\/li>\n<li><span style=\"color: #003366;\">Nat\u016bralus druska<\/span><\/li>\n<li><span style=\"color: #003366;\">Nat\u016bralus bismuto citratas<\/span><\/li>\n<li><span style=\"color: #003366;\">Naudingas siera<\/span><\/li>\n<li><span style=\"color: #003366;\">Kvapas (Parfumerija)<\/span><\/li>\n<\/ul>\n<h3><span style=\"color: #003366;\">\u0160ALUTINIAI EFEKTAI<\/span><\/h3>\n<ul>\n<li><span style=\"color: #003366;\">\u0160io produkto \u0161alutiniai poveikiai n\u0117ra.<\/span><\/li>\n<li><span style=\"color: #003366;\">Kartais gali pasireik\u0161ti odos sudirginimas. Tai normalu ir atsiranda labai jautriose galvos odose arba mikro odos pa\u017eeidim\u0173 atveju. Po 10-15 naudojimo kart\u0173 mikro odos pa\u017eeidimai i\u0161gydys ir sudirginimas i\u0161nyks.<\/span><\/li>\n<\/ul>\n<h3><span style=\"color: #003366;\">TEISINGAS NAUDOJIMAS<\/span><\/h3>\n<p><span style=\"color: #003366;\">Nepriklausomai nuo prie\u017easties, d\u0117l kurios naudojate \u0161\u012f produkt\u0105, visus jo poveikius j\u016bs patirsite, jei naudosite j\u012f, kaip nurodyta \u017eemiau. <strong>PERDOZAVIMO RIZIKOS N\u0116RA!<\/strong> Lozione galite naudoti tiek da\u017enai, tiek ir kiek norite, nebijodami perdozavimo. Vienintelis dalykas, kuris atsiranda naudojant per daug \u0161io produkto, yra jo greitesnis sunaudojimas. Kad pad\u0117tum\u0117te sutaupyti produkto, bet vis tiek pasiektum\u0117te norimus rezultatus, mes si\u016blome ideal\u0173 naudojimo b\u016bd\u0105 \u017eemiau, ta\u010diau galite prisitaikyti prie savo poreiki\u0173 ir naudojimo.<\/span><\/p>\n<h4><span style=\"color: #003366;\">BENDRA NAUDOJIMO INFORMACIJA:<\/span><\/h4>\n<ul>\n<li><span style=\"color: #003366;\">Pirmajam naudojimui atsukite dangtel\u012f ir pa\u0161alinkite sandarikl\u012f.<\/span><\/li>\n<li><span style=\"color: #003366;\"><strong>Prie\u0161 kiekvien\u0105 naudojim\u0105 suplakite butel\u012f vien\u0105 minut\u0119<\/strong>.<\/span><\/li>\n<p>pilkite produkt\u0105 per butelio dangtel\u012f ant galvos odos ir masa\u017euokite 3-5 minutes.<\/p>\n<li><span style=\"color: #003366;\">Po visapusi\u0161ko galvos odos masa\u017eo, j\u016bs galite j\u012f tepti plauk\u0173 ilgiams, jei jie yra pilki.<\/span><\/li>\n<li><span style=\"color: #003366;\">Po naudojimo leiskite plaukams nat\u016braliai i\u0161d\u017ei\u016bti bent 15 minu\u010di\u0173, tada galite naudoti plauk\u0173 d\u017eiovintuv\u0105 ma\u017eiausiu grei\u010diu.<\/span><\/li>\n<li><span style=\"color: #003366;\"><strong>NESKALAUTI PLAUK\u0172 NE MA\u017dIAU KAIP 6 VALANDAS PO PRODUKTO NAUDOJIMO!<\/strong><\/span><\/li>\n<li><span style=\"color: #003366;\">Tais dienomis, kai plaunate plaukus, produkt\u0105 tepti po vonios, <strong>o ne prie\u0161 tai!<\/strong><\/span><\/li>\n<\/ul>\n<h4><span style=\"color: #003366;\">KAIP NAUDOTIS, NORINT PASIEKTI NAT\u016aRALI\u0104 SPAV\u0104 AR BALIA\u017d\u0104:<\/span><\/h4>\n<ul>\n<li><span style=\"color: #003366;\">Pakartokite auk\u0161\u010diau pateiktus \u017eingsnius du kartus per dien\u0105 (ryte ir vakare), kol j\u016bs\u0173 baltyti\/plaukai atgaut\u0173 nat\u016brali\u0105 spalv\u0105 arba pasiekt\u0173 norim\u0105 spalv\u0105 (priklauso nuo kiekvieno \u017emogaus mineral\u0173 tr\u016bkumo, tai paprastai u\u017etrunka nuo 2 iki 6 savai\u010di\u0173).<\/span><\/li>\n<li><span style=\"color: #003366;\">Kai j\u016bs\u0173 plaukai pasieks norim\u0105 spalv\u0105, produkt\u0105 tepti tik kart\u0105 per dien\u0105, 3 kartus per savait\u0119, kad i\u0161laikytum\u0117te spalv\u0105.<\/span><\/li>\n<li><span style=\"color: #003366;\">Jeigu pilki plaukai sugr\u012f\u017eta, padidinkite produkto naudojimo da\u017enum\u0105.<\/span><\/li>\n<li><span style=\"color: #003366;\">Jei naudojate produkt\u0105 daugiau nei 6 savaites ir j\u016bs\u0173 plaukai nesugr\u012f\u017eo \u012f nat\u016brali\u0105 spalv\u0105, pra\u0161ome susisiekite su mumis, kad nustatytum\u0117te prie\u017east\u012f.<\/span><\/li>\n<\/ul>\n<h4><span style=\"color: #003366;\">NAUDOJIMAS PLOK\u0160TEL\u0116JIMO, PLEISKAN\u0172 IR KIT\u0172 NEPAMIN\u0116T\u0172 PROBLEM\u0172 ATVEJU:<\/span><\/h4>\n<ul>\n<li><span style=\"color: #003366;\">Naudokite du kartus per dien\u0105 bent 15 dien\u0173.<\/span><\/li>\n<li><span style=\"color: #003366;\">Po 15 dien\u0173, naudokite kart\u0105 per dien\u0105, tris kartus per savait\u0119 per 30 dien\u0173.<\/span><\/li>\n<li><span style=\"color: #003366;\">Po \u0161i\u0173 30 dien\u0173, naudokite 2-3 kartus per savait\u0119 profilaktikai.<\/span><\/li>\n<\/ul>\n<h4><span style=\"color: #003366;\">NAUDOJIMAS PLAUK\u0172 ATGAIVINIMUI:<\/span><\/h4>\n<ul>\n<li><span style=\"color: #003366;\">Naudokite du kartus per dien\u0105 30 dien\u0173.<\/span><\/li>\n<li><span style=\"color: #003366;\">Po 30 dien\u0173 naudokite kart\u0105 per dien\u0105 dar 30 dien\u0173.<\/span><\/li>\n<li><span style=\"color: #003366;\">Toliau naudokite 3 kartus per savait\u0119 skirtingomis dienomis 6 m\u0117nesiams.<\/span><\/li>\n<li><span style=\"color: #003366;\">Toliau naudokite retai, 1-3 kartus per savait\u0119, norint u\u017ekirsti keli\u0105 ateities plauk\u0173 slinkimui.<\/span><\/li>\n<\/ul>\n<h3><span style=\"color: #003366;\">\u012eSP\u0116JIMAI IR REKOMENDACIJOS<\/span><\/h3>\n<ul>\n<li><span style=\"color: #003366;\">NESITAUPYKITE! Naudodami per ma\u017eai produkto galite suma\u017einti arba visi\u0161kai panaikinti jo poveik\u012f. Labai svarbu, kad galvos oda ir plaukai b\u016bt\u0173 labai dr\u0117gni norint produkto tinkamai sugerti.<\/span><\/li>\n<li><span style=\"color: #003366;\">Produkt\u0105 naudokite tik sausiems plaukams. Nebenaudokite \u0161lapini\u0173 plauk\u0173, nes tai praskied\u017eia produkt\u0105 ir suma\u017eina jo poveik\u012f.<\/span><\/li>\n<li><span style=\"color: #003366;\">Mes rekomenduojame naudoti \u201cShampoo Hair Elixir\u201d vietoj savo \u012fprasto \u0161amp\u016bno.<\/span><\/li>\n<li><span style=\"color: #003366;\">Nenaudokite pigi\u0173 ar gili\u0173 valymo \u0161amp\u016bn\u0173! Visi \u0161amp\u016bnai, \u017eadantys greit\u0105 valym\u0105, pa\u0161alina mineralus i\u0161 plauk\u0173 ir galvos odos, kas suma\u017eina gydymo poveik\u012f.<\/span><\/li>\n<li><span style=\"color: #003366;\">Pig\u016bs nuo pleiskan\u0173 ir nuo plauk\u0173 slinkimo \u0161amp\u016bnai i\u0161valo visus maistinius elementus i\u0161 galvos odos, suma\u017eindami gydymo efektyvum\u0105.<\/span><\/li>\n<li><span style=\"color: #003366;\"><strong>JEI PRODUKTAS NUTEK\u0116JO ANT ODOS<\/strong> (ypa\u010d ant kaktos ir kaklo), gerai nuvalykite t\u0105 viet\u0105 dr\u0117gnu rank\u0161luos\u010diu arba naudokite micelin\u012f vanden\u012f.<\/span><\/li>\n<li><span style=\"color: #003366;\"><strong>\u012eSP\u0116JIMAS<\/strong>! Po oda yra plaukai, kurie sud\u0117ti i\u0161 keratino! Keratinas, kai jis lie\u010diasi su Lozione, lemia, kad tie plaukai da\u017enai tampa juodi.<\/span><\/li>\n<li><span style=\"color: #003366;\">Jei produktas nutek\u0117jo ant odos ir j\u016bs tinkamai nenuval\u0117te vietos, yra didel\u0117 tikimyb\u0117, kad po keli\u0173 dien\u0173 atsiras juodos d\u0117m\u0117s.<\/span><\/li>\n<li><span style=\"color: #003366;\"><strong>NAUDOKITE PIRSTINES<\/strong> arba gerai nusiprauskite rankas muilu po naudojimo! Nagai sudaryti i\u0161 keratino, ir kontaktuojant su Lozione, jie gali spalvintis. Nor\u0117dami i\u0161vengti tamsinimo, po naudojimo gerai nusiprauskite rankas muilu.<\/span><\/li>\n<li><span style=\"color: #003366;\"><strong>\u012eSP\u0116JIMAS<\/strong>! Nagams prad\u0117ti keisti spalv\u0105 reikia 6-8 valand\u0173, tad netik\u0117kite, kad pakeisdami rankas ir galvodami, kad produktas buvo nuvalytas. Jei neplausite nag\u0173 muilu, Lozione bus absorbuotas \u012f nagus, ir po keli\u0173 valand\u0173 jie gali pasidaryti juodi. D\u0117l to rekomenduojame ilgai nelaikyti nag\u0173 rankose po naudojimo, kad jie geriau nusivalyt\u0173.<\/span><\/li>\n<li><span style=\"color: #003366;\">Laikykite nuo vaik\u0173 nepasiekiamoje vietoje.<\/span><\/li>\n<li><span style=\"color: #003366;\">Laikyti sandariame pakuot\u0117je, vaikams nepasiekiamoje ir sausoje vietoje.<\/span><\/li>\n<li><span style=\"color: #003366;\">Naudoti tik pagal paskirt\u012f.<\/span><\/li>\n<\/ul>\n<\/div>\n<\/div>\n<\/div>\n<\/div>\n<\/div>\n","protected":false},"excerpt":{"rendered":"<p>KAIN\u0172 PASI\u016aLYMAI Efektai ir privalumai Atstato pilk\u0161vos\/baltos plauk\u0173 nat\u016brali\u0105 spalv\u0105. Padeda plaukams augti nat\u016bralia spalva, tod\u0117l nebegrodysite pilk\u0173\/bal\u0173 sruog\u0173. Moterims tai gali sukurti nat\u016bral\u0173 balia\u017e\u0105. Gydo ir sustabdo plauk\u0173 slinkim\u0105. Gydo ir prevencija alopecijai. Regeneruoja plaukus. Stiprina plauk\u0173 sruog\u0173. Pagalba plauk\u0173 storinimui. Gydo ir prevencija pleiskanoms. Gydo ir prevencija dermatitui. Gydo ir u\u017ekerta keli\u0105 pleiskanoms. [&hellip;]<\/p>\n","protected":false},"featured_media":2030128,"template":"","meta":[],"product_brand":[],"product_cat":[360,361],"product_tag":[],"class_list":{"0":"post-2030243","1":"product","2":"type-product","3":"status-publish","4":"has-post-thumbnail","6":"product_cat-hair-elixir-lt","7":"product_cat-lozione-lt","9":"first","10":"instock","11":"sale","12":"taxable","13":"shipping-taxable","14":"purchasable","15":"product-type-simple"},"_links":{"self":[{"href":"https:\/\/serenicapelli.com\/lt\/wp-json\/wp\/v2\/product\/2030243","targetHints":{"allow":["GET"]}}],"collection":[{"href":"https:\/\/serenicapelli.com\/lt\/wp-json\/wp\/v2\/product"}],"about":[{"href":"https:\/\/serenicapelli.com\/lt\/wp-json\/wp\/v2\/types\/product"}],"version-history":[{"count":4,"href":"https:\/\/serenicapelli.com\/lt\/wp-json\/wp\/v2\/product\/2030243\/revisions"}],"predecessor-version":[{"id":2032703,"href":"https:\/\/serenicapelli.com\/lt\/wp-json\/wp\/v2\/product\/2030243\/revisions\/2032703"}],"wp:featuredmedia":[{"embeddable":true,"href":"https:\/\/serenicapelli.com\/lt\/wp-json\/wp\/v2\/media\/2030128"}],"wp:attachment":[{"href":"https:\/\/serenicapelli.com\/lt\/wp-json\/wp\/v2\/media?parent=2030243"}],"wp:term":[{"taxonomy":"product_brand","embeddable":true,"href":"https:\/\/serenicapelli.com\/lt\/wp-json\/wp\/v2\/product_brand?post=2030243"},{"taxonomy":"product_cat","embeddable":true,"href":"https:\/\/serenicapelli.com\/lt\/wp-json\/wp\/v2\/product_cat?post=2030243"},{"taxonomy":"product_tag","embeddable":true,"href":"https:\/\/serenicapelli.com\/lt\/wp-json\/wp\/v2\/product_tag?post=2030243"}],"curies":[{"name":"wp","href":"https:\/\/api.w.org\/{rel}","templated":true}]}}