{"id":728129,"date":"2021-09-19T16:48:59","date_gmt":"2021-09-19T14:48:59","guid":{"rendered":"https:\/\/serenicapelli.com\/taisykles-ir-salygos\/"},"modified":"2023-04-01T18:39:59","modified_gmt":"2023-04-01T16:39:59","slug":"taisykles-ir-salygos","status":"publish","type":"page","link":"https:\/\/serenicapelli.com\/lt\/taisykles-ir-salygos\/","title":{"rendered":"Taisykl\u0117s ir s\u0105lygos"},"content":{"rendered":"\t\t<div data-elementor-type=\"wp-page\" data-elementor-id=\"728129\" class=\"elementor elementor-728129 elementor-2663\" data-elementor-post-type=\"page\">\n\t\t\t\t\t\t<section class=\"elementor-section elementor-top-section elementor-element elementor-element-583bb06 elementor-section-boxed elementor-section-height-default elementor-section-height-default\" data-id=\"583bb06\" data-element_type=\"section\">\n\t\t\t\t\t\t<div class=\"elementor-container elementor-column-gap-wider\">\n\t\t\t\t\t<div class=\"elementor-column elementor-col-100 elementor-top-column elementor-element elementor-element-2e602e7\" data-id=\"2e602e7\" data-element_type=\"column\">\n\t\t\t<div class=\"elementor-widget-wrap elementor-element-populated\">\n\t\t\t\t\t\t<div class=\"elementor-element elementor-element-035f790 elementor-widget elementor-widget-text-editor\" data-id=\"035f790\" data-element_type=\"widget\" data-widget_type=\"text-editor.default\">\n\t\t\t\t<div class=\"elementor-widget-container\">\n\t\t\t\t\t\t\t\t\t<ol>\n<li><strong>Pradin\u0117s nuostatos<\/strong><\/li>\n<\/ol>\n<p>\u0160iomis Verslo s\u0105lygomis apibr\u0117\u017eiami santykiai tarp m\u016bs\u0173 bendrov\u0117s SC Sereni Capelli SRL, kaip el. parduotuv\u0117s, kurios adresas www.serenicapelli.com, pardav\u0117jo ir operatoriaus, ir j\u016bs\u0173, m\u016bs\u0173 kliento, kuris su mumis sudaro pirkimo sutart\u012f.<\/p>\n<p>Visiems savo klientams taikome vienod\u0105 po\u017ei\u016br\u012f ir si\u016blome jiems tas pa\u010dias lengvatas, nesvarbu, ar jie yra vartotojai, ar ne. Tod\u0117l \u0161iose Verslo s\u0105lygose i\u0161d\u0117stytos taisykl\u0117s taikomos visiems m\u016bs\u0173 klientams.<\/p>\n<p>\u0160ios Taisykl\u0117s ir s\u0105lygos vis\u0173 pirma taikomos perkant produktus i\u0161 m\u016bs\u0173 e. parduotuv\u0117s. Jos taip pat taikomos perkant produktus naudojantis klient\u0173 kar\u0161t\u0105ja linija arba apsilankius vienoje i\u0161 m\u016bs\u0173 partneri\u0173 parduotuvi\u0173.<\/p>\n<ol start=\"2\">\n<li><strong>Pirkimo sutarties sudarymas<\/strong><\/li>\n<\/ol>\n<p>Pirkimo sutart\u012f su mumis galite sudaryti nuotoliniu b\u016bdu e. parduotuv\u0117je arba klient\u0173 kar\u0161t\u0105ja linija, arba asmeni\u0161kai apsilank\u0119 vienoje i\u0161 m\u016bs\u0173 partneri\u0173 parduotuvi\u0173 ar partneri\u0173 platform\u0173.<\/p>\n<p>Nuotolinio pirkimo sutarties atveju u\u017esakymas &#8211; pateiktas pateikiant u\u017esakym\u0105 interneto svetain\u0117je www.serenicapelli.com arba klient\u0173 kar\u0161t\u0105ja linija &#8211; yra sutarties projektas. U\u017esakymas galios 7 dienas, o mes patvirtinsime jo gavim\u0105 el. pa\u0161tu. Tod\u0117l pirkimo sutartis bus sudaryta mums pri\u0117mus sutarties projekt\u0105 ir prista\u010dius u\u017esakytus produktus. Apie produkt\u0173 i\u0161siuntim\u0105 jus informuosime el. pa\u0161tu.<\/p>\n<p>Prekes pristatome tik tokiais kiekiais, kurie yra \u012fprasti nam\u0173 \u016bkio reikm\u0117ms. Tam tikrais atvejais (ypa\u010d akcij\u0173 ar atsarg\u0173 i\u0161pardavimo atvejais) pasiliekame teis\u0119 nustatyti did\u017eiausi\u0105 galim\u0105 tiekti kiek\u012f.<\/p>\n<ol start=\"3\">\n<li><strong>Pasitraukimas be prie\u017easties<\/strong><\/li>\n<\/ol>\n<p>Pagal \u012fstatym\u0105 turite teis\u0119 atsisakyti internetu arba telefonu sudarytos sutarties nenurodydami prie\u017easties per 14 dien\u0173 nuo produkt\u0173 pristatymo. M\u016bs\u0173 \u012fmon\u0117je bet kuris pirk\u0117jas turi teis\u0119 atsisakyti pirkimo sutarties be jokios prie\u017easties per 14 dien\u0173 nuo produkt\u0173 pristatymo. \u0160i taisykl\u0117 taip pat taikoma pirkiniams, \u012fsigytiems m\u016bs\u0173 partneri\u0173 fizin\u0117se parduotuv\u0117se arba partneri\u0173 platformose.<\/p>\n<p>Nor\u0117dami pasinaudoti \u0161ia teise, turite mums prane\u0161ti apie savo sprendim\u0105 atsisakyti pirkimo sutarties per pirmiau nurodyt\u0105 termin\u0105. Galite susisiekti su mumis adresu <a href=\"mailto:contact@serenicapelli.com\">contact@serenicapelli.com<\/a>  <\/p>\n<p>Jums atsisakius sutarties, gr\u0105\u017einsime nepanaudot\u0173 produkt\u0173 pirkimo kain\u0105. Jei atsisakysite u\u017esakymo per 14 dien\u0173 nuo pristatymo, gr\u0105\u017einimo i\u0161laidas padengs m\u016bs\u0173 bendrov\u0117.<\/p>\n<ol>\n<li>Produktus b\u016btina i\u0161si\u0173sti nedelsiant, ne v\u0117liau kaip per 5 dienas nuo atsisakymo dienos,<\/li>\n<li>Atkreipkite d\u0117mes\u012f, kad b\u016bsite atsakingi u\u017e bet kok\u012f produkt\u0173 vert\u0117s suma\u017e\u0117jim\u0105 d\u0117l to, kad su jais elg\u0117t\u0117s kitaip, nei b\u016btina norint susipa\u017einti su produkto pob\u016bd\u017eiu, savyb\u0117mis ir funkcionalumu (pvz., jei naudosite produkt\u0105, nors jau buvote j\u012f i\u0161band\u0119). Taip pat atkreipkite d\u0117mes\u012f \u012f tai, kad neturite teis\u0117s atsisakyti sutarties, jei gaminiai pagaminti pagal j\u016bs\u0173 pageidavimus arba pagal individual\u0173 u\u017esakym\u0105 (pvz., pakuot\u0117s su individualiais graviravimais), taip pat atidaryt\u0173 ir panaudot\u0173 gamini\u0173, kuri\u0173 negalima gr\u0105\u017einti d\u0117l higienos prie\u017eas\u010di\u0173 (pvz., jei atidar\u0117te gamin\u012f ir panaudojote dal\u012f kosmetikos preparato, kuris tiesiogiai lie\u010diasi su oda), atveju.<\/li>\n<\/ol>\n<p><strong>4. Skundai<\/strong><\/p>\n<p>Jei prek\u0117s pristatomos su defektais, galime susitarti d\u0117l kompensacijos kupono forma. Taip pat turite teis\u0119 reikalauti, kad defektas b\u016bt\u0173 i\u0161taisytas pakei\u010diant prek\u0119. Jei defekto i\u0161taisymas mums ne\u012fmanomas arba ne\u012fmanomas, turite teis\u0119 reikalauti suma\u017einti pirkimo kain\u0105, o jei defektas yra esminis, taip pat galite atsisakyti pirkimo sutarties.<\/p>\n<p>Produktai bus laikomi nekokybi\u0161kais, ypa\u010d jei jie neturi \u012fprast\u0173 ar pateikt\u0173 savybi\u0173, neatitinka paskirties, neatitinka teisini\u0173 reikalavim\u0173 arba buvo pristatyti ne sutartu kiekiu. Atkreipkite d\u0117mes\u012f, kad padid\u0117j\u0119s jautrumas ar alergin\u0117 reakcija \u012f pristatytus produktus negali b\u016bti laikomi produkto defektais. Be to, dovan\u0173 ir kit\u0173 atlygi\u0173, kuriuos teikiame ne pagal j\u016bs\u0173 u\u017esakym\u0105, tr\u016bkumai negali b\u016bti laikomi defektais. M\u016bs\u0173 parduotuv\u0117je pateiktos produkt\u0173 nuotraukos yra tik iliustracin\u0117s ir n\u0117ra privalomas preki\u0173 savybi\u0173 pristatymas (pvz., pakuot\u0117s gali skirtis d\u0117l gamintojo atlikt\u0173 pakeitim\u0173).<\/p>\n<p>Mielai atsakysime \u012f visus klausimus apie skundus adresu contact@serenicapelli.com.  <\/p>\n<p>Apie j\u016bs\u0173 skundo nagrin\u0117jimo eig\u0105, ypa\u010d apie jo gavim\u0105, pri\u0117mim\u0105 arba atmetim\u0105, informuosime jus el. pa\u0161tu arba SMS \u017einute. Su jumis taip pat galima susisiekti telefonu.<\/p>\n<p>Sprendim\u0105 d\u0117l skundo priimsime nedelsdami. Skundo sprendimas, \u012fskaitant defekt\u0173 pa\u0161alinim\u0105, paprastai trunka nuo vienos dienos iki 30 dien\u0173. Prie\u0161ingu atveju turite teis\u0119 atsisakyti pirkimo sutarties. B\u016btina, kad. suteikite mums reikiam\u0105 pagalb\u0105, kad gal\u0117tume laikytis pirmiau nurodyto termino.<\/p>\n<ol start=\"5\">\n<li><strong>Mok\u0117jimo ir pristatymo b\u016bdas<\/strong><\/li>\n<\/ol>\n<p>Galite pasirinkti mok\u0117jimo ir pristatymo b\u016bd\u0105 i\u0161 m\u016bs\u0173 si\u016blom\u0173 variant\u0173. Apie pasirinkt\u0105 mok\u0117jimo b\u016bd\u0105 ir su juo susijusias i\u0161laidas informuosime prie\u0161 i\u0161siun\u010diant u\u017esakym\u0105.<\/p>\n<p>\u0160iuo metu mes priimame mok\u0117jim\u0105 pristatymo metu ir mok\u0117jim\u0105 kortele internetu per euplatesc.ro paslaugas.<\/p>\n<p>Tam tikrais atvejais pasiliekame teis\u0119 suteikti nemokam\u0105 pristatym\u0105.<\/p>\n<ol start=\"6\">\n<li><strong>\u012evair\u016bs<\/strong><\/li>\n<\/ol>\n<p>Savo klientams si\u016blome \u012fvairi\u0173 nuolaid\u0173, dovan\u0173 ir kit\u0173 kupon\u0173. J\u0173 naudojim\u0105 reglamentuoja tam tikros taisykl\u0117s, apie kurias kiekvienu atveju klientas bus informuotas atskirai. Jei nenurodyta kitaip, kiekvien\u0105 nuolaid\u0173 ar dovan\u0173 kupon\u0105 galima panaudoti tik vien\u0105 kart\u0105, o vienu u\u017esakymu galima panaudoti tik vien\u0105 tos pa\u010dios r\u016b\u0161ies kupon\u0105. Jei nenurodyta kitaip, nuolaidos negali b\u016bti derinamos. Jei dovan\u0173 kupono vert\u0117 vir\u0161ija pirkimo vert\u0119, skirtumas nebus perkeltas \u012f nauj\u0105 kupon\u0105, o nepanaudota suma nebus gr\u0105\u017einta.<\/p>\n<p>Pirkimo metu i\u0161 tre\u010diosios \u0161alies galite gauti vertinimo klausimyn\u0105. Galite dalytis savo apsipirkimo ir produkt\u0173 naudojimo patirtimi su kitais. Labai d\u017eiaugsim\u0117s, jei sutiksite u\u017epildyti klausimyn\u0105.<\/p>\n\t\t\t\t\t\t\t\t<\/div>\n\t\t\t\t<\/div>\n\t\t\t\t\t<\/div>\n\t\t<\/div>\n\t\t\t\t\t<\/div>\n\t\t<\/section>\n\t\t\t\t<\/div>\n\t\t","protected":false},"excerpt":{"rendered":"<p>Pradin\u0117s nuostatos \u0160iomis Verslo s\u0105lygomis apibr\u0117\u017eiami santykiai tarp m\u016bs\u0173 bendrov\u0117s SC Sereni Capelli SRL, kaip el. parduotuv\u0117s, kurios adresas www.serenicapelli.com, pardav\u0117jo ir operatoriaus, ir j\u016bs\u0173, m\u016bs\u0173 kliento, kuris su mumis sudaro pirkimo sutart\u012f. Visiems savo klientams taikome vienod\u0105 po\u017ei\u016br\u012f ir si\u016blome jiems tas pa\u010dias lengvatas, nesvarbu, ar jie yra vartotojai, ar ne. Tod\u0117l \u0161iose Verslo [&hellip;]<\/p>\n","protected":false},"author":1,"featured_media":0,"parent":0,"menu_order":40,"comment_status":"closed","ping_status":"closed","template":"","meta":{"footnotes":""},"class_list":["post-728129","page","type-page","status-publish","hentry"],"_links":{"self":[{"href":"https:\/\/serenicapelli.com\/lt\/wp-json\/wp\/v2\/pages\/728129","targetHints":{"allow":["GET"]}}],"collection":[{"href":"https:\/\/serenicapelli.com\/lt\/wp-json\/wp\/v2\/pages"}],"about":[{"href":"https:\/\/serenicapelli.com\/lt\/wp-json\/wp\/v2\/types\/page"}],"author":[{"embeddable":true,"href":"https:\/\/serenicapelli.com\/lt\/wp-json\/wp\/v2\/users\/1"}],"replies":[{"embeddable":true,"href":"https:\/\/serenicapelli.com\/lt\/wp-json\/wp\/v2\/comments?post=728129"}],"version-history":[{"count":0,"href":"https:\/\/serenicapelli.com\/lt\/wp-json\/wp\/v2\/pages\/728129\/revisions"}],"wp:attachment":[{"href":"https:\/\/serenicapelli.com\/lt\/wp-json\/wp\/v2\/media?parent=728129"}],"curies":[{"name":"wp","href":"https:\/\/api.w.org\/{rel}","templated":true}]}}