{"id":728100,"date":"2021-09-22T07:20:57","date_gmt":"2021-09-22T05:20:57","guid":{"rendered":"https:\/\/serenicapelli.com\/grazinimo-politika\/"},"modified":"2023-04-01T18:35:48","modified_gmt":"2023-04-01T16:35:48","slug":"grazinimo-politika","status":"publish","type":"page","link":"https:\/\/serenicapelli.com\/lt\/grazinimo-politika\/","title":{"rendered":"Gr\u0105\u017einimo politika"},"content":{"rendered":"<p>Pagal \u012fstatym\u0105 turite teis\u0119 atsisakyti internetu arba telefonu sudarytos sutarties nenurodydami prie\u017easties per 14 dien\u0173 nuo produkt\u0173 pristatymo.<\/p>\n<p><!-- \/wp:post-content --><\/p>\n<p><!-- wp:paragraph --><\/p>\n<p>M\u016bs\u0173 \u012fmon\u0117je bet kuris pirk\u0117jas turi teis\u0119 atsisakyti pirkimo sutarties be jokios prie\u017easties per 14 dien\u0173 nuo produkt\u0173 pristatymo. \u0160i taisykl\u0117 taip pat taikoma pirkiniams, \u012fsigytiems m\u016bs\u0173 partneri\u0173 fizin\u0117se parduotuv\u0117se arba partneri\u0173 platformose.<\/p>\n<p><!-- \/wp:paragraph --><\/p>\n<p><!-- wp:paragraph --><\/p>\n<p>  Nor\u0117dami pasinaudoti \u0161ia teise, turite mums prane\u0161ti apie savo sprendim\u0105 atsisakyti pirkimo sutarties per pirmiau nurodyt\u0105 termin\u0105. Galite susisiekti su mumis adresu <a href=\"mailto:contact@serenicapelli.com\">contact@serenicapelli.com<\/a>  <\/p>\n<p><!-- \/wp:paragraph --><\/p>\n<p><!-- wp:paragraph --><\/p>\n<p>  Jums atsisakius sutarties, gr\u0105\u017einsime nepanaudot\u0173 produkt\u0173 pirkimo kain\u0105. Jei atsisakysite u\u017esakymo per 14 dien\u0173 nuo pristatymo, <strong>gr\u0105\u017einimo <\/strong>i\u0161laidas padengs m\u016bs\u0173 bendrov\u0117.<\/p>\n<p><!-- \/wp:paragraph --><\/p>\n<p><!-- wp:paragraph --><\/p>\n<p>Gr\u0105\u017einamos sumos bus pervestos \u012f j\u016bs\u0173 banko s\u0105skait\u0105 per 5 dienas nuo produkt\u0173 gr\u0105\u017einimo.<\/p>\n<p><!-- \/wp:paragraph --><\/p>\n<p><!-- wp:list {\"ordered\":true} --><\/p>\n<ol>\n<li>Produktus b\u016btina i\u0161si\u0173sti nedelsiant, ne v\u0117liau kaip per 5 dienas nuo atsisakymo dienos.<\/li>\n<li>Atkreipkite d\u0117mes\u012f, kad b\u016bsite atsakingi u\u017e bet kok\u012f produkt\u0173 vert\u0117s suma\u017e\u0117jim\u0105 d\u0117l to, kad su jais elg\u0117t\u0117s kitaip, nei b\u016btina norint susipa\u017einti su produkto pob\u016bd\u017eiu, savyb\u0117mis ir funkcionalumu (pvz., jei naudosite produkt\u0105, nors jau buvote j\u012f i\u0161band\u0119). Taip pat atkreipkite d\u0117mes\u012f \u012f tai, kad neturite teis\u0117s atsisakyti sutarties, jei produktai pagaminti pagal j\u016bs\u0173 pageidavimus arba pritaikyti produktai (pvz., pagal u\u017esakym\u0105 graviruota pakuot\u0117), taip pat jei atidaryti ir naudoti produktai, kuri\u0173 negalima  <strong>gr\u0105\u017einti  <\/strong>d\u0117l higienos prie\u017eas\u010di\u0173 (pvz., jei gaminys buvo atidarytas ir panaudojote dal\u012f kosmetikos preparato, kuris tiesiogiai lie\u010diasi su oda).<\/li>\n<\/ol>\n","protected":false},"excerpt":{"rendered":"<p>Pagal \u012fstatym\u0105 turite teis\u0119 atsisakyti internetu arba telefonu sudarytos sutarties nenurodydami prie\u017easties per 14 dien\u0173 nuo produkt\u0173 pristatymo. M\u016bs\u0173 \u012fmon\u0117je bet kuris pirk\u0117jas turi teis\u0119 atsisakyti pirkimo sutarties be jokios prie\u017easties per 14 dien\u0173 nuo produkt\u0173 pristatymo. \u0160i taisykl\u0117 taip pat taikoma pirkiniams, \u012fsigytiems m\u016bs\u0173 partneri\u0173 fizin\u0117se parduotuv\u0117se arba partneri\u0173 platformose. Nor\u0117dami pasinaudoti \u0161ia teise, [&hellip;]<\/p>\n","protected":false},"author":1,"featured_media":0,"parent":0,"menu_order":0,"comment_status":"closed","ping_status":"closed","template":"","meta":{"footnotes":""},"class_list":["post-728100","page","type-page","status-publish","hentry"],"_links":{"self":[{"href":"https:\/\/serenicapelli.com\/lt\/wp-json\/wp\/v2\/pages\/728100","targetHints":{"allow":["GET"]}}],"collection":[{"href":"https:\/\/serenicapelli.com\/lt\/wp-json\/wp\/v2\/pages"}],"about":[{"href":"https:\/\/serenicapelli.com\/lt\/wp-json\/wp\/v2\/types\/page"}],"author":[{"embeddable":true,"href":"https:\/\/serenicapelli.com\/lt\/wp-json\/wp\/v2\/users\/1"}],"replies":[{"embeddable":true,"href":"https:\/\/serenicapelli.com\/lt\/wp-json\/wp\/v2\/comments?post=728100"}],"version-history":[{"count":0,"href":"https:\/\/serenicapelli.com\/lt\/wp-json\/wp\/v2\/pages\/728100\/revisions"}],"wp:attachment":[{"href":"https:\/\/serenicapelli.com\/lt\/wp-json\/wp\/v2\/media?parent=728100"}],"curies":[{"name":"wp","href":"https:\/\/api.w.org\/{rel}","templated":true}]}}