{"id":728072,"date":"2022-08-15T10:39:10","date_gmt":"2022-08-15T08:39:10","guid":{"rendered":"https:\/\/serenicapelli.com\/privatumo-politika\/"},"modified":"2022-08-15T10:39:10","modified_gmt":"2022-08-15T08:39:10","slug":"privatumo-politika","status":"publish","type":"page","link":"https:\/\/serenicapelli.com\/lt\/privatumo-politika\/","title":{"rendered":"Privatumo politika"},"content":{"rendered":"<p><strong>Privatumo politika<\/strong><\/p>\n<p>Sereni Capelli, internetin\u0117s parduotuv\u0117s www.serenicapelli.com operatorius, parei\u0161kia, kad visi asmens duomenys (toliau &#8211; duomenys) laikomi grie\u017etai konfidencialiais ir tvarkomi pagal asmens duomen\u0173 apsaugos srityje galiojan\u010dius \u012fstatymus.<\/p>\n<p>J\u016bs\u0173 asmens duomen\u0173 saugumas mums yra prioritetas. Tod\u0117l asmens duomenims ir j\u0173 apsaugai skiriame did\u017eiausi\u0105 d\u0117mes\u012f. \u0160iuose asmens duomen\u0173 tvarkymo principuose (toliau &#8211; Principai) norime jus informuoti, kokius j\u016bs\u0173 asmens duomenis renkame ir kaip juos naudojame.<\/p>\n<ol>\n<li><strong>Asmens duomenys ir j\u0173 tvarkymas<\/strong><\/li>\n<\/ol>\n<p><strong>1.1. Asmens duomen\u0173 kategorijos<\/strong><\/p>\n<p>Renkame \u012fvairi\u0105 informacij\u0105, priklausomai nuo to, kokiomis m\u016bs\u0173 paslaugomis nusprend\u0117te naudotis.<\/p>\n<p>Jei perkate i\u0161 m\u016bs\u0173, mes renkame:<\/p>\n<ul>\n<li>Vardas, pavard\u0117 ir kontaktiniai duomenys. vardas ir pavard\u0117, el. pa\u0161to adresas, pa\u0161to adresas, s\u0105skaitos i\u0161ra\u0161ymo adresas, telefono numeris ir banko s\u0105skaitos duomenys, mok\u0117jimo informacija.<\/li>\n<li>Demografiniai duomenys. Informacija apie lyt\u012f, gimimo dat\u0105, \u0161al\u012f ir pageidaujam\u0105 kalb\u0105.<\/li>\n<li>Sutarties galiojimo metu gauti duomenys &#8211; \u012fsigyti produktai, klient\u0173 segmentas, suteikt\u0173 paslaug\u0173 apimtis.<\/li>\n<\/ul>\n<p><strong>1.2. Asmens duomen\u0173 tvarkymo tikslas:<\/strong><\/p>\n<ul>\n<li><strong>Paslaug\u0173 teikimas ir tobulinimas<\/strong>. Kad gal\u0117tume teikti ir tobulinti savo paslaugas j\u016bs\u0173 pasitenkinimui, tvarkome j\u016bs\u0173 asmens duomenis. Konkre\u010diai tai apima:\n<ul>\n<li><strong>Produkt\u0173 ar paslaug\u0173 u\u017esakym\u0173,<\/strong> u\u017esakyt\u0173 m\u016bs\u0173 svetain\u0117je arba klient\u0173 kar\u0161t\u0105ja linija, <strong>tvarkymas<\/strong>. \u0160iuo atveju teisin\u0117 prie\u017eastis yra ta, kad duomenys yra b\u016btini pirkimo sutar\u010diai \u012fvykdyti, o tam tikra informacija yra b\u016btina teisin\u0117ms prievol\u0117ms \u012fvykdyti (pvz., apskaitos dokumentai).<\/li>\n<li><strong>Prane\u0161imas apie gaminio prieinamum\u0105<\/strong>. Jei pra\u0161ote steb\u0117ti prek\u0117s prieinamum\u0105, tvarkome j\u016bs\u0173 duomenis. asmens duomenis remiantis j\u016bs\u0173 sutikimu.<\/li>\n<li><strong>Klient\u0173 aptarnavimas. Siekdami teikti klient\u0173 aptarnavimo paslaugas ir pa\u0161alinti bet kokias problemas  <\/strong>pirkimo-pardavimo sutarties vykdymas, asmens duomenis tvarkome remdamiesi b\u016btinybe laikytis \u0161i\u0173 sutar\u010di\u0173.<\/li>\n<li><strong>Bendravimas<\/strong>. Surinktus duomenis naudojame tam, kad gal\u0117tume su jumis bendrauti asmeni\u0161kai. Pavyzd\u017eiui, galime susisiekti su jumis telefonu, el. pa\u0161tu ar kitais b\u016bdais, kad primintume, jog turite produkt\u0173 internetiniame pirkini\u0173 krep\u0161elyje, pad\u0117tume u\u017ebaigti u\u017esakym\u0105, prane\u0161tume apie dabartin\u0119 j\u016bs\u0173 parai\u0161kos, u\u017esakymo ar skundo b\u016bsen\u0105, kad gautum\u0117te papildomos informacijos, jei taikoma, arba kad prane\u0161tum\u0117te, jog turite imtis veiksm\u0173, kad j\u016bs\u0173 paskyra i\u0161likt\u0173 aktyvi. Jei perkate i\u0161 m\u016bs\u0173 kaip narys, \u0161iuos duomenis tvarkome d\u0117l teis\u0117to intereso, kuris kyla i\u0161 pirmiau apra\u0161yto &#8222;Sc SereniCapelli Srl&#8221; teis\u0117to intereso.<\/li>\n<li><strong>Paslaug\u0173 gerinimas<\/strong>. Duomenis naudojame siekdami nuolat tobulinti savo paslaugas ir sistemas, \u012fskaitant nauj\u0173 funkcij\u0173 prid\u0117jim\u0105, taip pat priimti pagr\u012fstus sprendimus, naudodamiesi bendra analitika ir verslo \u017evalgyba, remdamiesi savo teis\u0117tu interesu, kylan\u010diu i\u0161 verslo laisv\u0117s ir poreikio tobulinti teikiamas paslaugas, kad i\u0161liktume konkurencingi. Siekdami u\u017etikrinti tinkam\u0105 j\u016bs\u0173 teisi\u0173 ir interes\u0173 apsaug\u0105, savo paslaugoms tobulinti naudosime kuo labiau nuasmenintus asmens duomenis.<\/li>\n<\/ul>\n<\/li>\n<li><strong>apsauga, saugumas ir gin\u010d\u0173 sprendimas<\/strong>. Duomenis taip pat galime tvarkyti d\u0117l teis\u0117to intereso, t. y. siekdami u\u017etikrinti savo sistem\u0173 ir klient\u0173 apsaug\u0105 ir saugum\u0105, u\u017ekirsti keli\u0105 suk\u010diavimui ir j\u012f nustatyti, spr\u0119sti gin\u010dus ir \u012fgyvendinti m\u016bs\u0173 susitarimus, remdamiesi teis\u0117tu interesu.<\/li>\n<li><strong>Rinkodaros pasi\u016blymai<\/strong>.\n<ul>\n<li>Komerciniai ry\u0161iai\n<ul>\n<li>Siun\u010diame jums komercinius prane\u0161imus apie pana\u0161ius \u012f j\u016bs\u0173 \u012fsigytus produktus.<\/li>\n<li>Visada turite galimyb\u0119 atsisakyti \u0161i\u0173 komercini\u0173 prane\u0161im\u0173 naudodamiesi el. <u><br \/>\n  <a href=\"mailto:contact@serenicapelli.com\">contact@serenicapelli.com<\/a><br \/>\n<\/u> atsisakyti prenumeratos.<\/li>\n<li>Jei atsisakysite komercini\u0173 prane\u0161im\u0173 prenumeratos, j\u016bs\u0173 duomen\u0173 nebenaudosime. elektroninis ry\u0161ys \u0161iais tikslais. J\u0173 naudojim\u0105 atnaujinsime tik tada, jei u\u017esiregistruosite arba j\u0173 specialiai papra\u0161ysite.<\/li>\n<\/ul>\n<\/li>\n<li>Rodomi rinkodaros pasi\u016blymai gali b\u016bti parenkami remiantis kita apie jus gauta informacija. laikui b\u0117gant, i\u0161 kontaktin\u0117s informacijos, demografin\u0117s informacijos, pageidaujam\u0173 produkt\u0173 ir duomen\u0173 apie naudojim\u0105si m\u016bs\u0173 produktais ir svetaine (slapukai, IP adresas, nar\u0161ykl\u0117s pateikta informacija, paspaudimai, rodomi komerciniai prane\u0161imai, lankomi produktai). Duomen\u0173 tvarkymas n\u0117ra visi\u0161kai automatizuotas, nes tai sukelt\u0173 jums teisines pasekmes.<\/li>\n<li>Jei nesate m\u016bs\u0173 klientas, duomenis tvarkome remdamiesi j\u016bs\u0173 sutikimu.<\/li>\n<li>Turite teis\u0119 bet kuriuo metu ir nemokamai nesutikti su tokiu duomen\u0173 tvarkymu. Kontaktiniai duomenys pateikiami \u0161io dokumento pabaigoje.<\/li>\n<\/ul>\n<\/li>\n<li><strong>Slapuk\u0173 <\/strong>tvarkymas SC Sereni Capelli SRL valdomuose <strong>tinklalapiuose <\/strong>\n<ul>\n<li>Jei savo nar\u0161ykl\u0117je \u012fjungiate slapukus, mes apdorojame elgesio \u012fra\u0161us i\u0161 slapuk\u0173, patalpint\u0173 &#8222;Sereni Capelli&#8221; valdomame tinklalapyje, siekdami u\u017etikrinti geresn\u012f serenicapelli.com tinklalapio ir partneri\u0173 tinklalapi\u0173 funkcionalum\u0105 bei &#8222;Sereni Capelli&#8221; internetin\u0117s reklamos tikslais.<\/li>\n<\/ul>\n<\/li>\n<\/ul>\n<p><strong>1.3. Asmens duomen\u0173 perdavimas tre\u010diosioms \u0161alims<\/strong><\/p>\n<p>J\u016bs\u0173 informacija asmens duomenys bus perduodami tre\u010diosioms \u0161alims arba kitaip tarpininkaujama tik tuo atveju, jei tai yra b\u016btina pirkimo-pardavimo sutar\u010diai \u012fvykdyti, remiantis teis\u0117tu interesu arba jei i\u0161 anksto dav\u0117te sutikim\u0105.<\/p>\n<ul>\n<li>a) dukterin\u0117s \u012fmon\u0117s ir duomen\u0173 tvarkymo \u012fmon\u0117s, kad b\u016bt\u0173 \u012fvykdyta pirkimo-pardavimo sutartis, siekiant vykdyti vidaus procesus ir praktik\u0105.<\/li>\n<li>b) kredito korteli\u0173 bendrov\u0117ms, mok\u0117jimo paslaug\u0173 teik\u0117jams, atliekantiems mok\u0117jim\u0173 apdorojim\u0105, ir bankams, remiantis j\u016bs\u0173 u\u017esakymu, kad b\u016bt\u0173 \u012fvykdyta pirkimo-pardavimo sutartis.<\/li>\n<li>c) transporto bendrov\u0117ms, kad pristatyt\u0173 j\u016bs\u0173 u\u017esakytus produktus ar paslaugas. ir skund\u0173 sprendimas, \u012fskaitant sutarties nutraukim\u0105.<\/li>\n<li>d) m\u016bs\u0173 partneriai lojalumo programose, kurias pasirinkote.<\/li>\n<li>e) kiti paslaug\u0173 teik\u0117jai, tre\u010diosios \u0161alys, dalyvaujan\u010dios tvarkant duomenis;<\/li>\n<li>f) tre\u010diosioms \u0161alims, pavyzd\u017eiui, prokurorams ir teismams, i\u0161ie\u0161kojimo arba sutarties su jumis sudarymo tikslais;<\/li>\n<li>g) vald\u017eios institucijos (pvz., policija).<\/li>\n<li>h) tre\u010diosios \u0161alys, atliekan\u010dios klient\u0173 apklausas.<\/li>\n<\/ul>\n<p>Jei tre\u010dioji \u0161alis naudoja duomenis pagal savo teis\u0117t\u0105 interes\u0105, administratorius neprisiima \u0161ios atsakomyb\u0117s. \u0160\u012f proces\u0105 reglamentuoja \u012fmoni\u0173 ir atitinkam\u0173 asmen\u0173 asmens duomen\u0173 tvarkymo principai.<\/p>\n<ol>\n<li><strong>Asmens duomen\u0173 saugumas ir saugojimo trukm\u0117<\/strong><\/li>\n<\/ol>\n<p><strong>2.1. Asmens duomen\u0173 saugumas<\/strong><\/p>\n<ul>\n<li>a) J\u016bs\u0173 duomenys perduodami u\u017e\u0161ifruoti. Mes naudojame SSL (secure socket layer) \u0161ifravim\u0105. Savo interneto svetain\u0119 ir kitas sistemas technin\u0117mis ir organizacin\u0117mis priemon\u0117mis apsaugome nuo j\u016bs\u0173 duomen\u0173 praradimo ar sunaikinimo, ne\u012fgaliot\u0173 asmen\u0173 prieigos, pakeitimo ar platinimo.<\/li>\n<li>b) reikalaujame, kad duomen\u0173 tvarkytojai, su kuriais bendradarbiaujame, \u012frodyt\u0173 savo sistem\u0173 atitikt\u012f BDAR reglamentui.<\/li>\n<li>c) Prieiga prie j\u016bs\u0173 paskyros. klientui galima tik \u012fvedus asmenin\u012f slapta\u017eod\u012f. \u0160iomis aplinkyb\u0117mis nor\u0117tume priminti, kad b\u016btina neatskleisti savo prieigos duomen\u0173 tre\u010diosioms \u0161alims ir kad pasibaigus sesijai netur\u0117tum\u0117te atskleisti savo prieigos duomen\u0173 tre\u010diosioms \u0161alims. kliento paskyroje, visada u\u017edarykite nar\u0161ykl\u0117s lang\u0105, ypa\u010d jei naudojat\u0117s bendru kompiuteriu su kitais naudotojais. SC SERENICAPELLI SRL neatsako u\u017e bet kok\u012f netinkam\u0105 slapta\u017eod\u017ei\u0173 naudojim\u0105, i\u0161skyrus atvejus, kai tokia situacija susidar\u0117 tiesiogiai d\u0117l m\u016bs\u0173 svetain\u0117s.<\/li>\n<\/ul>\n<p><strong>3.1. Apdorojimo laikas<\/strong><\/p>\n<p>Tvarkome ir saugome asmens duomenis<\/p>\n<ul>\n<li>laikotarpiui, b\u016btinam u\u017etikrinti visas teises ir pareigas, kylan\u010dias i\u0161 pirkimo-pardavimo sutarties.<\/li>\n<li>1 metus po garantinio laikotarpio pabaigos spr\u0119sti galimus gin\u010dus.<\/li>\n<li>tol, kol SC SERENICAPELLI SRL, kaip administratorius, privalo saugoti informacij\u0105 pagal bendr\u0105sias teis\u0117s normas. Apskaitos dokumentai, pavyzd\u017eiui, SC SERENICAPELLI SRL i\u0161ra\u0161ytos s\u0105skaitos fakt\u016bros, archyvuojami pagal \u012fstatymus 10 met\u0173 nuo j\u0173 i\u0161ra\u0161ymo.<\/li>\n<li>Susitarimas d\u0117l prane\u0161imo apie preki\u0173 prieinamum\u0105 galioja tol, kol galima naudotis pateikta informacija, bet ne ilgiau kaip vienerius metus arba kol jis at\u0161aukiamas.<\/li>\n<li>Rinkodaros pasi\u016blym\u0173 sutartis galioja 4 metus arba tol, kol ji at\u0161aukiama.<\/li>\n<li>Ap\u017evalga 6 metai<\/li>\n<li>Pagalba 10-me\u010diams<\/li>\n<li>Bendravimas 2 metai<\/li>\n<li>Konkursai 1 metai<\/li>\n<\/ul>\n<p>Kitais atvejais duomen\u0173 tvarkymo trukm\u0117 priklauso nuo duomen\u0173 tvarkymo tikslo arba yra nustatyta asmens duomen\u0173 apsaugos taisykl\u0117se.<\/p>\n<ol>\n<li><strong>Duomen\u0173 subjekt\u0173 teis\u0117s<\/strong><\/li>\n<\/ol>\n<ul>\n<li>a) Jei tvarkome j\u016bs\u0173 duomenis. asmens duomenis, galite nemokamai papra\u0161yti informacijos apie savo asmens duomen\u0173 tvarkym\u0105.<\/li>\n<li>b) Jei manote, kad j\u016bs\u0173 asmens duomen\u0173 tvarkymas neatitinka j\u016bs\u0173 duomen\u0173 apsaugos reikalavim\u0173. Jei j\u016bs\u0173 asmens duomenys tvarkomi pa\u017eeid\u017eiant asmens duomen\u0173 apsaugos taisykles, galite pra\u0161yti paai\u0161kinim\u0173, pra\u0161yti pa\u0161alinti susidariusi\u0105 pad\u0117t\u012f ir, svarbiausia, pra\u0161yti i\u0161taisyti, papildyti, i\u0161trinti ar blokuoti asmens duomenis.<\/li>\n<li>c) Jei norite pasinaudoti savo teis\u0117mis, kreipkit\u0117s \u012f duomen\u0173 apsaugos pareig\u016bn\u0105 adresu <u><a href=\"mailto:contact@serenicapelli.com\">contact@serenicapelli.com;<\/a> dpo@serenicapelli.com<\/u>. Taip pat galite kreiptis \u012f Nacionalin\u0119 asmens duomen\u0173 tvarkymo prie\u017ei\u016bros institucij\u0105.<\/li>\n<li>d) J\u016bs\u0173 sutikimas d\u0117l asmens duomen\u0173 tvarkymo galima bet kada at\u0161aukti. Jei at\u0161auksite savo sutikim\u0105 tvarkyti savo asmens duomenis, jie bus i\u0161trinti arba paversti anoniminiais; ta\u010diau \u0161ios priemon\u0117s neturi \u012ftakos asmens duomenims, kurie b\u016btini, kad SC SERENICAPELLI SRL gal\u0117t\u0173 vykdyti savo teisines prievoles (pvz., vykdyti jau priimtus u\u017esakymus) arba apsaugoti savo teis\u0117tus interesus. Asmens duomenys taip pat i\u0161trinami, kai jie nereikalingi numatytam tikslui arba kai j\u016bs\u0173 duomen\u0173 saugojimas n\u0117ra b\u016btinas numatytam tikslui. yra nepriimtinas d\u0117l kit\u0173 \u012fstatyme numatyt\u0173 prie\u017eas\u010di\u0173.<\/li>\n<\/ul>\n<p><strong>5.1. Slapukas<\/strong><\/p>\n<p>M\u016bs\u0173 puslapiuose naudojami vadinamieji slapukai, kad m\u016bs\u0173 pasi\u016blymas b\u016bt\u0173 jums aktualus, \u012fdomus ir malonus. Slapukai yra ma\u017ei tekstiniai failai, saugomi kompiuteryje arba i\u0161maniajame telefone. arba kitame prietaise ir yra naudojamos j\u016bs\u0173 nar\u0161ykl\u0117je. \u017diniatinklis. Slapukus naudojame tokiais tikslais:<\/p>\n<ul>\n<li>teisingas pirkini\u0173 krep\u0161elio funkcionalumas, kad u\u017esakym\u0105 b\u016bt\u0173 galima atlikti kuo papras\u010diau.<\/li>\n<li>prisijungimo duomen\u0173 priminimas, kad j\u0173 nereik\u0117t\u0173 \u012fvesti pakartotinai.<\/li>\n<li>kiek \u012fmanoma labiau pritaikyti m\u016bs\u0173 tinklalapius pagal j\u016bs\u0173 poreikius, stebint j\u016bs\u0173 apsilankymus, jud\u0117jim\u0105 svetain\u0117je ir naudojamas funkcijas.<\/li>\n<li>steb\u0117ti rodomus skelbimus, kad nematytum\u0117te jus dominan\u010di\u0173 produkt\u0173 skelbim\u0173.<\/li>\n<\/ul>\n<p>Kai kurie slapukai gali rinkti informacij\u0105, kuri\u0105 v\u0117liau naudoja tre\u010diosios \u0161alys ir kuri, pavyzd\u017eiui, tiesiogiai padeda vykdyti m\u016bs\u0173 reklamin\u0119 veikl\u0105 (vadinamieji &#8222;tre\u010di\u0173j\u0173 \u0161ali\u0173 slapukai&#8221;). Pavyzd\u017eiui, informacija apie m\u016bs\u0173 svetain\u0117je \u012fsigytus gaminius gali b\u016bti pateikta reklamos agent\u016brai, kad ji gal\u0117t\u0173 rodyti ir pritaikyti interneto reklaminius skydelius, kurie rodomi j\u016bs\u0173 per\u017ei\u016brimose svetain\u0117se. Atkreipkite d\u0117mes\u012f, kad j\u016bs\u0173 tapatyb\u0117s nustatyti ne\u012fmanoma. remiantis \u0161iais duomenimis.<\/p>\n<p><strong>5.2. Slapuk\u0173 naudojimas<\/strong><\/p>\n<p>M\u016bs\u0173 svetain\u0117je naudojamus slapukus galima suskirstyti \u012f dvi kategorijas. Trumpalaikiai vadinamieji &#8222;sesijos slapukai&#8221; i\u0161trinami, kai tik i\u0161einate i\u0161 m\u016bs\u0173 svetain\u0117s. Ilgalaikiai vadinamieji &#8222;nuolatiniai slapukai&#8221; lieka i\u0161saugoti j\u016bs\u0173 \u012frenginyje. ilgiau arba kol juos i\u0161trinsite rankiniu b\u016bdu (slapuk\u0173 i\u0161likimas j\u016bs\u0173 \u012frenginyje priklauso nuo j\u0173 nustatymo ir j\u016bs\u0173 nar\u0161ykl\u0117s nustatym\u0173).<\/p>\n<p>Slapukai taip pat gali b\u016bti skirstomi pagal funkcijas:<\/p>\n<ul>\n<li>analiz\u0117s, kuri padeda mums pagerinti naudotoj\u0173 patirt\u012f m\u016bs\u0173 svetain\u0117je, nes suprantame, kaip naudotojai ja naudojasi.<\/li>\n<li>konversijos rodikliai, leid\u017eiantys analizuoti \u012fvairi\u0173 pardavimo kanal\u0173 efektyvum\u0105.<\/li>\n<li>steb\u0117jimas, kuris kartu su konversij\u0173 steb\u0117jimu padeda analizuoti \u012fvairi\u0173 pardavimo kanal\u0173 veiklos rezultatus.<\/li>\n<li>pakartotin\u0117 rinkodara, naudojama siekiant suasmeninti skelbim\u0173 turin\u012f ir tinkamai nukreipti skelbimus.<\/li>\n<li>esminis, svarbus pagrindiniam svetain\u0117s funkcionalumui<\/li>\n<\/ul>\n<p><strong>5.3. Slapuk\u0173 fail\u0173 atmetimas<\/strong><\/p>\n<p>Slapuk\u0173 naudojimo nustatymas yra \u012ftrauktas \u012f j\u016bs\u0173 nar\u0161ykl\u0119. Internetas. Pagal numatytuosius nustatymus dauguma nar\u0161ykli\u0173 automati\u0161kai priima slapukus. Nar\u0161ykl\u0117je galite atsisakyti \u0161i\u0173 slapuk\u0173 arba apriboti j\u0173 naudojim\u0105 iki tam tikr\u0173 tip\u0173, kuriuos konkre\u010diai pasirenkate.<\/p>\n<p>Informacijos apie nar\u0161ykles ir slapuk\u0173 nuostat\u0173 nustatym\u0105 galima rasti \u0161iuose tinklalapiuose arba kituose interneto nar\u0161ykl\u0117s failuose<\/p>\n<ul>\n<li><a href=\"https:\/\/support.google.com\/accounts\/answer\/61416?hl=ro&amp;co=GENIE.Platform%3DDesktop&amp;oco=1\">&#8222;Chrome&#8221;<\/a><\/li>\n<li><a href=\"https:\/\/support.mozilla.org\/ro\/kb\/activarea-si-dezactivarea-cookie-urilor\">&#8222;Firefox&#8221;<\/a><\/li>\n<li><a href=\"https:\/\/support.microsoft.com\/ro-ro\/help\/17442\/windows-internet-explorer-delete-manage-cookies\">&#8222;Internet Explorer<\/a><\/li>\n<li><a href=\"https:\/\/support.google.com\/accounts\/answer\/61416?hl=ro&amp;co=GENIE.Platform%3DAndroid&amp;oco=1\">&#8222;Android&#8221;<\/a><\/li>\n<\/ul>\n<p><strong> <\/strong><\/p>\n<p><strong>5.4. Nuorodos<\/strong><\/p>\n<p>M\u016bs\u0173 svetain\u0117je yra nuorod\u0173 \u012f kitas svetaines, kurios yra prakti\u0161kos ir kuriose pateikiama naudingos informacijos. Atkreipkite d\u0117mes\u012f, kad \u0161ios svetain\u0117s gali priklausyti ir b\u016bti valdomos kit\u0173 bendrovi\u0173 ir organizacij\u0173, kurios gali taikyti kitoki\u0105 saugumo ir privatumo politik\u0105. M\u016bs\u0173 bendrov\u0117 nekontroliuoja ir neprisiima jokios atsakomyb\u0117s u\u017e informacij\u0105, med\u017eiag\u0105, produktus ar paslaugas, \u012ftrauktas \u012f \u0161iuos tinklalapius arba pasiekiamas per juos.<\/p>\n<ol>\n<li><strong>Susisiekite su mumis<\/strong><\/li>\n<\/ol>\n<p>Jei turite klausim\u0173, pastab\u0173 ar pra\u0161ym\u0173 d\u0117l \u0161i\u0173 princip\u0173, susisiekite su mumis \u0161i\u0173 princip\u0173 apa\u010dioje nurodytu adresu arba klient\u0173 aptarnavimo linija, arba el. pa\u0161tu.<\/p>\n<p>Kreipkit\u0117s \u012f DPO: <u><br \/>\n  <a href=\"mailto:dpo@serenicapelli.com\">dpo@serenicapelli.com<\/a><br \/>\n<\/u>; contact@serenicapelli.com<\/p>\n<p>Sc Sereni Capelli Srl (Sereni Capelli)<\/p>\n<ol>\n<li><strong>Galiojimas<\/strong><\/li>\n<\/ol>\n<p>\u0160ie privatumo principai \u012fsigalioja 2018 05 01.<\/p>\n","protected":false},"excerpt":{"rendered":"<p>Privatumo politika Sereni Capelli, internetin\u0117s parduotuv\u0117s www.serenicapelli.com operatorius, parei\u0161kia, kad visi asmens duomenys (toliau &#8211; duomenys) laikomi grie\u017etai konfidencialiais ir tvarkomi pagal asmens duomen\u0173 apsaugos srityje galiojan\u010dius \u012fstatymus. J\u016bs\u0173 asmens duomen\u0173 saugumas mums yra prioritetas. Tod\u0117l asmens duomenims ir j\u0173 apsaugai skiriame did\u017eiausi\u0105 d\u0117mes\u012f. \u0160iuose asmens duomen\u0173 tvarkymo principuose (toliau &#8211; Principai) norime jus informuoti, [&hellip;]<\/p>\n","protected":false},"author":1,"featured_media":0,"parent":0,"menu_order":0,"comment_status":"closed","ping_status":"closed","template":"","meta":{"footnotes":""},"class_list":["post-728072","page","type-page","status-publish","hentry"],"_links":{"self":[{"href":"https:\/\/serenicapelli.com\/lt\/wp-json\/wp\/v2\/pages\/728072","targetHints":{"allow":["GET"]}}],"collection":[{"href":"https:\/\/serenicapelli.com\/lt\/wp-json\/wp\/v2\/pages"}],"about":[{"href":"https:\/\/serenicapelli.com\/lt\/wp-json\/wp\/v2\/types\/page"}],"author":[{"embeddable":true,"href":"https:\/\/serenicapelli.com\/lt\/wp-json\/wp\/v2\/users\/1"}],"replies":[{"embeddable":true,"href":"https:\/\/serenicapelli.com\/lt\/wp-json\/wp\/v2\/comments?post=728072"}],"version-history":[{"count":0,"href":"https:\/\/serenicapelli.com\/lt\/wp-json\/wp\/v2\/pages\/728072\/revisions"}],"wp:attachment":[{"href":"https:\/\/serenicapelli.com\/lt\/wp-json\/wp\/v2\/media?parent=728072"}],"curies":[{"name":"wp","href":"https:\/\/api.w.org\/{rel}","templated":true}]}}