{"id":728057,"date":"2023-02-06T19:24:05","date_gmt":"2023-02-06T17:24:05","guid":{"rendered":"https:\/\/serenicapelli.com\/klausimai-ir-atsakymai\/"},"modified":"2023-04-01T18:35:42","modified_gmt":"2023-04-01T16:35:42","slug":"klausimai-ir-atsakymai","status":"publish","type":"page","link":"https:\/\/serenicapelli.com\/lt\/klausimai-ir-atsakymai\/","title":{"rendered":"KLAUSIMAI IR ATSAKYMAI"},"content":{"rendered":"\t\t<div data-elementor-type=\"wp-page\" data-elementor-id=\"728057\" class=\"elementor elementor-728057 elementor-727182\" data-elementor-post-type=\"page\">\n\t\t\t\t<div class=\"elementor-element elementor-element-bd2a907 e-flex e-con-boxed e-con e-parent\" data-id=\"bd2a907\" data-element_type=\"container\">\n\t\t\t\t\t<div class=\"e-con-inner\">\n\t\t\t\t<div class=\"elementor-element elementor-element-d6e6f30 elementor-widget elementor-widget-text-editor\" data-id=\"d6e6f30\" data-element_type=\"widget\" data-widget_type=\"text-editor.default\">\n\t\t\t\t<div class=\"elementor-widget-container\">\n\t\t\t\t\t\t\t\t\t<h3>Klausimai ir atsakymai<\/h3>\n<p>\u0160iame puslapyje rasite atsakymus \u012f da\u017eniausiai m\u016bs\u0173 klient\u0173 u\u017eduodamus klausimus.<\/p>\n<p>\u0160i informacija pad\u0117s pasiekti geriausi\u0173 rezultat\u0173 naudojant &#8222;Sereni Capelli&#8221; produktus.<\/p>\n<p><strong>Koki\u0105 garantij\u0105 turiu, kad \u0161is produktas veikia?<\/strong><\/p>\n<p>&#8222;Sereni Capelli&#8221; gaminiams suteikiama 30 dien\u0173 garantija nuo j\u0173 gavimo dienos. Jei nesate patenkinti rezultatais, gautais naudojant m\u016bs\u0173 gaminius ne ma\u017eiau kaip 15 dien\u0173, galite susisiekti su mumis naudodamiesi KONTAKT\u0172 puslapyje pateikta informacija, ir mes gr\u0105\u017einsime vis\u0105 sum\u0105, \u012fskaitant siuntimo i\u0161laidas.<\/p>\n<p><strong>Ar galiu \u0161\u012f produkt\u0105 naudoti ir barzdai?<\/strong><\/p>\n<p>Taip, &#8222;Sereni Capelli&#8221; produktus taip pat galima naudoti barzdai, ta\u010diau b\u016bkite atsarg\u016bs ir nenurykite produkto, kad i\u0161vengtum\u0117te nemaloni\u0173 poj\u016b\u010di\u0173. Reik\u0117t\u0173 pa\u017eym\u0117ti, kad barzdos plaukai yra labai \u0161iurk\u0161t\u016bs, tod\u0117l rezultatai gali b\u016bti ne tokie greiti kaip galvos odos plauk\u0173. D\u0117l \u0161ios prie\u017easties \u0161iek tiek suma\u017einkite savo l\u016bkes\u010dius ir b\u016bkite kantresni.<\/p>\n<p><strong>Ar galiu naudoti \u0161\u012f produkt\u0105, jei esu n\u0117\u0161\u010dia? K\u0105 daryti, jei maitinu kr\u016btimi?<\/strong><\/p>\n<p>&#8222;Sereni Capelli&#8221; produktai gaminami i\u0161 saugi\u0173 ingredient\u0173, tod\u0117l nekelia pavojaus k\u016bdikio sveikatai.<br \/>Juos taip pat galima naudoti \u017eindymo laikotarpiu.<\/p>\n<p><strong>Ar galiu naudoti \u0161\u012f produkt\u0105, jei neseniai man buvo implantuotas plauk\u0173 implantas?<\/strong><\/p>\n<p>Jei neseniai jums buvo atlikta plauk\u0173 implantavimo operacija, rekomenduojame palaukti bent 6 m\u0117nesius prie\u0161 naudojant &#8222;Sereni Capelli&#8221; produktus.<\/p>\n<p>Juose yra alkoholio, o implantuotiems plaukams reikia laiko i\u0161sivystyti ir sustiprinti \u0161aknis.<\/p>\n<p>Ta\u010diau pra\u0117jus 6 m\u0117nesiams po implantacijos galima netgi rekomenduoti naudoti m\u016bs\u0173 gaminius, nes jie padeda sustiprinti plaukus ir pa\u0161alinti bakterijas, d\u0117l kuri\u0173 gali slinkti plaukai.<\/p>\n<p><strong>Esu alergi\u0161kas da\u017eams. Ar galiu naudoti \u0161iuos produktus?<\/strong><\/p>\n<p>Sereni Capelli gaminius galite naudoti vietoj da\u017e\u0173, nerizikuodami sukelti alergij\u0105.Sereni Capelli gaminiuose n\u0117ra nei da\u017eom\u0173j\u0173 pigment\u0173, nei oksidant\u0173 (PEROXID).<\/p>\n<p>Nors &#8222;Sereni Capelli&#8221; produktai atkuria nat\u016brali\u0105 plauk\u0173 spalv\u0105, jie neturi nieko bendro su plauk\u0173 da\u017eais.<\/p>\n<p><strong>Ar galiu naudoti \u0161\u012f produkt\u0105, jei sergu psoriaze (arba kita odos liga)?<\/strong><\/p>\n<p>&#8222;Lozione&#8221; ir &#8222;Crema &#8211; Forte&#8221; proced\u016brose yra alkoholio.<br \/>\u017dinodami \u0161ios ligos, vadinamos psoriaze, ir kit\u0173 odos lig\u0173 sud\u0117tingum\u0105, nerekomenduojame naudoti gydymo priemoni\u0173, net jei atlikus bet kur\u012f i\u0161 gamybos grup\u0117s atlikt\u0173 tyrim\u0173 nepasirei\u0161k\u0117 nepageidaujam\u0173 reakcij\u0173.<\/p>\n<p>&#8222;Intenso Gel&#8221; ir &#8222;\u0160amp\u016bnas&#8221; greitintuvai yra dar saugesni nei proced\u016bros, ta\u010diau \u0161i\u0173 produkt\u0173 naudojimas taip pat turi b\u016bti labai atsargus.<\/p>\n<p><strong>Vartoju vaistus. Ar galiu naudoti \u0161\u012f produkt\u0105?<\/strong><\/p>\n<p>Sereni Capelli produkt\u0173 naudojimas kartu su kitomis proced\u016bromis n\u0117ra ribojamas, ta\u010diau tur\u0117tum\u0117te nepamir\u0161ti \u0161i\u0173 dalyk\u0173:<\/p>\n<ul>\n<li>Jei naudojate pavir\u0161iaus apdorojimo priemones, pavyzd\u017eiui, aliejus, tepalus, pur\u0161kalus ir t. t., nenaudokite j\u0173 ant to paties pavir\u0161iaus, ant kurio tepate &#8222;Lozione&#8221; arba &#8222;Crema-Forte&#8221;, nes \u0161ios priemon\u0117s grei\u010diausiai panaikins viena kit\u0105.<\/li>\n<li>Pirmiau nurodyti apribojimai netaikomi &#8222;\u0160amp\u016bno&#8221; arba &#8222;Gel-Intenso&#8221; greitintuvams.<\/li>\n<li>Nuryjamiems vaistams apribojim\u0173 n\u0117ra.<\/li>\n<li>Atkreipkite d\u0117mes\u012f, kad kai kurie vaistai, pavyzd\u017eiui, &#8222;Aspirinas&#8221; ir &#8222;Paracetamolis&#8221;, iki 40 % suma\u017eina &#8222;Sereni Capelli&#8221; proced\u016br\u0173 poveik\u012f.<\/li>\n<\/ul>\n<div> <\/div>\n<p><strong>Ar galiu naudoti \u0161\u012f produkt\u0105, jei esu alergi\u0161kas kelioms med\u017eiagoms?<\/strong><\/p>\n<p>NEREKOMENDUOJAME NAUDOTI SERENI CAPELLI PRODUKT\u0172 \u017dMON\u0116MS, TURINTIEMS DAUGYB\u0118 ALERGIJ\u0172!<\/p>\n<p>&#8222;Sereni Capelli&#8221; produktuose n\u0117ra alergij\u0105 sukelian\u010di\u0173 ingredient\u0173. Ta\u010diau jo sud\u0117tyje yra alkoholio, tod\u0117l jis gali sukelti odos sudirginim\u0105, kuris \u017emon\u0117ms, kurie labai lengvai tampa alergi\u0161ki, gali peraugti \u012f alergij\u0105.<\/p>\n<p>Daugyb\u0119 alergij\u0173 turintys \u017emon\u0117s arba \u017emon\u0117s, kurie labai lengvai tampa jautr\u016bs arba alergi\u0161ki \u012fvairioms med\u017eiagoms, kartais gali tapti alergi\u0161ki net nealergizuojan\u010dioms med\u017eiagoms ir (arba) sudedamosioms dalims. Tod\u0117l, siekdami u\u017etikrinti j\u016bs\u0173 saugum\u0105, nerekomenduojame naudoti \u0161i\u0173 produkt\u0173.<\/p>\n<p>Ta\u010diau, jei tikrai norite naudoti m\u016bs\u0173 gaminius, rekomenduojame labai l\u0117tai i\u0161bandyti juos prie\u0161 naudojant pagal instrukcijas.<\/p>\n<p><strong>KAIP REKOMENDUOJAME ELGTIS?<\/strong><\/p>\n<ul>\n<li>Pirmiausia \u012fsitikinkite, kad turite reikiam\u0173 vaist\u0173 nuo alergijos, jei ji pasireik\u0161t\u0173.<\/li>\n<li>D\u0117l savo saugumo pasir\u016bpinkite, kad kambaryje kartu su jumis b\u016bt\u0173 kas nors kitas, kas prireikus gal\u0117t\u0173 suteikti pirm\u0105j\u0105 pagalb\u0105 arba nuve\u017eti \u012f ligonin\u0119 sunkios alergijos atveju.<\/li>\n<li>Po to gerai suplakite buteliuk\u0105, u\u017etepkite labai nedidel\u012f kiek\u012f produkto ant dilbio ir pir\u0161to galiuku paskirstykite j\u012f 3-4 cm plote.<\/li>\n<li>Palaukite kelias valandas ir, jei nieko neatsitinka, pakartokite t\u0105 pa\u010di\u0105 proced\u016br\u0105 ant galvos odos ties kakta.<\/li>\n<li>Jei alergijos po\u017eymi\u0173 n\u0117ra, galite tepti didesn\u012f plot\u0105 ir pakartoti proces\u0105 ma\u017eiausiai 4 kartus, ne ma\u017eesniu kaip 4 valand\u0173 intervalu.<\/li>\n<li>Jei alergijos neatsiranda, bet atsiranda odos sudirginim\u0173, \u012fvertinkite, kiek stipr\u016bs ir varginantys yra \u0161ie sudirginimai, kad nustatytum\u0117te, ar nor\u0117site t\u0119sti gydym\u0105.<\/li>\n<li>Kai kuriems \u017emon\u0117ms gali pasireik\u0161ti odos sudirginimas, kuris yra normalus procesas, ta\u010diau jis i\u0161nyks ma\u017edaug po 15 naudojimo kart\u0173.<\/li>\n<li>Labai svarbu atkreipti d\u0117mes\u012f \u012f skirtum\u0105 tarp odos sudirginimo ir alergijos!<\/li>\n<\/ul>\n<div> <\/div>\n<p><strong>A\u0161 neturiu balt\u0173 plauk\u0173! Ar galiu gauti kitas i\u0161mokas?<\/strong><\/p>\n<p>Taip! Galite naudoti &#8222;Sereni Capelli&#8221; gaminius, net jei neturite balt\u0173 plauk\u0173, ir m\u0117gautis visais kitais privalumais.<br \/>Naudodami Sereni Capelli produktus, kai neturite balt\u0173 plaukeli\u0173, neleisite jiems atsirasti.<\/p>\n<p><strong>Naudoju \u0161\u012f produkt\u0105 ir man nie\u017eti galvos od\u0105. Kod\u0117l?<\/strong><\/p>\n<p>Jei galvos od\u0105 nie\u017eti, kai naudojate &#8222;Sereni Capelli&#8221; proced\u016bras, tai rei\u0161kia, kad galvos odoje yra mikro\u012ftr\u016bkim\u0173 ir jie yra taisomi arba yra bakterij\u0173 kolonija ir jos bus pa\u0161alintos.<\/p>\n<p>Ma\u017edaug po 2-3 savai\u010di\u0173 m\u016bs\u0173 proced\u016br\u0173 naudojimo nie\u017eulys i\u0161nyks ir galvos oda bus visi\u0161kai pagydyta.<\/p>\n<p><strong>Kai naudoju \u0161\u012f produkt\u0105, mano plaukai \u012fgauna nemalon\u0173 kvap\u0105. Kod\u0117l?<\/strong><\/p>\n<p>Kai turite daug plauk\u0173, galvos odoje gali susikaupti bakterij\u0173 kolonijos, kurios net gali persikelti ant plauk\u0173.<br \/>Naudojant &#8222;Sereni Capelli&#8221; produktus, \u0161ios bakterijos yra veikiamos m\u016bs\u0173 produktuose esan\u010di\u0173 med\u017eiag\u0173 ir &#8222;kovoja&#8221;.<\/p>\n<p>D\u0117l kovos su \u0161iomis bakterijomis paprastai atsiranda nemalonus kvapas, ypa\u010d netrukus po produkto panaudojimo.<\/p>\n<p>Prireikia ma\u017edaug 3 savai\u010di\u0173, kad \u0161ios bakterijos pasi\u0161alint\u0173 ir kvapas i\u0161nykt\u0173.<\/p>\n<p>Po \u0161i\u0173 3 savai\u010di\u0173 kvapas tur\u0117t\u0173 beveik visi\u0161kai i\u0161nykti &#8211; tai \u017eenklas, kad bakterijos pa\u0161alintos.<\/p>\n<p>Tokiais atvejais rekomenduojame produktus pagal &#8222;gydymo schem\u0105&#8221; naudoti ma\u017eiausiai 5 savaites ir tik tada pereiti prie &#8222;konsolidavimo schemos&#8221;.<\/p>\n<p><strong>Mano oda paraudusi ir nie\u017eti. Kod\u0117l?<\/strong><\/p>\n<p>Jei naudojant &#8222;Sereni Capelli&#8221; proced\u016bras oda tinsta ir paraudonuoja, gali b\u016bti, kad j\u016bs\u0173 oda jautri arba sergate odos liga, apie kuri\u0105 ne\u017einote.<br \/>Ta\u010diau taip pat yra tikimyb\u0117, kad galvos odoje yra mikro\u012ftr\u016bkim\u0173, kuriuos reikia sutvarkyti.<\/p>\n<p>Rekomenduojame pirmiausia \u012fsitikinti, kad, be pirminio galvos odos dilg\u010diojimo ir paraudimo, n\u0117ra jokio kito poveikio odai.<br \/>Jei per 2-3 valandas nepasirei\u0161kia joks kitas poveikis, o raudona spalva i\u0161nyksta, tai yra normalus procesas, kuris tur\u0117t\u0173 i\u0161nykti ma\u017edaug po 15-20 naudojimo kart\u0173, nes galvos oda tampa atsparesn\u0117.<\/p>\n<p><strong>Naudoju \u0161\u012f produkt\u0105, bet nematau jokio poveikio.<\/strong><\/p>\n<p>Tikimyb\u0117, kad 14 dien\u0173 teisingai, kaip nurodyta, vartosite Sereni Capelli preparatus ir nepasteb\u0117site jokio pager\u0117jimo, yra ma\u017eesn\u0117 nei 1 i\u0161 100 000.<\/p>\n<p>Nustatyta, kad daugiau kaip 99 % prane\u0161im\u0173 apie neveiksmingum\u0105 buvo susij\u0119 su netinkamu gydymo metod\u0173 naudojimu.<\/p>\n<p>Nor\u0117dami \u012fsitikinti, kad gydym\u0105 naudojote tinkamai, \u017er. kiekvieno naudojamo gaminio puslap\u012f, kuriame rasite teisingas naudojimo instrukcijas.<\/p>\n<p>Jei produktus naudojote teisingai ir i\u0161 ties\u0173 negaunate joki\u0173 rezultat\u0173, vadinasi, esate vienas i\u0161 t\u0173 ret\u0173 \u017emoni\u0173, kuriems produktas tiesiog negali veikti.<\/p>\n<p>Jei pasteb\u0117jote poveik\u012f, bet jis n\u0117ra pageidaujamas, vadinasi, susid\u016br\u0117te su viena ar keliomis i\u0161 \u0161i\u0173 situacij\u0173:<\/p>\n<ul>\n<li>Nesilaik\u0117te produkto naudojimo laiko.<\/li>\n<li>Nenaudojote pakankamai produkto.<\/li>\n<li>Prie\u0161 naudodami buteliuk\u0105 nepakankamai gerai suplakite.<\/li>\n<li>Produkto nenaudojote pakankamai ilgai (paprastai produkt\u0105 pagal gydymo plan\u0105 reikia naudoti 4-6 savaites be pertraukos).<\/li>\n<\/ul>\n\t\t\t\t\t\t\t\t<\/div>\n\t\t\t\t<\/div>\n\t\t\t\t\t<\/div>\n\t\t\t\t<\/div>\n\t\t\t\t<\/div>\n\t\t","protected":false},"excerpt":{"rendered":"<p>Klausimai ir atsakymai \u0160iame puslapyje rasite atsakymus \u012f da\u017eniausiai m\u016bs\u0173 klient\u0173 u\u017eduodamus klausimus. \u0160i informacija pad\u0117s pasiekti geriausi\u0173 rezultat\u0173 naudojant &#8222;Sereni Capelli&#8221; produktus. Koki\u0105 garantij\u0105 turiu, kad \u0161is produktas veikia? &#8222;Sereni Capelli&#8221; gaminiams suteikiama 30 dien\u0173 garantija nuo j\u0173 gavimo dienos. Jei nesate patenkinti rezultatais, gautais naudojant m\u016bs\u0173 gaminius ne ma\u017eiau kaip 15 dien\u0173, galite [&hellip;]<\/p>\n","protected":false},"author":1,"featured_media":0,"parent":0,"menu_order":0,"comment_status":"closed","ping_status":"closed","template":"","meta":{"footnotes":""},"class_list":["post-728057","page","type-page","status-publish","hentry"],"_links":{"self":[{"href":"https:\/\/serenicapelli.com\/lt\/wp-json\/wp\/v2\/pages\/728057","targetHints":{"allow":["GET"]}}],"collection":[{"href":"https:\/\/serenicapelli.com\/lt\/wp-json\/wp\/v2\/pages"}],"about":[{"href":"https:\/\/serenicapelli.com\/lt\/wp-json\/wp\/v2\/types\/page"}],"author":[{"embeddable":true,"href":"https:\/\/serenicapelli.com\/lt\/wp-json\/wp\/v2\/users\/1"}],"replies":[{"embeddable":true,"href":"https:\/\/serenicapelli.com\/lt\/wp-json\/wp\/v2\/comments?post=728057"}],"version-history":[{"count":0,"href":"https:\/\/serenicapelli.com\/lt\/wp-json\/wp\/v2\/pages\/728057\/revisions"}],"wp:attachment":[{"href":"https:\/\/serenicapelli.com\/lt\/wp-json\/wp\/v2\/media?parent=728057"}],"curies":[{"name":"wp","href":"https:\/\/api.w.org\/{rel}","templated":true}]}}