{"id":728145,"date":"2021-09-19T16:48:59","date_gmt":"2021-09-19T14:48:59","guid":{"rendered":"https:\/\/serenicapelli.com\/termini-e-condizioni\/"},"modified":"2023-04-01T18:39:59","modified_gmt":"2023-04-01T16:39:59","slug":"termini-e-condizioni","status":"publish","type":"page","link":"https:\/\/serenicapelli.com\/it\/termini-e-condizioni\/","title":{"rendered":"Termini e condizioni"},"content":{"rendered":"\t\t<div data-elementor-type=\"wp-page\" data-elementor-id=\"728145\" class=\"elementor elementor-728145 elementor-2663\" data-elementor-post-type=\"page\">\n\t\t\t\t\t\t<section class=\"elementor-section elementor-top-section elementor-element elementor-element-583bb06 elementor-section-boxed elementor-section-height-default elementor-section-height-default\" data-id=\"583bb06\" data-element_type=\"section\">\n\t\t\t\t\t\t<div class=\"elementor-container elementor-column-gap-wider\">\n\t\t\t\t\t<div class=\"elementor-column elementor-col-100 elementor-top-column elementor-element elementor-element-2e602e7\" data-id=\"2e602e7\" data-element_type=\"column\">\n\t\t\t<div class=\"elementor-widget-wrap elementor-element-populated\">\n\t\t\t\t\t\t<div class=\"elementor-element elementor-element-035f790 elementor-widget elementor-widget-text-editor\" data-id=\"035f790\" data-element_type=\"widget\" data-widget_type=\"text-editor.default\">\n\t\t\t\t<div class=\"elementor-widget-container\">\n\t\t\t\t\t\t\t\t\t<ol>\n<li><strong>Disposizioni iniziali<\/strong><\/li>\n<\/ol>\n<p>Le presenti Condizioni Generali di Contratto definiscono il rapporto tra la nostra societ\u00e0, SC Sereni Capelli SRL, in qualit\u00e0 di venditore e gestore dell&#8217;e-shop con indirizzo web www.serenicapelli.com, e voi, nostri clienti, che stipulate con noi un contratto di acquisto.<\/p>\n<p>Applichiamo un approccio uniforme a tutti i nostri clienti e offriamo loro gli stessi vantaggi, indipendentemente dal fatto che siano consumatori o meno. Pertanto, le regole stabilite nei presenti Termini e condizioni commerciali si applicano a tutti i nostri clienti.<\/p>\n<p>I presenti Termini e condizioni riguardano principalmente l&#8217;acquisto di prodotti dal nostro e-shop. Si applicano anche all&#8217;acquisto di prodotti tramite la hotline clienti o visitando uno dei nostri negozi partner.<\/p>\n<ol start=\"2\">\n<li><strong>Conclusione del contratto di acquisto<\/strong><\/li>\n<\/ol>\n<p>Potete stipulare un contratto d&#8217;acquisto con noi sia a distanza, tramite l&#8217;e-shop o la hotline clienti, sia di persona, visitando uno dei nostri negozi o piattaforme partner.<\/p>\n<p>Nel caso di un contratto di acquisto a distanza, l&#8217;ordine &#8211; effettuato tramite il sito web www.serenicapelli.com o la hotline clienti &#8211; costituisce una bozza di contratto. L&#8217;ordine sar\u00e0 valido per un periodo di 7 giorni e ne confermeremo la ricezione via e-mail. Di conseguenza, il contratto di acquisto si concluder\u00e0 con l&#8217;accettazione della bozza di contratto da parte nostra sotto forma di consegna dei prodotti ordinati. Vi informeremo via e-mail della spedizione dei prodotti.<\/p>\n<p>Consegniamo la merce solo in quantit\u00e0 abituali per il consumo domestico. In alcuni casi (in particolare in caso di promozioni o di liquidazione delle scorte), ci riserviamo il diritto di fissare la quantit\u00e0 massima che possiamo fornire.<\/p>\n<ol start=\"3\">\n<li><strong>Ritiro senza motivo<\/strong><\/li>\n<\/ol>\n<p>Per legge avete il diritto di recedere da un contratto concluso su Internet o per telefono, senza fornire alcuna motivazione, entro 14 giorni dalla consegna dei prodotti. Nella nostra azienda, ogni acquirente ha il diritto di recedere dal contratto di acquisto senza alcun motivo entro 14 giorni dalla consegna dei prodotti. La regola si applica anche agli acquisti effettuati presso i negozi fisici o le piattaforme dei nostri partner.<\/p>\n<p>Per esercitare tale diritto, l&#8217;utente deve comunicare la propria decisione di recedere dal contratto di acquisto entro il termine sopra indicato. Potete contattarci all&#8217;indirizzo <a href=\"mailto:contact@serenicapelli.com\">contact@serenicapelli.com<\/a>  <\/p>\n<p>In caso di recesso dal contratto, rimborseremo il costo di acquisto dei prodotti non utilizzati. In caso di recesso entro 14 giorni dalla consegna, le spese di restituzione saranno a carico della nostra azienda.<\/p>\n<ol>\n<li>\u00c8 necessario spedire i prodotti immediatamente, entro e non oltre 5 giorni dalla data di ritiro,<\/li>\n<li>L&#8217;utente sar\u00e0 ritenuto responsabile di qualsiasi riduzione del valore dei prodotti in conseguenza di una manipolazione degli stessi diversa da quella necessaria per familiarizzare con la natura, le propriet\u00e0 e la funzionalit\u00e0 del prodotto (ad esempio, se si utilizza un prodotto anche se lo si \u00e8 gi\u00e0 provato). Si ricorda inoltre che il cliente non ha il diritto di recedere dal contratto nel caso di prodotti realizzati su misura o personalizzati (ad esempio, confezioni con incisioni personalizzate), nonch\u00e9 nel caso di prodotti aperti e utilizzati che non possono essere restituiti per motivi igienici (ad esempio, nel caso in cui il prodotto sia stato aperto e sia stata utilizzata una parte della preparazione cosmetica che entra in contatto diretto con la pelle).<\/li>\n<\/ol>\n<p><strong>4. Reclami<\/strong><\/p>\n<p>Se la merce \u00e8 difettosa alla consegna, possiamo concordare un risarcimento sotto forma di buono. Il cliente ha inoltre il diritto di chiedere l&#8217;eliminazione del difetto sotto forma di sostituzione. Nel caso in cui l&#8217;eliminazione del difetto sia impossibile o impraticabile per noi, avete il diritto di richiedere una riduzione del prezzo di acquisto e, se il difetto \u00e8 sostanziale, potete anche recedere dal contratto di acquisto.<\/p>\n<p>I prodotti saranno considerati difettosi in particolare quando non presentano le propriet\u00e0 abituali o presentate, non servono allo scopo, non sono conformi ai requisiti di legge o non sono stati consegnati nella quantit\u00e0 concordata. Si prega di notare che una maggiore sensibilit\u00e0 o una reazione allergica ai prodotti consegnati non pu\u00f2 essere considerata un difetto del prodotto. Inoltre, non possono essere considerate difettose le mancanze di omaggi e altre gratificazioni che forniamo al di l\u00e0 dell&#8217;ordine. Le immagini dei prodotti presenti nel nostro negozio sono solo illustrative e non costituiscono una presentazione vincolante delle propriet\u00e0 della merce (ad esempio, la confezione pu\u00f2 essere diversa a causa di un cambiamento attuato dal produttore).<\/p>\n<p>Saremo lieti di rispondere a qualsiasi domanda sui reclami all&#8217;indirizzo contact@serenicapelli.com.  <\/p>\n<p>Vi informeremo sullo stato di avanzamento del vostro reclamo, in particolare sul ricevimento, l&#8217;accettazione o il rifiuto dello stesso, tramite e-mail o SMS. \u00c8 anche possibile contattarvi telefonicamente.<\/p>\n<p>Prenderemo una decisione sul reclamo senza indugio. Il tempo necessario per risolvere il reclamo, compresa la rimozione dei difetti, va solitamente da un giorno a 30 giorni. In caso contrario, avete il diritto di recedere dal contratto di acquisto. \u00c8 necessario che. fornirci l&#8217;assistenza necessaria per rispettare la scadenza sopra indicata.<\/p>\n<ol start=\"5\">\n<li><strong>Modalit\u00e0 di pagamento e consegna<\/strong><\/li>\n<\/ol>\n<p>Potete scegliere il metodo di pagamento e di consegna tra le opzioni che vi offriamo. Vi comunicheremo il metodo di pagamento scelto e i relativi costi prima della spedizione dell&#8217;ordine.<\/p>\n<p>Al momento accettiamo il pagamento alla consegna e il pagamento online con carta attraverso i servizi di euplatesc.ro.<\/p>\n<p>Ci riserviamo il diritto di fornire la consegna gratuita in alcuni casi.<\/p>\n<ol start=\"6\">\n<li><strong>Varie<\/strong><\/li>\n<\/ol>\n<p>Offriamo ai nostri clienti diversi sconti, regali e altri buoni. Il loro utilizzo \u00e8 regolato da determinate regole, che verranno comunicate individualmente al cliente in ogni situazione. Salvo diversa indicazione, ogni buono sconto o buono regalo pu\u00f2 essere utilizzato una sola volta e solo un buono dello stesso tipo pu\u00f2 essere utilizzato nello stesso ordine. Se non diversamente specificato, gli sconti non sono cumulabili. Se il valore del buono regalo supera il valore dell&#8217;acquisto, la differenza non verr\u00e0 trasferita su un nuovo buono e l&#8217;importo non utilizzato non verr\u00e0 rimborsato.<\/p>\n<p>In relazione al vostro acquisto, potreste ricevere un questionario di valutazione da una terza parte. \u00c8 possibile condividere con gli altri la propria esperienza di acquisto e di prodotto. Saremo molto lieti se accetterete di compilare il questionario.<\/p>\n\t\t\t\t\t\t\t\t<\/div>\n\t\t\t\t<\/div>\n\t\t\t\t\t<\/div>\n\t\t<\/div>\n\t\t\t\t\t<\/div>\n\t\t<\/section>\n\t\t\t\t<\/div>\n\t\t","protected":false},"excerpt":{"rendered":"<p>Disposizioni iniziali Le presenti Condizioni Generali di Contratto definiscono il rapporto tra la nostra societ\u00e0, SC Sereni Capelli SRL, in qualit\u00e0 di venditore e gestore dell&#8217;e-shop con indirizzo web www.serenicapelli.com, e voi, nostri clienti, che stipulate con noi un contratto di acquisto. Applichiamo un approccio uniforme a tutti i nostri clienti e offriamo loro gli [&hellip;]<\/p>\n","protected":false},"author":1,"featured_media":0,"parent":0,"menu_order":40,"comment_status":"closed","ping_status":"closed","template":"","meta":{"footnotes":""},"class_list":["post-728145","page","type-page","status-publish","hentry"],"_links":{"self":[{"href":"https:\/\/serenicapelli.com\/it\/wp-json\/wp\/v2\/pages\/728145","targetHints":{"allow":["GET"]}}],"collection":[{"href":"https:\/\/serenicapelli.com\/it\/wp-json\/wp\/v2\/pages"}],"about":[{"href":"https:\/\/serenicapelli.com\/it\/wp-json\/wp\/v2\/types\/page"}],"author":[{"embeddable":true,"href":"https:\/\/serenicapelli.com\/it\/wp-json\/wp\/v2\/users\/1"}],"replies":[{"embeddable":true,"href":"https:\/\/serenicapelli.com\/it\/wp-json\/wp\/v2\/comments?post=728145"}],"version-history":[{"count":0,"href":"https:\/\/serenicapelli.com\/it\/wp-json\/wp\/v2\/pages\/728145\/revisions"}],"wp:attachment":[{"href":"https:\/\/serenicapelli.com\/it\/wp-json\/wp\/v2\/media?parent=728145"}],"curies":[{"name":"wp","href":"https:\/\/api.w.org\/{rel}","templated":true}]}}