{"id":728093,"date":"2021-09-22T07:20:57","date_gmt":"2021-09-22T05:20:57","guid":{"rendered":"https:\/\/serenicapelli.com\/politica-di-restituzione\/"},"modified":"2023-04-01T18:35:48","modified_gmt":"2023-04-01T16:35:48","slug":"politica-di-restituzione","status":"publish","type":"page","link":"https:\/\/serenicapelli.com\/it\/politica-di-restituzione\/","title":{"rendered":"Politica di restituzione"},"content":{"rendered":"<p>Per legge avete il diritto di recedere da un contratto concluso su Internet o per telefono, senza fornire alcuna motivazione, entro 14 giorni dalla consegna dei prodotti.<\/p>\n<p><!-- \/wp:post-content --><\/p>\n<p><!-- wp:paragraph --><\/p>\n<p>Nella nostra azienda, ogni acquirente ha il diritto di recedere dal contratto di acquisto senza alcun motivo entro 14 giorni dalla consegna dei prodotti. La regola si applica anche agli acquisti effettuati presso i negozi fisici o le piattaforme dei nostri partner.<\/p>\n<p><!-- \/wp:paragraph --><\/p>\n<p><!-- wp:paragraph --><\/p>\n<p>  Per esercitare tale diritto, l&#8217;utente deve comunicare la propria decisione di recedere dal contratto di acquisto entro il termine sopra indicato. Potete contattarci all&#8217;indirizzo <a href=\"mailto:contact@serenicapelli.com\">contact@serenicapelli.com<\/a>  <\/p>\n<p><!-- \/wp:paragraph --><\/p>\n<p><!-- wp:paragraph --><\/p>\n<p>  In caso di recesso dal contratto, rimborseremo il costo di acquisto dei prodotti non utilizzati. In caso di recesso entro 14 giorni dalla consegna, le spese di <strong>restituzione <\/strong>saranno a carico della nostra azienda.<\/p>\n<p><!-- \/wp:paragraph --><\/p>\n<p><!-- wp:paragraph --><\/p>\n<p>Gli importi rimborsati saranno trasferiti sul vostro conto bancario entro 5 giorni dalla restituzione dei prodotti.<\/p>\n<p><!-- \/wp:paragraph --><\/p>\n<p><!-- wp:list {\"ordered\":true} --><\/p>\n<ol>\n<li>\u00c8 necessario spedire i prodotti immediatamente, entro e non oltre 5 giorni dalla data di ritiro.<\/li>\n<li>L&#8217;utente sar\u00e0 ritenuto responsabile di qualsiasi riduzione del valore dei prodotti in conseguenza di una manipolazione degli stessi diversa da quella necessaria per familiarizzare con la natura, le propriet\u00e0 e la funzionalit\u00e0 del prodotto (ad esempio, se si utilizza un prodotto anche se lo si \u00e8 gi\u00e0 provato). Si prega inoltre di notare che non avete il diritto di recedere dal contratto nel caso di prodotti realizzati in base alle vostre esigenze o di prodotti personalizzati (ad es. confezioni incise personalizzate), nonch\u00e9 nel caso di prodotti aperti e usati che non possono essere  <strong>ritorno  <\/strong>per motivi igienici (ad esempio, se il prodotto \u00e8 stato aperto e si \u00e8 utilizzata una parte della preparazione cosmetica che \u00e8 entrata in contatto diretto con la pelle).<\/li>\n<\/ol>\n","protected":false},"excerpt":{"rendered":"<p>Per legge avete il diritto di recedere da un contratto concluso su Internet o per telefono, senza fornire alcuna motivazione, entro 14 giorni dalla consegna dei prodotti. Nella nostra azienda, ogni acquirente ha il diritto di recedere dal contratto di acquisto senza alcun motivo entro 14 giorni dalla consegna dei prodotti. La regola si applica [&hellip;]<\/p>\n","protected":false},"author":1,"featured_media":0,"parent":0,"menu_order":0,"comment_status":"closed","ping_status":"closed","template":"","meta":{"footnotes":""},"class_list":["post-728093","page","type-page","status-publish","hentry"],"_links":{"self":[{"href":"https:\/\/serenicapelli.com\/it\/wp-json\/wp\/v2\/pages\/728093","targetHints":{"allow":["GET"]}}],"collection":[{"href":"https:\/\/serenicapelli.com\/it\/wp-json\/wp\/v2\/pages"}],"about":[{"href":"https:\/\/serenicapelli.com\/it\/wp-json\/wp\/v2\/types\/page"}],"author":[{"embeddable":true,"href":"https:\/\/serenicapelli.com\/it\/wp-json\/wp\/v2\/users\/1"}],"replies":[{"embeddable":true,"href":"https:\/\/serenicapelli.com\/it\/wp-json\/wp\/v2\/comments?post=728093"}],"version-history":[{"count":0,"href":"https:\/\/serenicapelli.com\/it\/wp-json\/wp\/v2\/pages\/728093\/revisions"}],"wp:attachment":[{"href":"https:\/\/serenicapelli.com\/it\/wp-json\/wp\/v2\/media?parent=728093"}],"curies":[{"name":"wp","href":"https:\/\/api.w.org\/{rel}","templated":true}]}}