{"id":728079,"date":"2023-02-06T19:24:05","date_gmt":"2023-02-06T17:24:05","guid":{"rendered":"https:\/\/serenicapelli.com\/domande-e-risposte\/"},"modified":"2023-04-01T18:35:42","modified_gmt":"2023-04-01T16:35:42","slug":"domande-e-risposte","status":"publish","type":"page","link":"https:\/\/serenicapelli.com\/it\/domande-e-risposte\/","title":{"rendered":"DOMANDE E RISPOSTE"},"content":{"rendered":"\t\t<div data-elementor-type=\"wp-page\" data-elementor-id=\"728079\" class=\"elementor elementor-728079 elementor-727182\" data-elementor-post-type=\"page\">\n\t\t\t\t<div class=\"elementor-element elementor-element-bd2a907 e-flex e-con-boxed e-con e-parent\" data-id=\"bd2a907\" data-element_type=\"container\">\n\t\t\t\t\t<div class=\"e-con-inner\">\n\t\t\t\t<div class=\"elementor-element elementor-element-d6e6f30 elementor-widget elementor-widget-text-editor\" data-id=\"d6e6f30\" data-element_type=\"widget\" data-widget_type=\"text-editor.default\">\n\t\t\t\t<div class=\"elementor-widget-container\">\n\t\t\t\t\t\t\t\t\t<h3>Domande e risposte<\/h3>\n<p>In questa pagina troverete le risposte alle domande pi\u00f9 comuni poste dai nostri clienti.<\/p>\n<p>Queste informazioni vi aiuteranno a ottenere i migliori risultati nell&#8217;utilizzo dei prodotti Sereni Capelli.<\/p>\n<p><strong>Che garanzia ho che questo prodotto funzioni?<\/strong><\/p>\n<p>I prodotti Sereni Capelli sono coperti da una garanzia di 30 giorni dalla data di ricevimento. Se non siete soddisfatti dei risultati ottenuti utilizzando i nostri prodotti per almeno 15 giorni, potete contattarci utilizzando le informazioni riportate nella pagina CONTATTI e vi rimborseremo l&#8217;intero importo, comprese le spese di spedizione.<\/p>\n<p><strong>Posso usare questo prodotto anche per la barba?<\/strong><\/p>\n<p>S\u00ec, i prodotti Sereni Capelli possono essere utilizzati anche per la barba, ma bisogna fare attenzione a non ingoiare il prodotto per evitare qualsiasi disagio. Va notato che i peli della barba sono molto ruvidi e che i risultati potrebbero non essere cos\u00ec rapidi come quelli del cuoio capelluto. Per questo motivo, vi invitiamo a ridimensionare le vostre aspettative e ad essere pi\u00f9 pazienti.<\/p>\n<p><strong>Posso usare questo prodotto in gravidanza? Cosa succede se allatto al seno?<\/strong><\/p>\n<p>I prodotti Sereni Capelli sono realizzati con ingredienti sicuri e non comportano alcun rischio per la salute del bambino.<br \/>Sono adatti anche all&#8217;uso durante l&#8217;allattamento.<\/p>\n<p><strong>Posso usare questo prodotto se ho subito un impianto di capelli?<\/strong><\/p>\n<p>Se si \u00e8 recentemente sottoposti a un intervento di impianto di capelli, si consiglia di attendere almeno 6 mesi prima di utilizzare i prodotti Sereni Capelli.<\/p>\n<p>Contengono alcol e i capelli impiantati hanno bisogno di tempo per svilupparsi e rafforzare le proprie radici.<\/p>\n<p>Tuttavia, dopo 6 mesi dall&#8217;impianto, l&#8217;uso dei nostri prodotti pu\u00f2 essere addirittura consigliato, in quanto aiutano a rinforzare i capelli e a eliminare i batteri che possono portare alla caduta dei capelli.<\/p>\n<p><strong>Sono allergico alla vernice. Posso usare questi prodotti?<\/strong><\/p>\n<p>\u00c8 possibile utilizzare i prodotti Sereni Capelli al posto dei coloranti, senza il rischio di scatenare un&#8217;allergia.I prodotti Sereni Capelli non contengono n\u00e9 pigmenti coloranti n\u00e9 ossidanti (PEROXID).<\/p>\n<p>Pur riportando i capelli al loro colore naturale, i prodotti Sereni Capelli non hanno nulla in comune con le tinture per capelli.<\/p>\n<p><strong>Ho la psoriasi (o altre malattie della pelle), posso usare questo prodotto?<\/strong><\/p>\n<p>I trattamenti &#8220;Lozione&#8221; e &#8220;Crema &#8211; Forte&#8221; contengono alcol.<br \/>Conoscendo la complessit\u00e0 di questa malattia chiamata Psoriasi e di altre malattie della pelle, non raccomandiamo l&#8217;uso di trattamenti, anche se non si sono verificate reazioni avverse in nessuno dei test effettuati dal team di produzione.<\/p>\n<p>Gli acceleratori &#8220;Intenso Gel&#8221; e &#8220;Shampoo&#8221; sono ancora pi\u00f9 sicuri da usare rispetto ai trattamenti, ma anche l&#8217;uso di questi prodotti deve essere trattato con grande attenzione.<\/p>\n<p><strong>Sono in cura. Posso usare questo prodotto?<\/strong><\/p>\n<p>L&#8217;uso dei prodotti Sereni Capelli in combinazione con altri trattamenti non \u00e8 limitato, ma \u00e8 necessario tenere presente quanto segue:<\/p>\n<ul>\n<li>Se si utilizzano trattamenti superficiali come oli, unguenti, spray&#8230; ecc. non utilizzarli sulla stessa superficie su cui si applicano i trattamenti &#8220;Lozione&#8221; o &#8220;Crema-Forte&#8221;, poich\u00e9 \u00e8 probabile che questi trattamenti si annullino a vicenda.<\/li>\n<li>Le restrizioni di cui sopra non si applicano agli acceleratori &#8220;Shampoo&#8221; o &#8220;Gel-Intenso&#8221;.<\/li>\n<li>Nel caso dei farmaci ingeribili, non ci sono restrizioni.<\/li>\n<li>Si noti che alcuni farmaci, come &#8220;Aspirina&#8221; e &#8220;Paracetamolo&#8221;, riducono gli effetti dei trattamenti Sereni Capelli fino al 40%.<\/li>\n<\/ul>\n<div> <\/div>\n<p><strong>Sono una persona allergica a diverse sostanze, posso usare questo prodotto?<\/strong><\/p>\n<p>SI SCONSIGLIA L&#8217;USO DEI PRODOTTI SERENI CAPELLI A PERSONE CON ALLERGIE MULTIPLE!<\/p>\n<p>I prodotti Sereni Capelli non contengono ingredienti che possono causare allergie. Tuttavia, contiene alcool e pu\u00f2 causare irritazioni cutanee che, nelle persone che diventano allergiche molto facilmente, possono trasformarsi in allergie.<\/p>\n<p>Le persone che soffrono di allergie multiple o che diventano molto facilmente sensibili o allergiche a varie sostanze possono talvolta diventare allergiche anche a sostanze\/ingredienti non allergenici. Pertanto, per la vostra sicurezza, vi sconsigliamo di utilizzare questi prodotti.<\/p>\n<p>Tuttavia, se volete davvero utilizzare i nostri prodotti, vi consigliamo di fare un test molto lento prima di utilizzarli secondo le istruzioni.<\/p>\n<p><strong>COME VI CONSIGLIAMO DI PROCEDERE?<\/strong><\/p>\n<ul>\n<li>Prima di tutto, assicuratevi di avere a portata di mano i farmaci necessari per combattere le allergie in caso di insorgenza.<\/li>\n<li>Per la vostra sicurezza, assicuratevi che qualcun altro sia presente nella stanza con voi per prestarvi il primo soccorso, se necessario, o per trasportarvi in ospedale in caso di allergia grave.<\/li>\n<li>Successivamente, agitare bene il flacone, quindi mettere una piccolissima quantit\u00e0 di prodotto sull&#8217;avambraccio e stendere con la punta del dito su un&#8217;area di 3-4 cm.<\/li>\n<li>Attendere qualche ora e, se non succede nulla, ripetere la stessa procedura sul cuoio capelluto all&#8217;attaccatura con la fronte.<\/li>\n<li>Se non ci sono segni di allergia, si pu\u00f2 applicare su un&#8217;area pi\u00f9 ampia e ripetere il processo per un minimo di 4 volte a distanza di almeno 4 ore l&#8217;una dall&#8217;altra.<\/li>\n<li>Se non si verificano allergie, ma si verificano irritazioni cutanee, considerare quanto sono forti e fastidiose queste irritazioni per valutare se si desidera continuare il trattamento.<\/li>\n<li>L&#8217;irritazione della pelle pu\u00f2 verificarsi in alcune persone ed \u00e8 un processo normale, ma scomparir\u00e0 dopo circa 15 utilizzi.<\/li>\n<li>\u00c8 molto importante notare la differenza tra irritazione cutanea e allergia!<\/li>\n<\/ul>\n<div> <\/div>\n<p><strong>Non ho i capelli bianchi! Posso ottenere gli altri benefici?<\/strong><\/p>\n<p>S\u00ec! Potete usare i prodotti Sereni Capelli anche se non avete i capelli bianchi e godere di tutti gli altri benefici.<br \/>L&#8217;uso dei prodotti Sereni Capelli quando non si hanno peli bianchi ne previene la comparsa.<\/p>\n<p><strong>Uso questo prodotto e mi prude il cuoio capelluto. Perch\u00e9?<\/strong><\/p>\n<p>Se il cuoio capelluto prude durante i trattamenti Sereni Capelli, significa che il cuoio capelluto contiene microfratture che vengono riparate, oppure che \u00e8 presente una colonia di batteri che verr\u00e0 rimossa.<\/p>\n<p>Dopo circa 2-3 settimane di utilizzo dei nostri trattamenti, il prurito scomparir\u00e0 e il cuoio capelluto sar\u00e0 completamente guarito.<\/p>\n<p><strong>Quando uso questo prodotto, i miei capelli prendono un cattivo odore. Perch\u00e9?<\/strong><\/p>\n<p>Quando i capelli sono ricchi, le colonie di batteri possono accumularsi nel cuoio capelluto e persino migrare sui capelli.<br \/>Utilizzando i prodotti Sereni Capelli, questi batteri vengono attaccati dalle sostanze contenute nei nostri prodotti e &#8220;reagiscono&#8221;.<\/p>\n<p>Come risultato della lotta contro questi batteri, di solito compare un odore sgradevole, soprattutto poco dopo l&#8217;applicazione del prodotto.<\/p>\n<p>Ci vogliono circa 3 settimane perch\u00e9 questi batteri vengano eliminati e l&#8217;odore scompaia.<\/p>\n<p>Dopo queste 3 settimane, l&#8217;odore dovrebbe essere quasi completamente scomparso, segno che i batteri sono stati eliminati.<\/p>\n<p>In questi casi si consiglia di continuare a utilizzare i prodotti secondo lo &#8220;schema di trattamento&#8221; per almeno 5 settimane prima di passare allo &#8220;schema di consolidamento&#8221;.<\/p>\n<p><strong>La mia pelle \u00e8 arrossata e pruriginosa. Perch\u00e9?<\/strong><\/p>\n<p>Se la pelle brucia e si arrossa quando si utilizzano i trattamenti Sereni Capelli, \u00e8 possibile che abbiate una pelle sensibile o che soffriate di una malattia della pelle che non conoscete.<br \/>Tuttavia, esiste anche la possibilit\u00e0 che la pelle del cuoio capelluto contenga microfratture che devono essere riparate.<\/p>\n<p>Il nostro consiglio \u00e8 di assicurarsi innanzitutto che, a parte il bruciore e l&#8217;arrossamento iniziale del cuoio capelluto, non vi siano altri effetti sulla pelle.<br \/>Se non compaiono altri effetti e il colore rosso scompare entro 2-3 ore, si tratta di un processo normale che dovrebbe scomparire dopo circa 15-20 utilizzi, poich\u00e9 il cuoio capelluto diventa pi\u00f9 resistente.<\/p>\n<p><strong>Uso questo prodotto, ma non vedo alcun effetto.<\/strong><\/p>\n<p>Le probabilit\u00e0 di utilizzare i trattamenti Sereni Capelli in modo corretto e secondo le istruzioni per 14 giorni e di non notare alcun miglioramento sono inferiori a 1 su 100.000.<\/p>\n<p>Oltre il 99% delle inefficienze segnalate sono state causate da un uso inappropriato dei trattamenti.<\/p>\n<p>Per assicurarsi di aver utilizzato il trattamento in modo corretto, consultare la pagina di ciascun prodotto utilizzato, dove sono riportate le corrette istruzioni per l&#8217;uso.<\/p>\n<p>Se avete usato i prodotti correttamente e non ottenete alcun risultato, siete una di quelle rare persone per cui il prodotto non pu\u00f2 funzionare.<\/p>\n<p>Se si notano degli effetti, ma non sono quelli desiderati, si ricade in una o pi\u00f9 delle seguenti situazioni:<\/p>\n<ul>\n<li>Non avete rispettato i tempi di applicazione del prodotto.<\/li>\n<li>Non avete usato abbastanza prodotto.<\/li>\n<li>Non agitare bene il flacone prima dell&#8217;uso.<\/li>\n<li>Non si \u00e8 utilizzato il prodotto per un periodo di tempo sufficiente (di norma, \u00e8 necessario utilizzare il prodotto secondo il programma di trattamento per 4-6 settimane senza interruzioni).<\/li>\n<\/ul>\n\t\t\t\t\t\t\t\t<\/div>\n\t\t\t\t<\/div>\n\t\t\t\t\t<\/div>\n\t\t\t\t<\/div>\n\t\t\t\t<\/div>\n\t\t","protected":false},"excerpt":{"rendered":"<p>Domande e risposte In questa pagina troverete le risposte alle domande pi\u00f9 comuni poste dai nostri clienti. Queste informazioni vi aiuteranno a ottenere i migliori risultati nell&#8217;utilizzo dei prodotti Sereni Capelli. Che garanzia ho che questo prodotto funzioni? I prodotti Sereni Capelli sono coperti da una garanzia di 30 giorni dalla data di ricevimento. Se [&hellip;]<\/p>\n","protected":false},"author":1,"featured_media":0,"parent":0,"menu_order":0,"comment_status":"closed","ping_status":"closed","template":"","meta":{"footnotes":""},"class_list":["post-728079","page","type-page","status-publish","hentry"],"_links":{"self":[{"href":"https:\/\/serenicapelli.com\/it\/wp-json\/wp\/v2\/pages\/728079","targetHints":{"allow":["GET"]}}],"collection":[{"href":"https:\/\/serenicapelli.com\/it\/wp-json\/wp\/v2\/pages"}],"about":[{"href":"https:\/\/serenicapelli.com\/it\/wp-json\/wp\/v2\/types\/page"}],"author":[{"embeddable":true,"href":"https:\/\/serenicapelli.com\/it\/wp-json\/wp\/v2\/users\/1"}],"replies":[{"embeddable":true,"href":"https:\/\/serenicapelli.com\/it\/wp-json\/wp\/v2\/comments?post=728079"}],"version-history":[{"count":0,"href":"https:\/\/serenicapelli.com\/it\/wp-json\/wp\/v2\/pages\/728079\/revisions"}],"wp:attachment":[{"href":"https:\/\/serenicapelli.com\/it\/wp-json\/wp\/v2\/media?parent=728079"}],"curies":[{"name":"wp","href":"https:\/\/api.w.org\/{rel}","templated":true}]}}