{"id":728105,"date":"2021-09-22T07:20:57","date_gmt":"2021-09-22T05:20:57","guid":{"rendered":"https:\/\/serenicapelli.com\/visszateritesi-politika\/"},"modified":"2023-04-01T18:35:48","modified_gmt":"2023-04-01T16:35:48","slug":"visszateritesi-politika","status":"publish","type":"page","link":"https:\/\/serenicapelli.com\/hu\/visszateritesi-politika\/","title":{"rendered":"Visszat\u00e9r\u00edt\u00e9si politika"},"content":{"rendered":"<p>\u00d6nnek a t\u00f6rv\u00e9ny \u00e9rtelm\u00e9ben joga van az interneten vagy telefonon k\u00f6t\u00f6tt szerz\u0151d\u00e9st\u0151l indokl\u00e1s n\u00e9lk\u00fcl el\u00e1llni a term\u00e9kek \u00e1tad\u00e1s\u00e1t\u00f3l sz\u00e1m\u00edtott 14 napon bel\u00fcl.<\/p>\n<p><!-- \/wp:post-content --><\/p>\n<p><!-- wp:paragraph --><\/p>\n<p>C\u00e9g\u00fcnkn\u00e9l minden vev\u0151nek joga van indokl\u00e1s n\u00e9lk\u00fcl el\u00e1llni az ad\u00e1sv\u00e9teli szerz\u0151d\u00e9st\u0151l a term\u00e9kek \u00e1tad\u00e1s\u00e1t k\u00f6vet\u0151 14 napon bel\u00fcl. Ez a szab\u00e1ly vonatkozik a fizikai partner\u00fczleteinkben vagy partnerplatformjainkon t\u00f6rt\u00e9n\u0151 v\u00e1s\u00e1rl\u00e1sokra is.<\/p>\n<p><!-- \/wp:paragraph --><\/p>\n<p><!-- wp:paragraph --><\/p>\n<p>  Ahhoz, hogy \u00e9lni tudjon ezzel a jog\u00e1val, a fent eml\u00edtett hat\u00e1rid\u0151n bel\u00fcl \u00e9rtes\u00edtenie kell benn\u00fcnket az ad\u00e1sv\u00e9teli szerz\u0151d\u00e9st\u0151l val\u00f3 el\u00e1ll\u00e1sra vonatkoz\u00f3 d\u00f6nt\u00e9s\u00e9r\u0151l. A conta <a href=\"mailto:contact@serenicapelli.com\">ct@serenicapelli.com<\/a> c\u00edmen veheti fel vel\u00fcnk a kapcsolatot.  <\/p>\n<p><!-- \/wp:paragraph --><\/p>\n<p><!-- wp:paragraph --><\/p>\n<p>  A szerz\u0151d\u00e9st\u0151l val\u00f3 el\u00e1ll\u00e1s eset\u00e9n visszat\u00e9r\u00edtj\u00fck a fel nem haszn\u00e1lt term\u00e9kek v\u00e9tel\u00e1r\u00e1t. Ha a sz\u00e1ll\u00edt\u00e1st\u00f3l sz\u00e1m\u00edtott 14 napon bel\u00fcl el\u00e1ll, a <strong>visszak\u00fcld\u00e9s <\/strong>k\u00f6lts\u00e9geit c\u00e9g\u00fcnk viseli.<\/p>\n<p><!-- \/wp:paragraph --><\/p>\n<p><!-- wp:paragraph --><\/p>\n<p>A visszat\u00e9r\u00edtett \u00f6sszegeket a term\u00e9kek visszak\u00fcld\u00e9s\u00e9t k\u00f6vet\u0151 5 napon bel\u00fcl \u00e1tutaljuk az \u00d6n banksz\u00e1ml\u00e1j\u00e1ra.<\/p>\n<p><!-- \/wp:paragraph --><\/p>\n<p><!-- wp:list {\"ordered\":true} --><\/p>\n<ol>\n<li>A term\u00e9keket azonnal, legk\u00e9s\u0151bb az el\u00e1ll\u00e1st\u00f3l sz\u00e1m\u00edtott 5 napon bel\u00fcl el kell k\u00fcldeni.<\/li>\n<li>Felh\u00edvjuk figyelm\u00e9t, hogy \u00d6nt terheli a felel\u0151ss\u00e9g a term\u00e9kek \u00e9rt\u00e9kcs\u00f6kken\u00e9s\u00e9\u00e9rt, ha a term\u00e9kekkel a term\u00e9k jelleg\u00e9nek, tulajdons\u00e1gainak \u00e9s funkcionalit\u00e1s\u00e1nak megismer\u00e9s\u00e9hez sz\u00fcks\u00e9ges\u0151l elt\u00e9r\u0151 m\u00f3don b\u00e1nik (pl. ha egy term\u00e9ket annak ellen\u00e9re haszn\u00e1l, hogy m\u00e1r kipr\u00f3b\u00e1lta). K\u00e9rj\u00fck, vegye figyelembe, hogy az \u00d6n ig\u00e9nyei szerint k\u00e9sz\u00fclt term\u00e9kek vagy szem\u00e9lyre szabott term\u00e9kek (pl. szem\u00e9lyre szabott grav\u00edrozott csomagol\u00e1s), valamint a felbontott \u00e9s haszn\u00e1lt term\u00e9kek eset\u00e9ben, amelyeket nem lehet visszav\u00e1s\u00e1rolni, nem \u00e1ll jog\u00e1ban el\u00e1llni a szerz\u0151d\u00e9st\u0151l.  <strong>return  <\/strong>higi\u00e9niai okokb\u00f3l (pl. ha a term\u00e9ket felbontott\u00e1k, \u00e9s a kozmetikai k\u00e9sz\u00edtm\u00e9ny egy r\u00e9sze k\u00f6zvetlen\u00fcl \u00e9rintkezett a b\u0151rrel).<\/li>\n<\/ol>\n","protected":false},"excerpt":{"rendered":"<p>\u00d6nnek a t\u00f6rv\u00e9ny \u00e9rtelm\u00e9ben joga van az interneten vagy telefonon k\u00f6t\u00f6tt szerz\u0151d\u00e9st\u0151l indokl\u00e1s n\u00e9lk\u00fcl el\u00e1llni a term\u00e9kek \u00e1tad\u00e1s\u00e1t\u00f3l sz\u00e1m\u00edtott 14 napon bel\u00fcl. C\u00e9g\u00fcnkn\u00e9l minden vev\u0151nek joga van indokl\u00e1s n\u00e9lk\u00fcl el\u00e1llni az ad\u00e1sv\u00e9teli szerz\u0151d\u00e9st\u0151l a term\u00e9kek \u00e1tad\u00e1s\u00e1t k\u00f6vet\u0151 14 napon bel\u00fcl. Ez a szab\u00e1ly vonatkozik a fizikai partner\u00fczleteinkben vagy partnerplatformjainkon t\u00f6rt\u00e9n\u0151 v\u00e1s\u00e1rl\u00e1sokra is. Ahhoz, hogy \u00e9lni [&hellip;]<\/p>\n","protected":false},"author":1,"featured_media":0,"parent":0,"menu_order":0,"comment_status":"closed","ping_status":"closed","template":"","meta":{"footnotes":""},"class_list":["post-728105","page","type-page","status-publish","hentry"],"_links":{"self":[{"href":"https:\/\/serenicapelli.com\/hu\/wp-json\/wp\/v2\/pages\/728105","targetHints":{"allow":["GET"]}}],"collection":[{"href":"https:\/\/serenicapelli.com\/hu\/wp-json\/wp\/v2\/pages"}],"about":[{"href":"https:\/\/serenicapelli.com\/hu\/wp-json\/wp\/v2\/types\/page"}],"author":[{"embeddable":true,"href":"https:\/\/serenicapelli.com\/hu\/wp-json\/wp\/v2\/users\/1"}],"replies":[{"embeddable":true,"href":"https:\/\/serenicapelli.com\/hu\/wp-json\/wp\/v2\/comments?post=728105"}],"version-history":[{"count":0,"href":"https:\/\/serenicapelli.com\/hu\/wp-json\/wp\/v2\/pages\/728105\/revisions"}],"wp:attachment":[{"href":"https:\/\/serenicapelli.com\/hu\/wp-json\/wp\/v2\/media?parent=728105"}],"curies":[{"name":"wp","href":"https:\/\/api.w.org\/{rel}","templated":true}]}}