{"id":728075,"date":"2022-08-15T10:39:10","date_gmt":"2022-08-15T08:39:10","guid":{"rendered":"https:\/\/serenicapelli.com\/adatvedelmi-iranyelvek\/"},"modified":"2022-08-15T10:39:10","modified_gmt":"2022-08-15T08:39:10","slug":"adatvedelmi-iranyelvek","status":"publish","type":"page","link":"https:\/\/serenicapelli.com\/hu\/adatvedelmi-iranyelvek\/","title":{"rendered":"Adatv\u00e9delmi ir\u00e1nyelvek"},"content":{"rendered":"<p><strong>Adatv\u00e9delmi ir\u00e1nyelvek<\/strong><\/p>\n<p>Sereni Capelli, a www.serenicapelli.com web\u00e1ruh\u00e1z \u00fczemeltet\u0151je kijelenti, hogy minden szem\u00e9lyes adatot (a tov\u00e1bbiakban: &#8222;adat&#8221;) szigor\u00faan bizalmasan kezel, \u00e9s a szem\u00e9lyes adatok v\u00e9delm\u00e9re vonatkoz\u00f3 hat\u00e1lyos jogszab\u00e1lyoknak megfelel\u0151en kezel.<\/p>\n<p>Az \u00d6n szem\u00e9lyes adatainak biztons\u00e1ga sz\u00e1munkra els\u0151dleges fontoss\u00e1g\u00fa. Ennek megfelel\u0151en a legnagyobb figyelmet ford\u00edtjuk a szem\u00e9lyes adatokra \u00e9s azok v\u00e9delm\u00e9re. A szem\u00e9lyes adatok feldolgoz\u00e1s\u00e1nak alapelveiben (&#8222;Alapelvek&#8221;) szeretn\u00e9nk t\u00e1j\u00e9koztatni \u00d6nt arr\u00f3l, hogy milyen szem\u00e9lyes adatokat gy\u0171jt\u00fcnk \u00d6nr\u0151l, \u00e9s hogyan haszn\u00e1ljuk azokat a tov\u00e1bbiakban.<\/p>\n<ol>\n<li><strong>Szem\u00e9lyes adatok \u00e9s azok feldolgoz\u00e1sa<\/strong><\/li>\n<\/ol>\n<p><strong>1.1. A szem\u00e9lyes adatok kateg\u00f3ri\u00e1i<\/strong><\/p>\n<p>Att\u00f3l f\u00fcgg\u0151en, hogy \u00d6n melyik szolg\u00e1ltat\u00e1sunkat v\u00e1lasztja, k\u00fcl\u00f6nb\u00f6z\u0151 inform\u00e1ci\u00f3kat gy\u0171jt\u00fcnk.<\/p>\n<p>Ha \u00d6n t\u0151l\u00fcnk v\u00e1s\u00e1rol, mi gy\u0171jt\u00fcnk:<\/p>\n<ul>\n<li>N\u00e9v \u00e9s el\u00e9rhet\u0151s\u00e9g. Teljes n\u00e9v, e-mail c\u00edm, postac\u00edm, sz\u00e1ml\u00e1z\u00e1si c\u00edm, telefonsz\u00e1m \u00e9s banki sz\u00e1ml\u00e1z\u00e1si adatok, fizet\u00e9si adatok.<\/li>\n<li>Demogr\u00e1fiai adatok. A nemre, sz\u00fclet\u00e9si d\u00e1tumra, orsz\u00e1gra \u00e9s a prefer\u00e1lt nyelvre vonatkoz\u00f3 inform\u00e1ci\u00f3k.<\/li>\n<li>A szerz\u0151d\u00e9s fenn\u00e1ll\u00e1sa alatt felmer\u00fcl\u0151 adatok &#8211; v\u00e1s\u00e1rolt term\u00e9kek, \u00fcgyf\u00e9lszegmens, ny\u00fajtott szolg\u00e1ltat\u00e1sok mennyis\u00e9ge.<\/li>\n<\/ul>\n<p><strong>1.2. A szem\u00e9lyes adatok feldolgoz\u00e1s\u00e1nak c\u00e9lja:<\/strong><\/p>\n<ul>\n<li><strong>Szolg\u00e1ltat\u00e1sok ny\u00fajt\u00e1sa \u00e9s jav\u00edt\u00e1sa<\/strong>. Annak \u00e9rdek\u00e9ben, hogy szolg\u00e1ltat\u00e1sainkat az \u00d6n megel\u00e9ged\u00e9s\u00e9re ny\u00fajthassuk \u00e9s jav\u00edthassuk, feldolgozzuk az \u00d6n szem\u00e9lyes adatait. Ez konkr\u00e9tan a k\u00f6vetkez\u0151ket foglalja mag\u00e1ban:\n<ul>\n<li>A weboldalunkon vagy \u00fcgyf\u00e9lvonalunkon kereszt\u00fcl megrendelt <strong>term\u00e9kekre vagy szolg\u00e1ltat\u00e1sokra vonatkoz\u00f3 megrendel\u00e9sek feldolgoz\u00e1sa<\/strong>. Itt a jogi ok az, hogy az adatok elengedhetetlenek az ad\u00e1sv\u00e9teli szerz\u0151d\u00e9s teljes\u00edt\u00e9s\u00e9hez, \u00e9s bizonyos inform\u00e1ci\u00f3k elengedhetetlenek a jogi k\u00f6telezetts\u00e9gek teljes\u00edt\u00e9s\u00e9hez (pl. sz\u00e1mviteli dokumentumok).<\/li>\n<li><strong>\u00c9rtes\u00edt\u00e9s a term\u00e9k el\u00e9rhet\u0151s\u00e9g\u00e9r\u0151l<\/strong>. Ha egy term\u00e9k el\u00e9rhet\u0151s\u00e9g\u00e9nek nyomon k\u00f6vet\u00e9s\u00e9t k\u00e9ri, feldolgozzuk az \u00d6n adatait. szem\u00e9lyes adatok az \u00d6n hozz\u00e1j\u00e1rul\u00e1sa alapj\u00e1n.<\/li>\n<li><strong>\u00dcgyf\u00e9lszolg\u00e1lat. Az \u00fcgyf\u00e9lszolg\u00e1lat biztos\u00edt\u00e1sa \u00e9s a probl\u00e9m\u00e1k kik\u00fcsz\u00f6b\u00f6l\u00e9se \u00e9rdek\u00e9ben a  <\/strong>az ad\u00e1sv\u00e9teli szerz\u0151d\u00e9s teljes\u00edt\u00e9se sor\u00e1n szem\u00e9lyes adatokat dolgozunk fel a szerz\u0151d\u00e9sek teljes\u00edt\u00e9s\u00e9nek sz\u00fcks\u00e9gess\u00e9ge alapj\u00e1n.<\/li>\n<li><strong>Kommunik\u00e1ci\u00f3<\/strong>. Az \u00f6sszegy\u0171jt\u00f6tt adatokat arra haszn\u00e1ljuk, hogy szem\u00e9lyre szabott m\u00f3don kommunik\u00e1ljunk \u00d6nnel. P\u00e9ld\u00e1ul felvehetj\u00fck \u00d6nnel a kapcsolatot telefonon, e-mailben vagy m\u00e1s m\u00f3don, hogy eml\u00e9keztess\u00fck arra, hogy vannak term\u00e9kek az online kosar\u00e1ban, hogy seg\u00edts\u00fcnk \u00d6nnek a megrendel\u00e9s\u00e9nek befejez\u00e9s\u00e9ben, hogy k\u00f6z\u00f6lj\u00fck az \u00d6n k\u00e9relm\u00e9nek, megrendel\u00e9s\u00e9nek vagy panasz\u00e1nak aktu\u00e1lis st\u00e1tusz\u00e1t, adott esetben tov\u00e1bbi inform\u00e1ci\u00f3k beszerz\u00e9se \u00e9rdek\u00e9ben, vagy az\u00e9rt, hogy \u00e9rtes\u00edts\u00fck \u00d6nt arr\u00f3l, hogy l\u00e9p\u00e9seket kell tennie fi\u00f3kja akt\u00edvan tart\u00e1sa \u00e9rdek\u00e9ben. Ha \u00d6n tagk\u00e9nt v\u00e1s\u00e1rol t\u0151l\u00fcnk, akkor ezeket az adatokat jogos \u00e9rdekb\u0151l kezelj\u00fck, amely a Sc SereniCapelli Srl fent le\u00edrt jogos \u00e9rdek\u00e9b\u0151l fakad.<\/li>\n<li>A <strong>szolg\u00e1ltat\u00e1sok jav\u00edt\u00e1sa<\/strong>. Az adatokat szolg\u00e1ltat\u00e1saink \u00e9s rendszereink folyamatos fejleszt\u00e9s\u00e9hez haszn\u00e1ljuk fel, bele\u00e9rtve \u00faj funkci\u00f3k hozz\u00e1ad\u00e1s\u00e1t, valamint megalapozott d\u00f6nt\u00e9sek meghozatal\u00e1t a teljes analitika \u00e9s az \u00fczleti intelligencia seg\u00edts\u00e9g\u00e9vel, mindezt az \u00fczleti szabads\u00e1gb\u00f3l ered\u0151 jogos \u00e9rdek\u00fcnk \u00e9s a versenyk\u00e9pess\u00e9g meg\u0151rz\u00e9se \u00e9rdek\u00e9ben ny\u00fajtott szolg\u00e1ltat\u00e1saink fejleszt\u00e9s\u00e9nek sz\u00fcks\u00e9gess\u00e9ge alapj\u00e1n. Az \u00d6n jogainak \u00e9s \u00e9rdekeinek megfelel\u0151 v\u00e9delme \u00e9rdek\u00e9ben a szem\u00e9lyes adatokat a lehet\u0151 legnagyobb m\u00e9rt\u00e9kben anonimiz\u00e1lva haszn\u00e1ljuk fel szolg\u00e1ltat\u00e1saink jav\u00edt\u00e1sa \u00e9rdek\u00e9ben.<\/li>\n<\/ul>\n<\/li>\n<li><strong>V\u00e9delem, biztons\u00e1g \u00e9s vitarendez\u00e9s<\/strong>. Jogos \u00e9rdekb\u0151l is kezelhet\u00fcnk adatokat, amely jogos \u00e9rdek alapj\u00e1n a rendszereink \u00e9s \u00fcgyfeleink v\u00e9delm\u00e9nek \u00e9s biztons\u00e1g\u00e1nak biztos\u00edt\u00e1sa, a csal\u00e1s megel\u0151z\u00e9se \u00e9s felder\u00edt\u00e9se, a vit\u00e1k rendez\u00e9se \u00e9s a meg\u00e1llapod\u00e1saink v\u00e9grehajt\u00e1sa \u00e9rdek\u00e9ben.<\/li>\n<li><strong>Marketing aj\u00e1nlatok<\/strong>.\n<ul>\n<li>Kereskedelmi kommunik\u00e1ci\u00f3\n<ul>\n<li>Kereskedelmi k\u00f6zlem\u00e9nyeket k\u00fcld\u00fcnk \u00d6nnek az \u00d6n \u00e1ltal v\u00e1s\u00e1rolt term\u00e9kekhez hasonl\u00f3 term\u00e9kekr\u0151l.<\/li>\n<li>\u00d6nnek mindig lehet\u0151s\u00e9ge van arra, hogy visszautas\u00edtsa ezeket a kereskedelmi k\u00f6zlem\u00e9nyeket az al\u00e1bbi e-mail c\u00edm haszn\u00e1lat\u00e1val <u><br \/>\n  <a href=\"mailto:contact@serenicapelli.com\">contact@serenicapelli.com<\/a><br \/>\n<\/u> leiratkoz\u00e1shoz.<\/li>\n<li>Ha leiratkozik a kereskedelmi \u00fczenetekr\u0151l, a tov\u00e1bbiakban nem haszn\u00e1ljuk fel az adatait. elektronikus kapcsolatfelv\u00e9tel e c\u00e9lb\u00f3l. Csak akkor folytatjuk a haszn\u00e1latukat, ha \u00d6n feliratkozik vagy kifejezetten k\u00e9ri \u0151ket.<\/li>\n<\/ul>\n<\/li>\n<li>A megjelen\u00edtett marketingaj\u00e1nlatok az \u00d6nr\u0151l szerzett egy\u00e9b inform\u00e1ci\u00f3k alapj\u00e1n is kiv\u00e1laszthat\u00f3k. id\u0151vel, a kapcsolattart\u00e1si adatokb\u00f3l, demogr\u00e1fiai inform\u00e1ci\u00f3kb\u00f3l, a prefer\u00e1lt term\u00e9kekb\u0151l, valamint a term\u00e9keink \u00e9s a weboldalunk haszn\u00e1lat\u00e1ra vonatkoz\u00f3 adatokb\u00f3l (cookie-k, IP-c\u00edm, az \u00d6n b\u00f6ng\u00e9sz\u0151je \u00e1ltal megadott inform\u00e1ci\u00f3k, kattint\u00e1sok, megjelen\u00edtett kereskedelmi \u00fczenetek, megl\u00e1togatott term\u00e9kek). A feldolgoz\u00e1s nem teljesen automatiz\u00e1lt, mivel az \u00d6nre n\u00e9zve jogi k\u00f6vetkezm\u00e9nyekkel j\u00e1rna.<\/li>\n<li>Ha \u00d6n nem a mi \u00fcgyfel\u00fcnk, akkor az \u00d6n hozz\u00e1j\u00e1rul\u00e1sa alapj\u00e1n kezelj\u00fck az adatokat.<\/li>\n<li>\u00d6nnek joga van ahhoz, hogy b\u00e1rmikor \u00e9s ingyenesen tiltakozzon az ilyen feldolgoz\u00e1s ellen. Az el\u00e9rhet\u0151s\u00e9gek a dokumentum v\u00e9g\u00e9n tal\u00e1lhat\u00f3k.<\/li>\n<\/ul>\n<\/li>\n<li><strong>S\u00fctik <\/strong>feldolgoz\u00e1sa az SC Sereni Capelli SRL \u00e1ltal \u00fczemeltetett <strong>weboldalakon <\/strong>\n<ul>\n<li>Ha \u00d6n enged\u00e9lyezi a cookie-kat a b\u00f6ng\u00e9sz\u0151j\u00e9ben, a Sereni Capelli \u00e1ltal \u00fczemeltetett weboldalon elhelyezett cookie-kb\u00f3l sz\u00e1rmaz\u00f3 viselked\u00e9si rekordokat a serenicapelli.com weboldal, valamint a partneroldalak jobb funkcionalit\u00e1s\u00e1nak biztos\u00edt\u00e1sa, valamint a Sereni Capelli internetes hirdet\u00e9sei c\u00e9lj\u00e1b\u00f3l feldolgozzuk.<\/li>\n<\/ul>\n<\/li>\n<\/ul>\n<p><strong>1.3. Szem\u00e9lyes adatok tov\u00e1bb\u00edt\u00e1sa harmadik f\u00e9lnek<\/strong><\/p>\n<p>Az \u00d6n inform\u00e1ci\u00f3i szem\u00e9lyes adatokat csak akkor adunk \u00e1t harmadik f\u00e9lnek vagy k\u00f6zvet\u00edt\u00fcnk m\u00e1s m\u00f3don, ha ez az ad\u00e1sv\u00e9teli szerz\u0151d\u00e9s teljes\u00edt\u00e9s\u00e9hez sz\u00fcks\u00e9ges, jogos \u00e9rdeken alapul, vagy ha \u00d6n ehhez el\u0151zetesen hozz\u00e1j\u00e1rult.<\/p>\n<ul>\n<li>a) le\u00e1nyv\u00e1llalatok \u00e9s adatfeldolgoz\u00f3 v\u00e1llalatok az ad\u00e1sv\u00e9teli szerz\u0151d\u00e9s teljes\u00edt\u00e9se \u00e9rdek\u00e9ben, a bels\u0151 folyamatok \u00e9s gyakorlatok v\u00e9grehajt\u00e1sa \u00e9rdek\u00e9ben<\/li>\n<li>b) hitelk\u00e1rtya-t\u00e1rsas\u00e1gok, fizet\u00e9si szolg\u00e1ltat\u00f3k a fizet\u00e9s feldolgoz\u00e1s\u00e1hoz \u00e9s bankok, az \u00d6n megrendel\u00e9se alapj\u00e1n, az ad\u00e1sv\u00e9teli szerz\u0151d\u00e9s teljes\u00edt\u00e9se \u00e9rdek\u00e9ben.<\/li>\n<li>c) sz\u00e1ll\u00edt\u00f3 c\u00e9gek, az \u00d6n \u00e1ltal megrendelt term\u00e9kek vagy szolg\u00e1ltat\u00e1sok kisz\u00e1ll\u00edt\u00e1sa c\u00e9lj\u00e1b\u00f3l. \u00e9s panaszkezel\u00e9s, bele\u00e9rtve a szerz\u0151d\u00e9s felmond\u00e1s\u00e1t is<\/li>\n<li>d) az \u00d6n \u00e1ltal v\u00e1lasztott h\u0171s\u00e9gprogramokban r\u00e9szt vev\u0151 partnereinket<\/li>\n<li>e) egy\u00e9b szolg\u00e1ltat\u00f3k, az adatfeldolgoz\u00e1sban r\u00e9szt vev\u0151 harmadik felek;<\/li>\n<li>f) harmadik felek, p\u00e9ld\u00e1ul \u00fcgy\u00e9szek \u00e9s b\u00edr\u00f3s\u00e1gok sz\u00e1m\u00e1ra a behajt\u00e1s vagy az \u00d6nnel k\u00f6t\u00f6tt szerz\u0151d\u00e9s megk\u00f6t\u00e9se c\u00e9lj\u00e1b\u00f3l;<\/li>\n<li>g) hat\u00f3s\u00e1gok (pl. rend\u0151rs\u00e9g)<\/li>\n<li>h) harmadik felek, akik fogyaszt\u00f3i felm\u00e9r\u00e9seket v\u00e9geznek<\/li>\n<\/ul>\n<p>Ha egy harmadik f\u00e9l az adatokat jogos \u00e9rdekeivel \u00f6sszef\u00fcgg\u00e9sben haszn\u00e1lja fel, az adminisztr\u00e1tor nem v\u00e1llalja ezt a felel\u0151ss\u00e9get. Ezt a folyamatot a v\u00e1llalatok \u00e9s az \u00e9rintett szem\u00e9lyek szem\u00e9lyes adatainak feldolgoz\u00e1s\u00e1ra vonatkoz\u00f3 elvek szab\u00e1lyozz\u00e1k.<\/p>\n<ol>\n<li><strong>A szem\u00e9lyes adatok biztons\u00e1ga \u00e9s a t\u00e1rol\u00e1s id\u0151tartama<\/strong><\/li>\n<\/ol>\n<p><strong>2.1. Szem\u00e9lyes adatok biztons\u00e1ga<\/strong><\/p>\n<ul>\n<li>a) Az \u00d6n adatait titkos\u00edtott form\u00e1ban tov\u00e1bb\u00edtjuk. SSL (secure socket layer) titkos\u00edt\u00e1st haszn\u00e1lunk. Weboldalunkat \u00e9s egy\u00e9b rendszereinket technikai \u00e9s szervez\u00e9si int\u00e9zked\u00e9sekkel biztos\u00edtjuk az \u00d6n adatainak elveszt\u00e9se vagy megsemmis\u00fcl\u00e9se, illet\u00e9ktelenek hozz\u00e1f\u00e9r\u00e9se, m\u00f3dos\u00edt\u00e1sa vagy terjeszt\u00e9se ellen.<\/li>\n<li>b) Megk\u00f6vetelj\u00fck az adatfeldolgoz\u00f3kt\u00f3l, akikkel egy\u00fcttm\u0171k\u00f6d\u00fcnk, hogy igazolj\u00e1k rendszereik GDPR-rendeletnek val\u00f3 megfelel\u00e9s\u00e9t.<\/li>\n<li>c) Hozz\u00e1f\u00e9r\u00e9s a fi\u00f3kj\u00e1hoz. csak a szem\u00e9lyes jelsz\u00f3 megad\u00e1sa ut\u00e1n lehets\u00e9ges. Ebben az \u00f6sszef\u00fcgg\u00e9sben szeretn\u00e9nk eml\u00e9keztetni \u00d6nt, hogy felt\u00e9tlen\u00fcl sz\u00fcks\u00e9ges, hogy ne adja ki a hozz\u00e1f\u00e9r\u00e9si adatait harmadik f\u00e9lnek, \u00e9s hogy a munkamenet befejez\u00e9se ut\u00e1n sem adhatja ki a hozz\u00e1f\u00e9r\u00e9si adatait harmadik f\u00e9lnek. az \u00fcgyf\u00e9lfi\u00f3kj\u00e1ban, mindig z\u00e1rja be a b\u00f6ng\u00e9sz\u0151ablakot, k\u00fcl\u00f6n\u00f6sen akkor, ha a sz\u00e1m\u00edt\u00f3g\u00e9p\u00e9t megosztja m\u00e1s felhaszn\u00e1l\u00f3kkal. Az SC SERENICAPELLI SRL nem felel\u0151s a jelszavakkal val\u00f3 vissza\u00e9l\u00e9sek\u00e9rt, kiv\u00e9ve, ha a helyzetet k\u00f6zvetlen\u00fcl a weboldalunk okozta.<\/li>\n<\/ul>\n<p><strong>3.1. Feldolgoz\u00e1si id\u0151<\/strong><\/p>\n<p>Szem\u00e9lyes adatokat dolgozunk fel \u00e9s t\u00e1rolunk<\/p>\n<ul>\n<li>az ad\u00e1sv\u00e9teli szerz\u0151d\u00e9sb\u0151l ered\u0151 valamennyi jog \u00e9s k\u00f6telezetts\u00e9g biztos\u00edt\u00e1s\u00e1hoz felt\u00e9tlen\u00fcl sz\u00fcks\u00e9ges id\u0151tartamra<\/li>\n<li>a garanciaid\u0151 lej\u00e1rt\u00e1t k\u00f6vet\u0151 1 \u00e9vig az esetleges vit\u00e1s k\u00e9rd\u00e9sek rendez\u00e9se c\u00e9lj\u00e1b\u00f3l<\/li>\n<li>mindaddig, am\u00edg az SC SERENICAPELLI SRL, mint adminisztr\u00e1tor, az \u00e1ltal\u00e1nos jogi el\u0151\u00edr\u00e1soknak megfelel\u0151en k\u00f6teles az adatokat meg\u0151rizni. A sz\u00e1mviteli dokumentumokat, p\u00e9ld\u00e1ul az SC SERENICAPELLI SRL \u00e1ltal ki\u00e1ll\u00edtott sz\u00e1ml\u00e1kat a t\u00f6rv\u00e9nynek megfelel\u0151en, a ki\u00e1ll\u00edt\u00e1sukt\u00f3l sz\u00e1m\u00edtott 10 \u00e9vig archiv\u00e1ljuk.<\/li>\n<li>Az \u00e1ruk rendelkez\u00e9sre \u00e1ll\u00e1s\u00e1r\u00f3l sz\u00f3l\u00f3 \u00e9rtes\u00edt\u00e9sre vonatkoz\u00f3 meg\u00e1llapod\u00e1s a beny\u00fajtott inform\u00e1ci\u00f3k rendelkez\u00e9sre \u00e1ll\u00e1s\u00e1nak id\u0151tartam\u00e1ra, de legfeljebb 1 \u00e9vig vagy visszavon\u00e1sig marad hat\u00e1lyban.<\/li>\n<li>A marketingaj\u00e1nlatokra vonatkoz\u00f3 meg\u00e1llapod\u00e1s 4 \u00e9vig vagy visszavon\u00e1sig \u00e9rv\u00e9nyes.<\/li>\n<li>Visszatekint\u00e9s 6 \u00e9v<\/li>\n<li>A 10 \u00e9vesek seg\u00edt\u00e9se<\/li>\n<li>Kommunik\u00e1ci\u00f3 2 \u00e9v<\/li>\n<li>Versenyek 1 \u00e9v<\/li>\n<\/ul>\n<p>M\u00e1s esetekben az adatkezel\u00e9s id\u0151tartama az adatkezel\u00e9s c\u00e9lj\u00e1b\u00f3l k\u00f6vetkezik, vagy a szem\u00e9lyes adatok v\u00e9delm\u00e9re vonatkoz\u00f3 el\u0151\u00edr\u00e1sok \u00edrj\u00e1k el\u0151.<\/p>\n<ol>\n<li><strong>Az \u00e9rintettek jogai<\/strong><\/li>\n<\/ol>\n<ul>\n<li>a) Ha az \u00d6n adatait feldolgozzuk. szem\u00e9lyes adatainak kezel\u00e9s\u00e9r\u0151l d\u00edjmentesen t\u00e1j\u00e9koztat\u00e1st k\u00e9rhet szem\u00e9lyes adatainak kezel\u00e9s\u00e9r\u0151l.<\/li>\n<li>b) Ha \u00fagy v\u00e9li, hogy szem\u00e9lyes adatainak feldolgoz\u00e1sa nem felel meg az \u00d6n adatv\u00e9delm\u00e9nek. Ha az \u00d6n szem\u00e9lyes adatait a szem\u00e9lyes adatok v\u00e9delm\u00e9re vonatkoz\u00f3 szab\u00e1lyok megs\u00e9rt\u00e9s\u00e9vel kezelik, magyar\u00e1zatot k\u00e9rhet, k\u00e9rheti a kialakult helyzet megsz\u00fcntet\u00e9s\u00e9t, \u00e9s mindenekel\u0151tt k\u00e9rheti a szem\u00e9lyes adatok helyesb\u00edt\u00e9s\u00e9t, kieg\u00e9sz\u00edt\u00e9s\u00e9t, t\u00f6rl\u00e9s\u00e9t vagy z\u00e1rol\u00e1s\u00e1t.<\/li>\n<li>c) Ha \u00e9lni k\u00edv\u00e1n a jogaival, k\u00e9rj\u00fck, forduljon az adatv\u00e9delmi tisztvisel\u0151h\u00f6z a <u><a href=\"mailto:contact@serenicapelli.com\">contact@serenicapelli.com;<\/a> dpo@serenicapelli.com<\/u> c\u00edmen. A szem\u00e9lyes adatok feldolgoz\u00e1s\u00e1val foglalkoz\u00f3 nemzeti fel\u00fcgyeleti hat\u00f3s\u00e1ghoz is fordulhat.<\/li>\n<li>d) Az \u00d6n beleegyez\u00e9se a szem\u00e9lyes adatok feldolgoz\u00e1s\u00e1ra vonatkoz\u00f3 jog\u00e1t b\u00e1rmikor visszavonhatja. Ha \u00d6n visszavonja a szem\u00e9lyes adatainak feldolgoz\u00e1s\u00e1hoz adott hozz\u00e1j\u00e1rul\u00e1s\u00e1t, akkor azok t\u00f6rl\u00e9sre vagy anonimiz\u00e1l\u00e1sra ker\u00fclnek; ezek az int\u00e9zked\u00e9sek azonban nem \u00e9rintik az SC SERENICAPELLI SRL sz\u00e1m\u00e1ra a jogi k\u00f6telezetts\u00e9geinek teljes\u00edt\u00e9s\u00e9hez (pl. a m\u00e1r felvett megrendel\u00e9sek teljes\u00edt\u00e9se) vagy jogos \u00e9rdekeinek v\u00e9delm\u00e9hez sz\u00fcks\u00e9ges szem\u00e9lyes adatokat. A szem\u00e9lyes adatok t\u00f6rl\u00e9s\u00e9re akkor is sor ker\u00fcl, ha azok nem sz\u00fcks\u00e9gesek a tervezett c\u00e9lhoz, vagy ha az \u00d6n adatainak t\u00e1rol\u00e1sa nem sz\u00fcks\u00e9ges a tervezett c\u00e9lhoz. a t\u00f6rv\u00e9nyben meghat\u00e1rozott egy\u00e9b okokb\u00f3l nem fogadhat\u00f3 el.<\/li>\n<\/ul>\n<p><strong>5.1. Cookie<\/strong><\/p>\n<p>Oldalaink \u00fagynevezett cookie-kat haszn\u00e1lnak, hogy k\u00edn\u00e1latunk relev\u00e1ns, \u00e9rdekes \u00e9s \u00e9lvezetes legyen az \u00d6n sz\u00e1m\u00e1ra. A s\u00fctik az \u00d6n sz\u00e1m\u00edt\u00f3g\u00e9p\u00e9n vagy okostelefonj\u00e1n t\u00e1rolt kis sz\u00f6veges f\u00e1jlok. vagy egy m\u00e1sik eszk\u00f6z\u00f6n, \u00e9s az \u00d6n b\u00f6ng\u00e9sz\u0151je haszn\u00e1lja. Web. A s\u00fctiket t\u00f6bbek k\u00f6z\u00f6tt a k\u00f6vetkez\u0151 c\u00e9lokra haszn\u00e1ljuk:<\/p>\n<ul>\n<li>a bev\u00e1s\u00e1rl\u00f3kos\u00e1r megfelel\u0151 m\u0171k\u00f6d\u00e9se, hogy a megrendel\u00e9s a lehet\u0151 legk\u00f6nnyebben teljes\u00edthet\u0151 legyen<\/li>\n<li>a bejelentkez\u00e9si adatok eml\u00e9keztet\u0151je, hogy ne kelljen azokat ism\u00e9telten megadni<\/li>\n<li>hogy weboldalainkat a lehet\u0151 legnagyobb m\u00e9rt\u00e9kben az \u00d6n ig\u00e9nyeihez igaz\u00edtsuk az \u00d6n l\u00e1togat\u00e1sainak, a weboldalon val\u00f3 mozg\u00e1s\u00e1nak \u00e9s az \u00d6n \u00e1ltal haszn\u00e1lt funkci\u00f3knak a nyomon k\u00f6vet\u00e9se r\u00e9v\u00e9n.<\/li>\n<li>az \u00d6n \u00e1ltal megtekintett hirdet\u00e9sek nyomon k\u00f6vet\u00e9se, hogy ne l\u00e1sson olyan term\u00e9kek rekl\u00e1mjait, amelyek nem \u00e9rdeklik \u00d6nt.<\/li>\n<\/ul>\n<p>Egyes s\u00fctik olyan inform\u00e1ci\u00f3kat gy\u0171jthetnek, amelyeket k\u00e9s\u0151bb harmadik felek haszn\u00e1lnak fel, \u00e9s amelyek p\u00e9ld\u00e1ul k\u00f6zvetlen\u00fcl t\u00e1mogatj\u00e1k prom\u00f3ci\u00f3s tev\u00e9kenys\u00e9geinket (\u00fagynevezett &#8222;harmadik f\u00e9lt\u0151l sz\u00e1rmaz\u00f3 s\u00fctik&#8221;). P\u00e9ld\u00e1ul a webhely\u00fcnk\u00f6n v\u00e1s\u00e1rolt term\u00e9kekre vonatkoz\u00f3 inform\u00e1ci\u00f3kat \u00e1tadhatjuk egy rekl\u00e1m\u00fcgyn\u00f6ks\u00e9gnek az \u00d6n \u00e1ltal megtekintett webhelyeken megjelen\u0151 internetes bannerhirdet\u00e9sek megjelen\u00edt\u00e9se \u00e9s testreszab\u00e1sa c\u00e9lj\u00e1b\u00f3l. Felh\u00edvjuk figyelm\u00e9t, hogy \u00d6nt nem lehet azonos\u00edtani. ezen adatok alapj\u00e1n.<\/p>\n<p><strong>5.2. S\u00fctik haszn\u00e1lata<\/strong><\/p>\n<p>A weboldalunkon haszn\u00e1lt s\u00fctik k\u00e9t kateg\u00f3ri\u00e1ba sorolhat\u00f3k. A r\u00f6vid \u00e9lettartam\u00fa, \u00fagynevezett &#8222;munkamenet-s\u00fctiket&#8221; t\u00f6r\u00f6lj\u00fck, amint \u00d6n elhagyja weboldalunkat. A hossz\u00fa t\u00e1v\u00fa, \u00fagynevezett &#8222;tart\u00f3s s\u00fctik&#8221; az \u00d6n eszk\u00f6z\u00e9n t\u00e1rolva maradnak. hosszabb ideig, vagy am\u00edg manu\u00e1lisan nem t\u00f6rli \u0151ket (a s\u00fctik fennmarad\u00e1sa az \u00d6n eszk\u00f6z\u00e9n a be\u00e1ll\u00edt\u00e1sokt\u00f3l \u00e9s a b\u00f6ng\u00e9sz\u0151 be\u00e1ll\u00edt\u00e1sait\u00f3l f\u00fcgg).<\/p>\n<p>A s\u00fctik funkcionalit\u00e1s szerint is oszt\u00e1lyozhat\u00f3k:<\/p>\n<ul>\n<li>analitika, amely seg\u00edt nek\u00fcnk jav\u00edtani a felhaszn\u00e1l\u00f3i \u00e9lm\u00e9nyt a weboldalunkon, mivel meg\u00e9rtj\u00fck, hogyan haszn\u00e1lj\u00e1k azt a felhaszn\u00e1l\u00f3k<\/li>\n<li>konverzi\u00f3s m\u00e9r\u0151sz\u00e1mok, amelyek lehet\u0151v\u00e9 teszik a k\u00fcl\u00f6nb\u00f6z\u0151 \u00e9rt\u00e9kes\u00edt\u00e9si csatorn\u00e1k teljes\u00edtm\u00e9ny\u00e9nek elemz\u00e9s\u00e9t.<\/li>\n<li>nyomon k\u00f6vet\u00e9s, amely a konverzi\u00f3k\u00f6vet\u00e9ssel egy\u00fctt seg\u00edt elemezni a k\u00fcl\u00f6nb\u00f6z\u0151 \u00e9rt\u00e9kes\u00edt\u00e9si csatorn\u00e1k teljes\u00edtm\u00e9ny\u00e9t.<\/li>\n<li>remarketing, amelyet a hirdet\u00e9si tartalom szem\u00e9lyre szab\u00e1s\u00e1hoz \u00e9s a hirdet\u00e9sek megfelel\u0151 c\u00e9lz\u00e1s\u00e1hoz haszn\u00e1lnak<\/li>\n<li>alapvet\u0151, fontos az oldal alapvet\u0151 funkcionalit\u00e1sa szempontj\u00e1b\u00f3l<\/li>\n<\/ul>\n<p><strong>5.3. Cookie f\u00e1jlok elutas\u00edt\u00e1sa<\/strong><\/p>\n<p>A cookie-k haszn\u00e1lat\u00e1nak be\u00e1ll\u00edt\u00e1sa a b\u00f6ng\u00e9sz\u0151j\u00e9ben szerepel. Internet. Alap\u00e9rtelmez\u00e9s szerint a legt\u00f6bb b\u00f6ng\u00e9sz\u0151 automatikusan elfogadja a s\u00fctiket. A b\u00f6ng\u00e9sz\u0151j\u00e9vel visszautas\u00edthatja ezeket a s\u00fctiket, vagy bizonyos t\u00edpus\u00faakra korl\u00e1tozhatja \u0151ket, amelyeket kifejezetten \u00d6n v\u00e1laszt ki.<\/p>\n<p>A b\u00f6ng\u00e9sz\u0151kr\u0151l \u00e9s a cookie-be\u00e1ll\u00edt\u00e1sokr\u00f3l a k\u00f6vetkez\u0151 weboldalakon vagy m\u00e1s b\u00f6ng\u00e9sz\u0151f\u00e1jlokban tal\u00e1l inform\u00e1ci\u00f3kat<\/p>\n<ul>\n<li><a href=\"https:\/\/support.google.com\/accounts\/answer\/61416?hl=ro&amp;co=GENIE.Platform%3DDesktop&amp;oco=1\">Kr\u00f3m<\/a><\/li>\n<li><a href=\"https:\/\/support.mozilla.org\/ro\/kb\/activarea-si-dezactivarea-cookie-urilor\">Firefox<\/a><\/li>\n<li><a href=\"https:\/\/support.microsoft.com\/ro-ro\/help\/17442\/windows-internet-explorer-delete-manage-cookies\">Internet Explorer<\/a><\/li>\n<li><a href=\"https:\/\/support.google.com\/accounts\/answer\/61416?hl=ro&amp;co=GENIE.Platform%3DAndroid&amp;oco=1\">Android<\/a><\/li>\n<\/ul>\n<p><strong> <\/strong><\/p>\n<p><strong>5.4. Linkek<\/strong><\/p>\n<p>Weboldalunk m\u00e1s weboldalakra mutat\u00f3 linkeket tartalmaz, amelyek praktikusak \u00e9s hasznos inform\u00e1ci\u00f3kat tartalmaznak. Felh\u00edvjuk figyelm\u00e9t, hogy ezek az oldalak m\u00e1s v\u00e1llalatok \u00e9s szervezetek tulajdon\u00e1ban \u00e9s \u00fczemeltet\u00e9s\u00e9ben lehetnek, amelyeknek elt\u00e9r\u0151 biztons\u00e1gi \u00e9s adatv\u00e9delmi szab\u00e1lyzataik lehetnek. C\u00e9g\u00fcnk nem ellen\u0151rzi \u00e9s nem v\u00e1llal felel\u0151ss\u00e9get az ezeken a weboldalakon szerepl\u0151 vagy azokon kereszt\u00fcl el\u00e9rhet\u0151 inform\u00e1ci\u00f3k, anyagok, term\u00e9kek vagy szolg\u00e1ltat\u00e1sok tekintet\u00e9ben.<\/p>\n<ol>\n<li><strong>Kapcsolatfelv\u00e9tel<\/strong><\/li>\n<\/ol>\n<p>Ha b\u00e1rmilyen k\u00e9rd\u00e9se, \u00e9szrev\u00e9tele vagy k\u00e9r\u00e9se van ezekkel az alapelvekkel kapcsolatban, k\u00e9rj\u00fck, l\u00e9pjen kapcsolatba vel\u00fcnk az alapelvek alj\u00e1n megadott c\u00edmen vagy \u00fcgyf\u00e9lszolg\u00e1lati vonalon &#8211; vagy e-mailben.<\/p>\n<p>Kapcsolatfelv\u00e9tel az adatv\u00e9delmi tisztvisel\u0151vel: <u><br \/>\n  <a href=\"mailto:dpo@serenicapelli.com\">dpo@serenicapelli.com<\/a><br \/>\n<\/u>; contact@serenicapelli.com<\/p>\n<p>Sc Sereni Capelli Srl (Sereni Capelli)<\/p>\n<ol>\n<li><strong>\u00c9rv\u00e9nyess\u00e9g<\/strong><\/li>\n<\/ol>\n<p>Ezek az adatv\u00e9delmi elvek 2018.05.01-\u00e9n l\u00e9pnek hat\u00e1lyba.<\/p>\n","protected":false},"excerpt":{"rendered":"<p>Adatv\u00e9delmi ir\u00e1nyelvek Sereni Capelli, a www.serenicapelli.com web\u00e1ruh\u00e1z \u00fczemeltet\u0151je kijelenti, hogy minden szem\u00e9lyes adatot (a tov\u00e1bbiakban: &#8222;adat&#8221;) szigor\u00faan bizalmasan kezel, \u00e9s a szem\u00e9lyes adatok v\u00e9delm\u00e9re vonatkoz\u00f3 hat\u00e1lyos jogszab\u00e1lyoknak megfelel\u0151en kezel. Az \u00d6n szem\u00e9lyes adatainak biztons\u00e1ga sz\u00e1munkra els\u0151dleges fontoss\u00e1g\u00fa. Ennek megfelel\u0151en a legnagyobb figyelmet ford\u00edtjuk a szem\u00e9lyes adatokra \u00e9s azok v\u00e9delm\u00e9re. A szem\u00e9lyes adatok feldolgoz\u00e1s\u00e1nak alapelveiben (&#8222;Alapelvek&#8221;) [&hellip;]<\/p>\n","protected":false},"author":1,"featured_media":0,"parent":0,"menu_order":0,"comment_status":"closed","ping_status":"closed","template":"","meta":{"footnotes":""},"class_list":["post-728075","page","type-page","status-publish","hentry"],"_links":{"self":[{"href":"https:\/\/serenicapelli.com\/hu\/wp-json\/wp\/v2\/pages\/728075","targetHints":{"allow":["GET"]}}],"collection":[{"href":"https:\/\/serenicapelli.com\/hu\/wp-json\/wp\/v2\/pages"}],"about":[{"href":"https:\/\/serenicapelli.com\/hu\/wp-json\/wp\/v2\/types\/page"}],"author":[{"embeddable":true,"href":"https:\/\/serenicapelli.com\/hu\/wp-json\/wp\/v2\/users\/1"}],"replies":[{"embeddable":true,"href":"https:\/\/serenicapelli.com\/hu\/wp-json\/wp\/v2\/comments?post=728075"}],"version-history":[{"count":0,"href":"https:\/\/serenicapelli.com\/hu\/wp-json\/wp\/v2\/pages\/728075\/revisions"}],"wp:attachment":[{"href":"https:\/\/serenicapelli.com\/hu\/wp-json\/wp\/v2\/media?parent=728075"}],"curies":[{"name":"wp","href":"https:\/\/api.w.org\/{rel}","templated":true}]}}