{"id":728065,"date":"2023-02-06T19:24:05","date_gmt":"2023-02-06T17:24:05","guid":{"rendered":"https:\/\/serenicapelli.com\/kerdesek-es-valaszok\/"},"modified":"2023-04-01T18:35:42","modified_gmt":"2023-04-01T16:35:42","slug":"kerdesek-es-valaszok","status":"publish","type":"page","link":"https:\/\/serenicapelli.com\/hu\/kerdesek-es-valaszok\/","title":{"rendered":"K\u00c9RD\u00c9SEK \u00c9S V\u00c1LASZOK"},"content":{"rendered":"\t\t<div data-elementor-type=\"wp-page\" data-elementor-id=\"728065\" class=\"elementor elementor-728065 elementor-727182\" data-elementor-post-type=\"page\">\n\t\t\t\t<div class=\"elementor-element elementor-element-bd2a907 e-flex e-con-boxed e-con e-parent\" data-id=\"bd2a907\" data-element_type=\"container\">\n\t\t\t\t\t<div class=\"e-con-inner\">\n\t\t\t\t<div class=\"elementor-element elementor-element-d6e6f30 elementor-widget elementor-widget-text-editor\" data-id=\"d6e6f30\" data-element_type=\"widget\" data-widget_type=\"text-editor.default\">\n\t\t\t\t<div class=\"elementor-widget-container\">\n\t\t\t\t\t\t\t\t\t<h3>K\u00e9rd\u00e9sek \u00e9s v\u00e1laszok<\/h3>\n<p>Ezen az oldalon v\u00e1laszt tal\u00e1l az \u00fcgyfeleink \u00e1ltal leggyakrabban feltett k\u00e9rd\u00e9sekre.<\/p>\n<p>Ez az inform\u00e1ci\u00f3 seg\u00edt a legjobb eredm\u00e9nyt el\u00e9rni a Sereni Capelli term\u00e9kek haszn\u00e1lata sor\u00e1n.<\/p>\n<p><strong>Milyen garanci\u00e1t kapok arra, hogy ez a term\u00e9k m\u0171k\u00f6dik?<\/strong><\/p>\n<p>A Sereni Capelli term\u00e9kekre a k\u00e9zhezv\u00e9telt\u0151l sz\u00e1m\u00edtott 30 napos garancia vonatkozik. Ha nem el\u00e9gedett a term\u00e9keink legal\u00e1bb 15 napig tart\u00f3 haszn\u00e1lat\u00e1val el\u00e9rt eredm\u00e9nyekkel, akkor a KAPCSOLAT oldalon tal\u00e1lhat\u00f3 inform\u00e1ci\u00f3k seg\u00edts\u00e9g\u00e9vel kapcsolatba l\u00e9phet vel\u00fcnk, \u00e9s mi visszat\u00e9r\u00edtj\u00fck a teljes \u00f6sszeget, bele\u00e9rtve a sz\u00e1ll\u00edt\u00e1si k\u00f6lts\u00e9geket is.<\/p>\n<p><strong>Haszn\u00e1lhatom ezt a term\u00e9ket a szak\u00e1llamra is?<\/strong><\/p>\n<p>Igen, a Sereni Capelli term\u00e9kek szak\u00e1llra is haszn\u00e1lhat\u00f3k, de vigy\u00e1zzon, hogy ne nyelje le a term\u00e9ket, hogy elker\u00fclje a kellemetlens\u00e9geket. Meg kell jegyezni, hogy a szak\u00e1llsz\u0151rzet nagyon durva, \u00e9s nem biztos, hogy olyan gyorsan \u00e9r el eredm\u00e9nyeket, mint a fejb\u0151rsz\u0151rzet. Ez\u00e9rt k\u00e9rj\u00fck, hogy kicsit cs\u00f6kkents\u00e9k az elv\u00e1r\u00e1saikat, \u00e9s legyenek t\u00fcrelmesebbek.<\/p>\n<p><strong>Haszn\u00e1lhatom ezt a term\u00e9ket, ha terhes vagyok? Mi van, ha szoptatok?<\/strong><\/p>\n<p>A Sereni Capelli term\u00e9kek biztons\u00e1gos \u00f6sszetev\u0151kb\u0151l k\u00e9sz\u00fclnek, \u00edgy nem jelentenek kock\u00e1zatot a baba eg\u00e9szs\u00e9g\u00e9re.<br \/>Szoptat\u00e1s alatt is haszn\u00e1lhat\u00f3ak.<\/p>\n<p><strong>Haszn\u00e1lhatom ezt a term\u00e9ket, ha nemr\u00e9g volt hajbe\u00fcltet\u00e9sem?<\/strong><\/p>\n<p>Ha nemr\u00e9giben hajbe\u00fcltet\u00e9sen esett \u00e1t, javasoljuk, hogy v\u00e1rjon legal\u00e1bb 6 h\u00f3napot a Sereni Capelli term\u00e9kek haszn\u00e1lata el\u0151tt.<\/p>\n<p>Ezek alkoholt tartalmaznak, \u00e9s a be\u00fcltetett hajnak id\u0151re van sz\u00fcks\u00e9ge ahhoz, hogy kifejl\u0151dj\u00f6n \u00e9s meger\u0151s\u00f6dj\u00f6n a gy\u00f6kere.<\/p>\n<p>A be\u00fcltet\u00e9st k\u00f6vet\u0151 6 h\u00f3nap eltelt\u00e9vel azonban ak\u00e1r a term\u00e9keink haszn\u00e1lata is aj\u00e1nlott lehet, mivel seg\u00edtenek a haj meger\u0151s\u00edt\u00e9s\u00e9ben \u00e9s a hajhull\u00e1shoz vezet\u0151 bakt\u00e9riumok elt\u00e1vol\u00edt\u00e1s\u00e1ban.<\/p>\n<p><strong>Allergi\u00e1s vagyok a fest\u00e9kre. Haszn\u00e1lhatom ezeket a term\u00e9keket?<\/strong><\/p>\n<p>A Sereni Capelli term\u00e9keket fest\u00e9k helyett haszn\u00e1lhatja, an\u00e9lk\u00fcl, hogy allergi\u00e1t v\u00e1lthatna ki.A Sereni Capelli term\u00e9kek nem tartalmaznak sem fest\u00e9kpigmenteket, sem oxid\u00e1l\u00f3szereket (PEROXID).<\/p>\n<p>B\u00e1r a Sereni Capelli term\u00e9kek vissza\u00e1ll\u00edtj\u00e1k a haj term\u00e9szetes sz\u00edn\u00e9t, semmi k\u00f6z\u00fck a hajfest\u00e9khez.<\/p>\n<p><strong>Psoriasisom (vagy m\u00e1s b\u0151rbetegs\u00e9gem) van, haszn\u00e1lhatom ezt a term\u00e9ket?<\/strong><\/p>\n<p>A &#8222;Lozione&#8221; \u00e9s a &#8222;Crema &#8211; Forte&#8221; kezel\u00e9sek alkoholt tartalmaznak.<br \/>A pikkelys\u00f6m\u00f6r \u00e9s m\u00e1s b\u0151rbetegs\u00e9gek \u00f6sszetetts\u00e9g\u00e9nek ismeret\u00e9ben nem javasoljuk a kezel\u00e9sek alkalmaz\u00e1s\u00e1t, m\u00e9g akkor sem, ha a gy\u00e1rt\u00f3csapat \u00e1ltal v\u00e9gzett vizsg\u00e1latok sor\u00e1n nem jelentkeztek mell\u00e9khat\u00e1sok.<\/p>\n<p>Az &#8222;Intenso Gel&#8221; \u00e9s a &#8222;Sampon&#8221; gyors\u00edt\u00f3k m\u00e9g biztons\u00e1gosabbak, mint a kezel\u00e9sek, de ezeknek a term\u00e9keknek a haszn\u00e1lat\u00e1t is nagy k\u00f6r\u00fcltekint\u00e9ssel kell kezelni.<\/p>\n<p><strong>Gy\u00f3gyszereket szedek. Haszn\u00e1lhatom ezt a term\u00e9ket?<\/strong><\/p>\n<p>A Sereni Capelli term\u00e9kek m\u00e1s kezel\u00e9sekkel egy\u00fctt t\u00f6rt\u00e9n\u0151 haszn\u00e1lata nem korl\u00e1tozott, de a k\u00f6vetkez\u0151ket figyelembe kell vennie:<\/p>\n<ul>\n<li>Ha fel\u00fcleti kezel\u00e9st haszn\u00e1l, p\u00e9ld\u00e1ul olajokat, ken\u0151cs\u00f6ket, spray-ket stb., ne haszn\u00e1lja ugyanazon a fel\u00fcleten, ahol a &#8222;Lozione&#8221; vagy &#8222;Crema-Forte&#8221; kezel\u00e9st alkalmazza, mivel ezek a kezel\u00e9sek val\u00f3sz\u00edn\u0171leg kioltj\u00e1k egym\u00e1st.<\/li>\n<li>A fenti korl\u00e1toz\u00e1sok nem vonatkoznak a &#8222;Sampon&#8221; vagy &#8222;Gel-Intenso&#8221; gyors\u00edt\u00f3kra.<\/li>\n<li>A lenyelhet\u0151 gy\u00f3gyszerek eset\u00e9ben nincsenek korl\u00e1toz\u00e1sok.<\/li>\n<li>Megeml\u00edtj\u00fck, hogy egyes gy\u00f3gyszerek, mint p\u00e9ld\u00e1ul az &#8222;Aszpirin&#8221; \u00e9s a &#8222;Paracetamol&#8221;, ak\u00e1r 40%-kal is cs\u00f6kkenthetik a Sereni Capelli kezel\u00e9sek hat\u00e1s\u00e1t.<\/li>\n<\/ul>\n<div> <\/div>\n<p><strong>T\u00f6bb anyagra is allergi\u00e1s vagyok, haszn\u00e1lhatom ezt a term\u00e9ket?<\/strong><\/p>\n<p>A SERENI CAPELLI TERM\u00c9KEK HASZN\u00c1LAT\u00c1T T\u00d6BBSZ\u00d6R\u00d6S ALLERGI\u00c1SOKNAK NEM AJ\u00c1NLJUK!<\/p>\n<p>A Sereni Capelli term\u00e9kek nem tartalmaznak olyan \u00f6sszetev\u0151ket, amelyek allergi\u00e1t okozhatnak. Azonban alkoholt tartalmaz, \u00e9s b\u0151rirrit\u00e1ci\u00f3t okozhat, ami a nagyon k\u00f6nnyen allergi\u00e1s emberekn\u00e9l allergi\u00e1v\u00e1 v\u00e1lhat.<\/p>\n<p>A t\u00f6bbsz\u00f6r\u00f6sen allergi\u00e1s emberek vagy azok, akik nagyon k\u00f6nnyen \u00e9rz\u00e9kenyek vagy allergi\u00e1sak k\u00fcl\u00f6nb\u00f6z\u0151 anyagokra, n\u00e9ha m\u00e9g a nem allerg\u00e9n anyagokra\/\u00f6sszetev\u0151kre is allergi\u00e1sak lehetnek. Ez\u00e9rt az \u00d6n biztons\u00e1ga \u00e9rdek\u00e9ben nem javasoljuk ezeknek a term\u00e9keknek a haszn\u00e1lat\u00e1t.<\/p>\n<p>Ha azonban val\u00f3ban haszn\u00e1lni szeretn\u00e9 term\u00e9keinket, javasoljuk, hogy nagyon lassan tesztelje, miel\u0151tt az utas\u00edt\u00e1soknak megfelel\u0151en haszn\u00e1ln\u00e1 \u0151ket.<\/p>\n<p><strong>HOGYAN JAVASOLJUK, HOGY J\u00c1RJON EL?<\/strong><\/p>\n<ul>\n<li>El\u0151sz\u00f6r is, k\u00e9rj\u00fck, gondoskodjon arr\u00f3l, hogy a sz\u00fcks\u00e9ges gy\u00f3gyszerek k\u00e9zn\u00e9l legyenek az allergia lek\u00fczd\u00e9s\u00e9re, ha az el\u0151fordulna.<\/li>\n<li>Az \u00d6n biztons\u00e1ga \u00e9rdek\u00e9ben k\u00e9rj\u00fck, gondoskodjon arr\u00f3l, hogy valaki m\u00e1s is legyen \u00d6nnel a szob\u00e1ban, aki sz\u00fcks\u00e9g eset\u00e9n els\u0151seg\u00e9lyt ny\u00fajt, vagy s\u00falyos allergia eset\u00e9n k\u00f3rh\u00e1zba sz\u00e1ll\u00edtja \u00d6nt.<\/li>\n<li>Ezut\u00e1n j\u00f3l r\u00e1zza fel a flakont, majd tegyen egy nagyon kis mennyis\u00e9g\u0171 term\u00e9ket az alkarj\u00e1ra, \u00e9s az ujja hegy\u00e9vel kenje sz\u00e9t 3-4 cm-es ter\u00fcleten.<\/li>\n<li>V\u00e1rjon n\u00e9h\u00e1ny \u00f3r\u00e1t, \u00e9s ha semmi sem t\u00f6rt\u00e9nik, ism\u00e9telje meg ugyanezt az elj\u00e1r\u00e1st a fejb\u0151r\u00f6n a homlok tal\u00e1lkoz\u00e1s\u00e1n\u00e1l.<\/li>\n<li>Ha nem jelentkeznek az allergia jelei, akkor nagyobb ter\u00fcleten alkalmazhatja, \u00e9s a folyamatot legal\u00e1bb 4 alkalommal, legal\u00e1bb 4 \u00f3ra k\u00fcl\u00f6nbs\u00e9ggel megism\u00e9telheti.<\/li>\n<li>Ha nem l\u00e9p fel allergia, de b\u0151rirrit\u00e1ci\u00f3, akkor m\u00e9rlegelje, hogy ezek az irrit\u00e1ci\u00f3k mennyire er\u0151sek \u00e9s mennyire zavar\u00f3ak, hogy felm\u00e9rje, folytatni k\u00edv\u00e1nja-e a kezel\u00e9st.<\/li>\n<li>N\u00e9h\u00e1ny embern\u00e9l el\u0151fordulhat b\u0151rirrit\u00e1ci\u00f3, ami norm\u00e1lis folyamat, de k\u00f6r\u00fclbel\u00fcl 15 haszn\u00e1lat ut\u00e1n megsz\u0171nik.<\/li>\n<li>Nagyon fontos megjegyezni a k\u00fcl\u00f6nbs\u00e9get a b\u0151rirrit\u00e1ci\u00f3 \u00e9s az allergia k\u00f6z\u00f6tt!<\/li>\n<\/ul>\n<div> <\/div>\n<p><strong>Nekem nincs feh\u00e9r hajam! Megkaphatom a t\u00f6bbi juttat\u00e1st?<\/strong><\/p>\n<p>Igen! A Sereni Capelli term\u00e9keket akkor is haszn\u00e1lhatja, ha nem feh\u00e9r a haja, \u00e9s \u00e9lvezheti az \u00f6sszes t\u00f6bbi el\u0151ny\u00e9t.<br \/>A Sereni Capelli term\u00e9kek haszn\u00e1lata, amikor m\u00e9g nincsenek feh\u00e9r sz\u0151rsz\u00e1lak, megakad\u00e1lyozza azok megjelen\u00e9s\u00e9t.<\/p>\n<p><strong>Ezt a term\u00e9ket haszn\u00e1lom, \u00e9s viszket a fejb\u0151r\u00f6m. Mi\u00e9rt?<\/strong><\/p>\n<p>Ha a fejb\u0151r viszket a Sereni Capelli kezel\u00e9sek haszn\u00e1lata k\u00f6zben, az azt jelenti, hogy vagy a fejb\u0151r\u00f6n vannak mikroreped\u00e9sek, \u00e9s ezeket jav\u00edtj\u00e1k, vagy bakt\u00e9riumtelep van, \u00e9s ezeket elt\u00e1vol\u00edtj\u00e1k.<\/p>\n<p>A kezel\u00e9sek 2-3 hetes alkalmaz\u00e1sa ut\u00e1n a viszket\u00e9s megsz\u0171nik, \u00e9s a fejb\u0151r teljesen meggy\u00f3gyul.<\/p>\n<p><strong>Amikor ezt a term\u00e9ket haszn\u00e1lom, a hajamnak rossz szaga lesz. Mi\u00e9rt?<\/strong><\/p>\n<p>Ha d\u00fas a hajad, a bakt\u00e9riumtelepek felhalmoz\u00f3dhatnak a fejb\u0151rben, \u00e9s ak\u00e1r a hajba is v\u00e1ndorolhatnak.<br \/>A Sereni Capelli term\u00e9kek haszn\u00e1lat\u00e1val ezeket a bakt\u00e9riumokat megt\u00e1madj\u00e1k a term\u00e9keinkben l\u00e9v\u0151 anyagok, \u00e9s &#8222;visszav\u00e1gnak&#8221;.<\/p>\n<p>E bakt\u00e9riumok visszaszorul\u00e1s\u00e1nak eredm\u00e9nyek\u00e9nt \u00e1ltal\u00e1ban kellemetlen szag jelenik meg, k\u00fcl\u00f6n\u00f6sen r\u00f6viddel a term\u00e9k alkalmaz\u00e1sa ut\u00e1n.<\/p>\n<p>K\u00f6r\u00fclbel\u00fcl 3 h\u00e9tbe telik, am\u00edg ezek a bakt\u00e9riumok elt\u0171nnek, \u00e9s a szag elt\u0171nik.<\/p>\n<p>E 3 h\u00e9t eltelt\u00e9vel a szagnak szinte teljesen el kell t\u0171nnie, ami annak a jele, hogy a bakt\u00e9riumok elt\u00e1vol\u00edt\u00e1sra ker\u00fcltek.<\/p>\n<p>Ilyen esetekben azt javasoljuk, hogy a &#8222;kezel\u00e9si s\u00e9ma&#8221; szerint folytassa a term\u00e9kek haszn\u00e1lat\u00e1t legal\u00e1bb 5 h\u00e9tig, miel\u0151tt \u00e1tv\u00e1lt a &#8222;konszolid\u00e1ci\u00f3s s\u00e9m\u00e1ra&#8221;.<\/p>\n<p><strong>A b\u0151r\u00f6m v\u00f6r\u00f6s \u00e9s viszket. Mi\u00e9rt?<\/strong><\/p>\n<p>Ha a b\u0151re cs\u00edp \u00e9s kipirosodik, amikor a Sereni Capelli kezel\u00e9seket haszn\u00e1lja, lehet, hogy \u00e9rz\u00e9keny a b\u0151re, vagy olyan b\u0151rbetegs\u00e9gben szenved, amelyr\u0151l nem tud.<br \/>Azonban az is el\u0151fordulhat, hogy a fejb\u0151r b\u0151re olyan mikroreped\u00e9seket tartalmaz, amelyek jav\u00edt\u00e1sra szorulnak.<\/p>\n<p>Javasoljuk, hogy el\u0151sz\u00f6r gy\u0151z\u0151dj\u00f6n meg arr\u00f3l, hogy a kezdeti cs\u00edp\u00e9sen \u00e9s a fejb\u0151r kipirosod\u00e1s\u00e1n k\u00edv\u00fcl nincs-e m\u00e1s hat\u00e1sa a b\u0151rre.<br \/>Ha nem jelentkezik m\u00e1s hat\u00e1s, \u00e9s a v\u00f6r\u00f6s sz\u00edn 2-3 \u00f3r\u00e1n bel\u00fcl elt\u0171nik, ez norm\u00e1lis folyamat, \u00e9s k\u00f6r\u00fclbel\u00fcl 15-20 haszn\u00e1lat ut\u00e1n el kell t\u0171nnie, mivel a fejb\u0151r ellen\u00e1ll\u00f3bb\u00e1 v\u00e1lik.<\/p>\n<p><strong>Haszn\u00e1lom ezt a term\u00e9ket, de nem l\u00e1tom a hat\u00e1st.<\/strong><\/p>\n<p>Annak az es\u00e9lye, hogy a Sereni Capelli kezel\u00e9seket helyesen, az utas\u00edt\u00e1soknak megfelel\u0151en, 14 napon kereszt\u00fcl haszn\u00e1lja, \u00e9s nem \u00e9szlel javul\u00e1st, kevesebb, mint 1 a 100 000-hez.<\/p>\n<p>A bejelentett hat\u00e9konys\u00e1gi hi\u00e1nyoss\u00e1gok t\u00f6bb mint 99%-\u00e1t a kezel\u00e9sek nem megfelel\u0151 alkalmaz\u00e1sa okozta.<\/p>\n<p>A kezel\u00e9s megfelel\u0151 haszn\u00e1lat\u00e1nak biztos\u00edt\u00e1sa \u00e9rdek\u00e9ben k\u00e9rj\u00fck, olvassa el az egyes term\u00e9kek oldal\u00e1t, ahol megtal\u00e1lja a helyes haszn\u00e1lati utas\u00edt\u00e1st.<\/p>\n<p>Ha helyesen haszn\u00e1lod a term\u00e9keket, \u00e9s t\u00e9nyleg egy\u00e1ltal\u00e1n nem \u00e9rsz el eredm\u00e9nyeket, akkor azon ritka emberek k\u00f6z\u00e9 tartozol, akikn\u00e9l a term\u00e9k egyszer\u0171en nem m\u0171k\u00f6dhet.<\/p>\n<p>Ha hat\u00e1sokat \u00e9szlel, de azok nem a k\u00edv\u00e1nt hat\u00e1sok, akkor az al\u00e1bbi helyzetek k\u00f6z\u00fcl egy vagy t\u00f6bb \u00e1ll fenn:<\/p>\n<ul>\n<li>Nem tartotta be a term\u00e9k alkalmaz\u00e1si idej\u00e9t.<\/li>\n<li>Nem haszn\u00e1lt el\u00e9g term\u00e9ket.<\/li>\n<li>Haszn\u00e1lat el\u0151tt ne r\u00e1zza fel el\u00e9gg\u00e9 a flakont.<\/li>\n<li>\u00d6n nem haszn\u00e1lta a term\u00e9ket megfelel\u0151 ideig (\u00e1ltal\u00e1ban 4-6 h\u00e9tig megszak\u00edt\u00e1s n\u00e9lk\u00fcl kell haszn\u00e1lni a term\u00e9ket a kezel\u00e9si \u00fctemterv szerint).<\/li>\n<\/ul>\n\t\t\t\t\t\t\t\t<\/div>\n\t\t\t\t<\/div>\n\t\t\t\t\t<\/div>\n\t\t\t\t<\/div>\n\t\t\t\t<\/div>\n\t\t","protected":false},"excerpt":{"rendered":"<p>K\u00e9rd\u00e9sek \u00e9s v\u00e1laszok Ezen az oldalon v\u00e1laszt tal\u00e1l az \u00fcgyfeleink \u00e1ltal leggyakrabban feltett k\u00e9rd\u00e9sekre. Ez az inform\u00e1ci\u00f3 seg\u00edt a legjobb eredm\u00e9nyt el\u00e9rni a Sereni Capelli term\u00e9kek haszn\u00e1lata sor\u00e1n. Milyen garanci\u00e1t kapok arra, hogy ez a term\u00e9k m\u0171k\u00f6dik? A Sereni Capelli term\u00e9kekre a k\u00e9zhezv\u00e9telt\u0151l sz\u00e1m\u00edtott 30 napos garancia vonatkozik. Ha nem el\u00e9gedett a term\u00e9keink legal\u00e1bb 15 [&hellip;]<\/p>\n","protected":false},"author":1,"featured_media":0,"parent":0,"menu_order":0,"comment_status":"closed","ping_status":"closed","template":"","meta":{"footnotes":""},"class_list":["post-728065","page","type-page","status-publish","hentry"],"_links":{"self":[{"href":"https:\/\/serenicapelli.com\/hu\/wp-json\/wp\/v2\/pages\/728065","targetHints":{"allow":["GET"]}}],"collection":[{"href":"https:\/\/serenicapelli.com\/hu\/wp-json\/wp\/v2\/pages"}],"about":[{"href":"https:\/\/serenicapelli.com\/hu\/wp-json\/wp\/v2\/types\/page"}],"author":[{"embeddable":true,"href":"https:\/\/serenicapelli.com\/hu\/wp-json\/wp\/v2\/users\/1"}],"replies":[{"embeddable":true,"href":"https:\/\/serenicapelli.com\/hu\/wp-json\/wp\/v2\/comments?post=728065"}],"version-history":[{"count":0,"href":"https:\/\/serenicapelli.com\/hu\/wp-json\/wp\/v2\/pages\/728065\/revisions"}],"wp:attachment":[{"href":"https:\/\/serenicapelli.com\/hu\/wp-json\/wp\/v2\/media?parent=728065"}],"curies":[{"name":"wp","href":"https:\/\/api.w.org\/{rel}","templated":true}]}}