{"id":728102,"date":"2021-09-22T07:20:57","date_gmt":"2021-09-22T05:20:57","guid":{"rendered":"https:\/\/serenicapelli.com\/politika-povrata\/"},"modified":"2023-04-01T18:35:48","modified_gmt":"2023-04-01T16:35:48","slug":"politika-povrata","status":"publish","type":"page","link":"https:\/\/serenicapelli.com\/hr\/politika-povrata\/","title":{"rendered":"Politika povrata"},"content":{"rendered":"<p>Zakonski imate pravo odustati od ugovora sklopljenog putem interneta ili telefonski, bez obrazlo\u017eenja razloga, u roku od 14 dana od dana isporuke proizvoda.<\/p>\n<p><!-- \/wp:post-content --><\/p>\n<p><!-- wp:paragraph --><\/p>\n<p>U na\u0161oj tvrtki svaki kupac ima pravo odustati od kupoprodajnog ugovora bez razloga u roku od 14 dana od dana isporuke proizvoda. Pravilo se tako\u0111er odnosi na kupnje u na\u0161im fizi\u010dkim partnerskim trgovinama ili partnerskim platformama.<\/p>\n<p><!-- \/wp:paragraph --><\/p>\n<p><!-- wp:paragraph --><\/p>\n<p> Kako biste mogli ostvariti ovo pravo, morate nas obavijestiti o odluci o raskidu kupoprodajnog ugovora, u navedenom roku. U tom smislu, mo\u017eete nas kontaktirati na <a href=\"mailto:contact@serenicapelli.com\">contact@serenicapelli.com<\/a>  <\/p>\n<p><!-- \/wp:paragraph --><\/p>\n<p><!-- wp:paragraph --><\/p>\n<p> U slu\u010daju va\u0161eg odustajanja od ugovora, vratit \u0107emo vam tro\u0161kove kupnje neiskori\u0161tenih proizvoda. Ako odustanete unutar 14 dana od isporuke proizvoda, tro\u0161kove <strong>povrata<\/strong> snosi na\u0161a tvrtka.<\/p>\n<p><!-- \/wp:paragraph --><\/p>\n<p><!-- wp:paragraph --><\/p>\n<p>Iznosi povrata bit \u0107e dozna\u010deni na va\u0161 bankovni ra\u010dun, u roku od najvi\u0161e 5 dana od povrata proizvoda.<\/p>\n<p><!-- \/wp:paragraph --><\/p>\n<p><!-- wp:list {\"ordered\":true} --><\/p>\n<ol>\n<li>Proizvode je potrebno poslati odmah, najkasnije u roku od 5 dana od dana povla\u010denja.<\/li>\n<li>Imajte na umu da \u0107ete biti odgovorni za svako smanjenje vrijednosti proizvoda kao rezultat rukovanja njima na na\u010din druga\u010diji od potrebnog za upoznavanje s prirodom, svojstvima i funkcionalno\u0161\u0107u proizvoda (npr. ako koristite proizvod \u010dak i iako ste to ve\u0107 probali). Tako\u0111er imajte na umu da nemate pravo odustati od ugovora u slu\u010daju proizvoda izra\u0111enih prema va\u0161im specifikacijama ili personaliziranih proizvoda (npr. pakiranja s personaliziranim gravurama), kao i u slu\u010daju otvorenih i rabljenih proizvoda koji se ne mogu <strong>VRA\u0106ENO <\/strong>iz higijenskih razloga (npr. ako je proizvod otvoren i upotrijebili ste koli\u010dinu s kozmeti\u010dkim pripravkom koji dolazi u izravan dodir s ko\u017eom).<\/li>\n<\/ol>\n","protected":false},"excerpt":{"rendered":"<p>Zakonski imate pravo odustati od ugovora sklopljenog putem interneta ili telefonski, bez obrazlo\u017eenja razloga, u roku od 14 dana od dana isporuke proizvoda. U na\u0161oj tvrtki svaki kupac ima pravo odustati od kupoprodajnog ugovora bez razloga u roku od 14 dana od dana isporuke proizvoda. Pravilo se tako\u0111er odnosi na kupnje u na\u0161im fizi\u010dkim partnerskim [&hellip;]<\/p>\n","protected":false},"author":1,"featured_media":0,"parent":0,"menu_order":0,"comment_status":"closed","ping_status":"closed","template":"","meta":{"footnotes":""},"class_list":["post-728102","page","type-page","status-publish","hentry"],"_links":{"self":[{"href":"https:\/\/serenicapelli.com\/hr\/wp-json\/wp\/v2\/pages\/728102","targetHints":{"allow":["GET"]}}],"collection":[{"href":"https:\/\/serenicapelli.com\/hr\/wp-json\/wp\/v2\/pages"}],"about":[{"href":"https:\/\/serenicapelli.com\/hr\/wp-json\/wp\/v2\/types\/page"}],"author":[{"embeddable":true,"href":"https:\/\/serenicapelli.com\/hr\/wp-json\/wp\/v2\/users\/1"}],"replies":[{"embeddable":true,"href":"https:\/\/serenicapelli.com\/hr\/wp-json\/wp\/v2\/comments?post=728102"}],"version-history":[{"count":0,"href":"https:\/\/serenicapelli.com\/hr\/wp-json\/wp\/v2\/pages\/728102\/revisions"}],"wp:attachment":[{"href":"https:\/\/serenicapelli.com\/hr\/wp-json\/wp\/v2\/media?parent=728102"}],"curies":[{"name":"wp","href":"https:\/\/api.w.org\/{rel}","templated":true}]}}