{"id":728047,"date":"2023-02-06T19:24:05","date_gmt":"2023-02-06T17:24:05","guid":{"rendered":"https:\/\/serenicapelli.com\/pitanja-i-odgovori\/"},"modified":"2023-04-01T18:34:49","modified_gmt":"2023-04-01T16:34:49","slug":"pitanja-i-odgovori","status":"publish","type":"page","link":"https:\/\/serenicapelli.com\/hr\/pitanja-i-odgovori\/","title":{"rendered":"Pitanja i odgovori"},"content":{"rendered":"\t\t<div data-elementor-type=\"wp-page\" data-elementor-id=\"728047\" class=\"elementor elementor-728047 elementor-727182\" data-elementor-post-type=\"page\">\n\t\t\t\t<div class=\"elementor-element elementor-element-bd2a907 e-flex e-con-boxed e-con e-parent\" data-id=\"bd2a907\" data-element_type=\"container\" data-e-type=\"container\">\n\t\t\t\t\t<div class=\"e-con-inner\">\n\t\t\t\t<div class=\"elementor-element elementor-element-d6e6f30 elementor-widget elementor-widget-text-editor\" data-id=\"d6e6f30\" data-element_type=\"widget\" data-e-type=\"widget\" data-widget_type=\"text-editor.default\">\n\t\t\t\t<div class=\"elementor-widget-container\">\n\t\t\t\t\t\t\t\t\t<h3>Pitanja i odgovori<\/h3>\n<p>Na ovoj stranici prona\u0107i \u0107ete odgovore na naj\u010de\u0161\u0107a pitanja na\u0161ih kupaca.<\/p>\n<p>Ove informacije pomo\u0107i \u0107e vam da postignete najbolje rezultate kada koristite Sereni Capelli proizvode.<\/p>\n<p><strong>Kakvo jamstvo imam da ovaj proizvod radi?<\/strong><\/p>\n<p>Proizvodi Sereni Capelli pokriveni su jamstvom od 30 dana od datuma primitka. Ukoliko niste zadovoljni rezultatima dobivenim kori\u0161tenjem na\u0161ih proizvoda najmanje 15 dana, mo\u017eete nas kontaktirati putem podataka na stranici KONTAKT i vratit \u0107emo vam puni iznos, uklju\u010duju\u0107i tro\u0161kove dostave.<\/p>\n<p><strong>Mogu li koristiti ovaj proizvod i na bradi?<\/strong><\/p>\n<p>Da, proizvodi Sereni Capelli mogu se koristiti i na bradi, ali morate paziti da ne progutate proizvod kako biste izbjegli bilo kakvu neugodu. Vrijedno je napomenuti da su dlake na bradi vrlo grube i mo\u017eda ne\u0107ete posti\u0107i rezultate tako brzo kao dlake na tjemenu. Iz tog razloga, molimo vas da malo smanjite svoja o\u010dekivanja i budete strpljiviji.<\/p>\n<p><strong>Mogu li koristiti ovaj proizvod ako sam trudna? \u0160to ako dojim?<\/strong><\/p>\n<p>Proizvodi Sereni Capelli izra\u0111eni su od sigurnih sastojaka, tako da ne predstavljaju nikakav rizik za zdravlje bebe.<br \/>Tako\u0111er su prikladni za kori\u0161tenje tijekom dojenja.<\/p>\n<p><strong>Mogu li koristiti ovaj proizvod ako sam nedavno imao implantat za kosu?<\/strong><\/p>\n<p>Ako ste nedavno bili na ugradnji kose, preporu\u010dujemo da pri\u010dekate najmanje 6 mjeseci prije kori\u0161tenja Sereni Capelli proizvoda.<\/p>\n<p>Sadr\u017ee alkohol i implantiranoj kosi treba vremena da se razvije i oja\u010da korijen.<\/p>\n<p>Me\u0111utim, nakon 6 mjeseci nakon ugradnje implantata kori\u0161tenje na\u0161ih proizvoda mo\u017ee se \u010dak preporu\u010diti jer poma\u017eu u ja\u010danju vlasi kose i eliminiraju bakterije koje mogu dovesti do gubitka kose.<\/p>\n<p><strong>Alergi\u010dna sam na boju. Mogu li koristiti ove proizvode?<\/strong><\/p>\n<p>Proizvode Sereni Capelli mo\u017eete koristiti umjesto boje, bez opasnosti od izazivanja alergije Proizvodi Sereni Capelli ne sadr\u017ee pigmente boje niti oksidanse (PEROKSIDE).<\/p>\n<p>Iako kosi vra\u0107aju prirodnu boju, proizvodi Sereni Capelli nemaju ni\u0161ta zajedni\u010dko s bojama za kosu.<\/p>\n<p><strong>Imam psorijazu (ili drugu ko\u017enu bolest), mogu li koristiti ovaj proizvod?<\/strong><\/p>\n<p>Tretmani &#8220;Lozione&#8221; i &#8220;Crema &#8211; Forte&#8221; sadr\u017ee alkohol.<br \/>Poznavaju\u0107i slo\u017eenost ove bolesti zvane psorijaza, ali i drugih ko\u017enih bolesti, ne preporu\u010damo kori\u0161tenje tretmana, \u010dak i ako nije bilo nuspojava niti u jednom od testova koje je proveo produkcijski tim.<\/p>\n<p>Ubrziva\u010di &#8220;Gel Intenso&#8221; i &#8220;\u0160ampon&#8221; \u010dak su sigurniji za kori\u0161tenje od tretmana, ali kori\u0161tenje ovih proizvoda mora se tretirati s velikim oprezom.<\/p>\n<p><strong>pod lijekovima sam. Mogu li koristiti ovaj proizvod?<\/strong><\/p>\n<p>Primjena proizvoda Sereni Capelli istovremeno s drugim tretmanima nije ograni\u010dena, ali morate voditi ra\u010duna o sljede\u0107em:<\/p>\n<ul>\n<li>Ako koristite povr\u0161inske tretmane kao \u0161to su ulja, masti, sprejevi i sl., nemojte koristiti &#8220;Lozione&#8221; ili &#8220;Crema-Forte&#8221; tretmane na istoj povr\u0161ini, jer \u0107e ti tretmani najvjerojatnije poni\u0161titi jedan drugog.<\/li>\n<li>Gore navedena ograni\u010denja tako\u0111er se ne odnose na akceleratore &#8220;Shampoo&#8221; ili &#8220;Gel-Intenso&#8221;<\/li>\n<li>U slu\u010daju lijekova koji se mogu jesti, nema ograni\u010denja.<\/li>\n<li>Napominjemo da \u0107e neki lijekovi, poput &#8220;Aspirina&#8221; i &#8220;Paracetamola&#8221;, smanjiti u\u010dinak tretmana Sereni Capelli i do 40%<\/li>\n<\/ul>\n<div> <\/div>\n<p><strong>Alergi\u010dan sam na nekoliko tvari, mogu li koristiti ovaj proizvod?<\/strong><\/p>\n<p>NE PREPORU\u010cAMO UPOTREBU SERENI CAPELLI PROIZVODA OSOBAMA S VI\u0160ESTRUKIM ALERGIJAMA!<\/p>\n<p>Proizvodi Sereni Capelli ne sadr\u017ee sastojke koji mogu izazvati alergije. No, sadr\u017ei alkohol i mo\u017ee izazvati iritacije ko\u017ee koje kod ljudi koji vrlo lako postanu alergi\u010dni mogu prerasti u alergije.<\/p>\n<p>Osobe s vi\u0161estrukim alergijama ili koje vrlo lako postanu osjetljive ili alergi\u010dne na razli\u010dite tvari, ponekad mogu postati alergi\u010dne \u010dak i na nealergijske tvari\/sastojke. Zbog toga vam, radi va\u0161e sigurnosti, ne preporu\u010damo kori\u0161tenje ovih proizvoda.<\/p>\n<p>Me\u0111utim, ako doista \u017eelite koristiti na\u0161e proizvode, preporu\u010dujemo da testirate vrlo polako prije upotrebe prema uputama.<\/p>\n<p><strong>KAKO VAM PREPORU\u010cAMO DA POSTUPITE?<\/strong><\/p>\n<ul>\n<li>Prije svega, provjerite imate li pri ruci potrebne lijekove za suzbijanje alergije ako se pojavi.<\/li>\n<li>Radi ve\u0107e sigurnosti, pobrinite se da s Vama u prostoriji bude jo\u0161 netko za pru\u017eanje prve pomo\u0107i u slu\u010daju potrebe ili prijevoz u bolnicu u slu\u010daju jake alergije.<\/li>\n<li>Zatim dobro protresite bo\u010dicu, nakon \u010dega stavite vrlo malu koli\u010dinu proizvoda na podlakticu i vrhom prsta rasporedite na povr\u0161inu od 3-4 cm.<\/li>\n<li>Pri\u010dekajte nekoliko sati i ako se ni\u0161ta ne dogodi, ponovite isti postupak na tjemenu, spojite \u010delo.<\/li>\n<li>Ako nema znakova alergije, mo\u017eete nanijeti ve\u0107u povr\u0161inu i ponoviti postupak najmanje 4 puta u razmaku od najmanje 4 sata.<\/li>\n<li>Ako nema alergija, ali se javljaju iritacije ko\u017ee, analizirajte koliko su te iritacije jake i koliko smetaju kako biste procijenili ho\u0107ete li nastaviti lije\u010denje.<\/li>\n<li>Iritacija ko\u017ee mo\u017ee se pojaviti kod nekih ljudi i to je normalan proces, ali \u0107e nestati nakon otprilike 15 kori\u0161tenja.<\/li>\n<li>Vrlo je va\u017eno uo\u010diti razliku izme\u0111u iritacije ko\u017ee i alergije!<\/li>\n<\/ul>\n<div> <\/div>\n<p><strong>Nemam bijele dlake! Mogu li dobiti druge pogodnosti?<\/strong><\/p>\n<p>Da! Sereni Capelli proizvode mo\u017eete koristiti \u010dak i ako nemate sijede vlasi i u\u017eivati u svim ostalim blagodatima.<br \/>Kori\u0161tenjem Sereni Capelli proizvoda kada nemate sijede vlasi, sprije\u010dit \u0107ete njihov nastanak.<\/p>\n<p><strong>Koristim ovaj proizvod i tjeme me svrbi. Za\u0161to?<\/strong><\/p>\n<p>Ako osjetite svrbe\u017e vlasi\u0161ta tijekom kori\u0161tenja Sereni Capelli tretmana, to zna\u010di da ili va\u0161e vlasi\u0161te sadr\u017ei mikropukotine i one se saniraju ili imate koloniju bakterija i one \u0107e biti uklonjene.<\/p>\n<p>Nakon otprilike 2-3 tjedna kori\u0161tenja na\u0161ih tretmana, svrbe\u017e \u0107e nestati i vlasi\u0161te \u0107e biti potpuno zacijeljeno.<\/p>\n<p><strong>Kada koristim ovaj proizvod, kosa mi smrdi. Za\u0161to?<\/strong><\/p>\n<p>Kada imate gustu kosu, kolonije bakterija mogu se naseliti na tjemenu i \u010dak migrirati na kosu.<br \/>Koriste\u0107i Sereni Capelli proizvode, ove bakterije bivaju napadnute tvarima na\u0161ih proizvoda i &#8220;uzvra\u0107aju udarac&#8221;.<\/p>\n<p>Kao rezultat reakcije ovih bakterija obi\u010dno se javlja neugodan miris, osobito kratko nakon nano\u0161enja proizvoda.<\/p>\n<p>Potrebno je oko 3 tjedna da se te bakterije uklone i miris nestane.<\/p>\n<p>Nakon ta 3 tjedna, miris bi trebao gotovo potpuno nestati, \u0161to je znak da su bakterije uklonjene.<\/p>\n<p>U takvim slu\u010dajevima preporu\u010damo da nastavite koristiti proizvode prema &#8220;shemi lije\u010denja&#8221; najmanje 5 tjedana, prije prelaska na &#8220;shemu konsolidacije&#8221;.<\/p>\n<p><strong>Ko\u017ea mi je crvena i pecka. Za\u0161to?<\/strong><\/p>\n<p>Ako vas ko\u017ea pecka i pocrveni kada koristite Sereni Capelli tretmane, to zna\u010di da imate osjetljivu ko\u017eu ili ko\u017enu bolest za koju ne znate.<br \/>Me\u0111utim, tako\u0111er postoji mogu\u0107nost da ko\u017ea va\u0161eg vlasi\u0161ta sadr\u017ei mikropukotine koje je potrebno popraviti.<\/p>\n<p>Na\u0161a preporuka je da se prvo uvjerite da osim po\u010detnog peckanja i crvenila vlasi\u0161ta nema drugih posljedica na ko\u017ei.<br \/>Ako se ne pojave nikakvi drugi u\u010dinci, a crvena boja nestane za najvi\u0161e 2-3 sata, to je normalan proces i nakon otprilike 15-20 kori\u0161tenja te bi neugodnosti trebale nestati jer ko\u017ea vlasi\u0161ta dobiva veliku otpornost.<\/p>\n<p><strong>Koristim ovaj proizvod ali ne vidim nikakav u\u010dinak.<\/strong><\/p>\n<p>Izgledi da \u0107ete koristiti tretmane Sereni Capelli ispravno prema uputama tijekom 14 dana i da ne\u0107ete vidjeti nikakvo pobolj\u0161anje manji su od 1 prema 100 000.<\/p>\n<p>Utvr\u0111eno je da je vi\u0161e od 99% prijavljenih slu\u010dajeva neu\u010dinkovitosti uzrokovano neodgovaraju\u0107om uporabom tretmana.<\/p>\n<p>Kako biste bili sigurni da ste koristili ispravan tretman, pogledajte stranicu svakog proizvoda koji koristite, gdje \u0107ete prona\u0107i ispravne upute za uporabu.<\/p>\n<p>Ako ste ispravno koristili proizvode i stvarno ne posti\u017eete nikakve rezultate, to zna\u010di da ste jedan od rijetkih ljudi na koje proizvod ne mo\u017ee djelovati.<\/p>\n<p>Ako primijetite u\u010dinke, ali oni nisu \u017eeljeni u\u010dinci, padate u jednu ili vi\u0161e od sljede\u0107ih situacija:<\/p>\n<ul>\n<li>Niste po\u0161tovali vrijeme primjene proizvoda.<\/li>\n<li>Niste upotrijebili dovoljno proizvoda.<\/li>\n<li>Nemojte dovoljno dobro protresti bo\u010dicu prije upotrebe.<\/li>\n<li>Niste koristili proizvod dovoljno dugo (normalno je potrebno koristiti proizvod prema shemi lije\u010denja 4-6 tjedana bez prekida).<\/li>\n<\/ul>\n\t\t\t\t\t\t\t\t<\/div>\n\t\t\t\t<\/div>\n\t\t\t\t\t<\/div>\n\t\t\t\t<\/div>\n\t\t\t\t<\/div>\n\t\t","protected":false},"excerpt":{"rendered":"<p>Pitanja i odgovori Na ovoj stranici prona\u0107i \u0107ete odgovore na naj\u010de\u0161\u0107a pitanja na\u0161ih kupaca. Ove informacije pomo\u0107i \u0107e vam da postignete najbolje rezultate kada koristite Sereni Capelli proizvode. Kakvo jamstvo imam da ovaj proizvod radi? Proizvodi Sereni Capelli pokriveni su jamstvom od 30 dana od datuma primitka. Ukoliko niste zadovoljni rezultatima dobivenim kori\u0161tenjem na\u0161ih proizvoda [&hellip;]<\/p>\n","protected":false},"author":1,"featured_media":0,"parent":0,"menu_order":0,"comment_status":"closed","ping_status":"closed","template":"","meta":{"footnotes":""},"class_list":["post-728047","page","type-page","status-publish","hentry"],"_links":{"self":[{"href":"https:\/\/serenicapelli.com\/hr\/wp-json\/wp\/v2\/pages\/728047","targetHints":{"allow":["GET"]}}],"collection":[{"href":"https:\/\/serenicapelli.com\/hr\/wp-json\/wp\/v2\/pages"}],"about":[{"href":"https:\/\/serenicapelli.com\/hr\/wp-json\/wp\/v2\/types\/page"}],"author":[{"embeddable":true,"href":"https:\/\/serenicapelli.com\/hr\/wp-json\/wp\/v2\/users\/1"}],"replies":[{"embeddable":true,"href":"https:\/\/serenicapelli.com\/hr\/wp-json\/wp\/v2\/comments?post=728047"}],"version-history":[{"count":0,"href":"https:\/\/serenicapelli.com\/hr\/wp-json\/wp\/v2\/pages\/728047\/revisions"}],"wp:attachment":[{"href":"https:\/\/serenicapelli.com\/hr\/wp-json\/wp\/v2\/media?parent=728047"}],"curies":[{"name":"wp","href":"https:\/\/api.w.org\/{rel}","templated":true}]}}