{"id":728115,"date":"2021-09-19T16:48:59","date_gmt":"2021-09-19T14:48:59","guid":{"rendered":"https:\/\/serenicapelli.com\/tearmai-agus-coinniollacha\/"},"modified":"2023-04-01T18:39:50","modified_gmt":"2023-04-01T16:39:50","slug":"tearmai-agus-coinniollacha","status":"publish","type":"page","link":"https:\/\/serenicapelli.com\/ga\/tearmai-agus-coinniollacha\/","title":{"rendered":"T\u00e9arma\u00ed agus Coinn\u00edollacha"},"content":{"rendered":"\t\t<div data-elementor-type=\"wp-page\" data-elementor-id=\"728115\" class=\"elementor elementor-728115 elementor-2663\" data-elementor-post-type=\"page\">\n\t\t\t\t\t\t<section class=\"elementor-section elementor-top-section elementor-element elementor-element-583bb06 elementor-section-boxed elementor-section-height-default elementor-section-height-default\" data-id=\"583bb06\" data-element_type=\"section\" data-e-type=\"section\">\n\t\t\t\t\t\t<div class=\"elementor-container elementor-column-gap-wider\">\n\t\t\t\t\t<div class=\"elementor-column elementor-col-100 elementor-top-column elementor-element elementor-element-2e602e7\" data-id=\"2e602e7\" data-element_type=\"column\" data-e-type=\"column\">\n\t\t\t<div class=\"elementor-widget-wrap elementor-element-populated\">\n\t\t\t\t\t\t<div class=\"elementor-element elementor-element-035f790 elementor-widget elementor-widget-text-editor\" data-id=\"035f790\" data-element_type=\"widget\" data-e-type=\"widget\" data-widget_type=\"text-editor.default\">\n\t\t\t\t<div class=\"elementor-widget-container\">\n\t\t\t\t\t\t\t\t\t<ol>\n<li><strong>Di\u00fascairt tosaigh<\/strong><\/li>\n<\/ol>\n<p>Sainmh\u00edn\u00edonn na T\u00e9arma\u00ed agus Coinn\u00edollacha Gn\u00f3 seo an caidreamh idir \u00e1r gcuideachta, SC Sereni Capelli SRL, mar d\u00edolt\u00f3ir agus oibreoir an r-siopa leis an seoladh gr\u00e9as\u00e1in www.serenicapelli.com, agus tusa, \u00e1r gcustaim\u00e9ir, a thugann conradh ceannaigh i gcr\u00edch linn. .<\/p>\n<p>Cuirimid cur chuige aonfhoirmeach i bhfeidhm d\u00e1r gcustaim\u00e9ir\u00ed go l\u00e9ir agus tairgimid na bunt\u00e1ist\u00ed c\u00e9anna d\u00f3ibh, is cuma m\u00e1s tomhalt\u00f3ir\u00ed iad n\u00f3 nach ea. Mar sin, baineann na rialacha at\u00e1 leagtha amach sna T\u00e9arma\u00ed agus Coinn\u00edollacha Gn\u00f3 seo len\u00e1r gcustaim\u00e9ir\u00ed go l\u00e9ir.<\/p>\n<p>Cl\u00fada\u00edonn na T\u00e9arma\u00ed agus Coinn\u00edollacha seo go pr\u00edomha ceannach t\u00e1irg\u00ed \u00f3n\u00e1r r-siopa. T\u00e1 siad chomh infheidhme maidir le t\u00e1irg\u00ed a cheannach ag baint \u00fas\u00e1ide as an mbeol\u00edne custaim\u00e9ara n\u00f3 cuairt a thabhairt ar cheann d\u00e1r siopa\u00ed comhph\u00e1irt\u00edochta.<\/p>\n<ol start=\"2\">\n<li><strong>An comhaont\u00fa ceannaigh a thabhairt chun cr\u00edche<\/strong><\/li>\n<\/ol>\n<p>Is f\u00e9idir leat comhaont\u00fa ceannaigh a thabhairt i gcr\u00edch linn go cianda, tr\u00edd an r-siopa n\u00f3 beol\u00edne do chustaim\u00e9ir\u00ed, n\u00f3 go pearsanta tr\u00ed chuairt a thabhairt ar cheann d\u00e1r siopa\u00ed comhph\u00e1irt\u00edochta n\u00f3 \u00e1r n-ard\u00e1in chomhph\u00e1irt\u00edochta.<\/p>\n<p>I gc\u00e1s comhaontaithe ciancheannaigh, is dr\u00e9acht-chomhaont\u00fa \u00e9 an t-ord\u00fa &#8211; a chuirtear tr\u00edd an ord\u00fa a sheoladh tr\u00edd an su\u00edomh Gr\u00e9as\u00e1in www.serenicapelli.com n\u00f3 tr\u00ed l\u00edne teileaf\u00f3in an chustaim\u00e9ara. Beidh an t-ord\u00fa bail\u00ed ar feadh tr\u00e9imhse 7 l\u00e1, agus deimhneoimid \u00e9 tr\u00ed r-phost. Mar thoradh air sin, tabharfar an comhaont\u00fa ceannaigh i gcr\u00edch nuair a ghlacfaimid leis an dr\u00e9acht-chomhaont\u00fa, i bhfoirm seachadadh na dt\u00e1irg\u00ed ordaithe. Cuirfimid in i\u00fal duit tr\u00ed r\u00edomhphost faoi loingsi\u00fa na dt\u00e1irg\u00ed.<\/p>\n<p>N\u00ed sheachadaimid earra\u00ed ach sna gn\u00e1thchainn\u00edochta\u00ed le haghaidh tomhaltais int\u00edre. I gc\u00e1sanna \u00e1irithe (go h\u00e1irithe i gc\u00e1s arduithe c\u00e9ime n\u00f3 imr\u00e9itigh stoic), coime\u00e1daimid an ceart chun an t-uasmh\u00e9id is f\u00e9idir linn a shol\u00e1thar a shocr\u00fa.<\/p>\n<ol start=\"3\">\n<li><strong>A tharraingt siar gan ch\u00fais<\/strong><\/li>\n<\/ol>\n<p>T\u00e1 s\u00e9 de cheart agat, de r\u00e9ir an dl\u00ed, tarraingt siar \u00f3 chomhaont\u00fa arna thabhairt i gcr\u00edch ar an Idirl\u00edon n\u00f3 ar an teileaf\u00f3n, gan an ch\u00fais a mh\u00edni\u00fa, laistigh de 14 l\u00e1 \u00f3 sheachadadh na dt\u00e1irg\u00ed. In \u00e1r gcuideachta, t\u00e1 s\u00e9 de cheart ag aon cheannaitheoir tarraingt siar \u00f3n gcomhaont\u00fa ceannaigh gan ch\u00fais ar bith laistigh de 14 l\u00e1 \u00f3 sheachadadh na dt\u00e1irg\u00ed. Baineann an riail freisin le ceannach\u00e1in a dh\u00e9antar in\u00e1r siopa\u00ed comhph\u00e1irt\u00edochta fisiceacha n\u00f3 \u00e1r n-ard\u00e1in chomhph\u00e1irt\u00edochta.<\/p>\n<p>Chun go mbeidh t\u00fa in ann an ceart seo a fheidhmi\u00fa, n\u00ed m\u00f3r duit do chinneadh tarraingt siar \u00f3n gcomhaont\u00fa ceannaigh a chur in i\u00fal d\u00fainn, laistigh den t\u00e9arma thuasluaite. Maidir leis seo, is f\u00e9idir leat teagmh\u00e1il a dh\u00e9anamh linn ag <a href=\"mailto:contact@serenicapelli.com\">contact@serenicapelli.com<\/a>  <\/p>\n<p>M\u00e1 tharraing\u00edonn t\u00fa siar \u00f3n gcomhaont\u00fa, ais\u00edocfaimid costas ceannaigh na dt\u00e1irg\u00ed n\u00e1r \u00fas\u00e1ideadh. M\u00e1 tharraing\u00edonn t\u00fa siar laistigh de 14 l\u00e1 \u00f3 sheachadadh na dt\u00e1irg\u00ed, \u00edocfaidh \u00e1r gcuideachta na costais tuairisce\u00e1in.<\/p>\n<ol>\n<li>Is g\u00e1 na t\u00e1irg\u00ed a sheoladh l\u00e1ithreach, tr\u00e1th nach d\u00e9ana\u00ed n\u00e1 5 l\u00e1 \u00f3n d\u00e1ta tarraingthe siar,<\/li>\n<li>Tabhair faoi deara go mbeidh t\u00fa freagrach as aon laghd\u00fa ar luach na dt\u00e1irg\u00ed mar thoradh ar iad a l\u00e1imhse\u00e1il ar bhealach eile nach bhfuil riachtanach chun eolas a chur ar n\u00e1d\u00far, air\u00edonna agus feidhmi\u00falacht an t\u00e1irge (m.sh. m\u00e1 \u00fas\u00e1ideann t\u00fa t\u00e1irge c\u00e9 go t\u00e1 iarracht d\u00e9anta agat cheana f\u00e9in). Tabhair faoi deara freisin nach bhfuil s\u00e9 de cheart agat tarraingt siar \u00f3n gcomhaont\u00fa i gc\u00e1s t\u00e1irg\u00ed a dh\u00e9antar de r\u00e9ir do shonra\u00edochta\u00ed n\u00f3 t\u00e1irg\u00ed pearsantaithe (m.sh. pac\u00e1isti\u00fa le greanta pearsantaithe), agus i gc\u00e1s t\u00e1irg\u00ed a oscla\u00edodh agus a \u00fas\u00e1idtear nach f\u00e9idir a thabhairt ar ais. ar ch\u00faiseanna sl\u00e1inteachais (m.sh., m\u00e1 oscla\u00edodh an t\u00e1irge agus m\u00e1 d\u2019\u00fas\u00e1id t\u00fa an m\u00e9id le hullmh\u00fa cosmaideacha a thagann i dteagmh\u00e1il dh\u00edreach leis an gcraiceann).<\/li>\n<\/ol>\n<p><strong>4. Gear\u00e1in<\/strong><\/p>\n<p>M\u00e1 t\u00e1 na t\u00e1irg\u00ed lochtach ar sheachadadh, is f\u00e9idir linn aont\u00fa ar ch\u00faiteamh i bhfoirm dearbh\u00e1n. T\u00e1 s\u00e9 de cheart agat freisin iarraidh go nd\u00e9anfa\u00ed an locht a dh\u00edchur i bhfoirm athshol\u00e1thair. M\u00e1s rud \u00e9 go bhfuil s\u00e9 dodh\u00e9anta n\u00f3 neamhphraitici\u00fail d\u00fainn an locht a leigheas, t\u00e1 s\u00e9 de cheart agat laghd\u00fa ar an bpraghas ceannaigh a \u00e9ileamh agus, m\u00e1 t\u00e1 an locht suntasach, is f\u00e9idir leat tarraingt siar \u00f3n gcomhaont\u00fa ceannaigh freisin.<\/p>\n<p>Measfar t\u00e1irg\u00ed a bheith lochtach go h\u00e1irithe nuair nach bhfuil na gn\u00e1th-air\u00edonna n\u00f3 na hair\u00edonna curtha i l\u00e1thair acu, nach bhfreastala\u00edonn siad ar an gcusp\u00f3ir, nach gcomhl\u00edonann siad ceanglais dhl\u00edthi\u00fala n\u00f3 nach ndearnadh iad a sheachadadh sa chainn\u00edocht chomhaontaithe. Tabhair faoi deara le do thoil nach f\u00e9idir \u00edogaireacht mh\u00e9adaithe n\u00f3 imoibri\u00fa aill\u00e9irgeach ar na t\u00e1irg\u00ed seachadta a mheas mar lochtanna t\u00e1irge. Chomh maith leis sin, n\u00ed f\u00e9idir easnaimh i mbronntanais agus earra\u00ed in aisce eile a chuirimid ar f\u00e1il thar theorainneacha d&#8217;ord\u00fa a mheas mar lochtanna. N\u00edl na h\u00edomh\u00e1nna de na t\u00e1irg\u00ed in\u00e1r siopa ach l\u00e9iritheach agus n\u00ed l\u00e9iri\u00fa \u00e9igeantach iad ar air\u00edonna na n-earra\u00ed (m.sh. f\u00e9adfaidh an pac\u00e1isti\u00fa a bheith difri\u00fail, mar gheall ar athr\u00fa a chuir an monar\u00f3ir i bhfeidhm).<\/p>\n<p>Beidh \u00e1thas orainn gach ceist maidir le gear\u00e1in a fhreagairt ag contact@serencapelli.net <\/p>\n<p>Cuirfimid t\u00fa ar an eolas faoi dhul chun cinn an ghear\u00e1in, go h\u00e1irithe faoin ngear\u00e1n a fh\u00e1il, a ghlacadh n\u00f3 a dhi\u00falt\u00fa, tr\u00ed r\u00edomhphost n\u00f3 tr\u00ed SMS. F\u00e9adfaimid teagmh\u00e1il a dh\u00e9anamh leat freisin ar an nguth\u00e1n.<\/p>\n<p>D\u00e9anfaimid cinneadh ar an ngear\u00e1n gan mhoill. Is gn\u00e1ch go dt\u00f3gann r\u00e9 r\u00e9iteach an ghear\u00e1in, lena n-\u00e1ir\u00edtear deireadh a chur le lochtanna, \u00f3 l\u00e1 amh\u00e1in go 30 l\u00e1. Seachas sin, t\u00e1 s\u00e9 de cheart agat tarraingt siar \u00f3n gcomhaont\u00fa ceannaigh. T\u00e1 s\u00e9 riachtanach go bhfuil t\u00fa an c\u00fanamh riachtanach a shol\u00e1thar d\u00fainn chun an spriocdh\u00e1ta thuas a bhaint amach.<\/p>\n<ol start=\"5\">\n<li><strong>Modh \u00edoca\u00edochta agus seachadta<\/strong><\/li>\n<\/ol>\n<p>Is f\u00e9idir leat do mhodh \u00edoca\u00edochta agus seachadta a roghn\u00fa \u00f3 na roghanna a chuirimid ar f\u00e1il. Sula seoltar d\u2019ord\u00fa, cuirfimid in i\u00fal duit do mhodh \u00edoca\u00edochta roghnaithe agus do chostais ghaolmhara.<\/p>\n<p>Faoi l\u00e1thair, glacaimid le h\u00edoca\u00edocht ar sheachadadh agus \u00edoca\u00edocht ar l\u00edne le c\u00e1rta tr\u00ed sheirbh\u00eds\u00ed euplatesc.ro.<\/p>\n<p>Coime\u00e1daimid an ceart chun t\u00e1irg\u00ed a sheachadadh saor in aisce i gc\u00e1sanna \u00e1irithe.<\/p>\n<ol start=\"6\">\n<li><strong>ilghn\u00e9itheach<\/strong><\/li>\n<\/ol>\n<p>Cuirimid lascain\u00ed \u00e9ags\u00fala, bronntanais agus dearbh\u00e1in eile ar f\u00e1il d\u00e1r gcustaim\u00e9ir\u00ed. T\u00e1 a n-\u00fas\u00e1id \u00e1 rial\u00fa ag rialacha \u00e1irithe, a chuirfear in i\u00fal don chliant ina n-aonar, i ngach c\u00e1s. Mura luaitear a mhalairt, n\u00ed f\u00e9idir gach lascaine n\u00f3 dearbh\u00e1n bronntanais a \u00fas\u00e1id ach uair amh\u00e1in agus n\u00ed f\u00e9idir ach dearbh\u00e1n amh\u00e1in den chine\u00e1l c\u00e9anna a \u00fas\u00e1id laistigh den ord\u00fa c\u00e9anna. Mura luaitear a mhalairt, n\u00ed f\u00e9idir lascain\u00ed a chomhcheangal. M\u00e1 sh\u00e1ra\u00edonn luach an dearbh\u00e1in bronntanais luach an cheannaigh, n\u00ed aistreofar an difr\u00edocht chuig dearbh\u00e1n nua agus n\u00ed ais\u00edocfar an m\u00e9id n\u00e1r \u00fas\u00e1ideadh.<\/p>\n<p>Maidir le do cheannach\u00e1n, f\u00e9adfaidh t\u00fa ceistneoir meast\u00f3ireachta a fh\u00e1il \u00f3 thr\u00ed\u00fa p\u00e1irt\u00ed. Is f\u00e9idir leat do thaith\u00ed siopad\u00f3ireachta agus t\u00e1irg\u00ed a roinnt le daoine eile freisin. Beimid an-s\u00e1sta m\u00e1 thoil\u00edonn t\u00fa an ceistneoir a chomhl\u00e1n\u00fa.<\/p>\n\t\t\t\t\t\t\t\t<\/div>\n\t\t\t\t<\/div>\n\t\t\t\t\t<\/div>\n\t\t<\/div>\n\t\t\t\t\t<\/div>\n\t\t<\/section>\n\t\t\t\t<\/div>\n\t\t","protected":false},"excerpt":{"rendered":"<p>Di\u00fascairt tosaigh Sainmh\u00edn\u00edonn na T\u00e9arma\u00ed agus Coinn\u00edollacha Gn\u00f3 seo an caidreamh idir \u00e1r gcuideachta, SC Sereni Capelli SRL, mar d\u00edolt\u00f3ir agus oibreoir an r-siopa leis an seoladh gr\u00e9as\u00e1in www.serenicapelli.com, agus tusa, \u00e1r gcustaim\u00e9ir, a thugann conradh ceannaigh i gcr\u00edch linn. . Cuirimid cur chuige aonfhoirmeach i bhfeidhm d\u00e1r gcustaim\u00e9ir\u00ed go l\u00e9ir agus tairgimid na bunt\u00e1ist\u00ed [&hellip;]<\/p>\n","protected":false},"author":1,"featured_media":0,"parent":0,"menu_order":40,"comment_status":"closed","ping_status":"closed","template":"","meta":{"footnotes":""},"class_list":["post-728115","page","type-page","status-publish","hentry"],"_links":{"self":[{"href":"https:\/\/serenicapelli.com\/ga\/wp-json\/wp\/v2\/pages\/728115","targetHints":{"allow":["GET"]}}],"collection":[{"href":"https:\/\/serenicapelli.com\/ga\/wp-json\/wp\/v2\/pages"}],"about":[{"href":"https:\/\/serenicapelli.com\/ga\/wp-json\/wp\/v2\/types\/page"}],"author":[{"embeddable":true,"href":"https:\/\/serenicapelli.com\/ga\/wp-json\/wp\/v2\/users\/1"}],"replies":[{"embeddable":true,"href":"https:\/\/serenicapelli.com\/ga\/wp-json\/wp\/v2\/comments?post=728115"}],"version-history":[{"count":0,"href":"https:\/\/serenicapelli.com\/ga\/wp-json\/wp\/v2\/pages\/728115\/revisions"}],"wp:attachment":[{"href":"https:\/\/serenicapelli.com\/ga\/wp-json\/wp\/v2\/media?parent=728115"}],"curies":[{"name":"wp","href":"https:\/\/api.w.org\/{rel}","templated":true}]}}