{"id":728089,"date":"2021-09-22T07:20:57","date_gmt":"2021-09-22T05:20:57","guid":{"rendered":"https:\/\/serenicapelli.com\/beartas-um-fhilleadh\/"},"modified":"2023-04-01T18:35:48","modified_gmt":"2023-04-01T16:35:48","slug":"beartas-um-fhilleadh","status":"publish","type":"page","link":"https:\/\/serenicapelli.com\/ga\/beartas-um-fhilleadh\/","title":{"rendered":"Beartas um Fhilleadh"},"content":{"rendered":"<p>T\u00e1 s\u00e9 de cheart agat, de r\u00e9ir an dl\u00ed, tarraingt siar \u00f3 chomhaont\u00fa arna thabhairt i gcr\u00edch ar an Idirl\u00edon n\u00f3 ar an teileaf\u00f3n, gan an ch\u00fais a mh\u00edni\u00fa, laistigh de 14 l\u00e1 \u00f3 sheachadadh na dt\u00e1irg\u00ed.<\/p>\n<p><!-- \/wp:post-content --><\/p>\n<p><!-- wp:paragraph --><\/p>\n<p>In \u00e1r gcuideachta, t\u00e1 s\u00e9 de cheart ag aon cheannaitheoir tarraingt siar \u00f3n gcomhaont\u00fa ceannaigh gan ch\u00fais ar bith laistigh de 14 l\u00e1 \u00f3 sheachadadh na dt\u00e1irg\u00ed. Baineann an riail freisin le ceannach\u00e1in a dh\u00e9antar in\u00e1r siopa\u00ed comhph\u00e1irt\u00edochta fisiceacha n\u00f3 \u00e1r n-ard\u00e1in chomhph\u00e1irt\u00edochta.<\/p>\n<p><!-- \/wp:paragraph --><\/p>\n<p><!-- wp:paragraph --><\/p>\n<p> Chun go mbeidh t\u00fa in ann an ceart seo a fheidhmi\u00fa, n\u00ed m\u00f3r duit do chinneadh tarraingt siar \u00f3n gcomhaont\u00fa ceannaigh a chur in i\u00fal d\u00fainn, laistigh den t\u00e9arma thuasluaite. Maidir leis seo, is f\u00e9idir leat teagmh\u00e1il a dh\u00e9anamh linn ag <a href=\"mailto:contact@serenicapelli.com\">contact@serenicapelli.com<\/a>  <\/p>\n<p><!-- \/wp:paragraph --><\/p>\n<p><!-- wp:paragraph --><\/p>\n<p> M\u00e1 tharraing\u00edonn t\u00fa siar \u00f3n gcomhaont\u00fa, ais\u00edocfaimid costas ceannaigh na dt\u00e1irg\u00ed n\u00e1r \u00fas\u00e1ideadh. M\u00e1 tharraing\u00edonn t\u00fa siar laistigh de 14 l\u00e1 \u00f3 sheachadadh na dt\u00e1irg\u00ed, \u00edocfaidh \u00e1r gcuideachta na costais <strong>tuairisce\u00e1in<\/strong> .<\/p>\n<p><!-- \/wp:paragraph --><\/p>\n<p><!-- wp:paragraph --><\/p>\n<p>Aistreofar na suimeanna ais\u00edoctha chuig do chuntas bainc, laistigh de 5 l\u00e1 ar a mh\u00e9id \u00f3 sheoladh ar ais na dt\u00e1irg\u00ed.<\/p>\n<p><!-- \/wp:paragraph --><\/p>\n<p><!-- wp:list {\"ordered\":true} --><\/p>\n<ol>\n<li>Is g\u00e1 na t\u00e1irg\u00ed a sheoladh l\u00e1ithreach, tr\u00e1th nach d\u00e9ana\u00ed n\u00e1 5 l\u00e1 \u00f3n d\u00e1ta a tarraing\u00edodh siar iad.<\/li>\n<li>Tabhair faoi deara go mbeidh t\u00fa freagrach as aon laghd\u00fa ar luach na dt\u00e1irg\u00ed mar thoradh ar iad a l\u00e1imhse\u00e1il ar bhealach eile nach bhfuil riachtanach chun eolas a chur ar n\u00e1d\u00far, air\u00edonna agus feidhmi\u00falacht an t\u00e1irge (m.sh. m\u00e1 \u00fas\u00e1ideann t\u00fa t\u00e1irge c\u00e9 go t\u00e1 iarracht d\u00e9anta agat cheana f\u00e9in). Tabhair faoi deara freisin nach bhfuil s\u00e9 de cheart agat tarraingt siar \u00f3n gcomhaont\u00fa i gc\u00e1s t\u00e1irg\u00ed a dh\u00e9antar de r\u00e9ir do shonra\u00edochta\u00ed n\u00f3 t\u00e1irg\u00ed pearsantaithe (m.sh. pac\u00e1isti\u00fa le greanta pearsantaithe), agus i gc\u00e1s t\u00e1irg\u00ed a oscla\u00edodh agus a \u00fas\u00e1idtear nach f\u00e9idir a \u00fas\u00e1id. <strong>AR AIS <\/strong>ar ch\u00faiseanna sl\u00e1inteachais (m.sh., m\u00e1 oscla\u00edodh an t\u00e1irge agus m\u00e1 d\u2019\u00fas\u00e1id t\u00fa an m\u00e9id le hullmh\u00fa cosmaideacha a thagann i dteagmh\u00e1il dh\u00edreach leis an gcraiceann).<\/li>\n<\/ol>\n","protected":false},"excerpt":{"rendered":"<p>T\u00e1 s\u00e9 de cheart agat, de r\u00e9ir an dl\u00ed, tarraingt siar \u00f3 chomhaont\u00fa arna thabhairt i gcr\u00edch ar an Idirl\u00edon n\u00f3 ar an teileaf\u00f3n, gan an ch\u00fais a mh\u00edni\u00fa, laistigh de 14 l\u00e1 \u00f3 sheachadadh na dt\u00e1irg\u00ed. In \u00e1r gcuideachta, t\u00e1 s\u00e9 de cheart ag aon cheannaitheoir tarraingt siar \u00f3n gcomhaont\u00fa ceannaigh gan ch\u00fais ar [&hellip;]<\/p>\n","protected":false},"author":1,"featured_media":0,"parent":0,"menu_order":0,"comment_status":"closed","ping_status":"closed","template":"","meta":{"footnotes":""},"class_list":["post-728089","page","type-page","status-publish","hentry"],"_links":{"self":[{"href":"https:\/\/serenicapelli.com\/ga\/wp-json\/wp\/v2\/pages\/728089","targetHints":{"allow":["GET"]}}],"collection":[{"href":"https:\/\/serenicapelli.com\/ga\/wp-json\/wp\/v2\/pages"}],"about":[{"href":"https:\/\/serenicapelli.com\/ga\/wp-json\/wp\/v2\/types\/page"}],"author":[{"embeddable":true,"href":"https:\/\/serenicapelli.com\/ga\/wp-json\/wp\/v2\/users\/1"}],"replies":[{"embeddable":true,"href":"https:\/\/serenicapelli.com\/ga\/wp-json\/wp\/v2\/comments?post=728089"}],"version-history":[{"count":0,"href":"https:\/\/serenicapelli.com\/ga\/wp-json\/wp\/v2\/pages\/728089\/revisions"}],"wp:attachment":[{"href":"https:\/\/serenicapelli.com\/ga\/wp-json\/wp\/v2\/media?parent=728089"}],"curies":[{"name":"wp","href":"https:\/\/api.w.org\/{rel}","templated":true}]}}