{"id":728081,"date":"2022-08-15T10:39:10","date_gmt":"2022-08-15T08:39:10","guid":{"rendered":"https:\/\/serenicapelli.com\/beartas-priobhaideachais\/"},"modified":"2022-08-15T10:39:10","modified_gmt":"2022-08-15T08:39:10","slug":"beartas-priobhaideachais","status":"publish","type":"page","link":"https:\/\/serenicapelli.com\/ga\/beartas-priobhaideachais\/","title":{"rendered":"Beartas Pr\u00edobh\u00e1ideachais"},"content":{"rendered":"<p><strong>Beartas Pr\u00edobh\u00e1ideachais<\/strong><\/p>\n<p>Dearbha\u00edonn Sereni Capelli, oibreoir an siopa ar l\u00edne www.serenicapelli.com, go meastar go bhfuil na sonra\u00ed pearsanta go l\u00e9ir (&#8220;sonra\u00ed&#8221; anseo feasta) faoi r\u00fan daingean agus go gcaitear leo de r\u00e9ir na ndl\u00edthe at\u00e1 i bhfeidhm i r\u00e9imse na cosanta sonra\u00ed pearsanta.<\/p>\n<p>T\u00e1 sl\u00e1nd\u00e1il do shonra\u00ed pearsanta mar thosa\u00edocht againn. D\u00e1 r\u00e9ir sin, tugaimid an aird is m\u00f3 ar shonra\u00ed pearsanta agus ar a gcosaint. Mar chuid de na Prionsabail Pr\u00f3ise\u00e1la Sonra\u00ed Pearsanta (\u201cPrionsabail\u201d) seo, ba mhaith linn a chur in i\u00fal duit cad iad na sonra\u00ed pearsanta a bhail\u00edmid f\u00fat agus conas a leanaimid \u00e1 n-\u00fas\u00e1id.<\/p>\n<ol>\n<li><strong>Sonra\u00ed pearsanta agus a bpr\u00f3ise\u00e1il<\/strong><\/li>\n<\/ol>\n<p><strong>1.1. Catag\u00f3ir\u00ed sonra\u00ed pearsanta<\/strong><\/p>\n<p>Bail\u00edmid faisn\u00e9is \u00e9ags\u00fala ag brath ar na seirbh\u00eds\u00ed \u00f3n\u00e1r dtairiscint a roghna\u00edonn t\u00fa a \u00fas\u00e1id.<\/p>\n<p>M\u00e1 cheanna\u00edonn t\u00fa uainn, bail\u00edmid:<\/p>\n<ul>\n<li>Ainm agus sonra\u00ed teagmh\u00e1la. C\u00e9adainm agus sloinne, seoladh r\u00edomhphoist, seoladh poist, seoladh bille\u00e1la, uimhir theileaf\u00f3in agus sonra\u00ed bainc bille\u00e1la, faisn\u00e9is \u00edoca\u00edochta.<\/li>\n<li>Sonra\u00ed d\u00e9imeagrafacha. D&#8217;fhaisn\u00e9is inscne, d\u00e1ta breithe, t\u00edr agus teanga roghnaithe.<\/li>\n<li>Na sonra\u00ed at\u00e1 le feice\u00e1il le linn don chonradh a bheith ann \u2013 t\u00e1irg\u00ed ceannaithe, deighleog an chustaim\u00e9ara, m\u00e9id na seirbh\u00eds\u00ed a cuireadh ar f\u00e1il<\/li>\n<\/ul>\n<p><strong>1.2. Aidhm na pr\u00f3ise\u00e1la sonra\u00ed pearsanta:<\/strong><\/p>\n<ul>\n<li><strong>Seirbh\u00eds\u00ed a shol\u00e1thar agus iad a fheabhs\u00fa<\/strong> . Chun na seirbh\u00eds\u00ed a chuirtear ar f\u00e1il a shol\u00e1thar agus a fheabhs\u00fa chun do sh\u00e1stachta, pr\u00f3ise\u00e1laimid do shonra\u00ed pearsanta. Go sonrach, cuims\u00edonn siad:\n<ul>\n<li><strong>Orduithe a phr\u00f3ise\u00e1il le haghaidh t\u00e1irg\u00ed n\u00f3 seirbh\u00eds\u00ed<\/strong> , arna ord\u00fa tr\u00edn\u00e1r su\u00edomh Gr\u00e9as\u00e1in n\u00f3 tr\u00edn\u00e1r mbeol\u00edne do chustaim\u00e9ir\u00ed. Anseo, is \u00e9 an ch\u00fais dl\u00ed go bhfuil na sonra\u00ed f\u00edor-riachtanach chun an conradh ceannaigh a chur i gcr\u00edch, agus t\u00e1 roinnt faisn\u00e9ise f\u00edor-riachtanach chun oibleag\u00e1id\u00ed dl\u00edthi\u00fala a chomhl\u00edonadh (m.sh. doicim\u00e9id chuntasa\u00edochta).<\/li>\n<li><strong>F\u00f3gra maidir le hinfhaighteacht t\u00e1irge<\/strong> . M\u00e1 iarrann t\u00fa monat\u00f3ireacht a dh\u00e9anamh ar infhaighteacht earra, d\u00e9anaimid do shonra\u00ed a phr\u00f3ise\u00e1il. pearsanta bunaithe ar do thoili\u00fa<\/li>\n<li><strong>Seirbh\u00eds do chustaim\u00e9ir\u00ed. Chun seirbh\u00eds\u00ed a shol\u00e1thar do chustaim\u00e9ir\u00ed agus deireadh a chur le fadhbanna f\u00e9ideartha i <\/strong>fhorghn\u00edomh\u00fa an chonartha d\u00edolach\u00e1in, pr\u00f3ise\u00e1ilimid sonra\u00ed pearsanta bunaithe ar an ng\u00e1 at\u00e1 le clo\u00ed leis na conartha\u00ed seo.<\/li>\n<li><strong>cumars\u00e1ide<\/strong>. Bainimid \u00fas\u00e1id as na sonra\u00ed a bhail\u00edtear chun cr\u00edche cumars\u00e1id a dh\u00e9anamh leat ar bhealach pearsantaithe. Mar shampla, d\u2019fh\u00e9adfaimis teagmh\u00e1il a dh\u00e9anamh leat ar an nguth\u00e1n, tr\u00ed r\u00edomhphost n\u00f3 ar mhodhanna eile chun a mheabhr\u00fa duit go bhfuil t\u00e1irg\u00ed i do chairt siopad\u00f3ireachta ar l\u00edne, chun cabhr\u00fa leat d\u2019ord\u00fa a chomhl\u00e1n\u00fa, chun st\u00e1das reatha d\u2019ordaithe, d\u2019ordaithe n\u00f3 do ghear\u00e1in a chur in i\u00fal do faisn\u00e9is bhreise a fh\u00e1il, m\u00e1s infheidhme, n\u00f3 a chur in i\u00fal duit gur g\u00e1 duit beart a dh\u00e9anamh chun do chuntas a choinne\u00e1il gn\u00edomhach.. M\u00e1 cheanna\u00edonn t\u00fa uainn mar bhall, pr\u00f3ise\u00e1laimid na sonra\u00ed seo mar gheall ar leas dlisteanach, a eascra\u00edonn as leas dlisteanach an cuideachta Sc SereniCapelli Srl mar a thuairisc\u00edtear thuas.<\/li>\n<li><strong>Seirbh\u00eds\u00ed a Fheabhs\u00fa<\/strong> . Bainimid \u00fas\u00e1id as sonra\u00ed chun \u00e1r seirbh\u00eds\u00ed agus \u00e1r gc\u00f3rais a fheabhs\u00fa go lean\u00fanach, lena n-\u00e1ir\u00edtear gn\u00e9ithe nua a chur leis, agus freisin chun cinnt\u00ed eolasacha a dh\u00e9anamh ag baint \u00fas\u00e1ide as anail\u00eds ioml\u00e1n agus faisn\u00e9is ghn\u00f3, iad seo ar fad bunaithe ar \u00e1r leas dlisteanach a dh\u00edortha\u00edtear \u00f3 shaoirse gn\u00f3 agus an g\u00e1 at\u00e1 le feabhas a chur ar na seirbh\u00eds\u00ed a shol\u00e1thra\u00edtear, a choime\u00e1d ar bun. ioma\u00edochas. Chun cosaint imleor do chearta agus leasanna a chinnti\u00fa, chun na seirbh\u00eds\u00ed a fheabhs\u00fa \u00fas\u00e1idfimid sonra\u00ed pearsanta chomh anaithnid agus is f\u00e9idir.<\/li>\n<\/ul>\n<\/li>\n<li><strong>Cosaint, Sl\u00e1nd\u00e1il agus R\u00e9iteach D\u00edosp\u00f3ide<\/strong> . Is f\u00e9idir linn freisin na sonra\u00ed a phr\u00f3ise\u00e1il ar mhaithe le leas dlisteanach, arb \u00e9 at\u00e1 ann cosaint agus sl\u00e1nd\u00e1il \u00e1r gc\u00f3ras agus \u00e1r gcustaim\u00e9ir\u00ed a \u00e1irithi\u00fa, chun calaois a chosc agus a bhrath, d\u00edosp\u00f3id\u00ed a r\u00e9iteach agus \u00e1r gcomhaontuithe a chur chun feidhme, bunaithe ar an leas dlisteanach.<\/li>\n<li><strong>Tairiscint\u00ed marga\u00edochta<\/strong> .\n<ul>\n<li>Cumars\u00e1id tr\u00e1cht\u00e1la\n<ul>\n<li>Seolaimid cumars\u00e1id\u00ed tr\u00e1cht\u00e1la chugat maidir le t\u00e1irg\u00ed cos\u00fail leis na cinn a cheannaigh t\u00fa.<\/li>\n<li>B\u00edonn an deis agat i gc\u00f3na\u00ed na cumars\u00e1id\u00ed tr\u00e1cht\u00e1la seo a dhi\u00falt\u00fa, ag baint \u00fas\u00e1ide as an r\u00edomhphost <u><a href=\"mailto:contact@serenicapelli.com\">contact@serenicapelli.com<\/a><\/u> chun d\u00edliost\u00e1il.<\/li>\n<li>M\u00e1 dh\u00edlios\u00e1lann t\u00fa \u00f3 theachtaireachta\u00ed tr\u00e1cht\u00e1la, n\u00ed \u00fas\u00e1idfimid do shonra\u00ed a thuilleadh. teagmh\u00e1il leictreonach chun na gcr\u00edoch sin. N\u00ed \u00fas\u00e1idfimid ar\u00eds iad ach amh\u00e1in m\u00e1 roghna\u00edonn t\u00fa di\u00falt\u00fa n\u00f3 m\u00e1 iarrann t\u00fa go sonrach iad.<\/li>\n<\/ul>\n<\/li>\n<li>F\u00e9adfar na tairiscint\u00ed marga\u00edochta a thaispe\u00e1nfar a roghn\u00fa bunaithe ar fhaisn\u00e9is eile a fuarthas f\u00fat. le himeacht ama, ag tos\u00fa \u00f3 fhaisn\u00e9is teagmh\u00e1la, faisn\u00e9is dh\u00e9imeagrafach, t\u00e1irg\u00ed tosa\u00edochta agus sonra\u00ed maidir le h\u00fas\u00e1id t\u00e1irg\u00ed agus \u00e1r su\u00edomh Gr\u00e9as\u00e1in (fian\u00e1in, seoladh IP, faisn\u00e9is a shol\u00e1thra\u00edonn do bhrabhs\u00e1la\u00ed, cad a tharla\u00edonn, teachtaireachta\u00ed tr\u00e1cht\u00e1la ar taispe\u00e1int, t\u00e1irg\u00ed ar tugadh cuairt orthu). N\u00edl an phr\u00f3ise\u00e1il uathoibrithe go hioml\u00e1n, mar go mbeadh \u00e9ifeachta\u00ed dl\u00edthi\u00fala agat.<\/li>\n<li>Mura bhfuil t\u00fa in\u00e1r gcustaim\u00e9ir, pr\u00f3ise\u00e1ilimid sonra\u00ed bunaithe ar do thoili\u00fa.<\/li>\n<li>T\u00e1 s\u00e9 de cheart agat ag\u00f3id a dh\u00e9anamh i gcoinne pr\u00f3ise\u00e1la den s\u00f3rt sin ag am ar bith agus saor in aisce. T\u00e1 sonra\u00ed teagmh\u00e1la curtha ar f\u00e1il ag deireadh an doicim\u00e9id seo.<\/li>\n<\/ul>\n<\/li>\n<li>Pr\u00f3ise\u00e1il <strong>fian\u00e1in \u00f3 na leathanaigh Ghr\u00e9as\u00e1in<\/strong> arna n-oibri\u00fa ag SC Sereni Capelli SRL\n<ul>\n<li>M\u00e1 ghn\u00edomha\u00edonn t\u00fa fian\u00e1in sa bhrabhs\u00e1la\u00ed, d\u00e9anaimid pr\u00f3ise\u00e1il ar na taifid iompair \u00f3 na fian\u00e1in a chuirtear ar an leathanach Gr\u00e9as\u00e1in at\u00e1 \u00e1 oibri\u00fa ag cuideachta Sereni Capelli, chun feidhmi\u00falacht n\u00edos fearr a chinnti\u00fa don leathanach Gr\u00e9as\u00e1in serenicapelli.com chomh maith leis na su\u00edomhanna comhph\u00e1irt\u00edochta, agus chun cr\u00edocha f\u00f3gra\u00ed idirl\u00edn cuideachta Sereni Capelli<\/li>\n<\/ul>\n<\/li>\n<\/ul>\n<p><strong>1.3. Sonra\u00ed pearsanta a aistri\u00fa chuig tr\u00ed\u00fa p\u00e1irtithe<\/strong><\/p>\n<p>Do chuid faisn\u00e9ise d\u00e9anfar sonra\u00ed pearsanta a tharchur chuig tr\u00ed\u00fa p\u00e1irtithe n\u00f3 a idirghabh\u00e1il ar shl\u00ed eile, ach amh\u00e1in m\u00e1 t\u00e1 s\u00e9 riachtanach chun an conradh d\u00edolach\u00e1in a chomhl\u00edonadh, bunaithe ar leas dlisteanach n\u00f3 m\u00e1 chuir t\u00fa do thoili\u00fa in i\u00fal roimhe seo.<\/p>\n<ul>\n<li>a) fochuideachta\u00ed agus cuideachta\u00ed pr\u00f3ise\u00e1la, chun an conradh d\u00edolach\u00e1in a chomhl\u00edonadh, chun pr\u00f3isis agus cleachtais inmhe\u00e1nacha a fhorghn\u00edomh\u00fa<\/li>\n<li>b) do chuideachta\u00ed c\u00e1rta creidmheasa, sol\u00e1thraithe seirbh\u00edse \u00edoca\u00edochta le haghaidh pr\u00f3ise\u00e1la \u00edoca\u00edochta agus bainc, bunaithe ar d&#8217;ord\u00fa, chun an conradh d\u00edolach\u00e1in a fhorghn\u00edomh\u00fa<\/li>\n<li>c) cuideachta\u00ed iompair, chun na t\u00e1irg\u00ed n\u00f3 na seirbh\u00eds\u00ed a d&#8217;ordaigh t\u00fa a sheachadadh. agus gear\u00e1in a r\u00e9iteach, lena n-\u00e1ir\u00edtear foirceannadh an chonartha<\/li>\n<li>d) \u00e1r gcomhph\u00e1irtithe sna cl\u00e1ir d\u00edlseachta a roghna\u00edonn t\u00fa<\/li>\n<li>e) sol\u00e1thraithe seirbh\u00edse eile, tr\u00ed\u00fa p\u00e1irtithe a bhfuil baint acu le pr\u00f3ise\u00e1il sonra\u00ed;<\/li>\n<li>f) do thr\u00ed\u00fa p\u00e1irtithe, mar shampla ionch\u00faisitheoir\u00ed agus c\u00fairteanna, chun cr\u00edche aon chonradh leat a ghn\u00f3th\u00fa n\u00f3 a thabhairt i gcr\u00edch;<\/li>\n<li>g) \u00fadar\u00e1is phoibl\u00ed (m.sh. na p\u00f3il\u00edn\u00ed)<\/li>\n<li>h) tr\u00ed\u00fa p\u00e1irtithe a dh\u00e9anann suirbh\u00e9anna ar chustaim\u00e9ir\u00ed<\/li>\n<\/ul>\n<p>M\u00e1 \u00fas\u00e1ideann tr\u00ed\u00fa p\u00e1irt\u00ed na sonra\u00ed i gcomhth\u00e9acs a leasa dhlisteanaigh, n\u00ed ghlacann an riarth\u00f3ir an fhreagracht sin air f\u00e9in. T\u00e1 an pr\u00f3iseas seo \u00e1 rial\u00fa ag prionsabail phr\u00f3ise\u00e1la sonra\u00ed pearsanta na gcuideachta\u00ed agus na ndaoine aonair \u00e1bhartha.<\/p>\n<ol>\n<li><strong>Sl\u00e1nd\u00e1il sonra\u00ed pearsanta agus fad a st\u00f3r\u00e1la<\/strong><\/li>\n<\/ol>\n<p><strong>2.1. Sl\u00e1nd\u00e1il sonra\u00ed pearsanta<\/strong><\/p>\n<ul>\n<li>a) Tarchuirtear do shonra\u00ed i bhfoirm chriptithe. \u00das\u00e1idfimid an c\u00f3ras criptithe SSL (ciseal soic\u00e9ad sl\u00e1n). D\u00e9anaimid \u00e1r su\u00edomh Gr\u00e9as\u00e1in agus c\u00f3rais eile a dhaingni\u00fa tr\u00ed bhearta teicni\u00fala agus eagra\u00edocht\u00fala i gcoinne chailli\u00faint agus scrios do shonra\u00ed, in aghaidh rochtana ag daoine neamh\u00fadaraithe, modhn\u00fa n\u00f3 scaipthe.<\/li>\n<li>b) Iarraimid ar na pr\u00f3ise\u00e1laithe sonra\u00ed lena gcomhoibr\u00edmid leo a chruth\u00fa go bhfuil a gcuid c\u00f3ras ag comhl\u00edonadh rialach\u00e1n GDPR.<\/li>\n<li>c) Rochtain ar do chuntas. an chustaim\u00e9ara is f\u00e9idir ach amh\u00e1in tar \u00e9is dul isteach an focal faire pearsanta. Sa chomhth\u00e9acs seo, ba mhaith linn a chur in i\u00fal go bhfuil s\u00e9 f\u00edor-riachtanach gan do shonra\u00ed rochtana a nochtadh do thr\u00ed\u00fa p\u00e1irtithe, agus tar \u00e9is deireadh do sheisi\u00fain. sa chuntas custaim\u00e9ara, d\u00fan an fhuinneog brabhs\u00e1la\u00ed i gc\u00f3na\u00ed, go h\u00e1irithe m\u00e1 roinneann t\u00fa an r\u00edomhaire le h\u00fas\u00e1ideoir\u00ed eile. N\u00ed ghlacann SC SERENICAPELLI SRL freagracht as m\u00ed-\u00fas\u00e1id\u00ed maidir le pasfhocail a \u00fas\u00e1idtear, ach amh\u00e1in m\u00e1 ba \u00e9 \u00e1r su\u00edomh ba ch\u00fais leis an gc\u00e1s go d\u00edreach.<\/li>\n<\/ul>\n<p><strong>3.1. Am pr\u00f3ise\u00e1la<\/strong><\/p>\n<p>D\u00e9anaimid sonra\u00ed pearsanta a phr\u00f3ise\u00e1il agus a st\u00f3r\u00e1il<\/p>\n<ul>\n<li>ar feadh tr\u00e9imhse at\u00e1 f\u00edor-riachtanach chun na cearta agus na hoibleag\u00e1id\u00ed go l\u00e9ir a eascra\u00edonn as an gconradh d\u00edolach\u00e1in a \u00e1irithi\u00fa<\/li>\n<li>ar feadh 1 bhliain tar \u00e9is dheireadh na tr\u00e9imhse bhar\u00e1nta, chun d\u00edosp\u00f3id\u00ed f\u00e9ideartha a r\u00e9iteach<\/li>\n<li>chomh fada agus a bheidh s\u00e9 d\u2019oibleag\u00e1id ar SC SERENICAPELLI SRL, mar riarth\u00f3ir, an fhaisn\u00e9is a choinne\u00e1il, i gcomhr\u00e9ir leis na rialach\u00e1in ghinear\u00e1lta dl\u00ed. D\u00e9antar doicim\u00e9id chuntasa\u00edochta, mar shampla sonraisc arna n-eisi\u00faint ag SC SERENICAPELLI SRL, a chartlann\u00fa de r\u00e9ir an dl\u00ed, ar feadh tr\u00e9imhse 10 mbliana \u00f3na n-eisi\u00faint.<\/li>\n<li>Fanann an comhaont\u00fa chun f\u00f3gra a thabhairt faoi infhaighteacht na n-earra\u00ed i bhfeidhm ar feadh th\u00e9arma infhaighteachta na faisn\u00e9ise arna seoladh, ach n\u00ed faide n\u00e1 tr\u00e9imhse bliana amh\u00e1in n\u00f3 go dt\u00ed go nd\u00e9anfar \u00e9 a ch\u00falghairm.<\/li>\n<li>T\u00e1 an Comhaont\u00fa Tairiscint\u00ed Marga\u00edochta bail\u00ed ar feadh 4 bliana n\u00f3 go dt\u00ed go nd\u00e9anfar \u00e9 a ch\u00falghairm<\/li>\n<li>Athbhreithni\u00fa 6 bliana<\/li>\n<li>Cabhra\u00edmid leis na 10 mbliana<\/li>\n<li>Cumars\u00e1id 2 bhliain<\/li>\n<li>Com\u00f3rtais 1 bhliain<\/li>\n<\/ul>\n<p>I gc\u00e1sanna eile, eascra\u00edonn an t-am pr\u00f3ise\u00e1la \u00f3 chusp\u00f3ir na pr\u00f3ise\u00e1la n\u00f3 de r\u00e9ir na rialach\u00e1n maidir le sonra\u00ed pearsanta a chosaint.<\/p>\n<ol>\n<li><strong>Cearta na n-\u00e1bhar sonra\u00ed<\/strong><\/li>\n<\/ol>\n<ul>\n<li>a) M\u00e1 phr\u00f3ise\u00e1ilimid do shonra\u00ed sonra\u00ed pearsanta, is f\u00e9idir leat faisn\u00e9is saor in aisce a iarraidh maidir le pr\u00f3ise\u00e1il do shonra\u00ed pearsanta.<\/li>\n<li>b) M\u00e1 chreideann t\u00fa nach bhfuil meas ag pr\u00f3ise\u00e1il sonra\u00ed pearsanta ar chosaint do shonra\u00ed. sonra\u00ed pearsanta agus s\u00e1ra\u00edonn s\u00e9 na rialach\u00e1in dl\u00ed maidir le cosaint sonra\u00ed pearsanta, is f\u00e9idir leat m\u00ednithe a iarraidh, is f\u00e9idir leat a iarraidh go gcuirf\u00ed deireadh leis an gc\u00e1s mar sin a eascra\u00edonn agus, thar aon rud eile, is f\u00e9idir leat a iarraidh go nd\u00e9anfa\u00ed sonra\u00ed pearsanta a cheart\u00fa, a chr\u00edochn\u00fa, a scriosadh n\u00f3 a bhloc\u00e1il .<\/li>\n<li>c) M\u00e1s mian leat do chearta a fheidhmi\u00fa, d\u00e9an teagmh\u00e1il leis an oifigeach cosanta sonra\u00ed ag <u><a href=\"mailto:contact@serenicapelli.com\">contact@serenicapelli.com<\/a> ; dpo@serenicapelli.com<\/u> . Is f\u00e9idir leat dul i dteagmh\u00e1il freisin leis an \u00dadar\u00e1s Maoirseachta N\u00e1isi\u00fanta um Phr\u00f3ise\u00e1il Sonra\u00ed Pearsanta.<\/li>\n<li>d) Do chomhaont\u00fa maidir le pr\u00f3ise\u00e1il sonra\u00ed pearsanta a ch\u00falghairm tr\u00e1th ar bith. M\u00e1 tharraing\u00edonn t\u00fa do thoili\u00fa siar le pr\u00f3ise\u00e1il sonra\u00ed pearsanta, scriosfar \u00e9 n\u00f3 d\u00e9anfar gan ainm \u00e9; n\u00ed dh\u00e9anann na bearta seo, \u00e1fach, difear do na sonra\u00ed pearsanta is g\u00e1 chun go mbeidh SC SERENICAPELLI SRL in ann a chuid oibleag\u00e1id\u00ed dl\u00edthi\u00fala a chomhl\u00edonadh (e.g. orduithe a glacadh cheana f\u00e9in a fhorghn\u00edomh\u00fa) n\u00e1 chun a leasanna dlisteanacha a chosaint. Baintear sonra\u00ed pearsanta amach freisin nuair nach mb\u00edonn s\u00e9 riachtanach a thuilleadh chun na cr\u00edche a bearta\u00edodh n\u00f3 m\u00e1 t\u00e1 do shonra\u00ed \u00e1 st\u00f3r\u00e1il neamh-inghlactha, ar ch\u00faiseanna eile d\u00e1 bhfor\u00e1iltear sa reachta\u00edocht.<\/li>\n<\/ul>\n<p><strong>5.1. COOK<\/strong><\/p>\n<p>\u00das\u00e1ideann \u00e1r leathanaigh fian\u00e1in mar a thugtar orthu, ionas go mbeidh \u00e1r dtairiscint \u00e1bhartha, suimi\u00fail agus taitneamhach duit. Is comhaid bheaga t\u00e9acs iad fian\u00e1in a st\u00f3r\u00e1iltear ar do r\u00edomhaire n\u00f3 ar do ghuth\u00e1n cliste. n\u00f3 ar ghl\u00e9as eile agus a \u00fas\u00e1ideann do bhrabhs\u00e1la\u00ed. Gr\u00e9as\u00e1n. \u00das\u00e1idimid fian\u00e1in chun cr\u00edocha mar:<\/p>\n<ul>\n<li>feidhmi\u00falacht cheart an chairt siopad\u00f3ireachta, chun an t-ord\u00fa a chomhl\u00e1n\u00fa chomh simpl\u00ed agus is f\u00e9idir<\/li>\n<li>ag cuimhneamh ar shonra\u00ed log\u00e1il isteach ionas nach g\u00e1 iad a chur isteach ar\u00eds agus ar\u00eds eile<\/li>\n<li>\u00e1r leathanaigh ghr\u00e9as\u00e1in a phearsan\u00fa chomh maith agus is f\u00e9idir de r\u00e9ir do riachtanas tr\u00ed mhonat\u00f3ireacht a dh\u00e9anamh ar do chuairteanna, ar do ghluaiseacht timpeall an tsu\u00edmh agus ar na feidhmeanna a \u00fas\u00e1idtear<\/li>\n<li>monat\u00f3ireacht a dh\u00e9anamh ar na f\u00f3gra\u00ed a fheiceann t\u00fa ionas nach dtaispe\u00e1nfar f\u00f3gra\u00ed duit le haghaidh t\u00e1irg\u00ed nach bhfuil suim agat iontu<\/li>\n<\/ul>\n<p>F\u00e9adfaidh roinnt fian\u00e1in faisn\u00e9is a bhaili\u00fa a \u00fas\u00e1ideann tr\u00ed\u00fa p\u00e1irtithe ina dhiaidh sin agus a thaca\u00edonn, mar shampla, go d\u00edreach len\u00e1r ngn\u00edomha\u00edochta\u00ed cur chun cinn (ar a dtugtar. &#8220;fian\u00e1in tr\u00ed\u00fa p\u00e1irt\u00ed&#8221;). Mar shampla, is f\u00e9idir faisn\u00e9is faoi th\u00e1irg\u00ed a cheanna\u00edtear ar \u00e1r su\u00edomh a shol\u00e1thar do ghn\u00edomhaireacht f\u00f3gra\u00edochta, chun meirg\u00ed f\u00f3gra\u00edochta Idirl\u00edn a fheice\u00e1il agus a phearsant\u00fa a thaispe\u00e1nfar ar na su\u00edomhanna a bhf\u00e9achann t\u00fa orthu. Tabhair faoi deara le do thoil nach f\u00e9idir t\u00fa a aithint. bunaithe ar na sonra\u00ed seo.<\/p>\n<p><strong>5.2. \u00das\u00e1id fian\u00e1n<\/strong><\/p>\n<p>Is f\u00e9idir na fian\u00e1in a \u00fas\u00e1idtear ar \u00e1r su\u00edomh Gr\u00e9as\u00e1in a rang\u00fa i dh\u00e1 chatag\u00f3ir. Scriostar na cinn ghearrthr\u00e9imhseacha, &#8220;fian\u00e1in seisi\u00fain&#8221; mar a thugtar orthu, a luaithe a fh\u00e1gann t\u00fa \u00e1r su\u00edomh Gr\u00e9as\u00e1in. Fanann \u201cfian\u00e1in sheasmhacha\u201d mar a thugtar orthu le fada st\u00f3r\u00e1ilte ar do ghl\u00e9as. i bhfad n\u00edos faide n\u00f3 go dt\u00ed go scriosann t\u00fa iad de l\u00e1imh (braitheann marthanacht na bhfian\u00e1n ar do ghl\u00e9as ar a su\u00edomh agus ar shocruithe do bhrabhs\u00e1la\u00ed).<\/p>\n<p>Is f\u00e9idir fian\u00e1in a rang\u00fa de r\u00e9ir feidhmi\u00falacht freisin:<\/p>\n<ul>\n<li>anail\u00eds\u00edocht, a chuid\u00edonn linn taith\u00ed \u00fas\u00e1ideora ar \u00e1r su\u00edomh a fheabhs\u00fa, de r\u00e9ir mar a thuigimid conas a \u00fas\u00e1ideann \u00fas\u00e1ideoir\u00ed \u00e9<\/li>\n<li>r\u00e1ta\u00ed comhsh\u00f3, a ligeann d\u00fainn anail\u00eds a dh\u00e9anamh ar fheidhm\u00edocht beala\u00ed d\u00edolach\u00e1in \u00e9ags\u00fala<\/li>\n<li>rian\u00fa, a chuid\u00edonn, i gcomhcheangal le comhsh\u00f3, chun anail\u00eds a dh\u00e9anamh ar fheidhm\u00edocht beala\u00ed d\u00edolach\u00e1in \u00e9ags\u00fala<\/li>\n<li>athmharga\u00edocht, a \u00fas\u00e1idtear chun \u00e1bhar na bhf\u00f3gra\u00ed a shaincheapadh agus iad a dh\u00edri\u00fa i gceart<\/li>\n<li>riachtanach, t\u00e1bhachtach le haghaidh feidhmi\u00falacht bhun\u00fasach an tsu\u00edmh<\/li>\n<\/ul>\n<p><strong>5.3. Di\u00falt\u00fa fian\u00e1in<\/strong><\/p>\n<p>T\u00e1 an socr\u00fa fian\u00e1n san \u00e1ireamh i do bhrabhs\u00e1la\u00ed. den Idirl\u00edon. Sa socr\u00fa r\u00e9amhshocraithe, glacann formh\u00f3r na mbrabhs\u00e1laithe le fian\u00e1in go huathoibr\u00edoch. Le cabhair \u00f3n mbrabhs\u00e1la\u00ed, is f\u00e9idir leat na fian\u00e1in seo a dhi\u00falt\u00fa n\u00f3 is f\u00e9idir leat iad a laghd\u00fa go cine\u00e1lacha \u00e1irithe, a roghna\u00edonn t\u00fa go sonrach.<\/p>\n<p>Is f\u00e9idir faisn\u00e9is faoi bhrabhs\u00e1laithe agus roghanna fian\u00e1n a shocr\u00fa ar na leathanaigh ghr\u00e9as\u00e1in seo a leanas n\u00f3 i gcomhaid brabhs\u00e1la\u00ed gr\u00e9as\u00e1in eile<\/p>\n<ul>\n<li><a href=\"https:\/\/support.google.com\/accounts\/answer\/61416?hl=ro&amp;co=GENIE.Platform%3DDesktop&amp;oco=1\">Chrome<\/a><\/li>\n<li><a href=\"https:\/\/support.mozilla.org\/ro\/kb\/activarea-si-dezactivarea-cookie-urilor\">Firefox<\/a><\/li>\n<li><a href=\"https:\/\/support.microsoft.com\/ro-ro\/help\/17442\/windows-internet-explorer-delete-manage-cookies\">Internet Explorer<\/a><\/li>\n<li><a href=\"https:\/\/support.google.com\/accounts\/answer\/61416?hl=ro&amp;co=GENIE.Platform%3DAndroid&amp;oco=1\">Android<\/a><\/li>\n<\/ul>\n<p><strong> <\/strong><\/p>\n<p><strong>5.4. Naisc<\/strong><\/p>\n<p>T\u00e1 naisc ar \u00e1r su\u00edomh Gr\u00e9as\u00e1in chuig l\u00e1ithre\u00e1in ghr\u00e9as\u00e1in eile at\u00e1 praitici\u00fail agus a bhfuil faisn\u00e9is \u00fas\u00e1ideach iontu. Tabhair faoi deara go bhf\u00e9adfadh na su\u00edomhanna seo a bheith faoi \u00fain\u00e9ireacht agus \u00e1 bhfeidhmi\u00fa ag cuideachta\u00ed agus eagra\u00edochta\u00ed eile, a bhf\u00e9adfadh polasaithe sl\u00e1nd\u00e1la agus pr\u00edobh\u00e1ideachais \u00e9ags\u00fala a bheith acu. N\u00edl aon smacht ag \u00e1r gcuideachta ar an bhfaisn\u00e9is, na h\u00e1bhair, na t\u00e1irg\u00ed n\u00f3 na seirbh\u00eds\u00ed a chuims\u00edtear n\u00f3 a bhfuil rochtain orthu ar na leathanaigh Ghr\u00e9as\u00e1in seo, agus n\u00ed ghlacann s\u00ed freagracht ar bith as.<\/p>\n<ol>\n<li><strong>Glaoigh orainn<\/strong><\/li>\n<\/ol>\n<p>M\u00e1 t\u00e1 aon cheisteanna, tuairim\u00ed n\u00f3 iarratais agat maidir leis na Prionsabail seo, d\u00e9an teagmh\u00e1il linn le do thoil ag an seoladh n\u00f3 ag an l\u00edne seirbh\u00edse do chustaim\u00e9ir\u00ed at\u00e1 liostaithe ag bun na bPrionsabal seo &#8211; n\u00f3 tr\u00ed r\u00edomhphost.<\/p>\n<p>DPO d\u00e9an teagmh\u00e1il le: <u><a href=\"mailto:dpo@serenicapelli.com\">dpo@serenicapelli.com<\/a><\/u> ; teagmh\u00e1il@serenicapelli.com<\/p>\n<p>Sc Sereni Capelli Srl (Sereni Capelli)<\/p>\n<ol>\n<li><strong>Bail\u00edocht<\/strong><\/li>\n<\/ol>\n<p>Tagann na Prionsabail seo maidir le cosaint sonra\u00ed pearsanta i bhfeidhm an 01.05.2018.<\/p>\n","protected":false},"excerpt":{"rendered":"<p>Beartas Pr\u00edobh\u00e1ideachais Dearbha\u00edonn Sereni Capelli, oibreoir an siopa ar l\u00edne www.serenicapelli.com, go meastar go bhfuil na sonra\u00ed pearsanta go l\u00e9ir (&#8220;sonra\u00ed&#8221; anseo feasta) faoi r\u00fan daingean agus go gcaitear leo de r\u00e9ir na ndl\u00edthe at\u00e1 i bhfeidhm i r\u00e9imse na cosanta sonra\u00ed pearsanta. T\u00e1 sl\u00e1nd\u00e1il do shonra\u00ed pearsanta mar thosa\u00edocht againn. D\u00e1 r\u00e9ir sin, tugaimid [&hellip;]<\/p>\n","protected":false},"author":1,"featured_media":0,"parent":0,"menu_order":0,"comment_status":"closed","ping_status":"closed","template":"","meta":{"footnotes":""},"class_list":["post-728081","page","type-page","status-publish","hentry"],"_links":{"self":[{"href":"https:\/\/serenicapelli.com\/ga\/wp-json\/wp\/v2\/pages\/728081","targetHints":{"allow":["GET"]}}],"collection":[{"href":"https:\/\/serenicapelli.com\/ga\/wp-json\/wp\/v2\/pages"}],"about":[{"href":"https:\/\/serenicapelli.com\/ga\/wp-json\/wp\/v2\/types\/page"}],"author":[{"embeddable":true,"href":"https:\/\/serenicapelli.com\/ga\/wp-json\/wp\/v2\/users\/1"}],"replies":[{"embeddable":true,"href":"https:\/\/serenicapelli.com\/ga\/wp-json\/wp\/v2\/comments?post=728081"}],"version-history":[{"count":0,"href":"https:\/\/serenicapelli.com\/ga\/wp-json\/wp\/v2\/pages\/728081\/revisions"}],"wp:attachment":[{"href":"https:\/\/serenicapelli.com\/ga\/wp-json\/wp\/v2\/media?parent=728081"}],"curies":[{"name":"wp","href":"https:\/\/api.w.org\/{rel}","templated":true}]}}