{"id":728071,"date":"2023-02-06T19:24:05","date_gmt":"2023-02-06T17:24:05","guid":{"rendered":"https:\/\/serenicapelli.com\/ceist-agus-freagra\/"},"modified":"2023-04-01T18:35:42","modified_gmt":"2023-04-01T16:35:42","slug":"ceist-agus-freagra","status":"publish","type":"page","link":"https:\/\/serenicapelli.com\/ga\/ceist-agus-freagra\/","title":{"rendered":"Ceist agus Freagra"},"content":{"rendered":"\t\t<div data-elementor-type=\"wp-page\" data-elementor-id=\"728071\" class=\"elementor elementor-728071 elementor-727182\" data-elementor-post-type=\"page\">\n\t\t\t\t<div class=\"elementor-element elementor-element-bd2a907 e-flex e-con-boxed e-con e-parent\" data-id=\"bd2a907\" data-element_type=\"container\" data-e-type=\"container\">\n\t\t\t\t\t<div class=\"e-con-inner\">\n\t\t\t\t<div class=\"elementor-element elementor-element-d6e6f30 elementor-widget elementor-widget-text-editor\" data-id=\"d6e6f30\" data-element_type=\"widget\" data-e-type=\"widget\" data-widget_type=\"text-editor.default\">\n\t\t\t\t<div class=\"elementor-widget-container\">\n\t\t\t\t\t\t\t\t\t<h3>Ceisteanna agus freagra\u00ed<\/h3>\n<p>Ar an leathanach seo gheobhaidh t\u00fa freagra\u00ed ar na ceisteanna is coitianta a chuireann \u00e1r gcustaim\u00e9ir\u00ed.<\/p>\n<p>Cabhr\u00f3idh an fhaisn\u00e9is seo leat na tortha\u00ed is fearr a fh\u00e1il nuair a \u00fas\u00e1ideann t\u00fa t\u00e1irg\u00ed Sereni Capelli.<\/p>\n<p><strong>C\u00e9n r\u00e1tha\u00edocht at\u00e1 agam go n-oibr\u00edonn an t\u00e1irge seo?<\/strong><\/p>\n<p>Cl\u00fada\u00edtear t\u00e1irg\u00ed Sereni Capelli faoi bhar\u00e1ntas 30 l\u00e1 \u00f3n d\u00e1ta a bhfaightear iad. Mura bhfuil t\u00fa s\u00e1sta leis na tortha\u00ed a fhaightear tr\u00ed \u00fas\u00e1id a bhaint as \u00e1r gcuid t\u00e1irg\u00ed ar feadh 15 l\u00e1 ar a laghad, is f\u00e9idir leat teagmh\u00e1il a dh\u00e9anamh linn ag baint \u00fas\u00e1ide as an bhfaisn\u00e9is ar an leathanach TEAGMH\u00c1LA agus ais\u00edocfaimid an m\u00e9id ioml\u00e1n duit, lena n-\u00e1ir\u00edtear costais loingseoireachta.<\/p>\n<p><strong>An f\u00e9idir liom an t\u00e1irge seo a \u00fas\u00e1id ar mo f\u00e9as\u00f3g freisin?<\/strong><\/p>\n<p>Sea, is f\u00e9idir t\u00e1irg\u00ed Sereni Capelli a \u00fas\u00e1id freisin ar an f\u00e9as\u00f3g, ach n\u00ed m\u00f3r duit a bheith c\u00faramach gan an t\u00e1irge a shlogadh chun aon m\u00edchompord a sheachaint. Is fi\u00fa a thabhairt faoi deara go bhfuil gruaig f\u00e9as\u00f3g an-gharbh agus b&#8217;fh\u00e9idir nach bhfaighidh t\u00fa tortha\u00ed chomh tapa le gruaig scalp. Ar an gc\u00fais seo, le do thoil n\u00edos \u00edsle do ionchais le beag\u00e1n agus a bheith n\u00edos othar.<\/p>\n<p><strong>An f\u00e9idir liom an t\u00e1irge seo a \u00fas\u00e1id m\u00e1 t\u00e1 m\u00e9 ag iompar clainne? Cad a tharl\u00f3idh m\u00e1 t\u00e1 m\u00e9 ag coth\u00fa c\u00edche?<\/strong><\/p>\n<p>D\u00e9antar t\u00e1irg\u00ed Sereni Capelli \u00f3 chomh\u00e1bhair sh\u00e1bh\u00e1ilte, mar sin n\u00ed chuireann siad aon riosca do shl\u00e1inte an linbh.<br \/>T\u00e1 siad oiri\u00fanach freisin le h\u00fas\u00e1id le linn beath\u00fa c\u00edche.<\/p>\n<p><strong>An f\u00e9idir liom an t\u00e1irge seo a \u00fas\u00e1id m\u00e1 bh\u00ed ionchlann\u00e1n gruaige agam le d\u00e9ana\u00ed?<\/strong><\/p>\n<p>M\u00e1 bh\u00ed n\u00f3s imeachta um ionchlann\u00fa gruaige agat le d\u00e9ana\u00ed, molaimid fanacht 6 mh\u00ed ar a laghad roimh \u00fas\u00e1id a bhaint as t\u00e1irg\u00ed Sereni Capelli.<\/p>\n<p>B\u00edonn alc\u00f3l iontu agus teasta\u00edonn am \u00f3n ghruaig ionchlannaithe chun a fr\u00e9amhacha a fhorbairt agus a neart\u00fa.<\/p>\n<p>Mar sin f\u00e9in, tar \u00e9is 6 mh\u00ed tar \u00e9is an ionchlann\u00e1in, is f\u00e9idir \u00fas\u00e1id \u00e1r dt\u00e1irg\u00ed a mholadh fi\u00fa, mar go gcabhra\u00edonn siad leis an seafta gruaige a neart\u00fa agus baict\u00e9ir a d&#8217;fh\u00e9adfadh caillteanas gruaige a bheith mar thoradh air a dh\u00edchur.<\/p>\n<p><strong>T\u00e1 aill\u00e9irgeach agam le p\u00e9inte\u00e1il. An f\u00e9idir liom na t\u00e1irg\u00ed seo a \u00fas\u00e1id?<\/strong><\/p>\n<p>Is f\u00e9idir leat t\u00e1irg\u00ed Sereni Capelli a \u00fas\u00e1id in ionad p\u00e9int, gan baol aill\u00e9irge a spreagadh.N\u00ed bh\u00edonn l\u00edocha p\u00e9inte n\u00e1 ocsa\u00eddeoir\u00ed (PEROXIDE) i dt\u00e1irg\u00ed Sereni Capelli.<\/p>\n<p>C\u00e9 go gcuireann siad gruaig ar ais chuig a dath n\u00e1d\u00fartha, n\u00edl aon rud i gcoiteann ag t\u00e1irg\u00ed Sereni Capelli le dath gruaige.<\/p>\n<p><strong>T\u00e1 psoriasis agam (n\u00f3 galar craicinn eile), an f\u00e9idir liom an t\u00e1irge seo a \u00fas\u00e1id?<\/strong><\/p>\n<p>T\u00e1 alc\u00f3l sna c\u00f3ire\u00e1lacha &#8220;Lozione&#8221; agus &#8220;Crema-Forte&#8221;.<br \/>Agus castacht an ghalair seo ar a dtugtar Psoriasis ar an eolas, ach freisin ar ghalair craicinn eile, n\u00ed mholtar c\u00f3ire\u00e1lacha a \u00fas\u00e1id, fi\u00fa mura ndearnadh aon fhrithghn\u00edomhartha d\u00edobh\u00e1lacha in aon cheann de na t\u00e1st\u00e1lacha a rinne an fhoireann t\u00e1irgthe.<\/p>\n<p>T\u00e1 luasair\u00ed &#8220;Gel Intenso&#8221; agus &#8220;Shampoo&#8221; fi\u00fa n\u00edos s\u00e1bh\u00e1ilte le h\u00fas\u00e1id n\u00e1 c\u00f3ire\u00e1lacha, ach n\u00ed m\u00f3r \u00fas\u00e1id na dt\u00e1irg\u00ed seo a ch\u00f3ire\u00e1il le forairdeall m\u00f3r.<\/p>\n<p><strong>T\u00e1 m\u00e9 faoi c\u00f3gais. An f\u00e9idir liom an t\u00e1irge seo a \u00fas\u00e1id?<\/strong><\/p>\n<p>N\u00edl srian le h\u00fas\u00e1id t\u00e1irg\u00ed Sereni Capelli ag an am c\u00e9anna le c\u00f3ire\u00e1lacha eile, ach n\u00ed m\u00f3r duit na nithe seo a leanas a chur san \u00e1ireamh:<\/p>\n<ul>\n<li>M\u00e1 \u00fas\u00e1ideann t\u00fa c\u00f3ire\u00e1lacha dromchla cos\u00fail le ola\u00ed, ointments, spraeanna, etc., n\u00e1 h\u00fas\u00e1id na c\u00f3ire\u00e1lacha &#8220;Lozione&#8221; n\u00f3 &#8220;Crema-Forte&#8221; ar an dromchla c\u00e9anna, mar is d\u00f3ich\u00ed go gcuirfidh na c\u00f3ire\u00e1lacha seo a ch\u00e9ile ar ceal.<\/li>\n<li>N\u00ed bhaineann na srianta thuas ach leis na luasair\u00ed &#8220;Shampoo&#8221; n\u00f3 &#8220;Gel-Intenso&#8221;<\/li>\n<li>I gc\u00e1s druga\u00ed ingestible, n\u00edl aon srianta ann.<\/li>\n<li>Tugaimid faoi deara go laghd\u00f3idh roinnt druga\u00ed, mar shampla &#8220;Aspirin&#8221; agus &#8220;Paracetamol&#8221;, \u00e9ifeachta\u00ed c\u00f3ire\u00e1lacha Sereni Capelli suas le 40%.<\/li>\n<\/ul>\n<div> <\/div>\n<p><strong>T\u00e1 m\u00e9 aill\u00e9irgeach le roinnt substaint\u00ed, an f\u00e9idir liom an t\u00e1irge seo a \u00fas\u00e1id?<\/strong><\/p>\n<p>N\u00c1 MOLaimid T\u00c1IRG\u00cd SERENI CAPELLI A \u00daS\u00c1ID DO DHAOINE A bhfuil IL-aill\u00e9irg\u00ed orthu!<\/p>\n<p>N\u00edl comh\u00e1bhair i dt\u00e1irg\u00ed Sereni Capelli a d&#8217;fh\u00e9adfadh aill\u00e9irg\u00ed a chur faoi deara. Mar sin f\u00e9in, t\u00e1 alc\u00f3l ann agus f\u00e9adann s\u00e9 greann\u00fa craicinn a chruth\u00fa, rud a d\u2019fh\u00e9adfadh aill\u00e9irg\u00ed a dh\u00e9anamh i ndaoine a \u00e9ir\u00edonn go han-\u00e9asca orthu.<\/p>\n<p>Is f\u00e9idir le daoine a bhfuil aill\u00e9irg\u00ed iolracha acu n\u00f3 daoine a \u00e9ir\u00edonn \u00edogair n\u00f3 aill\u00e9irgeach go h\u00e9asca do shubstaint\u00ed \u00e9ags\u00fala \u00e9ir\u00ed aill\u00e9irgeach uaireanta fi\u00fa le substaint\u00ed\/comh\u00e1bhair neamh-aill\u00e9irgineacha. Sin \u00e9 an f\u00e1th, ar mhaithe le do sh\u00e1bh\u00e1ilteacht, nach molaimid duit na t\u00e1irg\u00ed seo a \u00fas\u00e1id.<\/p>\n<p>Mar sin f\u00e9in, m\u00e1s mian leat \u00e1r gcuid t\u00e1irg\u00ed a \u00fas\u00e1id i nd\u00e1ir\u00edre, molaimid duit t\u00e1st\u00e1il a dh\u00e9anamh go han-mhall roimh \u00fas\u00e1id a bhaint as mar a orda\u00edtear.<\/p>\n<p><strong>CONAS A MHOLaimid DUIT IMEACHT?<\/strong><\/p>\n<ul>\n<li>Ar an gc\u00e9ad dul s\u00edos, d\u00e9an cinnte go bhfuil an leigheas riachtanach agat chun dul i ngleic leis an aill\u00e9irge m\u00e1 tharla\u00edonn s\u00e9.<\/li>\n<li>Ar mhaithe le s\u00e1bh\u00e1ilteacht n\u00edos fearr, d\u00e9an cinnte go bhfuil duine \u00e9igin eile sa seomra leat, chun garchabhair a thabhairt i gc\u00e1s riachtanas, n\u00f3 chun \u00e9 a iompar chuig an ospid\u00e9al i gc\u00e1s aill\u00e9irge l\u00e1idir.<\/li>\n<li>Ansin, croith an buid\u00e9al go maith, agus ina dhiaidh sin cuir m\u00e9id an-bheag den t\u00e1irge ar d&#8217;fhorearm agus scaip le do mh\u00e9ar thar dhromchla 3-4cm.<\/li>\n<li>Fan c\u00fapla uair an chloig agus mura dtarla\u00edonn aon rud, d\u00e9an an n\u00f3s imeachta c\u00e9anna ar\u00eds ar an scalp, ag gabh\u00e1il leis an forehead.<\/li>\n<li>Mura bhfuil aon chomhartha\u00ed aill\u00e9irge ann, is f\u00e9idir leat iarratas a dh\u00e9anamh ar dhromchla n\u00edos m\u00f3 agus an pr\u00f3iseas a athdh\u00e9anamh 4 huaire ar a laghad 4 uair an chloig \u00f3na ch\u00e9ile.<\/li>\n<li>Mura dtarla\u00edonn aon aill\u00e9irg\u00ed, ach go dtarla\u00edonn greann\u00fa craicinn, d\u00e9an anail\u00eds ar c\u00e9 chomh l\u00e1idir is at\u00e1 na greannuithe seo agus c\u00e9 chomh bothersome at\u00e1 siad chun meastach\u00e1n a dh\u00e9anamh ar c\u00e9 acu an mbeidh t\u00fa ag iarraidh lean\u00faint ar aghaidh leis an gc\u00f3ire\u00e1il.<\/li>\n<li>Is f\u00e9idir go dtarl\u00f3dh greann\u00fa craicinn i roinnt daoine agus is gn\u00e1thphr\u00f3iseas \u00e9, ach imeoidh s\u00e9 tar \u00e9is thart ar 15 \u00fas\u00e1id.<\/li>\n<li>T\u00e1 s\u00e9 an-t\u00e1bhachtach a thabhairt faoi deara an difr\u00edocht idir greann\u00fa craicinn agus aill\u00e9irge!<\/li>\n<\/ul>\n<div> <\/div>\n<p><strong>N\u00edl rib\u00ed b\u00e1na orm! An f\u00e9idir liom na sochair eile a fh\u00e1il?<\/strong><\/p>\n<p>Sea! Is f\u00e9idir leat t\u00e1irg\u00ed Sereni Capelli a \u00fas\u00e1id fi\u00fa mura bhfuil rib\u00ed liatha ort agus taitneamh a bhaint as na bunt\u00e1ist\u00ed eile go l\u00e9ir.<br \/>Tr\u00ed \u00fas\u00e1id a bhaint as t\u00e1irg\u00ed Sereni Capelli nuair nach bhfuil rib\u00ed b\u00e1na agat, cuirfidh t\u00fa cosc orthu \u00f3 bheith le feice\u00e1il.<\/p>\n<p><strong>\u00das\u00e1idim an t\u00e1irge seo agus t\u00e1 cos ar bolg ar mo scalladh. C\u00e9n f\u00e1th?<\/strong><\/p>\n<p>M\u00e1 bhraitheann t\u00fa go bhfuil cos ar bolg ort agus t\u00fa ag \u00fas\u00e1id c\u00f3ire\u00e1lacha Sereni Capelli, cialla\u00edonn s\u00e9 go bhfuil micreacracks ar do scalp agus go bhfuil siad \u00e1 ndeisi\u00fa, n\u00f3 go bhfuil coil\u00edneacht baict\u00e9ir agat agus bainfear iad.<\/p>\n<p>Tar \u00e9is thart ar 2-3 seachtaine tar \u00e9is \u00e1r gc\u00f3ire\u00e1lacha a \u00fas\u00e1id, beidh an itching imithe agus d\u00e9anfar an scalp a leigheas go hioml\u00e1n.<\/p>\n<p><strong>Nuair a \u00fas\u00e1idim an t\u00e1irge seo, boladh mo chuid gruaige dona. C\u00e9n f\u00e1th?<\/strong><\/p>\n<p>Nuair a bh\u00edonn gruaig tiubh agat, is f\u00e9idir le coil\u00edneachta\u00ed baict\u00e9ir socr\u00fa ar an scalp agus fi\u00fa dul ar imirce go dt\u00ed an ghruaig.<br \/>Ag baint \u00fas\u00e1ide as t\u00e1irg\u00ed Sereni Capelli, d\u00e9antar na baict\u00e9ir seo a ionsa\u00ed ag substaint\u00ed \u00e1r dt\u00e1irg\u00ed agus &#8220;troid ar ais&#8221;.<\/p>\n<p>Mar thoradh ar fhreagra na baict\u00e9ir seo, is gn\u00e1ch go mb\u00edonn boladh m\u00ed-\u00e1itneamhach le feice\u00e1il, go h\u00e1irithe go gairid tar \u00e9is an t\u00e1irge a chur i bhfeidhm.<\/p>\n<p>T\u00f3gann s\u00e9 thart ar 3 seachtaine na baict\u00e9ir seo a bhaint agus an boladh a imithe.<\/p>\n<p>Tar \u00e9is na 3 seachtaine seo, ba ch\u00f3ir go mbeadh an boladh beagnach imithe go hioml\u00e1n, comhartha go bhfuil na baict\u00e9ir bainte.<\/p>\n<p>I gc\u00e1sanna den s\u00f3rt sin molaimid duit lean\u00faint ar aghaidh ag baint \u00fas\u00e1ide as na t\u00e1irg\u00ed de r\u00e9ir na &#8220;sc\u00e9im c\u00f3ire\u00e1la&#8221; ar feadh 5 seachtaine ar a laghad, sula n-aistr\u00edonn t\u00fa chuig an &#8220;sc\u00e9im chomhdhl\u00fathaithe&#8221;.<\/p>\n<p><strong>T\u00e1 mo chraiceann dearg agus ag gobadh amach. C\u00e9n f\u00e1th?<\/strong><\/p>\n<p>M\u00e1 locann do chraiceann agus go deargann t\u00fa nuair a \u00fas\u00e1ideann t\u00fa c\u00f3ire\u00e1lacha Sereni Capelli, cialla\u00edonn s\u00e9 go bhfuil craiceann \u00edogair n\u00f3 galar craicinn ort nach bhfuil a fhios agat faoi.<br \/>Mar sin f\u00e9in, t\u00e1 an fh\u00e9idearthacht ann freisin go bhfuil microcracks i gcraiceann do scalp a dteasta\u00edonn deisi\u00fa.<\/p>\n<p>Is \u00e9 an moladh at\u00e1 againn n\u00e1 a chinnti\u00fa i dtosach b\u00e1ire nach mbeidh aon \u00e9ifeachta\u00ed eile ar an gcraiceann seachas an cr\u00fa agus deargadh tosaigh ar an gcraiceann.<br \/>Mura bhfuil aon \u00e9ifeachta\u00ed eile le feice\u00e1il, agus go n-im\u00edonn an dath dearg i 2-3 uair an chloig ar a mh\u00e9ad, is gn\u00e1thphr\u00f3iseas \u00e9 agus tar \u00e9is thart ar 15-20 \u00fas\u00e1id, ba cheart go n-im\u00edonn na m\u00edchaoithi\u00falachta\u00ed seo, toisc go bhfaigheann craiceann an scalp friota\u00edocht m\u00f3r.<\/p>\n<p><strong>\u00das\u00e1idim an t\u00e1irge seo ach n\u00ed fheicim aon \u00e9ifeacht.<\/strong><\/p>\n<p>Is l\u00fa n\u00e1 1 as 100,000 an seans go n-\u00fas\u00e1idfear c\u00f3ire\u00e1lacha Sereni Capelli i gceart mar a orda\u00edtear ar feadh 14 l\u00e1 agus gan aon fheabhs\u00fa a fheice\u00e1il.<\/p>\n<p>Fuarthas amach go raibh n\u00edos m\u00f3 n\u00e1 99% de na c\u00e1sanna neamh\u00e9ifeacht\u00falachta a tuairisc\u00edodh mar gheall ar \u00fas\u00e1id mh\u00edchu\u00ed c\u00f3ire\u00e1lacha.<\/p>\n<p>Chun a chinnti\u00fa gur \u00fas\u00e1id t\u00fa an ch\u00f3ire\u00e1il cheart, f\u00e9ach le do thoil ar an leathanach de gach t\u00e1irge at\u00e1 \u00e1 \u00fas\u00e1id agat, \u00e1it a bhfaighidh t\u00fa na treoracha \u00fas\u00e1ide cearta.<\/p>\n<p>M\u00e1 t\u00e1 t\u00fa ag baint \u00fas\u00e1ide as na t\u00e1irg\u00ed i gceart agus nach bhfuil t\u00fa ag f\u00e1il tortha\u00ed ar chor ar bith, cialla\u00edonn s\u00e9 go bhfuil t\u00fa ar cheann de na daoine neamhchoitianta sin nach f\u00e9idir leis an t\u00e1irge oibri\u00fa d\u00f3ibh.<\/p>\n<p>M\u00e1 thugann t\u00fa \u00e9ifeachta\u00ed faoi deara, ach nach \u00e9ifeachta\u00ed inmhianaithe iad, beidh t\u00fa i gceann amh\u00e1in n\u00f3 n\u00edos m\u00f3 de na c\u00e1sanna seo a leanas:<\/p>\n<ul>\n<li>N\u00ed raibh meas agat ar amanna iarratais an t\u00e1irge.<\/li>\n<li>N\u00edor \u00fas\u00e1id t\u00fa go leor t\u00e1irge.<\/li>\n<li>N\u00e1 croith an buid\u00e9al s\u00e1ch maith roimh \u00e9 a \u00fas\u00e1id.<\/li>\n<li>N\u00edor \u00fas\u00e1id t\u00fa an t\u00e1irge ar feadh tr\u00e9imhse ama leordh\u00f3thanach (de ghn\u00e1th is g\u00e1 an t\u00e1irge a \u00fas\u00e1id de r\u00e9ir na sc\u00e9ime c\u00f3ire\u00e1la ar feadh 4-6 seachtaine gan bhriseadh).<\/li>\n<\/ul>\n\t\t\t\t\t\t\t\t<\/div>\n\t\t\t\t<\/div>\n\t\t\t\t\t<\/div>\n\t\t\t\t<\/div>\n\t\t\t\t<\/div>\n\t\t","protected":false},"excerpt":{"rendered":"<p>Ceisteanna agus freagra\u00ed Ar an leathanach seo gheobhaidh t\u00fa freagra\u00ed ar na ceisteanna is coitianta a chuireann \u00e1r gcustaim\u00e9ir\u00ed. Cabhr\u00f3idh an fhaisn\u00e9is seo leat na tortha\u00ed is fearr a fh\u00e1il nuair a \u00fas\u00e1ideann t\u00fa t\u00e1irg\u00ed Sereni Capelli. C\u00e9n r\u00e1tha\u00edocht at\u00e1 agam go n-oibr\u00edonn an t\u00e1irge seo? Cl\u00fada\u00edtear t\u00e1irg\u00ed Sereni Capelli faoi bhar\u00e1ntas 30 l\u00e1 \u00f3n [&hellip;]<\/p>\n","protected":false},"author":1,"featured_media":0,"parent":0,"menu_order":0,"comment_status":"closed","ping_status":"closed","template":"","meta":{"footnotes":""},"class_list":["post-728071","page","type-page","status-publish","hentry"],"_links":{"self":[{"href":"https:\/\/serenicapelli.com\/ga\/wp-json\/wp\/v2\/pages\/728071","targetHints":{"allow":["GET"]}}],"collection":[{"href":"https:\/\/serenicapelli.com\/ga\/wp-json\/wp\/v2\/pages"}],"about":[{"href":"https:\/\/serenicapelli.com\/ga\/wp-json\/wp\/v2\/types\/page"}],"author":[{"embeddable":true,"href":"https:\/\/serenicapelli.com\/ga\/wp-json\/wp\/v2\/users\/1"}],"replies":[{"embeddable":true,"href":"https:\/\/serenicapelli.com\/ga\/wp-json\/wp\/v2\/comments?post=728071"}],"version-history":[{"count":0,"href":"https:\/\/serenicapelli.com\/ga\/wp-json\/wp\/v2\/pages\/728071\/revisions"}],"wp:attachment":[{"href":"https:\/\/serenicapelli.com\/ga\/wp-json\/wp\/v2\/media?parent=728071"}],"curies":[{"name":"wp","href":"https:\/\/api.w.org\/{rel}","templated":true}]}}