{"id":728111,"date":"2021-09-19T16:48:59","date_gmt":"2021-09-19T14:48:59","guid":{"rendered":"https:\/\/serenicapelli.com\/conditions-generales-dutilisation\/"},"modified":"2023-04-01T18:39:50","modified_gmt":"2023-04-01T16:39:50","slug":"conditions-generales-dutilisation","status":"publish","type":"page","link":"https:\/\/serenicapelli.com\/fr\/conditions-generales-dutilisation\/","title":{"rendered":"Conditions g\u00e9n\u00e9rales d&rsquo;utilisation"},"content":{"rendered":"\t\t<div data-elementor-type=\"wp-page\" data-elementor-id=\"728111\" class=\"elementor elementor-728111 elementor-2663\" data-elementor-post-type=\"page\">\n\t\t\t\t\t\t<section class=\"elementor-section elementor-top-section elementor-element elementor-element-583bb06 elementor-section-boxed elementor-section-height-default elementor-section-height-default\" data-id=\"583bb06\" data-element_type=\"section\">\n\t\t\t\t\t\t<div class=\"elementor-container elementor-column-gap-wider\">\n\t\t\t\t\t<div class=\"elementor-column elementor-col-100 elementor-top-column elementor-element elementor-element-2e602e7\" data-id=\"2e602e7\" data-element_type=\"column\">\n\t\t\t<div class=\"elementor-widget-wrap elementor-element-populated\">\n\t\t\t\t\t\t<div class=\"elementor-element elementor-element-035f790 elementor-widget elementor-widget-text-editor\" data-id=\"035f790\" data-element_type=\"widget\" data-widget_type=\"text-editor.default\">\n\t\t\t\t<div class=\"elementor-widget-container\">\n\t\t\t\t\t\t\t\t\t<ol>\n<li><strong>Dispositions initiales<\/strong><\/li>\n<\/ol>\n<p>Les pr\u00e9sentes conditions g\u00e9n\u00e9rales de vente d\u00e9finissent les relations entre notre soci\u00e9t\u00e9, SC Sereni Capelli SRL, en tant que vendeur et exploitant de la boutique en ligne dont l&rsquo;adresse est www.serenicapelli.com, et vous, notre client, qui concluez un contrat d&rsquo;achat avec nous.<\/p>\n<p>Nous appliquons une approche uniforme \u00e0 tous nos clients et leur offrons les m\u00eames avantages, qu&rsquo;ils soient consommateurs ou non. Par cons\u00e9quent, les r\u00e8gles \u00e9nonc\u00e9es dans les pr\u00e9sentes conditions g\u00e9n\u00e9rales de vente s&rsquo;appliquent \u00e0 tous nos clients.<\/p>\n<p>Les pr\u00e9sentes conditions g\u00e9n\u00e9rales couvrent principalement l&rsquo;achat de produits dans notre boutique en ligne. Elles s&rsquo;appliquent \u00e9galement \u00e0 l&rsquo;achat de produits par l&rsquo;interm\u00e9diaire de la ligne d&rsquo;assistance client\u00e8le ou en se rendant dans l&rsquo;un de nos magasins partenaires.<\/p>\n<ol start=\"2\">\n<li><strong>Conclusion du contrat d&rsquo;achat<\/strong><\/li>\n<\/ol>\n<p>Vous pouvez conclure un contrat d&rsquo;achat avec nous soit \u00e0 distance via l&rsquo;e-shop ou la hotline client, soit en personne en vous rendant dans l&rsquo;un de nos magasins partenaires ou sur l&rsquo;une de nos plateformes partenaires.<\/p>\n<p>Dans le cas d&rsquo;un contrat d&rsquo;achat \u00e0 distance, la commande &#8211; pass\u00e9e en soumettant la commande via le site web www.serenicapelli.com ou via la hotline client &#8211; constitue un projet de contrat. La commande sera valable pendant une p\u00e9riode de 7 jours et nous en confirmerons la r\u00e9ception par e-mail. Par cons\u00e9quent, le contrat d&rsquo;achat sera conclu d\u00e8s que nous aurons accept\u00e9 le projet de contrat sous la forme d&rsquo;une livraison des produits command\u00e9s. Nous vous informerons par e-mail de l&rsquo;envoi des produits.<\/p>\n<p>Nous ne livrons des marchandises qu&rsquo;en quantit\u00e9s habituelles pour la consommation des m\u00e9nages. Dans certains cas (notamment en cas de promotions ou de d\u00e9stockage), nous nous r\u00e9servons le droit de fixer la quantit\u00e9 maximale que nous pouvons fournir.<\/p>\n<ol start=\"3\">\n<li><strong>Retrait sans motif<\/strong><\/li>\n<\/ol>\n<p>La loi vous donne le droit de vous r\u00e9tracter d&rsquo;un accord conclu sur Internet ou par t\u00e9l\u00e9phone, sans donner de raison, dans un d\u00e9lai de 14 jours \u00e0 compter de la livraison des produits. Dans notre entreprise, tout acheteur a le droit de se retirer du contrat d&rsquo;achat sans aucune raison dans les 14 jours suivant la livraison des produits. La r\u00e8gle s&rsquo;applique \u00e9galement aux achats effectu\u00e9s dans nos magasins physiques partenaires ou sur les plateformes partenaires.<\/p>\n<p>Pour exercer ce droit, vous devez nous notifier votre d\u00e9cision de r\u00e9tractation du contrat d&rsquo;achat dans le d\u00e9lai mentionn\u00e9 ci-dessus. Vous pouvez nous contacter \u00e0 l&rsquo;adresse <a href=\"mailto:contact@serenicapelli.com\">suivante : contact@serenicapelli.com<\/a>  <\/p>\n<p>En cas de r\u00e9siliation du contrat, nous vous rembourserons le co\u00fbt d&rsquo;achat des produits non utilis\u00e9s. Si vous vous r\u00e9tractez dans les 14 jours suivant la livraison, les frais de retour seront pris en charge par notre soci\u00e9t\u00e9.<\/p>\n<ol>\n<li>Les produits doivent \u00eatre exp\u00e9di\u00e9s imm\u00e9diatement, au plus tard dans les 5 jours suivant la date de retrait,<\/li>\n<li>Veuillez noter que vous serez tenu responsable de toute diminution de la valeur des produits r\u00e9sultant d&rsquo;une manipulation autre que celle n\u00e9cessaire pour vous familiariser avec la nature, les propri\u00e9t\u00e9s et la fonctionnalit\u00e9 du produit (par exemple, si vous utilisez un produit alors que vous l&rsquo;avez d\u00e9j\u00e0 essay\u00e9). Veuillez \u00e9galement noter que vous n&rsquo;avez pas le droit de r\u00e9silier le contrat dans le cas de produits fabriqu\u00e9s selon vos exigences ou de produits personnalis\u00e9s (par exemple, des emballages avec des gravures personnalis\u00e9es), ainsi que dans le cas de produits ouverts et utilis\u00e9s qui ne peuvent pas \u00eatre retourn\u00e9s pour des raisons d&rsquo;hygi\u00e8ne (par exemple, si le produit a \u00e9t\u00e9 ouvert et que vous avez utilis\u00e9 une partie de la pr\u00e9paration cosm\u00e9tique qui entre en contact direct avec la peau).<\/li>\n<\/ol>\n<p><strong>4. plaintes<\/strong><\/p>\n<p>Si les marchandises sont d\u00e9fectueuses \u00e0 la livraison, nous pouvons convenir d&rsquo;un d\u00e9dommagement sous la forme d&rsquo;un bon d&rsquo;achat. Vous avez \u00e9galement le droit de demander la r\u00e9paration du d\u00e9faut sous la forme d&rsquo;un remplacement. Si la r\u00e9paration du d\u00e9faut est impossible ou irr\u00e9alisable pour nous, vous avez le droit de demander une r\u00e9duction du prix d&rsquo;achat et, si le d\u00e9faut est important, vous pouvez \u00e9galement r\u00e9silier le contrat d&rsquo;achat.<\/p>\n<p>Les produits sont consid\u00e9r\u00e9s comme d\u00e9fectueux notamment lorsqu&rsquo;ils n&rsquo;ont pas les propri\u00e9t\u00e9s habituelles ou pr\u00e9sent\u00e9es, ne remplissent pas leur fonction, ne sont pas conformes aux exigences l\u00e9gales ou n&rsquo;ont pas \u00e9t\u00e9 livr\u00e9s dans la quantit\u00e9 convenue. Veuillez noter qu&rsquo;une sensibilit\u00e9 accrue ou une r\u00e9action allergique aux produits livr\u00e9s ne peut \u00eatre consid\u00e9r\u00e9e comme un d\u00e9faut du produit. De m\u00eame, les lacunes dans les cadeaux et autres gratifications, que nous fournissons en dehors du cadre de votre commande, ne peuvent \u00eatre consid\u00e9r\u00e9es comme d\u00e9fectueuses. Les photos des produits dans notre boutique sont uniquement illustratives et ne constituent pas une pr\u00e9sentation contraignante des propri\u00e9t\u00e9s des marchandises (par exemple, l&#8217;emballage peut \u00eatre diff\u00e9rent en raison d&rsquo;un changement mis en \u0153uvre par le fabricant).<\/p>\n<p>Nous nous ferons un plaisir de r\u00e9pondre \u00e0 toute question concernant les plaintes \u00e0 l&rsquo;adresse contact@serenicapelli.com.  <\/p>\n<p>Nous vous informerons de l&rsquo;\u00e9volution de votre plainte, en particulier de sa r\u00e9ception, de son acceptation ou de son rejet, par courrier \u00e9lectronique ou par SMS. Il est \u00e9galement possible de vous contacter par t\u00e9l\u00e9phone.<\/p>\n<p>Nous prendrons une d\u00e9cision sur la plainte sans d\u00e9lai. Le d\u00e9lai de r\u00e9solution de la plainte, y compris l&rsquo;\u00e9limination des d\u00e9fauts, est g\u00e9n\u00e9ralement compris entre un jour et 30 jours. Dans le cas contraire, vous avez le droit de r\u00e9silier le contrat d&rsquo;achat. Il est n\u00e9cessaire que vous. nous fournir l&rsquo;assistance n\u00e9cessaire pour respecter le d\u00e9lai susmentionn\u00e9.<\/p>\n<ol start=\"5\">\n<li><strong>Paiement et mode de livraison<\/strong><\/li>\n<\/ol>\n<p>Vous pouvez choisir votre mode de paiement et de livraison parmi les options propos\u00e9es. Nous vous informerons du mode de paiement choisi et des frais y aff\u00e9rents avant l&rsquo;exp\u00e9dition de votre commande.<\/p>\n<p>Actuellement, nous acceptons le paiement \u00e0 la livraison et le paiement en ligne par carte via les services d&rsquo;euplatesc.ro.<\/p>\n<p>Nous nous r\u00e9servons le droit d&rsquo;offrir la livraison gratuite des produits dans certains cas.<\/p>\n<ol start=\"6\">\n<li><strong>Divers<\/strong><\/li>\n<\/ol>\n<p>Nous offrons \u00e0 nos clients diverses r\u00e9ductions, cadeaux et autres bons. Leur utilisation est r\u00e9gie par certaines r\u00e8gles, qui seront communiqu\u00e9es individuellement au client dans chaque situation. Sauf indication contraire, chaque bon de r\u00e9duction ou ch\u00e8que-cadeau ne peut \u00eatre utilis\u00e9 qu&rsquo;une seule fois et un seul bon du m\u00eame type peut \u00eatre utilis\u00e9 dans la m\u00eame commande. Sauf indication contraire, les remises ne sont pas cumulables. Si la valeur du ch\u00e8que-cadeau est sup\u00e9rieure \u00e0 la valeur de l&rsquo;achat, la diff\u00e9rence ne sera pas transf\u00e9r\u00e9e sur un nouveau ch\u00e8que et le montant non utilis\u00e9 ne sera pas rembours\u00e9.<\/p>\n<p>Dans le cadre de votre achat, vous pouvez recevoir un questionnaire d&rsquo;\u00e9valuation de la part d&rsquo;un tiers. Vous pouvez partager vos exp\u00e9riences d&rsquo;achat et de produits avec d&rsquo;autres personnes. Nous serons tr\u00e8s heureux que vous acceptiez de remplir le questionnaire.<\/p>\n\t\t\t\t\t\t\t\t<\/div>\n\t\t\t\t<\/div>\n\t\t\t\t\t<\/div>\n\t\t<\/div>\n\t\t\t\t\t<\/div>\n\t\t<\/section>\n\t\t\t\t<\/div>\n\t\t","protected":false},"excerpt":{"rendered":"<p>Dispositions initiales Les pr\u00e9sentes conditions g\u00e9n\u00e9rales de vente d\u00e9finissent les relations entre notre soci\u00e9t\u00e9, SC Sereni Capelli SRL, en tant que vendeur et exploitant de la boutique en ligne dont l&rsquo;adresse est www.serenicapelli.com, et vous, notre client, qui concluez un contrat d&rsquo;achat avec nous. Nous appliquons une approche uniforme \u00e0 tous nos clients et leur [&hellip;]<\/p>\n","protected":false},"author":1,"featured_media":0,"parent":0,"menu_order":40,"comment_status":"closed","ping_status":"closed","template":"","meta":{"footnotes":""},"class_list":["post-728111","page","type-page","status-publish","hentry"],"_links":{"self":[{"href":"https:\/\/serenicapelli.com\/fr\/wp-json\/wp\/v2\/pages\/728111","targetHints":{"allow":["GET"]}}],"collection":[{"href":"https:\/\/serenicapelli.com\/fr\/wp-json\/wp\/v2\/pages"}],"about":[{"href":"https:\/\/serenicapelli.com\/fr\/wp-json\/wp\/v2\/types\/page"}],"author":[{"embeddable":true,"href":"https:\/\/serenicapelli.com\/fr\/wp-json\/wp\/v2\/users\/1"}],"replies":[{"embeddable":true,"href":"https:\/\/serenicapelli.com\/fr\/wp-json\/wp\/v2\/comments?post=728111"}],"version-history":[{"count":0,"href":"https:\/\/serenicapelli.com\/fr\/wp-json\/wp\/v2\/pages\/728111\/revisions"}],"wp:attachment":[{"href":"https:\/\/serenicapelli.com\/fr\/wp-json\/wp\/v2\/media?parent=728111"}],"curies":[{"name":"wp","href":"https:\/\/api.w.org\/{rel}","templated":true}]}}