{"id":728060,"date":"2022-08-15T10:39:10","date_gmt":"2022-08-15T08:39:10","guid":{"rendered":"https:\/\/serenicapelli.com\/politique-de-confidentialite\/"},"modified":"2022-08-15T10:39:10","modified_gmt":"2022-08-15T08:39:10","slug":"politique-de-confidentialite","status":"publish","type":"page","link":"https:\/\/serenicapelli.com\/fr\/politique-de-confidentialite\/","title":{"rendered":"Politique de confidentialit\u00e9"},"content":{"rendered":"<p><strong>Politique de confidentialit\u00e9<\/strong><\/p>\n<p>Sereni Capelli, l&rsquo;op\u00e9rateur de la boutique en ligne www.serenicapelli.com, d\u00e9clare que toutes les donn\u00e9es personnelles (ci-apr\u00e8s d\u00e9nomm\u00e9es \u00ab\u00a0donn\u00e9es\u00a0\u00bb) sont consid\u00e9r\u00e9es comme strictement confidentielles et sont trait\u00e9es conform\u00e9ment aux lois en vigueur dans le domaine de la protection des donn\u00e9es personnelles.<\/p>\n<p>La s\u00e9curit\u00e9 de vos donn\u00e9es personnelles est une priorit\u00e9 pour nous. En cons\u00e9quence, nous accordons la plus grande attention aux donn\u00e9es personnelles et \u00e0 leur protection. Dans les pr\u00e9sents principes de traitement des donn\u00e9es \u00e0 caract\u00e8re personnel (\u00ab\u00a0principes\u00a0\u00bb), nous souhaitons vous informer sur les donn\u00e9es \u00e0 caract\u00e8re personnel que nous collectons \u00e0 votre sujet et sur la mani\u00e8re dont nous les utilisons \u00e0 l&rsquo;avenir.<\/p>\n<ol>\n<li><strong>Les donn\u00e9es personnelles et leur traitement<\/strong><\/li>\n<\/ol>\n<p><strong>1.1. Cat\u00e9gories de donn\u00e9es \u00e0 caract\u00e8re personnel<\/strong><\/p>\n<p>Nous recueillons diverses informations, en fonction des services que vous choisissez d&rsquo;utiliser.<\/p>\n<p>Si vous achetez chez nous, nous collectons des donn\u00e9es :<\/p>\n<ul>\n<li>Nom et coordonn\u00e9es. Nom complet, adresse \u00e9lectronique, adresse postale, adresse de facturation, num\u00e9ro de t\u00e9l\u00e9phone et coordonn\u00e9es bancaires, informations relatives au paiement.<\/li>\n<li>Donn\u00e9es d\u00e9mographiques. Informations sur le sexe, la date de naissance, le pays et la langue pr\u00e9f\u00e9r\u00e9e.<\/li>\n<li>Donn\u00e9es survenues pendant l&rsquo;existence du contrat &#8211; produits achet\u00e9s, segment de client\u00e8le, volume de services fournis<\/li>\n<\/ul>\n<p><strong>1.2. La finalit\u00e9 du traitement des donn\u00e9es personnelles :<\/strong><\/p>\n<ul>\n<li><strong>Fournir et am\u00e9liorer les services<\/strong>. Afin de pouvoir fournir et am\u00e9liorer nos services \u00e0 votre satisfaction, nous traitons vos donn\u00e9es \u00e0 caract\u00e8re personnel. Il s&rsquo;agit en particulier des donn\u00e9es suivantes\n<ul>\n<li>le <strong>traitement des commandes de produits ou de services<\/strong>, pass\u00e9es par l&rsquo;interm\u00e9diaire de notre site web ou de la ligne d&rsquo;assistance t\u00e9l\u00e9phonique aux clients. Dans ce cas, la raison juridique est que les donn\u00e9es sont indispensables \u00e0 l&rsquo;ex\u00e9cution du contrat d&rsquo;achat et que certaines informations sont indispensables au respect des obligations l\u00e9gales (par exemple, les documents comptables).<\/li>\n<li><strong>Notification de la disponibilit\u00e9 du produit<\/strong>. Si vous demandez \u00e0 suivre la disponibilit\u00e9 d&rsquo;un article, nous traitons vos donn\u00e9es. des donn\u00e9es \u00e0 caract\u00e8re personnel sur la base de votre consentement.<\/li>\n<li><strong>Service \u00e0 la client\u00e8le. Afin d&rsquo;assurer le service \u00e0 la client\u00e8le et d&rsquo;\u00e9liminer tout probl\u00e8me dans les domaines suivants  <\/strong>l&rsquo;ex\u00e9cution du contrat de vente, nous traitons les donn\u00e9es \u00e0 caract\u00e8re personnel sur la base de la n\u00e9cessit\u00e9 de respecter ces contrats.<\/li>\n<li><strong>Communication<\/strong>. Nous utilisons les donn\u00e9es collect\u00e9es pour communiquer avec vous de mani\u00e8re personnalis\u00e9e. Par exemple, nous pouvons vous contacter par t\u00e9l\u00e9phone, par courrier \u00e9lectronique ou par d&rsquo;autres moyens pour vous rappeler que vous avez des produits dans votre panier d&rsquo;achat en ligne, pour vous aider \u00e0 terminer votre commande, pour vous communiquer l&rsquo;\u00e9tat actuel de votre demande, de votre commande ou de votre plainte, pour obtenir des informations suppl\u00e9mentaires, le cas \u00e9ch\u00e9ant, ou pour vous informer que vous devez prendre des mesures pour que votre compte reste actif, Si vous achetez chez nous en tant que membre, nous traitons ces donn\u00e9es en raison d&rsquo;un int\u00e9r\u00eat l\u00e9gitime, qui d\u00e9coule de l&rsquo;int\u00e9r\u00eat l\u00e9gitime de Sc SereniCapelli Srl tel que d\u00e9crit ci-dessus.<\/li>\n<li><strong>Am\u00e9liorer les services<\/strong>. Nous utilisons des donn\u00e9es pour am\u00e9liorer en permanence nos services et nos syst\u00e8mes, y compris l&rsquo;ajout de nouvelles fonctionnalit\u00e9s, ainsi que pour prendre des d\u00e9cisions \u00e9clair\u00e9es \u00e0 l&rsquo;aide de l&rsquo;analyse totale et de l&rsquo;intelligence \u00e9conomique, le tout sur la base de notre int\u00e9r\u00eat l\u00e9gitime d\u00e9coulant de la libert\u00e9 d&rsquo;entreprise et de la n\u00e9cessit\u00e9 d&rsquo;am\u00e9liorer les services que nous fournissons afin de rester comp\u00e9titifs. Afin d&rsquo;assurer une protection ad\u00e9quate de vos droits et int\u00e9r\u00eats, nous utiliserons les donn\u00e9es personnelles de mani\u00e8re aussi anonyme que possible pour am\u00e9liorer nos services.<\/li>\n<\/ul>\n<\/li>\n<li><strong>Protection, s\u00e9curit\u00e9 et r\u00e8glement des litiges<\/strong>. Nous pouvons \u00e9galement traiter des donn\u00e9es dans un int\u00e9r\u00eat l\u00e9gitime, c&rsquo;est-\u00e0-dire pour assurer la protection et la s\u00e9curit\u00e9 de nos syst\u00e8mes et de nos clients, pour la pr\u00e9vention et la d\u00e9tection des fraudes, la r\u00e9solution des litiges et la mise en \u0153uvre de nos accords, sur la base de l&rsquo;int\u00e9r\u00eat l\u00e9gitime.<\/li>\n<li><strong>Offres de marketing<\/strong>.\n<ul>\n<li>Communications commerciales\n<ul>\n<li>Nous vous envoyons des communications commerciales sur des produits similaires \u00e0 ceux que vous avez achet\u00e9s.<\/li>\n<li>Vous avez toujours la possibilit\u00e9 de refuser ces communications commerciales en utilisant l&rsquo;e-mail <u><br \/>\n  <a href=\"mailto:contact@serenicapelli.com\">contact@serenicapelli.com<\/a><br \/>\n<\/u> pour vous d\u00e9sinscrire.<\/li>\n<li>Si vous vous d\u00e9sabonnez des messages commerciaux, nous n&rsquo;utiliserons plus vos donn\u00e9es. contact \u00e9lectronique \u00e0 ces fins. Nous ne reprendrons leur utilisation que si vous vous inscrivez ou si vous en faites la demande expresse.<\/li>\n<\/ul>\n<\/li>\n<li>Les offres marketing affich\u00e9es peuvent \u00eatre s\u00e9lectionn\u00e9es sur la base d&rsquo;autres informations recueillies \u00e0 votre sujet. au fil du temps, \u00e0 partir des informations de contact, des informations d\u00e9mographiques, des produits pr\u00e9f\u00e9r\u00e9s et des donn\u00e9es sur l&rsquo;utilisation de nos produits et de notre site web (cookies, adresse IP, informations fournies par votre navigateur, clics, messages commerciaux affich\u00e9s, produits visit\u00e9s). Le traitement n&rsquo;est pas enti\u00e8rement automatis\u00e9, car cela aurait des cons\u00e9quences juridiques pour vous.<\/li>\n<li>Si vous n&rsquo;\u00eates pas notre client, nous traitons les donn\u00e9es sur la base de votre consentement.<\/li>\n<li>Vous avez le droit de vous opposer \u00e0 ce traitement \u00e0 tout moment et sans frais. Les coordonn\u00e9es des personnes \u00e0 contacter figurent \u00e0 la fin du pr\u00e9sent document.<\/li>\n<\/ul>\n<\/li>\n<li>Traitement des <strong>cookies sur les pages web <\/strong>g\u00e9r\u00e9es par SC Sereni Capelli SRL\n<ul>\n<li>Si vous activez les cookies dans votre navigateur, nous traitons les enregistrements comportementaux des cookies plac\u00e9s sur la page web exploit\u00e9e par Sereni Capelli dans le but de fournir une meilleure fonctionnalit\u00e9 de la page web serenicapelli.com ainsi que des sites partenaires, et dans le but de la publicit\u00e9 sur Internet de Sereni Capelli.<\/li>\n<\/ul>\n<\/li>\n<\/ul>\n<p><strong>1.3. Transfert de donn\u00e9es \u00e0 caract\u00e8re personnel \u00e0 des tiers<\/strong><\/p>\n<p>Vos informations les donn\u00e9es personnelles ne sont transmises \u00e0 des tiers ou ne font l&rsquo;objet d&rsquo;une m\u00e9diation que si cela est n\u00e9cessaire \u00e0 l&rsquo;ex\u00e9cution du contrat de vente, sur la base d&rsquo;un int\u00e9r\u00eat l\u00e9gitime ou si vous avez donn\u00e9 votre consentement pr\u00e9alable.<\/p>\n<ul>\n<li>a) les filiales et les soci\u00e9t\u00e9s de traitement, pour l&rsquo;ex\u00e9cution du contrat de vente, afin de mettre en \u0153uvre les processus et pratiques internes<\/li>\n<li>b) les soci\u00e9t\u00e9s de cartes de cr\u00e9dit, les prestataires de services de paiement pour le traitement des paiements et les banques, sur la base de votre commande, afin d&rsquo;ex\u00e9cuter le contrat de vente<\/li>\n<li>c) les soci\u00e9t\u00e9s de transport, dans le but de livrer les produits ou services que vous avez command\u00e9s. et le traitement des plaintes, y compris la r\u00e9siliation du contrat<\/li>\n<li>d) nos partenaires dans les programmes de fid\u00e9lisation pour lesquels vous optez<\/li>\n<li>e) d&rsquo;autres prestataires de services, des tiers impliqu\u00e9s dans le traitement des donn\u00e9es ;<\/li>\n<li>f) \u00e0 des tiers, par exemple des procureurs et des tribunaux, \u00e0 des fins de recouvrement ou de conclusion d&rsquo;un contrat avec vous ;<\/li>\n<li>g) les autorit\u00e9s publiques (par exemple, la police)<\/li>\n<li>h) les tiers qui m\u00e8nent des enqu\u00eates aupr\u00e8s des clients<\/li>\n<\/ul>\n<p>Si un tiers utilise les donn\u00e9es dans le cadre de son int\u00e9r\u00eat l\u00e9gitime, l&rsquo;administrateur n&rsquo;assume pas cette responsabilit\u00e9. Ce processus est r\u00e9gi par les principes de traitement des donn\u00e9es personnelles des entreprises et des personnes concern\u00e9es.<\/p>\n<ol>\n<li><strong>S\u00e9curit\u00e9 des donn\u00e9es personnelles et dur\u00e9e de conservation<\/strong><\/li>\n<\/ol>\n<p><strong>2.1. S\u00e9curit\u00e9 des donn\u00e9es personnelles<\/strong><\/p>\n<ul>\n<li>a) Vos donn\u00e9es sont transmises sous forme crypt\u00e9e. Nous utilisons le cryptage SSL (secure socket layer). Nous s\u00e9curisons notre site web et d&rsquo;autres syst\u00e8mes par des mesures techniques et organisationnelles contre la perte ou la destruction de vos donn\u00e9es, l&rsquo;acc\u00e8s par des personnes non autoris\u00e9es, la modification ou la diffusion.<\/li>\n<li>b) Nous demandons aux responsables du traitement des donn\u00e9es avec lesquels nous collaborons de prouver la conformit\u00e9 de leurs syst\u00e8mes avec le r\u00e8glement GDPR.<\/li>\n<li>c) Acc\u00e8s \u00e0 votre compte. par le client n&rsquo;est possible qu&rsquo;apr\u00e8s avoir saisi votre mot de passe personnel. Dans ce contexte, nous vous rappelons qu&rsquo;il est absolument n\u00e9cessaire que vous ne divulguiez pas vos donn\u00e9es d&rsquo;acc\u00e8s \u00e0 des tiers et qu&rsquo;apr\u00e8s la fin de votre session, vous ne devez pas divulguer vos donn\u00e9es d&rsquo;acc\u00e8s \u00e0 des tiers. dans votre compte client, fermez toujours la fen\u00eatre du navigateur, surtout si vous partagez votre ordinateur avec d&rsquo;autres utilisateurs. SC SERENICAPELLI SRL n&rsquo;est pas responsable de l&rsquo;utilisation abusive des mots de passe, \u00e0 moins que la situation n&rsquo;ait \u00e9t\u00e9 caus\u00e9e directement par notre site web.<\/li>\n<\/ul>\n<p><strong>3.1. D\u00e9lai de traitement<\/strong><\/p>\n<p>Nous traitons et conservons des donn\u00e9es \u00e0 caract\u00e8re personnel<\/p>\n<ul>\n<li>pour une p\u00e9riode absolument n\u00e9cessaire pour garantir tous les droits et obligations d\u00e9coulant du contrat de vente<\/li>\n<li>pendant 1 an apr\u00e8s la fin de la p\u00e9riode de garantie pour r\u00e9soudre d&rsquo;\u00e9ventuels litiges<\/li>\n<li>aussi longtemps que SC SERENICAPELLI SRL, en tant qu&rsquo;administrateur, est tenue de conserver les informations, conform\u00e9ment aux dispositions l\u00e9gales g\u00e9n\u00e9rales. Les documents comptables, par exemple les factures \u00e9mises par la SC SERENICAPELLI SRL, sont archiv\u00e9s conform\u00e9ment \u00e0 la loi, pendant une p\u00e9riode de 10 ans \u00e0 compter de leur \u00e9mission.<\/li>\n<li>L&rsquo;accord de notification de la disponibilit\u00e9 des marchandises reste en vigueur pendant la p\u00e9riode de disponibilit\u00e9 des informations soumises, mais pas plus d&rsquo;un an ou jusqu&rsquo;\u00e0 ce qu&rsquo;il soit r\u00e9voqu\u00e9.<\/li>\n<li>L&rsquo;accord sur les offres de marketing est valable pour une dur\u00e9e de 4 ans ou jusqu&rsquo;\u00e0 ce qu&rsquo;il soit r\u00e9voqu\u00e9.<\/li>\n<li>Bilan 6 ans<\/li>\n<li>Aider les jeunes de 10 ans<\/li>\n<li>Communication 2 ans<\/li>\n<li>Concours 1 an<\/li>\n<\/ul>\n<p>Dans d&rsquo;autres cas, la dur\u00e9e du traitement d\u00e9coule de la finalit\u00e9 du traitement ou est impos\u00e9e par la r\u00e9glementation relative \u00e0 la protection des donn\u00e9es \u00e0 caract\u00e8re personnel.<\/p>\n<ol>\n<li><strong>Droits des personnes concern\u00e9es<\/strong><\/li>\n<\/ol>\n<ul>\n<li>a) Si nous traitons vos donn\u00e9es. Si vous avez des donn\u00e9es personnelles, vous pouvez demander gratuitement des informations sur le traitement de vos donn\u00e9es personnelles.<\/li>\n<li>b) si vous estimez que le traitement de vos donn\u00e9es personnelles n&rsquo;est pas conforme \u00e0 la protection de vos donn\u00e9es. Si vos donn\u00e9es personnelles sont trait\u00e9es en violation des r\u00e8gles de protection des donn\u00e9es personnelles, vous pouvez demander des explications, demander la suppression de la situation qui s&rsquo;est produite et, surtout, demander que les donn\u00e9es personnelles soient rectifi\u00e9es, compl\u00e9t\u00e9es, effac\u00e9es ou bloqu\u00e9es.<\/li>\n<li>c) Si vous souhaitez exercer vos droits, veuillez contacter le d\u00e9l\u00e9gu\u00e9 \u00e0 la protection des donn\u00e9es \u00e0 l&rsquo;adresse suivante : <u><a href=\"mailto:contact@serenicapelli.com\">contact@serenicapelli.com ;<\/a> dpo@serenicapelli.com<\/u>. Vous pouvez \u00e9galement contacter l&rsquo;Autorit\u00e9 nationale de contr\u00f4le du traitement des donn\u00e9es personnelles.<\/li>\n<li>d) Votre accord sur le traitement des donn\u00e9es personnelles peut \u00eatre r\u00e9voqu\u00e9e \u00e0 tout moment. Si vous retirez votre consentement au traitement de vos donn\u00e9es personnelles, celles-ci seront effac\u00e9es ou rendues anonymes ; toutefois, ces mesures n&rsquo;affectent pas les donn\u00e9es personnelles n\u00e9cessaires \u00e0 SC SERENICAPELLI SRL pour remplir ses obligations l\u00e9gales (par exemple, l&rsquo;ex\u00e9cution des commandes d\u00e9j\u00e0 prises) ou pour prot\u00e9ger ses int\u00e9r\u00eats l\u00e9gitimes. Les donn\u00e9es \u00e0 caract\u00e8re personnel sont \u00e9galement effac\u00e9es lorsqu&rsquo;elles ne sont pas n\u00e9cessaires \u00e0 la r\u00e9alisation de l&rsquo;objectif vis\u00e9 ou lorsque la conservation de vos donn\u00e9es n&rsquo;est pas n\u00e9cessaire \u00e0 la r\u00e9alisation de l&rsquo;objectif vis\u00e9. est irrecevable pour d&rsquo;autres raisons pr\u00e9vues par la loi.<\/li>\n<\/ul>\n<p><strong>5.1. Cookie<\/strong><\/p>\n<p>Nos pages utilisent des \u00ab\u00a0cookies\u00a0\u00bb pour rendre notre offre pertinente, int\u00e9ressante et agr\u00e9able pour vous. Les cookies sont de petits fichiers texte stock\u00e9s sur votre ordinateur ou votre smartphone. ou sur un autre appareil et qui sont utilis\u00e9s par votre navigateur. Web. Nous utilisons des cookies \u00e0 des fins telles que<\/p>\n<ul>\n<li>la fonctionnalit\u00e9 correcte du panier d&rsquo;achat, afin de compl\u00e9ter la commande aussi facilement que possible<\/li>\n<li>rappel des donn\u00e9es de connexion afin d&rsquo;\u00e9viter de devoir les saisir \u00e0 plusieurs reprises<\/li>\n<li>personnaliser nos pages web autant que possible en fonction de vos besoins en surveillant vos visites, vos d\u00e9placements sur le site et les fonctions que vous utilisez<\/li>\n<li>contr\u00f4ler les publicit\u00e9s que vous visualisez, afin que vous ne voyiez pas de publicit\u00e9s pour des produits qui ne vous int\u00e9ressent pas<\/li>\n<\/ul>\n<p>Certains cookies peuvent collecter des informations qui sont ensuite utilis\u00e9es par des tiers et qui, par exemple, soutiennent directement nos activit\u00e9s promotionnelles (\u00ab\u00a0cookies de tiers\u00a0\u00bb). Par exemple, les informations sur les produits achet\u00e9s sur notre site peuvent \u00eatre fournies \u00e0 une agence de publicit\u00e9 dans le but d&rsquo;afficher et de personnaliser les banni\u00e8res publicitaires qui apparaissent sur les sites que vous consultez. Veuillez noter qu&rsquo;il n&rsquo;est pas possible de vous identifier. sur la base de ces donn\u00e9es.<\/p>\n<p><strong>5.2. Utilisation de cookies<\/strong><\/p>\n<p>Les cookies utilis\u00e9s sur notre site web peuvent \u00eatre class\u00e9s en deux cat\u00e9gories. Les \u00ab\u00a0cookies de session\u00a0\u00bb de courte dur\u00e9e sont supprim\u00e9s d\u00e8s que vous quittez notre site web. Les \u00ab\u00a0cookies persistants\u00a0\u00bb de longue dur\u00e9e restent stock\u00e9s sur votre appareil. plus longtemps ou jusqu&rsquo;\u00e0 ce que vous les supprimiez manuellement (la persistance des cookies sur votre appareil d\u00e9pend de leur configuration et des param\u00e8tres de votre navigateur).<\/p>\n<p>Les cookies peuvent \u00e9galement \u00eatre class\u00e9s en fonction de leur fonctionnalit\u00e9 :<\/p>\n<ul>\n<li>les analyses, qui nous aident \u00e0 am\u00e9liorer l&rsquo;exp\u00e9rience de l&rsquo;utilisateur sur notre site, car nous comprenons comment les utilisateurs l&rsquo;utilisent<\/li>\n<li>les indicateurs de conversion, qui permettent d&rsquo;analyser la performance des diff\u00e9rents canaux de vente<\/li>\n<li>le suivi, qui, en combinaison avec le suivi des conversions, permet d&rsquo;analyser les performances des diff\u00e9rents canaux de vente<\/li>\n<li>le remarketing, utilis\u00e9 pour personnaliser le contenu des annonces et les cibler correctement<\/li>\n<li>essentiel, important pour la fonctionnalit\u00e9 de base du site<\/li>\n<\/ul>\n<p><strong>5.3. Refuser les fichiers cookies<\/strong><\/p>\n<p>Le param\u00e9trage de l&rsquo;utilisation des cookies est inclus dans votre navigateur. Internet. Par d\u00e9faut, la plupart des navigateurs acceptent automatiquement les cookies. Votre navigateur vous permet de refuser ces cookies ou de les r\u00e9duire \u00e0 certains types que vous s\u00e9lectionnez sp\u00e9cifiquement.<\/p>\n<p>Des informations sur les navigateurs et la configuration des pr\u00e9f\u00e9rences en mati\u00e8re de cookies sont disponibles sur les pages web suivantes ou dans d&rsquo;autres fichiers du navigateur web<\/p>\n<ul>\n<li><a href=\"https:\/\/support.google.com\/accounts\/answer\/61416?hl=ro&amp;co=GENIE.Platform%3DDesktop&amp;oco=1\">Chrome<\/a><\/li>\n<li><a href=\"https:\/\/support.mozilla.org\/ro\/kb\/activarea-si-dezactivarea-cookie-urilor\">Firefox<\/a><\/li>\n<li><a href=\"https:\/\/support.microsoft.com\/ro-ro\/help\/17442\/windows-internet-explorer-delete-manage-cookies\">Internet Explorer<\/a><\/li>\n<li><a href=\"https:\/\/support.google.com\/accounts\/answer\/61416?hl=ro&amp;co=GENIE.Platform%3DAndroid&amp;oco=1\">Android<\/a><\/li>\n<\/ul>\n<p><strong> <\/strong><\/p>\n<p><strong>5.4. Liens<\/strong><\/p>\n<p>Notre site web contient des liens vers d&rsquo;autres sites web qui sont pratiques et contiennent des informations utiles. Veuillez noter que ces sites peuvent \u00eatre d\u00e9tenus et exploit\u00e9s par d&rsquo;autres soci\u00e9t\u00e9s et organisations, qui peuvent avoir des politiques diff\u00e9rentes en mati\u00e8re de s\u00e9curit\u00e9 et de protection de la vie priv\u00e9e. Notre soci\u00e9t\u00e9 n&rsquo;a aucun contr\u00f4le sur les informations, le mat\u00e9riel, les produits ou les services inclus dans ces pages web ou accessibles par leur interm\u00e9diaire, et n&rsquo;assume aucune responsabilit\u00e9 \u00e0 cet \u00e9gard.<\/p>\n<ol>\n<li><strong>Contactez nous<\/strong><\/li>\n<\/ol>\n<p>Si vous avez des questions, des commentaires ou des demandes concernant ces principes, veuillez nous contacter \u00e0 l&rsquo;adresse ou au service client\u00e8le indiqu\u00e9 au bas de ces principes &#8211; ou par courrier \u00e9lectronique.<\/p>\n<p>Contacter le DPD : <u><br \/>\n  <a href=\"mailto:dpo@serenicapelli.com\">dpo@serenicapelli.com<\/a><br \/>\n<\/u>; contact@serenicapelli.com<\/p>\n<p>Sc Sereni Capelli Srl (Sereni Capelli)<\/p>\n<ol>\n<li><strong>Validit\u00e9<\/strong><\/li>\n<\/ol>\n<p>Les pr\u00e9sents principes de protection de la vie priv\u00e9e entreront en vigueur le 01.05.2018.<\/p>\n","protected":false},"excerpt":{"rendered":"<p>Politique de confidentialit\u00e9 Sereni Capelli, l&rsquo;op\u00e9rateur de la boutique en ligne www.serenicapelli.com, d\u00e9clare que toutes les donn\u00e9es personnelles (ci-apr\u00e8s d\u00e9nomm\u00e9es \u00ab\u00a0donn\u00e9es\u00a0\u00bb) sont consid\u00e9r\u00e9es comme strictement confidentielles et sont trait\u00e9es conform\u00e9ment aux lois en vigueur dans le domaine de la protection des donn\u00e9es personnelles. La s\u00e9curit\u00e9 de vos donn\u00e9es personnelles est une priorit\u00e9 pour nous. En [&hellip;]<\/p>\n","protected":false},"author":1,"featured_media":0,"parent":0,"menu_order":0,"comment_status":"closed","ping_status":"closed","template":"","meta":{"footnotes":""},"class_list":["post-728060","page","type-page","status-publish","hentry"],"_links":{"self":[{"href":"https:\/\/serenicapelli.com\/fr\/wp-json\/wp\/v2\/pages\/728060","targetHints":{"allow":["GET"]}}],"collection":[{"href":"https:\/\/serenicapelli.com\/fr\/wp-json\/wp\/v2\/pages"}],"about":[{"href":"https:\/\/serenicapelli.com\/fr\/wp-json\/wp\/v2\/types\/page"}],"author":[{"embeddable":true,"href":"https:\/\/serenicapelli.com\/fr\/wp-json\/wp\/v2\/users\/1"}],"replies":[{"embeddable":true,"href":"https:\/\/serenicapelli.com\/fr\/wp-json\/wp\/v2\/comments?post=728060"}],"version-history":[{"count":0,"href":"https:\/\/serenicapelli.com\/fr\/wp-json\/wp\/v2\/pages\/728060\/revisions"}],"wp:attachment":[{"href":"https:\/\/serenicapelli.com\/fr\/wp-json\/wp\/v2\/media?parent=728060"}],"curies":[{"name":"wp","href":"https:\/\/api.w.org\/{rel}","templated":true}]}}