{"id":728049,"date":"2023-02-06T19:24:05","date_gmt":"2023-02-06T17:24:05","guid":{"rendered":"https:\/\/serenicapelli.com\/qr\/"},"modified":"2023-04-01T18:35:08","modified_gmt":"2023-04-01T16:35:08","slug":"qr","status":"publish","type":"page","link":"https:\/\/serenicapelli.com\/fr\/qr\/","title":{"rendered":"Q&amp;R"},"content":{"rendered":"\t\t<div data-elementor-type=\"wp-page\" data-elementor-id=\"728049\" class=\"elementor elementor-728049 elementor-727182\" data-elementor-post-type=\"page\">\n\t\t\t\t<div class=\"elementor-element elementor-element-bd2a907 e-flex e-con-boxed e-con e-parent\" data-id=\"bd2a907\" data-element_type=\"container\">\n\t\t\t\t\t<div class=\"e-con-inner\">\n\t\t\t\t<div class=\"elementor-element elementor-element-d6e6f30 elementor-widget elementor-widget-text-editor\" data-id=\"d6e6f30\" data-element_type=\"widget\" data-widget_type=\"text-editor.default\">\n\t\t\t\t<div class=\"elementor-widget-container\">\n\t\t\t\t\t\t\t\t\t<h3>Questions et r\u00e9ponses<\/h3>\n<p>Sur cette page, vous trouverez les r\u00e9ponses aux questions les plus courantes pos\u00e9es par nos clients.<\/p>\n<p>Ces informations vous aideront \u00e0 obtenir les meilleurs r\u00e9sultats lors de l&rsquo;utilisation des produits Sereni Capelli.<\/p>\n<p><strong>Quelle garantie ai-je que ce produit fonctionne ?<\/strong><\/p>\n<p>Les produits Sereni Capelli sont couverts par une garantie de 30 jours \u00e0 compter de la date de r\u00e9ception. Si vous n&rsquo;\u00eates pas satisfait des r\u00e9sultats obtenus en utilisant nos produits pendant au moins 15 jours, vous pouvez nous contacter en utilisant les informations de la page CONTACT et nous vous rembourserons l&rsquo;int\u00e9gralit\u00e9 du montant, y compris les frais d&rsquo;exp\u00e9dition.<\/p>\n<p><strong>Puis-je \u00e9galement utiliser ce produit pour ma barbe ?<\/strong><\/p>\n<p>Oui, les produits Sereni Capelli peuvent \u00e9galement \u00eatre utilis\u00e9s pour la barbe, mais attention \u00e0 ne pas avaler le produit pour \u00e9viter tout d\u00e9sagr\u00e9ment. Il convient de noter que les poils de la barbe sont tr\u00e8s durs et que vous n&rsquo;obtiendrez peut-\u00eatre pas de r\u00e9sultats aussi rapides que pour les poils du cuir chevelu. C&rsquo;est pourquoi nous vous invitons \u00e0 revoir vos attentes \u00e0 la baisse et \u00e0 faire preuve de plus de patience.<\/p>\n<p><strong>Puis-je utiliser ce produit si je suis enceinte ? Que se passe-t-il si j&rsquo;allaite ?<\/strong><\/p>\n<p>Les produits Sereni Capelli sont fabriqu\u00e9s \u00e0 partir d&rsquo;ingr\u00e9dients s\u00fbrs et ne pr\u00e9sentent donc aucun risque pour la sant\u00e9 de b\u00e9b\u00e9.<br \/>Ils peuvent \u00e9galement \u00eatre utilis\u00e9s pendant l&rsquo;allaitement.<\/p>\n<p><strong>Puis-je utiliser ce produit si j&rsquo;ai r\u00e9cemment subi un implant capillaire ?<\/strong><\/p>\n<p>Si vous avez r\u00e9cemment subi une op\u00e9ration d&rsquo;implantation capillaire, nous vous recommandons d&rsquo;attendre au moins 6 mois avant d&rsquo;utiliser les produits Sereni Capelli.<\/p>\n<p>Ils contiennent de l&rsquo;alcool et les cheveux implant\u00e9s ont besoin de temps pour se d\u00e9velopper et renforcer leurs racines.<\/p>\n<p>Cependant, 6 mois apr\u00e8s l&rsquo;implantation, l&rsquo;utilisation de nos produits peut m\u00eame \u00eatre recommand\u00e9e, car ils aident \u00e0 renforcer les cheveux et \u00e0 \u00e9liminer les bact\u00e9ries qui peuvent entra\u00eener la chute des cheveux.<\/p>\n<p><strong>Je suis allergique \u00e0 la peinture. Puis-je utiliser ces produits ?<\/strong><\/p>\n<p>Les produits Sereni Capelli ne contiennent ni pigments colorants ni oxydants (PEROXID).<\/p>\n<p>Bien qu&rsquo;ils redonnent aux cheveux leur couleur naturelle, les produits Sereni Capelli n&rsquo;ont rien \u00e0 voir avec une teinture.<\/p>\n<p><strong>Je souffre de psoriasis (ou d&rsquo;une autre maladie de peau), puis-je utiliser ce produit ?<\/strong><\/p>\n<p>Les traitements \u00ab\u00a0Lozione\u00a0\u00bb et \u00ab\u00a0Crema &#8211; Forte\u00a0\u00bb contiennent de l&rsquo;alcool.<br \/>Connaissant la complexit\u00e9 de cette maladie appel\u00e9e Psoriasis et d&rsquo;autres maladies de la peau, nous ne recommandons pas l&rsquo;utilisation de traitements, m\u00eame si aucun effet ind\u00e9sirable n&rsquo;est apparu lors des tests effectu\u00e9s par l&rsquo;\u00e9quipe de production.<\/p>\n<p>Les acc\u00e9l\u00e9rateurs \u00ab\u00a0Intenso Gel\u00a0\u00bb et \u00ab\u00a0Shampooing\u00a0\u00bb sont encore plus s\u00fbrs \u00e0 utiliser que les traitements, mais l&rsquo;utilisation de ces produits doit \u00e9galement faire l&rsquo;objet d&rsquo;une grande prudence.<\/p>\n<p><strong>Je prends des m\u00e9dicaments. Puis-je utiliser ce produit ?<\/strong><\/p>\n<p>L&rsquo;utilisation des produits Sereni Capelli en conjonction avec d&rsquo;autres traitements n&rsquo;est pas limit\u00e9e, mais vous devez tenir compte des points suivants :<\/p>\n<ul>\n<li>Si vous utilisez des traitements de surface tels que des huiles, des pommades, des sprays, etc., ne les utilisez pas sur la m\u00eame surface que les traitements \u00ab\u00a0Lotion\u00a0\u00bb ou \u00ab\u00a0Cr\u00e8me-Forte\u00a0\u00bb, car ces traitements risquent de s&rsquo;annuler mutuellement.<\/li>\n<li>Les restrictions ci-dessus ne s&rsquo;appliquent pas aux acc\u00e9l\u00e9rateurs \u00ab\u00a0Shampooing\u00a0\u00bb ou \u00ab\u00a0Gel-Intenso\u00a0\u00bb.<\/li>\n<li>Dans le cas des m\u00e9dicaments ing\u00e9rables, il n&rsquo;y a pas de restrictions.<\/li>\n<li>Nous mentionnons que certains m\u00e9dicaments, tels que l&rsquo;aspirine et le parac\u00e9tamol, diminuent les effets des traitements de Sereni Capelli jusqu&rsquo;\u00e0 40%.<\/li>\n<\/ul>\n<div> <\/div>\n<p><strong>Je suis allergique \u00e0 plusieurs substances, puis-je utiliser ce produit ?<\/strong><\/p>\n<p>NOUS D\u00c9CONSEILLONS L&rsquo;UTILISATION DES PRODUITS SERENI CAPELLI AUX PERSONNES SOUFFRANT D&rsquo;ALLERGIES MULTIPLES !<\/p>\n<p>Les produits Sereni Capelli ne contiennent pas d&rsquo;ingr\u00e9dients susceptibles de provoquer des allergies. Cependant, il contient de l&rsquo;alcool et peut provoquer des irritations cutan\u00e9es qui, chez les personnes tr\u00e8s facilement allergiques, peuvent se transformer en allergies.<\/p>\n<p>Les personnes souffrant d&rsquo;allergies multiples ou devenant tr\u00e8s facilement sensibles ou allergiques \u00e0 diverses substances peuvent parfois devenir allergiques m\u00eame \u00e0 des substances\/ingr\u00e9dients non allerg\u00e8nes. Par cons\u00e9quent, pour votre s\u00e9curit\u00e9, nous vous d\u00e9conseillons d&rsquo;utiliser ces produits.<\/p>\n<p>Toutefois, si vous souhaitez vraiment utiliser nos produits, nous vous recommandons de les tester tr\u00e8s lentement avant de les utiliser conform\u00e9ment aux instructions.<\/p>\n<p><strong>COMMENT NOUS VOUS RECOMMANDONS DE PROC\u00c9DER ?<\/strong><\/p>\n<ul>\n<li>Tout d&rsquo;abord, assurez-vous d&rsquo;avoir \u00e0 port\u00e9e de main les m\u00e9dicaments n\u00e9cessaires pour lutter contre les allergies en cas d&rsquo;apparition.<\/li>\n<li>Pour votre s\u00e9curit\u00e9, veillez \u00e0 ce que quelqu&rsquo;un d&rsquo;autre soit pr\u00e9sent dans la chambre avec vous pour vous donner les premiers soins si n\u00e9cessaire, ou pour vous transporter \u00e0 l&rsquo;h\u00f4pital en cas d&rsquo;allergie grave.<\/li>\n<li>Ensuite, agitez bien le flacon, puis d\u00e9posez une tr\u00e8s petite quantit\u00e9 de produit sur votre avant-bras et \u00e9talez-la du bout du doigt sur une surface de 3 \u00e0 4 cm.<\/li>\n<li>Attendez quelques heures et si rien ne se passe, r\u00e9p\u00e9tez la m\u00eame op\u00e9ration sur le cuir chevelu \u00e0 la jonction avec le front.<\/li>\n<li>S&rsquo;il n&rsquo;y a pas de signes d&rsquo;allergie, vous pouvez appliquer le produit sur une plus grande surface et r\u00e9p\u00e9ter l&rsquo;op\u00e9ration au moins 4 fois \u00e0 4 heures d&rsquo;intervalle.<\/li>\n<li>Si aucune allergie n&rsquo;appara\u00eet, mais que des irritations cutan\u00e9es se produisent, \u00e9valuez l&rsquo;intensit\u00e9 et la g\u00eane de ces irritations afin de d\u00e9terminer si vous souhaitez poursuivre le traitement.<\/li>\n<li>Une irritation de la peau peut se produire chez certaines personnes. Il s&rsquo;agit d&rsquo;un processus normal qui dispara\u00eet apr\u00e8s environ 15 utilisations.<\/li>\n<li>Il est tr\u00e8s important de faire la diff\u00e9rence entre une irritation de la peau et une allergie !<\/li>\n<\/ul>\n<div> <\/div>\n<p><strong>Je n&rsquo;ai pas de cheveux blancs ! Puis-je b\u00e9n\u00e9ficier des autres avantages ?<\/strong><\/p>\n<p>Oui ! Vous pouvez utiliser les produits Sereni Capelli m\u00eame si vous n&rsquo;avez pas de cheveux blancs et profiter de tous les autres avantages.<br \/>L&rsquo;utilisation des produits Sereni Capelli en l&rsquo;absence de poils blancs permet d&rsquo;\u00e9viter leur apparition.<\/p>\n<p><strong>J&rsquo;utilise ce produit et mon cuir chevelu me d\u00e9mange. Pourquoi ?<\/strong><\/p>\n<p>Si votre cuir chevelu vous d\u00e9mange lorsque vous utilisez les traitements Sereni Capelli, cela signifie soit que le cuir chevelu contient des microfissures et qu&rsquo;elles sont en train de se r\u00e9parer, soit que vous avez une colonie de bact\u00e9ries et qu&rsquo;elles seront \u00e9limin\u00e9es.<\/p>\n<p>Apr\u00e8s environ 2 \u00e0 3 semaines d&rsquo;utilisation de nos traitements, les d\u00e9mangeaisons disparaissent et le cuir chevelu est compl\u00e8tement gu\u00e9ri.<\/p>\n<p><strong>Lorsque j&rsquo;utilise ce produit, mes cheveux d\u00e9gagent une mauvaise odeur. Pourquoi ?<\/strong><\/p>\n<p>Lorsque les cheveux sont riches, des colonies de bact\u00e9ries peuvent se d\u00e9velopper dans le cuir chevelu et m\u00eame migrer vers les cheveux.<br \/>En utilisant les produits Sereni Capelli, ces bact\u00e9ries sont attaqu\u00e9es par les substances contenues dans nos produits et se \u00ab\u00a0d\u00e9fendent\u00a0\u00bb.<\/p>\n<p>En raison de la lutte contre ces bact\u00e9ries, une odeur d\u00e9sagr\u00e9able appara\u00eet g\u00e9n\u00e9ralement, surtout peu de temps apr\u00e8s l&rsquo;application du produit.<\/p>\n<p>Il faut environ 3 semaines pour que ces bact\u00e9ries soient \u00e9limin\u00e9es et que l&rsquo;odeur disparaisse.<\/p>\n<p>Apr\u00e8s ces trois semaines, l&rsquo;odeur devrait avoir presque compl\u00e8tement disparu, signe que les bact\u00e9ries ont \u00e9t\u00e9 \u00e9limin\u00e9es.<\/p>\n<p>Dans ce cas, nous vous recommandons de continuer \u00e0 utiliser les produits selon le \u00ab\u00a0sch\u00e9ma de traitement\u00a0\u00bb pendant au moins 5 semaines avant de passer au \u00ab\u00a0sch\u00e9ma de consolidation\u00a0\u00bb.<\/p>\n<p><strong>Ma peau est rouge et me d\u00e9mange. Pourquoi ?<\/strong><\/p>\n<p>Si votre peau pique et rougit lorsque vous utilisez les traitements Sereni Capelli, il se peut que vous ayez une peau sensible ou que vous souffriez d&rsquo;une affection cutan\u00e9e que vous ignorez.<br \/>Cependant, il est \u00e9galement possible que la peau de votre cuir chevelu contienne des microfissures qui doivent \u00eatre r\u00e9par\u00e9es.<\/p>\n<p>Nous recommandons de s&rsquo;assurer d&rsquo;abord qu&rsquo;en dehors de la piq\u00fbre et de la rougeur initiales du cuir chevelu, il n&rsquo;y a pas d&rsquo;autres effets sur la peau.<br \/>Si aucun autre effet n&rsquo;appara\u00eet et que la couleur rouge dispara\u00eet dans les 2 \u00e0 3 heures, il s&rsquo;agit d&rsquo;un processus normal qui devrait dispara\u00eetre apr\u00e8s environ 15 \u00e0 20 utilisations, le cuir chevelu devenant plus r\u00e9sistant.<\/p>\n<p><strong>J&rsquo;utilise ce produit, mais je ne vois aucun effet.<\/strong><\/p>\n<p>Les chances d&rsquo;utiliser les traitements Sereni Capelli correctement, selon les instructions, pendant 14 jours et de ne pas remarquer d&rsquo;am\u00e9lioration sont inf\u00e9rieures \u00e0 1 sur 100 000.<\/p>\n<p>Plus de 99 % des inefficacit\u00e9s signal\u00e9es \u00e9taient dues \u00e0 une utilisation inappropri\u00e9e des traitements.<\/p>\n<p>Pour vous assurer que vous avez utilis\u00e9 le traitement correctement, veuillez vous r\u00e9f\u00e9rer \u00e0 la page de chaque produit que vous utilisez, o\u00f9 vous trouverez le mode d&#8217;emploi correct.<\/p>\n<p>Si vous avez utilis\u00e9 les produits correctement et que vous n&rsquo;obtenez aucun r\u00e9sultat, vous faites partie des rares personnes pour qui le produit ne peut pas fonctionner.<\/p>\n<p>Si vous constatez des effets, mais qu&rsquo;ils ne sont pas ceux escompt\u00e9s, vous vous trouvez dans l&rsquo;une ou l&rsquo;autre des situations suivantes :<\/p>\n<ul>\n<li>Vous n&rsquo;avez pas respect\u00e9 les d\u00e9lais d&rsquo;application du produit.<\/li>\n<li>Vous n&rsquo;avez pas utilis\u00e9 suffisamment de produit.<\/li>\n<li>Ne pas agiter suffisamment le flacon avant utilisation.<\/li>\n<li>Vous n&rsquo;avez pas utilis\u00e9 le produit pendant une p\u00e9riode suffisante (normalement, il est n\u00e9cessaire d&rsquo;utiliser le produit conform\u00e9ment au programme de traitement pendant 4 \u00e0 6 semaines sans interruption).<\/li>\n<\/ul>\n\t\t\t\t\t\t\t\t<\/div>\n\t\t\t\t<\/div>\n\t\t\t\t\t<\/div>\n\t\t\t\t<\/div>\n\t\t\t\t<\/div>\n\t\t","protected":false},"excerpt":{"rendered":"<p>Questions et r\u00e9ponses Sur cette page, vous trouverez les r\u00e9ponses aux questions les plus courantes pos\u00e9es par nos clients. Ces informations vous aideront \u00e0 obtenir les meilleurs r\u00e9sultats lors de l&rsquo;utilisation des produits Sereni Capelli. Quelle garantie ai-je que ce produit fonctionne ? Les produits Sereni Capelli sont couverts par une garantie de 30 jours [&hellip;]<\/p>\n","protected":false},"author":1,"featured_media":0,"parent":0,"menu_order":0,"comment_status":"closed","ping_status":"closed","template":"","meta":{"footnotes":""},"class_list":["post-728049","page","type-page","status-publish","hentry"],"_links":{"self":[{"href":"https:\/\/serenicapelli.com\/fr\/wp-json\/wp\/v2\/pages\/728049","targetHints":{"allow":["GET"]}}],"collection":[{"href":"https:\/\/serenicapelli.com\/fr\/wp-json\/wp\/v2\/pages"}],"about":[{"href":"https:\/\/serenicapelli.com\/fr\/wp-json\/wp\/v2\/types\/page"}],"author":[{"embeddable":true,"href":"https:\/\/serenicapelli.com\/fr\/wp-json\/wp\/v2\/users\/1"}],"replies":[{"embeddable":true,"href":"https:\/\/serenicapelli.com\/fr\/wp-json\/wp\/v2\/comments?post=728049"}],"version-history":[{"count":0,"href":"https:\/\/serenicapelli.com\/fr\/wp-json\/wp\/v2\/pages\/728049\/revisions"}],"wp:attachment":[{"href":"https:\/\/serenicapelli.com\/fr\/wp-json\/wp\/v2\/media?parent=728049"}],"curies":[{"name":"wp","href":"https:\/\/api.w.org\/{rel}","templated":true}]}}