{"id":728088,"date":"2021-09-22T07:20:57","date_gmt":"2021-09-22T05:20:57","guid":{"rendered":"https:\/\/serenicapelli.com\/palautuskaytanto\/"},"modified":"2023-04-01T18:35:48","modified_gmt":"2023-04-01T16:35:48","slug":"palautuskaytanto","status":"publish","type":"page","link":"https:\/\/serenicapelli.com\/fi\/palautuskaytanto\/","title":{"rendered":"Palautusk\u00e4yt\u00e4nt\u00f6"},"content":{"rendered":"<p>Sinulla on lakis\u00e4\u00e4teinen oikeus peruuttaa internetiss\u00e4 tai puhelimitse solmittu sopimus ilman perusteluja 14 p\u00e4iv\u00e4n kuluessa tuotteiden toimittamisesta.<\/p>\n<p><!-- \/wp:post-content --><\/p>\n<p><!-- wp:paragraph --><\/p>\n<p>Yrityksess\u00e4mme jokaisella ostajalla on oikeus peruuttaa ostosopimus ilman mit\u00e4\u00e4n syyt\u00e4 14 p\u00e4iv\u00e4n kuluessa tuotteiden toimittamisesta. S\u00e4\u00e4nt\u00f6\u00e4 sovelletaan my\u00f6s kumppaneidemme fyysisiss\u00e4 myym\u00e4l\u00f6iss\u00e4 tai kumppaniymp\u00e4rist\u00f6iss\u00e4 tehtyihin ostoksiin.<\/p>\n<p><!-- \/wp:paragraph --><\/p>\n<p><!-- wp:paragraph --><\/p>\n<p>  K\u00e4ytt\u00e4\u00e4ksesi t\u00e4t\u00e4 oikeutta sinun on ilmoitettava meille p\u00e4\u00e4t\u00f6ksest\u00e4si peruuttaa ostosopimus edell\u00e4 mainitussa m\u00e4\u00e4r\u00e4ajassa. Voit ottaa meihin yhteytt\u00e4 osoitteessa <a href=\"mailto:contact@serenicapelli.com\">contact@serenicapelli.com<\/a>  <\/p>\n<p><!-- \/wp:paragraph --><\/p>\n<p><!-- wp:paragraph --><\/p>\n<p>  Jos peruutat sopimuksen, palautamme k\u00e4ytt\u00e4m\u00e4tt\u00f6mien tuotteiden ostohinnan. Jos peruutat tilauksen 14 p\u00e4iv\u00e4n kuluessa toimituksesta, yrityksemme vastaa <strong>palautuskustannuksista <\/strong>.<\/p>\n<p><!-- \/wp:paragraph --><\/p>\n<p><!-- wp:paragraph --><\/p>\n<p>Palautetut summat siirret\u00e4\u00e4n pankkitilillesi 5 p\u00e4iv\u00e4n kuluessa tuotteiden palauttamisesta.<\/p>\n<p><!-- \/wp:paragraph --><\/p>\n<p><!-- wp:list {\"ordered\":true} --><\/p>\n<ol>\n<li>Tuotteet on l\u00e4hetett\u00e4v\u00e4 v\u00e4litt\u00f6m\u00e4sti, viimeist\u00e4\u00e4n 5 p\u00e4iv\u00e4n kuluessa peruutusp\u00e4iv\u00e4st\u00e4.<\/li>\n<li>Huomaa, ett\u00e4 olet vastuussa tuotteiden arvon alenemisesta, joka johtuu siit\u00e4, ett\u00e4 k\u00e4sittelet niit\u00e4 muulla tavoin kuin tuotteen luonteeseen, ominaisuuksiin ja toimintaan tutustumisen edellytt\u00e4m\u00e4ll\u00e4 tavalla (esim. jos k\u00e4yt\u00e4t tuotetta, vaikka olet jo kokeillut sit\u00e4). Huomaa my\u00f6s, ett\u00e4 sinulla ei ole oikeutta peruuttaa sopimusta, jos kyseess\u00e4 ovat tarpeidesi mukaan tehdyt tuotteet tai r\u00e4\u00e4t\u00e4l\u00f6idyt tuotteet (esim. r\u00e4\u00e4t\u00e4l\u00f6ity kaiverrettu pakkaus) sek\u00e4 avatut ja k\u00e4ytetyt tuotteet, joita ei voida palauttaa.  <strong>return  <\/strong>hygieniasyist\u00e4 (esim. jos tuote on avattu ja olet k\u00e4ytt\u00e4nyt osan kosmeettisesta valmisteesta, joka on joutunut suoraan kosketukseen ihon kanssa).<\/li>\n<\/ol>\n","protected":false},"excerpt":{"rendered":"<p>Sinulla on lakis\u00e4\u00e4teinen oikeus peruuttaa internetiss\u00e4 tai puhelimitse solmittu sopimus ilman perusteluja 14 p\u00e4iv\u00e4n kuluessa tuotteiden toimittamisesta. Yrityksess\u00e4mme jokaisella ostajalla on oikeus peruuttaa ostosopimus ilman mit\u00e4\u00e4n syyt\u00e4 14 p\u00e4iv\u00e4n kuluessa tuotteiden toimittamisesta. S\u00e4\u00e4nt\u00f6\u00e4 sovelletaan my\u00f6s kumppaneidemme fyysisiss\u00e4 myym\u00e4l\u00f6iss\u00e4 tai kumppaniymp\u00e4rist\u00f6iss\u00e4 tehtyihin ostoksiin. K\u00e4ytt\u00e4\u00e4ksesi t\u00e4t\u00e4 oikeutta sinun on ilmoitettava meille p\u00e4\u00e4t\u00f6ksest\u00e4si peruuttaa ostosopimus edell\u00e4 mainitussa m\u00e4\u00e4r\u00e4ajassa. [&hellip;]<\/p>\n","protected":false},"author":1,"featured_media":0,"parent":0,"menu_order":0,"comment_status":"closed","ping_status":"closed","template":"","meta":{"footnotes":""},"class_list":["post-728088","page","type-page","status-publish","hentry"],"_links":{"self":[{"href":"https:\/\/serenicapelli.com\/fi\/wp-json\/wp\/v2\/pages\/728088","targetHints":{"allow":["GET"]}}],"collection":[{"href":"https:\/\/serenicapelli.com\/fi\/wp-json\/wp\/v2\/pages"}],"about":[{"href":"https:\/\/serenicapelli.com\/fi\/wp-json\/wp\/v2\/types\/page"}],"author":[{"embeddable":true,"href":"https:\/\/serenicapelli.com\/fi\/wp-json\/wp\/v2\/users\/1"}],"replies":[{"embeddable":true,"href":"https:\/\/serenicapelli.com\/fi\/wp-json\/wp\/v2\/comments?post=728088"}],"version-history":[{"count":0,"href":"https:\/\/serenicapelli.com\/fi\/wp-json\/wp\/v2\/pages\/728088\/revisions"}],"wp:attachment":[{"href":"https:\/\/serenicapelli.com\/fi\/wp-json\/wp\/v2\/media?parent=728088"}],"curies":[{"name":"wp","href":"https:\/\/api.w.org\/{rel}","templated":true}]}}