{"id":728080,"date":"2022-08-15T10:39:10","date_gmt":"2022-08-15T08:39:10","guid":{"rendered":"https:\/\/serenicapelli.com\/tietosuojakaytanto\/"},"modified":"2022-08-15T10:39:10","modified_gmt":"2022-08-15T08:39:10","slug":"tietosuojakaytanto","status":"publish","type":"page","link":"https:\/\/serenicapelli.com\/fi\/tietosuojakaytanto\/","title":{"rendered":"Tietosuojak\u00e4yt\u00e4nt\u00f6"},"content":{"rendered":"<p><strong>Tietosuojak\u00e4yt\u00e4nt\u00f6<\/strong><\/p>\n<p>Verkkokaupan www.serenicapelli.com yll\u00e4pit\u00e4j\u00e4 Sereni Capelli ilmoittaa, ett\u00e4 kaikkia henkil\u00f6tietoja (j\u00e4ljemp\u00e4n\u00e4 &#8221;tiedot&#8221;) pidet\u00e4\u00e4n ehdottoman luottamuksellisina ja k\u00e4sitell\u00e4\u00e4n henkil\u00f6tietojen suojaa koskevan voimassa olevan lains\u00e4\u00e4d\u00e4nn\u00f6n mukaisesti.<\/p>\n<p>Henkil\u00f6tietojesi turvallisuus on meille ensisijaisen t\u00e4rke\u00e4\u00e4. N\u00e4in ollen kiinnit\u00e4mme henkil\u00f6tietoihin ja niiden suojaamiseen erityist\u00e4 huomiota. N\u00e4iss\u00e4 henkil\u00f6tietojen k\u00e4sittelyn periaatteissa (&#8221;periaatteet&#8221;) haluamme kertoa sinulle, mit\u00e4 henkil\u00f6tietoja ker\u00e4\u00e4mme sinusta ja miten k\u00e4yt\u00e4mme niit\u00e4 jatkossa.<\/p>\n<ol>\n<li><strong>Henkil\u00f6tiedot ja niiden k\u00e4sittely<\/strong><\/li>\n<\/ol>\n<p><strong>1.1. Henkil\u00f6tietoryhm\u00e4t<\/strong><\/p>\n<p>Ker\u00e4\u00e4mme erilaisia tietoja riippuen siit\u00e4, mit\u00e4 palveluitamme p\u00e4\u00e4t\u00e4t k\u00e4ytt\u00e4\u00e4.<\/p>\n<p>Jos ostat meilt\u00e4, me ker\u00e4\u00e4mme:<\/p>\n<ul>\n<li>Nimi ja yhteystiedot. Koko nimi, s\u00e4hk\u00f6postiosoite, postiosoite, laskutusosoite, puhelinnumero ja pankin laskutustiedot, maksutiedot.<\/li>\n<li>V\u00e4est\u00f6tiedot. Tiedot sukupuolesta, syntym\u00e4ajasta, maasta ja halutusta kielest\u00e4.<\/li>\n<li>Sopimuksen voimassaoloaikana saadut tiedot &#8211; ostetut tuotteet, asiakassegmentti, tarjottujen palvelujen m\u00e4\u00e4r\u00e4.<\/li>\n<\/ul>\n<p><strong>1.2. Henkil\u00f6tietojen k\u00e4sittelyn tarkoitus:<\/strong><\/p>\n<ul>\n<li><strong>Palvelujen tarjoaminen ja parantaminen<\/strong>. Jotta voimme tarjota ja parantaa palveluitamme sinua tyydytt\u00e4v\u00e4ll\u00e4 tavalla, k\u00e4sittelemme henkil\u00f6tietojasi. T\u00e4h\u00e4n sis\u00e4ltyy erityisesti:\n<ul>\n<li><strong>Tuotteiden tai palveluiden tilausten k\u00e4sittely<\/strong>, jotka on tilattu joko verkkosivujemme tai asiakaspuhelinpalvelun kautta. T\u00e4ss\u00e4 tapauksessa oikeudellinen syy on se, ett\u00e4 tiedot ovat v\u00e4ltt\u00e4m\u00e4tt\u00f6mi\u00e4 ostosopimuksen toteuttamiseksi ja jotkin tiedot ovat v\u00e4ltt\u00e4m\u00e4tt\u00f6mi\u00e4 oikeudellisten velvoitteiden t\u00e4ytt\u00e4miseksi (esim. kirjanpitoasiakirjat).<\/li>\n<li><strong>Ilmoitus tuotteen saatavuudesta<\/strong>. Jos pyyd\u00e4t seurata jonkin tuotteen saatavuutta, k\u00e4sittelemme tietojasi. henkil\u00f6tietoja suostumuksesi perusteella.<\/li>\n<li><strong>Asiakaspalvelu. Asiakaspalvelun tarjoamiseksi ja ongelmien poistamiseksi vuonna  <\/strong>myyntisopimuksen toteuttaminen, k\u00e4sittelemme henkil\u00f6tietoja n\u00e4iden sopimusten noudattamisen tarpeen perusteella.<\/li>\n<li><strong>Viestint\u00e4<\/strong>. K\u00e4yt\u00e4mme ker\u00e4ttyj\u00e4 tietoja henkil\u00f6kohtaiseen viestint\u00e4\u00e4n kanssasi. Voimme esimerkiksi ottaa sinuun yhteytt\u00e4 puhelimitse, s\u00e4hk\u00f6postitse tai muulla tavoin muistuttaaksemme sinua siit\u00e4, ett\u00e4 sinulla on tuotteita ostoskorissasi, auttaaksemme sinua tilauksen loppuun saattamisessa tai ilmoittaaksemme hakemuksesi, tilauksesi tai valituksesi t\u00e4m\u00e4nhetkisest\u00e4 tilanteesta, saadaksemme tarvittaessa lis\u00e4tietoja tai ilmoittaaksemme sinulle, ett\u00e4 sinun on ryhdytt\u00e4v\u00e4 toimenpiteisiin tilisi pit\u00e4miseksi aktiivisena. Jos ostat meilt\u00e4 j\u00e4senen\u00e4, k\u00e4sittelemme n\u00e4it\u00e4 tietoja oikeutetun edun vuoksi, joka johtuu edell\u00e4 kuvatusta Sc SereniCapelli Srl:n oikeutetusta edusta.<\/li>\n<li><strong>Palvelujen parantaminen<\/strong>. K\u00e4yt\u00e4mme tietoja parantaaksemme jatkuvasti palveluitamme ja j\u00e4rjestelmi\u00e4mme, mukaan lukien uusien ominaisuuksien lis\u00e4\u00e4minen, sek\u00e4 tehdaksemme tietoon perustuvia p\u00e4\u00e4t\u00f6ksi\u00e4 k\u00e4ytt\u00e4m\u00e4ll\u00e4 kokonaisanalytiikkaa ja liiketoimintatietoja, jotka kaikki perustuvat oikeutettuun etuumme, joka perustuu liiketoimintavapauteen ja tarpeeseen parantaa tarjoamiamme palveluita pysy\u00e4ksemme kilpailukykyisin\u00e4. Oikeuksiesi ja etujesi asianmukaisen suojelun varmistamiseksi k\u00e4yt\u00e4mme henkil\u00f6tietoja mahdollisimman anonymisoituina parantaaksemme palveluitamme.<\/li>\n<\/ul>\n<\/li>\n<li><strong>Suojelu, turvallisuus ja riitojenratkaisu<\/strong>. Voimme k\u00e4sitell\u00e4 tietoja my\u00f6s oikeutetun edun perusteella, joka on j\u00e4rjestelmiemme ja asiakkaidemme suojelun ja turvallisuuden varmistaminen, petosten ehk\u00e4iseminen ja havaitseminen, riitojen ratkaiseminen ja sopimuksiemme t\u00e4yt\u00e4nt\u00f6\u00f6npano oikeutetun edun perusteella.<\/li>\n<li><strong>Markkinointitarjoukset<\/strong>.\n<ul>\n<li>Kaupallinen viestint\u00e4\n<ul>\n<li>L\u00e4het\u00e4mme sinulle kaupallisia viestej\u00e4 samankaltaisista tuotteista kuin ostamasi tuotteet.<\/li>\n<li>Sinulla on aina mahdollisuus kielt\u00e4yty\u00e4 n\u00e4ist\u00e4 kaupallisista viesteist\u00e4 s\u00e4hk\u00f6postitse osoitteessa <u><br \/>\n  <a href=\"mailto:contact@serenicapelli.com\">contact@serenicapelli.com<\/a><br \/>\n<\/u> peruuttaa tilauksen.<\/li>\n<li>Jos peruutat kaupallisten viestien tilauksen, emme en\u00e4\u00e4 k\u00e4yt\u00e4 tietojasi. s\u00e4hk\u00f6inen yhteydenotto n\u00e4it\u00e4 tarkoituksia varten. Jatkamme niiden k\u00e4ytt\u00f6\u00e4 vain, jos rekister\u00f6idyt tai pyyd\u00e4t niit\u00e4 erikseen.<\/li>\n<\/ul>\n<\/li>\n<li>N\u00e4ytett\u00e4v\u00e4t markkinointitarjoukset voidaan valita muiden sinusta saatujen tietojen perusteella. ajan mittaan yhteystiedoista, demografisista tiedoista, suosikkituotteista sek\u00e4 tuotteidemme ja verkkosivustomme k\u00e4ytt\u00f6\u00e4 koskevista tiedoista (ev\u00e4steet, IP-osoite, selaimesi antamat tiedot, napsautukset, n\u00e4ytetyt mainosviestit, k\u00e4ytetyt tuotteet). K\u00e4sittely\u00e4 ei ole t\u00e4ysin automatisoitu, koska sill\u00e4 olisi oikeudellisia vaikutuksia sinuun.<\/li>\n<li>Jos et ole asiakkaamme, k\u00e4sittelemme tietoja suostumuksesi perusteella.<\/li>\n<li>Sinulla on oikeus vastustaa t\u00e4llaista k\u00e4sittely\u00e4 milloin tahansa ja maksutta. Yhteystiedot ovat t\u00e4m\u00e4n asiakirjan lopussa.<\/li>\n<\/ul>\n<\/li>\n<li><strong>Ev\u00e4steiden <\/strong>k\u00e4sittely SC Sereni Capelli SRL:n yll\u00e4pit\u00e4mill\u00e4 verkkosivustoilla\n<ul>\n<li>Jos otat ev\u00e4steet k\u00e4ytt\u00f6\u00f6n selaimessasi, k\u00e4sittelemme Sereni Capellin yll\u00e4pit\u00e4m\u00e4lle verkkosivulle sijoitettujen ev\u00e4steiden k\u00e4ytt\u00e4ytymistietoja, jotta voimme tarjota paremman toiminnallisuuden serenicapelli.com-verkkosivulla ja kumppanuussivustoilla sek\u00e4 Sereni Capellin Internet-mainontaa varten.<\/li>\n<\/ul>\n<\/li>\n<\/ul>\n<p><strong>1.3. Henkil\u00f6tietojen siirto kolmansille osapuolille<\/strong><\/p>\n<p>Sinun tietosi Henkil\u00f6tietoja luovutetaan kolmansille osapuolille tai v\u00e4litet\u00e4\u00e4n muulla tavoin vain, jos se on tarpeen myyntisopimuksen t\u00e4ytt\u00e4miseksi, jos se perustuu oikeutettuun etuun tai jos olet antanut siihen etuk\u00e4teen suostumuksesi.<\/p>\n<ul>\n<li>a) tyt\u00e4ryhti\u00f6t ja tietojenk\u00e4sittelyyhti\u00f6t myyntisopimuksen t\u00e4ytt\u00e4miseksi, sis\u00e4isten prosessien ja k\u00e4yt\u00e4nt\u00f6jen toteuttamiseksi<\/li>\n<li>b) luottokorttiyhti\u00f6t, maksupalveluntarjoajat maksujen k\u00e4sittely\u00e4 varten ja pankit tilauksesi perusteella myyntisopimuksen toteuttamiseksi<\/li>\n<li>c) kuljetusyritykset tilaamiesi tuotteiden tai palvelujen toimittamiseksi. ja valitusten k\u00e4sittely, mukaan lukien sopimuksen irtisanominen<\/li>\n<li>d) valitsemiesi kanta-asiakasohjelmien yhteisty\u00f6kumppanit<\/li>\n<li>e) muut palveluntarjoajat, tietojenk\u00e4sittelyyn osallistuvat kolmannet osapuolet;<\/li>\n<li>f) kolmansille osapuolille, esimerkiksi syytt\u00e4jille ja tuomioistuimille, perint\u00e4\u00e4 tai kanssasi tehdyn sopimuksen tekemist\u00e4 varten;<\/li>\n<li>g) viranomaiset (esim. poliisi)<\/li>\n<li>h) kolmansille osapuolille, jotka suorittavat asiakaskyselyj\u00e4<\/li>\n<\/ul>\n<p>Jos kolmas osapuoli k\u00e4ytt\u00e4\u00e4 tietoja oikeutetun etunsa puitteissa, yll\u00e4pit\u00e4j\u00e4 ei ota t\u00e4t\u00e4 vastuuta. T\u00e4t\u00e4 prosessia s\u00e4\u00e4telev\u00e4t yritysten ja asianomaisten henkil\u00f6iden henkil\u00f6tietojen k\u00e4sittely\u00e4 koskevat periaatteet.<\/p>\n<ol>\n<li><strong>Henkil\u00f6tietojen turvallisuus ja s\u00e4ilytysaika<\/strong><\/li>\n<\/ol>\n<p><strong>2.1. Henkil\u00f6tietojen turvallisuus<\/strong><\/p>\n<ul>\n<li>a) Tietosi siirret\u00e4\u00e4n salatussa muodossa. K\u00e4yt\u00e4mme SSL-salausta (secure socket layer). Suojaamme verkkosivustomme ja muut j\u00e4rjestelm\u00e4mme teknisin ja organisatorisin toimenpitein tietojesi katoamiselta tai tuhoutumiselta, luvattomien henkil\u00f6iden p\u00e4\u00e4sylt\u00e4, muuttamiselta tai levitt\u00e4miselt\u00e4.<\/li>\n<li>b) Edellyt\u00e4mme, ett\u00e4 tietojen k\u00e4sittelij\u00e4t, joiden kanssa teemme yhteisty\u00f6t\u00e4, todistavat, ett\u00e4 heid\u00e4n j\u00e4rjestelm\u00e4ns\u00e4 ovat GDPR-asetuksen mukaisia.<\/li>\n<li>c) P\u00e4\u00e4sy tilillesi. asiakkaan toimesta on mahdollista vain henkil\u00f6kohtaisen salasanasi sy\u00f6tt\u00e4misen j\u00e4lkeen. T\u00e4ss\u00e4 yhteydess\u00e4 muistutamme, ett\u00e4 on ehdottoman t\u00e4rke\u00e4\u00e4, ettet luovuta k\u00e4ytt\u00f6tietojasi kolmansille osapuolille ja ett\u00e4 istuntosi p\u00e4\u00e4tytty\u00e4 et saa luovuttaa k\u00e4ytt\u00f6tietojasi kolmansille osapuolille. asiakastilill\u00e4si, sulje aina selainikkuna, varsinkin jos jaat tietokoneesi muiden k\u00e4ytt\u00e4jien kanssa. SC SERENICAPELLI SRL ei ole vastuussa salasanojen v\u00e4\u00e4rink\u00e4yt\u00f6st\u00e4, ellei tilanne johdu suoraan verkkosivustostamme.<\/li>\n<\/ul>\n<p><strong>3.1. K\u00e4sittelyaika<\/strong><\/p>\n<p>K\u00e4sittelemme ja tallennamme henkil\u00f6tietoja<\/p>\n<ul>\n<li>sen ajan, joka on ehdottoman v\u00e4ltt\u00e4m\u00e4t\u00f6n kaikkien kauppasopimuksesta johtuvien oikeuksien ja velvoitteiden turvaamiseksi.<\/li>\n<li>1 vuoden ajan takuuajan p\u00e4\u00e4ttymisest\u00e4 mahdollisten riitojen ratkaisemiseksi.<\/li>\n<li>niin kauan kuin SC SERENICAPELLI SRL:ll\u00e4 yll\u00e4pit\u00e4j\u00e4n\u00e4 on velvollisuus s\u00e4ilytt\u00e4\u00e4 tiedot yleisten s\u00e4\u00e4d\u00f6sten mukaisesti. Kirjanpitoasiakirjat, esimerkiksi SC SERENICAPELLI SRL:n laatimat laskut, arkistoidaan lain mukaisesti 10 vuoden ajan niiden laatimisesta.<\/li>\n<li>Tavaroiden saatavuuden ilmoittamista koskeva sopimus on voimassa toimitettujen tietojen saatavuuden ajan, kuitenkin enint\u00e4\u00e4n yhden vuoden ajan tai kunnes se peruutetaan.<\/li>\n<li>Markkinointitarjouksia koskeva sopimus on voimassa 4 vuotta tai kunnes se peruutetaan.<\/li>\n<li>Arvostelu 6 vuotta<\/li>\n<li>10-vuotiaiden auttaminen<\/li>\n<li>Viestint\u00e4 2 vuotta<\/li>\n<li>Kilpailut 1 vuosi<\/li>\n<\/ul>\n<p>Muissa tapauksissa k\u00e4sittelyaika johtuu k\u00e4sittelyn tarkoituksesta tai henkil\u00f6tietojen suojaa koskevista s\u00e4\u00e4nn\u00f6ksist\u00e4.<\/p>\n<ol>\n<li><strong>Rekister\u00f6ityjen oikeudet<\/strong><\/li>\n<\/ol>\n<ul>\n<li>a) Jos k\u00e4sittelemme tietojasi. henkil\u00f6tiedot, voit pyyt\u00e4\u00e4 maksutta tietoja henkil\u00f6tietojesi k\u00e4sittelyst\u00e4.<\/li>\n<li>b) Jos uskot, ett\u00e4 henkil\u00f6tietojesi k\u00e4sittely ei ole tietosuojasi mukaista. Jos henkil\u00f6tietojasi k\u00e4sitell\u00e4\u00e4n henkil\u00f6tietojen suojaa koskevien s\u00e4\u00e4nn\u00f6sten vastaisesti, voit pyyt\u00e4\u00e4 selityksi\u00e4, pyyt\u00e4\u00e4 syntyneen tilanteen poistamista ja ennen kaikkea pyyt\u00e4\u00e4 henkil\u00f6tietojen korjaamista, t\u00e4ydent\u00e4mist\u00e4, poistamista tai suojaamista.<\/li>\n<li>c) Jos haluat k\u00e4ytt\u00e4\u00e4 oikeuksiasi, ota yhteytt\u00e4 tietosuojavastaavaan osoitteessa <u><a href=\"mailto:contact@serenicapelli.com\">contact@serenicapelli.com;<\/a> dpo@serenicapelli.com.<\/u> Voit my\u00f6s ottaa yhteytt\u00e4 henkil\u00f6tietojen k\u00e4sittelyn kansalliseen valvontaviranomaiseen.<\/li>\n<li>d) Sinun suostumuksesi henkil\u00f6tietojen k\u00e4sittely\u00e4 koskeva lupa voidaan peruuttaa milloin tahansa. Jos peruutat suostumuksesi henkil\u00f6tietojesi k\u00e4sittelyyn, ne poistetaan tai tehd\u00e4\u00e4n nimett\u00f6miksi; n\u00e4m\u00e4 toimenpiteet eiv\u00e4t kuitenkaan vaikuta henkil\u00f6tietoihin, joita SC SERENICAPELLI SRL tarvitsee lakis\u00e4\u00e4teisten velvoitteidensa t\u00e4ytt\u00e4miseksi (esim. jo tehtyjen tilausten toteuttamiseksi) tai oikeutettujen etujensa suojaamiseksi. Henkil\u00f6tiedot poistetaan my\u00f6s silloin, kun niit\u00e4 ei tarvita aiottuun tarkoitukseen tai jos tietojesi s\u00e4ilytt\u00e4minen ei ole tarpeen aiottua tarkoitusta varten. ei voida ottaa k\u00e4sitelt\u00e4v\u00e4ksi muista laissa s\u00e4\u00e4detyist\u00e4 syist\u00e4.<\/li>\n<\/ul>\n<p><strong>5.1. Cookie<\/strong><\/p>\n<p>Sivuillamme k\u00e4ytet\u00e4\u00e4n niin sanottuja ev\u00e4steit\u00e4, jotta tarjouksemme olisi sinulle merkityksellinen, mielenkiintoinen ja miellytt\u00e4v\u00e4. Ev\u00e4steet ovat pieni\u00e4 tekstitiedostoja, jotka tallennetaan tietokoneellesi tai \u00e4lypuhelimeesi. tai toisessa laitteessa, ja selaimesi k\u00e4ytt\u00e4\u00e4 niit\u00e4. Web. K\u00e4yt\u00e4mme ev\u00e4steit\u00e4 muun muassa seuraaviin tarkoituksiin:<\/p>\n<ul>\n<li>ostoskorin oikea toiminta, jotta tilaus voidaan suorittaa mahdollisimman helposti.<\/li>\n<li>muistutus kirjautumistiedoista, jotta niit\u00e4 ei tarvitse sy\u00f6tt\u00e4\u00e4 toistuvasti.<\/li>\n<li>r\u00e4\u00e4t\u00e4l\u00f6id\u00e4 verkkosivujamme mahdollisimman hyvin tarpeittesi mukaan seuraamalla vierailujasi, liikkumistasi sivustolla ja k\u00e4ytt\u00e4mi\u00e4si toimintoja.<\/li>\n<li>katselemiesi mainosten seuranta, jotta et n\u00e4e mainoksia tuotteista, joista et ole kiinnostunut.<\/li>\n<\/ul>\n<p>Jotkin ev\u00e4steet voivat ker\u00e4t\u00e4 tietoja, joita kolmannet osapuolet k\u00e4ytt\u00e4v\u00e4t my\u00f6hemmin ja jotka esimerkiksi tukevat suoraan myynninedist\u00e4mistoimiamme (niin sanotut &#8221;kolmannen osapuolen ev\u00e4steet&#8221;). Esimerkiksi tietoja sivustollamme ostetuista tuotteista voidaan antaa mainostoimistolle, jotta se voi n\u00e4ytt\u00e4\u00e4 ja mukauttaa sivustoilla n\u00e4kyvi\u00e4 Internet-bannerimainoksia. Huomaa, ett\u00e4 sinua ei voida tunnistaa. n\u00e4iden tietojen perusteella.<\/p>\n<p><strong>5.2. Ev\u00e4steiden k\u00e4ytt\u00f6<\/strong><\/p>\n<p>Verkkosivustollamme k\u00e4ytett\u00e4v\u00e4t ev\u00e4steet voidaan jakaa kahteen luokkaan. Lyhytik\u00e4iset niin sanotut &#8221;istuntoev\u00e4steet&#8221; poistetaan heti, kun poistut verkkosivustoltamme. Pitk\u00e4kestoiset niin sanotut pysyv\u00e4t ev\u00e4steet s\u00e4ilyv\u00e4t laitteellesi tallennettuina. paljon pidemp\u00e4\u00e4n tai kunnes poistat ne manuaalisesti (ev\u00e4steiden pysyvyys laitteessasi riippuu niiden asetuksista ja selaimesi asetuksista).<\/p>\n<p>Ev\u00e4steet voidaan luokitella my\u00f6s toiminnallisuuden mukaan:<\/p>\n<ul>\n<li>analytiikka, joka auttaa meit\u00e4 parantamaan sivustomme k\u00e4ytt\u00e4j\u00e4kokemusta, koska ymm\u00e4rr\u00e4mme, miten k\u00e4ytt\u00e4j\u00e4t k\u00e4ytt\u00e4v\u00e4t sivustoa.<\/li>\n<li>konversiomittarit, joiden avulla voimme analysoida eri myyntikanavien suorituskyky\u00e4.<\/li>\n<li>seuranta, joka yhdess\u00e4 konversioseurannan kanssa auttaa analysoimaan eri myyntikanavien suorituskyky\u00e4.<\/li>\n<li>uudelleenmarkkinointi, jota k\u00e4ytet\u00e4\u00e4n mainosten sis\u00e4ll\u00f6n personointiin ja mainosten oikeaan kohdentamiseen.<\/li>\n<li>olennainen, t\u00e4rke\u00e4 sivuston perustoiminnallisuuden kannalta.<\/li>\n<\/ul>\n<p><strong>5.3. Ev\u00e4stetiedostojen hylk\u00e4\u00e4minen<\/strong><\/p>\n<p>Ev\u00e4steiden k\u00e4yt\u00f6n asettaminen sis\u00e4ltyy selaimeesi. Internet. Useimmat selaimet hyv\u00e4ksyv\u00e4t ev\u00e4steet oletusarvoisesti automaattisesti. Selaimellasi voit kielt\u00e4\u00e4 n\u00e4m\u00e4 ev\u00e4steet tai rajoittaa ne tiettyihin, erikseen valitsemiisi ev\u00e4stetyyppeihin.<\/p>\n<p>Tietoa selaimista ja ev\u00e4steasetusten asettamisesta l\u00f6ytyy seuraavilta verkkosivuilta tai muista selaimen tiedostoista.<\/p>\n<ul>\n<li><a href=\"https:\/\/support.google.com\/accounts\/answer\/61416?hl=ro&amp;co=GENIE.Platform%3DDesktop&amp;oco=1\">Kromi<\/a><\/li>\n<li><a href=\"https:\/\/support.mozilla.org\/ro\/kb\/activarea-si-dezactivarea-cookie-urilor\">Firefox<\/a><\/li>\n<li><a href=\"https:\/\/support.microsoft.com\/ro-ro\/help\/17442\/windows-internet-explorer-delete-manage-cookies\">Internet Explorer<\/a><\/li>\n<li><a href=\"https:\/\/support.google.com\/accounts\/answer\/61416?hl=ro&amp;co=GENIE.Platform%3DAndroid&amp;oco=1\">Android<\/a><\/li>\n<\/ul>\n<p><strong> <\/strong><\/p>\n<p><strong>5.4. Linkit<\/strong><\/p>\n<p>Verkkosivustomme sis\u00e4lt\u00e4\u00e4 linkkej\u00e4 muille verkkosivustoille, jotka ovat k\u00e4yt\u00e4nn\u00f6llisi\u00e4 ja sis\u00e4lt\u00e4v\u00e4t hy\u00f6dyllist\u00e4 tietoa. Huomaa, ett\u00e4 n\u00e4m\u00e4 sivustot saattavat olla muiden yritysten ja organisaatioiden omistuksessa ja hallinnassa, ja niill\u00e4 saattaa olla erilaiset turvallisuus- ja tietosuojak\u00e4yt\u00e4nn\u00f6t. Yrityksell\u00e4mme ei ole m\u00e4\u00e4r\u00e4ysvaltaa, eik\u00e4 se ota vastuuta n\u00e4ille verkkosivuille sis\u00e4ltyvist\u00e4 tai niiden kautta saatavilla olevista tiedoista, materiaaleista, tuotteista tai palveluista.<\/p>\n<ol>\n<li><strong>Ota yhteytt\u00e4<\/strong><\/li>\n<\/ol>\n<p>Jos sinulla on n\u00e4ihin periaatteisiin liittyvi\u00e4 kysymyksi\u00e4, kommentteja tai pyynt\u00f6j\u00e4, ota meihin yhteytt\u00e4 n\u00e4iden periaatteiden lopussa mainittuun osoitteeseen tai asiakaspalvelupuhelimeen &#8211; tai s\u00e4hk\u00f6postitse.<\/p>\n<p>Ota yhteytt\u00e4 tietosuojavastaavaan: <u><br \/>\n  <a href=\"mailto:dpo@serenicapelli.com\">dpo@serenicapelli.com<\/a><br \/>\n<\/u>; contact@serenicapelli.com<\/p>\n<p>Sc Sereni Capelli Srl (Sereni Capelli)<\/p>\n<ol>\n<li><strong>Voimassaolo<\/strong><\/li>\n<\/ol>\n<p>N\u00e4m\u00e4 tietosuojaperiaatteet tulevat voimaan 01.05.2018.<\/p>\n","protected":false},"excerpt":{"rendered":"<p>Tietosuojak\u00e4yt\u00e4nt\u00f6 Verkkokaupan www.serenicapelli.com yll\u00e4pit\u00e4j\u00e4 Sereni Capelli ilmoittaa, ett\u00e4 kaikkia henkil\u00f6tietoja (j\u00e4ljemp\u00e4n\u00e4 &#8221;tiedot&#8221;) pidet\u00e4\u00e4n ehdottoman luottamuksellisina ja k\u00e4sitell\u00e4\u00e4n henkil\u00f6tietojen suojaa koskevan voimassa olevan lains\u00e4\u00e4d\u00e4nn\u00f6n mukaisesti. Henkil\u00f6tietojesi turvallisuus on meille ensisijaisen t\u00e4rke\u00e4\u00e4. N\u00e4in ollen kiinnit\u00e4mme henkil\u00f6tietoihin ja niiden suojaamiseen erityist\u00e4 huomiota. N\u00e4iss\u00e4 henkil\u00f6tietojen k\u00e4sittelyn periaatteissa (&#8221;periaatteet&#8221;) haluamme kertoa sinulle, mit\u00e4 henkil\u00f6tietoja ker\u00e4\u00e4mme sinusta ja miten k\u00e4yt\u00e4mme niit\u00e4 [&hellip;]<\/p>\n","protected":false},"author":1,"featured_media":0,"parent":0,"menu_order":0,"comment_status":"closed","ping_status":"closed","template":"","meta":{"footnotes":""},"class_list":["post-728080","page","type-page","status-publish","hentry"],"_links":{"self":[{"href":"https:\/\/serenicapelli.com\/fi\/wp-json\/wp\/v2\/pages\/728080","targetHints":{"allow":["GET"]}}],"collection":[{"href":"https:\/\/serenicapelli.com\/fi\/wp-json\/wp\/v2\/pages"}],"about":[{"href":"https:\/\/serenicapelli.com\/fi\/wp-json\/wp\/v2\/types\/page"}],"author":[{"embeddable":true,"href":"https:\/\/serenicapelli.com\/fi\/wp-json\/wp\/v2\/users\/1"}],"replies":[{"embeddable":true,"href":"https:\/\/serenicapelli.com\/fi\/wp-json\/wp\/v2\/comments?post=728080"}],"version-history":[{"count":0,"href":"https:\/\/serenicapelli.com\/fi\/wp-json\/wp\/v2\/pages\/728080\/revisions"}],"wp:attachment":[{"href":"https:\/\/serenicapelli.com\/fi\/wp-json\/wp\/v2\/media?parent=728080"}],"curies":[{"name":"wp","href":"https:\/\/api.w.org\/{rel}","templated":true}]}}