{"id":728055,"date":"2023-02-06T19:24:05","date_gmt":"2023-02-06T17:24:05","guid":{"rendered":"https:\/\/serenicapelli.com\/kysymykset-ja-vastaukset\/"},"modified":"2023-04-01T18:35:11","modified_gmt":"2023-04-01T16:35:11","slug":"kysymykset-ja-vastaukset","status":"publish","type":"page","link":"https:\/\/serenicapelli.com\/fi\/kysymykset-ja-vastaukset\/","title":{"rendered":"KYSYMYKSET JA VASTAUKSET"},"content":{"rendered":"\t\t<div data-elementor-type=\"wp-page\" data-elementor-id=\"728055\" class=\"elementor elementor-728055 elementor-727182\" data-elementor-post-type=\"page\">\n\t\t\t\t<div class=\"elementor-element elementor-element-bd2a907 e-flex e-con-boxed e-con e-parent\" data-id=\"bd2a907\" data-element_type=\"container\" data-e-type=\"container\">\n\t\t\t\t\t<div class=\"e-con-inner\">\n\t\t\t\t<div class=\"elementor-element elementor-element-d6e6f30 elementor-widget elementor-widget-text-editor\" data-id=\"d6e6f30\" data-element_type=\"widget\" data-e-type=\"widget\" data-widget_type=\"text-editor.default\">\n\t\t\t\t<div class=\"elementor-widget-container\">\n\t\t\t\t\t\t\t\t\t<h3>Kysymyksi\u00e4 ja vastauksia<\/h3>\n<p>T\u00e4lt\u00e4 sivulta l\u00f6yd\u00e4t vastaukset yleisimpiin asiakkaidemme esitt\u00e4miin kysymyksiin.<\/p>\n<p>N\u00e4m\u00e4 tiedot auttavat sinua saamaan parhaat tulokset Sereni Capelli -tuotteita k\u00e4ytt\u00e4ess\u00e4si.<\/p>\n<p><strong>Mit\u00e4 takeita minulla on siit\u00e4, ett\u00e4 t\u00e4m\u00e4 tuote toimii?<\/strong><\/p>\n<p>Sereni Capelli -tuotteilla on 30 p\u00e4iv\u00e4n takuu vastaanottop\u00e4iv\u00e4st\u00e4 alkaen. Jos et ole tyytyv\u00e4inen tuloksiin, joita olet saanut k\u00e4ytt\u00e4m\u00e4ll\u00e4 tuotteitamme v\u00e4hint\u00e4\u00e4n 15 p\u00e4iv\u00e4n ajan, voit ottaa meihin yhteytt\u00e4 k\u00e4ytt\u00e4m\u00e4ll\u00e4 YHTEYSTIEDOT-sivulla olevia tietoja, ja me palautamme koko summan, mukaan lukien toimituskulut.<\/p>\n<p><strong>Voinko k\u00e4ytt\u00e4\u00e4 t\u00e4t\u00e4 tuotetta my\u00f6s partani hoitoon?<\/strong><\/p>\n<p>Kyll\u00e4, Sereni Capelli -tuotteita voidaan k\u00e4ytt\u00e4\u00e4 my\u00f6s partaan, mutta varo nielem\u00e4st\u00e4 tuotetta, jotta v\u00e4lt\u00e4t ep\u00e4mukavuuden. On huomattava, ett\u00e4 parrankarva on hyvin karkeaa, etk\u00e4 v\u00e4ltt\u00e4m\u00e4tt\u00e4 saa tuloksia yht\u00e4 nopeasti kuin hiuspohjaan. T\u00e4st\u00e4 syyst\u00e4 pyyd\u00e4mme teit\u00e4 laskemaan odotuksianne hieman ja olemaan k\u00e4rsiv\u00e4llisempi\u00e4.<\/p>\n<p><strong>Voinko k\u00e4ytt\u00e4\u00e4 t\u00e4t\u00e4 tuotetta, jos olen raskaana? Ent\u00e4 jos imet\u00e4n?<\/strong><\/p>\n<p>Sereni Capelli -tuotteet on valmistettu turvallisista ainesosista, joten ne eiv\u00e4t aiheuta riski\u00e4 vauvan terveydelle.<br \/>Ne soveltuvat k\u00e4ytett\u00e4v\u00e4ksi my\u00f6s imetyksen aikana.<\/p>\n<p><strong>Voinko k\u00e4ytt\u00e4\u00e4 t\u00e4t\u00e4 tuotetta, jos minulle on hiljattain tehty hiusimplantti?<\/strong><\/p>\n<p>Jos sinulle on hiljattain tehty hiusimplanttileikkaus, suosittelemme, ett\u00e4 odotat v\u00e4hint\u00e4\u00e4n 6 kuukautta ennen kuin k\u00e4yt\u00e4t Sereni Capelli -tuotteita.<\/p>\n<p>Ne sis\u00e4lt\u00e4v\u00e4t alkoholia, ja istutetut hiukset tarvitsevat aikaa kehitty\u00e4kseen ja vahvistaakseen juuriaan.<\/p>\n<p>Tuotteidemme k\u00e4ytt\u00f6\u00e4 voidaan kuitenkin suositella 6 kuukauden kuluttua istutuksesta, sill\u00e4 ne auttavat vahvistamaan hiuksia ja poistamaan bakteereja, jotka voivat johtaa hiustenl\u00e4ht\u00f6\u00f6n.<\/p>\n<p><strong>Olen allerginen maaleille. Voinko k\u00e4ytt\u00e4\u00e4 n\u00e4it\u00e4 tuotteita?<\/strong><\/p>\n<p>Voit k\u00e4ytt\u00e4\u00e4 Sereni Capelli -tuotteita v\u00e4riaineen sijasta ilman allergiaa.Sereni Capelli -tuotteet eiv\u00e4t sis\u00e4ll\u00e4 v\u00e4riainepigmenttej\u00e4 eiv\u00e4tk\u00e4 hapettimia (PEROXID).<\/p>\n<p>Vaikka Sereni Capellin tuotteet palauttavat hiusten luonnollisen v\u00e4rin, niill\u00e4 ei ole mit\u00e4\u00e4n yhteist\u00e4 hiusv\u00e4rin kanssa.<\/p>\n<p><strong>Minulla on psoriaasi (tai muu ihosairaus), voinko k\u00e4ytt\u00e4\u00e4 t\u00e4t\u00e4 tuotetta?<\/strong><\/p>\n<p>Lozione- ja Crema-Forte-hoidot sis\u00e4lt\u00e4v\u00e4t alkoholia.<br \/>Tiet\u00e4en t\u00e4m\u00e4n psoriaasiksi kutsutun sairauden ja muiden ihosairauksien monimutkaisuuden, emme suosittele hoitojen k\u00e4ytt\u00f6\u00e4, vaikka tuotantoryhm\u00e4n suorittamissa testeiss\u00e4 ei ole ilmennyt haittavaikutuksia.<\/p>\n<p>Intenso Gel&#8221; ja &#8221;Shampoo&#8221; -kiihdyttimet ovat jopa turvallisempia k\u00e4ytt\u00e4\u00e4 kuin hoitoaineet, mutta my\u00f6s n\u00e4iden tuotteiden k\u00e4ytt\u00f6\u00f6n on suhtauduttava eritt\u00e4in huolellisesti.<\/p>\n<p><strong>K\u00e4yt\u00e4n l\u00e4\u00e4kkeit\u00e4. Voinko k\u00e4ytt\u00e4\u00e4 t\u00e4t\u00e4 tuotetta?<\/strong><\/p>\n<p>Sereni Capelli -tuotteiden k\u00e4ytt\u00f6\u00e4 yhdess\u00e4 muiden hoitojen kanssa ei ole rajoitettu, mutta sinun on otettava huomioon seuraavat seikat:<\/p>\n<ul>\n<li>Jos k\u00e4yt\u00e4t pintak\u00e4sittelyaineita, kuten \u00f6ljyj\u00e4, voiteita, suihkeita jne., \u00e4l\u00e4 k\u00e4yt\u00e4 niit\u00e4 samalle pinnalle, johon k\u00e4yt\u00e4t &#8221;Lozione&#8221;- tai &#8221;Crema-Forte&#8221;-k\u00e4sittelyaineita, koska n\u00e4m\u00e4 k\u00e4sittelyt todenn\u00e4k\u00f6isesti kumoavat toisensa.<\/li>\n<li>Edell\u00e4 mainitut rajoitukset eiv\u00e4t koske &#8221;Shampoo&#8221;- tai &#8221;Gel-Intenso&#8221;-kiihdyttimi\u00e4.<\/li>\n<li>Nautittaviin l\u00e4\u00e4kkeisiin ei sovelleta rajoituksia.<\/li>\n<li>Huomaa, ett\u00e4 jotkin l\u00e4\u00e4kkeet, kuten aspiriini ja parasetamoli, heikent\u00e4v\u00e4t Sereni Capelli -hoitojen vaikutuksia jopa 40 %.<\/li>\n<\/ul>\n<div> <\/div>\n<p><strong>Olen allerginen useille aineille, voinko k\u00e4ytt\u00e4\u00e4 t\u00e4t\u00e4 tuotetta?<\/strong><\/p>\n<p>EMME SUOSITTELE SERENI CAPELLI -TUOTTEIDEN K\u00c4YTT\u00d6\u00c4 HENKIL\u00d6ILLE, JOILLA ON USEITA ALLERGIOITA!<\/p>\n<p>Sereni Capelli -tuotteet eiv\u00e4t sis\u00e4ll\u00e4 ainesosia, jotka voivat aiheuttaa allergioita. Se sis\u00e4lt\u00e4\u00e4 kuitenkin alkoholia ja voi aiheuttaa iho\u00e4rsytyst\u00e4, joka helposti allergisoituvilla ihmisill\u00e4 voi muuttua allergiaksi.<\/p>\n<p>Ihmiset, joilla on useita allergioita tai jotka ovat hyvin herkki\u00e4 tai allergisia erilaisille aineille, voivat joskus tulla allergisiksi jopa ei-allergeenisille aineille\/ainesosille. Siksi emme suosittele n\u00e4iden tuotteiden k\u00e4ytt\u00f6\u00e4 turvallisuutesi vuoksi.<\/p>\n<p>Jos kuitenkin todella haluat k\u00e4ytt\u00e4\u00e4 tuotteitamme, suosittelemme, ett\u00e4 testaat niit\u00e4 hyvin hitaasti ennen kuin k\u00e4yt\u00e4t niit\u00e4 ohjeiden mukaisesti.<\/p>\n<p><strong>MITEN SUOSITTELEMME ETENEMIST\u00c4?<\/strong><\/p>\n<ul>\n<li>Varmista ensinn\u00e4kin, ett\u00e4 sinulla on k\u00e4sill\u00e4si tarvittavat l\u00e4\u00e4kkeet allergioiden torjumiseksi, jos niit\u00e4 ilmenee.<\/li>\n<li>Varmista oman turvallisuutesi vuoksi, ett\u00e4 huoneessa on kanssasi joku muu, joka voi tarvittaessa antaa sinulle ensiapua tai kuljettaa sinut sairaalaan, jos kyseess\u00e4 on vakava allergia.<\/li>\n<li>Ravista pulloa hyvin, laita hyvin pieni m\u00e4\u00e4r\u00e4 tuotetta kyyn\u00e4rvarteen ja levit\u00e4 sit\u00e4 sormenp\u00e4\u00e4si avulla 3-4 cm:n alueelle.<\/li>\n<li>Odota muutama tunti, ja jos mit\u00e4\u00e4n ei tapahdu, toista sama toimenpide p\u00e4\u00e4nahkaan otsan kohdalla.<\/li>\n<li>Jos allergian merkkej\u00e4 ei ilmene, voit levitt\u00e4\u00e4 tuotetta suuremmalle alueelle ja toistaa prosessin v\u00e4hint\u00e4\u00e4n nelj\u00e4 kertaa v\u00e4hint\u00e4\u00e4n nelj\u00e4n tunnin v\u00e4lein.<\/li>\n<li>Jos allergioita ei esiinny, mutta iho\u00e4rsytyst\u00e4 esiintyy, arvioi, kuinka voimakkaita ja h\u00e4iritsevi\u00e4 n\u00e4m\u00e4 \u00e4rsytykset ovat, jotta voit arvioida, haluatko jatkaa hoitoa.<\/li>\n<li>Iho\u00e4rsytyst\u00e4 voi esiinty\u00e4 joillakin ihmisill\u00e4, ja se on normaali prosessi, mutta se h\u00e4vi\u00e4\u00e4 noin 15 k\u00e4ytt\u00f6kerran j\u00e4lkeen.<\/li>\n<li>On eritt\u00e4in t\u00e4rke\u00e4\u00e4 huomioida ero ihon \u00e4rsytyksen ja allergian v\u00e4lill\u00e4!<\/li>\n<\/ul>\n<div> <\/div>\n<p><strong>Minulla ei ole valkoisia hiuksia! Voinko saada muita etuja?<\/strong><\/p>\n<p>Kyll\u00e4! Voit k\u00e4ytt\u00e4\u00e4 Sereni Capelli -tuotteita, vaikka sinulla ei olisi valkoisia hiuksia, ja nauttia kaikista muista eduista.<br \/>Sereni Capelli -tuotteiden k\u00e4ytt\u00f6 silloin, kun sinulla ei ole valkoisia karvoja, est\u00e4\u00e4 niiden ilmaantumisen.<\/p>\n<p><strong>K\u00e4yt\u00e4n t\u00e4t\u00e4 tuotetta ja p\u00e4\u00e4nahkaani kutittaa. Miksi?<\/strong><\/p>\n<p>Jos p\u00e4\u00e4nahka kutisee Sereni Capelli -hoitojen k\u00e4yt\u00f6n aikana, se tarkoittaa, ett\u00e4 p\u00e4\u00e4nahassa on joko mikrohalkeamia, jotka korjataan, tai ett\u00e4 p\u00e4\u00e4nahassa on bakteerikolonia, joka poistetaan.<\/p>\n<p>Kun hoitojamme on k\u00e4ytetty noin 2-3 viikkoa, kutina h\u00e4vi\u00e4\u00e4 ja p\u00e4\u00e4nahka paranee t\u00e4ysin.<\/p>\n<p><strong>Kun k\u00e4yt\u00e4n t\u00e4t\u00e4 tuotetta, hiuksistani tulee paha haju. Miksi?<\/strong><\/p>\n<p>Kun sinulla on runsaat hiukset, bakteerikoloniat voivat ker\u00e4\u00e4nty\u00e4 p\u00e4\u00e4nahkaan ja jopa siirty\u00e4 hiuksiin.<br \/>Sereni Capellin tuotteita k\u00e4ytett\u00e4ess\u00e4 tuotteissamme olevat aineet hy\u00f6kk\u00e4\u00e4v\u00e4t n\u00e4it\u00e4 bakteereja vastaan ja &#8221;taistelevat vastaan&#8221;.<\/p>\n<p>N\u00e4iden bakteerien torjunnan seurauksena esiintyy yleens\u00e4 ep\u00e4miellytt\u00e4v\u00e4 haju, erityisesti pian tuotteen k\u00e4yt\u00f6n j\u00e4lkeen.<\/p>\n<p>Kest\u00e4\u00e4 noin 3 viikkoa, ennen kuin bakteerit ovat poistuneet ja haju on h\u00e4vinnyt.<\/p>\n<p>N\u00e4iden 3 viikon kuluttua hajun pit\u00e4isi olla l\u00e4hes kokonaan h\u00e4vinnyt, mik\u00e4 on merkki siit\u00e4, ett\u00e4 bakteerit on poistettu.<\/p>\n<p>T\u00e4llaisissa tapauksissa suosittelemme, ett\u00e4 jatkat tuotteiden k\u00e4ytt\u00f6\u00e4 &#8221;hoitosuunnitelman&#8221; mukaisesti v\u00e4hint\u00e4\u00e4n 5 viikon ajan ennen kuin siirryt &#8221;konsolidointiohjelmaan&#8221;.<\/p>\n<p><strong>Ihoni on punainen ja kutiava. Miksi?<\/strong><\/p>\n<p>Jos ihosi kirvelee ja punoittaa Sereni Capelli -hoitoja k\u00e4ytt\u00e4ess\u00e4si, sinulla saattaa olla herkk\u00e4 iho tai k\u00e4rsit ihosairaudesta, josta et tied\u00e4.<br \/>On kuitenkin my\u00f6s mahdollista, ett\u00e4 p\u00e4\u00e4nahan ihossa on mikros\u00e4r\u00f6j\u00e4, jotka on korjattava.<\/p>\n<p>Suosittelemme ensin varmistamaan, ett\u00e4 p\u00e4\u00e4nahan alkuvaiheen kirvely\u00e4 ja punoitusta lukuun ottamatta iholla ei ole muita vaikutuksia.<br \/>Jos muita vaikutuksia ei ilmene ja punainen v\u00e4ri h\u00e4vi\u00e4\u00e4 2-3 tunnin kuluessa, t\u00e4m\u00e4 on normaali prosessi, ja sen pit\u00e4isi h\u00e4vit\u00e4 noin 15-20 k\u00e4ytt\u00f6kerran j\u00e4lkeen, kun p\u00e4\u00e4nahka muuttuu kest\u00e4v\u00e4mm\u00e4ksi.<\/p>\n<p><strong>K\u00e4yt\u00e4n t\u00e4t\u00e4 tuotetta, mutta en n\u00e4e mit\u00e4\u00e4n vaikutusta.<\/strong><\/p>\n<p>Mahdollisuus k\u00e4ytt\u00e4\u00e4 Sereni Capelli -hoitoja oikein ja ohjeiden mukaisesti 14 p\u00e4iv\u00e4n ajan ja olla huomaamatta mit\u00e4\u00e4n parannusta on alle 1 sadasta tuhannesta.<\/p>\n<p>Yli 99 prosenttia ilmoitetuista tehottomuuksista johtui hoitojen ep\u00e4asianmukaisesta k\u00e4yt\u00f6st\u00e4.<\/p>\n<p>Varmistaaksesi, ett\u00e4 olet k\u00e4ytt\u00e4nyt hoitoa oikein, katso kunkin k\u00e4ytt\u00e4m\u00e4si tuotteen sivulta oikeat k\u00e4ytt\u00f6ohjeet.<\/p>\n<p>Jos olet k\u00e4ytt\u00e4nyt tuotteita oikein ja et todellakaan saa tuloksia lainkaan, olet yksi niist\u00e4 harvoista ihmisist\u00e4, joille tuote ei vain voi toimia.<\/p>\n<p>Jos huomaat vaikutuksia, mutta ne eiv\u00e4t ole toivottuja, saatat joutua yhteen tai useampaan seuraavista tilanteista:<\/p>\n<ul>\n<li>Et ole noudattanut tuotteen k\u00e4ytt\u00f6aikoja.<\/li>\n<li>Et ole k\u00e4ytt\u00e4nyt tarpeeksi tuotetta.<\/li>\n<li>\u00c4l\u00e4 ravista pulloa tarpeeksi hyvin ennen k\u00e4ytt\u00f6\u00e4.<\/li>\n<li>Et ole k\u00e4ytt\u00e4nyt tuotetta riitt\u00e4v\u00e4n pitk\u00e4\u00e4n (yleens\u00e4 tuotetta on k\u00e4ytett\u00e4v\u00e4 hoitosuunnitelman mukaisesti 4-6 viikon ajan keskeytyksett\u00e4).<\/li>\n<\/ul>\n\t\t\t\t\t\t\t\t<\/div>\n\t\t\t\t<\/div>\n\t\t\t\t\t<\/div>\n\t\t\t\t<\/div>\n\t\t\t\t<\/div>\n\t\t","protected":false},"excerpt":{"rendered":"<p>Kysymyksi\u00e4 ja vastauksia T\u00e4lt\u00e4 sivulta l\u00f6yd\u00e4t vastaukset yleisimpiin asiakkaidemme esitt\u00e4miin kysymyksiin. N\u00e4m\u00e4 tiedot auttavat sinua saamaan parhaat tulokset Sereni Capelli -tuotteita k\u00e4ytt\u00e4ess\u00e4si. Mit\u00e4 takeita minulla on siit\u00e4, ett\u00e4 t\u00e4m\u00e4 tuote toimii? Sereni Capelli -tuotteilla on 30 p\u00e4iv\u00e4n takuu vastaanottop\u00e4iv\u00e4st\u00e4 alkaen. Jos et ole tyytyv\u00e4inen tuloksiin, joita olet saanut k\u00e4ytt\u00e4m\u00e4ll\u00e4 tuotteitamme v\u00e4hint\u00e4\u00e4n 15 p\u00e4iv\u00e4n ajan, voit [&hellip;]<\/p>\n","protected":false},"author":1,"featured_media":0,"parent":0,"menu_order":0,"comment_status":"closed","ping_status":"closed","template":"","meta":{"footnotes":""},"class_list":["post-728055","page","type-page","status-publish","hentry"],"_links":{"self":[{"href":"https:\/\/serenicapelli.com\/fi\/wp-json\/wp\/v2\/pages\/728055","targetHints":{"allow":["GET"]}}],"collection":[{"href":"https:\/\/serenicapelli.com\/fi\/wp-json\/wp\/v2\/pages"}],"about":[{"href":"https:\/\/serenicapelli.com\/fi\/wp-json\/wp\/v2\/types\/page"}],"author":[{"embeddable":true,"href":"https:\/\/serenicapelli.com\/fi\/wp-json\/wp\/v2\/users\/1"}],"replies":[{"embeddable":true,"href":"https:\/\/serenicapelli.com\/fi\/wp-json\/wp\/v2\/comments?post=728055"}],"version-history":[{"count":0,"href":"https:\/\/serenicapelli.com\/fi\/wp-json\/wp\/v2\/pages\/728055\/revisions"}],"wp:attachment":[{"href":"https:\/\/serenicapelli.com\/fi\/wp-json\/wp\/v2\/media?parent=728055"}],"curies":[{"name":"wp","href":"https:\/\/api.w.org\/{rel}","templated":true}]}}