{"id":728119,"date":"2021-09-19T16:48:59","date_gmt":"2021-09-19T14:48:59","guid":{"rendered":"https:\/\/serenicapelli.com\/tingimused\/"},"modified":"2023-04-01T18:39:49","modified_gmt":"2023-04-01T16:39:49","slug":"tingimused","status":"publish","type":"page","link":"https:\/\/serenicapelli.com\/et\/tingimused\/","title":{"rendered":"Tingimused"},"content":{"rendered":"\t\t<div data-elementor-type=\"wp-page\" data-elementor-id=\"728119\" class=\"elementor elementor-728119 elementor-2663\" data-elementor-post-type=\"page\">\n\t\t\t\t\t\t<section class=\"elementor-section elementor-top-section elementor-element elementor-element-583bb06 elementor-section-boxed elementor-section-height-default elementor-section-height-default\" data-id=\"583bb06\" data-element_type=\"section\" data-e-type=\"section\">\n\t\t\t\t\t\t<div class=\"elementor-container elementor-column-gap-wider\">\n\t\t\t\t\t<div class=\"elementor-column elementor-col-100 elementor-top-column elementor-element elementor-element-2e602e7\" data-id=\"2e602e7\" data-element_type=\"column\" data-e-type=\"column\">\n\t\t\t<div class=\"elementor-widget-wrap elementor-element-populated\">\n\t\t\t\t\t\t<div class=\"elementor-element elementor-element-035f790 elementor-widget elementor-widget-text-editor\" data-id=\"035f790\" data-element_type=\"widget\" data-e-type=\"widget\" data-widget_type=\"text-editor.default\">\n\t\t\t\t<div class=\"elementor-widget-container\">\n\t\t\t\t\t\t\t\t\t<ol>\n<li><strong>Esialgsed s\u00e4tted<\/strong><\/li>\n<\/ol>\n<p>K\u00e4esolevad \u00e4ritingimused m\u00e4\u00e4ratlevad meie ettev\u00f5tte SC Sereni Capelli SRL kui veebiaadressiga www.serenicapelli.com e-poe m\u00fc\u00fcja ja operaatori ning teie, meie kliendi, kes s\u00f5lmite meiega ostulepingu, vahelised suhted.<\/p>\n<p>Me kohaldame \u00fchtset l\u00e4henemisviisi k\u00f5igile oma klientidele ja pakume neile samu eeliseid, olenemata sellest, kas nad on tarbijad v\u00f5i mitte. Seet\u00f5ttu kehtivad k\u00e4esolevates \u00e4ritingimustes s\u00e4testatud reeglid k\u00f5igi meie klientide suhtes.<\/p>\n<p>Need tingimused h\u00f5lmavad eelk\u00f5ige toodete ostmist meie e-poest. Need kehtivad ka toodete ostmisel, kui kasutate kliendiinfotelefoni v\u00f5i k\u00fclastate m\u00f5nda meie partnerkauplust.<\/p>\n<ol start=\"2\">\n<li><strong>Ostulepingu s\u00f5lmimine<\/strong><\/li>\n<\/ol>\n<p>Saate s\u00f5lmida meiega ostulepingu kas eemalt e-poe v\u00f5i kliendihoteliini kaudu v\u00f5i isiklikult, k\u00fclastades \u00fchte meie partnerpoodidest v\u00f5i partnerplatvormidest.<\/p>\n<p>Kaugostulepingu puhul kujutab tellimus &#8211; mis on esitatud tellimuse esitamisel veebilehe www.serenicapelli.com v\u00f5i kliendiinfo kaudu &#8211; endast lepingu projekti. Tellimus kehtib 7 p\u00e4eva ja me kinnitame selle k\u00e4ttesaamist e-posti teel. Selle tulemusena s\u00f5lmitakse ostuleping p\u00e4rast lepingu projekti vastuv\u00f5tmist meie poolt tellitud toodete tarnimise kujul. Teavitame teid e-posti teel toodete l\u00e4hetamisest.<\/p>\n<p>Me tarnime kaupu ainult sellistes kogustes, mis on tavap\u00e4rased koduseks tarbimiseks. Teatud juhtudel (eriti kampaaniate v\u00f5i laovarude vabastamise korral) j\u00e4tame endale \u00f5iguse m\u00e4\u00e4rata kindlaks maksimaalse koguse, mida saame tarnida.<\/p>\n<ol start=\"3\">\n<li><strong>P\u00f5hjuseta tagasiv\u00f5tmine<\/strong><\/li>\n<\/ol>\n<p>Teil on seadusest tulenev \u00f5igus taganeda internetis v\u00f5i telefoni teel s\u00f5lmitud lepingust 14 p\u00e4eva jooksul p\u00e4rast toodete k\u00e4ttesaamist ilma p\u00f5hjendusi esitamata. Meie ettev\u00f5ttes on igal ostjal \u00f5igus ostulepingust ilma p\u00f5hjuseta taganeda 14 p\u00e4eva jooksul p\u00e4rast toodete tarnimist. See reegel kehtib ka meie partnerite f\u00fc\u00fcsilistes kauplustes v\u00f5i partnerplatvormidel tehtud ostude kohta.<\/p>\n<p>Selle \u00f5iguse kasutamiseks peate meid teavitama oma otsusest ostulepingust taganeda eespool nimetatud t\u00e4htaja jooksul. V\u00f5ite meiega \u00fchendust v\u00f5tta aadressil <a href=\"mailto:contact@serenicapelli.com\">contact@serenicapelli.com<\/a>  <\/p>\n<p>Kui te taganete lepingust, tagastame kasutamata toodete ostuhinna. Kui te taganete 14 p\u00e4eva jooksul p\u00e4rast kohaletoimetamist, kannab tagastamiskulud meie ettev\u00f5te.<\/p>\n<ol>\n<li>Tooted tuleb saata viivitamatult, hiljemalt 5 p\u00e4eva jooksul alates tagasiv\u00f5tmise kuup\u00e4evast,<\/li>\n<li>Pange t\u00e4hele, et te vastutate toodete v\u00e4\u00e4rtuse v\u00e4henemise eest, mis tuleneb nende k\u00e4sitsemisest muul viisil kui toote olemuse, omaduste ja funktsionaalsusega tutvumiseks vajalik (nt kui te kasutate toodet, kuigi olete seda juba proovinud). Palun arvestage ka sellega, et teil ei ole \u00f5igust lepingust taganeda, kui tegemist on teie soovide kohaselt valmistatud v\u00f5i kohandatud toodetega (nt kohandatud graveeringutega pakend), samuti kui tegemist on avatud ja kasutatud toodetega, mida ei saa h\u00fcgieenilistel p\u00f5hjustel tagastada (nt kui olete toote avanud ja kasutanud osa kosmeetikatooteid, mis puutuvad otseselt nahaga kokku).<\/li>\n<\/ol>\n<p><strong>4. Kaebused<\/strong><\/p>\n<p>Kui kaup on tarnimisel defektne, saame kokku leppida h\u00fcvitises vaut\u0161eri kujul. Teil on ka \u00f5igus n\u00f5uda puuduse k\u00f5rvaldamist asendamise teel. Juhul, kui puuduse k\u00f5rvaldamine on meie jaoks v\u00f5imatu v\u00f5i teostamatu, on teil \u00f5igus n\u00f5uda ostuhinna v\u00e4hendamist ja kui puudus on oluline, v\u00f5ite ka ostulepingust taganeda.<\/p>\n<p>Toode loetakse puudulikuks eelk\u00f5ige siis, kui sellel ei ole tavap\u00e4raseid v\u00f5i esitatud omadusi, kui see ei t\u00e4ida oma eesm\u00e4rki, kui see ei vasta \u00f5iguslikele n\u00f5uetele v\u00f5i kui seda ei ole tarnitud kokkulepitud koguses. Pange t\u00e4hele, et tarnitud toodete suurenenud tundlikkust v\u00f5i allergilist reaktsiooni ei saa pidada tootedefektiks. Samuti ei saa puudusi kingitustes ja muudes kingitustes, mida me pakume v\u00e4ljaspool teie tellimust, pidada puudulikuks. Meie poes olevate toodete pildid on ainult illustratiivsed ja ei kujuta endast kauba omaduste siduvat esitlust (nt pakend v\u00f5ib olla tootja poolt tehtud muudatuste t\u00f5ttu erinev).<\/p>\n<p>Vastame hea meelega k\u00f5igile kaebusi puudutavatele k\u00fcsimustele aadressil contact@serenicapelli.com.  <\/p>\n<p>Me teavitame teid teie kaebuse menetlemise k\u00e4igust, eelk\u00f5ige selle k\u00e4ttesaamisest, rahuldamisest v\u00f5i tagasil\u00fckkamisest, e-posti v\u00f5i SMSi teel. Teiega on v\u00f5imalik \u00fchendust v\u00f5tta ka telefoni teel.<\/p>\n<p>Me teeme kaebuse kohta otsuse viivitamatult. Kaebuse lahendamine, sealhulgas puuduste k\u00f5rvaldamine, v\u00f5tab tavaliselt aega \u00fchest p\u00e4evast kuni 30 p\u00e4evani. Vastasel juhul on teil \u00f5igus ostulepingust taganeda. On vaja, et te. anda meile vajalikku abi, et pidada kinni eespool nimetatud t\u00e4htajast.<\/p>\n<ol start=\"5\">\n<li><strong>Makse- ja tarneviis<\/strong><\/li>\n<\/ol>\n<p>Saate valida oma makse- ja tarneviisi meie pakutavate v\u00f5imaluste hulgast. Me teavitame teid valitud makseviisist ja sellega seotud kuludest enne tellimuse l\u00e4hetamist.<\/p>\n<p>Hetkel aktsepteerime makseid kauba k\u00e4ttesaamisel ja online-makseid kaardiga euplatesc.ro teenuste kaudu.<\/p>\n<p>J\u00e4tame endale \u00f5iguse pakkuda teatud juhtudel tasuta kohaletoimetamist.<\/p>\n<ol start=\"6\">\n<li><strong>Mitmesugused<\/strong><\/li>\n<\/ol>\n<p>Pakume oma klientidele erinevaid soodustusi, kingitusi ja muid vaut\u0161ereid. Nende kasutamist reguleerivad teatud reeglid, mis teatatakse kliendile igas olukorras eraldi. Kui ei ole s\u00e4testatud teisiti, v\u00f5ib iga allahindlus- v\u00f5i kinkekaarti kasutada ainult \u00fcks kord ja samas tellimuses v\u00f5ib kasutada ainult \u00fchte t\u00fc\u00fcpi kinkekaarti. Kui ei ole s\u00e4testatud teisiti, ei saa soodustusi kombineerida. Kui kinkekaardi v\u00e4\u00e4rtus \u00fcletab ostu v\u00e4\u00e4rtust, ei kanta vahe \u00fcle uuele kinkekaardile ja kasutamata j\u00e4\u00e4nud summat ei tagastata.<\/p>\n<p>Seoses teie ostuga v\u00f5ite saada kolmandalt osapoolelt hindamisk\u00fcsimustiku. Saate oma ostu- ja tootekogemusi teistega jagada. Meil on v\u00e4ga hea meel, kui n\u00f5ustute k\u00fcsimustiku t\u00e4itmisega.<\/p>\n\t\t\t\t\t\t\t\t<\/div>\n\t\t\t\t<\/div>\n\t\t\t\t\t<\/div>\n\t\t<\/div>\n\t\t\t\t\t<\/div>\n\t\t<\/section>\n\t\t\t\t<\/div>\n\t\t","protected":false},"excerpt":{"rendered":"<p>Esialgsed s\u00e4tted K\u00e4esolevad \u00e4ritingimused m\u00e4\u00e4ratlevad meie ettev\u00f5tte SC Sereni Capelli SRL kui veebiaadressiga www.serenicapelli.com e-poe m\u00fc\u00fcja ja operaatori ning teie, meie kliendi, kes s\u00f5lmite meiega ostulepingu, vahelised suhted. Me kohaldame \u00fchtset l\u00e4henemisviisi k\u00f5igile oma klientidele ja pakume neile samu eeliseid, olenemata sellest, kas nad on tarbijad v\u00f5i mitte. Seet\u00f5ttu kehtivad k\u00e4esolevates \u00e4ritingimustes s\u00e4testatud reeglid k\u00f5igi [&hellip;]<\/p>\n","protected":false},"author":1,"featured_media":0,"parent":0,"menu_order":40,"comment_status":"closed","ping_status":"closed","template":"","meta":{"footnotes":""},"class_list":["post-728119","page","type-page","status-publish","hentry"],"_links":{"self":[{"href":"https:\/\/serenicapelli.com\/et\/wp-json\/wp\/v2\/pages\/728119","targetHints":{"allow":["GET"]}}],"collection":[{"href":"https:\/\/serenicapelli.com\/et\/wp-json\/wp\/v2\/pages"}],"about":[{"href":"https:\/\/serenicapelli.com\/et\/wp-json\/wp\/v2\/types\/page"}],"author":[{"embeddable":true,"href":"https:\/\/serenicapelli.com\/et\/wp-json\/wp\/v2\/users\/1"}],"replies":[{"embeddable":true,"href":"https:\/\/serenicapelli.com\/et\/wp-json\/wp\/v2\/comments?post=728119"}],"version-history":[{"count":0,"href":"https:\/\/serenicapelli.com\/et\/wp-json\/wp\/v2\/pages\/728119\/revisions"}],"wp:attachment":[{"href":"https:\/\/serenicapelli.com\/et\/wp-json\/wp\/v2\/media?parent=728119"}],"curies":[{"name":"wp","href":"https:\/\/api.w.org\/{rel}","templated":true}]}}