{"id":728103,"date":"2021-09-22T07:20:57","date_gmt":"2021-09-22T05:20:57","guid":{"rendered":"https:\/\/serenicapelli.com\/tagastamispoliitika\/"},"modified":"2023-04-01T18:35:48","modified_gmt":"2023-04-01T16:35:48","slug":"tagastamispoliitika","status":"publish","type":"page","link":"https:\/\/serenicapelli.com\/et\/tagastamispoliitika\/","title":{"rendered":"Tagastamispoliitika"},"content":{"rendered":"<p>Teil on seadusest tulenev \u00f5igus taganeda internetis v\u00f5i telefoni teel s\u00f5lmitud lepingust 14 p\u00e4eva jooksul p\u00e4rast toodete k\u00e4ttesaamist ilma p\u00f5hjendusi esitamata.<\/p>\n<p><!-- \/wp:post-content --><\/p>\n<p><!-- wp:paragraph --><\/p>\n<p>Meie ettev\u00f5ttes on igal ostjal \u00f5igus ostulepingust ilma p\u00f5hjuseta taganeda 14 p\u00e4eva jooksul p\u00e4rast toodete tarnimist. See reegel kehtib ka meie partnerite f\u00fc\u00fcsilistes kauplustes v\u00f5i partnerplatvormidel tehtud ostude kohta.<\/p>\n<p><!-- \/wp:paragraph --><\/p>\n<p><!-- wp:paragraph --><\/p>\n<p>  Selle \u00f5iguse kasutamiseks peate meid teavitama oma otsusest ostulepingust taganeda eespool nimetatud t\u00e4htaja jooksul. V\u00f5ite meiega \u00fchendust v\u00f5tta aadressil <a href=\"mailto:contact@serenicapelli.com\">contact@serenicapelli.com<\/a>  <\/p>\n<p><!-- \/wp:paragraph --><\/p>\n<p><!-- wp:paragraph --><\/p>\n<p>  Kui te taganete lepingust, tagastame kasutamata toodete ostuhinna. Kui te taganete 14 p\u00e4eva jooksul p\u00e4rast kohaletoimetamist, kannab <strong>tagastamiskulud <\/strong>meie ettev\u00f5te.<\/p>\n<p><!-- \/wp:paragraph --><\/p>\n<p><!-- wp:paragraph --><\/p>\n<p>Tagastatud summad kantakse teie pangakontole 5 p\u00e4eva jooksul p\u00e4rast toodete tagastamist.<\/p>\n<p><!-- \/wp:paragraph --><\/p>\n<p><!-- wp:list {\"ordered\":true} --><\/p>\n<ol>\n<li>Tooted tuleb saata viivitamatult, hiljemalt 5 p\u00e4eva jooksul alates tagasiv\u00f5tmise kuup\u00e4evast.<\/li>\n<li>Pange t\u00e4hele, et te vastutate toodete v\u00e4\u00e4rtuse v\u00e4henemise eest, mis tuleneb nende k\u00e4sitsemisest muul viisil kui toote olemuse, omaduste ja funktsionaalsusega tutvumiseks vajalik (nt kui te kasutate toodet, kuigi olete seda juba proovinud). Palun arvestage ka, et teil ei ole \u00f5igust lepingust taganeda teie soovide kohaselt valmistatud toodete v\u00f5i kohandatud toodete (nt kohandatud graveeritud pakend) puhul, samuti avatud ja kasutatud toodete puhul, mida ei ole v\u00f5imalik kasutada.  <strong>return  <\/strong>h\u00fcgieenilistel p\u00f5hjustel (nt kui toode on avatud ja te olete kasutanud osa kosmeetikatooteid, mis puutuvad otseselt nahaga kokku).<\/li>\n<\/ol>\n","protected":false},"excerpt":{"rendered":"<p>Teil on seadusest tulenev \u00f5igus taganeda internetis v\u00f5i telefoni teel s\u00f5lmitud lepingust 14 p\u00e4eva jooksul p\u00e4rast toodete k\u00e4ttesaamist ilma p\u00f5hjendusi esitamata. Meie ettev\u00f5ttes on igal ostjal \u00f5igus ostulepingust ilma p\u00f5hjuseta taganeda 14 p\u00e4eva jooksul p\u00e4rast toodete tarnimist. See reegel kehtib ka meie partnerite f\u00fc\u00fcsilistes kauplustes v\u00f5i partnerplatvormidel tehtud ostude kohta. Selle \u00f5iguse kasutamiseks peate meid [&hellip;]<\/p>\n","protected":false},"author":1,"featured_media":0,"parent":0,"menu_order":0,"comment_status":"closed","ping_status":"closed","template":"","meta":{"footnotes":""},"class_list":["post-728103","page","type-page","status-publish","hentry"],"_links":{"self":[{"href":"https:\/\/serenicapelli.com\/et\/wp-json\/wp\/v2\/pages\/728103","targetHints":{"allow":["GET"]}}],"collection":[{"href":"https:\/\/serenicapelli.com\/et\/wp-json\/wp\/v2\/pages"}],"about":[{"href":"https:\/\/serenicapelli.com\/et\/wp-json\/wp\/v2\/types\/page"}],"author":[{"embeddable":true,"href":"https:\/\/serenicapelli.com\/et\/wp-json\/wp\/v2\/users\/1"}],"replies":[{"embeddable":true,"href":"https:\/\/serenicapelli.com\/et\/wp-json\/wp\/v2\/comments?post=728103"}],"version-history":[{"count":0,"href":"https:\/\/serenicapelli.com\/et\/wp-json\/wp\/v2\/pages\/728103\/revisions"}],"wp:attachment":[{"href":"https:\/\/serenicapelli.com\/et\/wp-json\/wp\/v2\/media?parent=728103"}],"curies":[{"name":"wp","href":"https:\/\/api.w.org\/{rel}","templated":true}]}}