{"id":728074,"date":"2022-08-15T10:39:10","date_gmt":"2022-08-15T08:39:10","guid":{"rendered":"https:\/\/serenicapelli.com\/privaatsuspoliitika\/"},"modified":"2022-08-15T10:39:10","modified_gmt":"2022-08-15T08:39:10","slug":"privaatsuspoliitika","status":"publish","type":"page","link":"https:\/\/serenicapelli.com\/et\/privaatsuspoliitika\/","title":{"rendered":"Privaatsuspoliitika"},"content":{"rendered":"<p><strong>Privaatsuspoliitika<\/strong><\/p>\n<p>Veebipoe www.serenicapelli.com operaator Sereni Capelli kinnitab, et k\u00f5ik isikuandmed (edaspidi &#8220;andmed&#8221;) on rangelt konfidentsiaalsed ja neid k\u00e4sitletakse vastavalt isikuandmete kaitse valdkonnas kehtivatele seadustele.<\/p>\n<p>Teie isikuandmete turvalisus on meie jaoks esmat\u00e4htis. Sellest tulenevalt p\u00f6\u00f6rame suurimat t\u00e4helepanu isikuandmetele ja nende kaitsele. Nendes isikuandmete t\u00f6\u00f6tlemise p\u00f5him\u00f5tetes (&#8220;p\u00f5him\u00f5tted&#8221;) soovime teid teavitada sellest, milliseid isikuandmeid me teie kohta kogume ja kuidas me neid edaspidi kasutame.<\/p>\n<ol>\n<li><strong>Isikuandmed ja nende t\u00f6\u00f6tlemine<\/strong><\/li>\n<\/ol>\n<p><strong>1.1. Isikuandmete kategooriad<\/strong><\/p>\n<p>Me kogume mitmesugust teavet, s\u00f5ltuvalt sellest, milliseid meie teenuseid soovite kasutada.<\/p>\n<p>Kui te ostate meilt, siis me kogume:<\/p>\n<ul>\n<li>Nimi ja kontaktandmed. T\u00e4ielik nimi, e-posti aadress, postiaadress, arveldusaadress, telefoninumber ja panga arveldusandmed, makseandmed.<\/li>\n<li>Demograafia. Andmed soo, s\u00fcnnikuup\u00e4eva, riigi ja eelistatud keele kohta.<\/li>\n<li>Lepingu kehtivuse ajal esinevad andmed &#8211; ostetud tooted, kliendisegment, osutatud teenuste maht.<\/li>\n<\/ul>\n<p><strong>1.2. Isikuandmete t\u00f6\u00f6tlemise eesm\u00e4rk:<\/strong><\/p>\n<ul>\n<li><strong>Teenuste osutamine ja parandamine<\/strong>. Selleks, et meie teenuseid saaksime pakkuda ja t\u00e4iustada teie rahuloluks, t\u00f6\u00f6tleme teie isikuandmeid. Konkreetselt h\u00f5lmab see j\u00e4rgmist:\n<ul>\n<li><strong>Toodete v\u00f5i teenuste tellimuste t\u00f6\u00f6tlemine<\/strong>, mis on tellitud kas meie veebisaidi v\u00f5i kliendiinfo kaudu. Siin on \u00f5iguslikuks p\u00f5hjuseks see, et andmed on h\u00e4davajalikud ostulepingu t\u00e4itmiseks ja m\u00f5ned andmed on h\u00e4davajalikud juriidiliste kohustuste t\u00e4itmiseks (nt raamatupidamisdokumendid).<\/li>\n<li><strong>Teavitamine toote k\u00e4ttesaadavusest<\/strong>. Kui te palute j\u00e4lgida toote k\u00e4ttesaadavust, t\u00f6\u00f6tleme teie andmeid. isikuandmeid teie n\u00f5usoleku alusel.<\/li>\n<li><strong>Klienditeenindus. Selleks, et pakkuda klienditeenindust ja k\u00f5rvaldada k\u00f5ik probleemid seoses  <\/strong>m\u00fc\u00fcgilepingu t\u00e4itmisel t\u00f6\u00f6tleme isikuandmeid, l\u00e4htudes vajadusest t\u00e4ita neid lepinguid.<\/li>\n<li><strong>Kommunikatsioon<\/strong>. Me kasutame kogutud andmeid selleks, et suhelda teiega personaalselt. N\u00e4iteks v\u00f5ime v\u00f5tta teiega \u00fchendust telefoni, e-posti v\u00f5i muul viisil, et tuletada teile meelde, et teil on tooteid veebip\u00f5hises ostukorvis, et aidata teil oma tellimus l\u00f5pule viia, et teavitada teid teie taotluse, tellimuse v\u00f5i kaebuse hetkeseisust, vajaduse korral lisateabe saamiseks v\u00f5i selleks, et teavitada teid sellest, et peate oma konto aktiivsena hoidmiseks meetmeid v\u00f5tma. Kui ostate meilt liikmetena, t\u00f6\u00f6tleme neid andmeid \u00f5igustatud huvi t\u00f5ttu, mis tuleneb eespool kirjeldatud Sc SereniCapelli Srl \u00f5igustatud huvist.<\/li>\n<li><strong>Teenuste parandamine<\/strong>. Me kasutame andmeid oma teenuste ja s\u00fcsteemide pidevaks t\u00e4iustamiseks, sealhulgas uute funktsioonide lisamiseks, samuti teadlike otsuste tegemiseks, kasutades t\u00e4ielikku anal\u00fc\u00fcsi ja \u00e4riteabe anal\u00fc\u00fcsi, mis k\u00f5ik p\u00f5hineb meie \u00f5igustatud huvil, mis tuleneb ettev\u00f5tlusvabadusest ja vajadusest parandada pakutavaid teenuseid, et j\u00e4\u00e4da konkurentsiv\u00f5imeliseks. Teie \u00f5iguste ja huvide piisava kaitse tagamiseks kasutame oma teenuste parandamiseks v\u00f5imalikult anon\u00fc\u00fcmseid isikuandmeid.<\/li>\n<\/ul>\n<\/li>\n<li><strong>Kaitse, turvalisus ja vaidluste lahendamine<\/strong>. Samuti v\u00f5ime t\u00f6\u00f6delda andmeid \u00f5igustatud huvi alusel, milleks on meie s\u00fcsteemide ja klientide kaitse ja turvalisuse tagamine, pettuste ennetamine ja avastamine, vaidluste lahendamine ja meie lepingute rakendamine.<\/li>\n<li><strong>Turunduspakkumised<\/strong>.\n<ul>\n<li>Kaubanduslikud sidevahendid\n<ul>\n<li>Saadame teile kommertsteadaandeid sarnaste toodete kohta, mida te ostsite.<\/li>\n<li>Teil on alati v\u00f5imalus keelduda nendest kommertsteadaannetest, kasutades selleks e-posti aadressi <u><br \/>\n  <a href=\"mailto:contact@serenicapelli.com\">contact@serenicapelli.com<\/a><br \/>\n<\/u> tellimuse t\u00fchistamiseks.<\/li>\n<li>Kui te loobute kommertss\u00f5numite tellimisest, ei kasuta me enam teie andmeid. elektrooniline kontakt nendel eesm\u00e4rkidel. J\u00e4tkame nende kasutamist ainult siis, kui te registreerute v\u00f5i neid spetsiaalselt taotlete.<\/li>\n<\/ul>\n<\/li>\n<li>Kuvatud turunduspakkumised v\u00f5idakse valida muude teie kohta saadud andmete p\u00f5hjal. aja jooksul kontaktandmed, demograafilised andmed, eelistatud tooted ning andmed meie toodete ja veebisaidi kasutamise kohta (k\u00fcpsised, IP-aadress, teie brauseri poolt esitatud teave, klikid, kuvatavad reklaams\u00f5numid, k\u00fclastatud tooted). T\u00f6\u00f6tlemine ei ole t\u00e4ielikult automatiseeritud, sest see avaldaks teile \u00f5iguslikke tagaj\u00e4rgi.<\/li>\n<li>Kui te ei ole meie klient, t\u00f6\u00f6tleme andmeid teie n\u00f5usoleku alusel.<\/li>\n<li>Teil on \u00f5igus igal ajal ja tasuta esitada vastuv\u00e4iteid sellisele t\u00f6\u00f6tlemisele. Kontaktandmed on esitatud k\u00e4esoleva dokumendi l\u00f5pus.<\/li>\n<\/ul>\n<\/li>\n<li><strong>K\u00fcpsiste <\/strong>t\u00f6\u00f6tlemine SC Sereni Capelli SRL poolt hallatavatel <strong>veebilehtedel <\/strong>\n<ul>\n<li>Kui te lubate oma brauseris k\u00fcpsised, t\u00f6\u00f6tleme Sereni Capelli poolt hallatavale veebilehele paigutatud k\u00fcpsiste k\u00e4itumuslikke andmeid, et tagada nii serenicapelli.com veebilehe kui ka partnerlehtede parem funktsionaalsus ning Sereni Capelli internetireklaami eesm\u00e4rgil.<\/li>\n<\/ul>\n<\/li>\n<\/ul>\n<p><strong>1.3. Isikuandmete edastamine kolmandatele isikutele<\/strong><\/p>\n<p>Teie teave isikuandmeid edastatakse kolmandatele isikutele v\u00f5i vahendatakse muul viisil ainult siis, kui see on vajalik m\u00fc\u00fcgilepingu t\u00e4itmiseks, kui see p\u00f5hineb \u00f5igustatud huvil v\u00f5i kui olete andnud selleks eelnevalt oma n\u00f5usoleku.<\/p>\n<ul>\n<li>a) t\u00fctarettev\u00f5tjad ja t\u00f6\u00f6tleva t\u00f6\u00f6stuse ettev\u00f5tted m\u00fc\u00fcgilepingu t\u00e4itmiseks, et rakendada sisemisi protsesse ja tavasid.<\/li>\n<li>b) krediitkaardiettev\u00f5tjad, makseteenuse pakkujad maksete t\u00f6\u00f6tlemiseks ja pangad teie tellimuse alusel, et t\u00e4ita m\u00fc\u00fcgilepingut.<\/li>\n<li>c) transpordiettev\u00f5tted teie poolt tellitud toodete v\u00f5i teenuste tarnimiseks. ja kaebuste k\u00e4sitlemine, sealhulgas lepingu l\u00f5petamine<\/li>\n<li>d) meie partnerid valitud p\u00fcsikliendiprogrammides<\/li>\n<li>e) muud teenusepakkujad, andmet\u00f6\u00f6tlusega seotud kolmandad isikud;<\/li>\n<li>f) kolmandatele isikutele, n\u00e4iteks prokuratuurile ja kohtutele, sissen\u00f5udmise v\u00f5i teiega s\u00f5lmitud lepingu s\u00f5lmimise eesm\u00e4rgil;<\/li>\n<li>g) riigiasutused (nt politsei)<\/li>\n<li>h) kolmandad isikud, kes viivad l\u00e4bi kliendik\u00fcsitlusi<\/li>\n<\/ul>\n<p>Kui kolmas isik kasutab andmeid oma \u00f5igustatud huvi raames, ei v\u00f5ta haldaja seda vastutust. Seda protsessi reguleerivad ettev\u00f5tete ja asjaomaste isikute isikuandmete t\u00f6\u00f6tlemise p\u00f5him\u00f5tted.<\/p>\n<ol>\n<li><strong>Isikuandmete turvalisus ja s\u00e4ilitamise kestus<\/strong><\/li>\n<\/ol>\n<p><strong>2.1. Isikuandmete turvalisus<\/strong><\/p>\n<ul>\n<li>a) Teie andmed edastatakse kr\u00fcpteeritud kujul. Kasutame SSL (secure socket layer) kr\u00fcpteerimist. Me kaitseme oma veebisaiti ja muid s\u00fcsteeme tehniliste ja korralduslike meetmetega teie andmete kadumise v\u00f5i h\u00e4vimise, volitamata isikute juurdep\u00e4\u00e4su, muutmise v\u00f5i levitamise eest.<\/li>\n<li>b) N\u00f5uame andmet\u00f6\u00f6tlejatelt, kellega teeme koost\u00f6\u00f6d, et nad t\u00f5estaksid oma s\u00fcsteemide vastavust GDPR-m\u00e4\u00e4rusele.<\/li>\n<li>c) juurdep\u00e4\u00e4s teie kontole. kliendi poolt on v\u00f5imalik ainult p\u00e4rast isikliku salas\u00f5na sisestamist. Sellega seoses soovime teile meelde tuletada, et on absoluutselt vajalik, et te ei avaldaksite oma juurdep\u00e4\u00e4suandmeid kolmandatele isikutele ja et p\u00e4rast seansi l\u00f5ppu ei tohiks te oma juurdep\u00e4\u00e4suandmeid kolmandatele isikutele avaldada. oma kliendikontol, sulgege alati brauseri aken, eriti kui jagate oma arvutit teiste kasutajatega. SC SERENICAPELLI SRL ei vastuta paroolide v\u00e4\u00e4rkasutuse eest, v\u00e4lja arvatud juhul, kui olukord on p\u00f5hjustatud otseselt meie veebilehe poolt.<\/li>\n<\/ul>\n<p><strong>3.1. T\u00f6\u00f6tlemisaeg<\/strong><\/p>\n<p>Me t\u00f6\u00f6tleme ja s\u00e4ilitame isikuandmeid<\/p>\n<ul>\n<li>k\u00f5igi m\u00fc\u00fcgilepingust tulenevate \u00f5iguste ja kohustuste tagamiseks h\u00e4davajalikuks ajaks.<\/li>\n<li>1 aasta jooksul p\u00e4rast garantiiperioodi l\u00f5ppu, et lahendada v\u00f5imalikke vaidlusi.<\/li>\n<li>nii kaua, kui SC SERENICAPELLI SRL kui haldaja on kohustatud teavet s\u00e4ilitama vastavalt \u00fcldistele \u00f5igusnormidele. Raamatupidamisdokumendid, n\u00e4iteks SC SERENICAPELLI SRL poolt v\u00e4ljastatud arved, arhiveeritakse vastavalt seadusele 10 aasta jooksul alates nende v\u00e4ljastamisest.<\/li>\n<li>Kaupade k\u00e4ttesaadavuse teatamise leping kehtib esitatud teabe k\u00e4ttesaadavuse ajal, kuid mitte kauem kui 1 aasta v\u00f5i kuni selle t\u00fchistamiseni.<\/li>\n<li>Turustamispakkumiste leping kehtib 4 aastat v\u00f5i kuni selle t\u00fchistamiseni.<\/li>\n<li>\u00dclevaade 6 aastat<\/li>\n<li>10-aastaste abistamine<\/li>\n<li>Kommunikatsioon 2 aastat<\/li>\n<li>V\u00f5istlused 1 aasta<\/li>\n<\/ul>\n<p>Muudel juhtudel tuleneb t\u00f6\u00f6tlemisaeg t\u00f6\u00f6tlemise eesm\u00e4rgist v\u00f5i on dikteeritud isikuandmete kaitse eeskirjadega.<\/p>\n<ol>\n<li><strong>Andmesubjektide \u00f5igused<\/strong><\/li>\n<\/ol>\n<ul>\n<li>a) Kui me t\u00f6\u00f6tleme teie andmeid. isikuandmeid, v\u00f5ite tasuta taotleda teavet oma isikuandmete t\u00f6\u00f6tlemise kohta.<\/li>\n<li>b) Kui te arvate, et teie isikuandmete t\u00f6\u00f6tlemine ei vasta teie andmekaitse n\u00f5uetele. Kui teie isikuandmeid t\u00f6\u00f6deldakse isikuandmete kaitse eeskirju rikkudes, v\u00f5ite k\u00fcsida selgitusi, n\u00f5uda tekkinud olukorra k\u00f5rvaldamist ja eelk\u00f5ige n\u00f5uda isikuandmete parandamist, t\u00e4iendamist, kustutamist v\u00f5i blokeerimist.<\/li>\n<li>c) Kui soovite oma \u00f5igusi kasutada, v\u00f5tke palun \u00fchendust andmekaitseametnikuga aadressil <u><a href=\"mailto:contact@serenicapelli.com\">contact@serenicapelli.com;<\/a> dpo@serenicapelli.com<\/u>. V\u00f5ite v\u00f5tta \u00fchendust ka isikuandmete t\u00f6\u00f6tlemise riikliku j\u00e4relevalveasutusega.<\/li>\n<li>d) Teie n\u00f5usolek isikuandmete t\u00f6\u00f6tlemise kohta v\u00f5ib igal ajal tagasi v\u00f5tta. Kui te v\u00f5tate tagasi oma n\u00f5usoleku oma isikuandmete t\u00f6\u00f6tlemiseks, siis need kustutatakse v\u00f5i muudetakse anon\u00fc\u00fcmseks; need meetmed ei m\u00f5juta siiski isikuandmeid, mis on vajalikud SC SERENICAPELLI SRL-le tema juriidiliste kohustuste t\u00e4itmiseks (nt juba tehtud tellimuste t\u00e4itmine) v\u00f5i tema \u00f5igustatud huvide kaitsmiseks. Isikuandmed kustutatakse ka siis, kui need ei ole enam vajalikud kavandatud eesm\u00e4rgil v\u00f5i kui teie andmete s\u00e4ilitamine ei ole kavandatud eesm\u00e4rgil vajalik. on vastuv\u00f5etamatu muudel seaduses s\u00e4testatud p\u00f5hjustel.<\/li>\n<\/ul>\n<p><strong>5.1. K\u00fcpsis<\/strong><\/p>\n<p>Meie lehek\u00fcljed kasutavad nn k\u00fcpsiseid, et muuta meie pakkumine teile asjakohaseks, huvitavaks ja nauditavaks. K\u00fcpsised on v\u00e4ikesed tekstifailid, mis salvestatakse teie arvutisse v\u00f5i nutitelefoni. v\u00f5i m\u00f5nes teises seadmes ja neid kasutab teie brauser. Veebi. Me kasutame k\u00fcpsiseid n\u00e4iteks j\u00e4rgmistel eesm\u00e4rkidel:<\/p>\n<ul>\n<li>ostukorvi \u00f5iget funktsionaalsust, et tellimus oleks v\u00f5imalikult lihtne t\u00e4ita<\/li>\n<li>sisselogimisandmete meeldetuletus, et neid ei oleks vaja korduvalt sisestada<\/li>\n<li>kohandada meie veebilehti v\u00f5imalikult palju vastavalt teie vajadustele, j\u00e4lgides teie k\u00fclastusi, teie liikumist veebilehel ja teie poolt kasutatavaid funktsioone<\/li>\n<li>vaadatavate reklaamide j\u00e4lgimine, et te ei n\u00e4eks reklaame toodete kohta, millest te ei ole huvitatud.<\/li>\n<\/ul>\n<p>M\u00f5ned k\u00fcpsised v\u00f5ivad koguda teavet, mida hiljem kasutavad kolmandad isikud ja mis n\u00e4iteks toetab otseselt meie reklaamitegevust (nn &#8220;kolmanda osapoole k\u00fcpsised&#8221;). N\u00e4iteks v\u00f5ib teavet meie veebisaidil ostetud toodete kohta edastada reklaamiagentuurile, et kuvada ja kohandada internetib\u00e4nnerireklaame, mis ilmuvad teie poolt vaadatavatel veebisaitidel. Pange t\u00e4hele, et teid ei ole v\u00f5imalik tuvastada. nende andmete p\u00f5hjal.<\/p>\n<p><strong>5.2. K\u00fcpsiste kasutamine<\/strong><\/p>\n<p>Meie veebisaidil kasutatavad k\u00fcpsised v\u00f5ib jagada kahte kategooriasse. L\u00fchiajalised nn seansik\u00fcpsised kustutatakse kohe, kui lahkute meie veebisaidilt. Pikaajalised nn p\u00fcsik\u00fcpsised j\u00e4\u00e4vad teie seadmesse salvestatuks. palju kauem v\u00f5i kuni te need k\u00e4sitsi kustutate (k\u00fcpsiste p\u00fcsimine teie seadmes s\u00f5ltub nende seadetest ja teie brauseri seadetest).<\/p>\n<p>K\u00fcpsiseid saab liigitada ka funktsionaalsuse j\u00e4rgi:<\/p>\n<ul>\n<li>anal\u00fc\u00fctika, mis aitab meil parandada meie saidi kasutajakogemust, sest me m\u00f5istame, kuidas kasutajad seda kasutavad.<\/li>\n<li>konversioonim\u00f5\u00f5dikud, mis v\u00f5imaldavad meil anal\u00fc\u00fcsida erinevate m\u00fc\u00fcgikanalite tulemuslikkust.<\/li>\n<li>j\u00e4lgimine, mis koos konversioonij\u00e4lgimisega aitab anal\u00fc\u00fcsida erinevate m\u00fc\u00fcgikanalite tulemuslikkust.<\/li>\n<li>remarketing, mida kasutatakse reklaami sisu isikup\u00e4rastamiseks ja reklaami \u00f5igeks suunamiseks<\/li>\n<li>oluline, oluline saidi p\u00f5hifunktsionaalsuse seisukohalt<\/li>\n<\/ul>\n<p><strong>5.3. K\u00fcpsisefailide tagasil\u00fckkamine<\/strong><\/p>\n<p>K\u00fcpsiste kasutamise seadistamine on lisatud teie brauserisse. Internet. Vaikimisi aktsepteerib enamik brausereid automaatselt k\u00fcpsiseid. Oma veebilehitseja abil saate neid k\u00fcpsiseid tagasi l\u00fckata v\u00f5i v\u00e4hendada nende kasutamist teatud t\u00fc\u00fcpi k\u00fcpsistega, mille te ise valite.<\/p>\n<p>Teavet veebilehitsejate ja k\u00fcpsiste eelistuste seadistamise kohta leiate j\u00e4rgmistelt veebilehtedelt v\u00f5i muudest veebilehitseja failidest<\/p>\n<ul>\n<li><a href=\"https:\/\/support.google.com\/accounts\/answer\/61416?hl=ro&amp;co=GENIE.Platform%3DDesktop&amp;oco=1\">Chrome<\/a><\/li>\n<li><a href=\"https:\/\/support.mozilla.org\/ro\/kb\/activarea-si-dezactivarea-cookie-urilor\">Firefox<\/a><\/li>\n<li><a href=\"https:\/\/support.microsoft.com\/ro-ro\/help\/17442\/windows-internet-explorer-delete-manage-cookies\">Internet Explorer<\/a><\/li>\n<li><a href=\"https:\/\/support.google.com\/accounts\/answer\/61416?hl=ro&amp;co=GENIE.Platform%3DAndroid&amp;oco=1\">Android<\/a><\/li>\n<\/ul>\n<p><strong> <\/strong><\/p>\n<p><strong>5.4. Lingid<\/strong><\/p>\n<p>Meie veebisait sisaldab linke teistele veebisaitidele, mis on praktilised ja sisaldavad kasulikku teavet. Pange t\u00e4hele, et need saidid v\u00f5ivad kuuluda teistele ettev\u00f5tetele ja organisatsioonidele, kellel v\u00f5ivad olla erinevad turva- ja privaatsuspoliitikad. Meie ettev\u00f5te ei kontrolli ega v\u00f5ta vastutust nendel veebilehtedel sisalduvate v\u00f5i nende kaudu k\u00e4ttesaadavate andmete, materjalide, toodete v\u00f5i teenuste eest.<\/p>\n<ol>\n<li><strong>V\u00f5tke meiega \u00fchendust<\/strong><\/li>\n<\/ol>\n<p>Kui teil on k\u00e4esolevate p\u00f5him\u00f5tete kohta k\u00fcsimusi, m\u00e4rkusi ja taotlusi, v\u00f5tke meiega \u00fchendust k\u00e4esolevate p\u00f5him\u00f5tete l\u00f5pus toodud aadressil v\u00f5i klienditeeninduse telefonil v\u00f5i e-posti teel.<\/p>\n<p>V\u00f5tke \u00fchendust andmekaitseametnikuga: <u><br \/>\n  <a href=\"mailto:dpo@serenicapelli.com\">dpo@serenicapelli.com<\/a><br \/>\n<\/u>; contact@serenicapelli.com<\/p>\n<p>Sc Sereni Capelli Srl (Sereni Capelli)<\/p>\n<ol>\n<li><strong>Kehtivus<\/strong><\/li>\n<\/ol>\n<p>K\u00e4esolevad andmekaitsep\u00f5him\u00f5tted j\u00f5ustuvad 01.05.2018.<\/p>\n","protected":false},"excerpt":{"rendered":"<p>Privaatsuspoliitika Veebipoe www.serenicapelli.com operaator Sereni Capelli kinnitab, et k\u00f5ik isikuandmed (edaspidi &#8220;andmed&#8221;) on rangelt konfidentsiaalsed ja neid k\u00e4sitletakse vastavalt isikuandmete kaitse valdkonnas kehtivatele seadustele. Teie isikuandmete turvalisus on meie jaoks esmat\u00e4htis. Sellest tulenevalt p\u00f6\u00f6rame suurimat t\u00e4helepanu isikuandmetele ja nende kaitsele. Nendes isikuandmete t\u00f6\u00f6tlemise p\u00f5him\u00f5tetes (&#8220;p\u00f5him\u00f5tted&#8221;) soovime teid teavitada sellest, milliseid isikuandmeid me teie kohta kogume [&hellip;]<\/p>\n","protected":false},"author":1,"featured_media":0,"parent":0,"menu_order":0,"comment_status":"closed","ping_status":"closed","template":"","meta":{"footnotes":""},"class_list":["post-728074","page","type-page","status-publish","hentry"],"_links":{"self":[{"href":"https:\/\/serenicapelli.com\/et\/wp-json\/wp\/v2\/pages\/728074","targetHints":{"allow":["GET"]}}],"collection":[{"href":"https:\/\/serenicapelli.com\/et\/wp-json\/wp\/v2\/pages"}],"about":[{"href":"https:\/\/serenicapelli.com\/et\/wp-json\/wp\/v2\/types\/page"}],"author":[{"embeddable":true,"href":"https:\/\/serenicapelli.com\/et\/wp-json\/wp\/v2\/users\/1"}],"replies":[{"embeddable":true,"href":"https:\/\/serenicapelli.com\/et\/wp-json\/wp\/v2\/comments?post=728074"}],"version-history":[{"count":0,"href":"https:\/\/serenicapelli.com\/et\/wp-json\/wp\/v2\/pages\/728074\/revisions"}],"wp:attachment":[{"href":"https:\/\/serenicapelli.com\/et\/wp-json\/wp\/v2\/media?parent=728074"}],"curies":[{"name":"wp","href":"https:\/\/api.w.org\/{rel}","templated":true}]}}