{"id":728054,"date":"2023-02-06T19:24:05","date_gmt":"2023-02-06T17:24:05","guid":{"rendered":"https:\/\/serenicapelli.com\/kusimused-ja-vastused\/"},"modified":"2023-04-01T18:35:11","modified_gmt":"2023-04-01T16:35:11","slug":"kusimused-ja-vastused","status":"publish","type":"page","link":"https:\/\/serenicapelli.com\/et\/kusimused-ja-vastused\/","title":{"rendered":"K\u00dcSIMUSED JA VASTUSED"},"content":{"rendered":"\t\t<div data-elementor-type=\"wp-page\" data-elementor-id=\"728054\" class=\"elementor elementor-728054 elementor-727182\" data-elementor-post-type=\"page\">\n\t\t\t\t<div class=\"elementor-element elementor-element-bd2a907 e-flex e-con-boxed e-con e-parent\" data-id=\"bd2a907\" data-element_type=\"container\" data-e-type=\"container\">\n\t\t\t\t\t<div class=\"e-con-inner\">\n\t\t\t\t<div class=\"elementor-element elementor-element-d6e6f30 elementor-widget elementor-widget-text-editor\" data-id=\"d6e6f30\" data-element_type=\"widget\" data-e-type=\"widget\" data-widget_type=\"text-editor.default\">\n\t\t\t\t<div class=\"elementor-widget-container\">\n\t\t\t\t\t\t\t\t\t<h3>K\u00fcsimused ja vastused<\/h3>\n<p>Sellelt lehek\u00fcljelt leiate vastused meie klientide k\u00f5ige sagedamini esitatavatele k\u00fcsimustele.<\/p>\n<p>See teave aitab teil saada parimaid tulemusi Sereni Capelli toodete kasutamisel.<\/p>\n<p><strong>Milline on minu garantii, et see toode toimib?<\/strong><\/p>\n<p>Sereni Capelli toodetele kehtib 30-p\u00e4evane garantii alates k\u00e4ttesaamise kuup\u00e4evast. Kui te ei ole rahul meie toodete kasutamisel saadud tulemustega v\u00e4hemalt 15 p\u00e4eva jooksul, v\u00f5ite meiega \u00fchendust v\u00f5tta, kasutades kontaktilehel olevaid andmeid, ja me tagastame teile kogu summa, sealhulgas saatmiskulud.<\/p>\n<p><strong>Kas ma v\u00f5in seda toodet kasutada ka oma habeme jaoks?<\/strong><\/p>\n<p>Jah, Sereni Capelli tooteid v\u00f5ib kasutada ka habeme puhul, kuid olge ettevaatlik, et mitte alla neelata toodet, et v\u00e4ltida ebamugavustunnet. Tuleb m\u00e4rkida, et habemekarvad on v\u00e4ga j\u00e4medad ja te ei pruugi saada tulemusi nii kiiresti kui peanaha juuksed. Seet\u00f5ttu palun alandage veidi oma ootusi ja olge kannatlikumad.<\/p>\n<p><strong>Kas ma v\u00f5in seda toodet kasutada, kui ma olen rase? Mis siis, kui ma imetan?<\/strong><\/p>\n<p>Sereni Capelli tooted on valmistatud ohututest koostisosadest, seega ei ohusta need lapse tervist.<br \/>Need sobivad kasutamiseks ka rinnaga toitmise ajal.<\/p>\n<p><strong>Kas ma v\u00f5in seda toodet kasutada, kui mulle on hiljuti tehtud juukseimplantatsioon?<\/strong><\/p>\n<p>Kui teile on hiljuti tehtud juukseimplantaadi operatsioon, soovitame enne Sereni Capelli toodete kasutamist oodata v\u00e4hemalt 6 kuud.<\/p>\n<p>Need sisaldavad alkoholi ja istutatud juuksed vajavad aega, et areneda ja tugevdada oma juurestikku.<\/p>\n<p>Kuid p\u00e4rast 6 kuud p\u00e4rast implantaadi kasutamist v\u00f5ib meie toodete kasutamine olla isegi soovitatav, kuna need aitavad tugevdada juukseid ja k\u00f5rvaldada bakterid, mis v\u00f5ivad p\u00f5hjustada juuste v\u00e4ljalangemist.<\/p>\n<p><strong>Ma olen v\u00e4rvi suhtes allergiline. Kas ma v\u00f5in neid tooteid kasutada?<\/strong><\/p>\n<p>Sereni Capelli tooteid v\u00f5ib kasutada v\u00e4rvide asemel, ilma et oleks oht, et need v\u00f5ivad p\u00f5hjustada allergiat.Sereni Capelli tooted ei sisalda v\u00e4rvipigmente ega oks\u00fcdante (PEROXID).<\/p>\n<p>Kuigi Sereni Capelli tooted taastavad juuste loomuliku v\u00e4rvi, ei ole neil midagi \u00fchist juuksev\u00e4rviga.<\/p>\n<p><strong>Mul on psoriaas (v\u00f5i muu nahahaigus), kas ma v\u00f5in seda toodet kasutada?<\/strong><\/p>\n<p>Lozione ja Crema Forte sisaldavad alkoholi.<br \/>Teades selle psoriaasi ja teiste nahahaiguste keerukust, ei soovita me ravimeid kasutada isegi siis, kui tootmismeeskonna poolt l\u00e4biviidud testides ei ole esinenud k\u00f5rvaltoimeid.<\/p>\n<p>Intenso Gel&#8221; ja &#8220;Shampoo&#8221; kiirendid on isegi ohutumad kui ravi, kuid ka nende toodete kasutamisel tuleb olla v\u00e4ga ettevaatlik.<\/p>\n<p><strong>Ma v\u00f5tan ravimeid. Kas ma v\u00f5in seda toodet kasutada?<\/strong><\/p>\n<p>Sereni Capelli toodete kasutamine koos teiste ravimeetoditega ei ole piiratud, kuid peate silmas pidama j\u00e4rgmist:<\/p>\n<ul>\n<li>Kui kasutate pinnat\u00f6\u00f6tlusvahendeid, nagu \u00f5lid, salvid, spreid jne, \u00e4rge kasutage neid samal pinnal kui &#8220;Lotion&#8221; v\u00f5i &#8220;Cream-Forte&#8221;, sest need hooldusvahendid t\u00fchistavad t\u00f5en\u00e4oliselt teineteist.<\/li>\n<li>\u00dclaltoodud piirangud ei kehti &#8220;Shampoo&#8221; v\u00f5i &#8220;Gel-Intenso&#8221; kiirendite kohta.<\/li>\n<li>Neelatavate ravimite puhul ei ole piiranguid.<\/li>\n<li>Pange t\u00e4hele, et m\u00f5ned ravimid, nagu &#8220;Aspirin&#8221; ja &#8220;Paracetamol&#8221;, v\u00e4hendavad Sereni Capelli ravi m\u00f5ju kuni 40%.<\/li>\n<\/ul>\n<div> <\/div>\n<p><strong>Ma olen mitme aine suhtes allergiline, kas ma v\u00f5in seda toodet kasutada?<\/strong><\/p>\n<p>ME EI SOOVITA SERENI CAPELLI TOODETE KASUTAMIST MITME ALLERGIAGA INIMESTELE!<\/p>\n<p>Sereni Capelli tooted ei sisalda koostisosi, mis v\u00f5ivad p\u00f5hjustada allergiat. See sisaldab aga alkoholi ja v\u00f5ib p\u00f5hjustada naha\u00e4rritust, mis v\u00f5ib kergesti allergiliseks muutuvatel inimestel muutuda allergiaks.<\/p>\n<p>Inimesed, kellel on mitu allergiat v\u00f5i kes muutuvad v\u00e4ga kergesti tundlikuks v\u00f5i allergiliseks erinevate ainete suhtes, v\u00f5ivad m\u00f5nikord muutuda allergiliseks isegi mitteallergiliste ainete\/koostisosade suhtes. Seet\u00f5ttu ei soovita me teie ohutuse huvides neid tooteid kasutada.<\/p>\n<p>Kui te aga t\u00f5esti soovite meie tooteid kasutada, soovitame enne nende kasutamist vastavalt juhistele v\u00e4ga aeglaselt katsetada.<\/p>\n<p><strong>KUIDAS ME SOOVITAME J\u00c4TKATA?<\/strong><\/p>\n<ul>\n<li>K\u00f5igepealt veenduge, et teil on k\u00e4ep\u00e4rast vajalikud ravimid, et v\u00f5idelda allergiatega, kui need peaksid tekkima.<\/li>\n<li>Teie ohutuse tagamiseks veenduge, et keegi teine on teiega koos ruumis, et anda teile vajadusel esmaabi v\u00f5i transportida teid raske allergia korral haiglasse.<\/li>\n<li>Seej\u00e4rel raputage pudelit h\u00e4sti, seej\u00e4rel kandke v\u00e4ga v\u00e4ike kogus toodet oma k\u00fc\u00fcnarvarre ja levitage see s\u00f5rmeotsaga 3-4 cm suurusele alale.<\/li>\n<li>Oodake paar tundi ja kui midagi ei juhtu, korrake sama protseduuri peanahal otsaesise ristumiskohas.<\/li>\n<li>Kui allergiatunnuseid ei ilmne, v\u00f5ite kanda seda suuremale alale ja korrata protsessi v\u00e4hemalt 4 korda v\u00e4hemalt 4 tunni vahega.<\/li>\n<li>Kui allergiat ei teki, kuid nahk \u00e4rritub, kaaluge, kui tugev ja kui h\u00e4iriv on see \u00e4rritus, et hinnata, kas soovite ravi j\u00e4tkata.<\/li>\n<li>M\u00f5nel inimesel v\u00f5ib tekkida naha\u00e4rritus, mis on normaalne protsess, kuid kaob umbes 15 kasutuskorra j\u00e4rel.<\/li>\n<li>On v\u00e4ga oluline t\u00e4hele panna erinevust naha\u00e4rrituse ja allergia vahel!<\/li>\n<\/ul>\n<div> <\/div>\n<p><strong>Mul ei ole valged juuksed! Kas ma saan ka muid soodustusi?<\/strong><\/p>\n<p>Jah! Sa v\u00f5id kasutada Sereni Capelli tooteid ka siis, kui sul ei ole valged juuksed ja nautida k\u00f5iki teisi eeliseid.<br \/>Sereni Capelli toodete kasutamine, kui teil ei ole valgeid karvu, takistab nende tekkimist.<\/p>\n<p><strong>Ma kasutan seda toodet ja mu peanahk s\u00fcgeleb. Miks?<\/strong><\/p>\n<p>Kui teie peanahk Sereni Capelli ravi ajal s\u00fcgeleb, t\u00e4hendab see, et peanahas on kas mikrorakud ja neid parandatakse v\u00f5i on teil bakterite koloonia ja need eemaldatakse.<\/p>\n<p>Umbes 2-3 n\u00e4dala p\u00e4rast meie ravi kasutamist kaob s\u00fcgelus ja peanahk paraneb t\u00e4ielikult.<\/p>\n<p><strong>Kui ma seda toodet kasutan, siis mu juuksed haisevad halvasti. Miks?<\/strong><\/p>\n<p>Kui teil on rikkalikud juuksed, v\u00f5ivad bakterite kolooniad koguneda peanahka ja isegi juustele liikuda.<br \/>Kasutades Sereni Capelli tooteid, r\u00fcndavad meie toodetes sisalduvad ained neid baktereid ja need &#8220;v\u00f5itlevad tagasi&#8221;.<\/p>\n<p>Nende bakterite t\u00f5rjumise tulemusena tekib tavaliselt ebameeldiv l\u00f5hn, eriti vahetult p\u00e4rast toote kasutamist.<\/p>\n<p>Nende bakterite eemaldamiseks ja l\u00f5hna kadumiseks kulub umbes 3 n\u00e4dalat.<\/p>\n<p>P\u00e4rast neid 3 n\u00e4dalat peaks l\u00f5hn olema peaaegu t\u00e4ielikult kadunud, mis on m\u00e4rk sellest, et bakterid on eemaldatud.<\/p>\n<p>Sellisel juhul soovitame j\u00e4tkata toodete kasutamist vastavalt &#8220;raviskeemile&#8221; v\u00e4hemalt 5 n\u00e4dalat enne \u00fcleminekut &#8220;konsolideerimisskeemile&#8221;.<\/p>\n<p><strong>Minu nahk on punane ja s\u00fcgelev. Miks?<\/strong><\/p>\n<p>Kui teie nahk Sereni Capelli hoolduste kasutamisel kipitab ja punetab, v\u00f5ib teil olla tundlik nahk v\u00f5i kannatate m\u00f5ne teadmata nahahaiguse all.<br \/>Siiski on ka v\u00f5imalus, et teie peanaha nahas on mikrorakud, mis vajavad parandamist.<\/p>\n<p>Meie soovitus on k\u00f5igepealt veenduda, et peale algse kipitustunde ja punetuse ei ole nahal muid m\u00f5jusid.<br \/>Kui muud m\u00f5ju ei ilmne ja punane v\u00e4rvus kaob 2-3 tunni jooksul, on see normaalne protsess ja peaks kaduma umbes 15-20 kasutuskorra j\u00e4rel, kuna peanahk muutub vastupidavamaks.<\/p>\n<p><strong>Kasutan seda toodet, kuid ei n\u00e4e mingit m\u00f5ju.<\/strong><\/p>\n<p>V\u00f5imalus kasutada Sereni Capelli ravi \u00f5igesti, vastavalt juhistele 14 p\u00e4eva jooksul ja mitte m\u00e4rgata paranemist on v\u00e4hem kui 1:100 000.<\/p>\n<p>Rohkem kui 99% teatatud ebaefektiivsusest oli tingitud ravi eba\u00f5igest kasutamisest.<\/p>\n<p>Selleks, et tagada, et olete ravi \u00f5igesti kasutanud, vaadake iga kasutatava toote lehek\u00fclge, kus on \u00f5ige kasutusjuhend.<\/p>\n<p>Kui olete tooteid \u00f5igesti kasutanud ja te t\u00f5esti ei saa \u00fcldse tulemusi, siis olete \u00fcks neist haruldastest inimestest, kelle puhul toode lihtsalt ei saa toimida.<\/p>\n<p>Kui m\u00e4rkate m\u00f5ju, kuid see ei ole soovitud m\u00f5ju, siis on teil \u00fcks v\u00f5i mitu j\u00e4rgmistest olukordadest:<\/p>\n<ul>\n<li>Te ei ole kinni pidanud toote kasutusaegadest.<\/li>\n<li>Te ei ole kasutanud piisavalt toodet.<\/li>\n<li>\u00c4rge loksutage pudelit enne kasutamist piisavalt h\u00e4sti.<\/li>\n<li>Te ei ole kasutanud toodet piisava aja jooksul (tavaliselt tuleb toodet kasutada vastavalt raviplaanile 4-6 n\u00e4dala jooksul ilma katkestuseta).<\/li>\n<\/ul>\n\t\t\t\t\t\t\t\t<\/div>\n\t\t\t\t<\/div>\n\t\t\t\t\t<\/div>\n\t\t\t\t<\/div>\n\t\t\t\t<\/div>\n\t\t","protected":false},"excerpt":{"rendered":"<p>K\u00fcsimused ja vastused Sellelt lehek\u00fcljelt leiate vastused meie klientide k\u00f5ige sagedamini esitatavatele k\u00fcsimustele. See teave aitab teil saada parimaid tulemusi Sereni Capelli toodete kasutamisel. Milline on minu garantii, et see toode toimib? Sereni Capelli toodetele kehtib 30-p\u00e4evane garantii alates k\u00e4ttesaamise kuup\u00e4evast. Kui te ei ole rahul meie toodete kasutamisel saadud tulemustega v\u00e4hemalt 15 p\u00e4eva jooksul, [&hellip;]<\/p>\n","protected":false},"author":1,"featured_media":0,"parent":0,"menu_order":0,"comment_status":"closed","ping_status":"closed","template":"","meta":{"footnotes":""},"class_list":["post-728054","page","type-page","status-publish","hentry"],"_links":{"self":[{"href":"https:\/\/serenicapelli.com\/et\/wp-json\/wp\/v2\/pages\/728054","targetHints":{"allow":["GET"]}}],"collection":[{"href":"https:\/\/serenicapelli.com\/et\/wp-json\/wp\/v2\/pages"}],"about":[{"href":"https:\/\/serenicapelli.com\/et\/wp-json\/wp\/v2\/types\/page"}],"author":[{"embeddable":true,"href":"https:\/\/serenicapelli.com\/et\/wp-json\/wp\/v2\/users\/1"}],"replies":[{"embeddable":true,"href":"https:\/\/serenicapelli.com\/et\/wp-json\/wp\/v2\/comments?post=728054"}],"version-history":[{"count":0,"href":"https:\/\/serenicapelli.com\/et\/wp-json\/wp\/v2\/pages\/728054\/revisions"}],"wp:attachment":[{"href":"https:\/\/serenicapelli.com\/et\/wp-json\/wp\/v2\/media?parent=728054"}],"curies":[{"name":"wp","href":"https:\/\/api.w.org\/{rel}","templated":true}]}}