{"id":728114,"date":"2021-09-22T07:20:57","date_gmt":"2021-09-22T05:20:57","guid":{"rendered":"https:\/\/serenicapelli.com\/politica-de-devoluciones\/"},"modified":"2023-04-01T18:39:49","modified_gmt":"2023-04-01T16:39:49","slug":"politica-de-devoluciones","status":"publish","type":"page","link":"https:\/\/serenicapelli.com\/es\/politica-de-devoluciones\/","title":{"rendered":"Pol\u00edtica de devoluciones"},"content":{"rendered":"<p>Usted tiene derecho por ley a rescindir un contrato celebrado en Internet o por tel\u00e9fono, sin indicar motivo alguno, en un plazo de 14 d\u00edas a partir de la entrega de los productos.<\/p>\n<p><!-- \/wp:post-content --><\/p>\n<p><!-- wp:paragraph --><\/p>\n<p>En nuestra empresa, cualquier comprador tiene derecho a rescindir el contrato de compra sin motivo alguno en un plazo de 14 d\u00edas tras la entrega de los productos. La norma tambi\u00e9n se aplica a las compras realizadas en nuestras tiendas f\u00edsicas o plataformas asociadas.<\/p>\n<p><!-- \/wp:paragraph --><\/p>\n<p><!-- wp:paragraph --><\/p>\n<p>  Para ejercer este derecho, deber\u00e1 notificarnos su decisi\u00f3n de desistir del contrato de compra en el plazo mencionado anteriormente. Puede ponerse en contacto con nosotros en <a href=\"mailto:contact@serenicapelli.com\">contact@serenicapelli.com<\/a>  <\/p>\n<p><!-- \/wp:paragraph --><\/p>\n<p><!-- wp:paragraph --><\/p>\n<p>  En caso de que desista del contrato, le reembolsaremos el coste de compra de los productos no utilizados. Si desiste dentro de los 14 d\u00edas siguientes a la entrega, los gastos de <strong>devoluci\u00f3n <\/strong>correr\u00e1n a cargo de nuestra empresa.<\/p>\n<p><!-- \/wp:paragraph --><\/p>\n<p><!-- wp:paragraph --><\/p>\n<p>Los importes reembolsados se transferir\u00e1n a su cuenta bancaria en un plazo de 5 d\u00edas tras la devoluci\u00f3n de los productos.<\/p>\n<p><!-- \/wp:paragraph --><\/p>\n<p><!-- wp:list {\"ordered\":true} --><\/p>\n<ol>\n<li>Es necesario enviar los productos inmediatamente, a m\u00e1s tardar 5 d\u00edas despu\u00e9s de la fecha de retirada.<\/li>\n<li>Tenga en cuenta que usted ser\u00e1 responsable de cualquier disminuci\u00f3n del valor de los productos como consecuencia de una manipulaci\u00f3n de los mismos distinta a la necesaria para familiarizarse con la naturaleza, propiedades y funcionalidad del producto (por ejemplo, si utiliza un producto aunque ya lo haya probado). Tenga en cuenta tambi\u00e9n que no tiene derecho a rescindir el contrato en el caso de productos fabricados seg\u00fan sus requisitos o productos personalizados (por ejemplo, embalajes grabados personalizados), as\u00ed como en el caso de productos abiertos y usados que no puedan ser  <strong>devolver  <\/strong>por razones higi\u00e9nicas (por ejemplo, si el producto ha sido abierto y ha utilizado parte del preparado cosm\u00e9tico que entra en contacto directo con la piel).<\/li>\n<\/ol>\n","protected":false},"excerpt":{"rendered":"<p>Usted tiene derecho por ley a rescindir un contrato celebrado en Internet o por tel\u00e9fono, sin indicar motivo alguno, en un plazo de 14 d\u00edas a partir de la entrega de los productos. En nuestra empresa, cualquier comprador tiene derecho a rescindir el contrato de compra sin motivo alguno en un plazo de 14 d\u00edas [&hellip;]<\/p>\n","protected":false},"author":1,"featured_media":0,"parent":0,"menu_order":0,"comment_status":"closed","ping_status":"closed","template":"","meta":{"footnotes":""},"class_list":["post-728114","page","type-page","status-publish","hentry"],"_links":{"self":[{"href":"https:\/\/serenicapelli.com\/es\/wp-json\/wp\/v2\/pages\/728114","targetHints":{"allow":["GET"]}}],"collection":[{"href":"https:\/\/serenicapelli.com\/es\/wp-json\/wp\/v2\/pages"}],"about":[{"href":"https:\/\/serenicapelli.com\/es\/wp-json\/wp\/v2\/types\/page"}],"author":[{"embeddable":true,"href":"https:\/\/serenicapelli.com\/es\/wp-json\/wp\/v2\/users\/1"}],"replies":[{"embeddable":true,"href":"https:\/\/serenicapelli.com\/es\/wp-json\/wp\/v2\/comments?post=728114"}],"version-history":[{"count":0,"href":"https:\/\/serenicapelli.com\/es\/wp-json\/wp\/v2\/pages\/728114\/revisions"}],"wp:attachment":[{"href":"https:\/\/serenicapelli.com\/es\/wp-json\/wp\/v2\/media?parent=728114"}],"curies":[{"name":"wp","href":"https:\/\/api.w.org\/{rel}","templated":true}]}}