{"id":728097,"date":"2021-09-22T07:20:57","date_gmt":"2021-09-22T05:20:57","guid":{"rendered":"https:\/\/serenicapelli.com\/rueckgabepolitik\/"},"modified":"2023-04-01T18:35:48","modified_gmt":"2023-04-01T16:35:48","slug":"rueckgabepolitik","status":"publish","type":"page","link":"https:\/\/serenicapelli.com\/de\/rueckgabepolitik\/","title":{"rendered":"R\u00fcckgabepolitik"},"content":{"rendered":"<p>Sie haben das gesetzliche Recht, von einem im Internet oder telefonisch geschlossenen Vertrag ohne Angabe von Gr\u00fcnden innerhalb von 14 Tagen nach Lieferung der Produkte zur\u00fcckzutreten.<\/p>\n<p><!-- \/wp:post-content --><\/p>\n<p><!-- wp:paragraph --><\/p>\n<p>In unserem Unternehmen hat jeder K\u00e4ufer das Recht, innerhalb von 14 Tagen nach Lieferung der Produkte ohne Angabe von Gr\u00fcnden vom Kaufvertrag zur\u00fcckzutreten. Diese Regel gilt auch f\u00fcr Eink\u00e4ufe in unseren Partnergesch\u00e4ften oder auf unseren Partnerplattformen.<\/p>\n<p><!-- \/wp:paragraph --><\/p>\n<p><!-- wp:paragraph --><\/p>\n<p>  Um dieses Recht auszu\u00fcben, m\u00fcssen Sie uns innerhalb der oben genannten Frist \u00fcber Ihren Entschluss, vom Kaufvertrag zur\u00fcckzutreten, informieren. Sie k\u00f6nnen uns unter <a href=\"mailto:contact@serenicapelli.com\">contact@serenicapelli.com<\/a> erreichen.  <\/p>\n<p><!-- \/wp:paragraph --><\/p>\n<p><!-- wp:paragraph --><\/p>\n<p>  Im Falle Ihres R\u00fccktritts vom Vertrag erstatten wir Ihnen den Kaufpreis der nicht verwendeten Produkte. Wenn Sie innerhalb von 14 Tagen nach Lieferung widerrufen, werden die <strong>R\u00fccksendekosten <\/strong>von unserem Unternehmen getragen.<\/p>\n<p><!-- \/wp:paragraph --><\/p>\n<p><!-- wp:paragraph --><\/p>\n<p>Die erstatteten Betr\u00e4ge werden innerhalb von 5 Tagen nach R\u00fccksendung der Produkte auf Ihr Bankkonto \u00fcberwiesen.<\/p>\n<p><!-- \/wp:paragraph --><\/p>\n<p><!-- wp:list {\"ordered\":true} --><\/p>\n<ol>\n<li>Es ist notwendig, die Produkte sofort zu versenden, nicht sp\u00e4ter als 5 Tage ab dem Datum des Widerrufs.<\/li>\n<li>Bitte beachten Sie, dass Sie f\u00fcr einen etwaigen Wertverlust der Waren verantwortlich sind, wenn Sie die Waren in einer Weise behandeln, die \u00fcber das hinausgeht, was erforderlich ist, um sich mit der Beschaffenheit, den Eigenschaften und der Funktionsweise des Produkts vertraut zu machen (z. B. wenn Sie ein Produkt verwenden, obwohl Sie es bereits ausprobiert haben). Bitte beachten Sie auch, dass Sie bei Produkten, die nach Ihren W\u00fcnschen angefertigt wurden, bei Sonderanfertigungen (z.B. individuell gravierte Verpackungen) sowie bei ge\u00f6ffneten und gebrauchten Produkten, die nicht mehr verwendet werden k\u00f6nnen, kein R\u00fccktrittsrecht haben.  <strong>return  <\/strong>aus hygienischen Gr\u00fcnden (z. B. wenn das Produkt ge\u00f6ffnet wurde und Sie etwas von dem kosmetischen Pr\u00e4parat verwendet haben, das in direkten Kontakt mit der Haut kommt).<\/li>\n<\/ol>\n","protected":false},"excerpt":{"rendered":"<p>Sie haben das gesetzliche Recht, von einem im Internet oder telefonisch geschlossenen Vertrag ohne Angabe von Gr\u00fcnden innerhalb von 14 Tagen nach Lieferung der Produkte zur\u00fcckzutreten. In unserem Unternehmen hat jeder K\u00e4ufer das Recht, innerhalb von 14 Tagen nach Lieferung der Produkte ohne Angabe von Gr\u00fcnden vom Kaufvertrag zur\u00fcckzutreten. Diese Regel gilt auch f\u00fcr Eink\u00e4ufe [&hellip;]<\/p>\n","protected":false},"author":1,"featured_media":0,"parent":0,"menu_order":0,"comment_status":"closed","ping_status":"closed","template":"","meta":{"footnotes":""},"class_list":["post-728097","page","type-page","status-publish","hentry"],"_links":{"self":[{"href":"https:\/\/serenicapelli.com\/de\/wp-json\/wp\/v2\/pages\/728097","targetHints":{"allow":["GET"]}}],"collection":[{"href":"https:\/\/serenicapelli.com\/de\/wp-json\/wp\/v2\/pages"}],"about":[{"href":"https:\/\/serenicapelli.com\/de\/wp-json\/wp\/v2\/types\/page"}],"author":[{"embeddable":true,"href":"https:\/\/serenicapelli.com\/de\/wp-json\/wp\/v2\/users\/1"}],"replies":[{"embeddable":true,"href":"https:\/\/serenicapelli.com\/de\/wp-json\/wp\/v2\/comments?post=728097"}],"version-history":[{"count":0,"href":"https:\/\/serenicapelli.com\/de\/wp-json\/wp\/v2\/pages\/728097\/revisions"}],"wp:attachment":[{"href":"https:\/\/serenicapelli.com\/de\/wp-json\/wp\/v2\/media?parent=728097"}],"curies":[{"name":"wp","href":"https:\/\/api.w.org\/{rel}","templated":true}]}}