{"id":728064,"date":"2022-08-15T10:39:10","date_gmt":"2022-08-15T08:39:10","guid":{"rendered":"https:\/\/serenicapelli.com\/datenschutzbestimmungen\/"},"modified":"2022-08-15T10:39:10","modified_gmt":"2022-08-15T08:39:10","slug":"datenschutzbestimmungen","status":"publish","type":"page","link":"https:\/\/serenicapelli.com\/de\/datenschutzbestimmungen\/","title":{"rendered":"Datenschutzbestimmungen"},"content":{"rendered":"<p><strong>Datenschutzbestimmungen<\/strong><\/p>\n<p>Sereni Capelli, der Betreiber des Online-Shops www.serenicapelli.com, erkl\u00e4rt, dass alle pers\u00f6nlichen Daten (im Folgenden &#8222;Daten&#8220; genannt) streng vertraulich behandelt werden und im Einklang mit den geltenden Gesetzen im Bereich des Schutzes pers\u00f6nlicher Daten stehen.<\/p>\n<p>Die Sicherheit Ihrer pers\u00f6nlichen Daten ist f\u00fcr uns eine Priorit\u00e4t. Dementsprechend schenken wir den personenbezogenen Daten und ihrem Schutz gr\u00f6\u00dfte Aufmerksamkeit. In diesen Grunds\u00e4tzen der Verarbeitung personenbezogener Daten (&#8222;Grunds\u00e4tze&#8220;) m\u00f6chten wir Sie dar\u00fcber informieren, welche personenbezogenen Daten wir \u00fcber Sie erheben und wie wir sie in Zukunft verwenden.<\/p>\n<ol>\n<li><strong>Personenbezogene Daten und ihre Verarbeitung<\/strong><\/li>\n<\/ol>\n<p><strong>1.1. Kategorien von personenbezogenen Daten<\/strong><\/p>\n<p>Je nachdem, welche unserer Dienstleistungen Sie in Anspruch nehmen, sammeln wir eine Reihe von Informationen.<\/p>\n<p>Wenn Sie bei uns kaufen, sammeln wir:<\/p>\n<ul>\n<li>Name und Kontaktangaben. Vollst\u00e4ndiger Name, E-Mail-Adresse, Postanschrift, Rechnungsadresse, Telefonnummer und Bankverbindung, Zahlungsinformationen.<\/li>\n<li>Demografische Daten. Angaben zu Geschlecht, Geburtsdatum, Land und bevorzugter Sprache.<\/li>\n<li>Daten, die w\u00e4hrend des Bestehens des Vertrags anfallen &#8211; gekaufte Produkte, Kundensegment, Umfang der erbrachten Dienstleistungen<\/li>\n<\/ul>\n<p><strong>1.2. Der Zweck der Verarbeitung personenbezogener Daten:<\/strong><\/p>\n<ul>\n<li><strong>Erbringung und Verbesserung von Dienstleistungen<\/strong>. Um unsere Dienstleistungen zu Ihrer Zufriedenheit erbringen und verbessern zu k\u00f6nnen, verarbeiten wir Ihre personenbezogenen Daten. Dazu geh\u00f6ren insbesondere:\n<ul>\n<li><strong>Bearbeitung von Bestellungen von Produkten oder Dienstleistungen<\/strong>, die entweder \u00fcber unsere Website oder die Kundenhotline bestellt werden. Der rechtliche Grund daf\u00fcr ist, dass die Daten f\u00fcr die Ausf\u00fchrung des Kaufvertrags unerl\u00e4sslich sind und einige Informationen f\u00fcr die Erf\u00fcllung rechtlicher Verpflichtungen unerl\u00e4sslich sind (z. B. Buchhaltungsunterlagen).<\/li>\n<li><strong>Benachrichtigung \u00fcber die Verf\u00fcgbarkeit des Produkts<\/strong>. Wenn Sie die Verf\u00fcgbarkeit eines Artikels \u00fcberwachen m\u00f6chten, verarbeiten wir Ihre Daten. personenbezogene Daten auf der Grundlage Ihrer Zustimmung.<\/li>\n<li><strong>Kundenservice. Um dem Kunden einen guten Service zu bieten und eventuelle Probleme bei  <\/strong>Zur Erf\u00fcllung des Kaufvertrags verarbeiten wir personenbezogene Daten, die f\u00fcr die Erf\u00fcllung dieser Vertr\u00e4ge erforderlich sind.<\/li>\n<li><strong>Kommunikation<\/strong>. Wir verwenden die erhobenen Daten, um mit Ihnen auf personalisierte Weise zu kommunizieren. Wir k\u00f6nnen Sie beispielsweise telefonisch, per E-Mail oder auf anderem Wege kontaktieren, um Sie daran zu erinnern, dass Sie Produkte in Ihrem Online-Warenkorb haben, um Ihnen bei der Vervollst\u00e4ndigung Ihrer Bestellung zu helfen, um Ihnen den aktuellen Status Ihrer Bewerbung, Bestellung oder Beschwerde mitzuteilen, um gegebenenfalls zus\u00e4tzliche Informationen einzuholen oder Sie dar\u00fcber zu informieren, dass Sie Ma\u00dfnahmen ergreifen m\u00fcssen, um Ihr Konto aktiv zu halten. Wenn Sie als Mitglied bei uns einkaufen, verarbeiten wir diese Daten aufgrund eines berechtigten Interesses, das sich aus dem oben beschriebenen berechtigten Interesse von Sc SereniCapelli Srl ergibt.<\/li>\n<li><strong>Verbesserung der Dienstleistungen<\/strong>. Wir verwenden Daten, um unsere Dienstleistungen und Systeme kontinuierlich zu verbessern, einschlie\u00dflich der Hinzuf\u00fcgung neuer Funktionen, sowie um fundierte Entscheidungen zu treffen, indem wir die gesamte Analytik und Business Intelligence nutzen, und zwar auf der Grundlage unseres berechtigten Interesses, das sich aus der Gesch\u00e4ftsfreiheit und der Notwendigkeit ergibt, unsere Dienstleistungen zu verbessern, um wettbewerbsf\u00e4hig zu bleiben. Um einen angemessenen Schutz Ihrer Rechte und Interessen zu gew\u00e4hrleisten, werden wir personenbezogene Daten so weit wie m\u00f6glich anonymisiert verwenden, um unsere Dienstleistungen zu verbessern.<\/li>\n<\/ul>\n<\/li>\n<li><strong>Schutz, Sicherheit und Streitbeilegung<\/strong>. Wir k\u00f6nnen Daten auch aus einem berechtigten Interesse heraus verarbeiten, n\u00e4mlich zur Gew\u00e4hrleistung des Schutzes und der Sicherheit unserer Systeme und Kunden, zur Vorbeugung und Aufdeckung von Betrug, zur Beilegung von Streitigkeiten und zur Umsetzung unserer Vereinbarungen, basierend auf dem berechtigten Interesse.<\/li>\n<li><strong>Marketingangebote<\/strong>.\n<ul>\n<li>Kommerzielle Kommunikationen\n<ul>\n<li>Wir senden Ihnen kommerzielle Mitteilungen \u00fcber \u00e4hnliche Produkte wie die, die Sie gekauft haben.<\/li>\n<li>Sie haben jederzeit die M\u00f6glichkeit, diese kommerziellen Mitteilungen abzulehnen, indem Sie die E-Mail <u><br \/>\n  <a href=\"mailto:contact@serenicapelli.com\">contact@serenicapelli.com<\/a><br \/>\n<\/u> abbestellen.<\/li>\n<li>Wenn Sie sich von kommerziellen Nachrichten abmelden, werden wir Ihre Daten nicht mehr verwenden. elektronischen Kontakt zu diesen Zwecken. Wir werden sie nur dann wieder verwenden, wenn Sie sich anmelden oder sie ausdr\u00fccklich anfordern.<\/li>\n<\/ul>\n<\/li>\n<li>Die angezeigten Marketingangebote k\u00f6nnen auf der Grundlage anderer \u00fcber Sie erfasster Informationen ausgew\u00e4hlt werden. im Laufe der Zeit aus Kontaktinformationen, demografischen Informationen, bevorzugten Produkten und Daten \u00fcber die Nutzung unserer Produkte und unserer Website (Cookies, IP-Adresse, von Ihrem Browser bereitgestellte Informationen, Klicks, angezeigte Werbebotschaften, besuchte Produkte). Die Verarbeitung ist nicht vollst\u00e4ndig automatisiert, da dies rechtliche Auswirkungen f\u00fcr Sie h\u00e4tte.<\/li>\n<li>Wenn Sie nicht unser Kunde sind, verarbeiten wir Ihre Daten auf der Grundlage Ihrer Einwilligung.<\/li>\n<li>Sie haben das Recht, einer solchen Verarbeitung jederzeit und kostenlos zu widersprechen. Die Kontaktdaten finden Sie am Ende dieses Dokuments.<\/li>\n<\/ul>\n<\/li>\n<li>Verarbeitung von <strong>Cookies auf den <\/strong>von SC Sereni Capelli SRL betriebenen <strong>Webseiten <\/strong>\n<ul>\n<li>Wenn Sie Cookies in Ihrem Browser aktivieren, verarbeiten wir Verhaltensdaten von Cookies, die auf der von Sereni Capelli betriebenen Webseite platziert werden, um eine bessere Funktionalit\u00e4t der Webseite serenicapelli.com sowie von Partnerseiten zu gew\u00e4hrleisten und f\u00fcr die Zwecke der Internetwerbung von Sereni Capelli.<\/li>\n<\/ul>\n<\/li>\n<\/ul>\n<p><strong>1.3. Weitergabe von personenbezogenen Daten an Dritte<\/strong><\/p>\n<p>Ihre Informationen Personenbezogene Daten werden nur dann an Dritte weitergegeben oder sonst vermittelt, wenn dies f\u00fcr die Erf\u00fcllung des Kaufvertrages erforderlich ist, ein berechtigtes Interesse besteht oder Sie zuvor eingewilligt haben.<\/p>\n<ul>\n<li>a) Tochtergesellschaften und Verarbeitungsunternehmen zur Erf\u00fcllung des Kaufvertrags, zur Durchf\u00fchrung interner Prozesse und Verfahren<\/li>\n<li>b) Kreditkartenunternehmen, Zahlungsdienstleister f\u00fcr die Zahlungsabwicklung und Banken, auf der Grundlage Ihrer Bestellung, um den Kaufvertrag auszuf\u00fchren<\/li>\n<li>c) Transportunternehmen zum Zweck der Lieferung der von Ihnen bestellten Produkte oder Dienstleistungen. und die Bearbeitung von Beschwerden, einschlie\u00dflich der K\u00fcndigung des Vertrags<\/li>\n<li>d) unsere Partner in den Treueprogrammen, f\u00fcr die Sie sich entscheiden<\/li>\n<li>e) andere Dienstleister, Dritte, die an der Datenverarbeitung beteiligt sind;<\/li>\n<li>f) an Dritte, z. B. Staatsanw\u00e4lte und Gerichte, zum Zwecke der Beitreibung oder des Abschlusses eines Vertrags mit Ihnen;<\/li>\n<li>g) \u00f6ffentliche Beh\u00f6rden (z. B. Polizei)<\/li>\n<li>h) Dritte, die Kundenumfragen durchf\u00fchren<\/li>\n<\/ul>\n<p>Wenn ein Dritter die Daten im Rahmen seines berechtigten Interesses nutzt, \u00fcbernimmt der Verwalter diese Verantwortung nicht. Dieses Verfahren unterliegt den Grunds\u00e4tzen f\u00fcr die Verarbeitung personenbezogener Daten von Unternehmen und betroffenen Personen.<\/p>\n<ol>\n<li><strong>Sicherheit der personenbezogenen Daten und Dauer der Speicherung<\/strong><\/li>\n<\/ol>\n<p><strong>2.1. Sicherheit personenbezogener Daten<\/strong><\/p>\n<ul>\n<li>a) Ihre Daten werden in verschl\u00fcsselter Form \u00fcbertragen. Wir verwenden die SSL-Verschl\u00fcsselung (Secure Socket Layer). Wir sichern unsere Website und sonstigen Systeme durch technische und organisatorische Ma\u00dfnahmen gegen Verlust oder Zerst\u00f6rung Ihrer Daten, Zugriff unberechtigter Personen, Ver\u00e4nderung oder Verbreitung.<\/li>\n<li>b) Wir verlangen von den Datenverarbeitern, mit denen wir zusammenarbeiten, den Nachweis, dass ihre Systeme mit der GDPR-Verordnung \u00fcbereinstimmen.<\/li>\n<li>c) Zugang zu Ihrem Konto. durch den Kunden ist nur nach Eingabe Ihres pers\u00f6nlichen Passwortes m\u00f6glich. In diesem Zusammenhang m\u00f6chten wir Sie darauf hinweisen, dass es unbedingt erforderlich ist, dass Sie Ihre Zugangsdaten nicht an Dritte weitergeben und dass Sie nach Beendigung Ihrer Sitzung. in Ihrem Kundenkonto, schlie\u00dfen Sie immer das Browser-Fenster, insbesondere wenn Sie Ihren Computer mit anderen Benutzern teilen. SC SERENICAPELLI SRL ist nicht verantwortlich f\u00fcr den Missbrauch von Passw\u00f6rtern, es sei denn, die Situation wurde direkt durch unsere Website verursacht.<\/li>\n<\/ul>\n<p><strong>3.1. Bearbeitungszeit<\/strong><\/p>\n<p>Wir verarbeiten und speichern personenbezogene Daten<\/p>\n<ul>\n<li>f\u00fcr einen Zeitraum, der zur Sicherung aller Rechte und Pflichten aus dem Kaufvertrag unbedingt erforderlich ist<\/li>\n<li>1 Jahr lang nach Ablauf der Garantiezeit, um eventuelle Streitigkeiten zu kl\u00e4ren<\/li>\n<li>solange SC SERENICAPELLI SRL als Verwalter gem\u00e4\u00df den allgemeinen gesetzlichen Bestimmungen zur Aufbewahrung der Daten verpflichtet ist. Die Buchhaltungsunterlagen, wie z.B. die von SC SERENICAPELLI SRL ausgestellten Rechnungen, werden in \u00dcbereinstimmung mit dem Gesetz f\u00fcr einen Zeitraum von 10 Jahren nach ihrer Ausstellung archiviert.<\/li>\n<li>Die Vereinbarung \u00fcber die Benachrichtigung \u00fcber die Verf\u00fcgbarkeit von Waren bleibt f\u00fcr den Zeitraum der Verf\u00fcgbarkeit der vorgelegten Informationen in Kraft, jedoch nicht l\u00e4nger als 1 Jahr oder bis zum Widerruf.<\/li>\n<li>Die Vereinbarung \u00fcber Marketingangebote gilt f\u00fcr 4 Jahre oder bis zum Widerruf.<\/li>\n<li>R\u00fcckblick 6 Jahre<\/li>\n<li>Hilfe f\u00fcr die 10-J\u00e4hrigen<\/li>\n<li>Kommunikation 2 Jahre<\/li>\n<li>Auswahlverfahren 1 Jahr<\/li>\n<\/ul>\n<p>In anderen F\u00e4llen ergibt sich die Verarbeitungsdauer aus dem Zweck der Verarbeitung oder aus den Vorschriften zum Schutz personenbezogener Daten.<\/p>\n<ol>\n<li><strong>Rechte der betroffenen Personen<\/strong><\/li>\n<\/ol>\n<ul>\n<li>a) Wenn wir Ihre Daten verarbeiten. pers\u00f6nlichen Daten, k\u00f6nnen Sie kostenlos Auskunft \u00fcber die Verarbeitung Ihrer pers\u00f6nlichen Daten verlangen.<\/li>\n<li>b) Wenn Sie der Meinung sind, dass die Verarbeitung Ihrer personenbezogenen Daten nicht mit Ihrem Datenschutz vereinbar ist. Wenn Ihre personenbezogenen Daten unter Verletzung der Datenschutzbestimmungen verarbeitet werden, k\u00f6nnen Sie Erkl\u00e4rungen verlangen, die Beseitigung der entstandenen Situation fordern und vor allem die Berichtigung, Vervollst\u00e4ndigung, L\u00f6schung oder Sperrung der personenbezogenen Daten verlangen.<\/li>\n<li>c) Wenn Sie Ihre Rechte aus\u00fcben m\u00f6chten, wenden Sie sich bitte an den Datenschutzbeauftragten unter <u><a href=\"mailto:contact@serenicapelli.com\">contact@serenicapelli.com;<\/a> dpo@serenicapelli.com.<\/u> Sie k\u00f6nnen sich auch an die nationale Aufsichtsbeh\u00f6rde f\u00fcr die Verarbeitung personenbezogener Daten wenden.<\/li>\n<li>d) Ihr Einverst\u00e4ndnis \u00fcber die Verarbeitung personenbezogener Daten kann jederzeit widerrufen werden. Wenn Sie Ihre Zustimmung zur Verarbeitung Ihrer pers\u00f6nlichen Daten zur\u00fcckziehen, werden diese gel\u00f6scht oder anonymisiert; diese Ma\u00dfnahmen haben jedoch keinen Einfluss auf die pers\u00f6nlichen Daten, die SC SERENICAPELLI SRL ben\u00f6tigt, um seinen gesetzlichen Verpflichtungen nachzukommen (z.B. die Ausf\u00fchrung bereits angenommener Auftr\u00e4ge) oder um seine legitimen Interessen zu sch\u00fctzen. Die L\u00f6schung personenbezogener Daten erfolgt auch dann, wenn sie f\u00fcr den vorgesehenen Zweck nicht erforderlich sind oder wenn die Speicherung Ihrer Daten f\u00fcr den vorgesehenen Zweck nicht erforderlich ist. aus anderen gesetzlich geregelten Gr\u00fcnden unzul\u00e4ssig ist.<\/li>\n<\/ul>\n<p><strong>5.1. Keks<\/strong><\/p>\n<p>Unsere Seiten verwenden sogenannte Cookies, um unser Angebot f\u00fcr Sie relevant, interessant und angenehm zu gestalten. Cookies sind kleine Textdateien, die auf Ihrem Computer oder Smartphone gespeichert werden. oder auf einem anderen Ger\u00e4t und werden von Ihrem Browser verwendet. Web. Wir verwenden Cookies unter anderem f\u00fcr folgende Zwecke:<\/p>\n<ul>\n<li>die korrekte Funktionalit\u00e4t des Warenkorbs, um die Bestellung so einfach wie m\u00f6glich abzuschlie\u00dfen<\/li>\n<li>Erinnerung an die Anmeldedaten, damit diese nicht wiederholt eingegeben werden m\u00fcssen<\/li>\n<li>um unsere Webseiten so weit wie m\u00f6glich an Ihre Bed\u00fcrfnisse anzupassen, indem wir Ihre Besuche, Ihre Bewegungen auf der Website und die von Ihnen genutzten Funktionen \u00fcberwachen<\/li>\n<li>\u00dcberwachung der von Ihnen angezeigten Anzeigen, damit Sie keine Werbung f\u00fcr Produkte sehen, die Sie nicht interessieren<\/li>\n<\/ul>\n<p>Einige Cookies k\u00f6nnen Informationen sammeln, die anschlie\u00dfend von Dritten genutzt werden und beispielsweise direkt unsere Werbeaktivit\u00e4ten unterst\u00fctzen (so genannte &#8222;Drittanbieter-Cookies&#8220;). So k\u00f6nnen beispielsweise Informationen \u00fcber auf unserer Website gekaufte Produkte an eine Werbeagentur weitergegeben werden, um Internet-Bannerwerbung anzuzeigen und anzupassen, die auf den von Ihnen besuchten Websites erscheint. Bitte beachten Sie, dass es nicht m\u00f6glich ist, Sie zu identifizieren. auf der Grundlage dieser Daten.<\/p>\n<p><strong>5.2. Verwendung von Cookies<\/strong><\/p>\n<p>Die auf unserer Website verwendeten Cookies k\u00f6nnen in zwei Kategorien eingeteilt werden. Kurzlebige so genannte &#8222;Session-Cookies&#8220; werden gel\u00f6scht, sobald Sie unsere Website verlassen. Langfristige so genannte &#8222;persistente Cookies&#8220; bleiben auf Ihrem Ger\u00e4t gespeichert. oder bis Sie sie manuell l\u00f6schen (die Dauer der Speicherung von Cookies auf Ihrem Ger\u00e4t h\u00e4ngt von deren Einstellung und den Einstellungen Ihres Browsers ab).<\/p>\n<p>Cookies k\u00f6nnen auch nach ihrer Funktionalit\u00e4t klassifiziert werden:<\/p>\n<ul>\n<li>Analysen, die uns helfen, die Nutzererfahrung auf unserer Website zu verbessern, da wir verstehen, wie die Nutzer sie nutzen<\/li>\n<li>Konversionsmetriken, die es uns erm\u00f6glichen, die Leistung der verschiedenen Vertriebskan\u00e4le zu analysieren<\/li>\n<li>Tracking, das in Kombination mit dem Conversion Tracking die Analyse der Leistung der verschiedenen Vertriebskan\u00e4le erm\u00f6glicht<\/li>\n<li>Remarketing, um Anzeigeninhalte zu personalisieren und Anzeigen richtig auszurichten<\/li>\n<li>unverzichtbar, wichtig f\u00fcr die grundlegende Funktionalit\u00e4t der Website<\/li>\n<\/ul>\n<p><strong>5.3. Ablehnung von Cookie-Dateien<\/strong><\/p>\n<p>Die Einstellung der Verwendung von Cookies ist in Ihrem Browser enthalten. Internet. In der Standardeinstellung akzeptieren die meisten Browser automatisch Cookies. Mit Ihrem Browser k\u00f6nnen Sie diese Cookies ablehnen oder auf bestimmte Typen beschr\u00e4nken, die Sie gezielt ausw\u00e4hlen.<\/p>\n<p>Informationen zu Browsern und zur Einstellung von Cookies finden Sie auf den folgenden Webseiten oder in den Dateien anderer Webbrowser<\/p>\n<ul>\n<li><a href=\"https:\/\/support.google.com\/accounts\/answer\/61416?hl=ro&amp;co=GENIE.Platform%3DDesktop&amp;oco=1\">Chrom<\/a><\/li>\n<li><a href=\"https:\/\/support.mozilla.org\/ro\/kb\/activarea-si-dezactivarea-cookie-urilor\">Firefox<\/a><\/li>\n<li><a href=\"https:\/\/support.microsoft.com\/ro-ro\/help\/17442\/windows-internet-explorer-delete-manage-cookies\">Internet Explorer<\/a><\/li>\n<li><a href=\"https:\/\/support.google.com\/accounts\/answer\/61416?hl=ro&amp;co=GENIE.Platform%3DAndroid&amp;oco=1\">Android<\/a><\/li>\n<\/ul>\n<p><strong> <\/strong><\/p>\n<p><strong>5.4. Links<\/strong><\/p>\n<p>Unsere Website enth\u00e4lt Links zu anderen Websites, die praktisch sind und n\u00fctzliche Informationen enthalten. Bitte beachten Sie, dass diese Websites im Besitz anderer Unternehmen und Organisationen sein und von diesen betrieben werden k\u00f6nnen, die m\u00f6glicherweise andere Sicherheits- und Datenschutzrichtlinien haben. Unser Unternehmen hat keine Kontrolle \u00fcber und \u00fcbernimmt keine Verantwortung f\u00fcr die Informationen, Materialien, Produkte oder Dienstleistungen, die auf diesen Webseiten enthalten oder \u00fcber sie zug\u00e4nglich sind.<\/p>\n<ol>\n<li><strong>Kontakt<\/strong><\/li>\n<\/ol>\n<p>Wenn Sie Fragen, Kommentare oder W\u00fcnsche zu diesen Grunds\u00e4tzen haben, wenden Sie sich bitte an die am Ende dieser Grunds\u00e4tze angegebene Adresse oder den Kundenservice &#8211; oder per E-Mail.<\/p>\n<p>Kontakt zum DSB: <u><br \/>\n  <a href=\"mailto:dpo@serenicapelli.com\">dpo@serenicapelli.com<\/a><br \/>\n<\/u>contact@serenicapelli.com<\/p>\n<p>Sc Sereni Capelli Srl (Sereni Capelli)<\/p>\n<ol>\n<li><strong>G\u00fcltigkeit<\/strong><\/li>\n<\/ol>\n<p>Diese Datenschutzgrunds\u00e4tze treten am 01.05.2018 in Kraft.<\/p>\n","protected":false},"excerpt":{"rendered":"<p>Datenschutzbestimmungen Sereni Capelli, der Betreiber des Online-Shops www.serenicapelli.com, erkl\u00e4rt, dass alle pers\u00f6nlichen Daten (im Folgenden &#8222;Daten&#8220; genannt) streng vertraulich behandelt werden und im Einklang mit den geltenden Gesetzen im Bereich des Schutzes pers\u00f6nlicher Daten stehen. Die Sicherheit Ihrer pers\u00f6nlichen Daten ist f\u00fcr uns eine Priorit\u00e4t. Dementsprechend schenken wir den personenbezogenen Daten und ihrem Schutz gr\u00f6\u00dfte [&hellip;]<\/p>\n","protected":false},"author":1,"featured_media":0,"parent":0,"menu_order":0,"comment_status":"closed","ping_status":"closed","template":"","meta":{"footnotes":""},"class_list":["post-728064","page","type-page","status-publish","hentry"],"_links":{"self":[{"href":"https:\/\/serenicapelli.com\/de\/wp-json\/wp\/v2\/pages\/728064","targetHints":{"allow":["GET"]}}],"collection":[{"href":"https:\/\/serenicapelli.com\/de\/wp-json\/wp\/v2\/pages"}],"about":[{"href":"https:\/\/serenicapelli.com\/de\/wp-json\/wp\/v2\/types\/page"}],"author":[{"embeddable":true,"href":"https:\/\/serenicapelli.com\/de\/wp-json\/wp\/v2\/users\/1"}],"replies":[{"embeddable":true,"href":"https:\/\/serenicapelli.com\/de\/wp-json\/wp\/v2\/comments?post=728064"}],"version-history":[{"count":0,"href":"https:\/\/serenicapelli.com\/de\/wp-json\/wp\/v2\/pages\/728064\/revisions"}],"wp:attachment":[{"href":"https:\/\/serenicapelli.com\/de\/wp-json\/wp\/v2\/media?parent=728064"}],"curies":[{"name":"wp","href":"https:\/\/api.w.org\/{rel}","templated":true}]}}